{"id":4092,"date":"2023-01-12T18:51:15","date_gmt":"2023-01-12T18:51:15","guid":{"rendered":"https:\/\/livinghome.vn\/thiet-bi\/?post_type=product&#038;p=4092"},"modified":"2024-11-29T14:20:09","modified_gmt":"2024-11-29T07:20:09","slug":"bep-gas-arber-ab730b-mau-den-chiu-luc-chiu-nhiet","status":"publish","type":"product","link":"https:\/\/livinghome.vn\/thiet-bi\/bep-gas-arber-ab730b-mau-den-chiu-luc-chiu-nhiet\/","title":{"rendered":"B\u1ebfp gas Arber AB730B m\u00e0u \u0111en ch\u1ecbu l\u1ef1c ch\u1ecbu nhi\u1ec7t"},"content":{"rendered":"<p>B\u1ebfp gas \u00e2m\u00a0Arber AB730B l\u00e0 d\u00f2ng b\u1ebfp gas c\u00f3 thi\u1ebft k\u1ebf 2 l\u00f2 n\u1ea5u ph\u00f9 h\u1ee3p v\u1edbi h\u1ea7u h\u1ebft c\u00e1c gia \u0111\u00ecnh Vi\u1ec7t Nam, b\u1ebfp d\u1ea1ng l\u1eafp \u0111\u1eb7t \u00e2m n\u00ean r\u1ea5t g\u1ecdn g\u00e0ng kh\u00f4ng t\u1ed1n nhi\u1ec1u di\u1ec7n t\u00edch sau khi l\u1eafp \u0111\u1eb7t. B\u1ebfp gas \u00e2m Arber AB730B s\u1ebd l\u00e0 ng\u01b0\u1eddi b\u1ea1n \u0111\u1ed3ng h\u00e0nh c\u00f9ng c\u00e1c nh\u00e0 n\u1ed9i tr\u1ee3 trong c\u00f4ng vi\u1ec7c ch\u1ebf bi\u1ebfn th\u1ee9c \u0103n h\u00e0ng ng\u00e0y m\u1ed9t c\u00e1ch nhanh ch\u00f3ng an to\u00e0n v\u00e0 ti\u1ebft ki\u1ec7m gas.<\/p>\n<h2>B\u1ebfp gas Arber AB730B c\u00f3 nh\u1eefng chi ti\u1ebft n\u00e0o n\u1ed5i b\u1eadt<\/h2>\n<h3>T\u00ean s\u1ea3n ph\u1ea9m<\/h3>\n<ul>\n<li>Ph\u00e2n lo\u1ea1i : <a href=\"https:\/\/livinghome.vn\/thiet-bi\/bep-gas-am\/\">B\u1ebfp gas \u00e2m<\/a> Arber AB730B<\/li>\n<li>S\u1ed1 l\u01b0\u1ee3ng : 2 b\u1ebfp<\/li>\n<\/ul>\n<h3>T\u00ednh n\u0103ng<\/h3>\n<ul>\n<li>H\u1ec7 th\u1ed1ng c\u1ea3m \u1ee9ng : T\u1ef1 \u0111\u1ed9ng ng\u1eaft gas an to\u00e0n.<\/li>\n<li>H\u1ec7 th\u1ed1ng \u0111\u00e1nh l\u1eeda IC t\u1ef1 \u0111\u1ed9ng: Pin 1,5V<\/li>\n<li>B\u1ed9 chia l\u1eeda : B\u1eb1ng \u0111\u1ed3ng<\/li>\n<li>S\u1ed1 v\u00f2ng l\u1eeda : 3+3<\/li>\n<li>Ki\u1ec1ng : B\u1eb1ng gang si\u00eau b\u1ec1n<\/li>\n<li>H\u1ecdng : Gang si\u00eau b\u1ec1n<\/li>\n<li>L\u01b0\u1ee3ng ti\u00eau thu gas : Ti\u1ebft ki\u1ec7m gas<\/li>\n<\/ul>\n<h3>Ch\u1ea5t li\u1ec7u<\/h3>\n<ul>\n<li>M\u1eb7t b\u1ebfp : K\u00ednh m\u00e0u \u0111en ch\u1ecbu l\u1ef1c, ch\u1ecbu nhi\u1ec7t<\/li>\n<li>Khung b\u1ebfp : Th\u00e9p s\u01a1n t\u0129nh \u0111i\u1ec7n kh\u00f4ng g\u1ec9.<\/li>\n<\/ul>\n<h3>Th\u00f4ng s\u1ed1 k\u1ef7 thu\u1eadt<\/h3>\n<ul>\n<li>K\u00edch th\u01b0\u1edbc m\u1eb7t b\u1ebfp : 730 x 430 x 80mm<\/li>\n<li>K\u00edch th\u01b0\u1edbc l\u1eafp \u0111\u1eb7t : 690 x 390mm<\/li>\n<li>Xu\u1ea5t x\u1ee9 : Made in China<\/li>\n<\/ul>\n<figure id=\"attachment_65066\" aria-describedby=\"caption-attachment-65066\" style=\"width: 800px\" class=\"wp-caption aligncenter\"><img loading=\"lazy\" decoding=\"async\" class=\"size-large wp-image-65066\" src=\"https:\/\/livinghome.vn\/thiet-bi\/wp-content\/uploads\/nha-bep\/arber\/bep-ga\/bep-ga-arber-ab730b\/bep-ga-arber-ab730b-2-800x800.jpg\" alt=\"B\u1ebfp gas Arber AB730B m\u00e0u \u0111en ch\u1ecbu l\u1ef1c ch\u1ecbu nhi\u1ec7t\" width=\"800\" height=\"800\" title=\"\"><figcaption id=\"caption-attachment-65066\" class=\"wp-caption-text\">B\u1ebfp gas Arber AB730B m\u00e0u \u0111en ch\u1ecbu l\u1ef1c ch\u1ecbu nhi\u1ec7t<\/figcaption><\/figure>\n","protected":false},"excerpt":{"rendered":"<p>H\u1ec7 th\u1ed1ng c\u1ea3m \u1ee9ng : T\u1ef1 \u0111\u1ed9ng ng\u1eaft gas an to\u00e0n.<\/p>\n<p>H\u1ec7 th\u1ed1ng \u0111\u00e1nh l\u1eeda IC t\u1ef1 \u0111\u1ed9ng: Pin 1,5V<\/p>\n<p>B\u1ed9 chia l\u1eeda : B\u1eb1ng \u0111\u1ed3ng<\/p>\n<p>S\u1ed1 v\u00f2ng l\u1eeda : 3+3<\/p>\n<p>Ki\u1ec1ng : B\u1eb1ng gang si\u00eau b\u1ec1n<\/p>\n<p>H\u1ecdng : Gang si\u00eau b\u1ec1n<\/p>\n<p>L\u01b0\u1ee3ng ti\u00eau thu gas : Ti\u1ebft ki\u1ec7m gas<\/p>\n","protected":false},"featured_media":4183,"comment_status":"open","ping_status":"closed","template":"","meta":[],"product_brand":[],"product_cat":[731,123,447],"product_tag":[448,126,732,458],"class_list":{"0":"post-4092","1":"product","2":"type-product","3":"status-publish","4":"has-post-thumbnail","6":"product_cat-bep-gas-arber","7":"product_cat-bep-gas","8":"product_cat-thuong-hieu-arber","9":"product_tag-arber","10":"product_tag-bep-gas-am","11":"product_tag-bep-gas-am-arber","12":"product_tag-bep-gas-arber","14":"first","15":"instock","16":"sale","17":"shipping-taxable","18":"purchasable","19":"product-type-simple"},"_links":{"self":[{"href":"https:\/\/livinghome.vn\/thiet-bi\/wp-json\/wp\/v2\/product\/4092","targetHints":{"allow":["GET"]}}],"collection":[{"href":"https:\/\/livinghome.vn\/thiet-bi\/wp-json\/wp\/v2\/product"}],"about":[{"href":"https:\/\/livinghome.vn\/thiet-bi\/wp-json\/wp\/v2\/types\/product"}],"replies":[{"embeddable":true,"href":"https:\/\/livinghome.vn\/thiet-bi\/wp-json\/wp\/v2\/comments?post=4092"}],"wp:featuredmedia":[{"embeddable":true,"href":"https:\/\/livinghome.vn\/thiet-bi\/wp-json\/wp\/v2\/media\/4183"}],"wp:attachment":[{"href":"https:\/\/livinghome.vn\/thiet-bi\/wp-json\/wp\/v2\/media?parent=4092"}],"wp:term":[{"taxonomy":"product_brand","embeddable":true,"href":"https:\/\/livinghome.vn\/thiet-bi\/wp-json\/wp\/v2\/product_brand?post=4092"},{"taxonomy":"product_cat","embeddable":true,"href":"https:\/\/livinghome.vn\/thiet-bi\/wp-json\/wp\/v2\/product_cat?post=4092"},{"taxonomy":"product_tag","embeddable":true,"href":"https:\/\/livinghome.vn\/thiet-bi\/wp-json\/wp\/v2\/product_tag?post=4092"}],"curies":[{"name":"wp","href":"https:\/\/api.w.org\/{rel}","templated":true}]}}