{"id":4076,"date":"2023-01-12T18:50:47","date_gmt":"2023-01-12T18:50:47","guid":{"rendered":"https:\/\/livinghome.vn\/thiet-bi\/?post_type=product&#038;p=4076"},"modified":"2024-11-29T14:20:11","modified_gmt":"2024-11-29T07:20:11","slug":"bep-tu-don-arber-ab265-2200w-den-sang-trong-khong-gi","status":"publish","type":"product","link":"https:\/\/livinghome.vn\/thiet-bi\/bep-tu-don-arber-ab265-2200w-den-sang-trong-khong-gi\/","title":{"rendered":"B\u1ebfp t\u1eeb \u0111\u01a1n Arber AB265 2200W \u0111en sang tr\u1ecdng kh\u00f4ng g\u1ec9"},"content":{"rendered":"<p>B\u1ebfp t\u1eeb \u0111\u01a1n\u00a0Arber AB265\u00a0l\u00e0 model m\u1edbi nh\u1ea5t c\u1ee7a nh\u00e0 s\u1ea3n xu\u1ea5t Arber m\u1edbi \u0111\u01b0\u1ee3c \u0111\u01b0a ra th\u1ecb tr\u01b0\u1eddng trong kho\u1ea3ng \u0111\u1ea7u n\u0103m 2018 nh\u01b0ng \u0111\u00e3 nh\u1eadn \u0111\u01b0\u1ee3c nhi\u1ec1u \u0111\u00e1nh gi\u00e1 cao c\u1ee7a c\u00e1c kh\u00e1ch h\u00e0ng Vi\u1ec7t. Tuy ch\u1ec9 l\u00e0 m\u1ed9t chi\u1ebfc\u00a0B\u1ebfp t\u1eeb \u0111\u01a1n\u00a0nh\u01b0ng b\u1ebfp s\u1edf h\u1eefu nh\u1eefng t\u00ednh n\u0103ng h\u1eefu \u00edch \u0111\u1ed9c quy\u1ec1n \u0111i k\u00e8m c\u00f9ng thi\u1ebft k\u1ebf\u00a0m\u1eb7t k\u00ednh li\u1ec1n nguy\u00ean kh\u1ed1i, m\u00e0u \u0111en sang tr\u1ecdng, s\u1ea3n ph\u1ea9m ph\u00f9 h\u1ee3p v\u1edbi nh\u1eefng kh\u00f4ng gian b\u1ebfp nh\u1ecf, \u00edt th\u00e0nh vi\u00ean\u00a0Arber AB265 \u0111\u00e3 l\u00e0m h\u00e0i l\u00f2ng c\u1ea3 nh\u1eefng kh\u00e1ch h\u00e0ng kh\u00f3 t\u00ednh nh\u1ea5t.<\/p>\n<h2>B\u1ebfp t\u1eeb \u0111\u01a1n Arber AB265 c\u00f3 nh\u1eefng chi ti\u1ebft g\u00ec n\u1ed5i b\u1eadt<\/h2>\n<h3>T\u00ednh n\u0103ng s\u1ea3n ph\u1ea9m<\/h3>\n<ul>\n<li>Ph\u00e2n lo\u1ea1i : <a href=\"https:\/\/livinghome.vn\/thiet-bi\/bep-tu\/\">B\u1ebfp t\u1eeb<\/a> \u0111\u01a1n Arber AB265<\/li>\n<li>M\u1eb7t k\u00ednh ceramic ch\u1ecbu nhi\u1ec7t<\/li>\n<li>M\u00e2m t\u1eeb \u0111\u01b0\u1eddng k\u00ednh 22cm<\/li>\n<li>M\u00e2m t\u1eeb t\u1ef1 \u0111\u1ed9ng nh\u1eadn bi\u1ebft k\u00edch c\u1ee1 xoong n\u1ed3i.<\/li>\n<li>Ch\u1ee9c n\u0103ng h\u1eb9n gi\u1edd, ch\u1ebf \u0111\u1ed9 x\u00e0o r\u00e1n&#8230;<\/li>\n<li>\u0110i\u1ec1u khi\u1ec3n c\u00f4ng su\u1ea5t \/ nhi\u1ec7t \u0111\u1ed9<\/li>\n<li>B\u00e0n ph\u00edm nh\u1ea5n si\u00eau nh\u1ea1y c\u1ea3 khi tay \u01b0\u1edbt<\/li>\n<\/ul>\n<h3>T\u00ednh n\u0103ng an to\u00e0n<\/h3>\n<ul>\n<li>Kh\u00f3a an to\u00e0n tr\u1ebb em Child lock<\/li>\n<li>T\u1ef1 \u0111\u1ed9ng t\u1eaft b\u1ebfp khi \u0111\u1ec3 qu\u00ean<\/li>\n<li>T\u1ef1 \u0111\u1ed9ng t\u1eaft b\u1ebfp khi kh\u00f4ng c\u00f3 n\u1ed3i<\/li>\n<li>H\u1ec7 th\u1ed1ng b\u1ea3o v\u1ec7 an to\u00e0n qu\u00e1 nhi\u1ec7t, qu\u00e1 \u00e1p<\/li>\n<\/ul>\n<h3>T\u00ednh n\u0103ng m\u1eb7t k\u00ednh<\/h3>\n<ul>\n<li>M\u1eb7t k\u00ednh li\u1ec1n nguy\u00ean kh\u1ed1i, m\u00e0u \u0111en<\/li>\n<li>B\u1ec1 m\u1eb7t ch\u1ed1ng tr\u1ea7y x\u01b0\u1edbc, ch\u1ecbu l\u1ef1c cao<\/li>\n<li>Kh\u1ea3 n\u0103ng ch\u1ecbu nhi\u1ec7t l\u00ean \u0111\u1ebfn 1000<\/li>\n<\/ul>\n<h3><span style=\"font-size: 22.68px;\">Th\u00f4ng s\u1ed1 k\u1ef9 thu\u1eadt<\/span><\/h3>\n<ul>\n<li>\u0110i\u1ec7n \u00e1p 220V \/ 50Hz<\/li>\n<li>C\u00f4ng su\u1ea5t: max 2200W<\/li>\n<li>K\u00edch th\u01b0\u1edbc (d\u00e0i x r\u1ed9ng x cao): 395 x 305 x 60mm<\/li>\n<li>K\u00edch th\u01b0\u1edbc kho\u00e9t l\u1ed7: 370 x 280mm<\/li>\n<li>Tr\u1ecdng l\u01b0\u1ee3ng: 2.0 kg<\/li>\n<li>K\u1ebft c\u1ea5u khung v\u1ecf: b\u1eb1ng th\u00e9p s\u01a1n c\u00e1ch \u0111i\u1ec7n kh\u00f4ng g\u1ec9<\/li>\n<li>L\u1eafp \u0111\u1eb7t: L\u1eafp \u00e2m ho\u1eb7c \u0111\u1ec3 n\u1ed5i<\/li>\n<\/ul>\n<p>&nbsp;<\/p>\n","protected":false},"excerpt":{"rendered":"<p>\u0110i\u1ec7n \u00e1p 220V \/ 50Hz<\/p>\n<p>C\u00f4ng su\u1ea5t: max 2200W<\/p>\n<p>K\u00edch th\u01b0\u1edbc (d\u00e0i x r\u1ed9ng x cao): 395 x 305 x 60mm<\/p>\n<p>K\u00edch th\u01b0\u1edbc kho\u00e9t l\u1ed7: 370 x 280mm<\/p>\n<p>Tr\u1ecdng l\u01b0\u1ee3ng: 2.0 kg<\/p>\n<p>K\u1ebft c\u1ea5u khung v\u1ecf: b\u1eb1ng th\u00e9p s\u01a1n c\u00e1ch \u0111i\u1ec7n kh\u00f4ng g\u1ec9<\/p>\n<p>L\u1eafp \u0111\u1eb7t: L\u1eafp \u00e2m ho\u1eb7c \u0111\u1ec3 n\u1ed5i<\/p>\n<p>Th\u1eddi gian b\u1ea3o h\u00e0nh : 12 th\u00e1ng<\/p>\n","protected":false},"featured_media":4181,"comment_status":"open","ping_status":"closed","template":"","meta":[],"product_brand":[],"product_cat":[745,75,710,733,447],"product_tag":[448,76,456,83,457],"class_list":{"0":"post-4076","1":"product","2":"type-product","3":"status-publish","4":"has-post-thumbnail","6":"product_cat-bep-dien-tu","7":"product_cat-bep-tu","8":"product_cat-bep-tu-arber","9":"product_cat-bep-tu-don","10":"product_cat-thuong-hieu-arber","11":"product_tag-arber","12":"product_tag-bep-tu","13":"product_tag-bep-tu-arber","14":"product_tag-bep-tu-don","15":"product_tag-bep-tu-don-arber","17":"first","18":"instock","19":"sale","20":"shipping-taxable","21":"purchasable","22":"product-type-simple"},"_links":{"self":[{"href":"https:\/\/livinghome.vn\/thiet-bi\/wp-json\/wp\/v2\/product\/4076","targetHints":{"allow":["GET"]}}],"collection":[{"href":"https:\/\/livinghome.vn\/thiet-bi\/wp-json\/wp\/v2\/product"}],"about":[{"href":"https:\/\/livinghome.vn\/thiet-bi\/wp-json\/wp\/v2\/types\/product"}],"replies":[{"embeddable":true,"href":"https:\/\/livinghome.vn\/thiet-bi\/wp-json\/wp\/v2\/comments?post=4076"}],"wp:featuredmedia":[{"embeddable":true,"href":"https:\/\/livinghome.vn\/thiet-bi\/wp-json\/wp\/v2\/media\/4181"}],"wp:attachment":[{"href":"https:\/\/livinghome.vn\/thiet-bi\/wp-json\/wp\/v2\/media?parent=4076"}],"wp:term":[{"taxonomy":"product_brand","embeddable":true,"href":"https:\/\/livinghome.vn\/thiet-bi\/wp-json\/wp\/v2\/product_brand?post=4076"},{"taxonomy":"product_cat","embeddable":true,"href":"https:\/\/livinghome.vn\/thiet-bi\/wp-json\/wp\/v2\/product_cat?post=4076"},{"taxonomy":"product_tag","embeddable":true,"href":"https:\/\/livinghome.vn\/thiet-bi\/wp-json\/wp\/v2\/product_tag?post=4076"}],"curies":[{"name":"wp","href":"https:\/\/api.w.org\/{rel}","templated":true}]}}