{"id":4073,"date":"2023-01-12T18:50:47","date_gmt":"2023-01-12T18:50:47","guid":{"rendered":"https:\/\/livinghome.vn\/thiet-bi\/?post_type=product&#038;p=4073"},"modified":"2024-11-29T14:20:11","modified_gmt":"2024-11-29T07:20:11","slug":"bep-tu-arber-abei600-8-muc-cong-suat-thiet-ke-sang-trong","status":"publish","type":"product","link":"https:\/\/livinghome.vn\/thiet-bi\/bep-tu-arber-abei600-8-muc-cong-suat-thiet-ke-sang-trong\/","title":{"rendered":"B\u1ebfp t\u1eeb Arber ABEI600 8 m\u1ee9c c\u00f4ng su\u1ea5t thi\u1ebft k\u1ebf sang tr\u1ecdng"},"content":{"rendered":"<p>B\u1ebfp t\u1eeb Arber ABEI600\u00a0s\u1eed d\u1ee5ng m\u1eb7t k\u00ednh\u00a0Kanger, m\u1eb7t k\u00ednh \u0111\u01b0\u1ee3c l\u00e0m t\u1eeb ch\u1ea5t li\u1ec7u g\u1ed1m th\u1ee7y tinh c\u00f3 kh\u1ea3 n\u0103ng ch\u1ecbu nhi\u1ec7t l\u00ean \u0111\u1ebfn 1000\u00b0C, kh\u00e1ng s\u1ed1c 750\u00b0C. B\u1ec1 m\u1eb7t k\u00ednh ch\u1ecbu n\u00f3ng l\u1ea1nh c\u0169ng nh\u01b0 s\u1ef1 thay \u0111\u1ed5i \u0111\u1ed9t ng\u1ed9t c\u1ee7a nhi\u1ec7t \u0111\u1ed9. \u0110\u1ed9 gi\u00e3n n\u1edf v\u00ec nhi\u1ec7t th\u1ea5p n\u00ean b\u1ebfp ho\u1ea1t \u0111\u1ed9ng r\u1ea5t hi\u1ec7u qu\u1ea3 v\u00e0 c\u00e1ch nhi\u1ec7t.\u00a0M\u1eb7t b\u1ebfp t\u1ea3n nhi\u1ec7t nhanh v\u00e0 \u0111\u01b0\u1ee3c c\u00e1ch \u0111i\u1ec7n an to\u00e0n v\u1edbi c\u00e1c linh ki\u1ec7n \u0111i\u1ec7n t\u1eed b\u00ean trong th\u00e2n. B\u1ea1n c\u00f3 th\u1ec3 y\u00ean t\u00e2m s\u1eed d\u1ee5ng m\u00e0 kh\u00f4ng lo b\u1ecb b\u1ecfng hay \u0111i\u1ec7n gi\u1eadt.<\/p>\n<h2>B\u1ebfp t\u1eeb Arber ABEI600 c\u00f3 nh\u1eefng chi ti\u1ebft g\u00ec n\u1ed5i b\u1eadt<\/h2>\n<h3>T\u00ednh n\u0103ng s\u1ea3n ph\u1ea9m<\/h3>\n<ul>\n<li>Ph\u00e2n lo\u1ea1i : <a href=\"https:\/\/livinghome.vn\/thiet-bi\/bep-tu\/\">B\u1ebfp t\u1eeb<\/a> Arber ABEI600<\/li>\n<li>M\u1eb7t k\u00ednh Kanger ch\u1ecbu nhi\u1ec7t, ch\u1ecbu nhi\u1ec7t v\u00e1t c\u1ea1nh<\/li>\n<li>M\u00e2m t\u1eeb \u0111\u01b0\u1eddng k\u00ednh 20cm<\/li>\n<li>B\u00e0n ph\u00edm \u0111i\u1ec1u khi\u1ec3n d\u1ea1ng tr\u01b0\u1ee3t Slide chung 2 b\u1ebfp, ch\u1ebf \u0111\u1ed9 t\u1ea1m d\u1eebng, 8 m\u1ee9c c\u00f4ng su\u1ea5t.<\/li>\n<li>H\u1eb9n gi\u1edd \u0111\u1ed9c l\u1eadp cho t\u1eebng v\u00f9ng n\u1ea5u, th\u1eddi gian h\u1eb9n \u0111\u1ebfn 9.30 ph\u00fat<\/li>\n<li>T\u1ef1 \u0111\u1ed9ng chia s\u1ebb c\u00f4ng su\u1ea5t gi\u1eefa 2 b\u1ebfp, max 3600W<\/li>\n<\/ul>\n<p>B\u1ebfp t\u1eeb Arber ABEI600\u00a0g\u1ed3m 2 v\u00f9ng n\u1ea5u v\u1edbi t\u1ed5ng c\u00f4ng su\u1ea5t l\u00e0\u00a03600W, c\u00f4ng su\u1ea5t v\u00f9ng n\u1ea5u tr\u00e1i l\u00e0\u00a02000W,\u00a0c\u00f4ng su\u1ea5t v\u00f9ng n\u1ea5u ph\u1ea3i l\u00e0\u00a02000W.\u00a0Ngo\u00e0i ra b\u1ebfp c\u00f2n \u0111\u01b0\u1ee3c trang b\u1ecb c\u00f4ng ngh\u1ec7 t\u1ef1 \u0111\u1ed9ng chia s\u1ebb c\u00f4ng su\u1ea5t gi\u1eefa 2 b\u1ebfp.<\/p>\n<figure id=\"attachment_64709\" aria-describedby=\"caption-attachment-64709\" style=\"width: 800px\" class=\"wp-caption aligncenter\"><img loading=\"lazy\" decoding=\"async\" class=\"size-large wp-image-64709\" src=\"https:\/\/livinghome.vn\/thiet-bi\/wp-content\/uploads\/nha-bep\/arber\/bep-tu\/bep-tu-arber-abei600\/bep-tu-arber-abei600-4-800x800.jpg\" alt=\"B\u1ebfp t\u1eeb Arber ABEI600 8 m\u1ee9c c\u00f4ng su\u1ea5t thi\u1ebft k\u1ebf sang tr\u1ecdng \" width=\"800\" height=\"800\" title=\"\"><figcaption id=\"caption-attachment-64709\" class=\"wp-caption-text\">B\u1ebfp t\u1eeb Arber ABEI600 8 m\u1ee9c c\u00f4ng su\u1ea5t thi\u1ebft k\u1ebf sang tr\u1ecdng<\/figcaption><\/figure>\n<p>B\u1ebfp t\u1eeb\u00a0Arber ABEI600\u00a0\u0111\u01b0\u1ee3c trang b\u1ecb c\u00f4ng ngh\u1ec7\u00a0Inverter\u00a0th\u00f4ng minh v\u01b0\u1ee3t tr\u1ed9i gi\u00fap l\u00e0m gi\u1ea3m l\u01b0\u1ee3ng ti\u00eau th\u1ee5 \u0111i\u1ec7n c\u1ee7a c\u00e1c s\u1ea3n ph\u1ea9m c\u00f3 s\u1eed d\u1ee5ng l\u00f5i t\u1eeb c\u1ee7a b\u1ebfp t\u1eeb. Ngo\u00e0i ra c\u00f4ng ngh\u1ec7\u00a0Inverter\u00a0c\u00f2n gi\u00fap b\u1ebfp t\u1eeb \u0111i\u1ec1u ch\u1ec9nh m\u1ee9c c\u00f4ng su\u1ea5t ph\u00f9 h\u1ee3p \u0111\u1ec3 kh\u00f4ng l\u00e0m ti\u00eau th\u1ee5 nhi\u1ec1u \u0111i\u1ec7n n\u0103ng.\u00a0B\u1ebfp t\u1eeb Arber\u00a0ABEI600\u00a0v\u1edbi c\u1ea3m bi\u1ebfn th\u00f4ng minh s\u1ebd c\u1ed1 \u0111\u1ecbnh c\u00f4ng su\u1ea5t ti\u00eau th\u1ee5 \u0111i\u1ec7n khi \u0111un n\u1ea5u, kh\u00f4ng b\u1eadt t\u1eaft li\u00ean t\u1ee5c nh\u01b0 c\u00e1c b\u1ebfp t\u1eeb th\u00f4ng th\u01b0\u1eddng kh\u00e1c (t\u1ef1 \u0111\u1ed9ng \u0111i\u1ec1u ch\u1ec9nh li\u00ean t\u1ee5c \u0111\u1ec3 \u0111\u1ea3m b\u1ea3o m\u1ee9c nhi\u1ec7t t\u01b0\u01a1ng \u0111\u01b0\u01a1ng b\u1eb1ng v\u1edbi con s\u1ed1 hi\u1ec3n th\u1ecb tr\u00ean b\u00e0n \u0111i\u1ec1u khi\u1ec3n).<\/p>\n<h3>T\u00ednh n\u0103ng an to\u00e0n<\/h3>\n<ul>\n<li>C\u1ea3nh b\u00e1o nhi\u1ec7t d\u01b0 v\u00f9ng n\u1ea5u Residual heat<\/li>\n<li>Kh\u00f3a an to\u00e0n tr\u1ebb em Child lock<\/li>\n<li>T\u1ef1 \u0111\u1ed9ng t\u1eaft b\u1ebfp khi kh\u00f4ng c\u00f3 n\u1ed3i ( tr\u00ean b\u1ebfp t\u1eeb)<\/li>\n<li>H\u1ec7 th\u1ed1ng b\u1ea3o v\u1ec7 an to\u00e0n qu\u00e1 nhi\u1ec7t, qu\u00e1 \u00e1p<\/li>\n<\/ul>\n<p>B\u1ebfp t\u1eeb Arber ABEI600\u00a0kh\u00f4ng s\u1eed d\u1ee5ng l\u1eeda \u0111\u1ec3 l\u00e0m ch\u00edn th\u1ee9c \u0103n v\u00e0 d\u00f9ng n\u0103ng l\u01b0\u1ee3ng c\u1ea3m \u1ee9ng t\u1eeb, v\u00ec th\u1ebf hi\u1ec7u su\u1ea5t n\u1ea5u \u0111\u1ea1t t\u1edbi 90%, trong khi b\u1ebfp gas ch\u1ec9 \u0111\u1ea1t kho\u1ea3ng 50%. B\u1edfi v\u1eady, s\u1eed d\u1ee5ng b\u1ebfp t\u1eeb n\u00e0y kh\u00f4ng nh\u1eefng gi\u00fap b\u1ea1n ti\u1ebft ki\u1ec7m th\u1eddi gian n\u1ea5u m\u1ed9t n\u1eeda m\u00e0 c\u00f2n ti\u1ebft ki\u1ec7m \u0111i\u1ec7n n\u0103ng, ti\u1ebft ki\u1ec7m chi ph\u00ed h\u00e0ng th\u00e1ng cho gia \u0111\u00ecnh. \u01afu \u0111i\u1ec3m n\u1ed5i b\u1eadt c\u1ee7a b\u1ebfp t\u1eeb l\u00e0 kh\u1ea3 n\u0103ng \u0111un n\u1ea5u c\u1ef1c nhanh v\u1edbi nguy\u00ean l\u00fd ho\u1ea1t \u0111\u1ed9ng c\u1ee7a s\u00f3ng t\u1eeb t\u00e1c \u0111\u1ed9ng vu\u00f4ng g\u00f3c v\u1edbi \u0111\u00e1y n\u1ed3i gi\u00fap ti\u1ebft ki\u1ec7m th\u1eddi gian \u0111un n\u1ea5u \u0111\u1ebfn t\u1ed1i \u0111a.<\/p>\n<figure id=\"attachment_64707\" aria-describedby=\"caption-attachment-64707\" style=\"width: 800px\" class=\"wp-caption aligncenter\"><img loading=\"lazy\" decoding=\"async\" class=\"size-large wp-image-64707\" src=\"https:\/\/livinghome.vn\/thiet-bi\/wp-content\/uploads\/nha-bep\/arber\/bep-tu\/bep-tu-arber-abei600\/bep-tu-arber-abei600-3-800x800.jpg\" alt=\"B\u1ebfp t\u1eeb Arber ABEI600 8 m\u1ee9c c\u00f4ng su\u1ea5t thi\u1ebft k\u1ebf sang tr\u1ecdng \" width=\"800\" height=\"800\" title=\"\"><figcaption id=\"caption-attachment-64707\" class=\"wp-caption-text\">B\u1ebfp t\u1eeb Arber ABEI600 8 m\u1ee9c c\u00f4ng su\u1ea5t thi\u1ebft k\u1ebf sang tr\u1ecdng<\/figcaption><\/figure>\n<h3>T\u00ednh n\u0103ng m\u1eb7t k\u00ednh<\/h3>\n<ul>\n<li>M\u1eb7t k\u00ednh li\u1ec1n nguy\u00ean kh\u1ed1i, m\u00e0u \u0111en sang tr\u1ecdng v\u00e1t 2 c\u1ea1nh<\/li>\n<li>B\u1ec1 m\u1eb7t ch\u1ed1ng tr\u1ea7y x\u01b0\u1edbc, ch\u1ecbu l\u1ef1c cao<\/li>\n<li>Kh\u1ea3 n\u0103ng ch\u1ecbu nhi\u1ec7t l\u00ean \u0111\u1ebfn 1000oC, ch\u1ecbu s\u1ed1c nhi\u1ec7t \u0111\u1ebfn 800oC<\/li>\n<\/ul>\n<h3>Th\u00f4ng s\u1ed1 k\u1ef9 thu\u1eadt<\/h3>\n<ul>\n<li>\u0110i\u1ec7n \u00e1p 220-240V\/50Hz<\/li>\n<li>C\u00f4ng su\u1ea5t: max 3600W ( Ph\u1ea3i: 2000W ,Tr\u00e1i: 2000W)<\/li>\n<li>K\u00edch th\u01b0\u1edbc (d\u00e0i x r\u1ed9ng x cao): 600 x 400 x 100mm<\/li>\n<li>K\u00edch th\u01b0\u1edbc kho\u00e9t l\u1ed7: 560 x 360mm<\/li>\n<li>Tr\u1ecdng l\u01b0\u1ee3ng: 8.0 kg<\/li>\n<\/ul>\n<figure id=\"attachment_64710\" aria-describedby=\"caption-attachment-64710\" style=\"width: 800px\" class=\"wp-caption aligncenter\"><img loading=\"lazy\" decoding=\"async\" class=\"size-large wp-image-64710\" src=\"https:\/\/livinghome.vn\/thiet-bi\/wp-content\/uploads\/nha-bep\/arber\/bep-tu\/bep-tu-arber-abei600\/bep-tu-arber-abei600-2-800x800.jpg\" alt=\"B\u1ebfp t\u1eeb Arber ABEI600 8 m\u1ee9c c\u00f4ng su\u1ea5t thi\u1ebft k\u1ebf sang tr\u1ecdng \" width=\"800\" height=\"800\" title=\"\"><figcaption id=\"caption-attachment-64710\" class=\"wp-caption-text\">B\u1ebfp t\u1eeb Arber ABEI600 8 m\u1ee9c c\u00f4ng su\u1ea5t thi\u1ebft k\u1ebf sang tr\u1ecdng<\/figcaption><\/figure>\n","protected":false},"excerpt":{"rendered":"<div class=\"clearfix summary mb-3\">\n<p>\u0110i\u1ec7n \u00e1p 220-240V\/50Hz<\/p>\n<p>C\u00f4ng su\u1ea5t: max 3600W ( Ph\u1ea3i: 2000W ,Tr\u00e1i: 2000W)<\/p>\n<p>K\u00edch th\u01b0\u1edbc (d\u00e0i x r\u1ed9ng x cao): 600 x 400 x 100mm<\/p>\n<p>K\u00edch th\u01b0\u1edbc kho\u00e9t l\u1ed7: 560 x 360mm<\/p>\n<p>Tr\u1ecdng l\u01b0\u1ee3ng: 8.0 kg<\/p>\n<p>TCVN: IEMM.21\/EMC\/0299.12A-SP<\/p>\n<p>Th\u1eddi gian b\u1ea3o h\u00e0nh : 2 n\u0103m<\/p>\n<p>&nbsp;<\/p>\n<\/div>\n","protected":false},"featured_media":4166,"comment_status":"open","ping_status":"closed","template":"","meta":[],"product_brand":[],"product_cat":[745,794,796,799,75,710,795,447],"product_tag":[448,76,168,456],"class_list":{"0":"post-4073","1":"product","2":"type-product","3":"status-publish","4":"has-post-thumbnail","6":"product_cat-bep-dien-tu","7":"product_cat-bep-2-tu","8":"product_cat-bep-dien-tu-doi","9":"product_cat-bep-dien-tu-hinh-chu-nhat","10":"product_cat-bep-tu","11":"product_cat-bep-tu-arber","12":"product_cat-bep-tu-doi","13":"product_cat-thuong-hieu-arber","14":"product_tag-arber","15":"product_tag-bep-tu","16":"product_tag-bep-tu-am","17":"product_tag-bep-tu-arber","19":"first","20":"instock","21":"sale","22":"shipping-taxable","23":"purchasable","24":"product-type-simple"},"_links":{"self":[{"href":"https:\/\/livinghome.vn\/thiet-bi\/wp-json\/wp\/v2\/product\/4073","targetHints":{"allow":["GET"]}}],"collection":[{"href":"https:\/\/livinghome.vn\/thiet-bi\/wp-json\/wp\/v2\/product"}],"about":[{"href":"https:\/\/livinghome.vn\/thiet-bi\/wp-json\/wp\/v2\/types\/product"}],"replies":[{"embeddable":true,"href":"https:\/\/livinghome.vn\/thiet-bi\/wp-json\/wp\/v2\/comments?post=4073"}],"wp:featuredmedia":[{"embeddable":true,"href":"https:\/\/livinghome.vn\/thiet-bi\/wp-json\/wp\/v2\/media\/4166"}],"wp:attachment":[{"href":"https:\/\/livinghome.vn\/thiet-bi\/wp-json\/wp\/v2\/media?parent=4073"}],"wp:term":[{"taxonomy":"product_brand","embeddable":true,"href":"https:\/\/livinghome.vn\/thiet-bi\/wp-json\/wp\/v2\/product_brand?post=4073"},{"taxonomy":"product_cat","embeddable":true,"href":"https:\/\/livinghome.vn\/thiet-bi\/wp-json\/wp\/v2\/product_cat?post=4073"},{"taxonomy":"product_tag","embeddable":true,"href":"https:\/\/livinghome.vn\/thiet-bi\/wp-json\/wp\/v2\/product_tag?post=4073"}],"curies":[{"name":"wp","href":"https:\/\/api.w.org\/{rel}","templated":true}]}}