{"id":4053,"date":"2023-01-12T18:50:21","date_gmt":"2023-01-12T18:50:21","guid":{"rendered":"https:\/\/livinghome.vn\/thiet-bi\/?post_type=product&#038;p=4053"},"modified":"2024-11-29T14:20:12","modified_gmt":"2024-11-29T07:20:12","slug":"bep-tu-arber-ab373s","status":"publish","type":"product","link":"https:\/\/livinghome.vn\/thiet-bi\/bep-tu-arber-ab373s\/","title":{"rendered":"B\u1ebfp t\u1eeb Arber AB373S m\u1eb7t k\u00ednh ceramic ch\u1ecbu nhi\u1ec7t ch\u1ecbu l\u1ef1c v\u00e1t 4 c\u1ea1nh"},"content":{"rendered":"<p>B\u1ebfp t\u1eeb Arber AB373S \u0111\u01b0\u1ee3c s\u1ea3n xu\u1ea5t, l\u1eafp r\u00e1p theo quy tr\u00ecnh nghi\u00eam ng\u1eb7t c\u1ee7a c\u00f4ng ngh\u1ec7 qu\u1ea3n l\u00fd v\u00e0 k\u1ef9 thu\u1eadt ti\u00ean ti\u1ebfn c\u1ee7a Nh\u1eadt B\u1ea3n, v\u1eeba \u0111\u1ea3m b\u1ea3o t\u00ednh th\u1ea9m m\u1ef9 trong thi\u1ebft k\u1ebf, v\u1eeba \u0111\u1ea3m b\u1ea3o c\u00e1c t\u00ednh n\u0103ng ti\u00ean ti\u1ebfn, hi\u1ec7n \u0111\u1ea1i \u0111\u00e1p \u1ee9ng nhu c\u1ea7u t\u1ed1i \u0111a cho ng\u01b0\u1eddi d\u00f9ng.<\/p>\n<h2>B\u1ebfp t\u1eeb Arber AB373S c\u00f3 nh\u1eefng chi ti\u1ebft g\u00ec n\u1ed5i b\u1eadt<\/h2>\n<h3>T\u00ednh n\u0103ng s\u1ea3n ph\u1ea9m<\/h3>\n<ul>\n<li>Ph\u00e2n lo\u1ea1i : <a href=\"https:\/\/livinghome.vn\/thiet-bi\/bep-tu\/\">B\u1ebfp t\u1eeb<\/a> Arber AB373S<\/li>\n<li>M\u1eb7t k\u00ednh ceramic ch\u1ecbu nhi\u1ec7t, ch\u1ecbu l\u1ef1c v\u00e1t 4 c\u1ea1nh<\/li>\n<li>M\u00e2m t\u1eeb \u0111\u01b0\u1eddng k\u00ednh 22cm,<\/li>\n<li>B\u00e0n ph\u00edm \u0111i\u1ec1u khi\u1ec3n d\u1ea1ng tr\u01b0\u1ee3t slide, 8 m\u1ee9c c\u00f4ng su\u1ea5t<\/li>\n<li>H\u1eb9n gi\u1edd \u0111\u1ed9c l\u1eadp cho t\u1eebng v\u00f9ng n\u1ea5u, th\u1eddi gian h\u1eb9n \u0111\u1ebfn 9.30 ph\u00fat<\/li>\n<li>T\u1ef1 \u0111\u1ed9ng chia s\u1ebb c\u00f4ng su\u1ea5t gi\u1eefa 2 b\u1ebfp, max 3600W<\/li>\n<\/ul>\n<p>B\u1ebfp t\u1eeb Arber AB373s s\u1eed d\u1ee5ng m\u1eb7t k\u00ednh ceramic v\u1edbi c\u00e1c t\u00ednh n\u0103ng ch\u1ed1ng tr\u1ea7y x\u01b0\u1edbc , ch\u1ecbu l\u1ef1c cao, kh\u1ea3 n\u0103ng ch\u1ecbu nhi\u1ec7t l\u00ean \u0111\u1ebfn 1000oC ,ch\u1ecbu s\u1ed1c nhi\u1ec7t \u0111\u1ebfn 800oC . th\u00e2n thi\u1ec7n v\u1edbi m\u00f4i tr\u01b0\u1eddng, b\u1ec1n b\u1ec9 h\u00e0ng ch\u1ee5c n\u0103m\u2026<\/p>\n<p>B\u1ebfp t\u1eeb Arber AB373S\u00a0v\u1edbi thi\u1ebft k\u1ebf m\u1eb7t k\u00ednh cao c\u1ea5p, s\u00e1ng b\u00f3ng, l\u1eafp \u0111\u1eb7p \u00e2m b\u00e0n, mang \u0111\u1ebfn s\u1ef1 sang tr\u1ecdng cho kh\u00f4ng gian b\u1ebfp. Ch\u1ea5t li\u1ec7u c\u00f3 kh\u1ea3 n\u0103ng ch\u1ed1ng s\u1ed1c nhi\u1ec7t cao, ch\u1ed1ng tr\u1ea7y x\u01b0\u1edbc, h\u1ea1n ch\u1ebf b\u00e1m b\u1ee5i v\u00e0 gi\u00fap ch\u1ecb em n\u1ed9i tr\u1ee3 d\u1ec5 d\u00e0ng v\u1ec7 sinh.<\/p>\n<h3>T\u00ednh n\u0103ng an to\u00e0n<\/h3>\n<ul>\n<li>C\u1ea3nh b\u00e1o nhi\u1ec7t d\u01b0 v\u00f9ng n\u1ea5u Residual heat<\/li>\n<li>Kh\u00f3a an to\u00e0n tr\u1ebb em Child lock<\/li>\n<li>T\u1ef1 \u0111\u1ed9ng t\u1eaft b\u1ebfp khi kh\u00f4ng c\u00f3 n\u1ed3i ( tr\u00ean b\u1ebfp t\u1eeb)<\/li>\n<li>H\u1ec7 th\u1ed1ng b\u1ea3o v\u1ec7 an to\u00e0n qu\u00e1 nhi\u1ec7t, qu\u00e1 \u00e1p<\/li>\n<\/ul>\n<p>B\u1ea3o v\u1ec7 qu\u00e1 nhi\u1ec7t (c\u1ea3m bi\u1ebfn nhi\u1ec7t \u0111\u1ed9 t\u00edch h\u1ee3p trong t\u1eebng v\u00f9ng n\u1ea5u) : B\u1ebfp t\u1eeb Arber\u00a0AB550\u00a0\u0111\u01b0\u1ee3c thi\u1ebft k\u1ebf c\u1ea3m bi\u1ebfn nhi\u1ec7t \u0111\u1ed9 d\u01b0\u1edbi m\u1ed7i v\u00f9ng n\u1ea5u, khi c\u00f3 hi\u1ec7n t\u01b0\u1ee3ng qu\u00e1 nhi\u1ec7t ( n\u1ed3i \u0111un b\u1ecb c\u1ea1n, ch\u00e1y,.. ) b\u1ebfp s\u1ebd ch\u1ee7 \u0111\u1ed9ng ng\u1eaft c\u00f4ng su\u1ea5t \u0111\u1ec3 \u0111\u1ea3m b\u1ea3o an to\u00e0n cho thi\u1ebft b\u1ecb c\u0169ng nh\u01b0 \u0111\u1ea3m b\u1ea3o kh\u00f4ng s\u1ef1 c\u1ed1 \u0111\u00e1ng ti\u1ebfc x\u1ea3y ra.<\/p>\n<p>Ch\u1ec9 b\u00e1o nhi\u1ec7t d\u01b0 \u201cH\u201d \u0111\u01b0\u1ee3c hi\u1ec3n th\u1ecb cho t\u1eebng v\u00f9ng n\u1ea5u c\u00f2n n\u00f3ng:\u00a0B\u1ebfp s\u1ebd c\u1ea3nh b\u00e1o b\u1eb1ng ch\u1eef\u00a0\u201cH\u201d\u00a0nh\u1ea5p nh\u00e1y khi v\u00f9ng n\u1ea5u c\u00f2n n\u00f3ng nhi\u1ec7t \u0111\u1ed9 tr\u00ean\u00a060\u00baC\u00a0sau khi \u0111un, ch\u1eef\u00a0\u201cH\u201d\u00a0s\u1ebd t\u1ef1 m\u1ea5t \u0111i khi m\u1eb7t b\u1ebfp \u0111\u00e3 \u0111\u01b0\u1ee3c t\u1ea3n gi\u1ea3m xu\u1ed1ng d\u01b0\u1edbi\u00a060\u00baC\u00a0kh\u00f4ng c\u00f2n nguy hi\u1ec3m.<\/p>\n<p>Ch\u1ee9c n\u0103ng chia s\u1ebb c\u00f4ng su\u1ea5t c\u1ee7a hai v\u00f9ng n\u1ea5u t\u1ed1i \u0111a 3600W:\u00a0Khi m\u1ed9t v\u00f9ng n\u1ea5u ho\u1ea1t \u0111\u1ed9ng \u1edf m\u1ee9c c\u00f4ng su\u1ea5t cao, v\u00f9ng n\u1ea5u c\u00f2n l\u1ea1i s\u1ebd t\u1ef1 \u0111\u1ed9ng \u0111i\u1ec1u ch\u1ec9nh gi\u1ea3m \u0111\u1ec3 \u0111\u1ea3m b\u1ea3o t\u1ed5ng c\u00f4ng su\u1ea5t b\u1ebfp kh\u00f4ng v\u01b0\u1ee3t qu\u00e1\u00a03600W, b\u1ea3o v\u1ec7 cho c\u00e1c thi\u1ebft b\u1ecb \u0111i\u1ec7n kh\u00e1c trong gia \u0111\u00ecnh kh\u00f4ng b\u1ecb qu\u00e1 t\u1ea3i \u0111\u01b0\u1eddng d\u00e2y.<\/p>\n<h3>T\u00ednh n\u0103ng m\u1eb7t k\u00ednh<\/h3>\n<ul>\n<li>M\u1eb7t k\u00ednh li\u1ec1n nguy\u00ean kh\u1ed1i, v\u00e1t c\u1ea1nh, m\u00e0u \u0111en sang tr\u1ecdng<\/li>\n<li>B\u1ec1 m\u1eb7t ch\u1ed1ng tr\u1ea7y x\u01b0\u1edbc, ch\u1ecbu l\u1ef1c cao<\/li>\n<li>Kh\u1ea3 n\u0103ng ch\u1ecbu nhi\u1ec7t l\u00ean \u0111\u1ebfn 1000oC, ch\u1ecbu s\u1ed1c nhi\u1ec7t \u0111\u1ebfn 800oC<\/li>\n<\/ul>\n<h3>Th\u00f4ng s\u1ed1 k\u1ef9 thu\u1eadt<\/h3>\n<ul>\n<li>\u0110i\u1ec7n \u00e1p 220V \/ 50Hz<\/li>\n<li>C\u00f4ng su\u1ea5t: max 3600W ( Ph\u1ea3i: 2000W ,Tr\u00e1i: 2000W)<\/li>\n<li>K\u00edch th\u01b0\u1edbc (d\u00e0i x r\u1ed9ng x cao): 720 x 425 x 100mm<\/li>\n<li>K\u00edch th\u01b0\u1edbc kho\u00e9t l\u1ed7: 670 x 400mm<\/li>\n<li>Tr\u1ecdng l\u01b0\u1ee3ng: 9.0 kg<\/li>\n<\/ul>\n<figure id=\"attachment_64336\" aria-describedby=\"caption-attachment-64336\" style=\"width: 800px\" class=\"wp-caption aligncenter\"><img loading=\"lazy\" decoding=\"async\" class=\"wp-image-64336 size-large\" src=\"https:\/\/livinghome.vn\/thiet-bi\/wp-content\/uploads\/nha-bep\/arber\/bep-tu\/bep-tu-arber-ab373s\/bep-tu-arber-ab373s-1-800x800.jpg\" alt=\"B\u1ebfp t\u1eeb Arber AB373S m\u1eb7t k\u00ednh ceramic ch\u1ecbu nhi\u1ec7t ch\u1ecbu l\u1ef1c v\u00e1t 4 c\u1ea1nh\" width=\"800\" height=\"800\" title=\"\"><figcaption id=\"caption-attachment-64336\" class=\"wp-caption-text\">B\u1ebfp t\u1eeb Arber AB373S m\u1eb7t k\u00ednh ceramic ch\u1ecbu nhi\u1ec7t ch\u1ecbu l\u1ef1c v\u00e1t 4 c\u1ea1nh<\/figcaption><\/figure>\n","protected":false},"excerpt":{"rendered":"<p>\u0110i\u1ec7n \u00e1p 220V \/ 50Hz<\/p>\n<p>C\u00f4ng su\u1ea5t: max 3600W ( Ph\u1ea3i: 2000W ,Tr\u00e1i: 2000W)<\/p>\n<p>K\u00edch th\u01b0\u1edbc (d\u00e0i x r\u1ed9ng x cao): 720 x 425 x 100mm<\/p>\n<p>K\u00edch th\u01b0\u1edbc kho\u00e9t l\u1ed7: 670 x 400mm<\/p>\n<p>Tr\u1ecdng l\u01b0\u1ee3ng: 9.0 kg<\/p>\n<p>Th\u1eddi gian b\u1ea3o h\u00e0nh : 2 n\u0103m<\/p>\n","protected":false},"featured_media":4158,"comment_status":"open","ping_status":"closed","template":"","meta":[],"product_brand":[],"product_cat":[745,794,796,799,75,710,795,447],"product_tag":[448,76,168,456],"class_list":{"0":"post-4053","1":"product","2":"type-product","3":"status-publish","4":"has-post-thumbnail","6":"product_cat-bep-dien-tu","7":"product_cat-bep-2-tu","8":"product_cat-bep-dien-tu-doi","9":"product_cat-bep-dien-tu-hinh-chu-nhat","10":"product_cat-bep-tu","11":"product_cat-bep-tu-arber","12":"product_cat-bep-tu-doi","13":"product_cat-thuong-hieu-arber","14":"product_tag-arber","15":"product_tag-bep-tu","16":"product_tag-bep-tu-am","17":"product_tag-bep-tu-arber","19":"first","20":"instock","21":"sale","22":"shipping-taxable","23":"purchasable","24":"product-type-simple"},"_links":{"self":[{"href":"https:\/\/livinghome.vn\/thiet-bi\/wp-json\/wp\/v2\/product\/4053","targetHints":{"allow":["GET"]}}],"collection":[{"href":"https:\/\/livinghome.vn\/thiet-bi\/wp-json\/wp\/v2\/product"}],"about":[{"href":"https:\/\/livinghome.vn\/thiet-bi\/wp-json\/wp\/v2\/types\/product"}],"replies":[{"embeddable":true,"href":"https:\/\/livinghome.vn\/thiet-bi\/wp-json\/wp\/v2\/comments?post=4053"}],"wp:featuredmedia":[{"embeddable":true,"href":"https:\/\/livinghome.vn\/thiet-bi\/wp-json\/wp\/v2\/media\/4158"}],"wp:attachment":[{"href":"https:\/\/livinghome.vn\/thiet-bi\/wp-json\/wp\/v2\/media?parent=4053"}],"wp:term":[{"taxonomy":"product_brand","embeddable":true,"href":"https:\/\/livinghome.vn\/thiet-bi\/wp-json\/wp\/v2\/product_brand?post=4053"},{"taxonomy":"product_cat","embeddable":true,"href":"https:\/\/livinghome.vn\/thiet-bi\/wp-json\/wp\/v2\/product_cat?post=4053"},{"taxonomy":"product_tag","embeddable":true,"href":"https:\/\/livinghome.vn\/thiet-bi\/wp-json\/wp\/v2\/product_tag?post=4053"}],"curies":[{"name":"wp","href":"https:\/\/api.w.org\/{rel}","templated":true}]}}