{"id":4049,"date":"2023-01-12T18:50:20","date_gmt":"2023-01-12T18:50:20","guid":{"rendered":"https:\/\/livinghome.vn\/thiet-bi\/?post_type=product&#038;p=4049"},"modified":"2024-11-29T14:20:12","modified_gmt":"2024-11-29T07:20:12","slug":"bep-tu-arber-ab670-mat-kinh-kanger-chiu-nhiet-bo-vien-nhom","status":"publish","type":"product","link":"https:\/\/livinghome.vn\/thiet-bi\/bep-tu-arber-ab670-mat-kinh-kanger-chiu-nhiet-bo-vien-nhom\/","title":{"rendered":"B\u1ebfp t\u1eeb Arber AB670 m\u1eb7t k\u00ednh Kanger ch\u1ecbu nhi\u1ec7t bo vi\u1ec1n nh\u00f4m"},"content":{"rendered":"<p>B\u1ebfp t\u1eeb Arber AB670 m\u1eb7t k\u00ednh li\u1ec1n kh\u1ed1i \u0111\u01b0\u1ee3c bo vi\u1ec1n nh\u00f4m m\u00e0u inox xung quanh,\u00a0 khi \u0111\u1eb7t b\u1ebfp tr\u00ean b\u00e0n \u0111\u00e1 s\u1ebd t\u1ea1o ra m\u1ed9t \u0111i\u1ec3m nh\u1ea5n kh\u00e1c bi\u1ec7t. Bo vi\u1ec1n nh\u00f4m c\u00f2n gi\u00fap n\u00e2ng \u0111\u1ee1 m\u1eb7t k\u00ednh, tr\u00e1nh kh\u1ea3 n\u0103ng b\u1ecb r\u1ea1n n\u1ee9t, nh\u1ea5t l\u00e0 b\u1ecb c\u00e1c \u0111\u1ed3 v\u1eadt n\u0103ng nh\u01b0 xoong n\u1ed3i r\u01a1i v\u00e0o b\u1ed1n g\u00f3c k\u00ednh, \u0111\u1ed1i v\u1edbi c\u00e1c m\u1eb7t k\u00ednh kh\u00f4ng \u0111\u01b0\u1ee3c bo vi\u1ec1n ch\u1eafc ch\u1eafn s\u1ebd x\u1ea3y ra hi\u1ec7n t\u01b0\u1ee3ng b\u1ecb r\u1ea1n n\u1ee9t. Nh\u01b0ng \u0111\u1ed1i v\u1edbi m\u1eb7t k\u00ednh Arber AB670 qu\u00fd kh\u00e1ch c\u00f3 th\u1ec3 ho\u00e0n to\u00e0n y\u00ean t\u00e2m.<\/p>\n<h2>B\u1ebfp t\u1eeb Arber AB670 c\u00f3 nh\u1eefng chi ti\u1ebft g\u00ec n\u1ed5i b\u1eadt<\/h2>\n<h3>T\u00ednh n\u0103ng s\u1ea3n ph\u1ea9m<\/h3>\n<ul>\n<li>Ph\u00e2n lo\u1ea1i : <a href=\"https:\/\/livinghome.vn\/thiet-bi\/bep-tu\/\">B\u1ebfp t\u1eeb<\/a> Arber AB670<\/li>\n<li>M\u1eb7t k\u00ednh Kanger ch\u1ecbu nhi\u1ec7t, ch\u1ecbu l\u1ef1c v\u00e1t 4 c\u1ea1nh<\/li>\n<li>M\u00e2m t\u1eeb \u0111\u01b0\u1eddng k\u00ednh: 25cm<\/li>\n<li>Ch\u1ebf \u0111\u1ed9 n\u1ea5u nhanh : Booster<\/li>\n<li>Ch\u1ebf \u0111\u1ed9 ti\u1ebft ki\u1ec7m \u0111i\u1ec7n n\u0103ng c\u00f4ng ngh\u1ec7: INVERTER<\/li>\n<li>Ch\u1ebf \u0111\u1ed9 chi\u00ean x\u00e0o: C\u00f3<\/li>\n<li>B\u1ea3o v\u1ec7 b\u1ebfp an to\u00e0n v\u1edbi t\u00ednh n\u0103ng ch\u1ed1ng tr\u00e0n<\/li>\n<li>B\u00e0n ph\u00edm \u0111i\u1ec1u khi\u1ec3n d\u1ea1ng Silde 9 m\u1ee9c, b\u00e0n ph\u00edm t\u00e1ch hai b\u1ebfp<\/li>\n<li>H\u1eb9n gi\u1edd \u0111\u1ed9c l\u1eadp cho t\u1eebng v\u00f9ng n\u1ea5u, th\u1eddi gian h\u1eb9n \u0111\u1ebfn 9.30 ph\u00fat<\/li>\n<li>T\u1ef1 \u0111\u1ed9ng chia s\u1ebb c\u00f4ng su\u1ea5t gi\u1eefa 2 b\u1ebfp, max 3600W<\/li>\n<\/ul>\n<p>B\u1ebfp t\u1eeb Arber AB670 \u0111\u01b0\u1ee3c trang b\u1ecb nh\u1eefng t\u00ednh n\u0103ng th\u00f4ng minh nh\u01b0: t\u1eeb \u0111\u1ed9ng nh\u1eadn di\u1ec7n \u0111\u00e1y n\u1ed3i, b\u1ea3o v\u1ec7 an to\u00e0n b\u1ebfp v\u1edbi t\u00ednh n\u0103ng ch\u1ed1ng tr\u00e0n, kh\u00f3a an to\u00e0n tr\u1ebb em, h\u1eb9n gi\u1edd th\u00f4ng minh t\u1eebng v\u00f9ng n\u1ea5u l\u00ean \u0111\u1ebfn 9.30 ph\u00fat.<\/p>\n<p>Vi\u1ec7c s\u1eed d\u1ee5ng b\u1ebfp t\u1eeb\u00a0 Aber AB670<strong>\u00a0<\/strong>kh\u00f4ng nh\u1eefng mang l\u1ea1i nhi\u1ec1u ti\u1ec7n \u00edch v\u00e0 an to\u00e0n\u00a0cho ng\u01b0\u1eddi s\u1eed d\u1ee5ng nh\u1edd c\u00e1c t\u00ednh n\u0103ng: t\u1ef1 \u0111\u1ed9ng t\u1eaft b\u1ebfp\u00a0khi kh\u00f4ng c\u00f3 n\u1ed3i ho\u1eb7c s\u1eed d\u1ee5ng n\u1ed3i kh\u00f4ng ph\u00f9 h\u1ee3p, khi g\u1eb7p s\u1ef1 c\u1ed1 v\u1ec1 qu\u00e1 t\u1ea3i \u0111i\u1ec7n, qu\u00e1 nhi\u1ec7t tr\u00e1nh ch\u00e1y ch\u1eadp \u0111i\u1ec7n.<\/p>\n<p>B\u1ebfp t\u1eeb Arber AB670\u00a0c\u00f3 thi\u1ebft k\u1ebf ki\u1ec3u d\u00e1ng l\u1ea1 m\u1eaft, \u0111\u01b0\u1eddng k\u00ednh v\u00f9ng n\u1ea5u t\u1eeb l\u00ean t\u1edbi\u00a022cm v\u1edbi c\u00f4ng su\u1ea5t 2000W\/1 v\u00f9ng n\u1ea5u\u00a0cho ph\u00e9p \u0111un n\u1ea5u nhanh h\u01a1n \u0111\u1eb7c bi\u1ec7t khi s\u1eed d\u1ee5ng xoong n\u1ed3i k\u00edch th\u01b0\u1edbc l\u1edbn, hi\u1ec7u su\u1ea5t \u0111un n\u1ea5u \u0111\u1ea1t 90%, ti\u1ebft ki\u1ec7m 50% th\u1eddi gian v\u00e0 n\u0103ng l\u01b0\u1ee3ng so v\u1edbi b\u1ebfp th\u00f4ng th\u01b0\u1eddng. Khi s\u1eed d\u1ee5ng v\u00f9ng n\u1ea5u t\u1eeb th\u00ec m\u1eb7t b\u1ebfp kh\u00f4ng n\u00f3ng, kh\u00f4ng sinh ra kh\u00ed \u0111\u1ed1t\u00a0v\u00e0 d\u1ec5 d\u00e0ng v\u1ec7 sinh.<\/p>\n<h3>T\u00ednh n\u0103ng an to\u00e0n<\/h3>\n<ul>\n<li>C\u1ea3nh b\u00e1o nhi\u1ec7t d\u01b0 v\u00f9ng n\u1ea5u Residual heat<\/li>\n<li>Kh\u00f3a an to\u00e0n tr\u1ebb em Child lock<\/li>\n<li>T\u1ef1 \u0111\u1ed9ng t\u1eaft b\u1ebfp khi kh\u00f4ng c\u00f3 n\u1ed3i ( tr\u00ean b\u1ebfp t\u1eeb)<\/li>\n<li>H\u1ec7 th\u1ed1ng b\u1ea3o v\u1ec7 an to\u00e0n qu\u00e1 nhi\u1ec7t, qu\u00e1 \u00e1p<\/li>\n<\/ul>\n<h3>T\u00ednh n\u0103ng m\u1eb7t k\u00ednh<\/h3>\n<ul>\n<li>M\u1eb7t k\u00ednh li\u1ec1n nguy\u00ean kh\u1ed1i, m\u00e0u \u0111en sang tr\u1ecdng, bo vi\u1ec1n nh\u00f4m<\/li>\n<li>B\u1ec1 m\u1eb7t ch\u1ed1ng tr\u1ea7y x\u01b0\u1edbc, ch\u1ecbu l\u1ef1c cao<\/li>\n<li>Kh\u1ea3 n\u0103ng ch\u1ecbu nhi\u1ec7t l\u00ean \u0111\u1ebfn 1000<sup>o<\/sup>C, ch\u1ecbu s\u1ed1c nhi\u1ec7t \u0111\u1ebfn 800<sup>o<\/sup>C<\/li>\n<\/ul>\n<h3>Th\u00f4ng s\u1ed1 k\u1ef9 thu\u1eadt<\/h3>\n<ul>\n<li>\u0110i\u1ec7n \u00e1p 220-240V\/50Hz<\/li>\n<li>C\u00f4ng su\u1ea5t: max 3600W ( Ph\u1ea3i: 2000W \u00a0,Tr\u00e1i: 2000W )<\/li>\n<li>K\u00edch th\u01b0\u1edbc (d\u00e0i x r\u1ed9ng x cao): 720 x 430 x 100mm<\/li>\n<li>K\u00edch th\u01b0\u1edbc kho\u00e9t l\u1ed7: 680 x 390mm<\/li>\n<li>Tr\u1ecdng l\u01b0\u1ee3ng: 9.0 kg<\/li>\n<\/ul>\n<figure id=\"attachment_64693\" aria-describedby=\"caption-attachment-64693\" style=\"width: 800px\" class=\"wp-caption aligncenter\"><img loading=\"lazy\" decoding=\"async\" class=\"size-large wp-image-64693\" src=\"https:\/\/livinghome.vn\/thiet-bi\/wp-content\/uploads\/nha-bep\/arber\/bep-tu\/bep-tu-arber-ab670\/bep-tu-arber-ab670-1-800x800.jpg\" alt=\"B\u1ebfp t\u1eeb Arber AB670 m\u1eb7t k\u00ednh Kanger ch\u1ecbu nhi\u1ec7t bo vi\u1ec1n nh\u00f4m \" width=\"800\" height=\"800\" title=\"\"><figcaption id=\"caption-attachment-64693\" class=\"wp-caption-text\">B\u1ebfp t\u1eeb Arber AB670 m\u1eb7t k\u00ednh Kanger ch\u1ecbu nhi\u1ec7t bo vi\u1ec1n nh\u00f4m<\/figcaption><\/figure>\n","protected":false},"excerpt":{"rendered":"<div class=\"clearfix summary mb-3\">\n<p>\u0110i\u1ec7n \u00e1p 220-240V\/50Hz<\/p>\n<p>C\u00f4ng su\u1ea5t: max 3600W ( Ph\u1ea3i: 2000W &#8211; Booster ,Tr\u00e1i: 2000W &#8211; Booster )<\/p>\n<p>K\u00edch th\u01b0\u1edbc (d\u00e0i x r\u1ed9ng x cao): 720 x 430 x 100mm<\/p>\n<p>K\u00edch th\u01b0\u1edbc kho\u00e9t l\u1ed7: 680 x 390mm<\/p>\n<p>Tr\u1ecdng l\u01b0\u1ee3ng: 9.0 kg<\/p>\n<\/div>\n","protected":false},"featured_media":4142,"comment_status":"open","ping_status":"closed","template":"","meta":[],"product_brand":[],"product_cat":[745,794,796,799,807,75,710,795,447],"product_tag":[448,76,168,456],"class_list":{"0":"post-4049","1":"product","2":"type-product","3":"status-publish","4":"has-post-thumbnail","6":"product_cat-bep-dien-tu","7":"product_cat-bep-2-tu","8":"product_cat-bep-dien-tu-doi","9":"product_cat-bep-dien-tu-hinh-chu-nhat","10":"product_cat-bep-dien-tu-tiet-kiem-dien","11":"product_cat-bep-tu","12":"product_cat-bep-tu-arber","13":"product_cat-bep-tu-doi","14":"product_cat-thuong-hieu-arber","15":"product_tag-arber","16":"product_tag-bep-tu","17":"product_tag-bep-tu-am","18":"product_tag-bep-tu-arber","20":"first","21":"instock","22":"sale","23":"shipping-taxable","24":"purchasable","25":"product-type-simple"},"_links":{"self":[{"href":"https:\/\/livinghome.vn\/thiet-bi\/wp-json\/wp\/v2\/product\/4049","targetHints":{"allow":["GET"]}}],"collection":[{"href":"https:\/\/livinghome.vn\/thiet-bi\/wp-json\/wp\/v2\/product"}],"about":[{"href":"https:\/\/livinghome.vn\/thiet-bi\/wp-json\/wp\/v2\/types\/product"}],"replies":[{"embeddable":true,"href":"https:\/\/livinghome.vn\/thiet-bi\/wp-json\/wp\/v2\/comments?post=4049"}],"wp:featuredmedia":[{"embeddable":true,"href":"https:\/\/livinghome.vn\/thiet-bi\/wp-json\/wp\/v2\/media\/4142"}],"wp:attachment":[{"href":"https:\/\/livinghome.vn\/thiet-bi\/wp-json\/wp\/v2\/media?parent=4049"}],"wp:term":[{"taxonomy":"product_brand","embeddable":true,"href":"https:\/\/livinghome.vn\/thiet-bi\/wp-json\/wp\/v2\/product_brand?post=4049"},{"taxonomy":"product_cat","embeddable":true,"href":"https:\/\/livinghome.vn\/thiet-bi\/wp-json\/wp\/v2\/product_cat?post=4049"},{"taxonomy":"product_tag","embeddable":true,"href":"https:\/\/livinghome.vn\/thiet-bi\/wp-json\/wp\/v2\/product_tag?post=4049"}],"curies":[{"name":"wp","href":"https:\/\/api.w.org\/{rel}","templated":true}]}}