{"id":4036,"date":"2023-01-12T18:49:57","date_gmt":"2023-01-12T18:49:57","guid":{"rendered":"https:\/\/livinghome.vn\/thiet-bi\/?post_type=product&#038;p=4036"},"modified":"2024-11-29T14:20:12","modified_gmt":"2024-11-29T07:20:12","slug":"bep-tu-arber-ab667-mat-kinh-kanger-chiu-nhiet-chiu-luc-vat-4-canh","status":"publish","type":"product","link":"https:\/\/livinghome.vn\/thiet-bi\/bep-tu-arber-ab667-mat-kinh-kanger-chiu-nhiet-chiu-luc-vat-4-canh\/","title":{"rendered":"B\u1ebfp t\u1eeb Arber AB667 m\u1eb7t k\u00ednh Kanger ch\u1ecbu nhi\u1ec7t ch\u1ecbu l\u1ef1c v\u00e1t 4 c\u1ea1nh"},"content":{"rendered":"<p>Cu\u1ed9c s\u1ed1ng c\u1ee7a con ng\u01b0\u1eddi ng\u00e0y c\u00e0ng tr\u1edf n\u00ean hi\u1ec7n \u0111\u1ea1i v\u00e0 b\u1eadn r\u1ed9n nhi\u1ec1u th\u1ee9, vi\u1ec7c ch\u0103m s\u00f3c cho gia \u0111\u00ecnh h\u1ea7u nh\u01b0 l\u00e0 \u0111i\u1ec1u kh\u00f3 kh\u0103n \u0111\u1ed1i v\u1edbi m\u1ed7i ng\u01b0\u1eddi n\u1ed9i tr\u1ee3 v\u00ec h\u1ecd kh\u00f4ng c\u00f3 nhi\u1ec1u th\u1eddi gian. H\u00f4m nay, ch\u00fang t\u00f4i s\u1ebd gi\u1edbi thi\u1ec7u cho b\u1ea1n m\u1ed9t gi\u1ea3i ph\u00e1p hi\u1ec7u qu\u1ea3 gi\u00fap b\u1ea1n gi\u1ea3i quy\u1ebft v\u1ea5n \u0111\u1ec1 tr\u00ean \u0111\u00f3 l\u00e0 B\u1ebfp t\u1eeb Arber AB667 c\u1ee7a th\u01b0\u01a1ng hi\u1ec7u n\u1ed5i ti\u1ebfng Arber \u0111ang r\u1ea5t \u0111\u01b0\u1ee3c \u01b0a chu\u1ed9ng tr\u00ean th\u1ecb tr\u01b0\u1eddng hi\u1ec7n nay, h\u00e3y c\u00f9ng t\u00ecm hi\u1ec3u nh\u00e9!<\/p>\n<h2>B\u1ebfp t\u1eeb Arber AB667 c\u00f3 nh\u1eefng chi ti\u1ebft g\u00ec n\u1ed5i b\u1eadt<\/h2>\n<h3>T\u00ednh n\u0103ng s\u1ea3n ph\u1ea9m<\/h3>\n<ul>\n<li>Ph\u00e2n lo\u1ea1i : <a href=\"https:\/\/livinghome.vn\/thiet-bi\/bep-tu\/\">B\u1ebfp t\u1eeb<\/a> Arber AB667<\/li>\n<li>M\u1eb7t k\u00ednh Kanger ch\u1ecbu nhi\u1ec7t, ch\u1ecbu l\u1ef1c v\u00e1t 4 c\u1ea1nh<\/li>\n<li>M\u00e2m t\u1eeb \u0111\u01b0\u1eddng k\u00ednh 22cm, ch\u1ebf \u0111\u1ed9 n\u1ea5u nhanh Booster<\/li>\n<li>B\u00e0n ph\u00edm \u0111i\u1ec1u khi\u1ec3n d\u1ea1ng tr\u01b0\u1ee3t Silde chung hai b\u1ebfp, 9 m\u1ee9c c\u00f4ng su\u1ea5t<\/li>\n<li>H\u1eb9n gi\u1edd \u0111\u1ed9c l\u1eadp cho t\u1eebng v\u00f9ng n\u1ea5u, th\u1eddi gian h\u1eb9n \u0111\u1ebfn 9.30 ph\u00fat<\/li>\n<li>T\u1ef1 \u0111\u1ed9ng chia s\u1ebb c\u00f4ng su\u1ea5t gi\u1eefa 2 b\u1ebfp, max 3600W<\/li>\n<\/ul>\n<p>B\u1ebfp t\u1eeb Arber AB667 thi\u1ebft k\u1ebf v\u1edbi b\u1ec1 m\u1eb7t l\u00e0 k\u00ednh Schott Ceran ch\u1ed1ng tr\u1ea7y x\u01b0\u1edbc, ch\u1ed1ng s\u00f9i, c\u00f3 th\u1ec3 d\u00f9ng dao c\u1ea1o v\u1ec7 sinh m\u1eb7t b\u1ebfp, ch\u1ecbu nhi\u1ec7t cao v\u00e0 d\u1eabn nhi\u1ec7t th\u1ea5p, kh\u1ea3 n\u0103ng kh\u00e1ng s\u1ed1c nhi\u1ec7t l\u00ean \u0111\u1ebfn 800 \u0111\u1ed9 C, xung quanh m\u1eb7t k\u00ednh \u0111\u01b0\u1ee3c v\u00e1t c\u1ea1nh tinh t\u1ebf v\u1eeba l\u00e0m t\u0103ng s\u1ef1 sang tr\u1ecdng v\u1eeba t\u00f4n l\u00ean t\u00ednh th\u1eddi trang cho s\u1ea3n ph\u1ea9m.<\/p>\n<figure id=\"attachment_64687\" aria-describedby=\"caption-attachment-64687\" style=\"width: 800px\" class=\"wp-caption aligncenter\"><img loading=\"lazy\" decoding=\"async\" class=\"size-large wp-image-64687\" src=\"https:\/\/livinghome.vn\/thiet-bi\/wp-content\/uploads\/nha-bep\/arber\/bep-tu\/bep-tu-arber-ab667\/bep-tu-arber-ab667-1-800x800.jpg\" alt=\"B\u1ebfp t\u1eeb Arber AB667 m\u1eb7t k\u00ednh Kanger ch\u1ecbu nhi\u1ec7t ch\u1ecbu l\u1ef1c v\u00e1t 4 c\u1ea1nh\" width=\"800\" height=\"800\" title=\"\"><figcaption id=\"caption-attachment-64687\" class=\"wp-caption-text\">B\u1ebfp t\u1eeb Arber AB667 m\u1eb7t k\u00ednh Kanger ch\u1ecbu nhi\u1ec7t ch\u1ecbu l\u1ef1c v\u00e1t 4 c\u1ea1nh<\/figcaption><\/figure>\n<p>B\u1ebfp t\u1eeb Arber AB667 n\u00e0y s\u1eed d\u1ee5ng m\u00e2m t\u1eeb EGO l\u00e0m t\u1eeb \u0111\u1ed3ng nguy\u00ean ch\u1ea5t n\u00ean vi\u1ec7c d\u1eabn v\u00e0 truy\u1ec1n nhi\u1ec7t t\u1ed1t h\u01a1n gi\u00fap th\u1ef1c ph\u1ea9m \u0111\u01b0\u1ee3c l\u00e0m ch\u00edn nhanh ch\u00f3ng m\u00e0 l\u1ea1i ti\u1ebft ki\u1ec7m \u0111i\u1ec7n n\u0103ng. B\u1ebfp trang b\u1ecb b\u1ea3ng \u0111i\u1ec1u khi\u1ec3n c\u1ea3m \u1ee9ng si\u00eau nh\u1ea1y v\u00e0 m\u01b0\u1ee3t, d\u1ea3i nhi\u1ec7t \u0111\u01b0\u1ee3c chia nh\u1ecf th\u00e0nh 9 m\u1ee9c c\u00f4ng su\u1ea5t gi\u00fap b\u1ea1n d\u1ec5 d\u00e0ng ch\u1ecdn l\u1ef1a ch\u00ednh x\u00e1c m\u1ee9c c\u00f4ng su\u1ea5t t\u01b0\u01a1ng \u1ee9ng v\u1edbi t\u1eebng m\u00f3n \u0103n.<\/p>\n<h3>T\u00ednh n\u0103ng an to\u00e0n<\/h3>\n<ul>\n<li>C\u1ea3nh b\u00e1o nhi\u1ec7t d\u01b0 v\u00f9ng n\u1ea5u Residual heat<\/li>\n<li>Kh\u00f3a an to\u00e0n tr\u1ebb em Child lock<\/li>\n<li>T\u1ef1 \u0111\u1ed9ng t\u1eaft b\u1ebfp khi kh\u00f4ng c\u00f3 n\u1ed3i ( tr\u00ean b\u1ebfp t\u1eeb)<\/li>\n<li>H\u1ec7 th\u1ed1ng b\u1ea3o v\u1ec7 an to\u00e0n qu\u00e1 nhi\u1ec7t, qu\u00e1 \u00e1p<\/li>\n<\/ul>\n<h3>T\u00ednh n\u0103ng m\u1eb7t k\u00ednh<\/h3>\n<ul>\n<li>M\u1eb7t k\u00ednh li\u1ec1n nguy\u00ean kh\u1ed1i, m\u00e0u \u0111en sang tr\u1ecdng<\/li>\n<li>B\u1ec1 m\u1eb7t ch\u1ed1ng tr\u1ea7y x\u01b0\u1edbc, ch\u1ecbu l\u1ef1c cao<\/li>\n<li>Kh\u1ea3 n\u0103ng ch\u1ecbu nhi\u1ec7t l\u00ean \u0111\u1ebfn 1000<sup>o<\/sup>C, ch\u1ecbu s\u1ed1c nhi\u1ec7t \u0111\u1ebfn 800<sup>o<\/sup>C<\/li>\n<\/ul>\n<h3>Th\u00f4ng s\u1ed1 k\u1ef9 thu\u1eadt<\/h3>\n<ul>\n<li>\u0110i\u1ec7n \u00e1p 220-240V\/50Hz<\/li>\n<li>C\u00f4ng su\u1ea5t: max 3600W ( Ph\u1ea3i: 2000W \u00a0,Tr\u00e1i: 2000W )<\/li>\n<li>K\u00edch th\u01b0\u1edbc (d\u00e0i x r\u1ed9ng x cao): 720 x 430 x 100mm<\/li>\n<li>K\u00edch th\u01b0\u1edbc kho\u00e9t l\u1ed7: 680 x 390mm<\/li>\n<li>Tr\u1ecdng l\u01b0\u1ee3ng: 9.0 kg<\/li>\n<\/ul>\n<figure id=\"attachment_64685\" aria-describedby=\"caption-attachment-64685\" style=\"width: 800px\" class=\"wp-caption aligncenter\"><img loading=\"lazy\" decoding=\"async\" class=\"wp-image-64685 size-large\" src=\"https:\/\/livinghome.vn\/thiet-bi\/wp-content\/uploads\/nha-bep\/arber\/bep-tu\/bep-tu-arber-ab667\/bep-tu-arber-ab667-2-800x800.jpg\" alt=\"B\u1ebfp t\u1eeb Arber AB667 m\u1eb7t k\u00ednh Kanger ch\u1ecbu nhi\u1ec7t ch\u1ecbu l\u1ef1c v\u00e1t 4 c\u1ea1nh\" width=\"800\" height=\"800\" title=\"\"><figcaption id=\"caption-attachment-64685\" class=\"wp-caption-text\">B\u1ebfp t\u1eeb Arber AB667 m\u1eb7t k\u00ednh Kanger ch\u1ecbu nhi\u1ec7t ch\u1ecbu l\u1ef1c v\u00e1t 4 c\u1ea1nh<\/figcaption><\/figure>\n","protected":false},"excerpt":{"rendered":"<div class=\"clearfix summary mb-3\">\n<p>\u0110i\u1ec7n \u00e1p 220-240V\/50Hz<\/p>\n<p>C\u00f4ng su\u1ea5t: max 3600W ( Ph\u1ea3i: 2000W ,Tr\u00e1i: 2000W)<\/p>\n<p>K\u00edch th\u01b0\u1edbc (d\u00e0i x r\u1ed9ng x cao): 720 x 430 x 100mm<\/p>\n<p>K\u00edch th\u01b0\u1edbc kho\u00e9t l\u1ed7: 680 x 390mm<\/p>\n<p>Tr\u1ecdng l\u01b0\u1ee3ng: 9.0 kg<\/p>\n<p>TCVN<\/p>\n<p>Th\u1eddi gian b\u1ea3o h\u00e0nh : 2 n\u0103m<\/p>\n<\/div>\n","protected":false},"featured_media":4131,"comment_status":"open","ping_status":"closed","template":"","meta":[],"product_brand":[],"product_cat":[745,794,796,799,802,75,710,795,447],"product_tag":[448,76,168,456],"class_list":{"0":"post-4036","1":"product","2":"type-product","3":"status-publish","4":"has-post-thumbnail","6":"product_cat-bep-dien-tu","7":"product_cat-bep-2-tu","8":"product_cat-bep-dien-tu-doi","9":"product_cat-bep-dien-tu-hinh-chu-nhat","10":"product_cat-bep-dien-tu-mat-kinh-schott-ceran","11":"product_cat-bep-tu","12":"product_cat-bep-tu-arber","13":"product_cat-bep-tu-doi","14":"product_cat-thuong-hieu-arber","15":"product_tag-arber","16":"product_tag-bep-tu","17":"product_tag-bep-tu-am","18":"product_tag-bep-tu-arber","20":"first","21":"instock","22":"sale","23":"shipping-taxable","24":"purchasable","25":"product-type-simple"},"_links":{"self":[{"href":"https:\/\/livinghome.vn\/thiet-bi\/wp-json\/wp\/v2\/product\/4036","targetHints":{"allow":["GET"]}}],"collection":[{"href":"https:\/\/livinghome.vn\/thiet-bi\/wp-json\/wp\/v2\/product"}],"about":[{"href":"https:\/\/livinghome.vn\/thiet-bi\/wp-json\/wp\/v2\/types\/product"}],"replies":[{"embeddable":true,"href":"https:\/\/livinghome.vn\/thiet-bi\/wp-json\/wp\/v2\/comments?post=4036"}],"wp:featuredmedia":[{"embeddable":true,"href":"https:\/\/livinghome.vn\/thiet-bi\/wp-json\/wp\/v2\/media\/4131"}],"wp:attachment":[{"href":"https:\/\/livinghome.vn\/thiet-bi\/wp-json\/wp\/v2\/media?parent=4036"}],"wp:term":[{"taxonomy":"product_brand","embeddable":true,"href":"https:\/\/livinghome.vn\/thiet-bi\/wp-json\/wp\/v2\/product_brand?post=4036"},{"taxonomy":"product_cat","embeddable":true,"href":"https:\/\/livinghome.vn\/thiet-bi\/wp-json\/wp\/v2\/product_cat?post=4036"},{"taxonomy":"product_tag","embeddable":true,"href":"https:\/\/livinghome.vn\/thiet-bi\/wp-json\/wp\/v2\/product_tag?post=4036"}],"curies":[{"name":"wp","href":"https:\/\/api.w.org\/{rel}","templated":true}]}}