{"id":4033,"date":"2023-01-12T18:49:57","date_gmt":"2023-01-12T18:49:57","guid":{"rendered":"https:\/\/livinghome.vn\/thiet-bi\/?post_type=product&#038;p=4033"},"modified":"2024-11-29T14:20:12","modified_gmt":"2024-11-29T07:20:12","slug":"bep-tu-arber-ab384","status":"publish","type":"product","link":"https:\/\/livinghome.vn\/thiet-bi\/bep-tu-arber-ab384\/","title":{"rendered":"B\u1ebfp t\u1eeb Arber AB384 m\u1eb7t k\u00ednh ceramic ch\u1ecbu nhi\u1ec7t ch\u1ecbu l\u1ef1c"},"content":{"rendered":"<p>B\u1ebfp t\u1eeb Arber AB384 c\u00f2n c\u00f3 c\u00e1c t\u00ednh n\u0103ng an to\u00e0n th\u00f4ng minh nh\u01b0: C\u1ea3nh b\u00e1o l\u01b0\u1ee3ng nhi\u1ec7t d\u01b0 v\u00f9ng n\u1ea5u, kh\u00f3a an to\u00e0n tr\u1ebb em, t\u1ef1 \u0111\u1ed9ng t\u1eaft b\u1ebfp khi kh\u00f4ng c\u00f3 n\u1ed3i ho\u1eb7c \u0111\u1ec3 qu\u00ean, h\u1ec7 th\u1ed1ng b\u1ea3o v\u1ec7 an to\u00e0n qu\u00e1 nhi\u1ec7t, qu\u00e1 \u00e1p, h\u1eb9n th\u1eddi gian \u0111\u1ed9c l\u1eadp cho t\u1eebng b\u1ebfp\u2026.<\/p>\n<h2>B\u1ebfp t\u1eeb Arber AB384 c\u00f3 nh\u1eefng chi ti\u1ebft g\u00ec n\u1ed5i b\u1eadt<\/h2>\n<h3>T\u00ednh n\u0103ng s\u1ea3n ph\u1ea9m<\/h3>\n<ul>\n<li>Ph\u00e2n lo\u1ea1i : <a href=\"https:\/\/livinghome.vn\/thiet-bi\/bep-tu\/\">B\u1ebfp t\u1eeb<\/a> Arber AB384<\/li>\n<li>M\u1eb7t k\u00ednh ceramic ch\u1ecbu nhi\u1ec7t, ch\u1ecbu l\u1ef1c.<\/li>\n<li>M\u00e2m t\u1eeb \u0111\u01b0\u1eddng k\u00ednh 22cm<\/li>\n<li>B\u00e0n ph\u00edm \u0111i\u1ec1u khi\u1ec3n d\u1ea1ng nh\u1ea5n<\/li>\n<li>H\u1eb9n gi\u1edd \u0111\u1ed9c l\u1eadp cho t\u1eebng v\u00f9ng n\u1ea5u, th\u1eddi gian h\u1eb9n \u0111\u1ebfn 9.30 ph\u00fat<\/li>\n<li>T\u1ef1 \u0111\u1ed9ng chia s\u1ebb c\u00f4ng su\u1ea5t gi\u1eefa 2 b\u1ebfp, max 3600W<\/li>\n<\/ul>\n<p>B\u1ebfp t\u1eeb Arber AB384 \u0111\u01b0\u1ee3c thi\u1ebft k\u1ebf \u0111\u1ea7y m\u1ea1nh m\u1ebd v\u1edbi m\u1eb7t k\u00ednh \u0111en t\u1ed1t nh\u1ea5t hi\u1ec7n nay c\u00f3 b\u1ec1 m\u1eb7t ch\u1ed1ng tr\u1ea7y x\u01b0\u1edbc, ch\u1ecbu l\u1ef1c cao, kh\u1ea3 n\u0103ng ch\u1ecbu nhi\u1ec7t l\u00ean \u0111\u1ebfn 1000oC, ch\u1ecbu s\u1ed1c nhi\u1ec7t \u0111\u1ebfn 800oC.M\u1eb7t k\u00ednh n\u00e0y kh\u00f4ng ch\u1ee9a c\u00e1c ch\u1ea5t \u0111\u1ed9c h\u1ea1i g\u00e2y \u1ea3nh h\u01b0\u1edfng \u0111\u1ebfn s\u1ee9c kh\u1ecfe c\u1ee7a ng\u01b0\u1eddi s\u1eed d\u1ee5ng.<\/p>\n<p>B\u1ebfp t\u1eeb Arber AB384 \u0111\u01b0\u1ee3c thi\u1ebft k\u1ebf v\u1edbi 2 m\u00e2m t\u1eeb ri\u00eang bi\u1ec7t t\u1ef1 \u0111\u1ed9ng nh\u1eadn di\u1ec7n \u0111\u00e1y n\u1ed3i \u0111\u1ec3 sinh nhi\u1ec7t \u0111\u1ec3 gi\u00fap ti\u1ebft ki\u1ec7m \u0111i\u1ec7n n\u0103ng cho gia \u0111\u00ecnh, thi\u1ebft k\u1ebf t\u01b0\u01a1ng \u1ee9ng v\u1edbi h\u1ec7 th\u1ed1ng hai b\u1ea3ng \u0111i\u1ec1u khi\u1ec3n \u0111\u1ed9c l\u1eadp gi\u00fap ng\u01b0\u1eddi d\u00f9ng thao t\u00e1c d\u1ec5 d\u00e0ng h\u01a1n.<\/p>\n<p>M\u1ed7i v\u00f9ng n\u1ea5u c\u1ee7a b\u1ebfp c\u00f3 c\u00f4ng su\u1ea5t c\u1ef1c \u0111\u1ea1i \u0111\u1ea1t ng\u01b0\u1ee1ng 2000w, b\u1ebfp t\u00edch h\u1ee3p c\u00f4ng ngh\u1ec7 t\u1ef1 \u0111\u1ed9ng san c\u00f4ng su\u1ea5t an to\u00e0n, t\u1ed5ng c\u00f4ng su\u1ea5t khi n\u1ea5u c\u1ea3 2 v\u00f9ng n\u1ea5u l\u00ean t\u1edbi 3600w.<\/p>\n<h3>T\u00ednh n\u0103ng an to\u00e0n<\/h3>\n<ul>\n<li>C\u1ea3nh b\u00e1o nhi\u1ec7t d\u01b0 v\u00f9ng n\u1ea5u Residual heat<\/li>\n<li>Kh\u00f3a an to\u00e0n tr\u1ebb em Child lock<\/li>\n<li>T\u1ef1 \u0111\u1ed9ng t\u1eaft b\u1ebfp khi kh\u00f4ng c\u00f3 n\u1ed3i ( tr\u00ean b\u1ebfp t\u1eeb)<\/li>\n<li>H\u1ec7 th\u1ed1ng b\u1ea3o v\u1ec7 an to\u00e0n qu\u00e1 nhi\u1ec7t, qu\u00e1 \u00e1p<\/li>\n<\/ul>\n<h3>T\u00ednh n\u0103ng m\u1eb7t k\u00ednh<\/h3>\n<ul>\n<li>M\u1eb7t k\u00ednh li\u1ec1n nguy\u00ean kh\u1ed1i, v\u00e1t c\u1ea1nh, m\u00e0u \u0111en sang tr\u1ecdng<\/li>\n<li>B\u1ec1 m\u1eb7t ch\u1ed1ng tr\u1ea7y x\u01b0\u1edbc, ch\u1ecbu l\u1ef1c cao<\/li>\n<li>Kh\u1ea3 n\u0103ng ch\u1ecbu nhi\u1ec7t l\u00ean \u0111\u1ebfn 1000oC, ch\u1ecbu s\u1ed1c nhi\u1ec7t \u0111\u1ebfn 800oC<\/li>\n<\/ul>\n<h3>Th\u00f4ng s\u1ed1 k\u1ef9 thu\u1eadt<\/h3>\n<ul>\n<li>\u0110i\u1ec7n \u00e1p 220-240V\/50Hz<\/li>\n<li>C\u00f4ng su\u1ea5t: max 3600W ( Ph\u1ea3i: 2000W ,Tr\u00e1i: 2000W)<\/li>\n<li>K\u00edch th\u01b0\u1edbc (d\u00e0i x r\u1ed9ng x cao): 720\u00a0x 425 x 100mm<\/li>\n<li>K\u00edch th\u01b0\u1edbc kho\u00e9t l\u1ed7: 670 x 400mm<\/li>\n<li>Tr\u1ecdng l\u01b0\u1ee3ng: 9.0 kg<\/li>\n<\/ul>\n<figure id=\"attachment_64625\" aria-describedby=\"caption-attachment-64625\" style=\"width: 800px\" class=\"wp-caption aligncenter\"><img loading=\"lazy\" decoding=\"async\" class=\"size-large wp-image-64625\" src=\"https:\/\/livinghome.vn\/thiet-bi\/wp-content\/uploads\/nha-bep\/arber\/bep-tu\/bep-tu-arber-ab384\/bep-tu-arber-ab384-1-800x800.jpg\" alt=\"B\u1ebfp t\u1eeb Arber AB384 m\u1eb7t k\u00ednh ceramic ch\u1ecbu nhi\u1ec7t ch\u1ecbu l\u1ef1c\" width=\"800\" height=\"800\" title=\"\"><figcaption id=\"caption-attachment-64625\" class=\"wp-caption-text\">B\u1ebfp t\u1eeb Arber AB384 m\u1eb7t k\u00ednh ceramic ch\u1ecbu nhi\u1ec7t ch\u1ecbu l\u1ef1c<\/figcaption><\/figure>\n","protected":false},"excerpt":{"rendered":"<p>\u0110i\u1ec7n \u00e1p 220-240V\/50Hz<\/p>\n<p>C\u00f4ng su\u1ea5t: max 3600W ( Ph\u1ea3i: 2000W ,Tr\u00e1i: 2000W)<\/p>\n<p>K\u00edch th\u01b0\u1edbc (d\u00e0i x r\u1ed9ng x cao): 720 x 425 x 100mm<\/p>\n<p>K\u00edch th\u01b0\u1edbc kho\u00e9t l\u1ed7: 670 x 400mm<\/p>\n<p>Tr\u1ecdng l\u01b0\u1ee3ng: 9.0 kg<\/p>\n<p>Th\u1eddi gian b\u1ea3o h\u00e0nh : 2 n\u0103m<\/p>\n","protected":false},"featured_media":4123,"comment_status":"open","ping_status":"closed","template":"","meta":[],"product_brand":[],"product_cat":[745,794,799,75,710,795,447],"product_tag":[448,76,168,456],"class_list":{"0":"post-4033","1":"product","2":"type-product","3":"status-publish","4":"has-post-thumbnail","6":"product_cat-bep-dien-tu","7":"product_cat-bep-2-tu","8":"product_cat-bep-dien-tu-hinh-chu-nhat","9":"product_cat-bep-tu","10":"product_cat-bep-tu-arber","11":"product_cat-bep-tu-doi","12":"product_cat-thuong-hieu-arber","13":"product_tag-arber","14":"product_tag-bep-tu","15":"product_tag-bep-tu-am","16":"product_tag-bep-tu-arber","18":"first","19":"instock","20":"sale","21":"shipping-taxable","22":"purchasable","23":"product-type-simple"},"_links":{"self":[{"href":"https:\/\/livinghome.vn\/thiet-bi\/wp-json\/wp\/v2\/product\/4033","targetHints":{"allow":["GET"]}}],"collection":[{"href":"https:\/\/livinghome.vn\/thiet-bi\/wp-json\/wp\/v2\/product"}],"about":[{"href":"https:\/\/livinghome.vn\/thiet-bi\/wp-json\/wp\/v2\/types\/product"}],"replies":[{"embeddable":true,"href":"https:\/\/livinghome.vn\/thiet-bi\/wp-json\/wp\/v2\/comments?post=4033"}],"wp:featuredmedia":[{"embeddable":true,"href":"https:\/\/livinghome.vn\/thiet-bi\/wp-json\/wp\/v2\/media\/4123"}],"wp:attachment":[{"href":"https:\/\/livinghome.vn\/thiet-bi\/wp-json\/wp\/v2\/media?parent=4033"}],"wp:term":[{"taxonomy":"product_brand","embeddable":true,"href":"https:\/\/livinghome.vn\/thiet-bi\/wp-json\/wp\/v2\/product_brand?post=4033"},{"taxonomy":"product_cat","embeddable":true,"href":"https:\/\/livinghome.vn\/thiet-bi\/wp-json\/wp\/v2\/product_cat?post=4033"},{"taxonomy":"product_tag","embeddable":true,"href":"https:\/\/livinghome.vn\/thiet-bi\/wp-json\/wp\/v2\/product_tag?post=4033"}],"curies":[{"name":"wp","href":"https:\/\/api.w.org\/{rel}","templated":true}]}}