{"id":4016,"date":"2023-01-12T18:49:32","date_gmt":"2023-01-12T18:49:32","guid":{"rendered":"https:\/\/livinghome.vn\/thiet-bi\/?post_type=product&#038;p=4016"},"modified":"2024-11-29T14:20:13","modified_gmt":"2024-11-29T07:20:13","slug":"bep-tu-arber-ab395","status":"publish","type":"product","link":"https:\/\/livinghome.vn\/thiet-bi\/bep-tu-arber-ab395\/","title":{"rendered":"B\u1ebfp t\u1eeb Arber AB395 m\u1eb7t k\u00ednh Kanger ch\u1ecbu nhi\u1ec7t ch\u1ecbu l\u1ef1c v\u00e1t 2 c\u1ea1nh"},"content":{"rendered":"<p>B\u1ebfp t\u1eeb Arber AB395 l\u00e0 d\u00f2ng s\u1ea3n ph\u1ea9m b\u1ebfp t\u1eeb \u00e2m th\u1ebf h\u1ec7 m\u1edbi c\u1ee7a th\u01b0\u01a1ng hi\u1ec7u Arber, nh\u1eadp kh\u1ea9u t\u1eeb \u0110\u1ee9c, \u0111\u01b0\u1ee3c s\u1ea3n s\u1ea3n xu\u1ea5t tr\u00ean c\u00f4ng ngh\u1ec7 hi\u1ec7n \u0111\u1ea1i c\u1ee7a Ch\u00e2u \u00c2u. V\u1edbi thi\u1ebft k\u1ebf 2 b\u1ebfp t\u1eeb tr\u00ean c\u0169ng m\u1ed9t m\u1eb7t b\u1ebfp, mang \u0111\u1ebfn hi\u1ec7u qu\u1ea3 n\u1ea5u n\u01b0\u1edbng cho gia \u0111\u00ecnh b\u1ea1n. B\u1ebfp \u0111\u01b0\u1ee3c thi\u1ebft k\u1ebf ki\u1ec3u d\u00e1ng g\u1ecdn nh\u1eb9, m\u1eb7t k\u00ednh l\u00e0m b\u1eb1ng ch\u1ea5t li\u1ec7u ceramic d\u1ec5 lau ch\u00f9i v\u00e0 ch\u1ed1ng tr\u1ea7y x\u01b0\u1edbc, c\u00f4ng ngh\u1ec7 m\u00e0n h\u00ecnh k\u0129 thu\u1eadt s\u1ed1, h\u1ec7 th\u1ed1ng \u0111\u1ed1i l\u01b0u \u0111\u1eb7c bi\u1ec7t, ch\u1ed1ng s\u1ed1c. \u0110\u00e2y th\u1eadt s\u1ef1 l\u00e0 s\u1ea3n ph\u1ea9m m\u00e0 bao gia \u0111\u00ecnh mong mu\u1ed1n s\u1edf h\u1eefu.<\/p>\n<h2>B\u1ebfp t\u1eeb Arber AB395 c\u00f3 nh\u1eefng chi ti\u1ebft g\u00ec n\u1ed5i b\u1eadt<\/h2>\n<h3>T\u00ednh n\u0103ng s\u1ea3n ph\u1ea9m<\/h3>\n<ul>\n<li>Ph\u00e2n lo\u1ea1i : <a href=\"https:\/\/livinghome.vn\/thiet-bi\/bep-tu\/\">B\u1ebfp t\u1eeb<\/a> Arber AB395<\/li>\n<li>M\u1eb7t k\u00ednh Kanger ch\u1ecbu nhi\u1ec7t, ch\u1ecbu l\u1ef1c v\u00e1t 2 c\u1ea1nh<\/li>\n<li>M\u00e2m t\u1eeb \u0111\u01b0\u1eddng k\u00ednh 26cm<\/li>\n<li>H\u1eb9n gi\u1edd \u0111\u1ed9c l\u1eadp cho t\u1eebng v\u00f9ng n\u1ea5u, th\u1eddi gian h\u1eb9n \u0111\u1ebfn 8.00 gi\u1edd<\/li>\n<li>\u0110i\u1ec1u khi\u1ec3n c\u00f4ng su\u1ea5t \/ nhi\u1ec7t \u0111\u1ed9 nhi\u1ec1u m\u1ee9c<\/li>\n<li>B\u00e0n ph\u00edm si\u00eau nh\u1ea1y c\u1ea3 khi tay \u01b0\u1edbt<\/li>\n<li>T\u1ef1 \u0111\u1ed9ng chia s\u1ebb c\u00f4ng su\u1ea5t gi\u1eefa 2 b\u1ebfp, max 3600W<\/li>\n<\/ul>\n<p>B\u1ebfp t\u1eeb Arber AB395 v\u1edbi c\u00e1c n\u00fat c\u1ea3m \u1ee9ng ch\u1ea1m th\u00ec vi\u1ec7c \u0111i\u1ec1u khi\u1ec3n ch\u1ee9c n\u0103ng l\u00e0 v\u00f4 c\u00f9ng \u0111\u01a1n gi\u1ea3n, d\u1ec5 d\u00e0ng thao t\u00e1c, s\u1eed d\u1ee5ng. K\u00ednh c\u00f3 kh\u1ea3 n\u0103ng ch\u1ecbu nhi\u1ec7t ch\u1ecbu l\u1ef1c t\u1ed1t, ch\u1ecbu s\u1ed1c nhi\u1ec7t cao. C\u00f4ng su\u1ea5t l\u00e0 2000W gi\u00fap n\u1ea5u c\u00e1c m\u00f3n \u0103n\u00a0 nhanh h\u01a1n ti\u1ebft ki\u1ec7m th\u1eddi gian \u0111\u1ec3 ch\u0103m s\u00f3c gia \u0111\u00ecnh. C\u00f9ng v\u1edbi ch\u1ee9c n\u0103ng n\u1ea5u nhanh cho 2 v\u00f9ng b\u1ebfp \u0111i\u1ec7n n\u1ea5u linh ho\u1ea1t.<\/p>\n<figure id=\"attachment_64637\" aria-describedby=\"caption-attachment-64637\" style=\"width: 1020px\" class=\"wp-caption aligncenter\"><img loading=\"lazy\" decoding=\"async\" class=\"size-large wp-image-64637\" src=\"https:\/\/livinghome.vn\/thiet-bi\/wp-content\/uploads\/nha-bep\/arber\/bep-tu\/bep-tu-arber-ab395\/bep-tu-arber-ab395-2-1067x800.jpg\" alt=\"B\u1ebfp t\u1eeb Arber AB395 m\u1eb7t k\u00ednh Kanger ch\u1ecbu nhi\u1ec7t ch\u1ecbu l\u1ef1c v\u00e1t 2 c\u1ea1nh \" width=\"1020\" height=\"765\" title=\"\"><figcaption id=\"caption-attachment-64637\" class=\"wp-caption-text\">B\u1ebfp t\u1eeb Arber AB395 m\u1eb7t k\u00ednh Kanger ch\u1ecbu nhi\u1ec7t ch\u1ecbu l\u1ef1c v\u00e1t 2 c\u1ea1nh<\/figcaption><\/figure>\n<p>B\u1ebfp t\u1eeb \u00e2m\u00a0Arber AB395\u00a0c\u00e0i \u0111\u1eb7t s\u1eb5n c\u00f4ng su\u1ea5t, nhi\u1ec7t \u0111\u1ed9 cho m\u1ed9t s\u1ed1 ch\u1ee9c n\u0103ng n\u1ea5u n\u01b0\u1edbng ri\u00eang bi\u1ec7t nh\u01b0 chi\u00ean, x\u00e0o, h\u00e2m n\u00f3ng, n\u1ea5u l\u1ea9u&#8230; B\u1ea1n c\u00f3 th\u1ec3 d\u1ec5 d\u00e0ng t\u1ef1 \u0111i\u1ec1u ch\u1ec9nh c\u00f4ng su\u1ea5t, nhi\u1ec7t \u0111\u1ed9 t\u00f9y theo nhu c\u1ea7u n\u1ea5u n\u01b0\u1edbng. C\u00f3 ch\u1ebf \u0111\u1ed9 h\u1eb9n gi\u1edd v\u00e0 b\u1ea3ng \u0111i\u1ec1u khi\u1ec3n \u0111i\u1ec7n t\u1eed d\u1ec5 d\u00e0ng s\u1eed d\u1ee5ng.<\/p>\n<h3>T\u00ednh n\u0103ng an to\u00e0n<\/h3>\n<ul>\n<li>C\u1ea3nh b\u00e1o nhi\u1ec7t d\u01b0 v\u00f9ng n\u1ea5u Residual heat<\/li>\n<li>Kh\u00f3a an to\u00e0n tr\u1ebb em Child lock<\/li>\n<li>T\u1ef1 \u0111\u1ed9ng t\u1eaft b\u1ebfp khi kh\u00f4ng c\u00f3 n\u1ed3i ( tr\u00ean b\u1ebfp t\u1eeb)<\/li>\n<li>H\u1ec7 th\u1ed1ng b\u1ea3o v\u1ec7 an to\u00e0n qu\u00e1 nhi\u1ec7t, qu\u00e1 \u00e1p<\/li>\n<\/ul>\n<h3>T\u00ednh n\u0103ng m\u1eb7t k\u00ednh<\/h3>\n<ul>\n<li>M\u1eb7t k\u00ednh li\u1ec1n nguy\u00ean kh\u1ed1i, m\u00e0u \u0111en v\u00e1t 2 c\u1ea1nh sang tr\u1ecdng<\/li>\n<li>B\u1ec1 m\u1eb7t ch\u1ed1ng tr\u1ea7y x\u01b0\u1edbc, ch\u1ecbu l\u1ef1c cao<\/li>\n<li>Kh\u1ea3 n\u0103ng ch\u1ecbu nhi\u1ec7t l\u00ean \u0111\u1ebfn 1000<sup>o<\/sup>C, ch\u1ecbu s\u1ed1c nhi\u1ec7t \u0111\u1ebfn 800<sup>o<\/sup>C<\/li>\n<\/ul>\n<h3>Th\u00f4ng s\u1ed1 k\u1ef9 thu\u1eadt<\/h3>\n<ul>\n<li>\u0110i\u1ec7n \u00e1p 220-240V\/50Hz<\/li>\n<li>C\u00f4ng su\u1ea5t: max 3600W ( Ph\u1ea3i: 2000W &#8211; Booster ,Tr\u00e1i: 2000W &#8211; Booster )<\/li>\n<li>K\u00edch th\u01b0\u1edbc (d\u00e0i x r\u1ed9ng x cao): 720 x 430 x 100mm<\/li>\n<li>K\u00edch th\u01b0\u1edbc kho\u00e9t l\u1ed7: 680 x 390mm<\/li>\n<li>Tr\u1ecdng l\u01b0\u1ee3ng: 9.0 kg<\/li>\n<\/ul>\n<figure id=\"attachment_64636\" aria-describedby=\"caption-attachment-64636\" style=\"width: 800px\" class=\"wp-caption aligncenter\"><img loading=\"lazy\" decoding=\"async\" class=\"size-large wp-image-64636\" src=\"https:\/\/livinghome.vn\/thiet-bi\/wp-content\/uploads\/nha-bep\/arber\/bep-tu\/bep-tu-arber-ab395\/bep-tu-arber-ab395-1-800x800.jpg\" alt=\"B\u1ebfp t\u1eeb Arber AB395 m\u1eb7t k\u00ednh Kanger ch\u1ecbu nhi\u1ec7t ch\u1ecbu l\u1ef1c v\u00e1t 2 c\u1ea1nh \" width=\"800\" height=\"800\" title=\"\"><figcaption id=\"caption-attachment-64636\" class=\"wp-caption-text\">B\u1ebfp t\u1eeb Arber AB395 m\u1eb7t k\u00ednh Kanger ch\u1ecbu nhi\u1ec7t ch\u1ecbu l\u1ef1c v\u00e1t 2 c\u1ea1nh<\/figcaption><\/figure>\n","protected":false},"excerpt":{"rendered":"<p>\u0110i\u1ec7n \u00e1p 220-240V\/50Hz<\/p>\n<p>C\u00f4ng su\u1ea5t: max 3400W ( Ph\u1ea3i: 2000W, Tr\u00e1i 2000W )<\/p>\n<p>K\u00edch th\u01b0\u1edbc (d\u00e0i x r\u1ed9ng x cao): 720 x 430 x 100mm<\/p>\n<p>K\u00edch th\u01b0\u1edbc kho\u00e9t l\u1ed7: 680 x 390mm<\/p>\n<p>Tr\u1ecdng l\u01b0\u1ee3ng: 9.0 kg<\/p>\n","protected":false},"featured_media":4120,"comment_status":"open","ping_status":"closed","template":"","meta":[],"product_brand":[],"product_cat":[745,75,710,447],"product_tag":[448,76,168,456],"class_list":{"0":"post-4016","1":"product","2":"type-product","3":"status-publish","4":"has-post-thumbnail","6":"product_cat-bep-dien-tu","7":"product_cat-bep-tu","8":"product_cat-bep-tu-arber","9":"product_cat-thuong-hieu-arber","10":"product_tag-arber","11":"product_tag-bep-tu","12":"product_tag-bep-tu-am","13":"product_tag-bep-tu-arber","15":"first","16":"instock","17":"sale","18":"shipping-taxable","19":"purchasable","20":"product-type-simple"},"_links":{"self":[{"href":"https:\/\/livinghome.vn\/thiet-bi\/wp-json\/wp\/v2\/product\/4016","targetHints":{"allow":["GET"]}}],"collection":[{"href":"https:\/\/livinghome.vn\/thiet-bi\/wp-json\/wp\/v2\/product"}],"about":[{"href":"https:\/\/livinghome.vn\/thiet-bi\/wp-json\/wp\/v2\/types\/product"}],"replies":[{"embeddable":true,"href":"https:\/\/livinghome.vn\/thiet-bi\/wp-json\/wp\/v2\/comments?post=4016"}],"wp:featuredmedia":[{"embeddable":true,"href":"https:\/\/livinghome.vn\/thiet-bi\/wp-json\/wp\/v2\/media\/4120"}],"wp:attachment":[{"href":"https:\/\/livinghome.vn\/thiet-bi\/wp-json\/wp\/v2\/media?parent=4016"}],"wp:term":[{"taxonomy":"product_brand","embeddable":true,"href":"https:\/\/livinghome.vn\/thiet-bi\/wp-json\/wp\/v2\/product_brand?post=4016"},{"taxonomy":"product_cat","embeddable":true,"href":"https:\/\/livinghome.vn\/thiet-bi\/wp-json\/wp\/v2\/product_cat?post=4016"},{"taxonomy":"product_tag","embeddable":true,"href":"https:\/\/livinghome.vn\/thiet-bi\/wp-json\/wp\/v2\/product_tag?post=4016"}],"curies":[{"name":"wp","href":"https:\/\/api.w.org\/{rel}","templated":true}]}}