{"id":4013,"date":"2023-01-12T18:49:32","date_gmt":"2023-01-12T18:49:32","guid":{"rendered":"https:\/\/livinghome.vn\/thiet-bi\/?post_type=product&#038;p=4013"},"modified":"2024-11-29T14:20:13","modified_gmt":"2024-11-29T07:20:13","slug":"bep-tu-arber-ab406b-mat-kinh-nguyen-khoi-sang-trong","status":"publish","type":"product","link":"https:\/\/livinghome.vn\/thiet-bi\/bep-tu-arber-ab406b-mat-kinh-nguyen-khoi-sang-trong\/","title":{"rendered":"B\u1ebfp t\u1eeb Arber AB406B m\u1eb7t k\u00ednh nguy\u00ean kh\u1ed1i sang tr\u1ecdng"},"content":{"rendered":"<p>\u0110a s\u1ed1 ki\u1ec3u b\u1ebfp n\u1ea5u c\u1ed5 \u0111i\u1ec3n gi\u1ed1ng nh\u01b0 b\u1ebfp gas, b\u1ebfp than, b\u1ebfp c\u1ee7i, b\u1ebfp r\u01a1m v\u1eabn hay khi\u1ebfn m\u1ea5t an to\u00e0n cho ng\u01b0\u1eddi n\u1ea5u, s\u1ea3n sinh kh\u00f3i l\u00e0m \u00f4 nhi\u1ec5m v\u00e0 kh\u00f4ng \u0111\u1ea3m b\u1ea3o v\u1ec7 sinh cho c\u00e1c m\u00f3n \u0103n. V\u00ec v\u1eady m\u00e0 b\u1ebfp t\u1eeb \u0111ang r\u1ea5t \u0111\u01b0\u1ee3c \u01b0a chu\u1ed9ng v\u00e0 \u0111\u01b0\u1ee3c s\u1eed d\u1ee5ng \u0111\u1ec3 thay th\u1ebf d\u1ea7n cho c\u00e1c lo\u1ea1i b\u1ebfp c\u0169 k\u0129 trong m\u1ecdi gia \u0111\u00ecnh. V\u1edbi d\u00f2ng b\u1ebfp t\u1eeb Arber AB406B l\u00e0 chi\u1ebfc b\u1ebfp ti\u00ean ti\u1ebfn ho\u1ea1t \u0111\u1ed9ng nh\u1edd v\u00e0o nguy\u00ean l\u00fd t\u1eeb t\u00ednh, nhi\u1ec7t b\u1ebfp n\u00e0y c\u00f3 t\u00e1c \u0111\u1ed9ng tr\u1ef1c ti\u1ebfp v\u1edbi \u0111\u00e1y n\u1ed3i v\u00e0 kh\u00f4ng h\u1ec1 t\u1ecfa nhi\u1ec7t ra khu v\u1ef1c xung quanh, kh\u00f4ng s\u1ea3n sinh kh\u00f3i, kh\u00f4ng s\u1ea3n sinh kh\u00ed CO2 n\u00ean v\u1eeba ti\u1ebft ki\u1ec7m l\u1ea1i an to\u00e0n cho ng\u01b0\u1eddi d\u00f9ng.<\/p>\n<h2>B\u1ebfp t\u1eeb Arber AB406B c\u00f3 nh\u1eefng chi ti\u1ebft g\u00ec n\u1ed5i b\u1eadt<\/h2>\n<h3>T\u00ednh n\u0103ng s\u1ea3n ph\u1ea9m<\/h3>\n<ul>\n<li>Ph\u00e2n lo\u1ea1i : <a href=\"https:\/\/livinghome.vn\/thiet-bi\/bep-tu\/\">B\u1ebfp t\u1eeb<\/a> Arber AB406B<\/li>\n<li>M\u1eb7t k\u00ednh Kanger ch\u1ecbu nhi\u1ec7t, bo vi\u1ec1n nh\u00f4m b\u1ed1n c\u1ea1nh<\/li>\n<li>M\u00e2m t\u1eeb \u0111\u01b0\u1eddng k\u00ednh 22cm &#8211; 26cm, Booster l\u00ean \u0111\u1ebfn 2600w<\/li>\n<li>B\u00e0n ph\u00edm \u0111i\u1ec1u khi\u1ec3n d\u1ea1ng Silde b\u00e0n ph\u00edm chung hai b\u1ebfp<\/li>\n<li>Ch\u1ebf \u0111\u1ed9 n\u1ea5u : Chi\u00ean x\u00e0o, h\u1ea7m<\/li>\n<li>H\u1eb9n gi\u1edd \u0111\u1ed9c l\u1eadp cho t\u1eebng v\u00f9ng n\u1ea5u, th\u1eddi gian h\u1eb9n \u0111\u1ebfn 9.30 ph\u00fat<\/li>\n<li>T\u1ef1 \u0111\u1ed9ng chia s\u1ebb c\u00f4ng su\u1ea5t gi\u1eefa 2 b\u1ebfp, max 3600W<\/li>\n<li>C\u1ea3nh b\u00e1o nhi\u1ec7t d\u01b0 v\u00f9ng n\u1ea5u Residual heat<\/li>\n<li>Kh\u00f3a an to\u00e0n tr\u1ebb em Child lock<\/li>\n<li>T\u1ef1 \u0111\u1ed9ng t\u1eaft b\u1ebfp khi kh\u00f4ng c\u00f3 n\u1ed3i ( tr\u00ean b\u1ebfp t\u1eeb)<\/li>\n<li>H\u1ec7 th\u1ed1ng b\u1ea3o v\u1ec7 an to\u00e0n qu\u00e1 nhi\u1ec7t, qu\u00e1 \u00e1p<\/li>\n<\/ul>\n<p><span style=\"font-weight: 400;\">B\u1ebfp t\u1eeb Arber AB406B s\u1eed d\u1ee5ng m\u1eb7t k\u00ednh Kanger nh\u1eadp kh\u1ea9u c\u00f3 kh\u1ea3 n\u0103ng ch\u1ecbu l\u1ef1c va \u0111\u1eadp v\u00e0 s\u1ed1c nhi\u1ec7t t\u1edbi 1000 \u0111\u1ed9 C, ch\u1ed1ng x\u01b0\u1edbc t\u1ed1t n\u00ean tu\u1ed5i th\u1ecd cao. M\u1eb7t b\u1ebfp t\u1ea3n nhi\u1ec7t nhanh v\u00e0 \u0111\u01b0\u1ee3c c\u00e1ch \u0111i\u1ec7n an to\u00e0n v\u1edbi c\u00e1c linh ki\u1ec7n \u0111i\u1ec7n t\u1eed b\u00ean trong th\u00e2n.<\/span><\/p>\n<figure id=\"attachment_64653\" aria-describedby=\"caption-attachment-64653\" style=\"width: 1020px\" class=\"wp-caption aligncenter\"><img loading=\"lazy\" decoding=\"async\" class=\"size-large wp-image-64653\" src=\"https:\/\/livinghome.vn\/thiet-bi\/wp-content\/uploads\/nha-bep\/arber\/bep-tu\/bep-tu-arber-ab406b\/bep-tu-arber-ab406b-2-1067x800.jpg\" alt=\"B\u1ebfp t\u1eeb Arber AB406B m\u1eb7t k\u00ednh nguy\u00ean kh\u1ed1i sang tr\u1ecdng \" width=\"1020\" height=\"765\" title=\"\"><figcaption id=\"caption-attachment-64653\" class=\"wp-caption-text\">B\u1ebfp t\u1eeb Arber AB406B m\u1eb7t k\u00ednh nguy\u00ean kh\u1ed1i sang tr\u1ecdng<\/figcaption><\/figure>\n<p><span style=\"font-weight: 400;\">B\u1ebfp g\u1ed3m 2 v\u00f9ng n\u1ea5u v\u1edbi t\u1ed5ng c\u00f4ng su\u1ea5t l\u00e0 4000W, c\u00f4ng su\u1ea5t m\u1ed7i v\u00f9ng n\u1ea5u l\u00e0 2000W c\u00f3 th\u1ec3 \u0111\u1ea1t m\u1ee9c c\u00f4ng su\u1ea5t t\u1ed1i \u0111a khi booster t\u1ea1i b\u1ebfp ph\u1ea3i l\u00e0 2600W. <\/span><\/p>\n<p><span style=\"font-weight: 400;\">Ch\u1ee9c n\u0103ng Booster \u1edf v\u00f9ng t\u1eeb n\u1ea5u si\u00eau nhanh, tuy nhi\u00ean th\u1eddi gian t\u1ed1i \u0111a m\u1eb7c \u0111\u1ecbnh d\u00f9ng ch\u1ee9c n\u0103ng n\u00e0y l\u00e0 10 ph\u00fat\/l\u1ea7n tr\u00e1nh qu\u00e1 t\u1ea3i.T\u00ednh n\u0103ng an to\u00e0n<\/span><\/p>\n<h3>T\u00ednh n\u0103ng m\u1eb7t k\u00ednh<\/h3>\n<ul>\n<li>M\u1eb7t k\u00ednh li\u1ec1n nguy\u00ean kh\u1ed1i, m\u00e0u \u0111en sang tr\u1ecdng<\/li>\n<li>B\u1ec1 m\u1eb7t ch\u1ed1ng tr\u1ea7y x\u01b0\u1edbc, ch\u1ecbu l\u1ef1c cao<\/li>\n<li>Kh\u1ea3 n\u0103ng ch\u1ecbu nhi\u1ec7t l\u00ean \u0111\u1ebfn 1000<sup>o<\/sup>C, ch\u1ecbu s\u1ed1c nhi\u1ec7t \u0111\u1ebfn 800<sup>o<\/sup>C<\/li>\n<\/ul>\n<h3>Th\u00f4ng s\u1ed1 k\u1ef9 thu\u1eadt<\/h3>\n<ul>\n<li>\u0110i\u1ec7n \u00e1p 220-240V\/50Hz<\/li>\n<li>C\u00f4ng su\u1ea5t: max 3600W ( Ph\u1ea3i: 2000W &#8211; Booster 2600W ,Tr\u00e1i: 2000W)<\/li>\n<li>K\u00edch th\u01b0\u1edbc (d\u00e0i x r\u1ed9ng x cao): 720 x 430 x 100mm<\/li>\n<li>K\u00edch th\u01b0\u1edbc kho\u00e9t l\u1ed7: 680 x 390mm<\/li>\n<li>Tr\u1ecdng l\u01b0\u1ee3ng: 9.0 kg<\/li>\n<\/ul>\n<figure id=\"attachment_64655\" aria-describedby=\"caption-attachment-64655\" style=\"width: 800px\" class=\"wp-caption aligncenter\"><img loading=\"lazy\" decoding=\"async\" class=\"size-large wp-image-64655\" src=\"https:\/\/livinghome.vn\/thiet-bi\/wp-content\/uploads\/nha-bep\/arber\/bep-tu\/bep-tu-arber-ab406b\/bep-tu-arber-ab406b-1-800x800.jpg\" alt=\"B\u1ebfp t\u1eeb Arber AB406B m\u1eb7t k\u00ednh nguy\u00ean kh\u1ed1i sang tr\u1ecdng \" width=\"800\" height=\"800\" title=\"\"><figcaption id=\"caption-attachment-64655\" class=\"wp-caption-text\">B\u1ebfp t\u1eeb Arber AB406B m\u1eb7t k\u00ednh nguy\u00ean kh\u1ed1i sang tr\u1ecdng<\/figcaption><\/figure>\n","protected":false},"excerpt":{"rendered":"<div class=\"clearfix summary mb-3\">\n<div class=\"clearfix summary mb-3\">\n<p>\u0110i\u1ec7n \u00e1p 220-240V\/50Hz<\/p>\n<p>C\u00f4ng su\u1ea5t: max 3600W ( Ph\u1ea3i: 2000W &#8211; Booster 2600W ,Tr\u00e1i: 2000W)<\/p>\n<p>K\u00edch th\u01b0\u1edbc (d\u00e0i x r\u1ed9ng x cao): 720 x 430 x 100mm<\/p>\n<p>K\u00edch th\u01b0\u1edbc kho\u00e9t l\u1ed7: 680 x 390mm<\/p>\n<p>Tr\u1ecdng l\u01b0\u1ee3ng: 9.0 kg<\/p>\n<p>Th\u1eddi gian b\u1ea3n h\u00e0nh : 2 n\u0103m<\/p>\n<\/div>\n<div class=\"like-socials\">\n<div class=\"fb-like fb_iframe_widget\" data-href=\"https:\/\/arber.vn\/san-pham\/bep-tu\/bep-tu-doi-ab406b.html\" data-layout=\"button_count\" data-action=\"like\" data-size=\"small\" data-show-faces=\"false\" data-share=\"false\"><\/div>\n<\/div>\n<\/div>\n","protected":false},"featured_media":4107,"comment_status":"open","ping_status":"closed","template":"","meta":[],"product_brand":[],"product_cat":[745,794,796,799,75,710,795,447],"product_tag":[448,76,168,456],"class_list":{"0":"post-4013","1":"product","2":"type-product","3":"status-publish","4":"has-post-thumbnail","6":"product_cat-bep-dien-tu","7":"product_cat-bep-2-tu","8":"product_cat-bep-dien-tu-doi","9":"product_cat-bep-dien-tu-hinh-chu-nhat","10":"product_cat-bep-tu","11":"product_cat-bep-tu-arber","12":"product_cat-bep-tu-doi","13":"product_cat-thuong-hieu-arber","14":"product_tag-arber","15":"product_tag-bep-tu","16":"product_tag-bep-tu-am","17":"product_tag-bep-tu-arber","19":"first","20":"instock","21":"sale","22":"shipping-taxable","23":"purchasable","24":"product-type-simple"},"_links":{"self":[{"href":"https:\/\/livinghome.vn\/thiet-bi\/wp-json\/wp\/v2\/product\/4013","targetHints":{"allow":["GET"]}}],"collection":[{"href":"https:\/\/livinghome.vn\/thiet-bi\/wp-json\/wp\/v2\/product"}],"about":[{"href":"https:\/\/livinghome.vn\/thiet-bi\/wp-json\/wp\/v2\/types\/product"}],"replies":[{"embeddable":true,"href":"https:\/\/livinghome.vn\/thiet-bi\/wp-json\/wp\/v2\/comments?post=4013"}],"wp:featuredmedia":[{"embeddable":true,"href":"https:\/\/livinghome.vn\/thiet-bi\/wp-json\/wp\/v2\/media\/4107"}],"wp:attachment":[{"href":"https:\/\/livinghome.vn\/thiet-bi\/wp-json\/wp\/v2\/media?parent=4013"}],"wp:term":[{"taxonomy":"product_brand","embeddable":true,"href":"https:\/\/livinghome.vn\/thiet-bi\/wp-json\/wp\/v2\/product_brand?post=4013"},{"taxonomy":"product_cat","embeddable":true,"href":"https:\/\/livinghome.vn\/thiet-bi\/wp-json\/wp\/v2\/product_cat?post=4013"},{"taxonomy":"product_tag","embeddable":true,"href":"https:\/\/livinghome.vn\/thiet-bi\/wp-json\/wp\/v2\/product_tag?post=4013"}],"curies":[{"name":"wp","href":"https:\/\/api.w.org\/{rel}","templated":true}]}}