{"id":4010,"date":"2023-01-12T18:49:32","date_gmt":"2023-01-12T18:49:32","guid":{"rendered":"https:\/\/livinghome.vn\/thiet-bi\/?post_type=product&#038;p=4010"},"modified":"2024-11-29T14:20:13","modified_gmt":"2024-11-29T07:20:13","slug":"bep-tu-arber-ab390-mat-kinh-ceramic-chiu-nhiet-chiu-luc","status":"publish","type":"product","link":"https:\/\/livinghome.vn\/thiet-bi\/bep-tu-arber-ab390-mat-kinh-ceramic-chiu-nhiet-chiu-luc\/","title":{"rendered":"B\u1ebfp t\u1eeb Arber AB390 m\u1eb7t k\u00ednh ceramic ch\u1ecbu nhi\u1ec7t ch\u1ecbu l\u1ef1c"},"content":{"rendered":"<p>M\u00f9a h\u00e8 lu\u00f4n l\u00e0 n\u1ed7i \u00e1m \u1ea3nh m\u1ed7i khi b\u01b0\u1edbc v\u00e0o b\u1ebfp, h\u01a1i n\u00f3ng t\u1eeb l\u1eeda nh\u01b0 \u201ctra t\u1ea5n\u201d b\u1ea1n sau khi k\u1ebft th\u00fac ng\u00e0y l\u00e0m vi\u1ec7c m\u1ec7t m\u1ecfi.\u00a0B\u1ebfp t\u1eeb Arber AB390\u00a0v\u1edbi hi\u1ec7u su\u1ea5t n\u1ea5u n\u01b0\u1edbng cao, s\u1ebd x\u00f3a tan ngay n\u1ed7i lo \u1ea5y, cho b\u1ea1n c\u1ea3m nh\u1eadn s\u1ef1 th\u1ecfa m\u00e1i th\u1eadt s\u1ef1 m\u1ed7i khi \u0111eo t\u1ea1p d\u1ec1.<\/p>\n<h2>B\u1ebfp t\u1eeb Arber AB390 c\u00f3 nh\u1eefng chi ti\u1ebft g\u00ec n\u1ed5i b\u1eadt<\/h2>\n<h3>T\u00ednh n\u0103ng s\u1ea3n ph\u1ea9m<\/h3>\n<ul>\n<li>Ph\u00e2n lo\u1ea1i : <a href=\"https:\/\/livinghome.vn\/thiet-bi\/bep-tu\/\">B\u1ebfp t\u1eeb<\/a> Arber AB390<\/li>\n<li>M\u1eb7t k\u00ednh ceramic ch\u1ecbu nhi\u1ec7t, ch\u1ecbu l\u1ef1c<\/li>\n<li>M\u00e2m t\u1eeb \u0111\u01b0\u1eddng k\u00ednh 22cm<\/li>\n<li>B\u00e0n ph\u00edm \u0111i\u1ec1u khi\u1ec3n d\u1ea1ng tr\u01b0\u1ee3t Slide chung 2 b\u1ebfp, ch\u1ebf \u0111\u1ed9 t\u1ea1m d\u1eebng, 8 m\u1ee9c c\u00f4ng su\u1ea5t.<\/li>\n<li>H\u1eb9n gi\u1edd \u0111\u1ed9c l\u1eadp cho t\u1eebng v\u00f9ng n\u1ea5u, th\u1eddi gian h\u1eb9n \u0111\u1ebfn 9.30 ph\u00fat<\/li>\n<li>T\u1ef1 \u0111\u1ed9ng chia s\u1ebb c\u00f4ng su\u1ea5t gi\u1eefa 2 b\u1ebfp, max 3600W<\/li>\n<\/ul>\n<p>B\u1ebfp t\u1eeb Arber AB390\u00a0s\u1eed d\u1ee5ng b\u1ea3o h\u00e0nh hi\u1ec7n \u0111\u1ea1i th\u00f4ng minh nh\u1ea5t b\u00e2y gi\u1edd l\u00e0 b\u1ea3o h\u00e0nh b\u1eb1ng tem \u0111i\u1ec7n t\u1eed, gi\u00fap ng\u01b0\u1eddi ti\u00eau d\u00f9ng tr\u00e1nh b\u1ecb m\u1ea5t phi\u1ebfu b\u1ea3o h\u00e0nh v\u00e0 s\u1ebd nh\u1eadn \u0111\u01b0\u1ee3c qu\u00e0 th\u01b0\u1eddng xuy\u00ean khi s\u1eed d\u1ee5ng b\u1eb1ng b\u1ea3o h\u00e0nh tem \u0111i\u1ec7n t\u1eed.<\/p>\n<p>&nbsp;<\/p>\n<p>H\u1ec7 th\u1ed1ng t\u1ea3n nhi\u1ec7t th\u00f4ng minh kh\u00f4ng g\u00e2y ti\u1ebfng \u1ed3n khi n\u1ea5u, \u0111\u1ea3m b\u1ea3o m\u1ea1ch lu\u00f4n m\u00e1t trong su\u1ed1t qu\u00e1 tr\u00ecnh s\u1eed d\u1ee5ng,\u00a0\u0110i\u1ec1u khi\u1ec3n c\u1ea3m \u1ee9ng d\u1ea1ng \u1ea9n, ho\u1ea1t \u0111\u1ed9ng \u0111\u1ed9c l\u1eadp t\u1eebng b\u1ebfp. M\u00e0n h\u00ecnh hi\u1ec7n th\u1ecb r\u00f5 r\u00e0ng c\u00e1c ch\u1ee9c n\u0103ng, ho\u1ea1t \u0111\u1ed9ng c\u1ee7a b\u1ebfp cho ng\u01b0\u1eddi d\u00f9ng d\u1ec5 theo d\u00f5i.\u00a09 m\u1ee9c c\u00f4ng su\u1ea5t d\u1ec5 l\u1ef1a ch\u1ecdn v\u1edbi t\u1eebng m\u00f3n \u0103n.<\/p>\n<p>B\u1ea1n c\u00f3 th\u1ec3 x\u00e0o, r\u00e1n, lu\u1ed9c, h\u1ea7m v\u1edbi t\u1eebng m\u1ee9c c\u00f4ng nhi\u1ec7t l\u00e0m cho m\u00f3n \u0103n th\u01a1m ngon, \u0111\u1eadm \u0111\u00e0.\u00a0B\u1ebfp s\u1eed d\u1ee5ng c\u00f4ng ngh\u1ec7 nh\u1eadn di\u1ec7n \u0111\u00e1y v\u00f9ng n\u1ea5u, kh\u00f4ng cho th\u1ea5t tho\u00e1t nhi\u1ec7t l\u01b0\u1ee3ng ra b\u00ean ngo\u00e0i. Khung b\u1ebfp l\u00e0m b\u1eb1ng khung th\u00e9p s\u01a1n t\u0129nh \u0111i\u1ec7n kh\u00f4ng r\u1ec9 \u0111\u1ea1t \u0111\u1ed9 b\u1ec1n cao<\/p>\n<h3>T\u00ednh n\u0103ng an to\u00e0n<\/h3>\n<ul>\n<li>C\u1ea3nh b\u00e1o nhi\u1ec7t d\u01b0 v\u00f9ng n\u1ea5u Residual heat<\/li>\n<li>Kh\u00f3a an to\u00e0n tr\u1ebb em Child lock<\/li>\n<li>T\u1ef1 \u0111\u1ed9ng t\u1eaft b\u1ebfp khi kh\u00f4ng c\u00f3 n\u1ed3i ( tr\u00ean b\u1ebfp t\u1eeb)<\/li>\n<li>H\u1ec7 th\u1ed1ng b\u1ea3o v\u1ec7 an to\u00e0n qu\u00e1 nhi\u1ec7t, qu\u00e1 \u00e1p<\/li>\n<\/ul>\n<h3>T\u00ednh n\u0103ng m\u1eb7t k\u00ednh<\/h3>\n<ul>\n<li>M\u1eb7t k\u00ednh li\u1ec1n nguy\u00ean kh\u1ed1i, m\u00e0u x\u00e1m, v\u00e1t 2 c\u1ea1nh, bo vi\u1ec1n 2 c\u1ea1nh<\/li>\n<li>B\u1ec1 m\u1eb7t ch\u1ed1ng tr\u1ea7y x\u01b0\u1edbc, ch\u1ecbu l\u1ef1c cao<\/li>\n<li>\u00a0Kh\u1ea3 n\u0103ng ch\u1ecbu nhi\u1ec7t l\u00ean \u0111\u1ebfn 1000<sup>o<\/sup>C, ch\u1ecbu s\u1ed1c nhi\u1ec7t \u0111\u1ebfn 800<sup>o<\/sup>C<\/li>\n<\/ul>\n<h3>Th\u00f4ng s\u1ed1 k\u1ef9 thu\u1eadt<\/h3>\n<ul>\n<li>\u0110i\u1ec7n \u00e1p 220-240V\/50Hz<\/li>\n<li>C\u00f4ng su\u1ea5t: max 3600W ( Ph\u1ea3i: 2000W ,Tr\u00e1i: 2000W)<\/li>\n<li>K\u00edch th\u01b0\u1edbc (d\u00e0i x r\u1ed9ng x cao): 720 x 430 x 100mm<\/li>\n<li>K\u00edch th\u01b0\u1edbc kho\u00e9t l\u1ed7: 680 x 390mm<\/li>\n<li>Tr\u1ecdng l\u01b0\u1ee3ng: 9.0 kg<\/li>\n<li>L\u1eafp r\u00e1p : Made in China<\/li>\n<\/ul>\n<figure id=\"attachment_64627\" aria-describedby=\"caption-attachment-64627\" style=\"width: 800px\" class=\"wp-caption aligncenter\"><img loading=\"lazy\" decoding=\"async\" class=\"wp-image-64627 size-large\" src=\"https:\/\/livinghome.vn\/thiet-bi\/wp-content\/uploads\/nha-bep\/arber\/bep-tu\/bep-tu-arber-ab390\/bep-tu-arber-ab390-1-800x800.jpg\" alt=\"B\u1ebfp t\u1eeb Arber AB390 m\u1eb7t k\u00ednh ceramic ch\u1ecbu nhi\u1ec7t ch\u1ecbu l\u1ef1c\" width=\"800\" height=\"800\" title=\"\"><figcaption id=\"caption-attachment-64627\" class=\"wp-caption-text\">B\u1ebfp t\u1eeb Arber AB390 m\u1eb7t k\u00ednh ceramic ch\u1ecbu nhi\u1ec7t ch\u1ecbu l\u1ef1c<\/figcaption><\/figure>\n","protected":false},"excerpt":{"rendered":"<p>\u0110i\u1ec7n \u00e1p 220-240V\/50Hz<\/p>\n<p>C\u00f4ng su\u1ea5t: max 3600W ( Ph\u1ea3i: 2000W ,Tr\u00e1i: 2000W)<\/p>\n<p>K\u00edch th\u01b0\u1edbc (d\u00e0i x r\u1ed9ng x cao): 720 x 430 x 100mm<\/p>\n<p>K\u00edch th\u01b0\u1edbc kho\u00e9t l\u1ed7: 680 x 390mm<\/p>\n<p>Tr\u1ecdng l\u01b0\u1ee3ng: 9.0 kg<\/p>\n<p>L\u1eafp r\u00e1p : Made in China<\/p>\n<p>TCVN: IEMM.21\/EMC\/0299.12A-SP<\/p>\n<p>Th\u1eddi gian b\u1ea3o h\u00e0nh : 2 n\u0103m<\/p>\n","protected":false},"featured_media":4101,"comment_status":"open","ping_status":"closed","template":"","meta":[],"product_brand":[],"product_cat":[745,794,709,796,799,80,735,75,710,795,447],"product_tag":[448,76,168,456],"class_list":{"0":"post-4010","1":"product","2":"type-product","3":"status-publish","4":"has-post-thumbnail","6":"product_cat-bep-dien-tu","7":"product_cat-bep-2-tu","8":"product_cat-bep-dien-tu-arber","9":"product_cat-bep-dien-tu-doi","10":"product_cat-bep-dien-tu-hinh-chu-nhat","11":"product_cat-bep-dien-tu-ket-hop","12":"product_cat-bep-hong-ngoai-don","13":"product_cat-bep-tu","14":"product_cat-bep-tu-arber","15":"product_cat-bep-tu-doi","16":"product_cat-thuong-hieu-arber","17":"product_tag-arber","18":"product_tag-bep-tu","19":"product_tag-bep-tu-am","20":"product_tag-bep-tu-arber","22":"first","23":"instock","24":"sale","25":"shipping-taxable","26":"purchasable","27":"product-type-simple"},"_links":{"self":[{"href":"https:\/\/livinghome.vn\/thiet-bi\/wp-json\/wp\/v2\/product\/4010","targetHints":{"allow":["GET"]}}],"collection":[{"href":"https:\/\/livinghome.vn\/thiet-bi\/wp-json\/wp\/v2\/product"}],"about":[{"href":"https:\/\/livinghome.vn\/thiet-bi\/wp-json\/wp\/v2\/types\/product"}],"replies":[{"embeddable":true,"href":"https:\/\/livinghome.vn\/thiet-bi\/wp-json\/wp\/v2\/comments?post=4010"}],"wp:featuredmedia":[{"embeddable":true,"href":"https:\/\/livinghome.vn\/thiet-bi\/wp-json\/wp\/v2\/media\/4101"}],"wp:attachment":[{"href":"https:\/\/livinghome.vn\/thiet-bi\/wp-json\/wp\/v2\/media?parent=4010"}],"wp:term":[{"taxonomy":"product_brand","embeddable":true,"href":"https:\/\/livinghome.vn\/thiet-bi\/wp-json\/wp\/v2\/product_brand?post=4010"},{"taxonomy":"product_cat","embeddable":true,"href":"https:\/\/livinghome.vn\/thiet-bi\/wp-json\/wp\/v2\/product_cat?post=4010"},{"taxonomy":"product_tag","embeddable":true,"href":"https:\/\/livinghome.vn\/thiet-bi\/wp-json\/wp\/v2\/product_tag?post=4010"}],"curies":[{"name":"wp","href":"https:\/\/api.w.org\/{rel}","templated":true}]}}