{"id":4008,"date":"2023-01-12T18:49:32","date_gmt":"2023-01-12T18:49:32","guid":{"rendered":"https:\/\/livinghome.vn\/thiet-bi\/?post_type=product&#038;p=4008"},"modified":"2024-11-29T14:20:13","modified_gmt":"2024-11-29T07:20:13","slug":"bep-tu-arber-ab2020-mat-kinh-kanger","status":"publish","type":"product","link":"https:\/\/livinghome.vn\/thiet-bi\/bep-tu-arber-ab2020-mat-kinh-kanger\/","title":{"rendered":"B\u1ebfp t\u1eeb Arber AB2020 m\u1eb7t k\u00ednh Kanger"},"content":{"rendered":"<p>B\u1ebfp t\u1eeb Arber AB2020 n\u1ed5i b\u1eadt v\u1edbi c\u00f4ng ngh\u1ec7 inverter, b\u1ea3ng \u0111i\u1ec1u khi\u1ec3n \u0111i\u1ec7n t\u1eed th\u00f4ng minh, h\u1ec7 th\u1ed1ng t\u00ednh n\u0103ng b\u1ea3o v\u1ec7 an to\u00e0n th\u00f4ng minh ch\u1eafc ch\u1eafn l\u00e0m b\u1ea1n h\u00e0i l\u00f2ng.<\/p>\n<h2>B\u1ebfp t\u1eeb Arber AB2020 c\u00f3 nh\u1eefng chi ti\u1ebft g\u00ec n\u1ed5i b\u1eadt<\/h2>\n<h3>T\u00ednh n\u0103ng s\u1ea3n ph\u1ea9m<\/h3>\n<ul>\n<li>Ph\u00e2n lo\u1ea1i : <a href=\"https:\/\/livinghome.vn\/thiet-bi\/bep-tu\/\">B\u1ebfp t\u1eeb<\/a> Arber AB2020<\/li>\n<li>M\u1eb7t k\u00ednh Kanger ch\u1ecbu nhi\u1ec7t, ch\u1ecbu l\u1ef1c v\u00e1t 4 c\u1ea1nh, bo vi\u1ec1n nh\u00f4m 4 c\u1ea1nh<\/li>\n<li>M\u00e2m t\u1eeb \u0111\u01b0\u1eddng k\u00ednh: \u00a025cm.<\/li>\n<li>Ch\u1ebf \u0111\u1ed9 n\u1ea5u nhanh : Booster<\/li>\n<li>Ch\u1ebf \u0111\u1ed9 INVENTER ti\u1ebft ki\u1ec7m \u0111i\u1ec7n<\/li>\n<li>Ch\u1ebf \u0111\u1ed9 chi\u00ean x\u00e0o ri\u00eang, h\u1ea7m<\/li>\n<li>B\u1ea3o v\u1ec7 b\u1ebfp an to\u00e0n v\u1edbi t\u00ednh n\u0103ng ch\u1ed1ng tr\u00e0n<\/li>\n<li>B\u00e0n ph\u00edm \u0111i\u1ec1u khi\u1ec3n c\u1ea3m \u1ee9ng th\u1ebf h\u1ec7 m\u1edbi Smart<\/li>\n<li>H\u1eb9n gi\u1edd \u0111\u1ed9c l\u1eadp cho t\u1eebng v\u00f9ng n\u1ea5u, th\u1eddi gian h\u1eb9n \u0111\u1ebfn 9.30 ph\u00fat<\/li>\n<\/ul>\n<p>B\u1ebfp Arber AB2020\u00a0c\u00f3 thi\u1ebft k\u1ebf ki\u1ec3u d\u00e1ng l\u1ea1 m\u1eaft, \u0111\u01b0\u1eddng k\u00ednh v\u00f9ng n\u1ea5u t\u1eeb l\u00ean t\u1edbi\u00a025cm v\u1edbi c\u00f4ng su\u1ea5t 2000W\/1 v\u00f9ng n\u1ea5u\u00a0cho ph\u00e9p \u0111un n\u1ea5u nhanh h\u01a1n \u0111\u1eb7c bi\u1ec7t khi s\u1eed d\u1ee5ng xoong n\u1ed3i k\u00edch th\u01b0\u1edbc l\u1edbn, hi\u1ec7u su\u1ea5t \u0111un n\u1ea5u \u0111\u1ea1t 90%, ti\u1ebft ki\u1ec7m 50% th\u1eddi gian v\u00e0 n\u0103ng l\u01b0\u1ee3ng so v\u1edbi b\u1ebfp th\u00f4ng th\u01b0\u1eddng. Khi s\u1eed d\u1ee5ng v\u00f9ng n\u1ea5u t\u1eeb th\u00ec m\u1eb7t b\u1ebfp kh\u00f4ng n\u00f3ng, kh\u00f4ng sinh ra kh\u00ed \u0111\u1ed1t\u00a0v\u00e0 d\u1ec5 d\u00e0ng v\u1ec7 sinh.<\/p>\n<figure id=\"attachment_64315\" aria-describedby=\"caption-attachment-64315\" style=\"width: 800px\" class=\"wp-caption aligncenter\"><img loading=\"lazy\" decoding=\"async\" class=\"size-large wp-image-64315\" src=\"https:\/\/livinghome.vn\/thiet-bi\/wp-content\/uploads\/nha-bep\/arber\/bep-tu\/bep-tu-arber-ab2020\/bep-tu-arber-ab2020-1-800x800.jpg\" alt=\"B\u1ebfp t\u1eeb Arber AB2020 m\u1eb7t k\u00ednh Kanger \" width=\"800\" height=\"800\" title=\"\"><figcaption id=\"caption-attachment-64315\" class=\"wp-caption-text\">B\u1ebfp t\u1eeb Arber AB2020 m\u1eb7t k\u00ednh Kanger<\/figcaption><\/figure>\n<p>B\u1ebfp t\u1eeb Arber AB2002 c\u00f3 m\u1eb7t b\u1ebfp \u0111\u01b0\u1ee3c l\u00e0m t\u1eeb k\u00ednh Kanger li\u1ec1n kh\u1ed1i v\u00e1t c\u1ea1nh sang tr\u1ecdng, \u0111\u00e2y l\u00e0 lo\u1ea1i k\u00ednh chuy\u00ean d\u1ee5ng cho b\u1ebfp t\u1eeb v\u00e0 b\u1ebfp \u0111i\u1ec7n t\u1eeb, c\u00f3 kh\u1ea3 n\u0103ng ch\u1ecbu l\u1ef1c, ch\u1ecbu nhi\u1ec7t r\u1ea5t t\u1ed1t, nh\u1eadn di\u1ec7n \u0111\u00e1y n\u1ed3i t\u1ed1t. Kh\u1ea3 n\u0103ng ch\u1ecbu nhi\u1ec7t l\u00ean \u0111\u1ebfn 1000oC, ch\u1ecbu s\u1ed1c nhi\u1ec7t \u0111\u1ebfn 800oC. M\u1eb7t b\u1ebfp \u0111\u01b0\u1ee3c bo vi\u1ec1n nh\u00f4m 4 c\u1ea1nh h\u1ea1n ch\u1ebf va ch\u1ea1m m\u1ebb g\u00f3c k\u00ednh.<\/p>\n<h3>T\u00ednh n\u0103ng an to\u00e0n<\/h3>\n<ul>\n<li>C\u1ea3nh b\u00e1o nhi\u1ec7t d\u01b0 v\u00f9ng n\u1ea5u Residual heat<\/li>\n<li>Kh\u00f3a an to\u00e0n tr\u1ebb em Child lock<\/li>\n<li>T\u1ef1 \u0111\u1ed9ng t\u1eaft b\u1ebfp khi kh\u00f4ng c\u00f3 n\u1ed3i<\/li>\n<li>H\u1ec7 th\u1ed1ng b\u1ea3o v\u1ec7 an to\u00e0n qu\u00e1 nhi\u1ec7t, qu\u00e1 \u00e1p<\/li>\n<\/ul>\n<h3>T\u00ednh n\u0103ng m\u1eb7t k\u00ednh<\/h3>\n<ul>\n<li>M\u1eb7t k\u00ednh li\u1ec1n nguy\u00ean kh\u1ed1i, m\u00e0u x\u00e1m, v\u00e1t 4 c\u1ea1nh, bo vi\u1ec1n 4 c\u1ea1nh<\/li>\n<li>B\u1ec1 m\u1eb7t ch\u1ed1ng tr\u1ea7y x\u01b0\u1edbc, ch\u1ecbu l\u1ef1c cao<\/li>\n<li>Kh\u1ea3 n\u0103ng ch\u1ecbu nhi\u1ec7t l\u00ean \u0111\u1ebfn 1000<sup>o<\/sup>C, ch\u1ecbu s\u1ed1c nhi\u1ec7t \u0111\u1ebfn 800<sup>o<\/sup>C<\/li>\n<\/ul>\n<h3>Th\u00f4ng s\u1ed1 k\u1ef9 thu\u1eadt<\/h3>\n<ul>\n<li>\u0110i\u1ec7n \u00e1p 220-240V\/ 50Hz<\/li>\n<li>C\u00f4ng su\u1ea5t: max 3600W ( Ph\u1ea3i: 2000W \u00a0,Tr\u00e1i: 2000W )<\/li>\n<li>K\u00edch th\u01b0\u1edbc (d\u00e0i x r\u1ed9ng x cao): 720 x 430 x 100mm<\/li>\n<li>K\u00edch th\u01b0\u1edbc kho\u00e9t l\u1ed7: 680 x 390mm<\/li>\n<li>Tr\u1ecdng l\u01b0\u1ee3ng: 9.0 kg<\/li>\n<\/ul>\n<figure id=\"attachment_64317\" aria-describedby=\"caption-attachment-64317\" style=\"width: 800px\" class=\"wp-caption aligncenter\"><img loading=\"lazy\" decoding=\"async\" class=\"size-large wp-image-64317\" src=\"https:\/\/livinghome.vn\/thiet-bi\/wp-content\/uploads\/nha-bep\/arber\/bep-tu\/bep-tu-arber-ab2020\/bep-tu-arber-ab2020-2-800x800.jpg\" alt=\"B\u1ebfp t\u1eeb Arber AB2020 m\u1eb7t k\u00ednh Kanger\" width=\"800\" height=\"800\" title=\"\"><figcaption id=\"caption-attachment-64317\" class=\"wp-caption-text\">B\u1ebfp t\u1eeb Arber AB2020 m\u1eb7t k\u00ednh Kanger<\/figcaption><\/figure>\n","protected":false},"excerpt":{"rendered":"<p>\u0110i\u1ec7n \u00e1p 220-240V\/ 50Hz<\/p>\n<p>C\u00f4ng su\u1ea5t: max 3600W ( Ph\u1ea3i: 2000W \u00a0,Tr\u00e1i: 2000W )<\/p>\n<p>K\u00edch th\u01b0\u1edbc (d\u00e0i x r\u1ed9ng x cao): 720 x 430 x 100mm<\/p>\n<p>K\u00edch th\u01b0\u1edbc kho\u00e9t l\u1ed7: 680 x 390mm<\/p>\n<p>Tr\u1ecdng l\u01b0\u1ee3ng: 9.0 kg<\/p>\n<p>TCVN: IEMM.21\/EMC\/0369.7A-SP<\/p>\n<p>Th\u1eddi gian b\u1ea3o h\u00e0nh : 2 n\u0103m<\/p>\n","protected":false},"featured_media":4089,"comment_status":"open","ping_status":"closed","template":"","meta":[],"product_brand":[],"product_cat":[745,794,75,710,795,447],"product_tag":[448,76,168,456],"class_list":{"0":"post-4008","1":"product","2":"type-product","3":"status-publish","4":"has-post-thumbnail","6":"product_cat-bep-dien-tu","7":"product_cat-bep-2-tu","8":"product_cat-bep-tu","9":"product_cat-bep-tu-arber","10":"product_cat-bep-tu-doi","11":"product_cat-thuong-hieu-arber","12":"product_tag-arber","13":"product_tag-bep-tu","14":"product_tag-bep-tu-am","15":"product_tag-bep-tu-arber","17":"first","18":"instock","19":"sale","20":"shipping-taxable","21":"purchasable","22":"product-type-simple"},"_links":{"self":[{"href":"https:\/\/livinghome.vn\/thiet-bi\/wp-json\/wp\/v2\/product\/4008","targetHints":{"allow":["GET"]}}],"collection":[{"href":"https:\/\/livinghome.vn\/thiet-bi\/wp-json\/wp\/v2\/product"}],"about":[{"href":"https:\/\/livinghome.vn\/thiet-bi\/wp-json\/wp\/v2\/types\/product"}],"replies":[{"embeddable":true,"href":"https:\/\/livinghome.vn\/thiet-bi\/wp-json\/wp\/v2\/comments?post=4008"}],"wp:featuredmedia":[{"embeddable":true,"href":"https:\/\/livinghome.vn\/thiet-bi\/wp-json\/wp\/v2\/media\/4089"}],"wp:attachment":[{"href":"https:\/\/livinghome.vn\/thiet-bi\/wp-json\/wp\/v2\/media?parent=4008"}],"wp:term":[{"taxonomy":"product_brand","embeddable":true,"href":"https:\/\/livinghome.vn\/thiet-bi\/wp-json\/wp\/v2\/product_brand?post=4008"},{"taxonomy":"product_cat","embeddable":true,"href":"https:\/\/livinghome.vn\/thiet-bi\/wp-json\/wp\/v2\/product_cat?post=4008"},{"taxonomy":"product_tag","embeddable":true,"href":"https:\/\/livinghome.vn\/thiet-bi\/wp-json\/wp\/v2\/product_tag?post=4008"}],"curies":[{"name":"wp","href":"https:\/\/api.w.org\/{rel}","templated":true}]}}