{"id":4007,"date":"2023-01-12T18:49:32","date_gmt":"2023-01-12T18:49:32","guid":{"rendered":"https:\/\/livinghome.vn\/thiet-bi\/?post_type=product&#038;p=4007"},"modified":"2024-11-29T14:20:13","modified_gmt":"2024-11-29T07:20:13","slug":"bep-tu-arber-ab001-mat-kinh-ceramic-chiu-nhiet-chiu-luc-3600w","status":"publish","type":"product","link":"https:\/\/livinghome.vn\/thiet-bi\/bep-tu-arber-ab001-mat-kinh-ceramic-chiu-nhiet-chiu-luc-3600w\/","title":{"rendered":"B\u1ebfp t\u1eeb Arber AB001 m\u1eb7t k\u00ednh ceramic ch\u1ecbu nhi\u1ec7t ch\u1ecbu l\u1ef1c 3600W"},"content":{"rendered":"<p>B\u1ebfp t\u1eeb Arber AB001 \u0111\u01b0\u01a1\u0323c thi\u00ea\u0301t k\u00ea\u0301 v\u01a1\u0301i m\u0103\u0323t ki\u0301nh \u0111en sang tro\u0323ng va\u0300 tinh t\u00ea\u0301 khung b\u00ea\u0301p \u0111\u01b0\u01a1\u0323c la\u0300m b\u0103\u0300ng the\u0301p kh\u00f4ng gi\u0309 \u0111i\u00ea\u0300u na\u0300y co\u0301 th\u00ea\u0309 t\u0103ng tu\u00f4\u0309i tho\u0323 cu\u0309a b\u00ea\u0301p l\u00ean cao h\u01a1n so v\u01a1\u0301i nh\u01b0\u0303ng chi\u00ea\u0301c b\u00ea\u0301p bi\u0300nh th\u01b0\u01a1\u0300ng kha\u0301c. B\u1ea3ng \u0111i\u1ec1u khi\u1ec3n c\u1ea3m \u1ee9ng tr\u01b0\u1ee3t v\u1edbi c\u1ea3nh b\u00e1o \u00e2m thanh v\u00e0 m\u1eb7t b\u1ebfp n\u1ea5u \u0111\u1ed9c l\u1eadp v\u1edbi ch\u1ee9c n\u0103ng n\u1ea5u nhanh booster tr\u00ean t\u1eebng b\u1ebfp, linh ho\u1ea1t cho vi\u1ec7c n\u1ea5u n\u01b0\u1edbng c\u1ee7a gia \u0111\u00ecnh b\u1ea1n.<\/p>\n<h2>B\u1ebfp t\u1eeb Arber AB001 c\u00f3 nh\u1eefng chi ti\u1ebft g\u00ec n\u1ed5i b\u1eadt<\/h2>\n<h3>T\u00ednh n\u0103ng s\u1ea3n ph\u1ea9m<\/h3>\n<ul>\n<li>Ph\u00e2n lo\u1ea1i : <a href=\"https:\/\/livinghome.vn\/thiet-bi\/bep-tu\/\">B\u1ebfp t\u1eeb<\/a> Arber AB001<\/li>\n<li>B\u1ebfp t\u1eeb DOMINO<\/li>\n<li>M\u1eb7t k\u00ednh ceramic ch\u1ecbu nhi\u1ec7t, ch\u1ecbu l\u1ef1c<\/li>\n<li>M\u00e2m t\u1eeb \u0111\u01b0\u1eddng k\u00ednh : \u00d818cm, \u00d815cm<\/li>\n<li>B\u00e0n ph\u00edm \u0111i\u1ec1u khi\u1ec3n d\u1ea1ng nh\u1ea5n t\u00e1ch hai b\u1ebfp, m\u1ee9c c\u00f4ng su\u1ea5t<\/li>\n<li>H\u1eb9n gi\u1edd \u0111\u1ed9c l\u1eadp cho t\u1eebng v\u00f9ng n\u1ea5u, th\u1eddi gian h\u1eb9n \u0111\u1ebfn 9.30 ph\u00fat<\/li>\n<li>T\u1ef1 \u0111\u1ed9ng chia s\u1ebb c\u00f4ng su\u1ea5t gi\u1eefa 2 b\u1ebfp, max 3600W<\/li>\n<\/ul>\n<p>B\u1ebfp t\u1eeb Arber AB001\u00a0\u0111\u01b0\u1ee3c thi\u1ebft k\u1ebf v\u1edbi b\u1ec1 m\u1eb7t c\u00f3 m\u00e0u \u0111en tinh t\u1ebf ph\u00f9 h\u1ee3p v\u1edbi nhi\u1ec1u kh\u00f4ng gian b\u1ebfp kh\u00e1c nhau b\u1ea1n v\u1eeba c\u00f3 th\u1ec3 d\u1ec5 d\u00e0ng l\u1ef1a ch\u1ecdn h\u01a1n v\u00e0 v\u1eeba d\u1ec5 d\u00e0ng trang tr\u00ed cho c\u0103n b\u1ebfp c\u1ee7a b\u1ea1n th\u00eam sang tr\u1ecdng, n\u1ed5i b\u1eadt \u0111i\u1ec1u n\u00e0y gi\u00fap kh\u00f4ng gian b\u1ebfp c\u1ee7a b\u1ea1n tr\u1edf n\u00ean r\u1ed9ng r\u00e3i v\u00e0 tinh t\u1ebf h\u01a1n r\u1ea5t nhi\u1ec1u.<\/p>\n<p>V\u1edbi \u0111\u1ed9 d\u00e0y c\u1ee7a b\u1ebfp th\u00f4ng minh gi\u00fap b\u1ea1n ti\u1ebft ki\u1ec7m \u0111\u01b0\u1ee3c di\u1ec7n t\u00edch b\u1ebfp, gi\u00fap kh\u00f4ng gian b\u1ebfp b\u1ea1n lu\u00f4n g\u1ecdn g\u00e0ng v\u00e0 ti\u1ec7n d\u1ee5ng, \u0111\u01b0\u1ee3c \u00e1p d\u1ee5ng c\u00f4ng ngh\u1ec7 t\u1eeb \u0110\u1ee9c th\u00ec \u0111\u00e2y c\u00f3 l\u1ebd l\u00e0 s\u1ea3n ph\u1ea9m m\u00e0 m\u1ed7i gia \u0111\u00ecnh \u0111\u1ec1u mong mu\u1ed1n s\u1edf h\u1eefu.<\/p>\n<figure id=\"attachment_64305\" aria-describedby=\"caption-attachment-64305\" style=\"width: 1020px\" class=\"wp-caption aligncenter\"><img loading=\"lazy\" decoding=\"async\" class=\"size-large wp-image-64305\" src=\"https:\/\/livinghome.vn\/thiet-bi\/wp-content\/uploads\/nha-bep\/arber\/bep-tu\/bep-tu-arber-ab001\/bep-tu-arber-ab001-3-1067x800.jpg\" alt=\"B\u1ebfp t\u1eeb Arber AB001 m\u1eb7t k\u00ednh ceramic ch\u1ecbu nhi\u1ec7t ch\u1ecbu l\u1ef1c 3600W\" width=\"1020\" height=\"765\" title=\"\"><figcaption id=\"caption-attachment-64305\" class=\"wp-caption-text\">B\u1ebfp t\u1eeb Arber AB001 m\u1eb7t k\u00ednh ceramic ch\u1ecbu nhi\u1ec7t ch\u1ecbu l\u1ef1c 3600W<\/figcaption><\/figure>\n<h3>T\u00ednh n\u0103ng an to\u00e0n<\/h3>\n<ul>\n<li>C\u1ea3nh b\u00e1o nhi\u1ec7t d\u01b0 v\u00f9ng n\u1ea5u Residual heat<\/li>\n<li>Kh\u00f3a an to\u00e0n tr\u1ebb em Child lock<\/li>\n<li>T\u1ef1 \u0111\u1ed9ng t\u1eaft b\u1ebfp khi kh\u00f4ng c\u00f3 n\u1ed3i<\/li>\n<li>H\u1ec7 th\u1ed1ng b\u1ea3o v\u1ec7 an to\u00e0n qu\u00e1 nhi\u1ec7t, qu\u00e1 \u00e1p<\/li>\n<\/ul>\n<h3>T\u00ednh n\u0103ng m\u1eb7t k\u00ednh<\/h3>\n<ul>\n<li>M\u1eb7t k\u00ednh li\u1ec1n nguy\u00ean kh\u1ed1i, m\u00e0u \u0111en sang tr\u1ecdng<\/li>\n<li>B\u1ec1 m\u1eb7t ch\u1ed1ng tr\u1ea7y x\u01b0\u1edbc, ch\u1ecbu l\u1ef1c cao<\/li>\n<li>Kh\u1ea3 n\u0103ng ch\u1ecbu nhi\u1ec7t l\u00ean \u0111\u1ebfn 1000<sup>o<\/sup>C, ch\u1ecbu s\u1ed1c nhi\u1ec7t \u0111\u1ebfn 800<sup>o<\/sup>C<\/li>\n<\/ul>\n<h3>Th\u00f4ng s\u1ed1 k\u1ef9 thu\u1eadt<\/h3>\n<ul>\n<li>\u0110i\u1ec7n \u00e1p: 220-240V\/50Hz<\/li>\n<li>C\u00f4ng su\u1ea5t: max 3600W ( Tr\u00ean: 2000W ,D\u01b0\u1edbi: 1800W)<\/li>\n<li>K\u00edch th\u01b0\u1edbc (d\u00e0i x r\u1ed9ng x cao): 515 x 305 x 100mm<\/li>\n<li>K\u00edch th\u01b0\u1edbc kho\u00e9t l\u1ed7: 490 x 275mm<\/li>\n<\/ul>\n<figure id=\"attachment_64303\" aria-describedby=\"caption-attachment-64303\" style=\"width: 800px\" class=\"wp-caption aligncenter\"><img loading=\"lazy\" decoding=\"async\" class=\"size-large wp-image-64303\" src=\"https:\/\/livinghome.vn\/thiet-bi\/wp-content\/uploads\/nha-bep\/arber\/bep-tu\/bep-tu-arber-ab001\/bep-tu-arber-ab001-2-800x800.jpg\" alt=\"B\u1ebfp t\u1eeb Arber AB001 m\u1eb7t k\u00ednh ceramic ch\u1ecbu nhi\u1ec7t ch\u1ecbu l\u1ef1c 3600W\" width=\"800\" height=\"800\" title=\"\"><figcaption id=\"caption-attachment-64303\" class=\"wp-caption-text\">B\u1ebfp t\u1eeb Arber AB001 m\u1eb7t k\u00ednh ceramic ch\u1ecbu nhi\u1ec7t ch\u1ecbu l\u1ef1c 3600W<\/figcaption><\/figure>\n<p>B\u00ean c\u1ea1nh nh\u1eefng t\u00ednh n\u0103ng \u01b0u vi\u1ec7t \u0111\u00f3 th\u00ec b\u1ebfp t\u1eeb Arber c\u00f2n l\u00e0 s\u1ea3n ph\u1ea9m ch\u00fa tr\u1ecdng \u0111\u1ebfn hi\u1ec7u qu\u1ea3 s\u1eed d\u1ee5ng l\u00e2u d\u00e0i nh\u1ea5t, ho\u1ea1t \u0111\u1ed9ng v\u1edbi c\u00f4ng su\u1ea5t 3600W nh\u01b0ng kh\u00f4ng nh\u1eefng v\u1eady m\u00e0 ti\u00eau t\u1ed1n nhi\u1ec1u \u0111i\u1ec7n n\u0103ng.<\/p>\n","protected":false},"excerpt":{"rendered":"<p>B\u1ebfp t\u1eeb DOMINO<\/p>\n<p>\u0110i\u1ec7n \u00e1p: 220-240V\/50Hz<\/p>\n<p>C\u00f4ng su\u1ea5t: max 3600W ( Tr\u00ean: 2000W ,D\u01b0\u1edbi: 1800W)<\/p>\n<p>K\u00edch th\u01b0\u1edbc (d\u00e0i x r\u1ed9ng x cao): 515 x 305 x 100mm<\/p>\n<p>K\u00edch th\u01b0\u1edbc kho\u00e9t l\u1ed7: 490 x 275mm<\/p>\n<p>Th\u1eddi gian b\u1ea3o h\u00e0nh : 2 n\u0103m<\/p>\n","protected":false},"featured_media":4086,"comment_status":"open","ping_status":"closed","template":"","meta":[],"product_brand":[],"product_cat":[745,794,813,796,830,75,710,795,447],"product_tag":[448,76,168,456],"class_list":{"0":"post-4007","1":"product","2":"type-product","3":"status-publish","4":"has-post-thumbnail","6":"product_cat-bep-dien-tu","7":"product_cat-bep-2-tu","8":"product_cat-bep-dien-tu-chung-cu","9":"product_cat-bep-dien-tu-doi","10":"product_cat-bep-dien-tu-domino","11":"product_cat-bep-tu","12":"product_cat-bep-tu-arber","13":"product_cat-bep-tu-doi","14":"product_cat-thuong-hieu-arber","15":"product_tag-arber","16":"product_tag-bep-tu","17":"product_tag-bep-tu-am","18":"product_tag-bep-tu-arber","20":"first","21":"instock","22":"sale","23":"shipping-taxable","24":"purchasable","25":"product-type-simple"},"_links":{"self":[{"href":"https:\/\/livinghome.vn\/thiet-bi\/wp-json\/wp\/v2\/product\/4007","targetHints":{"allow":["GET"]}}],"collection":[{"href":"https:\/\/livinghome.vn\/thiet-bi\/wp-json\/wp\/v2\/product"}],"about":[{"href":"https:\/\/livinghome.vn\/thiet-bi\/wp-json\/wp\/v2\/types\/product"}],"replies":[{"embeddable":true,"href":"https:\/\/livinghome.vn\/thiet-bi\/wp-json\/wp\/v2\/comments?post=4007"}],"wp:featuredmedia":[{"embeddable":true,"href":"https:\/\/livinghome.vn\/thiet-bi\/wp-json\/wp\/v2\/media\/4086"}],"wp:attachment":[{"href":"https:\/\/livinghome.vn\/thiet-bi\/wp-json\/wp\/v2\/media?parent=4007"}],"wp:term":[{"taxonomy":"product_brand","embeddable":true,"href":"https:\/\/livinghome.vn\/thiet-bi\/wp-json\/wp\/v2\/product_brand?post=4007"},{"taxonomy":"product_cat","embeddable":true,"href":"https:\/\/livinghome.vn\/thiet-bi\/wp-json\/wp\/v2\/product_cat?post=4007"},{"taxonomy":"product_tag","embeddable":true,"href":"https:\/\/livinghome.vn\/thiet-bi\/wp-json\/wp\/v2\/product_tag?post=4007"}],"curies":[{"name":"wp","href":"https:\/\/api.w.org\/{rel}","templated":true}]}}