{"id":4004,"date":"2023-01-12T18:49:32","date_gmt":"2023-01-12T18:49:32","guid":{"rendered":"https:\/\/livinghome.vn\/thiet-bi\/?post_type=product&#038;p=4004"},"modified":"2024-11-29T14:17:49","modified_gmt":"2024-11-29T07:17:49","slug":"bep-dien-don-arber-ab261-29cm-1-dien","status":"publish","type":"product","link":"https:\/\/livinghome.vn\/thiet-bi\/bep-dien-don-arber-ab261-29cm-1-dien\/","title":{"rendered":"B\u1ebfp \u0110i\u1ec7n \u0110\u01a1n Arber AB261 29CM 1 \u0110i\u1ec7n K\u00ednh Ceramic"},"content":{"rendered":"<h2>Xin gi\u1edbi thi\u1ec7u B\u1ebfp \u0111i\u1ec7n \u0111\u01a1n Arber AB261 \u0111a d\u1ee5ng<\/h2>\n<p>M\u1ed9t gi\u1ea3i ph\u00e1p \u0111\u00f3 l\u00e0 h\u00e3y nhanh tay mua ngay <a href=\"https:\/\/livinghome.vn\/thiet-bi\/bep-dien-arber\/\">B\u1ebfp \u0111i\u1ec7n Arber<\/a> AB261, m\u1ed9t trong nh\u1eefng s\u1ea3n ph\u1ea9m ch\u00ednh h\u00e3ng ch\u1ea5t l\u01b0\u1ee3ng \u0111\u1ebfn t\u1eeb nh\u00e0 s\u1ea3n xu\u1ea5t Arber.<\/p>\n<p>V\u1edbi nhi\u1ec1u t\u00ednh n\u0103ng v\u00e0 \u01b0u \u0111i\u1ec3m \u0111\u1eb7c bi\u1ec7t c\u1ee7a m\u00ecnh \u0111\u00e3 \u0111\u01b0\u1ee3c nhi\u1ec1u gia \u0111\u00ecnh tr\u00ean kh\u1eafp c\u1ea3 n\u01b0\u1edbc ta \u1ee7ng h\u1ed9 v\u00e0 tin d\u00f9ng, l\u00e0 tr\u1ee3 th\u1ee7 \u0111\u1eafc l\u1ef1c h\u1ed7 tr\u1ee3 cho c\u00f4ng vi\u1ec7c c\u1ee7a ng\u01b0\u1eddi n\u1ed9i tr\u1ee3 tr\u1edf n\u00ean \u0111\u01a1n gi\u1ea3n, nh\u1eb9 nh\u00e0ng h\u01a1n trong cu\u1ed9c s\u1ed1ng hi\u1ec7n \u0111\u1ea1i \u0111\u1ea7y n\u0103ng \u0111\u1ed9ng nh\u01b0 hi\u1ec7n nay.<\/p>\n<h3><span style=\"font-weight: 400;\">Th\u00f4ng tin s\u1ea3n ph\u1ea9m\u00a0<\/span><\/h3>\n<ul>\n<li>Ph\u00e2n lo\u1ea1i: <a href=\"https:\/\/livinghome.vn\/thiet-bi\/bep-dien-don\/\">B\u1ebfp \u0111i\u1ec7n \u0111\u01a1n<\/a> Arber AB261 d\u1ea1ng \u0111\u1ec3 n\u1ed5i<\/li>\n<li><span style=\"font-weight: 400;\">M\u1eb7t k\u00ednh ceramic ch\u1ecbu nhi\u1ec7t<\/span><\/li>\n<li><span style=\"font-weight: 400;\">M\u00e2m nhi\u1ec7t\u00a0 \u0111\u01b0\u1eddng k\u00ednh 22cm, \u00d814\/22cm, t\u00edch h\u1ee3p ph\u00edm ch\u1ecdn v\u00f2ng n\u1ea5u<\/span><\/li>\n<li><span style=\"font-weight: 400;\">Ch\u1ee9c n\u0103ng h\u1eb9n gi\u1edd, ch\u1ebf \u0111\u1ed9 x\u00e0o r\u00e1n.<\/span><\/li>\n<li><span style=\"font-weight: 400;\">\u0110i\u1ec1u khi\u1ec3n c\u00f4ng su\u1ea5t \/ nhi\u1ec7t \u0111\u1ed9<\/span><\/li>\n<li><span style=\"font-weight: 400;\">B\u00e0n ph\u00edm ch\u1ea1m tr\u01b0\u1ee3t si\u00eau nh\u1ea1y c\u1ea3 khi tay \u01b0\u1edbt<\/span><\/li>\n<\/ul>\n<figure id=\"attachment_63874\" aria-describedby=\"caption-attachment-63874\" style=\"width: 800px\" class=\"wp-caption aligncenter\"><img loading=\"lazy\" decoding=\"async\" class=\"size-large wp-image-63874\" src=\"https:\/\/livinghome.vn\/thiet-bi\/wp-content\/uploads\/nha-bep\/arber\/bep-dien-tu\/bep-dien-don-arber-ab261\/bep-dien-don-arber-ab261-800x800.jpg\" alt=\"B\u1ebfp \u0111i\u1ec7n \u0111\u01a1n Arber AB261 m\u1eb7t k\u00ednh ceramic 2200W \" width=\"800\" height=\"800\" title=\"\"><figcaption id=\"caption-attachment-63874\" class=\"wp-caption-text\">B\u1ebfp \u0111i\u1ec7n \u0111\u01a1n Arber AB261 m\u1eb7t k\u00ednh ceramic 2200W<\/figcaption><\/figure>\n<h3><span style=\"font-weight: 400;\">T\u00ednh n\u0103ng an to\u00e0n<\/span><\/h3>\n<ul>\n<li><span style=\"font-weight: 400;\">Kh\u00f3a an to\u00e0n tr\u1ebb em Child lock<\/span><\/li>\n<li><span style=\"font-weight: 400;\">H\u1ec7 th\u1ed1ng b\u1ea3o v\u1ec7 an to\u00e0n qu\u00e1 nhi\u1ec7t, qu\u00e1 \u00e1p<\/span><\/li>\n<\/ul>\n<h3><span style=\"font-weight: 400;\">T\u00ednh n\u0103ng m\u1eb7t k\u00ednh<\/span><\/h3>\n<ul>\n<li><span style=\"font-weight: 400;\">M\u1eb7t k\u00ednh li\u1ec1n nguy\u00ean kh\u1ed1i, m\u00e0u xanh\u00a0<\/span><\/li>\n<li><span style=\"font-weight: 400;\">B\u1ec1 m\u1eb7t ch\u1ed1ng tr\u1ea7y x\u01b0\u1edbc, ch\u1ecbu l\u1ef1c cao<\/span><\/li>\n<li><span style=\"font-weight: 400;\">Kh\u1ea3 n\u0103ng ch\u1ecbu nhi\u1ec7t l\u00ean \u0111\u1ebfn 1000oC<\/span><\/li>\n<\/ul>\n<h3><span style=\"font-weight: 400;\">Th\u00f4ng s\u1ed1 k\u1ef9 thu\u1eadt<\/span><\/h3>\n<ul>\n<li><span style=\"font-weight: 400;\">\u0110i\u1ec7n \u00e1p 220V \/ 50Hz<\/span><\/li>\n<li><span style=\"font-weight: 400;\">C\u00f4ng su\u1ea5t: max 2200W\u00a0<\/span><\/li>\n<li><span style=\"font-weight: 400;\">K\u00edch th\u01b0\u1edbc (d\u00e0i x r\u1ed9ng x cao): 360 x 290 x 45mm<\/span><\/li>\n<li><span style=\"font-weight: 400;\">Tr\u1ecdng l\u01b0\u1ee3ng: 0.8 kg<\/span><\/li>\n<li><span style=\"font-weight: 400;\">K\u1ebft c\u1ea5u khung v\u1ecf: b\u1eb1ng nh\u1ef1a ch\u1ecbu nhi\u1ec7t<\/span><\/li>\n<li><span style=\"font-weight: 400;\">L\u1eafp \u0111\u1eb7t:\u00a0 \u0111\u1ec3 n\u1ed5i<\/span><\/li>\n<li><span style=\"font-weight: 400;\">S\u1ea3n Xu\u1ea5t : Trung Qu\u1ed1c<\/span><\/li>\n<\/ul>\n<p>&nbsp;<\/p>\n<div class=\"mceTemp\"><\/div>\n","protected":false},"excerpt":{"rendered":"<p>&#8211; <strong>Lo\u1ea1i b\u1ebfp:<\/strong> b\u1ebfp \u0111i\u1ec7n \u0111\u1ec3 n\u1ed5i v\u1edbi 1 v\u00f9ng n\u1ea5u \u0111i\u1ec7n (h\u1ed3ng ngo\u1ea1i)<\/p>\n<p>&#8211; <strong>M\u1eb7t k\u00ednh:<\/strong> Ceramic<\/p>\n<p>&#8211; <strong>C\u00f4ng su\u1ea5t:<\/strong> 2200W<\/p>\n<p>&#8211; <strong>K\u00edch th\u01b0\u1edbc b\u1ebfp:<\/strong> D360 x W290 x H45 mm<\/p>\n<p>&#8211; <strong>H\u1ec7 th\u1ed1ng \u0111i\u1ec1u khi\u1ec3n:<\/strong> c\u1ea3m \u1ee9ng d\u1ea1ng ch\u1ea1m<\/p>\n","protected":false},"featured_media":4081,"comment_status":"open","ping_status":"closed","template":"","meta":[],"product_brand":[],"product_cat":[741,734,117,708,745,808,814,735,447],"product_tag":[448,118,454,455,174],"class_list":{"0":"post-4004","1":"product","2":"type-product","3":"status-publish","4":"has-post-thumbnail","6":"product_cat-bep-hong-ngoai","7":"product_cat-bep-dien-don","8":"product_cat-bep-dien-hong-ngoai","9":"product_cat-bep-dien-hong-ngoai-arber","10":"product_cat-bep-dien-tu","11":"product_cat-bep-dien-tu-don","12":"product_cat-bep-dien-tu-nha-tro","13":"product_cat-bep-hong-ngoai-don","14":"product_cat-thuong-hieu-arber","15":"product_tag-arber","16":"product_tag-bep-dien","17":"product_tag-bep-dien-don","18":"product_tag-bep-dien-don-arber","19":"product_tag-bep-hong-ngoai","21":"first","22":"instock","23":"sale","24":"shipping-taxable","25":"purchasable","26":"product-type-simple"},"_links":{"self":[{"href":"https:\/\/livinghome.vn\/thiet-bi\/wp-json\/wp\/v2\/product\/4004","targetHints":{"allow":["GET"]}}],"collection":[{"href":"https:\/\/livinghome.vn\/thiet-bi\/wp-json\/wp\/v2\/product"}],"about":[{"href":"https:\/\/livinghome.vn\/thiet-bi\/wp-json\/wp\/v2\/types\/product"}],"replies":[{"embeddable":true,"href":"https:\/\/livinghome.vn\/thiet-bi\/wp-json\/wp\/v2\/comments?post=4004"}],"wp:featuredmedia":[{"embeddable":true,"href":"https:\/\/livinghome.vn\/thiet-bi\/wp-json\/wp\/v2\/media\/4081"}],"wp:attachment":[{"href":"https:\/\/livinghome.vn\/thiet-bi\/wp-json\/wp\/v2\/media?parent=4004"}],"wp:term":[{"taxonomy":"product_brand","embeddable":true,"href":"https:\/\/livinghome.vn\/thiet-bi\/wp-json\/wp\/v2\/product_brand?post=4004"},{"taxonomy":"product_cat","embeddable":true,"href":"https:\/\/livinghome.vn\/thiet-bi\/wp-json\/wp\/v2\/product_cat?post=4004"},{"taxonomy":"product_tag","embeddable":true,"href":"https:\/\/livinghome.vn\/thiet-bi\/wp-json\/wp\/v2\/product_tag?post=4004"}],"curies":[{"name":"wp","href":"https:\/\/api.w.org\/{rel}","templated":true}]}}