{"id":4002,"date":"2023-01-12T18:49:32","date_gmt":"2023-01-12T18:49:32","guid":{"rendered":"https:\/\/livinghome.vn\/thiet-bi\/?post_type=product&#038;p=4002"},"modified":"2024-11-29T14:20:13","modified_gmt":"2024-11-29T07:20:13","slug":"bep-dien-tu-arber-ab-221s","status":"publish","type":"product","link":"https:\/\/livinghome.vn\/thiet-bi\/bep-dien-tu-arber-ab-221s\/","title":{"rendered":"B\u1ebfp \u0110i\u1ec7n T\u1eeb Arber AB 221S 76CM 2 T\u1eeb 1 \u0110i\u1ec7n K\u00ednh\u00a0Vitroceramic"},"content":{"rendered":"<div>B\u1ebfp \u0111i\u1ec7n t\u1eeb Arber AB221S\u00a0s\u1eed d\u1ee5ng m\u1eb7t k\u00ednh\u00a0Vitroceramic, m\u1eb7t k\u00ednh \u0111\u01b0\u1ee3c l\u00e0m t\u1eeb ch\u1ea5t li\u1ec7u g\u1ed1m th\u1ee7y tinh c\u00f3 kh\u1ea3 n\u0103ng ch\u1ecbu nhi\u1ec7t l\u00ean \u0111\u1ebfn 1000\u00b0C, kh\u00e1ng s\u1ed1c 750\u00b0C. B\u1ec1 m\u1eb7t k\u00ednh ch\u1ecbu n\u00f3ng l\u1ea1nh c\u0169ng nh\u01b0 s\u1ef1 thay \u0111\u1ed5i \u0111\u1ed9t ng\u1ed9t c\u1ee7a nhi\u1ec7t \u0111\u1ed9.<\/div>\n<div><\/div>\n<div>\u0110\u1ed9 gi\u00e3n n\u1edf v\u00ec nhi\u1ec7t th\u1ea5p n\u00ean b\u1ebfp ho\u1ea1t \u0111\u1ed9ng r\u1ea5t hi\u1ec7u qu\u1ea3 v\u00e0 c\u00e1ch nhi\u1ec7t.\u00a0M\u1eb7t b\u1ebfp t\u1ea3n nhi\u1ec7t nhanh v\u00e0 \u0111\u01b0\u1ee3c c\u00e1ch \u0111i\u1ec7n an to\u00e0n v\u1edbi c\u00e1c linh ki\u1ec7n \u0111i\u1ec7n t\u1eed b\u00ean trong th\u00e2n. B\u1ea1n c\u00f3 th\u1ec3 y\u00ean t\u00e2m s\u1eed d\u1ee5ng m\u00e0 kh\u00f4ng lo b\u1ecb b\u1ecfng hay \u0111i\u1ec7n gi\u1eadt.<\/div>\n<h2>B\u1ebfp \u0111i\u1ec7n t\u1eeb Arber AB 221S c\u00f3 nh\u1eefng chi ti\u1ebft nh\u01b0 sau<\/h2>\n<h3><span style=\"font-weight: 400;\">Th\u00f4ng tin s\u1ea3n ph\u1ea9m\u00a0<\/span><\/h3>\n<ul>\n<li>Ph\u00e2n lo\u1ea1i : <a href=\"https:\/\/livinghome.vn\/thiet-bi\/bep-dien-tu\/\">B\u1ebfp \u0111i\u1ec7n t\u1eeb<\/a> Arber AB221S<\/li>\n<li><span style=\"font-weight: 400;\">S\u1eed d\u1ee5ng \u0111a n\u0103ng v\u1edbi b\u1ebfp h\u1ed3ng ngo\u1ea1i k\u1ebft h\u1ee3p t\u1eeb AB221S<\/span><\/li>\n<li><span style=\"font-weight: 400;\">M\u1eb7t k\u00ednh ceramic ch\u1ecbu nhi\u1ec7t, ch\u1ecbu l\u1ef1c v\u00e1t c\u1ea1nh<\/span><\/li>\n<li><span style=\"font-weight: 400;\">M\u00e2m nhi\u00ea\u0323t\u00a0 2 v\u00f2ng nhi\u00ea\u0323t ( 20 \/ 25 cm )<\/span><\/li>\n<li><span style=\"font-weight: 400;\">M\u00e2m t\u1eeb \u0111\u01b0\u1eddng k\u00ednh 16 \/ 22cm.<\/span><\/li>\n<li><span style=\"font-weight: 400;\">T\u00ednh n\u0103ng c\u00e0i \u0111\u1eb7t ch\u01b0\u01a1ng tr\u00ecnh n\u1ea5u linh ho\u1ea1t tr\u00ean b\u1ebfp h\u1ed3ng ngo\u1ea1i<\/span><\/li>\n<li><span style=\"font-weight: 400;\">T\u00ednh n\u0103ng h\u1eb9n gi\u1edd cho t\u1eebng v\u00f9ng n\u1ea5u<\/span><\/li>\n<li><span style=\"font-weight: 400;\">Hi\u1ec7n thi c\u00f4ng su\u1ea5t, nhi\u1ec7t \u0111\u1ed9\u00a0<\/span><\/li>\n<\/ul>\n<p><span style=\"font-weight: 400;\">B\u1ebfp \u0111i\u1ec7n t\u1eeb Arber AB221S c\u00f3 m\u1eb7t k\u00ednh chuy\u00ean d\u1ee5ng d\u00e0nh cho b\u1ebfp \u0111i\u1ec7n t\u1eeb, l\u00e0 m\u1ed9t lo\u1ea1i k\u00ednh c\u00f3 ch\u1ea5t l\u01b0\u1ee3ng cao, r\u1ea5t c\u1ee9ng, b\u1ec1n v\u00e0 c\u00f3 nhi\u1ec1u \u0111\u1eb7c \u0111i\u1ec3m n\u1ed5i tr\u1ed9i nh\u01b0: kh\u1ea3 n\u0103ng ch\u1ecbu nhi\u1ec7t, kh\u1ea3 n\u0103ng ch\u1ed1ng tr\u1ea7y x\u01b0\u1edbc v\u00e0 ch\u1ed1ng va \u0111\u1eadp&#8230; <\/span><\/p>\n<p><span style=\"font-weight: 400;\">M\u1eb7t k\u00ednh g\u1ed3m c\u00e1c th\u1ea5u k\u00ednh h\u1ed9i t\u1ee5, truy\u1ec1n nhi\u1ec7t t\u1eeb b\u1ebfp l\u00ean \u0111\u00e1y n\u1ed3i theo ph\u01b0\u01a1ng th\u1eb3ng \u0111\u1ee9ng, kh\u00f4ng th\u1ea5t tho\u00e1t nhi\u1ec7t ra m\u00f4i tr\u01b0\u1eddng. M\u1eb7t k\u00ednh m\u00e0u x\u00e1m li\u1ec1n nguy\u00ean kh\u1ed1i, an to\u00e0n, th\u1ea9m m\u1ef9 v\u00e0 ti\u1ec7n trong vi\u1ec7c v\u1ec7 sinh, lau ch\u00f9i.<\/span><\/p>\n<figure id=\"attachment_64077\" aria-describedby=\"caption-attachment-64077\" style=\"width: 1020px\" class=\"wp-caption aligncenter\"><img loading=\"lazy\" decoding=\"async\" class=\"size-large wp-image-64077\" src=\"https:\/\/livinghome.vn\/thiet-bi\/wp-content\/uploads\/nha-bep\/arber\/bep-dien-tu\/bep-dien-tu-arber-ab221s\/bep-dien-tu-arber-ab221s-2-1067x800.jpg\" alt=\"B\u1ebfp \u0111i\u1ec7n t\u1eeb Arber AB221S m\u1eb7t k\u00ednh\u00a0Vitroceramic ch\u1ecbu nhi\u1ec7t\" width=\"1020\" height=\"765\" title=\"\"><figcaption id=\"caption-attachment-64077\" class=\"wp-caption-text\">B\u1ebfp \u0111i\u1ec7n t\u1eeb Arber AB221S m\u1eb7t k\u00ednh\u00a0Vitroceramic ch\u1ecbu nhi\u1ec7t<\/figcaption><\/figure>\n<p>B\u1ebfp \u0111i\u1ec7n\u00a0t\u1eeb\u00a0Arber\u00a0AB221S g\u1ed3m 3 v\u00f9ng n\u1ea5u v\u1edbi t\u1ed5ng c\u00f4ng su\u1ea5t l\u00e0\u00a05400W, v\u00f9ng n\u1ea5u t\u1eeb tr\u00e1i \u0111\u1ea1t c\u00f4ng su\u1ea5t t\u1ed1i \u0111a l\u00ean t\u1edbi\u00a02000W, v\u00f9ng n\u1ea5u h\u1ed3ng ngo\u1ea1i ph\u1ea3i trang b\u1ecb m\u00e2m nhi\u1ec7t\u00a0Hilight v\u1edbi 02 v\u00f2ng nhi\u1ec7t\u00a0\u0111\u1ea1t c\u00f4ng su\u1ea5t t\u1ed1i \u0111a l\u00ean t\u1edbi\u00a02200W\u00a0v\u00e0 v\u00f9ng n\u1ea5u t\u1eeb gi\u1eefa \u0111\u1ea1t c\u00f4ng su\u1ea5t t\u1ed1i \u0111a\u00a01200W.<\/p>\n<h3><span style=\"font-weight: 400;\">T\u00ednh n\u0103ng an to\u00e0n<\/span><\/h3>\n<ul>\n<li><span style=\"font-weight: 400;\">C\u1ea3nh b\u00e1o nhi\u1ec7t d\u01b0 v\u00f9ng n\u1ea5u Residual heat<\/span><\/li>\n<li><span style=\"font-weight: 400;\">Kh\u00f3a an to\u00e0n tr\u1ebb em Child lock<\/span><\/li>\n<li><span style=\"font-weight: 400;\">T\u1ef1 \u0111\u1ed9ng t\u1eaft b\u1ebfp khi kh\u00f4ng c\u00f3 n\u1ed3i ( tr\u00ean b\u1ebfp t\u1eeb)<\/span><\/li>\n<li><span style=\"font-weight: 400;\">C\u01a1 ch\u1ebf b\u1ea3o v\u1ec7 qu\u00e1 t\u1ea3i<\/span><\/li>\n<li><span style=\"font-weight: 400;\">H\u1ec7 th\u1ed1ng b\u1ea3o v\u1ec7 an to\u00e0n qu\u00e1 nhi\u1ec7t, qu\u00e1 \u00e1p<\/span><\/li>\n<\/ul>\n<h3><span style=\"font-weight: 400;\">T\u00ednh n\u0103ng m\u1eb7t k\u00ednh<\/span><\/h3>\n<ul>\n<li><span style=\"font-weight: 400;\">M\u1eb7t k\u00ednh li\u1ec1n nguy\u00ean kh\u1ed1i, v\u00e1t c\u1ea1nh, m\u00e0u \u0111en sang tr\u1ecdng<\/span><\/li>\n<li><span style=\"font-weight: 400;\">B\u1ec1 m\u1eb7t ch\u1ed1ng tr\u1ea7y x\u01b0\u1edbc, ch\u1ecbu l\u1ef1c cao<\/span><\/li>\n<li><span style=\"font-weight: 400;\">Kh\u1ea3 n\u0103ng ch\u1ecbu nhi\u1ec7t l\u00ean \u0111\u1ebfn 1000oC, ch\u1ecbu s\u1ed1c nhi\u1ec7t \u0111\u1ebfn 800oC<\/span><\/li>\n<\/ul>\n<h3><span style=\"font-weight: 400;\">Th\u00f4ng s\u1ed1 k\u1ef9 thu\u1eadt<\/span><\/h3>\n<ul>\n<li><span style=\"font-weight: 400;\">\u0110i\u1ec7n \u00e1p 220-240V\/50Hz<\/span><\/li>\n<li><span style=\"font-weight: 400;\">C\u00f4ng su\u1ea5t: max 5400W ( Ph\u1ea3i: 2200W \/ Gi\u0169a :1200W \/ Tr\u00e1i d\u01b0\u1edbi: 2000W)<\/span><\/li>\n<li><span style=\"font-weight: 400;\">K\u00edch th\u01b0\u1edbc (d\u00e0i x r\u1ed9ng x cao): 760 x 460 x 90mm<\/span><\/li>\n<li><span style=\"font-weight: 400;\">K\u00edch th\u01b0\u1edbc kho\u00e9t l\u1ed7: 730 x 430mm<\/span><\/li>\n<li><span style=\"font-weight: 400;\">Tr\u1ecdng l\u01b0\u1ee3ng: 11 kg<\/span><\/li>\n<\/ul>\n<figure id=\"attachment_63880\" aria-describedby=\"caption-attachment-63880\" style=\"width: 800px\" class=\"wp-caption aligncenter\"><img loading=\"lazy\" decoding=\"async\" class=\"size-large wp-image-63880\" src=\"https:\/\/livinghome.vn\/thiet-bi\/wp-content\/uploads\/nha-bep\/arber\/bep-dien-tu\/bep-dien-tu-arber-ab221s\/bep-dien-tu-arber-ab221s-1-800x800.jpg\" alt=\"B\u1ebfp \u0111i\u1ec7n t\u1eeb Arber AB221S m\u1eb7t k\u00ednh\u00a0Vitroceramic ch\u1ecbu nhi\u1ec7t\" width=\"800\" height=\"800\" title=\"\"><figcaption id=\"caption-attachment-63880\" class=\"wp-caption-text\">B\u1ebfp \u0111i\u1ec7n t\u1eeb Arber AB221S m\u1eb7t k\u00ednh\u00a0Vitroceramic ch\u1ecbu nhi\u1ec7t<\/figcaption><\/figure>\n","protected":false},"excerpt":{"rendered":"<p>\u0110i\u1ec7n \u00e1p 220-240V\/50Hz<\/p>\n<p>C\u00f4ng su\u1ea5t: max 5400W ( Ph\u1ea3i: 2200W \/ Gi\u0169a :1200W \/ Tr\u00e1i d\u01b0\u1edbi: 2000W)<\/p>\n<p>K\u00edch th\u01b0\u1edbc (d\u00e0i x r\u1ed9ng x cao): 760 x 460 x 90mm<\/p>\n<p>K\u00edch th\u01b0\u1edbc kho\u00e9t l\u1ed7: 730 x 430mm<\/p>\n<p>Tr\u1ecdng l\u01b0\u1ee3ng: 11 kg<\/p>\n<p>Th\u1eddi gian b\u1ea3o h\u00e0nh : 2 n\u0103m<\/p>\n","protected":false},"featured_media":4068,"comment_status":"open","ping_status":"closed","template":"","meta":[],"product_brand":[],"product_cat":[745,798,709,799,80,801,447],"product_tag":[448,872,81,115,452,873,743],"class_list":{"0":"post-4002","1":"product","2":"type-product","3":"status-publish","4":"has-post-thumbnail","6":"product_cat-bep-dien-tu","7":"product_cat-bep-2-tu-1-dien","8":"product_cat-bep-dien-tu-arber","9":"product_cat-bep-dien-tu-hinh-chu-nhat","10":"product_cat-bep-dien-tu-ket-hop","11":"product_cat-bep-dien-tu-khong-ken-noi","12":"product_cat-thuong-hieu-arber","13":"product_tag-arber","14":"product_tag-bep-2-tu-1-dien","15":"product_tag-bep-dien-tu","16":"product_tag-bep-dien-tu-am","17":"product_tag-bep-dien-tu-arber","18":"product_tag-bep-dien-tu-hinh-chu-nhat","19":"product_tag-bep-dien-tu-ket-hop","21":"first","22":"instock","23":"sale","24":"shipping-taxable","25":"purchasable","26":"product-type-simple"},"_links":{"self":[{"href":"https:\/\/livinghome.vn\/thiet-bi\/wp-json\/wp\/v2\/product\/4002","targetHints":{"allow":["GET"]}}],"collection":[{"href":"https:\/\/livinghome.vn\/thiet-bi\/wp-json\/wp\/v2\/product"}],"about":[{"href":"https:\/\/livinghome.vn\/thiet-bi\/wp-json\/wp\/v2\/types\/product"}],"replies":[{"embeddable":true,"href":"https:\/\/livinghome.vn\/thiet-bi\/wp-json\/wp\/v2\/comments?post=4002"}],"wp:featuredmedia":[{"embeddable":true,"href":"https:\/\/livinghome.vn\/thiet-bi\/wp-json\/wp\/v2\/media\/4068"}],"wp:attachment":[{"href":"https:\/\/livinghome.vn\/thiet-bi\/wp-json\/wp\/v2\/media?parent=4002"}],"wp:term":[{"taxonomy":"product_brand","embeddable":true,"href":"https:\/\/livinghome.vn\/thiet-bi\/wp-json\/wp\/v2\/product_brand?post=4002"},{"taxonomy":"product_cat","embeddable":true,"href":"https:\/\/livinghome.vn\/thiet-bi\/wp-json\/wp\/v2\/product_cat?post=4002"},{"taxonomy":"product_tag","embeddable":true,"href":"https:\/\/livinghome.vn\/thiet-bi\/wp-json\/wp\/v2\/product_tag?post=4002"}],"curies":[{"name":"wp","href":"https:\/\/api.w.org\/{rel}","templated":true}]}}