{"id":4000,"date":"2023-01-12T18:49:31","date_gmt":"2023-01-12T18:49:31","guid":{"rendered":"https:\/\/livinghome.vn\/thiet-bi\/?post_type=product&#038;p=4000"},"modified":"2024-11-29T14:17:50","modified_gmt":"2024-11-29T07:17:50","slug":"bep-dien-tu-arber-ab228it-mat-kinh-kanger-chiu-nhiet-chiu-luc","status":"publish","type":"product","link":"https:\/\/livinghome.vn\/thiet-bi\/bep-dien-tu-arber-ab228it-mat-kinh-kanger-chiu-nhiet-chiu-luc\/","title":{"rendered":"B\u1ebfp \u0111i\u1ec7n t\u1eeb Arber AB228IT m\u1eb7t k\u00ednh Kanger ch\u1ecbu nhi\u1ec7t ch\u1ecbu l\u1ef1c"},"content":{"rendered":"<div>\n<p><span style=\"font-weight: 400;\">B\u1ebfp \u0111i\u1ec7n t\u1eeb <\/span><span style=\"font-weight: 400;\">Arber AB228IT<\/span><span style=\"font-weight: 400;\"> nh\u1eadp kh\u1ea9u nguy\u00ean chi\u1ebfc v\u1edbi thi\u1ebft k\u1ebf sang tr\u1ecdng. B\u1ea3ng \u0111i\u1ec1u khi\u1ec3n c\u1ea3m \u1ee9ng hi\u1ec7n \u0111\u1ea1i c\u00f9ng nhi\u1ec1u t\u00ednh n\u0103ng n\u1ea5u th\u00f4ng minh. C\u00f4ng ngh\u1ec7 bi\u1ebfn t\u1ea7n Inverter b\u1ec1n b\u1ec9, an to\u00e0n, ti\u1ebft ki\u1ec7m \u0111i\u1ec7n n\u0103ng. H\u00e3y c\u00f9ng Si\u00eau Th\u1ecb B\u1ebfp.vn t\u00ecm hi\u1ec3u chi ti\u1ebft v\u1ec1 s\u1ea3n ph\u1ea9m n\u00e0y.<\/span><\/p>\n<\/div>\n<h2>B\u1ebfp \u0111i\u1ec7n t\u1eeb Arber AB228IT c\u00f3 nh\u1eefng chi ti\u1ebft nh\u01b0 sau<\/h2>\n<h3><span style=\"font-weight: 400;\">Th\u00f4ng tin s\u1ea3n ph\u1ea9m\u00a0<\/span><\/h3>\n<ul>\n<li>Ph\u00e2n lo\u1ea1i : <a href=\"https:\/\/livinghome.vn\/thiet-bi\/bep-dien-tu-ket-hop\/\">B\u1ebfp \u0111i\u1ec7n t\u1eeb<\/a> Arber AB228IT<\/li>\n<li><span style=\"font-weight: 400;\">S\u1eed d\u1ee5ng \u0111a n\u0103ng v\u1edbi b\u1ebfp h\u1ed3ng ngo\u1ea1i k\u1ebft h\u1ee3p t\u1eeb AB228IT<\/span><\/li>\n<li><span style=\"font-weight: 400;\">M\u1eb7t k\u00ednh Kanger ch\u1ecbu nhi\u1ec7t, ch\u1ecbu l\u1ef1c.<\/span><\/li>\n<li><span style=\"font-weight: 400;\">M\u00e2m nhi\u1ec7t\u00a0 \u00d814\/22cm<\/span><\/li>\n<li><span style=\"font-weight: 400;\">M\u00e2m t\u1eeb t\u1ef1 \u0111\u1ed9ng nh\u1eadn bi\u1ebft k\u00edch c\u1ee1 xoong n\u1ed3i, \u0111\u01b0\u1eddng k\u00ednh 22cm \/ 2000W<\/span><\/li>\n<li><span style=\"font-weight: 400;\">H\u1eb9n gi\u1edd \u0111\u1ed9c l\u1eadp cho t\u1eebng v\u00f9ng n\u1ea5u, th\u1eddi gian h\u1eb9n \u0111\u1ebfn 8.00 gi\u1edd<\/span><\/li>\n<li><span style=\"font-weight: 400;\">\u0110i\u1ec1u khi\u1ec3n c\u00f4ng su\u1ea5t \/ nhi\u1ec7t \u0111\u1ed9 nhi\u1ec1u m\u1ee9c<\/span><\/li>\n<li><span style=\"font-weight: 400;\">B\u00e0n ph\u00edm si\u00eau nh\u1ea1y c\u1ea3 khi tay \u01b0\u1edbt<\/span><\/li>\n<li><span style=\"font-weight: 400;\">T\u1ef1 \u0111\u1ed9ng chia s\u1ebb c\u00f4ng su\u1ea5t gi\u1eefa 2 b\u1ebfp, max 3400W<\/span><\/li>\n<\/ul>\n<p>B\u1ebfp \u0111i\u1ec7n\u00a0t\u1eeb\u00a0Arber\u00a0AB228IT<strong>\u00a0<\/strong>s\u1eed d\u1ee5ng m\u1eb7t k\u00ednh Kanger nguy\u00ean kh\u1ed1i, \u0111\u01b0\u1eddng vi\u1ec1n \u0111\u01b0\u1ee3c v\u00e1t c\u1ea1nh tinh t\u1ebf sang tr\u1ecdng. M\u1eb7t k\u00ednh l\u00e0m t\u1eeb ch\u1ea5t li\u1ec7u g\u1ed1m th\u1ee7y tinh \u0111\u00e3 qua t\u00f4i luy\u1ec7n \u1edf nhi\u1ec7t \u0111\u1ed9 cao. Nh\u1edd \u0111\u00f3 kh\u1ea3 n\u0103ng ch\u1ecbu l\u1ef1c r\u1ea5t t\u1ed1t, ch\u1ecbu s\u1ed1c nhi\u1ec7t l\u00ean t\u1edbi1000 \u0111\u1ed9 C. K\u00ednh ch\u1ed1ng x\u01b0\u1edbc t\u1ed1t, t\u1ea3n nhi\u1ec7t nhanh, \u0111\u01b0\u1ee3c c\u00e1ch \u0111i\u1ec7n an to\u00e0n v\u1edbi c\u00e1c linh ki\u1ec7n \u0111i\u1ec7n t\u1eed.<\/p>\n<figure id=\"attachment_63884\" aria-describedby=\"caption-attachment-63884\" style=\"width: 1020px\" class=\"wp-caption aligncenter\"><img loading=\"lazy\" decoding=\"async\" class=\"size-large wp-image-63884\" src=\"https:\/\/livinghome.vn\/thiet-bi\/wp-content\/uploads\/nha-bep\/arber\/bep-dien-tu\/bep-dien-tu-arber-ab228it\/bep-dien-tu-arber-ab228it-2-1067x800.jpg\" alt=\"B\u1ebfp \u0111i\u1ec7n t\u1eeb Arber AB228IT m\u1eb7t k\u00ednh Kanger ch\u1ecbu nhi\u1ec7t ch\u1ecbu l\u1ef1c\" width=\"1020\" height=\"765\" title=\"\"><figcaption id=\"caption-attachment-63884\" class=\"wp-caption-text\">B\u1ebfp \u0111i\u1ec7n t\u1eeb Arber AB228IT m\u1eb7t k\u00ednh Kanger ch\u1ecbu nhi\u1ec7t ch\u1ecbu l\u1ef1c<\/figcaption><\/figure>\n<p>B\u1ebfp \u0111i\u1ec7n t\u1eeb \u00e2m\u00a0Arber AB228IT\u00a0thi\u1ebft k\u1ebf v\u1edbi 2 v\u00f9ng n\u1ea5u ri\u00eang bi\u1ec7t. V\u00f9ng n\u1ea5u t\u1eeb c\u00f3 c\u00f4ng su\u1ea5t l\u00ean \u0111\u1ebfn\u00a02000W,.\u00a0B\u00ean v\u00f9ng n\u1ea5u h\u1ed3ng ngo\u1ea1i c\u00f3 c\u00f4ng su\u1ea5t\u00a02200W\u00a0s\u1eed d\u1ee5ng h\u1ec7 m\u00e2m nhi\u1ec7t\u00a0E.G.O HILIGHT\u00a0hai v\u00f2ng nhi\u1ec7t. \u0110i\u1ec1u ch\u1ec9nh linh ho\u1ea1t, t\u1eadn d\u1ee5ng \u0111\u01b0\u1ee3c m\u1ecdi k\u00edch c\u1ee1 xoong n\u1ed3i. M\u00e2m nhi\u1ec7t n\u00e0y c\u00f3 kh\u1ea3 n\u0103ng sinh nhi\u1ec7t t\u1eadp trung, nhi\u1ec7t ph\u00e2n b\u1ed1 \u0111\u1ec1u trong v\u00f9ng n\u1ea5u.<\/p>\n<h3><span style=\"font-weight: 400;\">T\u00ednh n\u0103ng an to\u00e0n<\/span><\/h3>\n<ul>\n<li><span style=\"font-weight: 400;\">C\u1ea3nh b\u00e1o nhi\u1ec7t d\u01b0 v\u00f9ng n\u1ea5u Residual heat<\/span><\/li>\n<li><span style=\"font-weight: 400;\">Kh\u00f3a an to\u00e0n tr\u1ebb em Child lock<\/span><\/li>\n<li><span style=\"font-weight: 400;\">T\u1ef1 \u0111\u1ed9ng t\u1eaft b\u1ebfp khi kh\u00f4ng c\u00f3 n\u1ed3i ( tr\u00ean b\u1ebfp t\u1eeb)<\/span><\/li>\n<li><span style=\"font-weight: 400;\">H\u1ec7 th\u1ed1ng b\u1ea3o v\u1ec7 an to\u00e0n qu\u00e1 nhi\u1ec7t, qu\u00e1 \u00e1p<\/span><\/li>\n<\/ul>\n<h3><span style=\"font-weight: 400;\">T\u00ednh n\u0103ng m\u1eb7t k\u00ednh<\/span><\/h3>\n<ul>\n<li><span style=\"font-weight: 400;\">M\u1eb7t k\u00ednh li\u1ec1n nguy\u00ean kh\u1ed1i, m\u00e0u \u0111en sang tr\u1ecdng<\/span><\/li>\n<li><span style=\"font-weight: 400;\">B\u1ec1 m\u1eb7t ch\u1ed1ng tr\u1ea7y x\u01b0\u1edbc, ch\u1ecbu l\u1ef1c cao<\/span><\/li>\n<li><span style=\"font-weight: 400;\">Kh\u1ea3 n\u0103ng ch\u1ecbu nhi\u1ec7t l\u00ean \u0111\u1ebfn 1000oC, ch\u1ecbu s\u1ed1c nhi\u1ec7t \u0111\u1ebfn 800oC<\/span><\/li>\n<\/ul>\n<p>Kh\u00f3a ph\u00edm tr\u1ebb em: Khi k\u00edch ho\u1ea1t ch\u1ebf \u0111\u1ed9 kh\u00f3a ph\u00edm tr\u1ebb em th\u00ec to\u00e0n b\u1ed9 b\u1ea3ng \u0111i\u1ec1u khi\u1ec3n s\u1ebd \u0111\u01b0\u1ee3c \u1ea9n \u0111i. Ch\u1ee9c n\u0103ng n\u00e0y gi\u00fap ng\u0103n ng\u1eeba tr\u1ebb nh\u1ecf c\u00f3 v\u00f4 t\u00ecnh ch\u1ea1m tay v\u00e0o b\u1ebfp th\u00ec c\u0169ng kh\u00f4ng \u0111i\u1ec1u khi\u1ec3n \u0111\u01b0\u1ee3c. Khi b\u1ea1n mu\u1ed1n \u0111i\u1ec1u khi\u1ec3n l\u1ea1i b\u1ebfp th\u00ec ph\u1ea3i m\u1edf kh\u00f3a tr\u00ean b\u1ea3ng \u0111i\u1ec1u khi\u1ec3n. Ho\u1eb7c ch\u1ecdn l\u1ea1i v\u00f9ng n\u1ea5u v\u1edbi ch\u1ebf \u0111\u1ed9 t\u1ef1 \u0111\u1ed9ng kh\u00f3a.<\/p>\n<p>T\u1ef1 \u0111\u1ed9ng nh\u1eadn di\u1ec7n \u0111\u00e1y n\u1ed3i: B\u1ebfp c\u00f3 ch\u1ebf \u0111\u1ed9 t\u1ef1 nh\u1eadn di\u1ec7n k\u00edch th\u01b0\u1edbc xoong n\u1ed3i n\u1ea5u. Ch\u1ec9 l\u00e0m n\u00f3ng v\u00f9ng \u0111\u00e1y n\u1ed3i gi\u00fap ti\u1ebft ki\u1ec7m \u0111i\u1ec7n n\u0103ng.<\/p>\n<p>Hi\u1ec3n th\u1ecb c\u1ea3nh b\u00e1o d\u01b0 nhi\u1ec7t: B\u1ebfp hi\u1ec3n th\u1ecb ch\u1eef \u201cH\u201d c\u1ea3nh b\u00e1o v\u00f9ng n\u1ea5u n\u00f3ng kh\u00f4ng \u0111\u01b0\u1ee3c ch\u1ea1m tay v\u00e0o g\u00e2y b\u1ecfng<\/p>\n<p>H\u1ec7 th\u1ed1ng b\u1ea3o v\u1ec7 an to\u00e0n qu\u00e1 nhi\u1ec7t, qu\u00e1 \u00e1p:\u00a0\u0111\u1ea3m b\u1ea3o an to\u00e0n cho ngu\u1ed3n \u0111i\u1ec7n c\u1ee7a gia \u0111\u00ecnh b\u1ea1n.<\/p>\n<h3><span style=\"font-weight: 400;\">Th\u00f4ng s\u1ed1 k\u1ef9 thu\u1eadt<\/span><\/h3>\n<ul>\n<li><span style=\"font-weight: 400;\">\u0110i\u1ec7n \u00e1p 220-240V\/50Hz<\/span><\/li>\n<li><span style=\"font-weight: 400;\">C\u00f4ng su\u1ea5t: max 3400W ( Ph\u1ea3i: 2000W, Tr\u00e1i 1000 \/ 1200W )<\/span><\/li>\n<li><span style=\"font-weight: 400;\">K\u00edch th\u01b0\u1edbc (d\u00e0i x r\u1ed9ng x cao): 720 x 430 x 100mm<\/span><\/li>\n<li><span style=\"font-weight: 400;\">K\u00edch th\u01b0\u1edbc kho\u00e9t l\u1ed7: 680 x 390mm<\/span><\/li>\n<li><span style=\"font-weight: 400;\">Tr\u1ecdng l\u01b0\u1ee3ng: 9.0 kg<\/span><\/li>\n<\/ul>\n<figure id=\"attachment_63882\" aria-describedby=\"caption-attachment-63882\" style=\"width: 800px\" class=\"wp-caption aligncenter\"><img loading=\"lazy\" decoding=\"async\" class=\"size-large wp-image-63882\" src=\"https:\/\/livinghome.vn\/thiet-bi\/wp-content\/uploads\/nha-bep\/arber\/bep-dien-tu\/bep-dien-tu-arber-ab228it\/bep-dien-tu-arber-ab228it-1-800x800.jpg\" alt=\"B\u1ebfp \u0111i\u1ec7n t\u1eeb Arber AB228IT m\u1eb7t k\u00ednh Kanger ch\u1ecbu nhi\u1ec7t ch\u1ecbu l\u1ef1c\" width=\"800\" height=\"800\" title=\"\"><figcaption id=\"caption-attachment-63882\" class=\"wp-caption-text\">B\u1ebfp \u0111i\u1ec7n t\u1eeb Arber AB228IT m\u1eb7t k\u00ednh Kanger ch\u1ecbu nhi\u1ec7t ch\u1ecbu l\u1ef1c<\/figcaption><\/figure>\n","protected":false},"excerpt":{"rendered":"<p>\u0110i\u1ec7n \u00e1p 220-240V\/50Hz<\/p>\n<p>C\u00f4ng su\u1ea5t: max 3400W ( Ph\u1ea3i: 2000W, Tr\u00e1i 1000 \/ 1200W )<\/p>\n<p>K\u00edch th\u01b0\u1edbc (d\u00e0i x r\u1ed9ng x cao): 720 x 430 x 100mm<\/p>\n<p>K\u00edch th\u01b0\u1edbc kho\u00e9t l\u1ed7: 680 x 390mm<\/p>\n<p>Tr\u1ecdng l\u01b0\u1ee3ng: 9.0 kg<\/p>\n<p>TCVN: IEMM.21\/EMC\/0369.7A-SP<\/p>\n<p>Th\u1eddi gian b\u1ea3o h\u00e0nh : 2 n\u0103m<\/p>\n","protected":false},"featured_media":4064,"comment_status":"open","ping_status":"closed","template":"","meta":[],"product_brand":[],"product_cat":[745,793,709,796,799,80,801,447],"product_tag":[448,81,115,452],"class_list":{"0":"post-4000","1":"product","2":"type-product","3":"status-publish","4":"has-post-thumbnail","6":"product_cat-bep-dien-tu","7":"product_cat-bep-1-dien-1-tu","8":"product_cat-bep-dien-tu-arber","9":"product_cat-bep-dien-tu-doi","10":"product_cat-bep-dien-tu-hinh-chu-nhat","11":"product_cat-bep-dien-tu-ket-hop","12":"product_cat-bep-dien-tu-khong-ken-noi","13":"product_cat-thuong-hieu-arber","14":"product_tag-arber","15":"product_tag-bep-dien-tu","16":"product_tag-bep-dien-tu-am","17":"product_tag-bep-dien-tu-arber","19":"first","20":"instock","21":"sale","22":"shipping-taxable","23":"purchasable","24":"product-type-simple"},"_links":{"self":[{"href":"https:\/\/livinghome.vn\/thiet-bi\/wp-json\/wp\/v2\/product\/4000","targetHints":{"allow":["GET"]}}],"collection":[{"href":"https:\/\/livinghome.vn\/thiet-bi\/wp-json\/wp\/v2\/product"}],"about":[{"href":"https:\/\/livinghome.vn\/thiet-bi\/wp-json\/wp\/v2\/types\/product"}],"replies":[{"embeddable":true,"href":"https:\/\/livinghome.vn\/thiet-bi\/wp-json\/wp\/v2\/comments?post=4000"}],"wp:featuredmedia":[{"embeddable":true,"href":"https:\/\/livinghome.vn\/thiet-bi\/wp-json\/wp\/v2\/media\/4064"}],"wp:attachment":[{"href":"https:\/\/livinghome.vn\/thiet-bi\/wp-json\/wp\/v2\/media?parent=4000"}],"wp:term":[{"taxonomy":"product_brand","embeddable":true,"href":"https:\/\/livinghome.vn\/thiet-bi\/wp-json\/wp\/v2\/product_brand?post=4000"},{"taxonomy":"product_cat","embeddable":true,"href":"https:\/\/livinghome.vn\/thiet-bi\/wp-json\/wp\/v2\/product_cat?post=4000"},{"taxonomy":"product_tag","embeddable":true,"href":"https:\/\/livinghome.vn\/thiet-bi\/wp-json\/wp\/v2\/product_tag?post=4000"}],"curies":[{"name":"wp","href":"https:\/\/api.w.org\/{rel}","templated":true}]}}