{"id":3999,"date":"2023-01-12T18:49:31","date_gmt":"2023-01-12T18:49:31","guid":{"rendered":"https:\/\/livinghome.vn\/thiet-bi\/?post_type=product&#038;p=3999"},"modified":"2024-11-29T14:17:50","modified_gmt":"2024-11-29T07:17:50","slug":"bep-dien-tu-arber-abei601-60cm-1-dien-1-tu","status":"publish","type":"product","link":"https:\/\/livinghome.vn\/thiet-bi\/bep-dien-tu-arber-abei601-60cm-1-dien-1-tu\/","title":{"rendered":"B\u1ebfp \u0110i\u1ec7n T\u1eeb Arber ABEI601 60CM 1 \u0110i\u1ec7n 1 T\u1eeb K\u00ednh Kanger"},"content":{"rendered":"<div>\n<h2>B\u1ebfp \u0111i\u1ec7n t\u1eeb Arber ABEI601 c\u00f3 nh\u1eefng chi ti\u1ebft nh\u01b0 sau<\/h2>\n<\/div>\n<div>B\u1ebfp \u0111i\u1ec7n t\u1eeb Arber ABEI601 s\u1eed d\u1ee5ng m\u1eb7t k\u00ednh Kanger, m\u1eb7t k\u00ednh \u0111\u01b0\u1ee3c l\u00e0m t\u1eeb ch\u1ea5t li\u1ec7u g\u1ed1m th\u1ee7y tinh c\u00f3 kh\u1ea3 n\u0103ng ch\u1ecbu nhi\u1ec7t l\u00ean \u0111\u1ebfn 1000\u00b0C, kh\u00e1ng s\u1ed1c 750\u00b0C. B\u1ec1 m\u1eb7t k\u00ednh ch\u1ecbu n\u00f3ng l\u1ea1nh c\u0169ng nh\u01b0 s\u1ef1 thay \u0111\u1ed5i \u0111\u1ed9t ng\u1ed9t c\u1ee7a nhi\u1ec7t \u0111\u1ed9.<\/div>\n<div><\/div>\n<div>\u0110\u1ed9 gi\u00e3n n\u1edf v\u00ec nhi\u1ec7t th\u1ea5p n\u00ean b\u1ebfp ho\u1ea1t \u0111\u1ed9ng r\u1ea5t hi\u1ec7u qu\u1ea3 v\u00e0 c\u00e1ch nhi\u1ec7t. M\u1eb7t b\u1ebfp t\u1ea3n nhi\u1ec7t nhanh v\u00e0 \u0111\u01b0\u1ee3c c\u00e1ch \u0111i\u1ec7n an to\u00e0n v\u1edbi c\u00e1c linh ki\u1ec7n \u0111i\u1ec7n t\u1eed b\u00ean trong th\u00e2n. B\u1ea1n c\u00f3 th\u1ec3 y\u00ean t\u00e2m s\u1eed d\u1ee5ng m\u00e0 kh\u00f4ng lo b\u1ecb b\u1ecfng hay \u0111i\u1ec7n gi\u1eadt.<\/div>\n<h3><span style=\"font-weight: 400;\">Th\u00f4ng tin s\u1ea3n ph\u1ea9m\u00a0<\/span><\/h3>\n<ul>\n<li>Ph\u00e2n lo\u1ea1i: <a href=\"https:\/\/livinghome.vn\/thiet-bi\/bep-dien-tu-ket-hop\/\">B\u1ebfp \u0111i\u1ec7n t\u1eeb<\/a> Arber ABEI601<\/li>\n<li><span style=\"font-weight: 400;\">S\u1eed d\u1ee5ng \u0111a n\u0103ng v\u1edbi b\u1ebfp h\u1ed3ng ngo\u1ea1i k\u1ebft h\u1ee3p t\u1eeb ABEI601<\/span><\/li>\n<li><span style=\"font-weight: 400;\">M\u1eb7t k\u00ednh Kanger ch\u1ecbu nhi\u1ec7t, ch\u1ecbu l\u1ef1c v\u00e1t c\u1ea1nh<\/span><\/li>\n<li><span style=\"font-weight: 400;\">M\u00e2m nhi\u1ec7t \u00d814cm, t\u00edch h\u1ee3p ph\u00edm ch\u1ecdn v\u00f2ng n\u1ea5u<\/span><\/li>\n<li><span style=\"font-weight: 400;\">M\u00e2m t\u1eeb t\u1ef1 \u0111\u1ed9ng nh\u1eadn bi\u1ebft k\u00edch c\u1ee1 xoong n\u1ed3i, \u0111\u01b0\u1eddng k\u00ednh 18cm \/ 2000W<\/span><\/li>\n<li><span style=\"font-weight: 400;\">H\u1eb9n gi\u1edd \u0111\u1ed9c l\u1eadp cho t\u1eebng v\u00f9ng n\u1ea5u, th\u1eddi gian h\u1eb9n \u0111\u1ebfn 8.00 gi\u1edd<\/span><\/li>\n<li><span style=\"font-weight: 400;\">\u0110i\u1ec1u khi\u1ec3n c\u00f4ng su\u1ea5t \/ nhi\u1ec7t \u0111\u1ed9 nhi\u1ec1u m\u1ee9c<\/span><\/li>\n<li><span style=\"font-weight: 400;\">B\u00e0n ph\u00edm d\u1ea1ng tr\u01b0\u1ee3t Silde chung 2 b\u1ebfp, 8 m\u1ee9c c\u00f4ng su\u1ea5t<\/span><\/li>\n<li><span style=\"font-weight: 400;\">T\u1ef1 \u0111\u1ed9ng chia s\u1ebb c\u00f4ng su\u1ea5t gi\u1eefa 2 b\u1ebfp, max 3400W<\/span><\/li>\n<\/ul>\n<figure id=\"attachment_63927\" aria-describedby=\"caption-attachment-63927\" style=\"width: 1020px\" class=\"wp-caption aligncenter\"><img loading=\"lazy\" decoding=\"async\" class=\"size-large wp-image-63927\" src=\"https:\/\/livinghome.vn\/thiet-bi\/wp-content\/uploads\/nha-bep\/arber\/bep-dien-tu\/bep-dien-tu-arber-abei601\/bep-dien-tu-arber-abei601-3-1067x800.jpg\" alt=\"B\u1ebfp \u0111i\u1ec7n t\u1eeb Arber ABEI601 m\u1eb7t k\u00ednh Kanger ch\u1ecbu nhi\u1ec7t\" width=\"1020\" height=\"765\" title=\"\"><figcaption id=\"caption-attachment-63927\" class=\"wp-caption-text\">Thi\u1ebft k\u1ebf c\u1ee7a B\u1ebfp \u0111i\u1ec7n t\u1eeb Arber ABEI601 hi\u1ec7n \u0111\u1ea1i tinh t\u1ebf<\/figcaption><\/figure>\n<h3><span style=\"font-weight: 400;\">T\u00ednh n\u0103ng an to\u00e0n<\/span><\/h3>\n<ul>\n<li><span style=\"font-weight: 400;\">C\u1ea3nh b\u00e1o nhi\u1ec7t d\u01b0 v\u00f9ng n\u1ea5u Residual heat<\/span><\/li>\n<li><span style=\"font-weight: 400;\">Kh\u00f3a an to\u00e0n tr\u1ebb em Child lock<\/span><\/li>\n<li><span style=\"font-weight: 400;\">T\u1ef1 \u0111\u1ed9ng t\u1eaft b\u1ebfp khi \u0111\u1ec3 qu\u00ean Automatic switching off<\/span><\/li>\n<li><span style=\"font-weight: 400;\">T\u1ef1 \u0111\u1ed9ng t\u1eaft b\u1ebfp khi kh\u00f4ng c\u00f3 n\u1ed3i ( tr\u00ean b\u1ebfp t\u1eeb)<\/span><\/li>\n<li><span style=\"font-weight: 400;\">H\u1ec7 th\u1ed1ng b\u1ea3o v\u1ec7 an to\u00e0n qu\u00e1 nhi\u1ec7t, qu\u00e1 \u00e1p<\/span><\/li>\n<\/ul>\n<h3><span style=\"font-weight: 400;\">T\u00ednh n\u0103ng m\u1eb7t k\u00ednh<\/span><\/h3>\n<ul>\n<li><span style=\"font-weight: 400;\">M\u1eb7t k\u00ednh li\u1ec1n nguy\u00ean kh\u1ed1i, m\u00e0u \u0111en sang tr\u1ecdng v\u00e1t 2 c\u1ea1nh.\u00a0<\/span><\/li>\n<li><span style=\"font-weight: 400;\">B\u1ec1 m\u1eb7t ch\u1ed1ng tr\u1ea7y x\u01b0\u1edbc, ch\u1ecbu l\u1ef1c cao<\/span><\/li>\n<li><span style=\"font-weight: 400;\">Kh\u1ea3 n\u0103ng ch\u1ecbu nhi\u1ec7t l\u00ean \u0111\u1ebfn 1000oC, ch\u1ecbu s\u1ed1c nhi\u1ec7t \u0111\u1ebfn 800oC<\/span><\/li>\n<\/ul>\n<figure id=\"attachment_63930\" aria-describedby=\"caption-attachment-63930\" style=\"width: 800px\" class=\"wp-caption aligncenter\"><img loading=\"lazy\" decoding=\"async\" class=\"size-large wp-image-63930\" src=\"https:\/\/livinghome.vn\/thiet-bi\/wp-content\/uploads\/nha-bep\/arber\/bep-dien-tu\/bep-dien-tu-arber-abei601\/bep-dien-tu-arber-abei601-1-800x800.jpg\" alt=\"B\u1ebfp \u0111i\u1ec7n t\u1eeb Arber ABEI601 m\u1eb7t k\u00ednh Kanger ch\u1ecbu nhi\u1ec7t\" width=\"800\" height=\"800\" title=\"\"><figcaption id=\"caption-attachment-63930\" class=\"wp-caption-text\">B\u1ea3ng \u0111i\u1ec1u khi\u1ec3n c\u1ee7a B\u1ebfp \u0111i\u1ec7n t\u1eeb Arber ABEI601 g\u1ecdn g\u00e0ng<\/figcaption><\/figure>\n<h3><span style=\"font-weight: 400;\">Th\u00f4ng s\u1ed1 k\u1ef9 thu\u1eadt<\/span><\/h3>\n<ul>\n<li><span style=\"font-weight: 400;\">\u0110i\u1ec7n \u00e1p 220-240V\/50Hz<\/span><\/li>\n<li><span style=\"font-weight: 400;\">C\u00f4ng su\u1ea5t: max 3400W ( Ph\u1ea3i: 2000W, Tr\u00e1i 1000 \/ 1200W )<\/span><\/li>\n<li><span style=\"font-weight: 400;\">K\u00edch th\u01b0\u1edbc (d\u00e0i x r\u1ed9ng x cao): 600 x 400 x 100mm<\/span><\/li>\n<li><span style=\"font-weight: 400;\">K\u00edch th\u01b0\u1edbc kho\u00e9t l\u1ed7: 560 x 360mm<\/span><\/li>\n<li><span style=\"font-weight: 400;\">Tr\u1ecdng l\u01b0\u1ee3ng: 8.0 kg<\/span><\/li>\n<li><span style=\"font-weight: 400;\">K\u1ebft c\u1ea5u khung v\u1ecf: b\u1eb1ng th\u00e9p c\u00e1ch \u0111i\u1ec7n<\/span><\/li>\n<li><span style=\"font-weight: 400;\">L\u1eafp \u0111\u1eb7t: l\u1eafp \u00e2m ho\u1eb7c \u0111\u1ec3 n\u1ed5i<\/span><\/li>\n<\/ul>\n<figure id=\"attachment_63928\" aria-describedby=\"caption-attachment-63928\" style=\"width: 800px\" class=\"wp-caption aligncenter\"><img loading=\"lazy\" decoding=\"async\" class=\"size-large wp-image-63928\" src=\"https:\/\/livinghome.vn\/thiet-bi\/wp-content\/uploads\/nha-bep\/arber\/bep-dien-tu\/bep-dien-tu-arber-abei601\/bep-dien-tu-arber-abei601-2-800x800.jpg\" alt=\"B\u1ebfp \u0111i\u1ec7n t\u1eeb Arber ABEI601 m\u1eb7t k\u00ednh Kanger ch\u1ecbu nhi\u1ec7t\" width=\"800\" height=\"800\" title=\"\"><figcaption id=\"caption-attachment-63928\" class=\"wp-caption-text\">K\u00edch th\u01b0\u1edbc s\u1ea3n ph\u1ea9m v\u00e0 l\u1eafp \u0111\u1eb7t \u00e2m c\u1ee7a B\u1ebfp \u0111i\u1ec7n t\u1eeb Arber ABEI601<\/figcaption><\/figure>\n<p>&nbsp;<\/p>\n<div class=\"mceTemp\"><\/div>\n","protected":false},"excerpt":{"rendered":"<p>\u0110i\u1ec7n \u00e1p 220-240V\/50Hz<\/p>\n<p>C\u00f4ng su\u1ea5t: max 3400W ( Ph\u1ea3i: 2000W, Tr\u00e1i 1000 \/ 1200W )<\/p>\n<p>K\u00edch th\u01b0\u1edbc (d\u00e0i x r\u1ed9ng x cao): 600 x 400 x 100mm<\/p>\n<p>K\u00edch th\u01b0\u1edbc kho\u00e9t l\u1ed7: 560 x 360mm<\/p>\n<p>Tr\u1ecdng l\u01b0\u1ee3ng: 8.0 kg<\/p>\n<p>K\u1ebft c\u1ea5u khung v\u1ecf: b\u1eb1ng th\u00e9p c\u00e1ch \u0111i\u1ec7n<\/p>\n<p>L\u1eafp \u0111\u1eb7t: l\u1eafp \u00e2m ho\u1eb7c \u0111\u1ec3 n\u1ed5i<\/p>\n<p>TCVN: IEMM.21\/EMC\/0299.12A-SP<\/p>\n<p>Th\u1eddi gian b\u1ea3o h\u00e0nh : 2 n\u0103m<\/p>\n","protected":false},"featured_media":4060,"comment_status":"open","ping_status":"closed","template":"","meta":[],"product_brand":[],"product_cat":[745,793,709,813,796,800,80,801,447],"product_tag":[448,81,115,452],"class_list":{"0":"post-3999","1":"product","2":"type-product","3":"status-publish","4":"has-post-thumbnail","6":"product_cat-bep-dien-tu","7":"product_cat-bep-1-dien-1-tu","8":"product_cat-bep-dien-tu-arber","9":"product_cat-bep-dien-tu-chung-cu","10":"product_cat-bep-dien-tu-doi","11":"product_cat-bep-dien-tu-hinh-vuong","12":"product_cat-bep-dien-tu-ket-hop","13":"product_cat-bep-dien-tu-khong-ken-noi","14":"product_cat-thuong-hieu-arber","15":"product_tag-arber","16":"product_tag-bep-dien-tu","17":"product_tag-bep-dien-tu-am","18":"product_tag-bep-dien-tu-arber","20":"first","21":"instock","22":"sale","23":"shipping-taxable","24":"purchasable","25":"product-type-simple"},"_links":{"self":[{"href":"https:\/\/livinghome.vn\/thiet-bi\/wp-json\/wp\/v2\/product\/3999","targetHints":{"allow":["GET"]}}],"collection":[{"href":"https:\/\/livinghome.vn\/thiet-bi\/wp-json\/wp\/v2\/product"}],"about":[{"href":"https:\/\/livinghome.vn\/thiet-bi\/wp-json\/wp\/v2\/types\/product"}],"replies":[{"embeddable":true,"href":"https:\/\/livinghome.vn\/thiet-bi\/wp-json\/wp\/v2\/comments?post=3999"}],"wp:featuredmedia":[{"embeddable":true,"href":"https:\/\/livinghome.vn\/thiet-bi\/wp-json\/wp\/v2\/media\/4060"}],"wp:attachment":[{"href":"https:\/\/livinghome.vn\/thiet-bi\/wp-json\/wp\/v2\/media?parent=3999"}],"wp:term":[{"taxonomy":"product_brand","embeddable":true,"href":"https:\/\/livinghome.vn\/thiet-bi\/wp-json\/wp\/v2\/product_brand?post=3999"},{"taxonomy":"product_cat","embeddable":true,"href":"https:\/\/livinghome.vn\/thiet-bi\/wp-json\/wp\/v2\/product_cat?post=3999"},{"taxonomy":"product_tag","embeddable":true,"href":"https:\/\/livinghome.vn\/thiet-bi\/wp-json\/wp\/v2\/product_tag?post=3999"}],"curies":[{"name":"wp","href":"https:\/\/api.w.org\/{rel}","templated":true}]}}