{"id":3996,"date":"2023-01-12T18:49:31","date_gmt":"2023-01-12T18:49:31","guid":{"rendered":"https:\/\/livinghome.vn\/thiet-bi\/?post_type=product&#038;p=3996"},"modified":"2024-11-29T14:17:50","modified_gmt":"2024-11-29T07:17:50","slug":"bep-dien-tu-arber-ab385-mat-kinh-ceramic-chiu-nhiet","status":"publish","type":"product","link":"https:\/\/livinghome.vn\/thiet-bi\/bep-dien-tu-arber-ab385-mat-kinh-ceramic-chiu-nhiet\/","title":{"rendered":"B\u1ebfp \u0111i\u1ec7n t\u1eeb Arber AB385 m\u1eb7t k\u00ednh ceramic ch\u1ecbu nhi\u1ec7t"},"content":{"rendered":"<div>B\u1ebfp \u0111i\u1ec7n t\u1eeb Arber n\u00f3i chung v\u00e0\u00a0b\u1ebfp \u0111i\u1ec7n t\u1eeb Arber AB385\u00a0hi\u1ec7n nay kh\u00f4ng c\u00f2n xa l\u1ea1 v\u1edbi ng\u01b0\u1eddi ti\u00eau d\u00f9ng Vi\u1ec7t Nam n\u1eefa \u0111\u1ea1i di\u1ec7n cho m\u1ed9t ch\u1ea5t l\u01b0\u1ee3ng ho\u00e0n h\u1ea3o. B\u1ebfp k\u1ebft h\u1ee3p \u0111i\u1ec7n v\u00e0 t\u1eeb Arber AB-385 s\u1edf h\u1eefu nh\u1eefng t\u00ednh n\u0103ng \u01b0u vi\u1ec7t, th\u00e2n thi\u1ec7n v\u1edbi ng\u01b0\u1eddi d\u00f9ng, t\u1ea1o n\u00ean s\u1ef1 th\u00edch th\u00fa c\u0169ng nh\u01b0 thi\u1ec7n c\u1ea3m c\u1ee7a r\u1ea5t nhi\u1ec1u ch\u1ecb em.<\/div>\n<h2>B\u1ebfp \u0111i\u1ec7n t\u1eeb Arber AB385 c\u00f3 nh\u1eefng chi ti\u1ebft nh\u01b0 sau<\/h2>\n<h3><span style=\"font-weight: 400;\">Th\u00f4ng tin s\u1ea3n ph\u1ea9m\u00a0<\/span><\/h3>\n<ul>\n<li>Ph\u00e2n lo\u1ea1i : <a href=\"https:\/\/livinghome.vn\/thiet-bi\/bep-dien-tu-ket-hop\/\">B\u1ebfp \u0111i\u1ec7n t\u1eeb<\/a> Arber AB385<\/li>\n<li><span style=\"font-weight: 400;\">S\u1eed d\u1ee5ng \u0111a n\u0103ng v\u1edbi b\u1ebfp h\u1ed3ng ngo\u1ea1i k\u1ebft h\u1ee3p t\u1eeb AB385<\/span><\/li>\n<li><span style=\"font-weight: 400;\">M\u1eb7t k\u00ednh ceramic ch\u1ecbu nhi\u1ec7t, ch\u1ecbu l\u1ef1c.<\/span><\/li>\n<li><span style=\"font-weight: 400;\">M\u00e2m nhi\u1ec7t \u00d814\/22cm<\/span><\/li>\n<li><span style=\"font-weight: 400;\">M\u00e2m t\u1eeb t\u1ef1 \u0111\u1ed9ng nh\u1eadn bi\u1ebft k\u00edch c\u1ee1 xoong n\u1ed3i, \u0111\u01b0\u1eddng k\u00ednh 22cm \/ 2000W<\/span><\/li>\n<li><span style=\"font-weight: 400;\"><span style=\"font-weight: 400;\">H\u1eb9n gi\u1edd \u0111\u1ed9c l\u1eadp cho t\u1eebng v\u00f9ng n\u1ea5u, th\u1eddi gian h\u1eb9n \u0111\u1ebfn <\/span><\/span><span style=\"font-weight: 400;\">8.00 gi\u1edd<\/span><\/li>\n<li><span style=\"font-weight: 400;\">\u0110i\u1ec1u khi\u1ec3n c\u00f4ng su\u1ea5t \/ nhi\u1ec7t \u0111\u1ed9 nhi\u1ec1u m\u1ee9c<\/span><\/li>\n<li><span style=\"font-weight: 400;\">B\u00e0n ph\u00edm si\u00eau nh\u1ea1y c\u1ea3 khi tay \u01b0\u1edbt<\/span><\/li>\n<li><span style=\"font-weight: 400;\">T\u1ef1 \u0111\u1ed9ng chia s\u1ebb c\u00f4ng su\u1ea5t gi\u1eefa 2 b\u1ebfp, max 3400W<\/span><\/li>\n<\/ul>\n<figure id=\"attachment_63907\" aria-describedby=\"caption-attachment-63907\" style=\"width: 1020px\" class=\"wp-caption aligncenter\"><img loading=\"lazy\" decoding=\"async\" class=\"size-large wp-image-63907\" src=\"https:\/\/livinghome.vn\/thiet-bi\/wp-content\/uploads\/nha-bep\/arber\/bep-dien-tu\/bep-dien-tu-arber-ab385\/bep-dien-tu-arber-ab385-3-1067x800.jpg\" alt=\"B\u1ebfp \u0111i\u1ec7n t\u1eeb Arber AB385 m\u1eb7t k\u00ednh ceramic ch\u1ecbu nhi\u1ec7t\" width=\"1020\" height=\"765\" title=\"\"><figcaption id=\"caption-attachment-63907\" class=\"wp-caption-text\">B\u1ebfp \u0111i\u1ec7n t\u1eeb Arber AB385 m\u1eb7t k\u00ednh ceramic ch\u1ecbu nhi\u1ec7t<\/figcaption><\/figure>\n<h3><span style=\"font-weight: 400;\">T\u00ednh n\u0103ng an to\u00e0n<\/span><\/h3>\n<ul>\n<li><span style=\"font-weight: 400;\">C\u1ea3nh b\u00e1o nhi\u1ec7t d\u01b0 v\u00f9ng n\u1ea5u Residual heat<\/span><\/li>\n<li><span style=\"font-weight: 400;\">Kh\u00f3a an to\u00e0n tr\u1ebb em Child lock<\/span><\/li>\n<li><span style=\"font-weight: 400;\">T\u1ef1 \u0111\u1ed9ng t\u1eaft b\u1ebfp khi kh\u00f4ng c\u00f3 n\u1ed3i ( tr\u00ean b\u1ebfp t\u1eeb)<\/span><\/li>\n<li><span style=\"font-weight: 400;\">H\u1ec7 th\u1ed1ng b\u1ea3o v\u1ec7 an to\u00e0n qu\u00e1 nhi\u1ec7t, qu\u00e1 \u00e1p<\/span><\/li>\n<\/ul>\n<h3><span style=\"font-weight: 400;\">T\u00ednh n\u0103ng m\u1eb7t k\u00ednh<\/span><\/h3>\n<ul>\n<li><span style=\"font-weight: 400;\">M\u1eb7t k\u00ednh li\u1ec1n nguy\u00ean kh\u1ed1i, m\u00e0u \u0111en sang tr\u1ecdng<\/span><\/li>\n<li><span style=\"font-weight: 400;\">B\u1ec1 m\u1eb7t ch\u1ed1ng tr\u1ea7y x\u01b0\u1edbc, ch\u1ecbu l\u1ef1c cao<\/span><\/li>\n<li><span style=\"font-weight: 400;\">Kh\u1ea3 n\u0103ng ch\u1ecbu nhi\u1ec7t l\u00ean \u0111\u1ebfn 1000oC, ch\u1ecbu s\u1ed1c nhi\u1ec7t \u0111\u1ebfn 800oC<\/span><\/li>\n<\/ul>\n<h3><span style=\"font-weight: 400;\">Th\u00f4ng s\u1ed1 k\u1ef9 thu\u1eadt<\/span><\/h3>\n<ul>\n<li><span style=\"font-weight: 400;\">\u0110i\u1ec7n \u00e1p 220-240V\/50Hz<\/span><\/li>\n<li><span style=\"font-weight: 400;\">C\u00f4ng su\u1ea5t: max 3400W ( Ph\u1ea3i: 2000W, Tr\u00e1i 1000 \/ 1200W )<\/span><\/li>\n<li><span style=\"font-weight: 400;\">K\u00edch th\u01b0\u1edbc (d\u00e0i x r\u1ed9ng x cao): 715 x 420 x100mm<\/span><\/li>\n<li><span style=\"font-weight: 400;\">K\u00edch th\u01b0\u1edbc kho\u00e9t l\u1ed7: 670 x 400mm<\/span><\/li>\n<li><span style=\"font-weight: 400;\">Tr\u1ecdng l\u01b0\u1ee3ng: 8.0 kg<\/span><\/li>\n<li><span style=\"font-weight: 400;\">K\u1ebft c\u1ea5u khung v\u1ecf: b\u1eb1ng th\u00e9p s\u01a1n c\u00e1ch \u0111i\u1ec7n<\/span><\/li>\n<li><span style=\"font-weight: 400;\">L\u1eafp \u0111\u1eb7t: l\u1eafp \u00e2m ho\u1eb7c \u0111\u1ec3 n\u1ed5i<\/span><\/li>\n<li><span style=\"font-weight: 400;\">L\u1eafp r\u00e1p : Made in China\u00a0<\/span><\/li>\n<\/ul>\n<figure id=\"attachment_63906\" aria-describedby=\"caption-attachment-63906\" style=\"width: 800px\" class=\"wp-caption aligncenter\"><img loading=\"lazy\" decoding=\"async\" class=\"size-large wp-image-63906\" src=\"https:\/\/livinghome.vn\/thiet-bi\/wp-content\/uploads\/nha-bep\/arber\/bep-dien-tu\/bep-dien-tu-arber-ab385\/bep-dien-tu-arber-ab385-2-800x800.jpg\" alt=\"B\u1ebfp \u0111i\u1ec7n t\u1eeb Arber AB385 m\u1eb7t k\u00ednh ceramic ch\u1ecbu nhi\u1ec7t\" width=\"800\" height=\"800\" title=\"\"><figcaption id=\"caption-attachment-63906\" class=\"wp-caption-text\">B\u1ebfp \u0111i\u1ec7n t\u1eeb Arber AB385 m\u1eb7t k\u00ednh ceramic ch\u1ecbu nhi\u1ec7t<\/figcaption><\/figure>\n","protected":false},"excerpt":{"rendered":"<p>\u0110i\u1ec7n \u00e1p 220-240V\/50Hz<\/p>\n<p>C\u00f4ng su\u1ea5t: max 3400W ( Ph\u1ea3i: 2000W, Tr\u00e1i 1000 \/ 1200W )<\/p>\n<p>K\u00edch th\u01b0\u1edbc (d\u00e0i x r\u1ed9ng x cao): 715 x 420 x100mm<\/p>\n<p>K\u00edch th\u01b0\u1edbc kho\u00e9t l\u1ed7: 670 x 400mm<\/p>\n<p>Tr\u1ecdng l\u01b0\u1ee3ng: 8.0 kg<\/p>\n<p>K\u1ebft c\u1ea5u khung v\u1ecf: b\u1eb1ng th\u00e9p s\u01a1n c\u00e1ch \u0111i\u1ec7n<\/p>\n<p>L\u1eafp \u0111\u1eb7t: l\u1eafp \u00e2m ho\u1eb7c \u0111\u1ec3 n\u1ed5i<\/p>\n<p>L\u1eafp r\u00e1p : Made in China<\/p>\n<p>Th\u1eddi gian b\u1ea3o h\u00e0nh : 2 n\u0103m<\/p>\n","protected":false},"featured_media":4046,"comment_status":"open","ping_status":"closed","template":"","meta":[],"product_brand":[],"product_cat":[745,793,709,813,796,799,80,447],"product_tag":[448,81,115,452],"class_list":{"0":"post-3996","1":"product","2":"type-product","3":"status-publish","4":"has-post-thumbnail","6":"product_cat-bep-dien-tu","7":"product_cat-bep-1-dien-1-tu","8":"product_cat-bep-dien-tu-arber","9":"product_cat-bep-dien-tu-chung-cu","10":"product_cat-bep-dien-tu-doi","11":"product_cat-bep-dien-tu-hinh-chu-nhat","12":"product_cat-bep-dien-tu-ket-hop","13":"product_cat-thuong-hieu-arber","14":"product_tag-arber","15":"product_tag-bep-dien-tu","16":"product_tag-bep-dien-tu-am","17":"product_tag-bep-dien-tu-arber","19":"first","20":"instock","21":"sale","22":"shipping-taxable","23":"purchasable","24":"product-type-simple"},"_links":{"self":[{"href":"https:\/\/livinghome.vn\/thiet-bi\/wp-json\/wp\/v2\/product\/3996","targetHints":{"allow":["GET"]}}],"collection":[{"href":"https:\/\/livinghome.vn\/thiet-bi\/wp-json\/wp\/v2\/product"}],"about":[{"href":"https:\/\/livinghome.vn\/thiet-bi\/wp-json\/wp\/v2\/types\/product"}],"replies":[{"embeddable":true,"href":"https:\/\/livinghome.vn\/thiet-bi\/wp-json\/wp\/v2\/comments?post=3996"}],"wp:featuredmedia":[{"embeddable":true,"href":"https:\/\/livinghome.vn\/thiet-bi\/wp-json\/wp\/v2\/media\/4046"}],"wp:attachment":[{"href":"https:\/\/livinghome.vn\/thiet-bi\/wp-json\/wp\/v2\/media?parent=3996"}],"wp:term":[{"taxonomy":"product_brand","embeddable":true,"href":"https:\/\/livinghome.vn\/thiet-bi\/wp-json\/wp\/v2\/product_brand?post=3996"},{"taxonomy":"product_cat","embeddable":true,"href":"https:\/\/livinghome.vn\/thiet-bi\/wp-json\/wp\/v2\/product_cat?post=3996"},{"taxonomy":"product_tag","embeddable":true,"href":"https:\/\/livinghome.vn\/thiet-bi\/wp-json\/wp\/v2\/product_tag?post=3996"}],"curies":[{"name":"wp","href":"https:\/\/api.w.org\/{rel}","templated":true}]}}