{"id":3995,"date":"2023-01-12T18:49:31","date_gmt":"2023-01-12T18:49:31","guid":{"rendered":"https:\/\/livinghome.vn\/thiet-bi\/?post_type=product&#038;p=3995"},"modified":"2024-11-29T14:20:14","modified_gmt":"2024-11-29T07:20:14","slug":"bep-dien-tu-arber-abi-339","status":"publish","type":"product","link":"https:\/\/livinghome.vn\/thiet-bi\/bep-dien-tu-arber-abi-339\/","title":{"rendered":"B\u1ebfp \u0111i\u1ec7n t\u1eeb Arber ABI 339 M\u1eb7t k\u00ednh Kanger ch\u1ecbu nhi\u1ec7t"},"content":{"rendered":"<div><span style=\"font-weight: 400;\">B\u1ebfp \u0111i\u1ec7n t\u1eeb Arber ABI 339 <\/span>v\u1edbi ki\u1ec3u d\u00e1ng thi\u1ebft k\u1ebf hi\u1ec7n \u0111\u1ea1i, gi\u00fap cho vi\u1ec7c ch\u1ebf bi\u1ebfn t\u1eebng lo\u1ea1i m\u00f3n \u0103n kh\u00e1c nhau \u0111\u01b0\u1ee3c nhanh ch\u00f3ng v\u00e0 d\u1ec5 d\u00e0ng. V\u1edbi ch\u1ee9c n\u0103ng c\u1ea3nh b\u00e1o nhi\u1ec7t d\u01b0, t\u1ef1 nh\u1eadn di\u1ec7n v\u00f9ng n\u1ea5u v\u00e0 h\u1eb9n gi\u1edd t\u1eaft b\u1ebfp gi\u00fap cho gia \u0111\u00ecnh ti\u1ebft ki\u1ec7m \u0111\u01b0\u1ee3c \u0111i\u1ec7n n\u0103ng khi s\u1eed d\u1ee5ng s\u1ea3n ph\u1ea9m.<\/div>\n<h2>B\u1ebfp \u0111i\u1ec7n t\u1eeb Arber ABI 339 c\u00f3 nh\u1eefng chi ti\u1ebft nh\u01b0 sau<\/h2>\n<h3><span style=\"font-weight: 400;\">Th\u00f4ng tin s\u1ea3n ph\u1ea9m\u00a0<\/span><\/h3>\n<ul>\n<li>Ph\u00e2n lo\u1ea1i : <a href=\"https:\/\/livinghome.vn\/thiet-bi\/bep-dien-tu-ket-hop\/\">B\u1ebfp \u0111i\u1ec7n t\u1eeb<\/a> Arber ABI339<\/li>\n<li><span style=\"font-weight: 400;\">M\u1eb7t k\u00ednh Kanger ch\u1ecbu nhi\u1ec7t, ch\u1ecbu l\u1ef1c v\u00e1t 1 c\u1ea1nh<\/span><\/li>\n<li><span style=\"font-weight: 400;\">M\u00e2m t\u1eeb \u0111\u01b0\u1eddng k\u00ednh: \u00a0 25cm.\u00a0<\/span><\/li>\n<li><span style=\"font-weight: 400;\">M\u00e2m nhi\u1ec7t : \u00d814\/22cm<\/span><\/li>\n<li><span style=\"font-weight: 400;\">Ch\u1ebf \u0111\u1ed9 ti\u1ebft ki\u1ec7m \u0111i\u1ec7n n\u0103ng c\u00f4ng ngh\u1ec7 : INVERTER\u00a0<\/span><\/li>\n<li><span style=\"font-weight: 400;\">Ch\u1ebf \u0111\u1ed9 n\u1ea5u : H\u1ea7m, Chi\u00ean x\u00e0o , r\u00e1n b\u00ean b\u1ebfp t\u1eeb<\/span><\/li>\n<li><span style=\"font-weight: 400;\">B\u1ea3o v\u1ec7 b\u1ebfp an to\u00e0n v\u1edbi t\u00ednh n\u0103ng ch\u1ed1ng tr\u00e0n<\/span><\/li>\n<li><span style=\"font-weight: 400;\">B\u00e0n ph\u00edm \u0111i\u1ec1u khi\u1ec3n d\u1ea1ng Silde b\u00e0n ph\u00edm t\u00e1ch hai b\u1ebfp\u00a0<\/span><\/li>\n<li><span style=\"font-weight: 400;\">H\u1eb9n gi\u1edd \u0111\u1ed9c l\u1eadp cho t\u1eebng v\u00f9ng n\u1ea5u, th\u1eddi gian h\u1eb9n \u0111\u1ebfn 9.30 ph\u00fat<\/span><\/li>\n<li><span style=\"font-weight: 400;\">T\u1ef1 \u0111\u1ed9ng chia s\u1ebb c\u00f4ng su\u1ea5t gi\u1eefa 2 b\u1ebfp, max 3600W<\/span><\/li>\n<\/ul>\n<p><span style=\"font-weight: 400;\">B\u1ebfp \u0111i\u1ec7n t\u1eeb\u00a0 Arber ABI 339 c\u00f3 m\u1eb7t k\u00ednh Kanger t\u1ea3n nhi\u1ec7t r\u1ea5t nhanh, gi\u00fap cho b\u1ec1 m\u1eb7t b\u1ebfp lu\u00f4n m\u00e1t l\u1ea1nh, ch\u1ed1ng tr\u1ea7y x\u01b0\u1edbt, ch\u1ecbu l\u1ef1c, ch\u1ecbu nhi\u1ec7t cao, c\u00f3 th\u1ec3 d\u1ec5 d\u00e0ng v\u1ec7 sinh sau khi \u0111un n\u1ea5u.<\/span><\/p>\n<h3><span style=\"font-weight: 400;\">T\u00ednh n\u0103ng an to\u00e0n<\/span><\/h3>\n<ul>\n<li><span style=\"font-weight: 400;\">C\u1ea3nh b\u00e1o nhi\u1ec7t d\u01b0 v\u00f9ng n\u1ea5u Residual heat<\/span><\/li>\n<li><span style=\"font-weight: 400;\">Kh\u00f3a an to\u00e0n tr\u1ebb em Child lock<\/span><\/li>\n<li><span style=\"font-weight: 400;\">T\u1ef1 \u0111\u1ed9ng t\u1eaft b\u1ebfp khi kh\u00f4ng c\u00f3 n\u1ed3i\u00a0<\/span><\/li>\n<li><span style=\"font-weight: 400;\">H\u1ec7 th\u1ed1ng b\u1ea3o v\u1ec7 an to\u00e0n qu\u00e1 nhi\u1ec7t, qu\u00e1 \u00e1p<\/span><\/li>\n<\/ul>\n<h3><span style=\"font-weight: 400;\">T\u00ednh n\u0103ng m\u1eb7t k\u00ednh<\/span><\/h3>\n<ul>\n<li><span style=\"font-weight: 400;\">M\u1eb7t k\u00ednh li\u1ec1n nguy\u00ean kh\u1ed1i, m\u00e0u \u0111en sang tr\u1ecdng, v\u00e1t 1 c\u1ea1nh<\/span><\/li>\n<li><span style=\"font-weight: 400;\">B\u1ec1 m\u1eb7t ch\u1ed1ng tr\u1ea7y x\u01b0\u1edbc, ch\u1ecbu l\u1ef1c cao<\/span><\/li>\n<li><span style=\"font-weight: 400;\">Kh\u1ea3 n\u0103ng ch\u1ecbu nhi\u1ec7t l\u00ean \u0111\u1ebfn 1000oC, ch\u1ecbu s\u1ed1c nhi\u1ec7t \u0111\u1ebfn 800oC<\/span><\/li>\n<\/ul>\n<h3><span style=\"font-weight: 400;\">Th\u00f4ng s\u1ed1 k\u1ef9 thu\u1eadt<\/span><\/h3>\n<ul>\n<li><span style=\"font-weight: 400;\">\u0110i\u1ec7n \u00e1p 220-240V\/50Hz<\/span><\/li>\n<li><span style=\"font-weight: 400;\">C\u00f4ng su\u1ea5t: max 3600W ( Ph\u1ea3i: 2200W\u00a0 ,Tr\u00e1i: 2000W )<\/span><\/li>\n<li><span style=\"font-weight: 400;\">K\u00edch th\u01b0\u1edbc (d\u00e0i x r\u1ed9ng x cao): 720 x 430 x 100mm<\/span><\/li>\n<li><span style=\"font-weight: 400;\">K\u00edch th\u01b0\u1edbc kho\u00e9t l\u1ed7: 680 x 390mm<\/span><\/li>\n<li><span style=\"font-weight: 400;\">Tr\u1ecdng l\u01b0\u1ee3ng: 9.0 kg<\/span><\/li>\n<\/ul>\n<figure id=\"attachment_63931\" aria-describedby=\"caption-attachment-63931\" style=\"width: 800px\" class=\"wp-caption aligncenter\"><img loading=\"lazy\" decoding=\"async\" class=\"size-large wp-image-63931\" src=\"https:\/\/livinghome.vn\/thiet-bi\/wp-content\/uploads\/nha-bep\/arber\/bep-dien-tu\/bep-dien-tu-arber-abi339\/bep-dien-tu-arber-abi339-2-800x800.jpg\" alt=\"B\u1ebfp \u0111i\u1ec7n t\u1eeb Arber ABI339 m\u1eb7t k\u00ednh Kanger ch\u1ecbu nhi\u1ec7t\" width=\"800\" height=\"800\" title=\"\"><figcaption id=\"caption-attachment-63931\" class=\"wp-caption-text\">B\u1ebfp \u0111i\u1ec7n t\u1eeb Arber ABI339 m\u1eb7t k\u00ednh Kanger ch\u1ecbu nhi\u1ec7t<\/figcaption><\/figure>\n<p>&nbsp;<\/p>\n","protected":false},"excerpt":{"rendered":"<p>\u0110i\u1ec7n \u00e1p 220-240V\/50Hz<\/p>\n<p>C\u00f4ng su\u1ea5t: max 3600W ( Ph\u1ea3i: 2200W \u00a0,Tr\u00e1i: 2000W )<\/p>\n<p>K\u00edch th\u01b0\u1edbc (d\u00e0i x r\u1ed9ng x cao): 720 x 430 x 100mm<\/p>\n<p>K\u00edch th\u01b0\u1edbc kho\u00e9t l\u1ed7: 680 x 390mm<\/p>\n<p>Tr\u1ecdng l\u01b0\u1ee3ng: 9.0 kg<\/p>\n<p>Th\u1eddi gian b\u1ea3o h\u00e0nh : 2 n\u0103m<\/p>\n","protected":false},"featured_media":4044,"comment_status":"open","ping_status":"closed","template":"","meta":[],"product_brand":[],"product_cat":[745,793,709,813,796,799,80,801,447],"product_tag":[448,81,115,452],"class_list":{"0":"post-3995","1":"product","2":"type-product","3":"status-publish","4":"has-post-thumbnail","6":"product_cat-bep-dien-tu","7":"product_cat-bep-1-dien-1-tu","8":"product_cat-bep-dien-tu-arber","9":"product_cat-bep-dien-tu-chung-cu","10":"product_cat-bep-dien-tu-doi","11":"product_cat-bep-dien-tu-hinh-chu-nhat","12":"product_cat-bep-dien-tu-ket-hop","13":"product_cat-bep-dien-tu-khong-ken-noi","14":"product_cat-thuong-hieu-arber","15":"product_tag-arber","16":"product_tag-bep-dien-tu","17":"product_tag-bep-dien-tu-am","18":"product_tag-bep-dien-tu-arber","20":"first","21":"instock","22":"sale","23":"shipping-taxable","24":"purchasable","25":"product-type-simple"},"_links":{"self":[{"href":"https:\/\/livinghome.vn\/thiet-bi\/wp-json\/wp\/v2\/product\/3995","targetHints":{"allow":["GET"]}}],"collection":[{"href":"https:\/\/livinghome.vn\/thiet-bi\/wp-json\/wp\/v2\/product"}],"about":[{"href":"https:\/\/livinghome.vn\/thiet-bi\/wp-json\/wp\/v2\/types\/product"}],"replies":[{"embeddable":true,"href":"https:\/\/livinghome.vn\/thiet-bi\/wp-json\/wp\/v2\/comments?post=3995"}],"wp:featuredmedia":[{"embeddable":true,"href":"https:\/\/livinghome.vn\/thiet-bi\/wp-json\/wp\/v2\/media\/4044"}],"wp:attachment":[{"href":"https:\/\/livinghome.vn\/thiet-bi\/wp-json\/wp\/v2\/media?parent=3995"}],"wp:term":[{"taxonomy":"product_brand","embeddable":true,"href":"https:\/\/livinghome.vn\/thiet-bi\/wp-json\/wp\/v2\/product_brand?post=3995"},{"taxonomy":"product_cat","embeddable":true,"href":"https:\/\/livinghome.vn\/thiet-bi\/wp-json\/wp\/v2\/product_cat?post=3995"},{"taxonomy":"product_tag","embeddable":true,"href":"https:\/\/livinghome.vn\/thiet-bi\/wp-json\/wp\/v2\/product_tag?post=3995"}],"curies":[{"name":"wp","href":"https:\/\/api.w.org\/{rel}","templated":true}]}}