{"id":3990,"date":"2023-01-12T18:49:31","date_gmt":"2023-01-12T18:49:31","guid":{"rendered":"https:\/\/livinghome.vn\/thiet-bi\/?post_type=product&#038;p=3990"},"modified":"2024-11-29T14:20:15","modified_gmt":"2024-11-29T07:20:15","slug":"bep-dien-tu-arber-ab889-mat-kinh-kanger","status":"publish","type":"product","link":"https:\/\/livinghome.vn\/thiet-bi\/bep-dien-tu-arber-ab889-mat-kinh-kanger\/","title":{"rendered":"B\u1ebfp \u0111i\u1ec7n t\u1eeb Arber AB889 m\u1eb7t k\u00ednh Kanger"},"content":{"rendered":"<div>B\u1ebfp \u0111i\u1ec7n t\u1eeb\u00a0Arber AB889\u00a0\u0111\u01b0\u1ee3c trang b\u1ecb c\u00f4ng ngh\u1ec7\u00a0Inverter th\u00f4ng minh v\u01b0\u1ee3t tr\u1ed9i gi\u00fap l\u00e0m gi\u1ea3m l\u01b0\u1ee3ng ti\u00eau th\u1ee5 \u0111i\u1ec7n c\u1ee7a c\u00e1c s\u1ea3n ph\u1ea9m c\u00f3 s\u1eed d\u1ee5ng l\u00f5i t\u1eeb c\u1ee7a b\u1ebfp t\u1eeb. Ngo\u00e0i ra c\u00f4ng ngh\u1ec7 Inverter c\u00f2n gi\u00fap b\u1ebfp t\u1eeb \u0111i\u1ec1u ch\u1ec9nh m\u1ee9c c\u00f4ng su\u1ea5t ph\u00f9 h\u1ee3p \u0111\u1ec3 kh\u00f4ng l\u00e0m ti\u00eau th\u1ee5 nhi\u1ec1u \u0111i\u1ec7n n\u0103ng. B\u1ebfp \u0111i\u1ec7n t\u1eeb Arber AB889<strong>\u00a0<\/strong>v\u1edbi c\u1ea3m bi\u1ebfn th\u00f4ng minh s\u1ebd c\u1ed1 \u0111\u1ecbnh c\u00f4ng su\u1ea5t ti\u00eau th\u1ee5 \u0111i\u1ec7n khi \u0111un n\u1ea5u, kh\u00f4ng b\u1eadt t\u1eaft li\u00ean t\u1ee5c nh\u01b0 c\u00e1c b\u1ebfp t\u1eeb th\u00f4ng th\u01b0\u1eddng kh\u00e1c (t\u1ef1 \u0111\u1ed9ng \u0111i\u1ec1u ch\u1ec9nh li\u00ean t\u1ee5c \u0111\u1ec3 \u0111\u1ea3m b\u1ea3o m\u1ee9c nhi\u1ec7t t\u01b0\u01a1ng \u0111\u01b0\u01a1ng b\u1eb1ng v\u1edbi con s\u1ed1 hi\u1ec3n th\u1ecb tr\u00ean b\u00e0n \u0111i\u1ec1u khi\u1ec3n).<\/div>\n<h2>B\u1ebfp \u0111i\u1ec7n \u0111\u00f4i Arber AB889 c\u00f3 nh\u1eefng chi ti\u1ebft nh\u01b0 sau<\/h2>\n<h3><span style=\"font-weight: 400;\">Th\u00f4ng tin s\u1ea3n ph\u1ea9m\u00a0<\/span><\/h3>\n<ul>\n<li><span style=\"font-weight: 400;\">Ph\u00e2n lo\u1ea1i : <a href=\"https:\/\/livinghome.vn\/thiet-bi\/bep-dien-am\/\">B\u1ebfp \u0111i\u1ec7n<\/a> \u0111\u00f4i Arber AB889<\/span><\/li>\n<li><span style=\"font-weight: 400;\">S\u1eed d\u1ee5ng \u0111a n\u0103ng v\u1edbi b\u1ebfp h\u1ed3ng ngo\u1ea1i k\u1ebft h\u1ee3p t\u1eeb AB889<\/span><\/li>\n<li><span style=\"font-weight: 400;\">M\u1eb7t k\u00ednh Kanger ch\u1ecbu nhi\u1ec7t, ch\u1ecbu l\u1ef1c v\u00e1t 01 c\u1ea1nh\u00a0<\/span><\/li>\n<li><span style=\"font-weight: 400;\">M\u00e2m nhi\u1ec7t :\u00a0 \u00d814\/22cm<\/span><\/li>\n<li><span style=\"font-weight: 400;\">M\u00e2m t\u1eeb b\u1eb1ng \u0111\u1ed3ng t\u1ef1 \u0111\u1ed9ng nh\u1eadn bi\u1ebft k\u00edch c\u1ee1 xoong n\u1ed3i, \u0111\u01b0\u1eddng k\u00ednh 22cm \/ 2000W<\/span><\/li>\n<li><span style=\"font-weight: 400;\">H\u1eb9n gi\u1edd \u0111\u1ed9c l\u1eadp cho t\u1eebng v\u00f9ng n\u1ea5u, th\u1eddi gian h\u1eb9n \u0111\u1ebfn 8.00 gi\u1edd<\/span><\/li>\n<li><span style=\"font-weight: 400;\">\u0110i\u1ec1u khi\u1ec3n c\u00f4ng su\u1ea5t \/ nhi\u1ec7t \u0111\u1ed9 nhi\u1ec1u m\u1ee9c<\/span><\/li>\n<li><span style=\"font-weight: 400;\">B\u00e0n ph\u00edm si\u00eau nh\u1ea1y c\u1ea3 khi tay \u01b0\u1edbt<\/span><\/li>\n<li><span style=\"font-weight: 400;\">T\u1ef1 \u0111\u1ed9ng chia s\u1ebb c\u00f4ng su\u1ea5t gi\u1eefa 2 b\u1ebfp, max 3400W<\/span><\/li>\n<\/ul>\n<p>B\u1ebfp \u0111i\u1ec7n t\u1eeb Arber AB889\u00a0s\u1eed d\u1ee5ng m\u1eb7t k\u00ednh\u00a0Kanger, m\u1eb7t k\u00ednh \u0111\u01b0\u1ee3c l\u00e0m t\u1eeb ch\u1ea5t li\u1ec7u g\u1ed1m th\u1ee7y tinh c\u00f3 kh\u1ea3 n\u0103ng ch\u1ecbu nhi\u1ec7t l\u00ean \u0111\u1ebfn 1000\u00b0C, kh\u00e1ng s\u1ed1c 750\u00b0C. B\u1ec1 m\u1eb7t k\u00ednh ch\u1ecbu n\u00f3ng l\u1ea1nh c\u0169ng nh\u01b0 s\u1ef1 thay \u0111\u1ed5i \u0111\u1ed9t ng\u1ed9t c\u1ee7a nhi\u1ec7t \u0111\u1ed9. \u0110\u1ed9 gi\u00e3n n\u1edf v\u00ec nhi\u1ec7t th\u1ea5p n\u00ean b\u1ebfp ho\u1ea1t \u0111\u1ed9ng r\u1ea5t hi\u1ec7u qu\u1ea3 v\u00e0 c\u00e1ch nhi\u1ec7t.\u00a0M\u1eb7t b\u1ebfp t\u1ea3n nhi\u1ec7t nhanh v\u00e0 \u0111\u01b0\u1ee3c c\u00e1ch \u0111i\u1ec7n an to\u00e0n v\u1edbi c\u00e1c linh ki\u1ec7n \u0111i\u1ec7n t\u1eed b\u00ean trong th\u00e2n. B\u1ea1n c\u00f3 th\u1ec3 y\u00ean t\u00e2m s\u1eed d\u1ee5ng m\u00e0 kh\u00f4ng lo b\u1ecb b\u1ecfng hay \u0111i\u1ec7n gi\u1eadt.<\/p>\n<figure id=\"attachment_63925\" aria-describedby=\"caption-attachment-63925\" style=\"width: 800px\" class=\"wp-caption aligncenter\"><img loading=\"lazy\" decoding=\"async\" class=\"size-large wp-image-63925\" src=\"https:\/\/livinghome.vn\/thiet-bi\/wp-content\/uploads\/nha-bep\/arber\/bep-dien-tu\/bep-dien-tu-arber-ab889\/bep-dien-tu-arber-ab889-3-800x800.jpg\" alt=\"B\u1ebfp \u0111i\u1ec7n \u0111\u00f4i Arber AB889 m\u1eb7t k\u00ednh Kanger \" width=\"800\" height=\"800\" title=\"\"><figcaption id=\"caption-attachment-63925\" class=\"wp-caption-text\">B\u1ebfp \u0111i\u1ec7n \u0111\u00f4i Arber AB889 m\u1eb7t k\u00ednh Kanger<\/figcaption><\/figure>\n<h3><span style=\"font-weight: 400;\">T\u00ednh n\u0103ng an to\u00e0n<\/span><\/h3>\n<ul>\n<li><span style=\"font-weight: 400;\">C\u1ea3nh b\u00e1o nhi\u1ec7t d\u01b0 v\u00f9ng n\u1ea5u Residual heat<\/span><\/li>\n<li><span style=\"font-weight: 400;\">Kh\u00f3a an to\u00e0n tr\u1ebb em Child lock<\/span><\/li>\n<li><span style=\"font-weight: 400;\">T\u1ef1 \u0111\u1ed9ng t\u1eaft b\u1ebfp khi kh\u00f4ng c\u00f3 n\u1ed3i ( tr\u00ean b\u1ebfp t\u1eeb)<\/span><\/li>\n<li><span style=\"font-weight: 400;\">H\u1ec7 th\u1ed1ng b\u1ea3o v\u1ec7 an to\u00e0n qu\u00e1 nhi\u1ec7t, qu\u00e1 \u00e1p<\/span><\/li>\n<\/ul>\n<p>Ch\u1ec9 b\u00e1o nhi\u1ec7t d\u01b0 \u201cH\u201d \u0111\u01b0\u1ee3c hi\u1ec3n th\u1ecb cho t\u1eebng v\u00f9ng n\u1ea5u c\u00f2n n\u00f3ng:\u00a0B\u1ebfp s\u1ebd c\u1ea3nh b\u00e1o b\u1eb1ng ch\u1eef\u00a0\u201cH\u201d\u00a0nh\u1ea5p nh\u00e1y khi v\u00f9ng n\u1ea5u c\u00f2n n\u00f3ng nhi\u1ec7t \u0111\u1ed9 tr\u00ean\u00a060\u00baC\u00a0sau khi \u0111un, ch\u1eef\u00a0\u201cH\u201d\u00a0s\u1ebd t\u1ef1 m\u1ea5t \u0111i khi m\u1eb7t b\u1ebfp \u0111\u00e3 \u0111\u01b0\u1ee3c t\u1ea3n gi\u1ea3m xu\u1ed1ng d\u01b0\u1edbi\u00a060\u00baC\u00a0kh\u00f4ng c\u00f2n nguy hi\u1ec3m.<\/p>\n<figure id=\"attachment_64120\" aria-describedby=\"caption-attachment-64120\" style=\"width: 800px\" class=\"wp-caption aligncenter\"><img loading=\"lazy\" decoding=\"async\" class=\"wp-image-64120 size-large\" src=\"https:\/\/livinghome.vn\/thiet-bi\/wp-content\/uploads\/nha-bep\/arber\/bep-dien-tu\/bep-dien-tu-arber-ab889\/bep-dien-tu-arber-ab889-800x800.jpg\" alt=\"B\u1ebfp \u0111i\u1ec7n t\u1eeb Arber AB889 m\u1eb7t k\u00ednh Kanger\" width=\"800\" height=\"800\" title=\"\"><figcaption id=\"caption-attachment-64120\" class=\"wp-caption-text\">B\u1ebfp \u0111i\u1ec7n t\u1eeb Arber AB889 m\u1eb7t k\u00ednh Kanger<\/figcaption><\/figure>\n<p>Ch\u1ee9c n\u0103ng chia s\u1ebb c\u00f4ng su\u1ea5t c\u1ee7a hai v\u00f9ng n\u1ea5u t\u1ed1i \u0111a 3600W:\u00a0Khi m\u1ed9t v\u00f9ng n\u1ea5u ho\u1ea1t \u0111\u1ed9ng \u1edf m\u1ee9c c\u00f4ng su\u1ea5t cao, v\u00f9ng n\u1ea5u c\u00f2n l\u1ea1i s\u1ebd t\u1ef1 \u0111\u1ed9ng \u0111i\u1ec1u ch\u1ec9nh gi\u1ea3m \u0111\u1ec3 \u0111\u1ea3m b\u1ea3o t\u1ed5ng c\u00f4ng su\u1ea5t b\u1ebfp kh\u00f4ng v\u01b0\u1ee3t qu\u00e1\u00a03600W, b\u1ea3o v\u1ec7 cho c\u00e1c thi\u1ebft b\u1ecb \u0111i\u1ec7n kh\u00e1c trong gia \u0111\u00ecnh kh\u00f4ng b\u1ecb qu\u00e1 t\u1ea3i \u0111\u01b0\u1eddng d\u00e2y.<\/p>\n<h3><span style=\"font-weight: 400;\">T\u00ednh n\u0103ng m\u1eb7t k\u00ednh<\/span><\/h3>\n<ul>\n<li><span style=\"font-weight: 400;\">M\u1eb7t k\u00ednh li\u1ec1n nguy\u00ean kh\u1ed1i, m\u00e0u \u0111en sang tr\u1ecdng<\/span><\/li>\n<li><span style=\"font-weight: 400;\">B\u1ec1 m\u1eb7t ch\u1ed1ng tr\u1ea7y x\u01b0\u1edbc, ch\u1ecbu l\u1ef1c cao<\/span><\/li>\n<li><span style=\"font-weight: 400;\">Kh\u1ea3 n\u0103ng ch\u1ecbu nhi\u1ec7t l\u00ean \u0111\u1ebfn 1000oC, ch\u1ecbu s\u1ed1c nhi\u1ec7t \u0111\u1ebfn 800oC<\/span><\/li>\n<\/ul>\n<h3><span style=\"font-weight: 400;\">Th\u00f4ng s\u1ed1 k\u1ef9 thu\u1eadt<\/span><\/h3>\n<ul>\n<li><span style=\"font-weight: 400;\">\u0110i\u1ec7n \u00e1p 220-240V\/50Hz<\/span><\/li>\n<li><span style=\"font-weight: 400;\">C\u00f4ng su\u1ea5t: max 3400W ( Ph\u1ea3i: 2000W, Tr\u00e1i 1000 \/ 1200W )<\/span><\/li>\n<li><span style=\"font-weight: 400;\">K\u00edch th\u01b0\u1edbc (d\u00e0i x r\u1ed9ng x cao): 720 x 430 x 100mm<\/span><\/li>\n<li><span style=\"font-weight: 400;\">K\u00edch th\u01b0\u1edbc kho\u00e9t l\u1ed7: 680 x 390mm<\/span><\/li>\n<li><span style=\"font-weight: 400;\">Tr\u1ecdng l\u01b0\u1ee3ng: 9.0 kg<\/span><\/li>\n<li><span style=\"font-weight: 400;\">K\u1ebft c\u1ea5u khung v\u1ecf: b\u1eb1ng th\u00e9p ch\u1ed1ng g\u1ec9<\/span><\/li>\n<li><span style=\"font-weight: 400;\">L\u1eafp \u0111\u1eb7t: l\u1eafp \u00e2m ho\u1eb7c \u0111\u1ec3 n\u1ed5i\u00a0<\/span><\/li>\n<\/ul>\n<figure id=\"attachment_63923\" aria-describedby=\"caption-attachment-63923\" style=\"width: 800px\" class=\"wp-caption aligncenter\"><img loading=\"lazy\" decoding=\"async\" class=\"size-large wp-image-63923\" src=\"https:\/\/livinghome.vn\/thiet-bi\/wp-content\/uploads\/nha-bep\/arber\/bep-dien-tu\/bep-dien-tu-arber-ab889\/bep-dien-tu-arber-ab889-1-800x800.jpg\" alt=\"B\u1ebfp \u0111i\u1ec7n \u0111\u00f4i Arber AB889 m\u1eb7t k\u00ednh Kanger \" width=\"800\" height=\"800\" title=\"\"><figcaption id=\"caption-attachment-63923\" class=\"wp-caption-text\">B\u1ebfp \u0111i\u1ec7n \u0111\u00f4i Arber AB889 m\u1eb7t k\u00ednh Kanger<\/figcaption><\/figure>\n<p>&nbsp;<\/p>\n<div class=\"mceTemp\"><\/div>\n","protected":false},"excerpt":{"rendered":"<p>\u0110i\u1ec7n \u00e1p 220-240V\/50Hz<\/p>\n<p>C\u00f4ng su\u1ea5t: max 3400W ( Ph\u1ea3i: 2000W, Tr\u00e1i 1000 \/ 1200W )<\/p>\n<p>K\u00edch th\u01b0\u1edbc (d\u00e0i x r\u1ed9ng x cao): 720 x 430 x 100mm<\/p>\n<p>K\u00edch th\u01b0\u1edbc kho\u00e9t l\u1ed7: 680 x 390mm<\/p>\n<p>Tr\u1ecdng l\u01b0\u1ee3ng: 9.0 kg<\/p>\n<p>K\u1ebft c\u1ea5u khung v\u1ecf: b\u1eb1ng th\u00e9p ch\u1ed1ng g\u1ec9<\/p>\n<p>L\u1eafp \u0111\u1eb7t: l\u1eafp \u00e2m ho\u1eb7c \u0111\u1ec3 n\u1ed5i<\/p>\n<p>Th\u1eddi gian b\u1ea3o h\u00e0nh : 2 n\u0103m<\/p>\n","protected":false},"featured_media":4027,"comment_status":"open","ping_status":"closed","template":"","meta":[],"product_brand":[],"product_cat":[745,793,709,796,799,80,801,447],"product_tag":[448,115,452,453],"class_list":{"0":"post-3990","1":"product","2":"type-product","3":"status-publish","4":"has-post-thumbnail","6":"product_cat-bep-dien-tu","7":"product_cat-bep-1-dien-1-tu","8":"product_cat-bep-dien-tu-arber","9":"product_cat-bep-dien-tu-doi","10":"product_cat-bep-dien-tu-hinh-chu-nhat","11":"product_cat-bep-dien-tu-ket-hop","12":"product_cat-bep-dien-tu-khong-ken-noi","13":"product_cat-thuong-hieu-arber","14":"product_tag-arber","15":"product_tag-bep-dien-tu-am","16":"product_tag-bep-dien-tu-arber","17":"product_tag-bep-dien-tu-doi","19":"first","20":"instock","21":"sale","22":"shipping-taxable","23":"purchasable","24":"product-type-simple"},"_links":{"self":[{"href":"https:\/\/livinghome.vn\/thiet-bi\/wp-json\/wp\/v2\/product\/3990","targetHints":{"allow":["GET"]}}],"collection":[{"href":"https:\/\/livinghome.vn\/thiet-bi\/wp-json\/wp\/v2\/product"}],"about":[{"href":"https:\/\/livinghome.vn\/thiet-bi\/wp-json\/wp\/v2\/types\/product"}],"replies":[{"embeddable":true,"href":"https:\/\/livinghome.vn\/thiet-bi\/wp-json\/wp\/v2\/comments?post=3990"}],"wp:featuredmedia":[{"embeddable":true,"href":"https:\/\/livinghome.vn\/thiet-bi\/wp-json\/wp\/v2\/media\/4027"}],"wp:attachment":[{"href":"https:\/\/livinghome.vn\/thiet-bi\/wp-json\/wp\/v2\/media?parent=3990"}],"wp:term":[{"taxonomy":"product_brand","embeddable":true,"href":"https:\/\/livinghome.vn\/thiet-bi\/wp-json\/wp\/v2\/product_brand?post=3990"},{"taxonomy":"product_cat","embeddable":true,"href":"https:\/\/livinghome.vn\/thiet-bi\/wp-json\/wp\/v2\/product_cat?post=3990"},{"taxonomy":"product_tag","embeddable":true,"href":"https:\/\/livinghome.vn\/thiet-bi\/wp-json\/wp\/v2\/product_tag?post=3990"}],"curies":[{"name":"wp","href":"https:\/\/api.w.org\/{rel}","templated":true}]}}