{"id":3988,"date":"2023-01-12T18:49:31","date_gmt":"2023-01-12T18:49:31","guid":{"rendered":"https:\/\/livinghome.vn\/thiet-bi\/?post_type=product&#038;p=3988"},"modified":"2024-11-29T14:20:15","modified_gmt":"2024-11-29T07:20:15","slug":"bep-dien-tu-arber-ab665-mat-kinh-schoot-ceran-bo-vien-nhom-vang","status":"publish","type":"product","link":"https:\/\/livinghome.vn\/thiet-bi\/bep-dien-tu-arber-ab665-mat-kinh-schoot-ceran-bo-vien-nhom-vang\/","title":{"rendered":"B\u1ebfp \u0111i\u1ec7n t\u1eeb Arber AB665 m\u1eb7t k\u00ednh Schoot Ceran bo vi\u1ec1n nh\u00f4m v\u00e0ng"},"content":{"rendered":"<div>B\u1ebfp \u0111i\u1ec7n t\u1eeb Arber AB665 c\u00f9ng v\u1edbi s\u1ef1 ti\u1ec7n d\u1ee5ng c\u00f9ng nhi\u1ec1u t\u00ednh n\u0103ng hi\u1ec7n \u0111\u1ea1i v\u00e0 \u0111\u1eb7c bi\u1ec7t l\u00e0 kh\u00f4ng h\u1ec1 &#8220;k\u00e9n&#8221; n\u1ed3i n\u1ea5u, b\u1ebfp \u0111i\u1ec7n t\u1eeb \u0111ang l\u00e0 s\u1ea3n ph\u1ea9m \u0111\u01b0\u1ee3c r\u1ea5t nhi\u1ec1u gia \u0111\u00ecnh Vi\u1ec7t \u01b0a th\u00edch s\u1eed d\u1ee5ng. N\u1eafm b\u1eaft \u0111\u01b0\u1ee3c \u0111i\u1ec1u n\u00e0y, h\u00e3ng Arber \u0111\u00e3 ra m\u1eaft m\u1eabu b\u1ebfp \u0111i\u1ec7n t\u1eeb k\u1ebft h\u1ee3p h\u1ed3ng ngo\u1ea1i Arber AB665 v\u1edbi thi\u1ebft k\u1ebf hai v\u00f9ng n\u1ea5u t\u1eeb v\u00e0 h\u1ed3ng ngo\u1ea1i k\u1ebft h\u1ee3p ch\u1eafc ch\u1eafn s\u1ebd kh\u00f4ng l\u00e0m b\u1ea1n ph\u1ea3i th\u1ea5t v\u1ecdng.<\/div>\n<h2>B\u1ebfp \u0111i\u1ec7n t\u1eeb Arber AB665 c\u00f3 nh\u1eefng chi ti\u1ebft nh\u01b0 sau<\/h2>\n<h3><span style=\"font-weight: 400;\">Th\u00f4ng tin s\u1ea3n ph\u1ea9m\u00a0<\/span><\/h3>\n<ul>\n<li><span style=\"font-weight: 400;\">Ph\u00e2n lo\u1ea1i :<a href=\"https:\/\/livinghome.vn\/thiet-bi\/bep-dien-tu-ket-hop\/\"> B\u1ebfp \u0111i\u1ec7n t\u1eeb<\/a> Arber AB665<\/span><\/li>\n<li>S\u1eed d\u1ee5ng \u0111a n\u0103ng v\u1edbi b\u1ebfp h\u1ed3ng ngo\u1ea1i k\u1ebft h\u1ee3p t\u1eeb<\/li>\n<li>M\u1eb7t k\u00ednh Kanger ch\u1ecbu nhi\u1ec7t, ch\u1ecbu l\u1ef1c. Bo vi\u1ec1n nh\u00f4m 4 c\u1ea1nh<\/li>\n<li>M\u00e2m nhi\u1ec7t : \u00d814\/22cm, t\u00edch h\u1ee3p ph\u00edm ch\u1ecdn v\u00f2ng n\u1ea5u<\/li>\n<li>M\u00e2m t\u1eeb t\u1ef1 \u0111\u1ed9ng nh\u1eadn bi\u1ebft k\u00edch c\u1ee1 xoong n\u1ed3i, Ch\u1ebf \u0111\u1ed9 n\u1ea5u nhanh Booster<\/li>\n<li>H\u1eb9n gi\u1edd \u0111\u1ed9c l\u1eadp cho t\u1eebng v\u00f9ng n\u1ea5u, th\u1eddi gian h\u1eb9n \u0111\u1ebfn 8.00 gi\u1edd<\/li>\n<li>\u0110i\u1ec1u khi\u1ec3n c\u00f4ng su\u1ea5t \/nhi\u1ec7t \u0111\u1ed9\/ ch\u1ebf \u0111\u1ed9 n\u1ea5u b\u00ean t\u1eeb c\u00f3 x\u00e0o r\u00e1n, h\u1ea7m.<\/li>\n<li>C\u1ea3nh b\u1ea3o ch\u1ed1ng tr\u00e0n khi \u0111\u1ec3 qu\u00ean<\/li>\n<li>B\u00e0n ph\u00edm Silde si\u00eau nh\u1ea1y c\u1ea3 khi tay \u01b0\u1edbt.<\/li>\n<li>T\u1ef1 \u0111\u1ed9ng chia s\u1ebb c\u00f4ng su\u1ea5t gi\u1eefa 2 b\u1ebfp, max 3600W<\/li>\n<\/ul>\n<p>B\u1ebfp \u0111i\u1ec7n t\u1eeb Arber AB665 v\u1edbi kh\u1ea3 n\u0103ng t\u1ef1 \u0111\u1ed9ng chia s\u1ebb c\u00f4ng su\u1ea5t gi\u1eefa 2 b\u1ebfp gi\u00fap ch\u00fang ta r\u00fat ng\u1eafn th\u1eddi gian \u0111un n\u1ea5u c\u00e1c m\u00f3n \u0103n \u0111\u01b0\u1ee3c l\u00e0m ch\u00edn nhanh ch\u00f3ng v\u00e0 ngon h\u01a1n b\u1edfi nhi\u1ec7t l\u01b0\u1ee3ng l\u1edbn t\u1eadp trung m\u00e0 l\u1ea1i c\u00f3 th\u1ec3 ti\u1ebft ki\u1ec7m \u0111i\u1ec7n n\u0103ng v\u00e0 h\u1ea1n ch\u1ebf t\u00ecnh tr\u1ea1ng ch\u1eadp \u0111i\u1ec7n khi qu\u00e1 t\u1ea3i<\/p>\n<figure id=\"attachment_63918\" aria-describedby=\"caption-attachment-63918\" style=\"width: 1020px\" class=\"wp-caption aligncenter\"><img loading=\"lazy\" decoding=\"async\" class=\"size-large wp-image-63918\" src=\"https:\/\/livinghome.vn\/thiet-bi\/wp-content\/uploads\/nha-bep\/arber\/bep-dien-tu\/bep-dien-tu-arber-ab665\/bep-dien-tu-arber-ab665-2-1067x800.jpg\" alt=\"B\u1ebfp \u0111i\u1ec7n \u0111\u00f4i Arber AB665 m\u1eb7t k\u00ednh Schoot Ceran bo vi\u1ec1n nh\u00f4m v\u00e0ng\" width=\"1020\" height=\"765\" title=\"\"><figcaption id=\"caption-attachment-63918\" class=\"wp-caption-text\">B\u1ebfp \u0111i\u1ec7n \u0111\u00f4i Arber AB665 m\u1eb7t k\u00ednh Schoot Ceran bo vi\u1ec1n nh\u00f4m v\u00e0ng<\/figcaption><\/figure>\n<p>Ph\u1ea7n th\u00e2n v\u1ecf c\u1ee7a B\u1ebfp \u0111i\u1ec7n t\u1eeb Arber AB665\u00a0s\u1eed d\u1ee5ng ch\u1ea5t li\u1ec7u th\u00e9p ch\u1ed1ng r\u1ec9. \u0110\u00e2y l\u00e0 ch\u1ea5t li\u1ec7u c\u00f3 kh\u1ea3 n\u0103ng ch\u1ed1ng l\u1ea1i qu\u00e1 tr\u00ecnh oxi h\u00f3a v\u00e0 r\u00f2 r\u1ec9 \u0111i\u1ec7n n\u00ean r\u1ea5t an to\u00e0n cho ng\u01b0\u1eddi s\u1eed d\u1ee5ng v\u00e0 th\u00edch h\u1ee3p v\u1edbi kh\u00ed h\u1eadu nhi\u1ec7t \u0111\u1edbi gi\u00f3 m\u00f9a t\u1ea1i Vi\u1ec7t Nam<\/p>\n<h3>T\u00ednh n\u0103ng an to\u00e0n<\/h3>\n<ul>\n<li>C\u1ea3nh b\u00e1o nhi\u1ec7t d\u01b0 v\u00f9ng n\u1ea5u Residual heat<\/li>\n<li>Kh\u00f3a an to\u00e0n tr\u1ebb em Child lock<\/li>\n<li>T\u1ef1 \u0111\u1ed9ng t\u1eaft b\u1ebfp khi kh\u00f4ng c\u00f3 n\u1ed3i<\/li>\n<li>H\u1ec7 th\u1ed1ng b\u1ea3o v\u1ec7 an to\u00e0n qu\u00e1 nhi\u1ec7t, qu\u00e1 \u00e1p, tr\u00e0n<\/li>\n<\/ul>\n<h3>T\u00ednh n\u0103ng m\u1eb7t k\u00ednh<\/h3>\n<ul>\n<li>M\u1eb7t k\u00ednh li\u1ec1n nguy\u00ean kh\u1ed1i, m\u00e0u \u0111en sang tr\u1ecdng, bo vi\u1ec1n nh\u00f4m<\/li>\n<li>B\u1ec1 m\u1eb7t ch\u1ed1ng tr\u1ea7y x\u01b0\u1edbc, ch\u1ecbu l\u1ef1c cao<\/li>\n<li>Kh\u1ea3 n\u0103ng ch\u1ecbu nhi\u1ec7t l\u00ean \u0111\u1ebfn 1000oC, ch\u1ecbu s\u1ed1c nhi\u1ec7t \u0111\u1ebfn 800oC<\/li>\n<\/ul>\n<h3>Th\u00f4ng s\u1ed1 k\u1ef9 thu\u1eadt<\/h3>\n<ul>\n<li>\u0110i\u1ec7n \u00e1p 220-240V\/50Hz<\/li>\n<li>C\u00f4ng su\u1ea5t: max 3600W ( Ph\u1ea3i: 2000W, Tr\u00e1i 1000 \/ 1200W )<\/li>\n<li>K\u00edch th\u01b0\u1edbc (d\u00e0i x r\u1ed9ng x cao): 720 x 430 x 100mm<\/li>\n<li>K\u00edch th\u01b0\u1edbc kho\u00e9t l\u1ed7: 680 x 390mm<\/li>\n<li>Tr\u1ecdng l\u01b0\u1ee3ng: 9.0 kg<\/li>\n<\/ul>\n<figure id=\"attachment_63919\" aria-describedby=\"caption-attachment-63919\" style=\"width: 800px\" class=\"wp-caption aligncenter\"><img loading=\"lazy\" decoding=\"async\" class=\"size-large wp-image-63919\" src=\"https:\/\/livinghome.vn\/thiet-bi\/wp-content\/uploads\/nha-bep\/arber\/bep-dien-tu\/bep-dien-tu-arber-ab665\/bep-dien-tu-arber-ab665-1-800x800.jpg\" alt=\"B\u1ebfp \u0111i\u1ec7n \u0111\u00f4i Arber AB665 m\u1eb7t k\u00ednh Schoot Ceran bo vi\u1ec1n nh\u00f4m v\u00e0ng\" width=\"800\" height=\"800\" title=\"\"><figcaption id=\"caption-attachment-63919\" class=\"wp-caption-text\">B\u1ebfp \u0111i\u1ec7n \u0111\u00f4i Arber AB665 m\u1eb7t k\u00ednh Schoot Ceran bo vi\u1ec1n nh\u00f4m v\u00e0ng<\/figcaption><\/figure>\n","protected":false},"excerpt":{"rendered":"<p>\u0110i\u1ec7n \u00e1p 220-240V\/50Hz<\/p>\n<p>C\u00f4ng su\u1ea5t: max 3600W ( Ph\u1ea3i: 2000W, Tr\u00e1i 1000 \/ 1200W )<\/p>\n<p>K\u00edch th\u01b0\u1edbc (d\u00e0i x r\u1ed9ng x cao): 720 x 430 x 100mm<\/p>\n<p>K\u00edch th\u01b0\u1edbc kho\u00e9t l\u1ed7: 680 x 390mm<\/p>\n<p>Tr\u1ecdng l\u01b0\u1ee3ng: 9.0 kg<\/p>\n<p>Th\u1eddi gian b\u1ea3o h\u00e0nh : 2 n\u0103m<\/p>\n","protected":false},"featured_media":4020,"comment_status":"open","ping_status":"closed","template":"","meta":[],"product_brand":[],"product_cat":[745,793,709,813,796,799,80,801,447],"product_tag":[448,81,115,451],"class_list":{"0":"post-3988","1":"product","2":"type-product","3":"status-publish","4":"has-post-thumbnail","6":"product_cat-bep-dien-tu","7":"product_cat-bep-1-dien-1-tu","8":"product_cat-bep-dien-tu-arber","9":"product_cat-bep-dien-tu-chung-cu","10":"product_cat-bep-dien-tu-doi","11":"product_cat-bep-dien-tu-hinh-chu-nhat","12":"product_cat-bep-dien-tu-ket-hop","13":"product_cat-bep-dien-tu-khong-ken-noi","14":"product_cat-thuong-hieu-arber","15":"product_tag-arber","16":"product_tag-bep-dien-tu","17":"product_tag-bep-dien-tu-am","18":"product_tag-bep-dien-tuu-arber","20":"first","21":"instock","22":"sale","23":"shipping-taxable","24":"purchasable","25":"product-type-simple"},"_links":{"self":[{"href":"https:\/\/livinghome.vn\/thiet-bi\/wp-json\/wp\/v2\/product\/3988","targetHints":{"allow":["GET"]}}],"collection":[{"href":"https:\/\/livinghome.vn\/thiet-bi\/wp-json\/wp\/v2\/product"}],"about":[{"href":"https:\/\/livinghome.vn\/thiet-bi\/wp-json\/wp\/v2\/types\/product"}],"replies":[{"embeddable":true,"href":"https:\/\/livinghome.vn\/thiet-bi\/wp-json\/wp\/v2\/comments?post=3988"}],"wp:featuredmedia":[{"embeddable":true,"href":"https:\/\/livinghome.vn\/thiet-bi\/wp-json\/wp\/v2\/media\/4020"}],"wp:attachment":[{"href":"https:\/\/livinghome.vn\/thiet-bi\/wp-json\/wp\/v2\/media?parent=3988"}],"wp:term":[{"taxonomy":"product_brand","embeddable":true,"href":"https:\/\/livinghome.vn\/thiet-bi\/wp-json\/wp\/v2\/product_brand?post=3988"},{"taxonomy":"product_cat","embeddable":true,"href":"https:\/\/livinghome.vn\/thiet-bi\/wp-json\/wp\/v2\/product_cat?post=3988"},{"taxonomy":"product_tag","embeddable":true,"href":"https:\/\/livinghome.vn\/thiet-bi\/wp-json\/wp\/v2\/product_tag?post=3988"}],"curies":[{"name":"wp","href":"https:\/\/api.w.org\/{rel}","templated":true}]}}