{"id":3987,"date":"2023-01-12T18:49:31","date_gmt":"2023-01-12T18:49:31","guid":{"rendered":"https:\/\/livinghome.vn\/thiet-bi\/?post_type=product&#038;p=3987"},"modified":"2024-11-29T14:17:50","modified_gmt":"2024-11-29T07:17:50","slug":"bep-dien-doi-arber-ab369-72cm-2-dien","status":"publish","type":"product","link":"https:\/\/livinghome.vn\/thiet-bi\/bep-dien-doi-arber-ab369-72cm-2-dien\/","title":{"rendered":"B\u1ebfp \u0110i\u1ec7n \u0110\u00f4i Arber AB369 72CM 2 \u0110i\u1ec7n K\u00ednh Kanger"},"content":{"rendered":"<h2>B\u1ebfp \u0111i\u1ec7n \u0111\u00f4i Arber AB369 c\u00f3 nh\u1eefng chi ti\u1ebft nh\u01b0 sau<\/h2>\n<p>S\u1eed d\u1ee5ng m\u1eb7t k\u00ednh Ceramic cao c\u1ea5p ch\u1ecbu l\u1ef1c, ch\u1ecbu nhi\u1ec7t t\u1ed1t v\u00e0 t\u1ea3n nhi\u1ec7t nhanh ch\u00f3ng \u0111\u1ed3ng th\u1eddi s\u1ebd tuy\u1ec7t \u0111\u1ed1i an to\u00e0n cho ng\u01b0\u1eddi s\u1eed d\u1ee5ng, m\u1eb7t k\u00ednh m\u00e0u \u0111en ch\u1ed1ng tr\u1ea7y x\u01b0\u1edbc d\u1ec5 d\u00e0ng v\u1ec7 sinh, sau khi \u0111un n\u1ea5u b\u1ea1n ch\u1ec9 c\u1ea7n ch\u1edd cho m\u1eb7t b\u1ebfp ngu\u1ed9i h\u1eb3n l\u00e0 c\u00f3 th\u1ec3 d\u00f9ng kh\u0103n m\u1ec1m \u1ea9m v\u1ec7 sinh b\u1ebfp.<\/p>\n<h3><span style=\"font-weight: 400;\">Th\u00f4ng tin s\u1ea3n ph\u1ea9m\u00a0<\/span><\/h3>\n<ul>\n<li><span style=\"font-weight: 400;\">Ph\u00e2n lo\u1ea1i : <a href=\"https:\/\/livinghome.vn\/thiet-bi\/bep-dien-am\/\">B\u1ebfp \u0111i\u1ec7n<\/a> \u0111\u00f4i Arber AB369<\/span><\/li>\n<li><span style=\"font-weight: 400;\">M\u1eb7t k\u00ednh ceramic ch\u1ecbu nhi\u1ec7t li\u1ec1n kh\u1ed1i<\/span><\/li>\n<li><span style=\"font-weight: 400;\">M\u00e2m nhi\u1ec7t Hi-light hai b\u1ebfp : \u00d814\/22cm, t\u00edch h\u1ee3p ph\u00edm ch\u1ecdn v\u00f2ng n\u1ea5u<\/span><\/li>\n<li><span style=\"font-weight: 400;\">H\u1eb9n gi\u1edd \u0111\u1ed9c l\u1eadp cho t\u1eebng v\u00f9ng n\u1ea5u, th\u1eddi gian h\u1eb9n \u0111\u1ebfn 8.00 gi\u1edd<\/span><\/li>\n<li><span style=\"font-weight: 400;\">\u0110i\u1ec1u khi\u1ec3n c\u00f4ng su\u1ea5t \/ nhi\u1ec7t \u0111\u1ed9 nhi\u1ec1u m\u1ee9c<\/span><\/li>\n<li><span style=\"font-weight: 400;\">B\u00e0n ph\u00edm si\u00eau nh\u1ea1y c\u1ea3 khi tay \u01b0\u1edbt<\/span><\/li>\n<li><span style=\"font-weight: 400;\">T\u1ef1 \u0111\u1ed9ng chia s\u1ebb c\u00f4ng su\u1ea5t gi\u1eefa 2 b\u1ebfp, max 3400W<\/span><\/li>\n<\/ul>\n<p>B\u1ebfp \u0111i\u1ec7n \u0111\u00f4i ARBER AB-369 \u0111\u01b0\u1ee3c thi\u1ebft k\u1ebf v\u1edbi 2 v\u00f9ng n\u1ea5u \u0111i\u1ec7n s\u1eed d\u1ee5ng b\u00e0n ph\u00edm c\u1ea3m \u1ee9ng hi\u1ec7n \u0111\u1ea1i \u0111i\u1ec1u khi\u1ec3n \u0111\u1ed9c l\u1eadp v\u1edbi 9 m\u1ee9c c\u00f4ng su\u1ea5t n\u1ea5u \u0103n v\u00e0 \u0111\u1ea7y \u0111\u1ee7 c\u00e1c ch\u1ee9c n\u0103ng h\u1eb9n gi\u1edd, kh\u00f3a tr\u1ebb em an to\u00e0n, b\u00e1o \u0111\u1ed9ng b\u1eb1ng \u00e2m thanh. B\u1ebfp c\u00f3 \u0111\u00e8n b\u00e1o hi\u1ec3n th\u1ecb nhi\u1ec7t d\u01b0 gi\u00fap b\u1ea1n s\u1eed d\u1ee5ng b\u1ebfp hi\u1ec7u qu\u1ea3 an to\u00e0n v\u00e0 ti\u1ebft ki\u1ec7m \u0111i\u1ec7n t\u1ed1i \u0111a.<\/p>\n<figure id=\"attachment_63938\" aria-describedby=\"caption-attachment-63938\" style=\"width: 1020px\" class=\"wp-caption aligncenter\"><img loading=\"lazy\" decoding=\"async\" class=\"size-large wp-image-63938\" src=\"https:\/\/livinghome.vn\/thiet-bi\/wp-content\/uploads\/nha-bep\/arber\/bep-dien\/bep-dien-arber-ab369\/bep-dien-tu-arber-ab369-2-1067x800.jpg\" alt=\"B\u1ebfp \u0111i\u1ec7n \u0111\u00f4i Arber AB369 m\u1eb7t k\u00ednh ceramic hi\u1ec7n \u0111\u1ea1i\" width=\"1020\" height=\"765\" title=\"\"><figcaption id=\"caption-attachment-63938\" class=\"wp-caption-text\">B\u1ebfp \u0111i\u1ec7n \u0111\u00f4i Arber AB369 thi\u1ebft k\u1ebf hi\u1ec7n \u0111\u1ea1i v\u1edbi m\u1eb7t k\u00ednh ceramic ch\u1ecbu nhi\u1ec7t<\/figcaption><\/figure>\n<h3><span style=\"font-weight: 400;\">T\u00ednh n\u0103ng an to\u00e0n<\/span><\/h3>\n<ul>\n<li><span style=\"font-weight: 400;\">C\u1ea3nh b\u00e1o nhi\u1ec7t d\u01b0 v\u00f9ng n\u1ea5u Residual heat<\/span><\/li>\n<li><span style=\"font-weight: 400;\">Kh\u00f3a an to\u00e0n tr\u1ebb em Child lock<\/span><\/li>\n<li><span style=\"font-weight: 400;\">H\u1ec7 th\u1ed1ng b\u1ea3o v\u1ec7 an to\u00e0n qu\u00e1 nhi\u1ec7t, qu\u00e1 \u00e1p<\/span><\/li>\n<li><span style=\"font-weight: 400;\">T\u00ednh n\u0103ng m\u1eb7t k\u00ednh<\/span><\/li>\n<li><span style=\"font-weight: 400;\">M\u1eb7t k\u00ednh li\u1ec1n nguy\u00ean kh\u1ed1i, m\u00e0u \u0111en sang tr\u1ecdng<\/span><\/li>\n<li><span style=\"font-weight: 400;\">B\u1ec1 m\u1eb7t ch\u1ed1ng tr\u1ea7y x\u01b0\u1edbc, ch\u1ecbu l\u1ef1c cao<\/span><\/li>\n<li><span style=\"font-weight: 400;\">Kh\u1ea3 n\u0103ng ch\u1ecbu nhi\u1ec7t l\u00ean \u0111\u1ebfn 1000oC, ch\u1ecbu s\u1ed1c nhi\u1ec7t \u0111\u1ebfn 800oC<\/span><\/li>\n<\/ul>\n<h3><span style=\"font-weight: 400;\">Th\u00f4ng s\u1ed1 k\u1ef9 thu\u1eadt<\/span><\/h3>\n<ul>\n<li><span style=\"font-weight: 400;\">\u0110i\u1ec7n \u00e1p 220-240V\/50Hz<\/span><\/li>\n<li><span style=\"font-weight: 400;\">C\u00f4ng su\u1ea5t: max 3400W ( Ph\u1ea3i 1000\/1200W, Tr\u00e1i 1000\/1200W )<\/span><\/li>\n<li><span style=\"font-weight: 400;\">K\u00edch th\u01b0\u1edbc (d\u00e0i x r\u1ed9ng x cao): 715 x 420 x100mm<\/span><\/li>\n<li><span style=\"font-weight: 400;\">K\u00edch th\u01b0\u1edbc kho\u00e9t l\u1ed7: 670 x 400mm<\/span><\/li>\n<li><span style=\"font-weight: 400;\">Tr\u1ecdng l\u01b0\u1ee3ng: 8.0 kg<\/span><\/li>\n<li><span style=\"font-weight: 400;\">K\u1ebft c\u1ea5u khung v\u1ecf: b\u1eb1ng th\u00e9p s\u01a1n c\u00e1ch \u0111i\u1ec7n<\/span><\/li>\n<li><span style=\"font-weight: 400;\">L\u1eafp \u0111\u1eb7t: l\u1eafp \u00e2m ho\u1eb7c \u0111\u1ec3 n\u1ed5i<\/span><\/li>\n<li><span style=\"font-weight: 400;\">L\u1eafp r\u00e1p : Made in China<\/span><\/li>\n<\/ul>\n<p>B\u1ebfp \u0111i\u1ec7n \u0111\u00f4i ARBER AB-369 kh\u00f4ng k\u00e9n xoong n\u1ed3i, v\u1edbi b\u1ebfp h\u1ed3ng ngo\u1ea1i b\u1ea1n c\u00f3 th\u1ec3 s\u1eed d\u1ee5ng \u0111\u01b0\u1ee3c t\u1ea5t c\u1ea3 c\u00e1c lo\u1ea1i xoong n\u1ed3i v\u1edbi ch\u1ea5t li\u1ec7u v\u00e0 k\u00edch th\u01b0\u1edbc kh\u00e1c nhau. Ngo\u00e0i ra b\u1ea1n c\u00f2n c\u00f3 th\u1ec3 n\u01b0\u1edbng tr\u1ef1c ti\u1ebfp th\u1ef1c ph\u1ea9m tr\u00ean m\u1eb7t b\u1ebfp m\u00e0 v\u1eabn \u0111\u1ea3m b\u1ea3o an to\u00e0n v\u00e0 v\u1ec7 sinh tuy\u1ec7t \u0111\u1ed1i. T\u1ed5ng c\u00f4ng su\u1ea5t c\u1ee7a c\u1ea3 2 b\u1ebfp n\u1ea5u s\u1ebd l\u00e0 3600 W.<\/p>\n<figure id=\"attachment_63937\" aria-describedby=\"caption-attachment-63937\" style=\"width: 800px\" class=\"wp-caption aligncenter\"><img loading=\"lazy\" decoding=\"async\" class=\"size-large wp-image-63937\" src=\"https:\/\/livinghome.vn\/thiet-bi\/wp-content\/uploads\/nha-bep\/arber\/bep-dien\/bep-dien-arber-ab369\/bep-dien-tu-arber-ab369-1-800x800.jpg\" alt=\"B\u1ebfp \u0111i\u1ec7n \u0111\u00f4i Arber AB369 m\u1eb7t k\u00ednh ceramic hi\u1ec7n \u0111\u1ea1i\" width=\"800\" height=\"800\" title=\"\"><figcaption id=\"caption-attachment-63937\" class=\"wp-caption-text\">B\u1ebfp \u0111i\u1ec7n \u0111\u00f4i Arber AB369 t\u1eeb ki\u1ec3u d\u00e1ng \u0111\u1ebfn t\u00ednh n\u0103ng s\u1ebd kh\u01a1i g\u1ee3i ni\u1ec1m c\u1ea3m \u1ee9ng n\u1ea5u \u0103n cho m\u1ecdi ng\u01b0\u1eddi.<\/figcaption><\/figure>\n<p>&nbsp;<\/p>\n<h2>Th\u00f4ng tin mua h\u00e0ng t\u1ea1i Living Home<\/h2>\n<p>B\u1ebfp \u0111i\u1ec7n \u0111\u00f4i B\u1ebfp \u0111i\u1ec7n \u0111\u00f4i Arber AB369 ch\u00ednh h\u00e3ng hi\u1ec7n \u0111\u01b0\u1ee3c Living Home ph\u00e2n ph\u1ed1i v\u1edbi m\u1ee9c gi\u00e1 r\u1ebb hi\u1ec7n nay. Qu\u00fd kh\u00e1ch vui l\u00f2ng li\u00ean h\u1ec7 l\u1ea5y gi\u00e1 chi ti\u1ebft t\u1eebng th\u1eddi \u0111i\u1ec3m nh\u00e9.<\/p>\n<ul>\n<li>Cam k\u1ebft h\u00e0ng ch\u00ednh h\u00e3ng<\/li>\n<li>B\u1ea3o h\u00e0nh 03 n\u0103m<\/li>\n<li>Giao h\u00e0ng l\u1eafp \u0111\u1eb7t to\u00e0n qu\u1ed1c<\/li>\n<li>C\u00f3 gi\u00e1 c\u1ef1c t\u1ed1t cho anh em <strong>\u0111\u1ed9i th\u1ee3, k\u1ef9 thu\u1eadt, thi\u1ebft k\u1ebf n\u1ed9i th\u1ea5t<\/strong><\/li>\n<\/ul>\n<p>&nbsp;<\/p>\n","protected":false},"excerpt":{"rendered":"<p>&#8211; <strong>Lo\u1ea1i b\u1ebfp:<\/strong> 2 \u0111i\u1ec7n (h\u1ed3ng ngo\u1ea1i)<\/p>\n<p>&#8211; <strong>M\u1eb7t k\u00ednh:<\/strong> Crystal<\/p>\n<p>&#8211; <strong>C\u00f4ng su\u1ea5t: <\/strong>3400W<\/p>\n<p>&#8211; <strong>K\u00edch th\u01b0\u1edbc b\u1ebfp:<\/strong> W715 x D420mm<\/p>\n<p>&#8211; <strong>K\u00edch th\u01b0\u1edbc c\u1eaft \u0111\u00e1:<\/strong> W670 x D400mm<\/p>\n<p>&#8211; <strong>H\u1ec7 th\u1ed1ng \u0111i\u1ec1u khi\u1ec3n:<\/strong> c\u1ea3m \u1ee9ng d\u1ea1ng ch\u1ea1m<\/p>\n","protected":false},"featured_media":4017,"comment_status":"open","ping_status":"closed","template":"","meta":[],"product_brand":[],"product_cat":[741,117,708,1743,745,709,80,447],"product_tag":[448,118,449,450,174],"class_list":{"0":"post-3987","1":"product","2":"type-product","3":"status-publish","4":"has-post-thumbnail","6":"product_cat-bep-hong-ngoai","7":"product_cat-bep-dien-hong-ngoai","8":"product_cat-bep-dien-hong-ngoai-arber","9":"product_cat-bep-dien-hong-ngoai-doi","10":"product_cat-bep-dien-tu","11":"product_cat-bep-dien-tu-arber","12":"product_cat-bep-dien-tu-ket-hop","13":"product_cat-thuong-hieu-arber","14":"product_tag-arber","15":"product_tag-bep-dien","16":"product_tag-bep-dien-arber","17":"product_tag-bep-dien-doi","18":"product_tag-bep-hong-ngoai","20":"first","21":"instock","22":"sale","23":"shipping-taxable","24":"purchasable","25":"product-type-simple"},"_links":{"self":[{"href":"https:\/\/livinghome.vn\/thiet-bi\/wp-json\/wp\/v2\/product\/3987","targetHints":{"allow":["GET"]}}],"collection":[{"href":"https:\/\/livinghome.vn\/thiet-bi\/wp-json\/wp\/v2\/product"}],"about":[{"href":"https:\/\/livinghome.vn\/thiet-bi\/wp-json\/wp\/v2\/types\/product"}],"replies":[{"embeddable":true,"href":"https:\/\/livinghome.vn\/thiet-bi\/wp-json\/wp\/v2\/comments?post=3987"}],"wp:featuredmedia":[{"embeddable":true,"href":"https:\/\/livinghome.vn\/thiet-bi\/wp-json\/wp\/v2\/media\/4017"}],"wp:attachment":[{"href":"https:\/\/livinghome.vn\/thiet-bi\/wp-json\/wp\/v2\/media?parent=3987"}],"wp:term":[{"taxonomy":"product_brand","embeddable":true,"href":"https:\/\/livinghome.vn\/thiet-bi\/wp-json\/wp\/v2\/product_brand?post=3987"},{"taxonomy":"product_cat","embeddable":true,"href":"https:\/\/livinghome.vn\/thiet-bi\/wp-json\/wp\/v2\/product_cat?post=3987"},{"taxonomy":"product_tag","embeddable":true,"href":"https:\/\/livinghome.vn\/thiet-bi\/wp-json\/wp\/v2\/product_tag?post=3987"}],"curies":[{"name":"wp","href":"https:\/\/api.w.org\/{rel}","templated":true}]}}