{"id":393,"date":"2023-01-12T10:07:52","date_gmt":"2023-01-12T10:07:52","guid":{"rendered":"https:\/\/livinghome.vn\/thiet-bi\/?post_type=product&#038;p=393"},"modified":"2024-11-29T14:21:04","modified_gmt":"2024-11-29T07:21:04","slug":"bep-dien-tu-dmestik-ml-828-dkt-73cm-1-dien-1-tu-mat-kinh-kanger","status":"publish","type":"product","link":"https:\/\/livinghome.vn\/thiet-bi\/bep-dien-tu-dmestik-ml-828-dkt-73cm-1-dien-1-tu-mat-kinh-kanger\/","title":{"rendered":"B\u1ebfp \u0110i\u1ec7n T\u1eeb Dmestik ML 828 DKT, 73cm, 1 \u0110i\u1ec7n 1 T\u1eeb, M\u1eb7t K\u00ednh Kanger"},"content":{"rendered":"<h2>B\u1ebfp \u0110i\u1ec7n T\u1eeb Dmestik ML 828 DKT &#8211; Made In Malaysia<\/h2>\n<p>V\u1edbi 1 v\u00f9ng n\u1ea5u t\u1eeb, m\u1ed9t v\u00f9ng n\u1ea5u h\u1ed3ng ngo\u1ea1i ti\u1ec7n l\u1ee3i, mang \u0111\u1ea7y \u0111\u1ee7 c\u00e1c t\u00ednh n\u0103ng c\u1ee7a m\u1ed9t chi\u1ebfc b\u1ebfp \u0111i\u1ec7n t\u1eeb cao c\u1ea5p.<\/p>\n<h3>Gi\u1eddi thi\u1ec7u s\u1ea3n ph\u1ea9m<\/h3>\n<ul>\n<li>Ph\u00e2n lo\u1ea1i: <a href=\"https:\/\/livinghome.vn\/thiet-bi\/bep-dien-tu-ket-hop\/\"><strong>B\u1ebfp \u0111i\u1ec7n t\u1eeb<\/strong><\/a> Dmestik ML828 DKT 2 v\u00f9ng n\u1ea5u<\/li>\n<li>M\u1eb7t k\u00ednh Kanger ch\u1ecbu l\u1ef1c, ch\u1ecbu nhi\u1ec7t, ch\u1ed1ng tr\u1ea7y x\u01b0\u1edbc cao<\/li>\n<li>Thi\u1ebft k\u1ebf v\u00e1t 4 c\u1ea1nh<\/li>\n<li>B\u1ea3ng \u0111i\u1ec1u khi\u1ec3n c\u1ea3n \u1ee9ng d\u1ea1ng thanh tr\u01b0\u1ee3t Slider<\/li>\n<li>B\u1ea3ng \u0111i\u1ec1u khi\u1ec3n ri\u00eang bi\u1ec7t<\/li>\n<li>Ch\u1ee9c n\u0103ng t\u1ef1 \u0111\u1ed9ng nh\u1eadn di\u1ec7n v\u00f9ng \u0111\u00e1y n\u1ed3i ph\u00f9 h\u1ee3p<\/li>\n<li>C\u00f3 9 m\u1ee9c \u0111i\u1ec1u ch\u1ec9nh nhi\u1ec7t v\u00e0 boster 2 v\u00f9ng n\u1ea5u<\/li>\n<li>C\u00f4ng ngh\u1ec7 Inverter ti\u1ebft ki\u1ec7m \u0111i\u1ec7n<\/li>\n<li>Ch\u1ee9c n\u0103ng c\u1ea3nh b\u00e1o ch\u1ed1ng tr\u00e0n, kh\u00f3a an to\u00e0n<\/li>\n<li>Ch\u1ee9c n\u0103ng chi\u00ean x\u00e0o v\u00e0 \u1ee7 \u1ea5m<\/li>\n<li>Ch\u1ee9c n\u0103ng h\u1eb9n gi\u1edd n\u1ea5u tr\u00ean t\u1eebng v\u00f9ng b\u1ebfp<\/li>\n<li>Ch\u1ee9c n\u0103ng c\u1ea3nh b\u00e1o nhi\u1ec7t d\u01b0 tr\u00ean b\u1ec1 m\u1eb7t b\u1ebfp sau khi n\u1ea5u<\/li>\n<li>Ch\u1ee9c n\u0103ng t\u1ef1 \u0111\u1ed9ng t\u1eaft b\u1ebfp khi kh\u00f4ng s\u1eed d\u1ee5ng<\/li>\n<li>T\u1ef1 \u0111\u1ed9ng t\u1eaft b\u1ebfp khi qu\u00e1 nhi\u1ec7t, qu\u00e1 \u00e1p<\/li>\n<li>Kh\u00f4ng chia s\u1ebb c\u00f4ng su\u1ea5t<\/li>\n<li>Xu\u1ea5t x\u1ee9: Malaysia<\/li>\n<\/ul>\n<figure id=\"attachment_16939\" aria-describedby=\"caption-attachment-16939\" style=\"width: 1067px\" class=\"wp-caption alignnone\"><img loading=\"lazy\" decoding=\"async\" class=\"size-full wp-image-16939\" src=\"https:\/\/livinghome.vn\/thiet-bi\/wp-content\/uploads\/san-pham\/bep-dien-tu-ket-hop\/bep-dien-tu-ket-hop-dmestik\/dmestik-ml-828-dkt-1.jpg\" alt=\"B\u1ebfp \u0110i\u1ec7n T\u1eeb Dmestik ML 828 DKT, 73cm, 1 \u0110i\u1ec7n 1 T\u1eeb, M\u1eb7t K\u00ednh Kanger\" width=\"1067\" height=\"712\" title=\"\" srcset=\"https:\/\/livinghome.vn\/thiet-bi\/wp-content\/uploads\/san-pham\/bep-dien-tu-ket-hop\/bep-dien-tu-ket-hop-dmestik\/dmestik-ml-828-dkt-1.jpg 1067w, https:\/\/livinghome.vn\/thiet-bi\/wp-content\/uploads\/san-pham\/bep-dien-tu-ket-hop\/bep-dien-tu-ket-hop-dmestik\/dmestik-ml-828-dkt-1-600x400.jpg 600w, https:\/\/livinghome.vn\/thiet-bi\/wp-content\/uploads\/san-pham\/bep-dien-tu-ket-hop\/bep-dien-tu-ket-hop-dmestik\/dmestik-ml-828-dkt-1-599x400.jpg 599w, https:\/\/livinghome.vn\/thiet-bi\/wp-content\/uploads\/san-pham\/bep-dien-tu-ket-hop\/bep-dien-tu-ket-hop-dmestik\/dmestik-ml-828-dkt-1-768x512.jpg 768w\" sizes=\"auto, (max-width: 1067px) 100vw, 1067px\" \/><figcaption id=\"caption-attachment-16939\" class=\"wp-caption-text\">B\u1ebfp \u0110i\u1ec7n T\u1eeb Dmestik ML 828 DKT, 73cm, 1 \u0110i\u1ec7n 1 T\u1eeb, M\u1eb7t K\u00ednh Kanger<\/figcaption><\/figure>\n<p>B\u1ebfp \u0111i\u1ec7n t\u1eeb Dmestik ML828 DKT c\u00f3 thi\u1ebft k\u1ebf sang tr\u1ecdng r\u1ea5t ph\u00f9 h\u1ee3p v\u1edbi c\u00e1c c\u0103n b\u1ebfp c\u00f3 phong c\u00e1ch hi\u1ec7n \u0111\u1ea1i. M\u1eb7t b\u1ebfp l\u00e0m b\u1eb1ng k\u00ednh cao c\u1ea5p, ch\u1ecbu l\u1ef1c, ch\u1ecbu nhi\u1ec7t t\u1ed1t.<\/p>\n<p>B\u1ebfp \u0111\u01b0\u1ee3c trang b\u1ecb b\u1ea3ng \u0111i\u1ec1u khi\u1ec3n c\u1ea3m \u1ee9ng d\u1ea1ng thanh tr\u01b0\u1ee3t c\u00f9ng nh\u1eefng t\u00ednh n\u0103ng an to\u00e0n, ti\u1ec7n l\u1ee3i gi\u00fap b\u1ea1n n\u1ea5u n\u01b0\u1edbng thu\u1eadn ti\u1ec7n v\u00e0 nhanh ch\u00f3ng, ti\u1ebft ki\u1ec7m t\u1ed1i \u0111a \u0111i\u1ec7n n\u0103ng v\u00e0 th\u1eddi gian.<\/p>\n<p>S\u1ef1 k\u1ebft h\u1ee3p ho\u00e0n h\u1ea3o gi\u1eefa ki\u1ec3u d\u00e1ng hi\u1ec7n \u0111\u1ea1i c\u00f9ng ch\u1ea5t l\u01b0\u1ee3ng h\u00e0ng \u0111\u1ea7u c\u1ee7a B\u1ebfp \u0111i\u1ec7n t\u1eeb Dmestik ML828 DKT mang \u0111\u1ebfn m\u1ed9t kh\u00f4ng gian sang tr\u1ecdng cho c\u0103n b\u1ebfp nh\u00e0 b\u1ea1n.<\/p>\n<h3>Th\u00f4ng s\u1ed1 k\u1ef9 thu\u1eadt<\/h3>\n<ul>\n<li>K\u00edch th\u01b0\u1edbc b\u1ec1 m\u1eb7t: 730mm x 420mm<\/li>\n<li>K\u00edch th\u01b0\u1edbc kho\u00e9t \u0111\u00e1: 680mm x 380mm<\/li>\n<li>T\u1ed5ng c\u00f4ng su\u1ea5t t\u1ed1i \u0111a: 4.8kw<\/li>\n<li>B\u1ebfp tr\u00e1i: 2.0kw, booster 2.4kw.\u00a0\u00a0\u00d8220<\/li>\n<li>B\u1ebfp ph\u1ea3i: b\u1ebfp \u0111i\u1ec7n highlight 2.2kw.\u00a0\u00a0\u00d8220<\/li>\n<li>V\u00f9ng n\u1ea5u: 1 t\u1eeb, 1 \u0111i\u1ec7n<\/li>\n<li>Xu\u1ea5t x\u1ee9: Malaysia<\/li>\n<li>B\u1ea3o h\u00e0nh: ch\u00ednh h\u00e3ng 3 n\u0103m<\/li>\n<\/ul>\n","protected":false},"excerpt":{"rendered":"<h2>B\u1ebfp \u0110i\u1ec7n T\u1eeb Dmestik ML828 DKT Nh\u1eadp Kh\u1ea9u<\/h2>\n<ul>\n<li>C\u00f3 9 m\u1ee9c \u0111i\u1ec1u ch\u1ec9nh nhi\u1ec7t v\u00e0 boster 2 v\u00f9ng n\u1ea5u<\/li>\n<li>C\u00f4ng ngh\u1ec7 Inverter ti\u1ebft ki\u1ec7m \u0111i\u1ec7n<\/li>\n<li>K\u00edch th\u01b0\u1edbc b\u1ec1 m\u1eb7t: 730mm x 420mm<\/li>\n<li>V\u00f9ng n\u1ea5u: 1 t\u1eeb, 1 \u0111i\u1ec7n<\/li>\n<li>T\u1ed5ng c\u00f4ng su\u1ea5t t\u1ed1i \u0111a: 4.8kw<\/li>\n<\/ul>\n<p>&nbsp;<\/p>\n","protected":false},"featured_media":16938,"comment_status":"open","ping_status":"closed","template":"","meta":[],"product_brand":[],"product_cat":[1748,793,745,712,796,799,80,801,810,807,795,72],"product_tag":[81,115,82,74],"class_list":{"0":"post-393","1":"product","2":"type-product","3":"status-publish","4":"has-post-thumbnail","6":"product_cat-bep-dien-tu-ket-hop-dmestik","7":"product_cat-bep-1-dien-1-tu","8":"product_cat-bep-dien-tu","9":"product_cat-bep-dien-tu-dmestik","10":"product_cat-bep-dien-tu-doi","11":"product_cat-bep-dien-tu-hinh-chu-nhat","12":"product_cat-bep-dien-tu-ket-hop","13":"product_cat-bep-dien-tu-khong-ken-noi","14":"product_cat-bep-dien-tu-malaysia","15":"product_cat-bep-dien-tu-tiet-kiem-dien","16":"product_cat-bep-tu-doi","17":"product_cat-thuong-hieu-dmestik","18":"product_tag-bep-dien-tu","19":"product_tag-bep-dien-tu-am","20":"product_tag-bep-dien-tu-dmestik","21":"product_tag-dmestik","23":"first","24":"instock","25":"sale","26":"shipping-taxable","27":"purchasable","28":"product-type-simple"},"_links":{"self":[{"href":"https:\/\/livinghome.vn\/thiet-bi\/wp-json\/wp\/v2\/product\/393","targetHints":{"allow":["GET"]}}],"collection":[{"href":"https:\/\/livinghome.vn\/thiet-bi\/wp-json\/wp\/v2\/product"}],"about":[{"href":"https:\/\/livinghome.vn\/thiet-bi\/wp-json\/wp\/v2\/types\/product"}],"replies":[{"embeddable":true,"href":"https:\/\/livinghome.vn\/thiet-bi\/wp-json\/wp\/v2\/comments?post=393"}],"wp:featuredmedia":[{"embeddable":true,"href":"https:\/\/livinghome.vn\/thiet-bi\/wp-json\/wp\/v2\/media\/16938"}],"wp:attachment":[{"href":"https:\/\/livinghome.vn\/thiet-bi\/wp-json\/wp\/v2\/media?parent=393"}],"wp:term":[{"taxonomy":"product_brand","embeddable":true,"href":"https:\/\/livinghome.vn\/thiet-bi\/wp-json\/wp\/v2\/product_brand?post=393"},{"taxonomy":"product_cat","embeddable":true,"href":"https:\/\/livinghome.vn\/thiet-bi\/wp-json\/wp\/v2\/product_cat?post=393"},{"taxonomy":"product_tag","embeddable":true,"href":"https:\/\/livinghome.vn\/thiet-bi\/wp-json\/wp\/v2\/product_tag?post=393"}],"curies":[{"name":"wp","href":"https:\/\/api.w.org\/{rel}","templated":true}]}}