{"id":391,"date":"2023-01-12T10:07:52","date_gmt":"2023-01-12T10:07:52","guid":{"rendered":"https:\/\/livinghome.vn\/thiet-bi\/?post_type=product&#038;p=391"},"modified":"2024-11-29T14:21:04","modified_gmt":"2024-11-29T07:21:04","slug":"bep-dien-tu-dmestik-es838-dkt-77cm-2-tu-1-dien-mat-kinh-schott-ceran","status":"publish","type":"product","link":"https:\/\/livinghome.vn\/thiet-bi\/bep-dien-tu-dmestik-es838-dkt-77cm-2-tu-1-dien-mat-kinh-schott-ceran\/","title":{"rendered":"B\u1ebfp \u0110i\u1ec7n T\u1eeb Dmestik ES838 DKT, 77cm, 2 T\u1eeb 1 \u0110i\u1ec7n, M\u1eb7t K\u00ednh Schott Ceran"},"content":{"rendered":"<h2>B\u1ebfp \u0110i\u1ec7n T\u1eeb Dmestik ES838 DKT &#8211; Made In Spain<\/h2>\n<p>M\u1eb7t k\u00ednh Schott Ceran cao c\u1ea5p.Hi\u1ec7n t\u1ea1i trong th\u1eddi gian g\u1ea7n \u0111\u00e2y c\u00f3 d\u00f2ng B\u1ebfp \u0111i\u1ec7n t\u1eeb Dmestik ES838 DKT &#8211; l\u00e0 d\u00f2ng b\u1ebfp nh\u1eadp kh\u1ea9u nguy\u00ean chi\u1ebfc t\u1eeb T\u00e2y Ban Nha \u0111ang \u0111\u01b0\u1ee3c r\u1ea5t nhi\u1ec1u kh\u00e1ch h\u00e0ng quan t\u00e2m.<\/p>\n<figure id=\"attachment_16943\" aria-describedby=\"caption-attachment-16943\" style=\"width: 1067px\" class=\"wp-caption alignnone\"><img loading=\"lazy\" decoding=\"async\" class=\"size-full wp-image-16943\" src=\"https:\/\/livinghome.vn\/thiet-bi\/wp-content\/uploads\/san-pham\/bep-dien-tu-ket-hop\/bep-dien-tu-ket-hop-dmestik\/bep-dien-tu-dmestik-es-838-dkt-2.jpg\" alt=\"B\u1ebfp \u0110i\u1ec7n T\u1eeb Dmestik ES838 DKT, 77cm, 2 T\u1eeb 1 \u0110i\u1ec7n, M\u1eb7t K\u00ednh Schott Ceran\" width=\"1067\" height=\"580\" title=\"\" srcset=\"https:\/\/livinghome.vn\/thiet-bi\/wp-content\/uploads\/san-pham\/bep-dien-tu-ket-hop\/bep-dien-tu-ket-hop-dmestik\/bep-dien-tu-dmestik-es-838-dkt-2.jpg 1067w, https:\/\/livinghome.vn\/thiet-bi\/wp-content\/uploads\/san-pham\/bep-dien-tu-ket-hop\/bep-dien-tu-ket-hop-dmestik\/bep-dien-tu-dmestik-es-838-dkt-2-600x326.jpg 600w, https:\/\/livinghome.vn\/thiet-bi\/wp-content\/uploads\/san-pham\/bep-dien-tu-ket-hop\/bep-dien-tu-ket-hop-dmestik\/bep-dien-tu-dmestik-es-838-dkt-2-736x400.jpg 736w, https:\/\/livinghome.vn\/thiet-bi\/wp-content\/uploads\/san-pham\/bep-dien-tu-ket-hop\/bep-dien-tu-ket-hop-dmestik\/bep-dien-tu-dmestik-es-838-dkt-2-768x417.jpg 768w\" sizes=\"auto, (max-width: 1067px) 100vw, 1067px\" \/><figcaption id=\"caption-attachment-16943\" class=\"wp-caption-text\">B\u1ebfp \u0110i\u1ec7n T\u1eeb Dmestik ES838 DKT, 77cm, 2 T\u1eeb 1 \u0110i\u1ec7n, M\u1eb7t K\u00ednh Schott Ceran<\/figcaption><\/figure>\n<h3>Gi\u1eddi thi\u1ec7u s\u1ea3n ph\u1ea9m<\/h3>\n<ul>\n<li>Ph\u00e2n lo\u1ea1i: <a href=\"https:\/\/livinghome.vn\/thiet-bi\/bep-dien-tu-ket-hop\/\"><strong>B\u1ebfp \u0111i\u1ec7n t\u1eeb<\/strong><\/a> Dmestik ES838 DKT 3 v\u00f9ng n\u1ea5u<\/li>\n<li>M\u1eb7t k\u00ednh Schott Ceran cao c\u1ea5p v\u00e1t c\u1ea1nh, m\u00e0u \u0111en sang tr\u1ecdng<\/li>\n<li>B\u1ec1 m\u1eb7t ch\u1ed1ng tr\u1ea7y x\u01b0\u1edbc, ch\u1ecbu l\u1ef1c, ch\u1ecbu s\u1ed1c nhi\u1ec7t<\/li>\n<li>B\u1ea3ng \u0111i\u1ec1u khi\u1ec3n c\u1ea3m \u1ee9ng d\u1ea1ng tr\u01b0\u1ee3t slide<\/li>\n<li>C\u1ea3nh b\u00e1o nhi\u1ec7t d\u01b0<\/li>\n<li>Ch\u1ee9c n\u0103ng t\u1ef1 \u0111\u1ed9ng t\u1eaft b\u1ebfp khi kh\u00f4ng s\u1eed d\u1ee5ng ho\u1eb7c c\u00f3 s\u1ef1 c\u1ed1<\/li>\n<li>T\u1ef1 \u0111\u1ed9ng nh\u1eadn di\u1ec7n n\u1ed3i v\u00e0 k\u00edch c\u1ee1 n\u1ed3i<\/li>\n<li>9 m\u1ee9c \u0111i\u1ec1u ch\u1ec9nh nhi\u1ec7t \u0111\u1ed9 tr\u00ean m\u1ed7i v\u00f9ng n\u1ea5u<\/li>\n<li>Kh\u00f3a an to\u00e0n cho tr\u1ebb em<\/li>\n<li>3 v\u00f9ng n\u1ea5u si\u00eau t\u1ed1c<\/li>\n<li>T\u1ef1 \u0111\u1ed9ng t\u1eaft b\u1ebfp khi qu\u00e1 nhi\u1ec7t, qu\u00e1 \u00e1p<\/li>\n<li>Kh\u00f4ng chia s\u1ebb c\u00f4ng su\u1ea5t<\/li>\n<li>Xu\u1ea5t x\u1ee9: T\u00e2y Ban Nha<\/li>\n<\/ul>\n<figure id=\"attachment_16944\" aria-describedby=\"caption-attachment-16944\" style=\"width: 1067px\" class=\"wp-caption alignnone\"><img loading=\"lazy\" decoding=\"async\" class=\"size-full wp-image-16944\" src=\"https:\/\/livinghome.vn\/thiet-bi\/wp-content\/uploads\/san-pham\/bep-dien-tu-ket-hop\/bep-dien-tu-ket-hop-dmestik\/bep-dien-tu-dmestik-es-838-dkt-1.jpg\" alt=\"B\u1ebfp \u0110i\u1ec7n T\u1eeb Dmestik ES838 DKT, 77cm, 2 T\u1eeb 1 \u0110i\u1ec7n, M\u1eb7t K\u00ednh Schott Ceran\" width=\"1067\" height=\"606\" title=\"\" srcset=\"https:\/\/livinghome.vn\/thiet-bi\/wp-content\/uploads\/san-pham\/bep-dien-tu-ket-hop\/bep-dien-tu-ket-hop-dmestik\/bep-dien-tu-dmestik-es-838-dkt-1.jpg 1067w, https:\/\/livinghome.vn\/thiet-bi\/wp-content\/uploads\/san-pham\/bep-dien-tu-ket-hop\/bep-dien-tu-ket-hop-dmestik\/bep-dien-tu-dmestik-es-838-dkt-1-600x341.jpg 600w, https:\/\/livinghome.vn\/thiet-bi\/wp-content\/uploads\/san-pham\/bep-dien-tu-ket-hop\/bep-dien-tu-ket-hop-dmestik\/bep-dien-tu-dmestik-es-838-dkt-1-704x400.jpg 704w, https:\/\/livinghome.vn\/thiet-bi\/wp-content\/uploads\/san-pham\/bep-dien-tu-ket-hop\/bep-dien-tu-ket-hop-dmestik\/bep-dien-tu-dmestik-es-838-dkt-1-768x436.jpg 768w\" sizes=\"auto, (max-width: 1067px) 100vw, 1067px\" \/><figcaption id=\"caption-attachment-16944\" class=\"wp-caption-text\">B\u1ebfp \u0110i\u1ec7n T\u1eeb Dmestik ES838 DKT, 77cm, 2 T\u1eeb 1 \u0110i\u1ec7n, M\u1eb7t K\u00ednh Schott Ceran<\/figcaption><\/figure>\n<p>B\u1ebfp \u0111i\u1ec7n t\u1eeb Dmestik ES838 DKT c\u00f3 thi\u1ebft k\u1ebf sang tr\u1ecdng r\u1ea5t ph\u00f9 h\u1ee3p v\u1edbi c\u00e1c c\u0103n b\u1ebfp c\u00f3 phong c\u00e1ch hi\u1ec7n \u0111\u1ea1i. M\u1eb7t b\u1ebfp l\u00e0m b\u1eb1ng k\u00ednh cao c\u1ea5p, ch\u1ecbu l\u1ef1c, ch\u1ecbu nhi\u1ec7t t\u1ed1t.<\/p>\n<p>B\u1ebfp \u0111\u01b0\u1ee3c trang b\u1ecb b\u1ea3ng \u0111i\u1ec1u khi\u1ec3n c\u1ea3m \u1ee9ng c\u00f9ng nh\u1eefng t\u00ednh n\u0103ng an to\u00e0n, ti\u1ec7n l\u1ee3i gi\u00fap b\u1ea1n n\u1ea5u n\u01b0\u1edbng thu\u1eadn ti\u1ec7n v\u00e0 nhanh ch\u00f3ng, ti\u1ebft ki\u1ec7m t\u1ed1i \u0111a \u0111i\u1ec7n n\u0103ng v\u00e0 th\u1eddi gian.<\/p>\n<p>B\u1ebfp \u0111i\u1ec7n t\u1eeb Dmestik ES838 DKT c\u00f3 ki\u1ec3u d\u00e1ng sang tr\u1ecdng v\u1edbi m\u1eb7t k\u00ednh \u0111en to\u00e0n ph\u1ea7n, c\u00e1c chi ti\u1ebft tr\u00ean b\u1ec1 m\u1eb7t b\u1ebfp \u0111\u01b0\u1ee3c t\u1ed1i gi\u1ea3n, tinh t\u1ebf. \u0110\u1eb7c bi\u1ec7t, thi\u1ebft k\u1ebf l\u1eafp \u00e2m c\u00e0ng t\u1ea1o n\u00ean s\u1ef1 hi\u1ec7n \u0111\u1ea1i cho c\u0103n b\u1ebfp c\u1ee7a b\u1ea1n.<\/p>\n<h3>Th\u00f4ng s\u1ed1 k\u1ef9 thu\u1eadt<\/h3>\n<ul>\n<li>K\u00edch th\u01b0\u1edbc b\u1ec1 m\u1eb7t: \u00a0770 x 450mm<\/li>\n<li>K\u00edch th\u01b0\u1edbc kho\u00e9t \u0111\u00e1: 710 x 410mm<\/li>\n<li>T\u1ed5ng c\u00f4ng su\u1ea5t t\u1ed1i \u0111a: 6.4KW<\/li>\n<li>B\u1ebfp tr\u00e1i: 1 b\u1ebfp \u0111i\u1ec7n high light 3 v\u00f2ng l\u1eeda: 2kw.\u00a0\u00a0\u00d8270<\/li>\n<li>B\u1ebfp ph\u1ea3i: 1 b\u1ebfp t\u1eeb 2.3kw, booster 3kw.\u00a0\u00a0\u00d8227<\/li>\n<li>B\u1ebfp gi\u1eefa : 1 b\u1ebfp t\u1eeb 1.4 kw.\u00a0\u00a0\u00d8180<\/li>\n<li>V\u00f9ng n\u1ea5u: 2 t\u1eeb, 1 \u0111i\u1ec7n<\/li>\n<li>Xu\u1ea5t x\u1ee9: T\u00e2y Ban Nha<\/li>\n<li>B\u1ea3o h\u00e0nh: ch\u00ednh h\u00e3ng 3 n\u0103m<\/li>\n<\/ul>\n","protected":false},"excerpt":{"rendered":"<h3>B\u1ebfp \u0110i\u1ec7n T\u1eeb Dmestik ES838 DKT Nh\u1eadp Kh\u1ea9u<\/h3>\n<ul>\n<li>9 m\u1ee9c \u0111i\u1ec1u ch\u1ec9nh nhi\u1ec7t \u0111\u1ed9 tr\u00ean m\u1ed7i v\u00f9ng n\u1ea5u<\/li>\n<li>K\u00edch th\u01b0\u1edbc b\u1ec1 m\u1eb7t: 770 x 450mm<\/li>\n<li>V\u00f9ng n\u1ea5u: 2 t\u1eeb, 1 \u0111i\u1ec7n<\/li>\n<li>T\u1ed5ng c\u00f4ng su\u1ea5t t\u1ed1i \u0111a: 6.4KW<\/li>\n<\/ul>\n<p>&nbsp;<\/p>\n","protected":false},"featured_media":16942,"comment_status":"open","ping_status":"closed","template":"","meta":[],"product_brand":[],"product_cat":[1748,798,745,803,712,796,799,80,801,802,832,72],"product_tag":[81,115,82,74],"class_list":{"0":"post-391","1":"product","2":"type-product","3":"status-publish","4":"has-post-thumbnail","6":"product_cat-bep-dien-tu-ket-hop-dmestik","7":"product_cat-bep-2-tu-1-dien","8":"product_cat-bep-dien-tu","9":"product_cat-bep-dien-tu-3-vung-nau","10":"product_cat-bep-dien-tu-dmestik","11":"product_cat-bep-dien-tu-doi","12":"product_cat-bep-dien-tu-hinh-chu-nhat","13":"product_cat-bep-dien-tu-ket-hop","14":"product_cat-bep-dien-tu-khong-ken-noi","15":"product_cat-bep-dien-tu-mat-kinh-schott-ceran","16":"product_cat-bep-dien-tu-tay-ban-nha","17":"product_cat-thuong-hieu-dmestik","18":"product_tag-bep-dien-tu","19":"product_tag-bep-dien-tu-am","20":"product_tag-bep-dien-tu-dmestik","21":"product_tag-dmestik","23":"first","24":"instock","25":"sale","26":"shipping-taxable","27":"purchasable","28":"product-type-simple"},"_links":{"self":[{"href":"https:\/\/livinghome.vn\/thiet-bi\/wp-json\/wp\/v2\/product\/391","targetHints":{"allow":["GET"]}}],"collection":[{"href":"https:\/\/livinghome.vn\/thiet-bi\/wp-json\/wp\/v2\/product"}],"about":[{"href":"https:\/\/livinghome.vn\/thiet-bi\/wp-json\/wp\/v2\/types\/product"}],"replies":[{"embeddable":true,"href":"https:\/\/livinghome.vn\/thiet-bi\/wp-json\/wp\/v2\/comments?post=391"}],"wp:featuredmedia":[{"embeddable":true,"href":"https:\/\/livinghome.vn\/thiet-bi\/wp-json\/wp\/v2\/media\/16942"}],"wp:attachment":[{"href":"https:\/\/livinghome.vn\/thiet-bi\/wp-json\/wp\/v2\/media?parent=391"}],"wp:term":[{"taxonomy":"product_brand","embeddable":true,"href":"https:\/\/livinghome.vn\/thiet-bi\/wp-json\/wp\/v2\/product_brand?post=391"},{"taxonomy":"product_cat","embeddable":true,"href":"https:\/\/livinghome.vn\/thiet-bi\/wp-json\/wp\/v2\/product_cat?post=391"},{"taxonomy":"product_tag","embeddable":true,"href":"https:\/\/livinghome.vn\/thiet-bi\/wp-json\/wp\/v2\/product_tag?post=391"}],"curies":[{"name":"wp","href":"https:\/\/api.w.org\/{rel}","templated":true}]}}