{"id":3805,"date":"2023-01-12T18:25:51","date_gmt":"2023-01-12T18:25:51","guid":{"rendered":"https:\/\/livinghome.vn\/thiet-bi\/?post_type=product&#038;p=3805"},"modified":"2024-11-29T14:20:15","modified_gmt":"2024-11-29T07:20:15","slug":"voi-sen-tam-cleansui-es301-khu-clo-nhap-khau-nhat","status":"publish","type":"product","link":"https:\/\/livinghome.vn\/thiet-bi\/voi-sen-tam-cleansui-es301-khu-clo-nhap-khau-nhat\/","title":{"rendered":"V\u00f2i sen t\u1eafm Cleansui ES301 kh\u1eed clo nh\u1eadp kh\u1ea9u Nh\u1eadt"},"content":{"rendered":"<h2>V\u00f2i sen t\u1eafm Cleansui ES301 kh\u1eed Clo<\/h2>\n<h3>T\u00e1c h\u1ea1i c\u1ee7a c\u1ee7a Clo \u0111\u1ebfn da v\u00e0 t\u00f3c<\/h3>\n<figure id=\"attachment_67565\" aria-describedby=\"caption-attachment-67565\" style=\"width: 1067px\" class=\"wp-caption alignnone\"><img loading=\"lazy\" decoding=\"async\" class=\"wp-image-67565 size-large\" src=\"https:\/\/livinghome.vn\/thiet-bi\/wp-content\/uploads\/loc-nuoc\/cleansui\/voi-sen-tam-cleansui\/voi-sen-tam-cleansui-es301\/voi-sen-tam-cleansui-es301-2-1067x800.jpg\" alt=\"V\u00f2i sen t\u1eafm Cleansui ES301 kh\u1eed clo nh\u1eadp kh\u1ea9u Nh\u1eadt\" width=\"1067\" height=\"800\" title=\"\"><figcaption id=\"caption-attachment-67565\" class=\"wp-caption-text\">V\u00f2i sen t\u1eafm Cleansui ES301 kh\u1eed clo nh\u1eadp kh\u1ea9u Nh\u1eadt &#8211; T\u00e1c h\u1ea1i Clo \u0111\u1ed1i v\u1edbi da ng\u01b0\u1eddi<\/figcaption><\/figure>\n<h3>\u01afu \u0111i\u1ec3m n\u1ed5i b\u1eadt<\/h3>\n<figure id=\"attachment_67564\" aria-describedby=\"caption-attachment-67564\" style=\"width: 1067px\" class=\"wp-caption alignnone\"><img loading=\"lazy\" decoding=\"async\" class=\"wp-image-67564 size-large\" src=\"https:\/\/livinghome.vn\/thiet-bi\/wp-content\/uploads\/loc-nuoc\/cleansui\/voi-sen-tam-cleansui\/voi-sen-tam-cleansui-es301\/voi-sen-tam-cleansui-es301-3-1067x800.jpg\" alt=\"V\u00f2i sen t\u1eafm Cleansui ES301 kh\u1eed clo nh\u1eadp kh\u1ea9u Nh\u1eadt\" width=\"1067\" height=\"800\" title=\"\"><figcaption id=\"caption-attachment-67564\" class=\"wp-caption-text\">V\u00f2i sen t\u1eafm Cleansui ES301 kh\u1eed clo nh\u1eadp kh\u1ea9u Nh\u1eadt &#8211; \u01afu \u0111i\u1ec3m n\u1ed5i b\u1eadt<\/figcaption><\/figure>\n<h3>C\u00f4ng ngh\u1ec7 l\u1ecdc<\/h3>\n<figure id=\"attachment_67563\" aria-describedby=\"caption-attachment-67563\" style=\"width: 533px\" class=\"wp-caption alignnone\"><img loading=\"lazy\" decoding=\"async\" class=\"size-medium wp-image-67563\" src=\"https:\/\/livinghome.vn\/thiet-bi\/wp-content\/uploads\/loc-nuoc\/cleansui\/voi-sen-tam-cleansui\/voi-sen-tam-cleansui-es301\/voi-sen-tam-cleansui-es301-4-533x400.jpg\" alt=\"V\u00f2i sen t\u1eafm Cleansui ES301 kh\u1eed clo nh\u1eadp kh\u1ea9u Nh\u1eadt\" width=\"533\" height=\"400\" title=\"\"><figcaption id=\"caption-attachment-67563\" class=\"wp-caption-text\">V\u00f2i sen t\u1eafm Cleansui ES301 kh\u1eed clo nh\u1eadp kh\u1ea9u Nh\u1eadt<\/figcaption><\/figure>\n<h3>Chi ph\u00ed<\/h3>\n<figure id=\"attachment_67560\" aria-describedby=\"caption-attachment-67560\" style=\"width: 1067px\" class=\"wp-caption alignnone\"><img loading=\"lazy\" decoding=\"async\" class=\"wp-image-67560 size-large\" src=\"https:\/\/livinghome.vn\/thiet-bi\/wp-content\/uploads\/loc-nuoc\/cleansui\/voi-sen-tam-cleansui\/voi-sen-tam-cleansui-es301\/voi-sen-tam-cleansui-es301-7-1067x800.jpg\" alt=\"V\u00f2i sen t\u1eafm Cleansui ES301 kh\u1eed clo nh\u1eadp kh\u1ea9u Nh\u1eadt\" width=\"1067\" height=\"800\" title=\"\"><figcaption id=\"caption-attachment-67560\" class=\"wp-caption-text\">V\u00f2i sen t\u1eafm Cleansui ES301 kh\u1eed clo nh\u1eadp kh\u1ea9u Nh\u1eadt &#8211; Chi ph\u00ed<\/figcaption><\/figure>\n<h3>Th\u00f4ng s\u1ed1 k\u1ef9 thu\u1eadt<\/h3>\n<figure id=\"attachment_67559\" aria-describedby=\"caption-attachment-67559\" style=\"width: 1067px\" class=\"wp-caption alignnone\"><img loading=\"lazy\" decoding=\"async\" class=\"wp-image-67559 size-large\" src=\"https:\/\/livinghome.vn\/thiet-bi\/wp-content\/uploads\/loc-nuoc\/cleansui\/voi-sen-tam-cleansui\/voi-sen-tam-cleansui-es301\/voi-sen-tam-cleansui-es301-8-1067x800.jpg\" alt=\"V\u00f2i sen t\u1eafm Cleansui ES301 kh\u1eed clo nh\u1eadp kh\u1ea9u Nh\u1eadt\" width=\"1067\" height=\"800\" title=\"\"><figcaption id=\"caption-attachment-67559\" class=\"wp-caption-text\">V\u00f2i sen t\u1eafm Cleansui ES301 kh\u1eed clo nh\u1eadp kh\u1ea9u Nh\u1eadt &#8211; Th\u00f4ng s\u1ed1 k\u1ef9 thu\u1eadt<\/figcaption><\/figure>\n<h3>H\u01b0\u1edbng d\u1eabn s\u1eed d\u1ee5ng<\/h3>\n<figure id=\"attachment_67561\" aria-describedby=\"caption-attachment-67561\" style=\"width: 1067px\" class=\"wp-caption alignnone\"><img loading=\"lazy\" decoding=\"async\" class=\"wp-image-67561 size-large\" src=\"https:\/\/livinghome.vn\/thiet-bi\/wp-content\/uploads\/loc-nuoc\/cleansui\/voi-sen-tam-cleansui\/voi-sen-tam-cleansui-es301\/voi-sen-tam-cleansui-es301-6-1067x800.jpg\" alt=\"V\u00f2i sen t\u1eafm Cleansui ES301 kh\u1eed clo nh\u1eadp kh\u1ea9u Nh\u1eadt\" width=\"1067\" height=\"800\" title=\"\"><figcaption id=\"caption-attachment-67561\" class=\"wp-caption-text\">V\u00f2i sen t\u1eafm Cleansui ES301 kh\u1eed clo nh\u1eadp kh\u1ea9u Nh\u1eadt &#8211; H\u01b0\u1edbng d\u1eabn s\u1eed d\u1ee5ng<\/figcaption><\/figure>\n","protected":false},"excerpt":{"rendered":"<p>N\u01b0\u1edbc s\u1ea1ch v\u00e0 an to\u00e0n, kh\u00f4ng c\u00f2n Clo d\u01b0<\/p>\n<p><i class=\"icon icon-linh-hoat-che-do-nuoc\"><\/i>Thi\u1ebft k\u1ebf 296 l\u1ed7 c\u1ef1c nh\u1ecf cho d\u00f2ng n\u01b0\u1edbc m\u1ec1m m\u1ecbn<\/p>\n<p><i class=\"icon icon-thiet-ke\"><\/i>Th\u00edch h\u1ee3p cho l\u00e0n da nh\u1ea1y c\u1ea3m<\/p>\n<p><i class=\"icon icon-chung-nhan\"><\/i>Gi\u1ea3m c\u00e1c tri\u1ec7u ch\u1ee9ng t\u00f3c kh\u00f4 v\u00e0 g\u00e3y r\u1ee5ng<\/p>\n<p><i class=\"icon icon-chung-nhan\"><\/i>\u0110\u01b0\u1ee3c khuy\u00ean d\u00f9ng b\u1edfi Vi\u1ec7n Da li\u1ec5u Nh\u1eadt B\u1ea3n<\/p>\n","protected":false},"featured_media":3976,"comment_status":"open","ping_status":"closed","template":"","meta":[],"product_brand":[],"product_cat":[440,441],"product_tag":[443,404,446],"class_list":{"0":"post-3805","1":"product","2":"type-product","3":"status-publish","4":"has-post-thumbnail","6":"product_cat-may-loc-nuoc-cleansui","7":"product_cat-thuong-hieu-cleansui","8":"product_tag-cleansui","9":"product_tag-may-loc-nuoc","10":"product_tag-may-loc-nuoc-cleansui","12":"first","13":"instock","14":"shipping-taxable","15":"purchasable","16":"product-type-simple"},"_links":{"self":[{"href":"https:\/\/livinghome.vn\/thiet-bi\/wp-json\/wp\/v2\/product\/3805","targetHints":{"allow":["GET"]}}],"collection":[{"href":"https:\/\/livinghome.vn\/thiet-bi\/wp-json\/wp\/v2\/product"}],"about":[{"href":"https:\/\/livinghome.vn\/thiet-bi\/wp-json\/wp\/v2\/types\/product"}],"replies":[{"embeddable":true,"href":"https:\/\/livinghome.vn\/thiet-bi\/wp-json\/wp\/v2\/comments?post=3805"}],"wp:featuredmedia":[{"embeddable":true,"href":"https:\/\/livinghome.vn\/thiet-bi\/wp-json\/wp\/v2\/media\/3976"}],"wp:attachment":[{"href":"https:\/\/livinghome.vn\/thiet-bi\/wp-json\/wp\/v2\/media?parent=3805"}],"wp:term":[{"taxonomy":"product_brand","embeddable":true,"href":"https:\/\/livinghome.vn\/thiet-bi\/wp-json\/wp\/v2\/product_brand?post=3805"},{"taxonomy":"product_cat","embeddable":true,"href":"https:\/\/livinghome.vn\/thiet-bi\/wp-json\/wp\/v2\/product_cat?post=3805"},{"taxonomy":"product_tag","embeddable":true,"href":"https:\/\/livinghome.vn\/thiet-bi\/wp-json\/wp\/v2\/product_tag?post=3805"}],"curies":[{"name":"wp","href":"https:\/\/api.w.org\/{rel}","templated":true}]}}