{"id":3804,"date":"2023-01-12T18:25:51","date_gmt":"2023-01-12T18:25:51","guid":{"rendered":"https:\/\/livinghome.vn\/thiet-bi\/?post_type=product&#038;p=3804"},"modified":"2024-11-29T14:20:15","modified_gmt":"2024-11-29T07:20:15","slug":"voi-sen-tam-cleansui-es201w-khu-clo-nhap-khau-nhat","status":"publish","type":"product","link":"https:\/\/livinghome.vn\/thiet-bi\/voi-sen-tam-cleansui-es201w-khu-clo-nhap-khau-nhat\/","title":{"rendered":"V\u00f2i sen t\u1eafm Cleansui ES201W kh\u1eed clo nh\u1eadp kh\u1ea9u Nh\u1eadt"},"content":{"rendered":"<h2>V\u00f2i sen t\u1eafm Cleansui ES201W<\/h2>\n<h3>T\u00e1c h\u1ea1i c\u1ee7a Clo \u0111\u1ebfn da v\u00e0 t\u00f3c<\/h3>\n<figure id=\"attachment_67551\" aria-describedby=\"caption-attachment-67551\" style=\"width: 1067px\" class=\"wp-caption alignnone\"><img loading=\"lazy\" decoding=\"async\" class=\"wp-image-67551 size-large\" src=\"https:\/\/livinghome.vn\/thiet-bi\/wp-content\/uploads\/loc-nuoc\/cleansui\/voi-sen-tam-cleansui\/voi-sen-tam-cleansui-es201w\/voi-sen-tam-cleansui-es201w-7-1067x800.jpg\" alt=\"V\u00f2i sen t\u1eafm Cleansui ES201W kh\u1eed clo nh\u1eadp kh\u1ea9u Nh\u1eadt\" width=\"1067\" height=\"800\" title=\"\"><figcaption id=\"caption-attachment-67551\" class=\"wp-caption-text\">V\u00f2i sen t\u1eafm Cleansui ES201W kh\u1eed clo nh\u1eadp kh\u1ea9u Nh\u1eadt &#8211; T\u00e1c h\u1ea1i c\u1ee7a Clo \u0111\u1ebfn da ng\u01b0\u1eddi<\/figcaption><\/figure>\n<h3>C\u00f4ng ngh\u1ec7 l\u1ecdc<\/h3>\n<figure id=\"attachment_67556\" aria-describedby=\"caption-attachment-67556\" style=\"width: 1067px\" class=\"wp-caption alignnone\"><img loading=\"lazy\" decoding=\"async\" class=\"wp-image-67556 size-large\" src=\"https:\/\/livinghome.vn\/thiet-bi\/wp-content\/uploads\/loc-nuoc\/cleansui\/voi-sen-tam-cleansui\/voi-sen-tam-cleansui-es201w\/voi-sen-tam-cleansui-es201w-2-1067x800.jpg\" alt=\"V\u00f2i sen t\u1eafm Cleansui ES201W kh\u1eed clo nh\u1eadp kh\u1ea9u Nh\u1eadt\" width=\"1067\" height=\"800\" title=\"\"><figcaption id=\"caption-attachment-67556\" class=\"wp-caption-text\">V\u00f2i sen t\u1eafm Cleansui ES201W kh\u1eed clo nh\u1eadp kh\u1ea9u Nh\u1eadt &#8211; C\u00f4ng ngh\u1ec7 l\u1ecdc<\/figcaption><\/figure>\n<h3>Chi ph\u00ed<\/h3>\n<figure id=\"attachment_67553\" aria-describedby=\"caption-attachment-67553\" style=\"width: 1067px\" class=\"wp-caption alignnone\"><img loading=\"lazy\" decoding=\"async\" class=\"wp-image-67553 size-large\" src=\"https:\/\/livinghome.vn\/thiet-bi\/wp-content\/uploads\/loc-nuoc\/cleansui\/voi-sen-tam-cleansui\/voi-sen-tam-cleansui-es201w\/voi-sen-tam-cleansui-es201w-5-1067x800.jpg\" alt=\"V\u00f2i sen t\u1eafm Cleansui ES201W kh\u1eed clo nh\u1eadp kh\u1ea9u Nh\u1eadt\" width=\"1067\" height=\"800\" title=\"\"><figcaption id=\"caption-attachment-67553\" class=\"wp-caption-text\">V\u00f2i sen t\u1eafm Cleansui ES201W kh\u1eed clo nh\u1eadp kh\u1ea9u Nh\u1eadt<\/figcaption><\/figure>\n<h3>Th\u00f4ng s\u1ed1 k\u1ef9 thu\u1eadt<\/h3>\n<figure id=\"attachment_67557\" aria-describedby=\"caption-attachment-67557\" style=\"width: 1067px\" class=\"wp-caption alignnone\"><img loading=\"lazy\" decoding=\"async\" class=\"wp-image-67557 size-large\" src=\"https:\/\/livinghome.vn\/thiet-bi\/wp-content\/uploads\/loc-nuoc\/cleansui\/voi-sen-tam-cleansui\/voi-sen-tam-cleansui-es201w\/voi-sen-tam-cleansui-es201w-1-1067x800.jpg\" alt=\"V\u00f2i sen t\u1eafm Cleansui ES201W kh\u1eed clo nh\u1eadp kh\u1ea9u Nh\u1eadt\" width=\"1067\" height=\"800\" title=\"\"><figcaption id=\"caption-attachment-67557\" class=\"wp-caption-text\">V\u00f2i sen t\u1eafm Cleansui ES201W kh\u1eed clo nh\u1eadp kh\u1ea9u Nh\u1eadt &#8211; Th\u00f4ng s\u1ed1 k\u1ef9 thu\u1eadt<\/figcaption><\/figure>\n<p>&nbsp;<\/p>\n<p>&nbsp;<\/p>\n","protected":false},"excerpt":{"rendered":"<p>N\u01b0\u1edbc s\u1ea1ch v\u00e0 an to\u00e0n, kh\u00f4ng c\u00f2n Clo d\u01b0<\/p>\n<p><i class=\"icon icon-linh-hoat-che-do-nuoc\"><\/i>Linh ho\u1ea1t chuy\u1ec3n \u0111\u1ed5i ch\u1ebf \u0111\u1ed9 n\u01b0\u1edbc l\u1ecdc &#8211; n\u01b0\u1edbc m\u00e1y<\/p>\n<p><i class=\"icon icon-thiet-ke\"><\/i>Th\u00edch h\u1ee3p cho l\u00e0n da nh\u1ea1y c\u1ea3m<\/p>\n<p><i class=\"icon icon-chung-nhan\"><\/i>Gi\u1ea3m c\u00e1c tri\u1ec7u ch\u1ee9ng t\u00f3c kh\u00f4 v\u00e0 g\u00e3y r\u1ee5ng<\/p>\n<p><i class=\"icon icon-chung-nhan\"><\/i>\u0110\u01b0\u1ee3c khuy\u00ean d\u00f9ng b\u1edfi Vi\u1ec7n Da li\u1ec5u Nh\u1eadt B\u1ea3n<\/p>\n","protected":false},"featured_media":3969,"comment_status":"open","ping_status":"closed","template":"","meta":[],"product_brand":[],"product_cat":[440,441],"product_tag":[443,404,446],"class_list":{"0":"post-3804","1":"product","2":"type-product","3":"status-publish","4":"has-post-thumbnail","6":"product_cat-may-loc-nuoc-cleansui","7":"product_cat-thuong-hieu-cleansui","8":"product_tag-cleansui","9":"product_tag-may-loc-nuoc","10":"product_tag-may-loc-nuoc-cleansui","12":"first","13":"instock","14":"shipping-taxable","15":"purchasable","16":"product-type-simple"},"_links":{"self":[{"href":"https:\/\/livinghome.vn\/thiet-bi\/wp-json\/wp\/v2\/product\/3804","targetHints":{"allow":["GET"]}}],"collection":[{"href":"https:\/\/livinghome.vn\/thiet-bi\/wp-json\/wp\/v2\/product"}],"about":[{"href":"https:\/\/livinghome.vn\/thiet-bi\/wp-json\/wp\/v2\/types\/product"}],"replies":[{"embeddable":true,"href":"https:\/\/livinghome.vn\/thiet-bi\/wp-json\/wp\/v2\/comments?post=3804"}],"wp:featuredmedia":[{"embeddable":true,"href":"https:\/\/livinghome.vn\/thiet-bi\/wp-json\/wp\/v2\/media\/3969"}],"wp:attachment":[{"href":"https:\/\/livinghome.vn\/thiet-bi\/wp-json\/wp\/v2\/media?parent=3804"}],"wp:term":[{"taxonomy":"product_brand","embeddable":true,"href":"https:\/\/livinghome.vn\/thiet-bi\/wp-json\/wp\/v2\/product_brand?post=3804"},{"taxonomy":"product_cat","embeddable":true,"href":"https:\/\/livinghome.vn\/thiet-bi\/wp-json\/wp\/v2\/product_cat?post=3804"},{"taxonomy":"product_tag","embeddable":true,"href":"https:\/\/livinghome.vn\/thiet-bi\/wp-json\/wp\/v2\/product_tag?post=3804"}],"curies":[{"name":"wp","href":"https:\/\/api.w.org\/{rel}","templated":true}]}}