{"id":3802,"date":"2023-01-12T18:25:51","date_gmt":"2023-01-12T18:25:51","guid":{"rendered":"https:\/\/livinghome.vn\/thiet-bi\/?post_type=product&#038;p=3802"},"modified":"2024-11-29T14:20:15","modified_gmt":"2024-11-29T07:20:15","slug":"may-loc-nuoc-tich-hop-cleansui-eu202-duoi-bon-rua-nhap-khau-nhat","status":"publish","type":"product","link":"https:\/\/livinghome.vn\/thiet-bi\/may-loc-nuoc-tich-hop-cleansui-eu202-duoi-bon-rua-nhap-khau-nhat\/","title":{"rendered":"M\u00e1y l\u1ecdc n\u01b0\u1edbc t\u00edch h\u1ee3p Cleansui EU202 d\u01b0\u1edbi b\u1ed3n r\u1eeda nh\u1eadp kh\u1ea9u Nh\u1eadt"},"content":{"rendered":"<h2>M\u00e1y l\u1ecdc n\u01b0\u1edbc t\u00edch h\u1ee3p Cleansui EU202<\/h2>\n<h3>C\u00f4ng ngh\u1ec7 l\u1ecdc<\/h3>\n<figure id=\"attachment_67537\" aria-describedby=\"caption-attachment-67537\" style=\"width: 800px\" class=\"wp-caption alignnone\"><img loading=\"lazy\" decoding=\"async\" class=\"wp-image-67537 size-large\" src=\"https:\/\/livinghome.vn\/thiet-bi\/wp-content\/uploads\/loc-nuoc\/cleansui\/may-loc-nuoc-tich-hop-duoi-bon-rua-cleansui\/may-loc-nuoc-tich-hop-duoi-bon-rua-cleansui-eu202\/may-loc-nuoc-tich-hop-duoi-bon-rua-cleansui-eu202-6-800x800.jpg\" alt=\"M\u00e1y l\u1ecdc n\u01b0\u1edbc t\u00edch h\u1ee3p Cleansui EU202 d\u01b0\u1edbi b\u1ed3n r\u1eeda nh\u1eadp kh\u1ea9u Nh\u1eadt\" width=\"800\" height=\"800\" title=\"\"><figcaption id=\"caption-attachment-67537\" class=\"wp-caption-text\">M\u00e1y l\u1ecdc n\u01b0\u1edbc t\u00edch h\u1ee3p Cleansui EU202 d\u01b0\u1edbi b\u1ed3n r\u1eeda nh\u1eadp kh\u1ea9u Nh\u1eadt &#8211; C\u00f4ng ngh\u1ec7 l\u1ecdc<\/figcaption><\/figure>\n<h3>\u0110\u1eb7c \u0111i\u1ec3m n\u1ed5i b\u1eadt<\/h3>\n<figure id=\"attachment_67534\" aria-describedby=\"caption-attachment-67534\" style=\"width: 800px\" class=\"wp-caption alignnone\"><img loading=\"lazy\" decoding=\"async\" class=\"wp-image-67534 size-large\" src=\"https:\/\/livinghome.vn\/thiet-bi\/wp-content\/uploads\/loc-nuoc\/cleansui\/may-loc-nuoc-tich-hop-duoi-bon-rua-cleansui\/may-loc-nuoc-tich-hop-duoi-bon-rua-cleansui-eu202\/may-loc-nuoc-tich-hop-duoi-bon-rua-cleansui-eu202-9-800x800.jpg\" alt=\"M\u00e1y l\u1ecdc n\u01b0\u1edbc t\u00edch h\u1ee3p Cleansui EU202 d\u01b0\u1edbi b\u1ed3n r\u1eeda nh\u1eadp kh\u1ea9u Nh\u1eadt\" width=\"800\" height=\"800\" title=\"\"><figcaption id=\"caption-attachment-67534\" class=\"wp-caption-text\">M\u00e1y l\u1ecdc n\u01b0\u1edbc t\u00edch h\u1ee3p Cleansui EU202 d\u01b0\u1edbi b\u1ed3n r\u1eeda nh\u1eadp kh\u1ea9u Nh\u1eadt &#8211; \u0110\u1eb7c \u0111i\u1ec3m n\u1ed5i b\u1eadt<\/figcaption><\/figure>\n<h3>Th\u00f4ng s\u1ed1 k\u1ef9 thu\u1eadt<\/h3>\n<figure id=\"attachment_67535\" aria-describedby=\"caption-attachment-67535\" style=\"width: 800px\" class=\"wp-caption alignnone\"><img loading=\"lazy\" decoding=\"async\" class=\"wp-image-67535 size-large\" src=\"https:\/\/livinghome.vn\/thiet-bi\/wp-content\/uploads\/loc-nuoc\/cleansui\/may-loc-nuoc-tich-hop-duoi-bon-rua-cleansui\/may-loc-nuoc-tich-hop-duoi-bon-rua-cleansui-eu202\/may-loc-nuoc-tich-hop-duoi-bon-rua-cleansui-eu202-8-800x800.jpg\" alt=\"M\u00e1y l\u1ecdc n\u01b0\u1edbc t\u00edch h\u1ee3p Cleansui EU202 d\u01b0\u1edbi b\u1ed3n r\u1eeda nh\u1eadp kh\u1ea9u Nh\u1eadt\" width=\"800\" height=\"800\" title=\"\"><figcaption id=\"caption-attachment-67535\" class=\"wp-caption-text\">M\u00e1y l\u1ecdc n\u01b0\u1edbc t\u00edch h\u1ee3p Cleansui EU202 d\u01b0\u1edbi b\u1ed3n r\u1eeda nh\u1eadp kh\u1ea9u Nh\u1eadt &#8211; Th\u00f4ng s\u1ed1 k\u1ef9 thu\u1eadt<\/figcaption><\/figure>\n<figure id=\"attachment_67541\" aria-describedby=\"caption-attachment-67541\" style=\"width: 800px\" class=\"wp-caption alignnone\"><img loading=\"lazy\" decoding=\"async\" class=\"wp-image-67541 size-large\" src=\"https:\/\/livinghome.vn\/thiet-bi\/wp-content\/uploads\/loc-nuoc\/cleansui\/may-loc-nuoc-tich-hop-duoi-bon-rua-cleansui\/may-loc-nuoc-tich-hop-duoi-bon-rua-cleansui-eu202\/may-loc-nuoc-tich-hop-duoi-bon-rua-cleansui-eu202-2-800x800.jpg\" alt=\"M\u00e1y l\u1ecdc n\u01b0\u1edbc t\u00edch h\u1ee3p Cleansui EU202 d\u01b0\u1edbi b\u1ed3n r\u1eeda nh\u1eadp kh\u1ea9u Nh\u1eadt\" width=\"800\" height=\"800\" title=\"\"><figcaption id=\"caption-attachment-67541\" class=\"wp-caption-text\">M\u00e1y l\u1ecdc n\u01b0\u1edbc t\u00edch h\u1ee3p Cleansui EU202 d\u01b0\u1edbi b\u1ed3n r\u1eeda nh\u1eadp kh\u1ea9u Nh\u1eadt &#8211; Th\u00f4ng s\u1ed1 k\u1ef9 thu\u1eadt<\/figcaption><\/figure>\n<h3>H\u01b0\u1edbng d\u1eabn s\u1eed d\u1ee5ng<\/h3>\n<figure id=\"attachment_67539\" aria-describedby=\"caption-attachment-67539\" style=\"width: 1067px\" class=\"wp-caption alignnone\"><img loading=\"lazy\" decoding=\"async\" class=\"wp-image-67539 size-large\" src=\"https:\/\/livinghome.vn\/thiet-bi\/wp-content\/uploads\/loc-nuoc\/cleansui\/may-loc-nuoc-tich-hop-duoi-bon-rua-cleansui\/may-loc-nuoc-tich-hop-duoi-bon-rua-cleansui-eu202\/may-loc-nuoc-tich-hop-duoi-bon-rua-cleansui-eu202-4-1067x800.jpg\" alt=\"M\u00e1y l\u1ecdc n\u01b0\u1edbc t\u00edch h\u1ee3p Cleansui EU202 d\u01b0\u1edbi b\u1ed3n r\u1eeda nh\u1eadp kh\u1ea9u Nh\u1eadt\" width=\"1067\" height=\"800\" title=\"\"><figcaption id=\"caption-attachment-67539\" class=\"wp-caption-text\">M\u00e1y l\u1ecdc n\u01b0\u1edbc t\u00edch h\u1ee3p Cleansui EU202 d\u01b0\u1edbi b\u1ed3n r\u1eeda nh\u1eadp kh\u1ea9u Nh\u1eadt &#8211; H\u01b0\u1edbng d\u1eabn s\u1eed d\u1ee5ng<\/figcaption><\/figure>\n","protected":false},"excerpt":{"rendered":"<p>N\u01b0\u1edbc u\u1ed1ng c\u00f3 kho\u00e1ng ch\u1ea5t t\u1ef1 nhi\u00ean<\/p>\n<p>T\u00edch h\u1ee3p 3 ch\u1ebf \u0111\u1ed9 n\u01b0\u1edbc trong c\u00f9ng m\u1ed9t v\u00f2i: n\u01b0\u1edbc u\u1ed1ng &#8211; n\u01b0\u1edbc m\u00e1y n\u00f3ng\/ l\u1ea1nh<\/p>\n<p>Kh\u00f4ng d\u00f9ng \u0111i\u1ec7n, kh\u00f4ng n\u01b0\u1edbc th\u1ea3i<\/p>\n<p>Thi\u1ebft k\u1ebf th\u1ea9m m\u1ef9, t\u1ed1i \u01b0u kh\u00f4ng gian s\u1eed d\u1ee5ng<\/p>\n","protected":false},"featured_media":3952,"comment_status":"open","ping_status":"closed","template":"","meta":[],"product_brand":[],"product_cat":[440,441],"product_tag":[443,404,446],"class_list":{"0":"post-3802","1":"product","2":"type-product","3":"status-publish","4":"has-post-thumbnail","6":"product_cat-may-loc-nuoc-cleansui","7":"product_cat-thuong-hieu-cleansui","8":"product_tag-cleansui","9":"product_tag-may-loc-nuoc","10":"product_tag-may-loc-nuoc-cleansui","12":"first","13":"instock","14":"shipping-taxable","15":"purchasable","16":"product-type-simple"},"_links":{"self":[{"href":"https:\/\/livinghome.vn\/thiet-bi\/wp-json\/wp\/v2\/product\/3802","targetHints":{"allow":["GET"]}}],"collection":[{"href":"https:\/\/livinghome.vn\/thiet-bi\/wp-json\/wp\/v2\/product"}],"about":[{"href":"https:\/\/livinghome.vn\/thiet-bi\/wp-json\/wp\/v2\/types\/product"}],"replies":[{"embeddable":true,"href":"https:\/\/livinghome.vn\/thiet-bi\/wp-json\/wp\/v2\/comments?post=3802"}],"wp:featuredmedia":[{"embeddable":true,"href":"https:\/\/livinghome.vn\/thiet-bi\/wp-json\/wp\/v2\/media\/3952"}],"wp:attachment":[{"href":"https:\/\/livinghome.vn\/thiet-bi\/wp-json\/wp\/v2\/media?parent=3802"}],"wp:term":[{"taxonomy":"product_brand","embeddable":true,"href":"https:\/\/livinghome.vn\/thiet-bi\/wp-json\/wp\/v2\/product_brand?post=3802"},{"taxonomy":"product_cat","embeddable":true,"href":"https:\/\/livinghome.vn\/thiet-bi\/wp-json\/wp\/v2\/product_cat?post=3802"},{"taxonomy":"product_tag","embeddable":true,"href":"https:\/\/livinghome.vn\/thiet-bi\/wp-json\/wp\/v2\/product_tag?post=3802"}],"curies":[{"name":"wp","href":"https:\/\/api.w.org\/{rel}","templated":true}]}}