{"id":3799,"date":"2023-01-12T18:25:50","date_gmt":"2023-01-12T18:25:50","guid":{"rendered":"https:\/\/livinghome.vn\/thiet-bi\/?post_type=product&#038;p=3799"},"modified":"2024-11-29T14:20:15","modified_gmt":"2024-11-29T07:20:15","slug":"may-loc-nuoc-lap-tai-voi-cleansui-ef401-nhap-khau-nhat","status":"publish","type":"product","link":"https:\/\/livinghome.vn\/thiet-bi\/may-loc-nuoc-lap-tai-voi-cleansui-ef401-nhap-khau-nhat\/","title":{"rendered":"M\u00e1y l\u1ecdc n\u01b0\u1edbc l\u1eafp t\u1ea1i v\u00f2i Cleansui EF401 nh\u1eadp kh\u1ea9u Nh\u1eadt"},"content":{"rendered":"<h2>M\u00e1y l\u1ecdc n\u01b0\u1edbc l\u1eafp t\u1ea1i v\u00f2i Cleansui EF401<\/h2>\n<h3>\u0110\u1eb7c \u0111i\u1ec3m n\u1ed5i b\u1eadt M\u00e1y l\u1ecdc n\u01b0\u1edbc l\u1eafp t\u1ea1i v\u00f2i Cleansui EF401<\/h3>\n<figure id=\"attachment_67495\" aria-describedby=\"caption-attachment-67495\" style=\"width: 1067px\" class=\"wp-caption alignnone\"><img loading=\"lazy\" decoding=\"async\" class=\"wp-image-67495 size-large\" src=\"https:\/\/livinghome.vn\/thiet-bi\/wp-content\/uploads\/loc-nuoc\/cleansui\/may-loc-nuoc-tai-voi-cleansui\/may-loc-nuoc-tai-voi-cleansui-ef401\/may-loc-nuoc-tai-voi-cleansui-ef401-6-1067x800.jpg\" alt=\"M\u00e1y l\u1ecdc n\u01b0\u1edbc l\u1eafp t\u1ea1i v\u00f2i Cleansui EF401 nh\u1eadp kh\u1ea9u Nh\u1eadt\" width=\"1067\" height=\"800\" title=\"\"><figcaption id=\"caption-attachment-67495\" class=\"wp-caption-text\">M\u00e1y l\u1ecdc n\u01b0\u1edbc l\u1eafp t\u1ea1i v\u00f2i Cleansui EF401 nh\u1eadp kh\u1ea9u Nh\u1eadt -\u0110\u1eb7c \u0111i\u1ec3m n\u1ed5i b\u1eadt<\/figcaption><\/figure>\n<h3>C\u00f4ng ngh\u1ec7 l\u1ecdc M\u00e1y l\u1ecdc n\u01b0\u1edbc l\u1eafp t\u1ea1i v\u00f2i Cleansui EF401<\/h3>\n<figure id=\"attachment_67500\" aria-describedby=\"caption-attachment-67500\" style=\"width: 1067px\" class=\"wp-caption alignnone\"><img loading=\"lazy\" decoding=\"async\" class=\"wp-image-67500 size-large\" src=\"https:\/\/livinghome.vn\/thiet-bi\/wp-content\/uploads\/loc-nuoc\/cleansui\/may-loc-nuoc-tai-voi-cleansui\/may-loc-nuoc-tai-voi-cleansui-ef401\/may-loc-nuoc-tai-voi-cleansui-ef401-1-1067x800.jpg\" alt=\"M\u00e1y l\u1ecdc n\u01b0\u1edbc l\u1eafp t\u1ea1i v\u00f2i Cleansui EF401 nh\u1eadp kh\u1ea9u Nh\u1eadt\" width=\"1067\" height=\"800\" title=\"\"><figcaption id=\"caption-attachment-67500\" class=\"wp-caption-text\">M\u00e1y l\u1ecdc n\u01b0\u1edbc l\u1eafp t\u1ea1i v\u00f2i Cleansui EF401 nh\u1eadp kh\u1ea9u Nh\u1eadt &#8211; C\u00f4ng ngh\u1ec7 l\u1ecdc<\/figcaption><\/figure>\n<h3>Th\u00f4ng s\u1ed1 k\u1ef9 thu\u1eadt M\u00e1y l\u1ecdc n\u01b0\u1edbc l\u1eafp t\u1ea1i v\u00f2i Cleansui EF401<\/h3>\n<figure id=\"attachment_67498\" aria-describedby=\"caption-attachment-67498\" style=\"width: 1067px\" class=\"wp-caption alignnone\"><img loading=\"lazy\" decoding=\"async\" class=\"wp-image-67498 size-large\" src=\"https:\/\/livinghome.vn\/thiet-bi\/wp-content\/uploads\/loc-nuoc\/cleansui\/may-loc-nuoc-tai-voi-cleansui\/may-loc-nuoc-tai-voi-cleansui-ef401\/may-loc-nuoc-tai-voi-cleansui-ef401-3-1067x800.jpg\" alt=\"M\u00e1y l\u1ecdc n\u01b0\u1edbc l\u1eafp t\u1ea1i v\u00f2i Cleansui EF401 nh\u1eadp kh\u1ea9u Nh\u1eadt\" width=\"1067\" height=\"800\" title=\"\"><figcaption id=\"caption-attachment-67498\" class=\"wp-caption-text\">M\u00e1y l\u1ecdc n\u01b0\u1edbc l\u1eafp t\u1ea1i v\u00f2i Cleansui EF401 nh\u1eadp kh\u1ea9u Nh\u1eadt &#8211; Th\u00f4ng s\u1ed1 k\u1ef9 thu\u1eadt<\/figcaption><\/figure>\n<figure id=\"attachment_67497\" aria-describedby=\"caption-attachment-67497\" style=\"width: 1067px\" class=\"wp-caption alignnone\"><img loading=\"lazy\" decoding=\"async\" class=\"wp-image-67497 size-large\" src=\"https:\/\/livinghome.vn\/thiet-bi\/wp-content\/uploads\/loc-nuoc\/cleansui\/may-loc-nuoc-tai-voi-cleansui\/may-loc-nuoc-tai-voi-cleansui-ef401\/may-loc-nuoc-tai-voi-cleansui-ef401-4-1067x800.jpg\" alt=\"M\u00e1y l\u1ecdc n\u01b0\u1edbc l\u1eafp t\u1ea1i v\u00f2i Cleansui EF401 nh\u1eadp kh\u1ea9u Nh\u1eadt\" width=\"1067\" height=\"800\" title=\"\"><figcaption id=\"caption-attachment-67497\" class=\"wp-caption-text\">M\u00e1y l\u1ecdc n\u01b0\u1edbc l\u1eafp t\u1ea1i v\u00f2i Cleansui EF401 nh\u1eadp kh\u1ea9u Nh\u1eadt &#8211; Th\u00f4ng s\u1ed1 k\u1ef9 thu\u1eadt<\/figcaption><\/figure>\n<h3>H\u01b0\u1edbng d\u1eabn s\u1eed d\u1ee5ng M\u00e1y l\u1ecdc n\u01b0\u1edbc l\u1eafp t\u1ea1i v\u00f2i Cleansui EF401<\/h3>\n<figure id=\"attachment_67496\" aria-describedby=\"caption-attachment-67496\" style=\"width: 1067px\" class=\"wp-caption alignnone\"><img loading=\"lazy\" decoding=\"async\" class=\"wp-image-67496 size-large\" src=\"https:\/\/livinghome.vn\/thiet-bi\/wp-content\/uploads\/loc-nuoc\/cleansui\/may-loc-nuoc-tai-voi-cleansui\/may-loc-nuoc-tai-voi-cleansui-ef401\/may-loc-nuoc-tai-voi-cleansui-ef401-5-1067x800.jpg\" alt=\"M\u00e1y l\u1ecdc n\u01b0\u1edbc l\u1eafp t\u1ea1i v\u00f2i Cleansui EF401 nh\u1eadp kh\u1ea9u Nh\u1eadt\" width=\"1067\" height=\"800\" title=\"\"><figcaption id=\"caption-attachment-67496\" class=\"wp-caption-text\">M\u00e1y l\u1ecdc n\u01b0\u1edbc l\u1eafp t\u1ea1i v\u00f2i Cleansui EF401 nh\u1eadp kh\u1ea9u Nh\u1eadt &#8211; H\u01b0\u1edbng d\u1eabn s\u1eed d\u1ee5ng<\/figcaption><\/figure>\n","protected":false},"excerpt":{"rendered":"<p>N\u01b0\u1edbc s\u1ea1ch v\u00e0 an to\u00e0n, kh\u00f4ng c\u00f2n t\u1ea1p ch\u1ea5t v\u00e0 vi khu\u1ea9n \u0111\u1ed9c h\u1ea1i<\/p>\n<p>Khuy\u00ean d\u00f9ng cho v\u1ec7 sinh c\u00e1 nh\u00e2n: \u0111\u00e1nh r\u0103ng, r\u1eeda m\u1eb7t,\u2026<\/p>\n<p>Linh ho\u1ea1t chuy\u1ec3n \u0111\u1ed5i ch\u1ebf \u0111\u1ed9 n\u01b0\u1edbc l\u1ecdc &#8211; n\u01b0\u1edbc m\u00e1y<\/p>\n<p>Kh\u00f4ng d\u00f9ng \u0111i\u1ec7n, kh\u00f4ng n\u01b0\u1edbc th\u1ea3i<\/p>\n<p>L\u1eafp tr\u1ef1c ti\u1ebfp t\u1ea1i v\u00f2i, thi\u1ebft k\u1ebf nh\u1ecf g\u1ecdn, t\u00ednh di \u0111\u1ed9ng cao<\/p>\n","protected":false},"featured_media":3934,"comment_status":"open","ping_status":"closed","template":"","meta":[],"product_brand":[],"product_cat":[440,441],"product_tag":[443,404,446],"class_list":{"0":"post-3799","1":"product","2":"type-product","3":"status-publish","4":"has-post-thumbnail","6":"product_cat-may-loc-nuoc-cleansui","7":"product_cat-thuong-hieu-cleansui","8":"product_tag-cleansui","9":"product_tag-may-loc-nuoc","10":"product_tag-may-loc-nuoc-cleansui","12":"first","13":"instock","14":"shipping-taxable","15":"purchasable","16":"product-type-simple"},"_links":{"self":[{"href":"https:\/\/livinghome.vn\/thiet-bi\/wp-json\/wp\/v2\/product\/3799","targetHints":{"allow":["GET"]}}],"collection":[{"href":"https:\/\/livinghome.vn\/thiet-bi\/wp-json\/wp\/v2\/product"}],"about":[{"href":"https:\/\/livinghome.vn\/thiet-bi\/wp-json\/wp\/v2\/types\/product"}],"replies":[{"embeddable":true,"href":"https:\/\/livinghome.vn\/thiet-bi\/wp-json\/wp\/v2\/comments?post=3799"}],"wp:featuredmedia":[{"embeddable":true,"href":"https:\/\/livinghome.vn\/thiet-bi\/wp-json\/wp\/v2\/media\/3934"}],"wp:attachment":[{"href":"https:\/\/livinghome.vn\/thiet-bi\/wp-json\/wp\/v2\/media?parent=3799"}],"wp:term":[{"taxonomy":"product_brand","embeddable":true,"href":"https:\/\/livinghome.vn\/thiet-bi\/wp-json\/wp\/v2\/product_brand?post=3799"},{"taxonomy":"product_cat","embeddable":true,"href":"https:\/\/livinghome.vn\/thiet-bi\/wp-json\/wp\/v2\/product_cat?post=3799"},{"taxonomy":"product_tag","embeddable":true,"href":"https:\/\/livinghome.vn\/thiet-bi\/wp-json\/wp\/v2\/product_tag?post=3799"}],"curies":[{"name":"wp","href":"https:\/\/api.w.org\/{rel}","templated":true}]}}