{"id":3797,"date":"2023-01-12T18:25:50","date_gmt":"2023-01-12T18:25:50","guid":{"rendered":"https:\/\/livinghome.vn\/thiet-bi\/?post_type=product&#038;p=3797"},"modified":"2024-11-29T14:20:16","modified_gmt":"2024-11-29T07:20:16","slug":"may-loc-nuoc-tai-voi-cleansui-ef102-nhap-khau-nhat","status":"publish","type":"product","link":"https:\/\/livinghome.vn\/thiet-bi\/may-loc-nuoc-tai-voi-cleansui-ef102-nhap-khau-nhat\/","title":{"rendered":"M\u00e1y l\u1ecdc n\u01b0\u1edbc t\u1ea1i v\u00f2i Cleansui EF102 nh\u1eadp kh\u1ea9u Nh\u1eadt"},"content":{"rendered":"<h2>M\u00e1y l\u1ecdc n\u01b0\u1edbc t\u1ea1i v\u00f2i Cleansui EF102<\/h2>\n<h3>\u0110\u1eb7c \u0111i\u1ec3m n\u1ed5i b\u1eadt M\u00e1y l\u1ecdc n\u01b0\u1edbc t\u1ea1i v\u00f2i Cleansui EF102<\/h3>\n<figure id=\"attachment_67483\" aria-describedby=\"caption-attachment-67483\" style=\"width: 1067px\" class=\"wp-caption alignnone\"><img loading=\"lazy\" decoding=\"async\" class=\"wp-image-67483 size-large\" src=\"https:\/\/livinghome.vn\/thiet-bi\/wp-content\/uploads\/loc-nuoc\/cleansui\/may-loc-nuoc-tai-voi-cleansui\/may-loc-nuoc-tai-voi-cleansui-ef102\/may-loc-nuoc-tai-voi-cleansui-ef102-4-1067x800.jpg\" alt=\"M\u00e1y l\u1ecdc n\u01b0\u1edbc t\u1ea1i v\u00f2i Cleansui EF102 nh\u1eadp kh\u1ea9u Nh\u1eadt\" width=\"1067\" height=\"800\" title=\"\"><figcaption id=\"caption-attachment-67483\" class=\"wp-caption-text\">M\u00e1y l\u1ecdc n\u01b0\u1edbc t\u1ea1i v\u00f2i Cleansui EF102 nh\u1eadp kh\u1ea9u Nh\u1eadt &#8211; \u0110\u1eb7c \u0111i\u1ec3m n\u1ed5i b\u1eadt<\/figcaption><\/figure>\n<h3>C\u00f4ng ngh\u1ec7 l\u1ecdc M\u00e1y l\u1ecdc n\u01b0\u1edbc t\u1ea1i v\u00f2i Cleansui EF102<\/h3>\n<figure id=\"attachment_67482\" aria-describedby=\"caption-attachment-67482\" style=\"width: 1067px\" class=\"wp-caption alignnone\"><img loading=\"lazy\" decoding=\"async\" class=\"wp-image-67482 size-large\" src=\"https:\/\/livinghome.vn\/thiet-bi\/wp-content\/uploads\/loc-nuoc\/cleansui\/may-loc-nuoc-tai-voi-cleansui\/may-loc-nuoc-tai-voi-cleansui-ef102\/may-loc-nuoc-tai-voi-cleansui-ef102-5-1067x800.jpg\" alt=\"M\u00e1y l\u1ecdc n\u01b0\u1edbc t\u1ea1i v\u00f2i Cleansui EF102 nh\u1eadp kh\u1ea9u Nh\u1eadt\" width=\"1067\" height=\"800\" title=\"\"><figcaption id=\"caption-attachment-67482\" class=\"wp-caption-text\">M\u00e1y l\u1ecdc n\u01b0\u1edbc t\u1ea1i v\u00f2i Cleansui EF102 nh\u1eadp kh\u1ea9u Nh\u1eadt &#8211; C\u00f4ng ngh\u1ec7 l\u1ecdc<\/figcaption><\/figure>\n<h3>Th\u00f4ng s\u1ed1 k\u1ef9 thu\u1eadt M\u00e1y l\u1ecdc n\u01b0\u1edbc t\u1ea1i v\u00f2i Cleansui EF102<\/h3>\n<figure id=\"attachment_67481\" aria-describedby=\"caption-attachment-67481\" style=\"width: 1067px\" class=\"wp-caption alignnone\"><img loading=\"lazy\" decoding=\"async\" class=\"wp-image-67481 size-large\" src=\"https:\/\/livinghome.vn\/thiet-bi\/wp-content\/uploads\/loc-nuoc\/cleansui\/may-loc-nuoc-tai-voi-cleansui\/may-loc-nuoc-tai-voi-cleansui-ef102\/may-loc-nuoc-tai-voi-cleansui-ef102-6-1067x800.jpg\" alt=\"M\u00e1y l\u1ecdc n\u01b0\u1edbc t\u1ea1i v\u00f2i Cleansui EF102 nh\u1eadp kh\u1ea9u Nh\u1eadt\" width=\"1067\" height=\"800\" title=\"\"><figcaption id=\"caption-attachment-67481\" class=\"wp-caption-text\">M\u00e1y l\u1ecdc n\u01b0\u1edbc t\u1ea1i v\u00f2i Cleansui EF102 nh\u1eadp kh\u1ea9u Nh\u1eadt &#8211; Th\u00f4ng s\u1ed1 k\u1ef9 thu\u1eadt<\/figcaption><\/figure>\n<figure id=\"attachment_67480\" aria-describedby=\"caption-attachment-67480\" style=\"width: 1067px\" class=\"wp-caption alignnone\"><img loading=\"lazy\" decoding=\"async\" class=\"wp-image-67480 size-large\" src=\"https:\/\/livinghome.vn\/thiet-bi\/wp-content\/uploads\/loc-nuoc\/cleansui\/may-loc-nuoc-tai-voi-cleansui\/may-loc-nuoc-tai-voi-cleansui-ef102\/may-loc-nuoc-tai-voi-cleansui-ef102-7-1067x800.jpg\" alt=\"M\u00e1y l\u1ecdc n\u01b0\u1edbc t\u1ea1i v\u00f2i Cleansui EF102 nh\u1eadp kh\u1ea9u Nh\u1eadt\" width=\"1067\" height=\"800\" title=\"\"><figcaption id=\"caption-attachment-67480\" class=\"wp-caption-text\">M\u00e1y l\u1ecdc n\u01b0\u1edbc t\u1ea1i v\u00f2i Cleansui EF102 nh\u1eadp kh\u1ea9u Nh\u1eadt &#8211; Th\u00f4ng s\u1ed1 k\u1ef9 thu\u1eadt<\/figcaption><\/figure>\n<h3>H\u01b0\u1edbng d\u1eabn s\u1eed d\u1ee5ng M\u00e1y l\u1ecdc n\u01b0\u1edbc t\u1ea1i v\u00f2i Cleansui EF102<\/h3>\n<figure id=\"attachment_67479\" aria-describedby=\"caption-attachment-67479\" style=\"width: 1067px\" class=\"wp-caption alignnone\"><img loading=\"lazy\" decoding=\"async\" class=\"wp-image-67479 size-large\" src=\"https:\/\/livinghome.vn\/thiet-bi\/wp-content\/uploads\/loc-nuoc\/cleansui\/may-loc-nuoc-tai-voi-cleansui\/may-loc-nuoc-tai-voi-cleansui-ef102\/may-loc-nuoc-tai-voi-cleansui-ef102-8-1067x800.jpg\" alt=\"M\u00e1y l\u1ecdc n\u01b0\u1edbc t\u1ea1i v\u00f2i Cleansui EF102 nh\u1eadp kh\u1ea9u Nh\u1eadt\" width=\"1067\" height=\"800\" title=\"\"><figcaption id=\"caption-attachment-67479\" class=\"wp-caption-text\">M\u00e1y l\u1ecdc n\u01b0\u1edbc t\u1ea1i v\u00f2i Cleansui EF102 nh\u1eadp kh\u1ea9u Nh\u1eadt &#8211; H\u01b0\u1edbng d\u1eabn s\u1eed d\u1ee5ng<\/figcaption><\/figure>\n","protected":false},"excerpt":{"rendered":"<p>N\u01b0\u1edbc u\u1ed1ng c\u00f3 kho\u00e1ng ch\u1ea5t t\u1ef1 nhi\u00ean<\/p>\n<p>\u0110\u1ed3ng h\u1ed3 \u0111i\u1ec7n t\u1eed \u0111\u1ebfm ng\u01b0\u1ee3c l\u01b0u l\u01b0\u1ee3ng n\u01b0\u1edbc \u0111\u00e3 l\u1ecdc<\/p>\n<p>Linh ho\u1ea1t chuy\u1ec3n \u0111\u1ed5i ch\u1ebf \u0111\u1ed9 n\u01b0\u1edbc u\u1ed1ng &#8211; n\u01b0\u1edbc m\u00e1y<\/p>\n<p>Kh\u00f4ng d\u00f9ng \u0111i\u1ec7n, kh\u00f4ng n\u01b0\u1edbc th\u1ea3i<\/p>\n<p>L\u1eafp tr\u1ef1c ti\u1ebfp t\u1ea1i v\u00f2i, thi\u1ebft k\u1ebf nh\u1ecf g\u1ecdn, t\u00ednh di \u0111\u1ed9ng cao<\/p>\n","protected":false},"featured_media":3917,"comment_status":"open","ping_status":"closed","template":"","meta":[],"product_brand":[],"product_cat":[440,441],"product_tag":[443,404,446],"class_list":{"0":"post-3797","1":"product","2":"type-product","3":"status-publish","4":"has-post-thumbnail","6":"product_cat-may-loc-nuoc-cleansui","7":"product_cat-thuong-hieu-cleansui","8":"product_tag-cleansui","9":"product_tag-may-loc-nuoc","10":"product_tag-may-loc-nuoc-cleansui","12":"first","13":"instock","14":"shipping-taxable","15":"purchasable","16":"product-type-simple"},"_links":{"self":[{"href":"https:\/\/livinghome.vn\/thiet-bi\/wp-json\/wp\/v2\/product\/3797","targetHints":{"allow":["GET"]}}],"collection":[{"href":"https:\/\/livinghome.vn\/thiet-bi\/wp-json\/wp\/v2\/product"}],"about":[{"href":"https:\/\/livinghome.vn\/thiet-bi\/wp-json\/wp\/v2\/types\/product"}],"replies":[{"embeddable":true,"href":"https:\/\/livinghome.vn\/thiet-bi\/wp-json\/wp\/v2\/comments?post=3797"}],"wp:featuredmedia":[{"embeddable":true,"href":"https:\/\/livinghome.vn\/thiet-bi\/wp-json\/wp\/v2\/media\/3917"}],"wp:attachment":[{"href":"https:\/\/livinghome.vn\/thiet-bi\/wp-json\/wp\/v2\/media?parent=3797"}],"wp:term":[{"taxonomy":"product_brand","embeddable":true,"href":"https:\/\/livinghome.vn\/thiet-bi\/wp-json\/wp\/v2\/product_brand?post=3797"},{"taxonomy":"product_cat","embeddable":true,"href":"https:\/\/livinghome.vn\/thiet-bi\/wp-json\/wp\/v2\/product_cat?post=3797"},{"taxonomy":"product_tag","embeddable":true,"href":"https:\/\/livinghome.vn\/thiet-bi\/wp-json\/wp\/v2\/product_tag?post=3797"}],"curies":[{"name":"wp","href":"https:\/\/api.w.org\/{rel}","templated":true}]}}