{"id":3794,"date":"2023-01-12T18:25:50","date_gmt":"2023-01-12T18:25:50","guid":{"rendered":"https:\/\/livinghome.vn\/thiet-bi\/?post_type=product&#038;p=3794"},"modified":"2024-11-29T14:20:16","modified_gmt":"2024-11-29T07:20:16","slug":"may-loc-nuoc-duoi-bon-rua-cleansui-eu101-nhap-khau-nhat","status":"publish","type":"product","link":"https:\/\/livinghome.vn\/thiet-bi\/may-loc-nuoc-duoi-bon-rua-cleansui-eu101-nhap-khau-nhat\/","title":{"rendered":"M\u00e1y l\u1ecdc n\u01b0\u1edbc d\u01b0\u1edbi b\u1ed3n r\u1eeda Cleansui EU101 nh\u1eadp kh\u1ea9u Nh\u1eadt"},"content":{"rendered":"<h2>M\u00e1y l\u1ecdc n\u01b0\u1edbc d\u01b0\u1edbi b\u1ed3n r\u1eeda Cleansui EU101<\/h2>\n<h3>C\u00f4ng ngh\u1ec7 l\u1ecdc<\/h3>\n<ul>\n<li>L\u1edbp v\u1ea3i l\u01b0\u1edbi kh\u00f4ng d\u1ec7t: Lo\u1ea1i b\u1ecf c\u00e1c c\u1eb7n b\u1ea9n v\u00e0 t\u1ea1p ch\u1ea5t trong n\u01b0\u1edbc<\/li>\n<li>L\u1edbp g\u1ed1m s\u1ee9 \u0111\u1eb7c bi\u1ec7t: Lo\u1ea1i b\u1ecf ch\u00ec h\u00f2a tan trong n\u01b0\u1edbc<\/li>\n<li>L\u1edbp than ho\u1ea1t t\u00ednh: Lo\u1ea1i b\u1ecf c\u00e1c t\u1ea1p ch\u1ea5t \u0111\u1ed9c h\u1ea1i, thu\u1ed1c th\u1ef1c v\u1eadt, kh\u1eed m\u00f9i n\u1ea5m m\u1ed1c, kh\u1eed clo trong n\u01b0\u1edbc\u2026.<\/li>\n<li>L\u1edbp m\u00e0ng l\u1ecdc s\u1ee3i r\u1ed7ng: N\u01b0\u1edbc \u0111\u01b0\u1ee3c th\u1ea9m th\u1ea5u t\u1eeb ngo\u00e0i th\u00e0nh \u1ed1ng c\u1ee7a c\u00e1c s\u1ee3i r\u1ed7ng bao g\u1ed3m h\u00e0ng tri\u1ec7u l\u1ed7 l\u1ecdc v\u1edbi k\u00edch th\u01b0\u1edbc si\u00eau nh\u1ecf t\u1eeb 0.01 \u0111\u1ebfn 0.1\u00b5m v\u00e0o b\u00ean trong s\u1ee3i r\u1ed7ng. C\u00e1c t\u1ea1p ch\u1ea5t c\u00f3 k\u00edch th\u01b0\u1edbc l\u1edbn h\u01a1n 0.1\u00b5m nh\u01b0 t\u1ea3o, vi sinh v\u1eadt, \u0111\u1ed9 \u0111\u1ee5c, vi khu\u1ea9n, r\u1ec9 s\u00e9t, n\u1ea5m m\u1ed1c, c\u00e1c th\u00e0nh ph\u1ea7n kim lo\u1ea1i trong n\u01b0\u1edbc \u0111\u01b0\u1ee3c gi\u1eef l\u1ea1i b\u00ean trong m\u00e0ng l\u1ecdc. Ch\u1ec9 c\u00f2n n\u01b0\u1edbc s\u1ea1ch v\u00e0 kho\u00e1ng ch\u1ea5t sau khi l\u1ecdc.<\/li>\n<\/ul>\n<p><em><strong>*\u0110\u1ec3 \u0111\u1ea3m b\u1ea3o ch\u1ea5t l\u01b0\u1ee3ng n\u01b0\u1edbc, kh\u00e1ch h\u00e0ng vui l\u00f2ng thay b\u1ed9 l\u1ecdc sau 3 th\u00e1ng s\u1eed d\u1ee5ng<br \/>\n<\/strong><\/em><\/p>\n<figure id=\"attachment_67454\" aria-describedby=\"caption-attachment-67454\" style=\"width: 1067px\" class=\"wp-caption alignnone\"><img loading=\"lazy\" decoding=\"async\" class=\"wp-image-67454 size-large\" src=\"https:\/\/livinghome.vn\/thiet-bi\/wp-content\/uploads\/loc-nuoc\/cleansui\/may-loc-nuoc-duoi-bon-rua-cleansui\/may-loc-nuoc-duoi-bon-rua-cleansui-eu101\/may-loc-nuoc-duoi-bon-rua-cleansui-eu101-7-1067x800.jpg\" alt=\"M\u00e1y l\u1ecdc n\u01b0\u1edbc d\u01b0\u1edbi b\u1ed3n r\u1eeda Cleansui EU101 nh\u1eadp kh\u1ea9u Nh\u1eadt\" width=\"1067\" height=\"800\" title=\"\"><figcaption id=\"caption-attachment-67454\" class=\"wp-caption-text\">M\u00e1y l\u1ecdc n\u01b0\u1edbc d\u01b0\u1edbi b\u1ed3n r\u1eeda Cleansui EU101 nh\u1eadp kh\u1ea9u Nh\u1eadt &#8211; C\u00f4ng ngh\u1ec7 l\u1ecdc<\/figcaption><\/figure>\n<h3>\u0110\u1eb7c \u0111i\u1ec3m n\u1ed5i b\u1eadt c\u1ee7a s\u1ea3n ph\u1ea9m M\u00e1y l\u1ecdc n\u01b0\u1edbc d\u01b0\u1edbi b\u1ed3n r\u1eeda Cleansui EU101<\/h3>\n<figure id=\"attachment_67460\" aria-describedby=\"caption-attachment-67460\" style=\"width: 1067px\" class=\"wp-caption alignnone\"><img loading=\"lazy\" decoding=\"async\" class=\"wp-image-67460 size-large\" src=\"https:\/\/livinghome.vn\/thiet-bi\/wp-content\/uploads\/loc-nuoc\/cleansui\/may-loc-nuoc-duoi-bon-rua-cleansui\/may-loc-nuoc-duoi-bon-rua-cleansui-eu101\/may-loc-nuoc-duoi-bon-rua-cleansui-eu101-10-1067x800.jpg\" alt=\"M\u00e1y l\u1ecdc n\u01b0\u1edbc d\u01b0\u1edbi b\u1ed3n r\u1eeda Cleansui EU101 nh\u1eadp kh\u1ea9u Nh\u1eadt\" width=\"1067\" height=\"800\" title=\"\"><figcaption id=\"caption-attachment-67460\" class=\"wp-caption-text\">M\u00e1y l\u1ecdc n\u01b0\u1edbc d\u01b0\u1edbi b\u1ed3n r\u1eeda Cleansui EU101 nh\u1eadp kh\u1ea9u Nh\u1eadt &#8211; \u0110\u1eb7c \u0111i\u1ec3m n\u1ed5i b\u1eadt<\/figcaption><\/figure>\n<h3>Th\u00f4ng s\u1ed1 k\u1ef9 thu\u1eadt M\u00e1y l\u1ecdc n\u01b0\u1edbc d\u01b0\u1edbi b\u1ed3n r\u1eeda Cleansui EU101<\/h3>\n<figure id=\"attachment_67459\" aria-describedby=\"caption-attachment-67459\" style=\"width: 1067px\" class=\"wp-caption alignnone\"><img loading=\"lazy\" decoding=\"async\" class=\"wp-image-67459 size-large\" src=\"https:\/\/livinghome.vn\/thiet-bi\/wp-content\/uploads\/loc-nuoc\/cleansui\/may-loc-nuoc-duoi-bon-rua-cleansui\/may-loc-nuoc-duoi-bon-rua-cleansui-eu101\/may-loc-nuoc-duoi-bon-rua-cleansui-eu101-2-1067x800.jpg\" alt=\"M\u00e1y l\u1ecdc n\u01b0\u1edbc d\u01b0\u1edbi b\u1ed3n r\u1eeda Cleansui EU101 nh\u1eadp kh\u1ea9u Nh\u1eadt\" width=\"1067\" height=\"800\" title=\"\"><figcaption id=\"caption-attachment-67459\" class=\"wp-caption-text\">M\u00e1y l\u1ecdc n\u01b0\u1edbc d\u01b0\u1edbi b\u1ed3n r\u1eeda Cleansui EU101 nh\u1eadp kh\u1ea9u Nh\u1eadt &#8211; Th\u00f4ng s\u1ed1 k\u1ef9 thu\u1eadt<\/figcaption><\/figure>\n<figure id=\"attachment_67457\" aria-describedby=\"caption-attachment-67457\" style=\"width: 1067px\" class=\"wp-caption alignnone\"><img loading=\"lazy\" decoding=\"async\" class=\"wp-image-67457 size-large\" src=\"https:\/\/livinghome.vn\/thiet-bi\/wp-content\/uploads\/loc-nuoc\/cleansui\/may-loc-nuoc-duoi-bon-rua-cleansui\/may-loc-nuoc-duoi-bon-rua-cleansui-eu101\/may-loc-nuoc-duoi-bon-rua-cleansui-eu101-4-1067x800.jpg\" alt=\"M\u00e1y l\u1ecdc n\u01b0\u1edbc d\u01b0\u1edbi b\u1ed3n r\u1eeda Cleansui EU101 nh\u1eadp kh\u1ea9u Nh\u1eadt\" width=\"1067\" height=\"800\" title=\"\"><figcaption id=\"caption-attachment-67457\" class=\"wp-caption-text\">M\u00e1y l\u1ecdc n\u01b0\u1edbc d\u01b0\u1edbi b\u1ed3n r\u1eeda Cleansui EU101 nh\u1eadp kh\u1ea9u Nh\u1eadt &#8211; Th\u00f4ng s\u1ed1 k\u1ef9 thu\u1eadt<\/figcaption><\/figure>\n<h3>H\u01b0\u1edbng d\u1eabn s\u1eed d\u1ee5ng M\u00e1y l\u1ecdc n\u01b0\u1edbc d\u01b0\u1edbi b\u1ed3n r\u1eeda Cleansui EU101<\/h3>\n<figure id=\"attachment_67455\" aria-describedby=\"caption-attachment-67455\" style=\"width: 1067px\" class=\"wp-caption alignnone\"><img loading=\"lazy\" decoding=\"async\" class=\"wp-image-67455 size-large\" src=\"https:\/\/livinghome.vn\/thiet-bi\/wp-content\/uploads\/loc-nuoc\/cleansui\/may-loc-nuoc-duoi-bon-rua-cleansui\/may-loc-nuoc-duoi-bon-rua-cleansui-eu101\/may-loc-nuoc-duoi-bon-rua-cleansui-eu101-6-1067x800.jpg\" alt=\"M\u00e1y l\u1ecdc n\u01b0\u1edbc d\u01b0\u1edbi b\u1ed3n r\u1eeda Cleansui EU101 nh\u1eadp kh\u1ea9u Nh\u1eadt\" width=\"1067\" height=\"800\" title=\"\"><figcaption id=\"caption-attachment-67455\" class=\"wp-caption-text\">M\u00e1y l\u1ecdc n\u01b0\u1edbc d\u01b0\u1edbi b\u1ed3n r\u1eeda Cleansui EU101 nh\u1eadp kh\u1ea9u Nh\u1eadt &#8211; H\u01b0\u1edbng d\u1eabn s\u1eed d\u1ee5ng<\/figcaption><\/figure>\n","protected":false},"excerpt":{"rendered":"<p>N\u01b0\u1edbc u\u1ed1ng c\u00f3 kho\u00e1ng ch\u1ea5t t\u1ef1 nhi\u00ean<\/p>\n<p>C\u01a1 ch\u1ebf ch\u1ed1ng r\u00f2 r\u1ec9 n\u01b0\u1edbc th\u00f4ng minh<\/p>\n<p>Kh\u00f4ng d\u00f9ng \u0111i\u1ec7n<\/p>\n<p>Kh\u00f4ng n\u01b0\u1edbc th\u1ea3i<\/p>\n<p>Thi\u1ebft k\u1ebf nh\u1ecf g\u1ecdn, t\u1ed1i \u01b0u kh\u00f4ng gian s\u1eed d\u1ee5ng<\/p>\n","protected":false},"featured_media":3893,"comment_status":"open","ping_status":"closed","template":"","meta":[],"product_brand":[],"product_cat":[440,441],"product_tag":[443,404,446],"class_list":{"0":"post-3794","1":"product","2":"type-product","3":"status-publish","4":"has-post-thumbnail","6":"product_cat-may-loc-nuoc-cleansui","7":"product_cat-thuong-hieu-cleansui","8":"product_tag-cleansui","9":"product_tag-may-loc-nuoc","10":"product_tag-may-loc-nuoc-cleansui","12":"first","13":"instock","14":"shipping-taxable","15":"purchasable","16":"product-type-simple"},"_links":{"self":[{"href":"https:\/\/livinghome.vn\/thiet-bi\/wp-json\/wp\/v2\/product\/3794","targetHints":{"allow":["GET"]}}],"collection":[{"href":"https:\/\/livinghome.vn\/thiet-bi\/wp-json\/wp\/v2\/product"}],"about":[{"href":"https:\/\/livinghome.vn\/thiet-bi\/wp-json\/wp\/v2\/types\/product"}],"replies":[{"embeddable":true,"href":"https:\/\/livinghome.vn\/thiet-bi\/wp-json\/wp\/v2\/comments?post=3794"}],"wp:featuredmedia":[{"embeddable":true,"href":"https:\/\/livinghome.vn\/thiet-bi\/wp-json\/wp\/v2\/media\/3893"}],"wp:attachment":[{"href":"https:\/\/livinghome.vn\/thiet-bi\/wp-json\/wp\/v2\/media?parent=3794"}],"wp:term":[{"taxonomy":"product_brand","embeddable":true,"href":"https:\/\/livinghome.vn\/thiet-bi\/wp-json\/wp\/v2\/product_brand?post=3794"},{"taxonomy":"product_cat","embeddable":true,"href":"https:\/\/livinghome.vn\/thiet-bi\/wp-json\/wp\/v2\/product_cat?post=3794"},{"taxonomy":"product_tag","embeddable":true,"href":"https:\/\/livinghome.vn\/thiet-bi\/wp-json\/wp\/v2\/product_tag?post=3794"}],"curies":[{"name":"wp","href":"https:\/\/api.w.org\/{rel}","templated":true}]}}