{"id":3792,"date":"2023-01-12T18:25:50","date_gmt":"2023-01-12T18:25:50","guid":{"rendered":"https:\/\/livinghome.vn\/thiet-bi\/?post_type=product&#038;p=3792"},"modified":"2024-11-29T14:20:16","modified_gmt":"2024-11-29T07:20:16","slug":"he-thong-loc-cleansui-mp02-3-dung-cho-thuong-mai-nhap-khau-nhat","status":"publish","type":"product","link":"https:\/\/livinghome.vn\/thiet-bi\/he-thong-loc-cleansui-mp02-3-dung-cho-thuong-mai-nhap-khau-nhat\/","title":{"rendered":"H\u1ec7 th\u1ed1ng l\u1ecdc Cleansui MP02-3 d\u00f9ng cho th\u01b0\u01a1ng m\u1ea1i nh\u1eadp kh\u1ea9u Nh\u1eadt"},"content":{"rendered":"<h2>H\u1ec7 th\u1ed1ng l\u1ecdc Cleansui MP02-3 d\u00f9ng cho th\u01b0\u01a1ng m\u1ea1i<\/h2>\n<h3>C\u1ea5u t\u1ea1o H\u1ec7 th\u1ed1ng l\u1ecdc Cleansui MP02-3<\/h3>\n<p>Th\u00e2n thi\u1ebft b\u1ecb H\u1ec7 th\u1ed1ng l\u1ecdc Cleansui MP02-3<\/p>\n<ul>\n<li>Ch\u1ea5t li\u1ec7u th\u00e9p kh\u00f4ng g\u1ec9 cao c\u1ea5p<\/li>\n<li>Linh ho\u1ea1t trong l\u1eafp \u0111\u1eb7t (c\u00f3 th\u1ec3 l\u1eafp th\u1eb3ng \u0111\u1ee9ng, treo t\u01b0\u1eddng, n\u1eb1m ngang<\/li>\n<li>C\u00f4ng su\u1ea5t l\u1ecdc l\u1edbn, ph\u00f9 h\u1ee3p s\u1eed d\u1ee5ng cho m\u1ee5c \u0111\u00edch th\u01b0\u01a1ng m\u1ea1i. D\u1ec5 d\u00e0ng t\u0103ng c\u00f4ng su\u1ea5t l\u1ecdc b\u1eb1ng c\u00e1ch l\u1eafp song song c\u00e1c thi\u1ebft b\u1ecb l\u1ea1i v\u1edbi nhau<\/li>\n<\/ul>\n<figure id=\"attachment_67439\" aria-describedby=\"caption-attachment-67439\" style=\"width: 1067px\" class=\"wp-caption alignnone\"><img loading=\"lazy\" decoding=\"async\" class=\"wp-image-67439 size-large\" src=\"https:\/\/livinghome.vn\/thiet-bi\/wp-content\/uploads\/loc-nuoc\/cleansui\/he-thong-thuong-mai-cleansui\/he-thong-thuong-mai-cleansui-mp02-3\/he-thong-thuong-mai-cleansui-mp02-3-10-1067x800.jpg\" alt=\"H\u1ec7 th\u1ed1ng l\u1ecdc Cleansui MP02-3 d\u00f9ng cho th\u01b0\u01a1ng m\u1ea1i nh\u1eadp kh\u1ea9u Nh\u1eadt\" width=\"1067\" height=\"800\" title=\"\"><figcaption id=\"caption-attachment-67439\" class=\"wp-caption-text\">C\u1ea5u t\u1ea1o H\u1ec7 th\u1ed1ng l\u1ecdc Cleansui MP02-3 d\u00f9ng cho th\u01b0\u01a1ng m\u1ea1i nh\u1eadp kh\u1ea9u Nh\u1eadt<\/figcaption><\/figure>\n<p>B\u1ed9 l\u1ecdc c\u00f4ng ngh\u1ec7 cao UMC2150<\/p>\n<ul>\n<li>T\u00edch h\u1ee3p 2 c\u1ea5p l\u1ecdc ti\u00ean ti\u1ebfn trong m\u1ed9t b\u1ed9 l\u1ecdc nh\u1ecf g\u1ecdn, ti\u1ebft ki\u1ec7m di\u1ec7n t\u00edch l\u1eafp \u0111\u1eb7t<\/li>\n<li>Than ho\u1ea1t t\u00ednh d\u1ea1ng s\u1ee3i v\u00e0 h\u1ea1t t\u0103ng kh\u1ea3 n\u0103ng h\u1ea5p th\u1ee5 m\u00f9i h\u00f4i, n\u1ea5m m\u1ed1c, clo d\u01b0 trong n\u01b0\u1edbc<\/li>\n<li>N\u01b0\u1edbc l\u1ecdc s\u1ea1ch ph\u00f9 h\u1ee3p cho ph\u00f2ng t\u1eafm, ti\u1ec7m spa, ho\u1eb7c l\u00e0m t\u00f3c&#8230;<\/li>\n<li>Kh\u00f4ng s\u1eed d\u1ee5ng \u0111i\u1ec7n<\/li>\n<li>Kh\u00f4ng t\u1ed1n n\u01b0\u1edbc th\u1ea3i<\/li>\n<\/ul>\n<figure id=\"attachment_67440\" aria-describedby=\"caption-attachment-67440\" style=\"width: 1067px\" class=\"wp-caption alignnone\"><img loading=\"lazy\" decoding=\"async\" class=\"wp-image-67440 size-large\" src=\"https:\/\/livinghome.vn\/thiet-bi\/wp-content\/uploads\/loc-nuoc\/cleansui\/he-thong-thuong-mai-cleansui\/he-thong-thuong-mai-cleansui-mp02-3\/he-thong-thuong-mai-cleansui-mp02-3-1-1067x800.jpg\" alt=\"H\u1ec7 th\u1ed1ng l\u1ecdc Cleansui MP02-3 d\u00f9ng cho th\u01b0\u01a1ng m\u1ea1i nh\u1eadp kh\u1ea9u Nh\u1eadt\" width=\"1067\" height=\"800\" title=\"\"><figcaption id=\"caption-attachment-67440\" class=\"wp-caption-text\">H\u1ec7 th\u1ed1ng l\u1ecdc Cleansui MP02-3 d\u00f9ng cho th\u01b0\u01a1ng m\u1ea1i nh\u1eadp kh\u1ea9u Nh\u1eadt<\/figcaption><\/figure>\n<p>B\u1ed9 ph\u1ee5 ki\u1ec7n H\u1ec7 th\u1ed1ng l\u1ecdc Cleansui MP02-3<\/p>\n<ul>\n<li>Gi\u00e1 \u0111\u1ee1 b\u1eb1ng nh\u01b0a ABS ch\u1eafc ch\u1eafn<\/li>\n<li>Linh ho\u1ea1t l\u1eafp \u0111\u1eb7t t\u1ea1i nhi\u1ec1u v\u1ecb tr\u00ed kh\u00e1ch nhau<\/li>\n<\/ul>\n<h3>\u0110\u1eb7c \u0111i\u1ec3m n\u1ed5i b\u1eadt c\u1ee7a s\u1ea3n ph\u1ea9m H\u1ec7 th\u1ed1ng l\u1ecdc Cleansui MP02-3<\/h3>\n<figure id=\"attachment_67438\" aria-describedby=\"caption-attachment-67438\" style=\"width: 1067px\" class=\"wp-caption alignnone\"><img loading=\"lazy\" decoding=\"async\" class=\"wp-image-67438 size-large\" src=\"https:\/\/livinghome.vn\/thiet-bi\/wp-content\/uploads\/loc-nuoc\/cleansui\/he-thong-thuong-mai-cleansui\/he-thong-thuong-mai-cleansui-mp02-3\/he-thong-thuong-mai-cleansui-mp02-3-2-1067x800.jpg\" alt=\"H\u1ec7 th\u1ed1ng l\u1ecdc Cleansui MP02-3 d\u00f9ng cho th\u01b0\u01a1ng m\u1ea1i nh\u1eadp kh\u1ea9u Nh\u1eadt\" width=\"1067\" height=\"800\" title=\"\"><figcaption id=\"caption-attachment-67438\" class=\"wp-caption-text\">H\u1ec7 th\u1ed1ng l\u1ecdc Cleansui MP02-3 d\u00f9ng cho th\u01b0\u01a1ng m\u1ea1i nh\u1eadp kh\u1ea9u Nh\u1eadt<\/figcaption><\/figure>\n<h3>Th\u00f4ng s\u1ed1 k\u1ef9 thu\u1eadt H\u1ec7 th\u1ed1ng l\u1ecdc Cleansui MP02-3<\/h3>\n<figure id=\"attachment_67435\" aria-describedby=\"caption-attachment-67435\" style=\"width: 800px\" class=\"wp-caption alignnone\"><img loading=\"lazy\" decoding=\"async\" class=\"wp-image-67435 size-large\" src=\"https:\/\/livinghome.vn\/thiet-bi\/wp-content\/uploads\/loc-nuoc\/cleansui\/he-thong-thuong-mai-cleansui\/he-thong-thuong-mai-cleansui-mp02-3\/he-thong-thuong-mai-cleansui-mp02-3-5-800x800.jpg\" alt=\"H\u1ec7 th\u1ed1ng l\u1ecdc Cleansui MP02-3 d\u00f9ng cho th\u01b0\u01a1ng m\u1ea1i nh\u1eadp kh\u1ea9u Nh\u1eadt\" width=\"800\" height=\"800\" title=\"\"><figcaption id=\"caption-attachment-67435\" class=\"wp-caption-text\">H\u1ec7 th\u1ed1ng l\u1ecdc Cleansui MP02-3 d\u00f9ng cho th\u01b0\u01a1ng m\u1ea1i nh\u1eadp kh\u1ea9u Nh\u1eadt &#8211; Th\u00f4ng s\u1ed1 k\u1ef9 thu\u1eadt<\/figcaption><\/figure>\n<h3>H\u01b0\u1edbng d\u1eabn s\u1eed d\u1ee5ng H\u1ec7 th\u1ed1ng l\u1ecdc Cleansui MP02-3<\/h3>\n<figure id=\"attachment_67433\" aria-describedby=\"caption-attachment-67433\" style=\"width: 1067px\" class=\"wp-caption alignnone\"><img loading=\"lazy\" decoding=\"async\" class=\"wp-image-67433 size-large\" src=\"https:\/\/livinghome.vn\/thiet-bi\/wp-content\/uploads\/loc-nuoc\/cleansui\/he-thong-thuong-mai-cleansui\/he-thong-thuong-mai-cleansui-mp02-3\/he-thong-thuong-mai-cleansui-mp02-3-7-1067x800.jpg\" alt=\"H\u1ec7 th\u1ed1ng l\u1ecdc Cleansui MP02-3 d\u00f9ng cho th\u01b0\u01a1ng m\u1ea1i nh\u1eadp kh\u1ea9u Nh\u1eadt\" width=\"1067\" height=\"800\" title=\"\"><figcaption id=\"caption-attachment-67433\" class=\"wp-caption-text\">H\u1ec7 th\u1ed1ng l\u1ecdc Cleansui MP02-3 d\u00f9ng cho th\u01b0\u01a1ng m\u1ea1i nh\u1eadp kh\u1ea9u Nh\u1eadt &#8211; H\u01b0\u1edbng d\u1eabn s\u1eed d\u1ee5ng<\/figcaption><\/figure>\n","protected":false},"excerpt":{"rendered":"<p>N\u01b0\u1edbc l\u1ecdc s\u1ea1ch, kh\u00f4ng ch\u1ee9a Clo d\u01b0<\/p>\n<p>Kh\u00f4ng d\u00f9ng \u0111i\u1ec7n, kh\u00f4ng n\u01b0\u1edbc th\u1ea3i<\/p>\n<p>Thi\u1ebft k\u1ebf g\u1ecdn nh\u1eb9, ti\u1ebft ki\u1ec7m kh\u00f4ng gian<\/p>\n<p>L\u1eafp song song t\u1eeb 2 thi\u1ebft b\u1ecb \u0111\u1ec3 t\u0103ng c\u00f4ng su\u1ea5t l\u1ecdc<\/p>\n","protected":false},"featured_media":3872,"comment_status":"open","ping_status":"closed","template":"","meta":[],"product_brand":[],"product_cat":[440,441],"product_tag":[443,404,446],"class_list":{"0":"post-3792","1":"product","2":"type-product","3":"status-publish","4":"has-post-thumbnail","6":"product_cat-may-loc-nuoc-cleansui","7":"product_cat-thuong-hieu-cleansui","8":"product_tag-cleansui","9":"product_tag-may-loc-nuoc","10":"product_tag-may-loc-nuoc-cleansui","12":"first","13":"instock","14":"shipping-taxable","15":"purchasable","16":"product-type-simple"},"_links":{"self":[{"href":"https:\/\/livinghome.vn\/thiet-bi\/wp-json\/wp\/v2\/product\/3792","targetHints":{"allow":["GET"]}}],"collection":[{"href":"https:\/\/livinghome.vn\/thiet-bi\/wp-json\/wp\/v2\/product"}],"about":[{"href":"https:\/\/livinghome.vn\/thiet-bi\/wp-json\/wp\/v2\/types\/product"}],"replies":[{"embeddable":true,"href":"https:\/\/livinghome.vn\/thiet-bi\/wp-json\/wp\/v2\/comments?post=3792"}],"wp:featuredmedia":[{"embeddable":true,"href":"https:\/\/livinghome.vn\/thiet-bi\/wp-json\/wp\/v2\/media\/3872"}],"wp:attachment":[{"href":"https:\/\/livinghome.vn\/thiet-bi\/wp-json\/wp\/v2\/media?parent=3792"}],"wp:term":[{"taxonomy":"product_brand","embeddable":true,"href":"https:\/\/livinghome.vn\/thiet-bi\/wp-json\/wp\/v2\/product_brand?post=3792"},{"taxonomy":"product_cat","embeddable":true,"href":"https:\/\/livinghome.vn\/thiet-bi\/wp-json\/wp\/v2\/product_cat?post=3792"},{"taxonomy":"product_tag","embeddable":true,"href":"https:\/\/livinghome.vn\/thiet-bi\/wp-json\/wp\/v2\/product_tag?post=3792"}],"curies":[{"name":"wp","href":"https:\/\/api.w.org\/{rel}","templated":true}]}}