{"id":3790,"date":"2023-01-12T18:25:50","date_gmt":"2023-01-12T18:25:50","guid":{"rendered":"https:\/\/livinghome.vn\/thiet-bi\/?post_type=product&#038;p=3790"},"modified":"2024-11-29T14:20:15","modified_gmt":"2024-11-29T07:20:15","slug":"he-thong-loc-tong-cleansui-mpoe-p-nhap-khau-nhat","status":"publish","type":"product","link":"https:\/\/livinghome.vn\/thiet-bi\/he-thong-loc-tong-cleansui-mpoe-p-nhap-khau-nhat\/","title":{"rendered":"H\u1ec7 th\u1ed1ng l\u1ecdc t\u1ed5ng Cleansui MPOE-P nh\u1eadp kh\u1ea9u Nh\u1eadt"},"content":{"rendered":"<h2>H\u1ec7 th\u1ed1ng l\u1ecdc t\u1ed5ng Cleansui MPOE-P<\/h2>\n<h3>T\u00ednh n\u0103ng n\u1ed5i b\u1eadt H\u1ec7 th\u1ed1ng l\u1ecdc t\u1ed5ng Cleansui MPOE-P<\/h3>\n<ul>\n<li>M\u00e0n h\u00ecnh \u0111i\u1ec1u khi\u1ebfn c\u1ea3m \u1ee9ng cho thao t\u00e1c d\u1ec5 d\u00e0ng<\/li>\n<li>C\u00f4ng ngh\u1ec7 l\u1ecdc n\u01b0\u1edbc \u0111\u1eb7c bi\u1ec7t, gi\u1eef l\u1ea1i Clo \u0111\u1ec3 kh\u00e1ng khu\u1ea9n<\/li>\n<li>B\u1ed9 l\u1ecdc k\u00e9p &#8211; 100% nh\u1eadp kh\u1ea9u t\u1eeb Nh\u1eadt B\u1ea3n, \u1ee9ng d\u1ee5ng c\u00f4ng ngh\u1ec7 M\u00e0ng l\u1ecdc s\u1ee3i r\u1ed7ng gi\u00fap gi\u1eef kho\u00e1ng ch\u1ea5t t\u1ef1 nhi\u00ean<\/li>\n<li>H\u1ec7 th\u1ed1ng l\u00e0m s\u1ea1ch t\u1ef1 \u0111\u1ed9ng gi\u00fap k\u00e9o d\u00e0i th\u1eddi h\u1ea1n s\u1eed d\u1ee5ng b\u1ed9 l\u1ecdc<\/li>\n<\/ul>\n<figure id=\"attachment_67412\" aria-describedby=\"caption-attachment-67412\" style=\"width: 1067px\" class=\"wp-caption alignnone\"><img loading=\"lazy\" decoding=\"async\" class=\"wp-image-67412 size-large\" src=\"https:\/\/livinghome.vn\/thiet-bi\/wp-content\/uploads\/loc-nuoc\/cleansui\/he-thong-loc-tong-cleansui\/he-thong-loc-tong-cleansui-mpoe-p\/he-thong-loc-tong-cleansui-mpoe-p-6-1067x800.jpg\" alt=\"H\u1ec7 th\u1ed1ng l\u1ecdc t\u1ed5ng Cleansui MPOE-P nh\u1eadp kh\u1ea9u Nh\u1eadt\" width=\"1067\" height=\"800\" title=\"\"><figcaption id=\"caption-attachment-67412\" class=\"wp-caption-text\">H\u1ec7 th\u1ed1ng l\u1ecdc t\u1ed5ng Cleansui MPOE-P nh\u1eadp kh\u1ea9u Nh\u1eadt &#8211; Gi\u1ea3i ph\u00e1p n\u01b0\u1edbc s\u1ea1ch to\u00e0n di\u1ec7n cho h\u1ed9 gia \u0111\u00ecnh<\/figcaption><\/figure>\n<figure id=\"attachment_67419\" aria-describedby=\"caption-attachment-67419\" style=\"width: 800px\" class=\"wp-caption alignnone\"><img loading=\"lazy\" decoding=\"async\" class=\"wp-image-67419 size-large\" src=\"https:\/\/livinghome.vn\/thiet-bi\/wp-content\/uploads\/loc-nuoc\/cleansui\/he-thong-loc-tong-cleansui\/he-thong-loc-tong-cleansui-mpoe-p\/he-thong-loc-tong-cleansui-mpoe-p-1-800x800.jpg\" alt=\"H\u1ec7 th\u1ed1ng l\u1ecdc t\u1ed5ng Cleansui MPOE-P nh\u1eadp kh\u1ea9u Nh\u1eadt\" width=\"800\" height=\"800\" title=\"\"><figcaption id=\"caption-attachment-67419\" class=\"wp-caption-text\">H\u1ec7 th\u1ed1ng l\u1ecdc t\u1ed5ng Cleansui MPOE-P nh\u1eadp kh\u1ea9u Nh\u1eadt &#8211; C\u00f4ng ngh\u1ec7 n\u1ed5i b\u1eadt<\/figcaption><\/figure>\n<h3>C\u00f4ng ngh\u1ec7 l\u1ecdc c\u1ee7a H\u1ec7 th\u1ed1ng l\u1ecdc t\u1ed5ng Cleansui MPOE-P<\/h3>\n<figure id=\"attachment_67418\" aria-describedby=\"caption-attachment-67418\" style=\"width: 800px\" class=\"wp-caption alignnone\"><img loading=\"lazy\" decoding=\"async\" class=\"wp-image-67418 size-large\" src=\"https:\/\/livinghome.vn\/thiet-bi\/wp-content\/uploads\/loc-nuoc\/cleansui\/he-thong-loc-tong-cleansui\/he-thong-loc-tong-cleansui-mpoe-p\/he-thong-loc-tong-cleansui-mpoe-p-10-800x800.jpg\" alt=\"H\u1ec7 th\u1ed1ng l\u1ecdc t\u1ed5ng Cleansui MPOE-P nh\u1eadp kh\u1ea9u Nh\u1eadt\" width=\"800\" height=\"800\" title=\"\"><figcaption id=\"caption-attachment-67418\" class=\"wp-caption-text\">H\u1ec7 th\u1ed1ng l\u1ecdc t\u1ed5ng Cleansui MPOE-P nh\u1eadp kh\u1ea9u Nh\u1eadt &#8211; C\u00f4ng ngh\u1ec7 l\u1ecdc<\/figcaption><\/figure>\n<h3>Th\u00f4ng s\u1ed1 k\u1ef9 thu\u1eadt H\u1ec7 th\u1ed1ng l\u1ecdc t\u1ed5ng Cleansui MPOE-P<\/h3>\n<figure id=\"attachment_67411\" aria-describedby=\"caption-attachment-67411\" style=\"width: 1067px\" class=\"wp-caption alignnone\"><img loading=\"lazy\" decoding=\"async\" class=\"wp-image-67411 size-large\" src=\"https:\/\/livinghome.vn\/thiet-bi\/wp-content\/uploads\/loc-nuoc\/cleansui\/he-thong-loc-tong-cleansui\/he-thong-loc-tong-cleansui-mpoe-p\/he-thong-loc-tong-cleansui-mpoe-p-7-1067x800.jpg\" alt=\"H\u1ec7 th\u1ed1ng l\u1ecdc t\u1ed5ng Cleansui MPOE-P nh\u1eadp kh\u1ea9u Nh\u1eadt\" width=\"1067\" height=\"800\" title=\"\"><figcaption id=\"caption-attachment-67411\" class=\"wp-caption-text\">H\u1ec7 th\u1ed1ng l\u1ecdc t\u1ed5ng Cleansui MPOE-P nh\u1eadp kh\u1ea9u Nh\u1eadt &#8211; Th\u00f4ng s\u1ed1 k\u1ef9 thu\u1eadt<\/figcaption><\/figure>\n<figure id=\"attachment_67410\" aria-describedby=\"caption-attachment-67410\" style=\"width: 800px\" class=\"wp-caption alignnone\"><img loading=\"lazy\" decoding=\"async\" class=\"wp-image-67410 size-large\" src=\"https:\/\/livinghome.vn\/thiet-bi\/wp-content\/uploads\/loc-nuoc\/cleansui\/he-thong-loc-tong-cleansui\/he-thong-loc-tong-cleansui-mpoe-p\/he-thong-loc-tong-cleansui-mpoe-p-8-800x800.jpg\" alt=\"H\u1ec7 th\u1ed1ng l\u1ecdc t\u1ed5ng Cleansui MPOE-P nh\u1eadp kh\u1ea9u Nh\u1eadt\" width=\"800\" height=\"800\" title=\"\"><figcaption id=\"caption-attachment-67410\" class=\"wp-caption-text\">H\u1ec7 th\u1ed1ng l\u1ecdc t\u1ed5ng Cleansui MPOE-P nh\u1eadp kh\u1ea9u Nh\u1eadt &#8211; Th\u00f4ng s\u1ed1 k\u1ef9 thu\u1eadt<\/figcaption><\/figure>\n<h3>H\u01b0\u1edbng d\u1eabn s\u1eed d\u1ee5ng H\u1ec7 th\u1ed1ng l\u1ecdc t\u1ed5ng Cleansui MPOE-P<\/h3>\n<figure id=\"attachment_67409\" aria-describedby=\"caption-attachment-67409\" style=\"width: 800px\" class=\"wp-caption alignnone\"><img loading=\"lazy\" decoding=\"async\" class=\"wp-image-67409 size-large\" src=\"https:\/\/livinghome.vn\/thiet-bi\/wp-content\/uploads\/loc-nuoc\/cleansui\/he-thong-loc-tong-cleansui\/he-thong-loc-tong-cleansui-mpoe-p\/he-thong-loc-tong-cleansui-mpoe-p-9-800x800.jpg\" alt=\"H\u1ec7 th\u1ed1ng l\u1ecdc t\u1ed5ng Cleansui MPOE-P nh\u1eadp kh\u1ea9u Nh\u1eadt\" width=\"800\" height=\"800\" title=\"\"><figcaption id=\"caption-attachment-67409\" class=\"wp-caption-text\">H\u1ec7 th\u1ed1ng l\u1ecdc t\u1ed5ng Cleansui MPOE-P nh\u1eadp kh\u1ea9u Nh\u1eadt &#8211; H\u01b0\u1edbng d\u1eabn s\u1eed d\u1ee5ng<\/figcaption><\/figure>\n","protected":false},"excerpt":{"rendered":"<p>M\u00e0n h\u00ecnh \u0111i\u1ec1u khi\u1ebfn c\u1ea3m \u1ee9ng cho thao t\u00e1c d\u1ec5 d\u00e0ng<\/p>\n<p>C\u00f4ng ngh\u1ec7 l\u1ecdc n\u01b0\u1edbc \u0111\u1eb7c bi\u1ec7t, gi\u1eef l\u1ea1i Clo \u0111\u1ec3 kh\u00e1ng khu\u1ea9n<\/p>\n<p>B\u1ed9 l\u1ecdc k\u00e9p &#8211; 100% nh\u1eadp kh\u1ea9u t\u1eeb Nh\u1eadt B\u1ea3n, \u1ee9ng d\u1ee5ng c\u00f4ng ngh\u1ec7 M\u00e0ng l\u1ecdc s\u1ee3i r\u1ed7ng gi\u00fap gi\u1eef kho\u00e1ng ch\u1ea5t t\u1ef1 nhi\u00ean<\/p>\n<p>H\u1ec7 th\u1ed1ng l\u00e0m s\u1ea1ch t\u1ef1 \u0111\u1ed9ng gi\u00fap k\u00e9o d\u00e0i th\u1eddi h\u1ea1n s\u1eed d\u1ee5ng b\u1ed9 l\u1ecdc<\/p>\n","protected":false},"featured_media":3850,"comment_status":"open","ping_status":"closed","template":"","meta":[],"product_brand":[],"product_cat":[440,441],"product_tag":[443,404,446],"class_list":{"0":"post-3790","1":"product","2":"type-product","3":"status-publish","4":"has-post-thumbnail","6":"product_cat-may-loc-nuoc-cleansui","7":"product_cat-thuong-hieu-cleansui","8":"product_tag-cleansui","9":"product_tag-may-loc-nuoc","10":"product_tag-may-loc-nuoc-cleansui","12":"first","13":"instock","14":"shipping-taxable","15":"purchasable","16":"product-type-simple"},"_links":{"self":[{"href":"https:\/\/livinghome.vn\/thiet-bi\/wp-json\/wp\/v2\/product\/3790","targetHints":{"allow":["GET"]}}],"collection":[{"href":"https:\/\/livinghome.vn\/thiet-bi\/wp-json\/wp\/v2\/product"}],"about":[{"href":"https:\/\/livinghome.vn\/thiet-bi\/wp-json\/wp\/v2\/types\/product"}],"replies":[{"embeddable":true,"href":"https:\/\/livinghome.vn\/thiet-bi\/wp-json\/wp\/v2\/comments?post=3790"}],"wp:featuredmedia":[{"embeddable":true,"href":"https:\/\/livinghome.vn\/thiet-bi\/wp-json\/wp\/v2\/media\/3850"}],"wp:attachment":[{"href":"https:\/\/livinghome.vn\/thiet-bi\/wp-json\/wp\/v2\/media?parent=3790"}],"wp:term":[{"taxonomy":"product_brand","embeddable":true,"href":"https:\/\/livinghome.vn\/thiet-bi\/wp-json\/wp\/v2\/product_brand?post=3790"},{"taxonomy":"product_cat","embeddable":true,"href":"https:\/\/livinghome.vn\/thiet-bi\/wp-json\/wp\/v2\/product_cat?post=3790"},{"taxonomy":"product_tag","embeddable":true,"href":"https:\/\/livinghome.vn\/thiet-bi\/wp-json\/wp\/v2\/product_tag?post=3790"}],"curies":[{"name":"wp","href":"https:\/\/api.w.org\/{rel}","templated":true}]}}