{"id":3782,"date":"2023-01-12T18:25:49","date_gmt":"2023-01-12T18:25:49","guid":{"rendered":"https:\/\/livinghome.vn\/thiet-bi\/?post_type=product&#038;p=3782"},"modified":"2024-11-29T14:20:17","modified_gmt":"2024-11-29T07:20:17","slug":"bo-loc-cleansui-efc21-cho-thiet-bi-ef201-nhap-khau-nhat","status":"publish","type":"product","link":"https:\/\/livinghome.vn\/thiet-bi\/bo-loc-cleansui-efc21-cho-thiet-bi-ef201-nhap-khau-nhat\/","title":{"rendered":"B\u1ed9 l\u1ecdc Cleansui EFC21 cho thi\u1ebft b\u1ecb EF201 nh\u1eadp kh\u1ea9u Nh\u1eadt"},"content":{"rendered":"<h2>B\u1ed9 l\u1ecdc Cleansui EFC21 (cho thi\u1ebft b\u1ecb EF201)<\/h2>\n<h3><span id=\"cong-nghe-loc\">C\u00f4ng ngh\u1ec7 l\u1ecdc<\/span><\/h3>\n<ul>\n<li>L\u1edbp v\u1ea3i l\u01b0\u1edbi kh\u00f4ng d\u1ec7t: Lo\u1ea1i b\u1ecf c\u00e1c c\u1eb7n b\u1ea9n v\u00e0 t\u1ea1p ch\u1ea5t trong n\u01b0\u1edbc<\/li>\n<li>L\u1edbp g\u1ed1m s\u1ee9 \u0111\u1eb7c bi\u1ec7t: Lo\u1ea1i b\u1ecf ch\u00ec h\u00f2a tan trong n\u01b0\u1edbc<\/li>\n<li>L\u1edbp than ho\u1ea1t t\u00ednh: Lo\u1ea1i b\u1ecf c\u00e1c t\u1ea1p ch\u1ea5t \u0111\u1ed9c h\u1ea1i, thu\u1ed1c th\u1ef1c v\u1eadt, kh\u1eed m\u00f9i n\u1ea5m m\u1ed1c, kh\u1eed clo trong n\u01b0\u1edbc\u2026.<\/li>\n<li>L\u1edbp m\u00e0ng l\u1ecdc s\u1ee3i r\u1ed7ng: N\u01b0\u1edbc \u0111\u01b0\u1ee3c th\u1ea9m th\u1ea5u t\u1eeb ngo\u00e0i th\u00e0nh \u1ed1ng c\u1ee7a c\u00e1c s\u1ee3i r\u1ed7ng bao g\u1ed3m h\u00e0ng tri\u1ec7u l\u1ed7 l\u1ecdc v\u1edbi k\u00edch th\u01b0\u1edbc si\u00eau nh\u1ecf t\u1eeb 0.01 \u0111\u1ebfn 0.1\u00b5m v\u00e0o b\u00ean trong s\u1ee3i r\u1ed7ng. C\u00e1c t\u1ea1p ch\u1ea5t c\u00f3 k\u00edch th\u01b0\u1edbc l\u1edbn h\u01a1n 0.1\u00b5m nh\u01b0 t\u1ea3o, vi sinh v\u1eadt, \u0111\u1ed9 \u0111\u1ee5c, vi khu\u1ea9n, r\u1ec9 s\u00e9t, n\u1ea5m m\u1ed1c, c\u00e1c th\u00e0nh ph\u1ea7n kim lo\u1ea1i trong n\u01b0\u1edbc \u0111\u01b0\u1ee3c gi\u1eef l\u1ea1i b\u00ean trong m\u00e0ng l\u1ecdc. Ch\u1ec9 c\u00f2n n\u01b0\u1edbc s\u1ea1ch v\u00e0 kho\u00e1ng ch\u1ea5t sau khi l\u1ecdc.<\/li>\n<\/ul>\n<p><em><strong>*\u0110\u1ec3 \u0111\u1ea3m b\u1ea3o ch\u1ea5t l\u01b0\u1ee3ng n\u01b0\u1edbc, kh\u00e1ch h\u00e0ng vui l\u00f2ng thay b\u1ed9 l\u1ecdc sau 3 th\u00e1ng s\u1eed d\u1ee5ng<\/strong><\/em><\/p>\n<h3>Th\u00f4ng s\u1ed1 k\u1ef9 thu\u1eadt B\u1ed9 l\u1ecdc Cleansui EFC21<\/h3>\n<figure id=\"attachment_67387\" aria-describedby=\"caption-attachment-67387\" style=\"width: 1067px\" class=\"wp-caption alignnone\"><img loading=\"lazy\" decoding=\"async\" class=\"wp-image-67387 size-large\" src=\"https:\/\/livinghome.vn\/thiet-bi\/wp-content\/uploads\/loc-nuoc\/cleansui\/bo-loc-cleansui\/bo-loc-cleansui-efc21\/bo-loc-cleansui-efc21-1-1067x800.jpg\" alt=\"B\u1ed9 l\u1ecdc Cleansui EFC21 cho thi\u1ebft b\u1ecb EF201 nh\u1eadp kh\u1ea9u Nh\u1eadt\" width=\"1067\" height=\"800\" title=\"\"><figcaption id=\"caption-attachment-67387\" class=\"wp-caption-text\">B\u1ed9 l\u1ecdc Cleansui EFC21 cho thi\u1ebft b\u1ecb EF201 nh\u1eadp kh\u1ea9u Nh\u1eadt &#8211; Th\u00f4ng s\u1ed1 k\u1ef9 thu\u1eadt<\/figcaption><\/figure>\n<h3><span id=\"huong-dan-su-dung-bo-loc-cleansui-efc11\">H\u01b0\u1edbng d\u1eabn s\u1eed d\u1ee5ng B\u1ed9 l\u1ecdc Cleansui EFC21<\/span><\/h3>\n<figure id=\"attachment_67378\" class=\"wp-caption alignnone\" aria-describedby=\"caption-attachment-67378\"><img loading=\"lazy\" decoding=\"async\" class=\"wp-image-67378 size-large\" title=\"B\u1ed9 l\u1ecdc Cleansui EFC11 cho thi\u1ebft b\u1ecb EF102 nh\u1eadp kh\u1ea9u Nh\u1eadt 5\" src=\"https:\/\/livinghome.vn\/thiet-bi\/wp-content\/uploads\/loc-nuoc\/cleansui\/binh-loc-cam-tay-cleansui\/binh-loc-cam-tay-cleansui-ej103\/binh-loc-cam-tay-cleansui-ej103-4-1067x800.jpg\" sizes=\"auto, (max-width: 1067px) 100vw, 1067px\" srcset=\"https:\/\/livinghome.vn\/thiet-bi\/wp-content\/uploads\/loc-nuoc\/cleansui\/binh-loc-cam-tay-cleansui\/binh-loc-cam-tay-cleansui-ej103\/binh-loc-cam-tay-cleansui-ej103-4-1067x800.jpg 1067w, https:\/\/livinghome.vn\/thiet-bi\/wp-content\/uploads\/loc-nuoc\/cleansui\/binh-loc-cam-tay-cleansui\/binh-loc-cam-tay-cleansui-ej103\/binh-loc-cam-tay-cleansui-ej103-4-533x400.jpg 533w, https:\/\/livinghome.vn\/thiet-bi\/wp-content\/uploads\/loc-nuoc\/cleansui\/binh-loc-cam-tay-cleansui\/binh-loc-cam-tay-cleansui-ej103\/binh-loc-cam-tay-cleansui-ej103-4-768x576.jpg 768w, https:\/\/livinghome.vn\/thiet-bi\/wp-content\/uploads\/loc-nuoc\/cleansui\/binh-loc-cam-tay-cleansui\/binh-loc-cam-tay-cleansui-ej103\/binh-loc-cam-tay-cleansui-ej103-4-600x450.jpg 600w, https:\/\/livinghome.vn\/thiet-bi\/wp-content\/uploads\/loc-nuoc\/cleansui\/binh-loc-cam-tay-cleansui\/binh-loc-cam-tay-cleansui-ej103\/binh-loc-cam-tay-cleansui-ej103-4.jpg 1200w\" alt=\"B\u00ecnh l\u1ecdc n\u01b0\u1edbc c\u1ea7m tay Cleansui EJ103 nh\u1eadp kh\u1ea9u Nh\u1eadt\" width=\"1067\" height=\"800\" \/><figcaption id=\"caption-attachment-67378\" class=\"wp-caption-text\">B\u1ed9 l\u1ecdc Cleansui EFC21 cho thi\u1ebft b\u1ecb EF201 nh\u1eadp kh\u1ea9u Nh\u1eadt \u2013 H\u01b0\u1edbng d\u1eabn s\u1eed d\u1ee5ng<\/figcaption><\/figure>\n<p>&nbsp;<\/p>\n","protected":false},"excerpt":{"rendered":"<p>L\u1edbp v\u1ea3i l\u01b0\u1edbi kh\u00f4ng d\u1ec7t: Lo\u1ea1i b\u1ecf c\u00e1c c\u1eb7n b\u1ea9n v\u00e0 t\u1ea1p ch\u1ea5t trong n\u01b0\u1edbc<\/p>\n<p>L\u1edbp g\u1ed1m s\u1ee9 \u0111\u1eb7c bi\u1ec7t: Lo\u1ea1i b\u1ecf ch\u00ec h\u00f2a tan trong n\u01b0\u1edbc<\/p>\n<p>L\u1edbp than ho\u1ea1t t\u00ednh: Lo\u1ea1i b\u1ecf c\u00e1c t\u1ea1p ch\u1ea5t \u0111\u1ed9c h\u1ea1i, thu\u1ed1c th\u1ef1c v\u1eadt, kh\u1eed m\u00f9i n\u1ea5m m\u1ed1c, kh\u1eed clo trong n\u01b0\u1edbc\u2026.<\/p>\n<p>D\u1ec5 d\u00e0ng thay th\u1ebf, l\u1eafp \u0111\u1eb7t<\/p>\n","protected":false},"featured_media":3823,"comment_status":"open","ping_status":"closed","template":"","meta":[],"product_brand":[],"product_cat":[440,441],"product_tag":[444,445,443],"class_list":{"0":"post-3782","1":"product","2":"type-product","3":"status-publish","4":"has-post-thumbnail","6":"product_cat-may-loc-nuoc-cleansui","7":"product_cat-thuong-hieu-cleansui","8":"product_tag-bo-loc","9":"product_tag-bo-loc-cleansui","10":"product_tag-cleansui","12":"first","13":"instock","14":"shipping-taxable","15":"purchasable","16":"product-type-simple"},"_links":{"self":[{"href":"https:\/\/livinghome.vn\/thiet-bi\/wp-json\/wp\/v2\/product\/3782","targetHints":{"allow":["GET"]}}],"collection":[{"href":"https:\/\/livinghome.vn\/thiet-bi\/wp-json\/wp\/v2\/product"}],"about":[{"href":"https:\/\/livinghome.vn\/thiet-bi\/wp-json\/wp\/v2\/types\/product"}],"replies":[{"embeddable":true,"href":"https:\/\/livinghome.vn\/thiet-bi\/wp-json\/wp\/v2\/comments?post=3782"}],"wp:featuredmedia":[{"embeddable":true,"href":"https:\/\/livinghome.vn\/thiet-bi\/wp-json\/wp\/v2\/media\/3823"}],"wp:attachment":[{"href":"https:\/\/livinghome.vn\/thiet-bi\/wp-json\/wp\/v2\/media?parent=3782"}],"wp:term":[{"taxonomy":"product_brand","embeddable":true,"href":"https:\/\/livinghome.vn\/thiet-bi\/wp-json\/wp\/v2\/product_brand?post=3782"},{"taxonomy":"product_cat","embeddable":true,"href":"https:\/\/livinghome.vn\/thiet-bi\/wp-json\/wp\/v2\/product_cat?post=3782"},{"taxonomy":"product_tag","embeddable":true,"href":"https:\/\/livinghome.vn\/thiet-bi\/wp-json\/wp\/v2\/product_tag?post=3782"}],"curies":[{"name":"wp","href":"https:\/\/api.w.org\/{rel}","templated":true}]}}