{"id":3779,"date":"2023-01-12T18:25:49","date_gmt":"2023-01-12T18:25:49","guid":{"rendered":"https:\/\/livinghome.vn\/thiet-bi\/?post_type=product&#038;p=3779"},"modified":"2024-11-29T14:20:17","modified_gmt":"2024-11-29T07:20:17","slug":"binh-loc-nuoc-cam-tay-cleansui-ej102-nhap-khau-nhat","status":"publish","type":"product","link":"https:\/\/livinghome.vn\/thiet-bi\/binh-loc-nuoc-cam-tay-cleansui-ej102-nhap-khau-nhat\/","title":{"rendered":"B\u00ecnh l\u1ecdc n\u01b0\u1edbc c\u1ea7m tay Cleansui EJ102 nh\u1eadp kh\u1ea9u Nh\u1eadt"},"content":{"rendered":"<h2>B\u00ecnh l\u1ecdc n\u01b0\u1edbc c\u1ea7m tay Cleansui EJ102 nh\u1eadp kh\u1ea9u Nh\u1eadt<\/h2>\n<h3><span id=\"dac-diem-noi-bat-binh-loc-nuoc-cam-tay-cleansui-ej101\">\u0110\u1eb7c \u0111i\u1ec3m n\u1ed5i b\u1eadt B\u00ecnh l\u1ecdc n\u01b0\u1edbc c\u1ea7m tay Cleansui EJ102<\/span><\/h3>\n<h4><span id=\"1chat-lieu-cao-cap\">1.Ch\u1ea5t li\u1ec7u cao c\u1ea5p<\/span><\/h4>\n<ul>\n<li>Nh\u1ef1a nguy\u00ean sinh, kh\u00f4ng pha t\u1ea1p ch\u1ea5t, kh\u00f4ng th\u00eam ph\u1ee5 gia<\/li>\n<li>An to\u00e0n cho s\u1ee9c kh\u1ecfe ng\u01b0\u1eddi s\u1eed d\u1ee5ng<\/li>\n<\/ul>\n<h4><span id=\"2thiet-ke-thong-minh-co-the-thao-roi-cac-bo-phan\">2.Thi\u1ebft k\u1ebf th\u00f4ng minh, c\u00f3 th\u00ea th\u00e1o r\u1eddi c\u00e1c b\u1ed9 ph\u1eadn<\/span><\/h4>\n<ul>\n<li>N\u1eafp, ph\u1ec5u v\u00e0 b\u1ed9 l\u1ecdc c\u00f3 th\u1ec3 th\u00e1o r\u1eddi, gi\u00fap d\u1ec5 v\u1ec7 sinh v\u00e0 ch\u00f9i r\u1eeda<\/li>\n<li>N\u1eafp b\u00ecnh EJ102 c\u00f3 ron \u0111\u1ec7m cao su ch\u1ed1ng r\u00f2 r\u0129 n\u01b0\u1edbc, gi\u00fap b\u00ecnh c\u00f3 th\u1ec3 \u0111\u1eb7t n\u1eb1m ngang trong t\u1ee7 l\u1ea1nh<\/li>\n<li>V\u00f2ng hi\u1ec3n th\u1ecb th\u1eddi gian s\u1eed d\u1ee5ng tr\u00ean n\u1eafp b\u00ecnh gi\u00fap d\u1ec5 d\u00e0ng theo d\u00f5i th\u1eddi gian thay th\u1ebf b\u1ed9 l\u1ecdc trong 3 th\u00e1ng<\/li>\n<li>Thi\u1ebft k\u1ebf kh\u00f4ng tay c\u1ea7m, thon g\u1ecdn. Gi\u00fap ti\u1ebft ki\u1ec7m kh\u00f4ng gian l\u01b0u tr\u1eef c\u00f3 th\u1ec3 \u0111\u1eb7t v\u1eeba trong c\u1eeda t\u1ee7 l\u1ea1nh<\/li>\n<\/ul>\n<h4><span id=\"3bo-loc-cong-nghe-cao\">3.B\u1ed9 l\u1ecdc c\u00f4ng ngh\u1ec7 cao<\/span><\/h4>\n<ul>\n<li>T\u00edch h\u1ee3p c\u00e1c c\u1ea5p l\u1ecdc ti\u00ean ti\u1ebfn trong m\u1ed9t b\u1ed9 l\u1ecdc nh\u1ecf g\u1ecdn, c\u00f4ng su\u1ea5t l\u1ecdc l\u1edbn l\u1ebfn \u0111\u1ebfn 200 l\u00edt<\/li>\n<li>C\u1ed9ng ngh\u1ec7 m\u00e0ng l\u1ecdc s\u1ee3i r\u1ed7ng lo\u1ea1i b\u1ecf vi khu\u1ea9n k\u00edch th\u01b0\u1edbc nh\u1ecf t\u1edbi 1\u00b5m<\/li>\n<li>N\u01b0\u1edbc l\u1ecdc s\u1ea1ch u\u1ed1ng tr\u1ef1c ti\u1ebfp v\u00e0 gi\u1eef nguy\u00ean kho\u00e1ng ch\u1ea5t trong n\u01b0\u1edbc<\/li>\n<li>Kh\u00f4ng s\u1eed d\u1ee5ng \u0111i\u1ec7n<\/li>\n<li>Kh\u00f4ng t\u1ed1n n\u01b0\u1edbc th\u1ea3i<\/li>\n<li>L\u01b0u l\u01b0\u1ee3ng l\u1ecdc nhanh 0,1 l\u00edt\/ph\u00fat<\/li>\n<li>Ti\u1ebft ki\u1ec7m chi ph\u00ed<\/li>\n<\/ul>\n<h3><span id=\"thong-so-ky-thuat-binh-loc-nuoc-cam-tay-cleansui-ej101\">Th\u00f4ng s\u1ed1 k\u1ef9 thu\u1eadt B\u00ecnh l\u1ecdc n\u01b0\u1edbc c\u1ea7m tay Cleansui EJ102<\/span><\/h3>\n<figure id=\"attachment_67376\" aria-describedby=\"caption-attachment-67376\" style=\"width: 1067px\" class=\"wp-caption alignnone\"><img loading=\"lazy\" decoding=\"async\" class=\"wp-image-67376 size-large\" src=\"https:\/\/livinghome.vn\/thiet-bi\/wp-content\/uploads\/loc-nuoc\/cleansui\/binh-loc-cam-tay-cleansui\/binh-loc-cam-tay-cleansui-ej102\/binh-loc-cam-tay-cleansui-ej102-1-1067x800.jpg\" alt=\"B\u00ecnh l\u1ecdc n\u01b0\u1edbc c\u1ea7m tay Cleansui EJ102 nh\u1eadp kh\u1ea9u Nh\u1eadt\" width=\"1067\" height=\"800\" title=\"\"><figcaption id=\"caption-attachment-67376\" class=\"wp-caption-text\">B\u00ecnh l\u1ecdc n\u01b0\u1edbc c\u1ea7m tay Cleansui EJ102 nh\u1eadp kh\u1ea9u Nh\u1eadt &#8211; Th\u00f4ng s\u1ed1 k\u1ef9 thu\u1eadt<\/figcaption><\/figure>\n<figure id=\"attachment_67375\" aria-describedby=\"caption-attachment-67375\" style=\"width: 1067px\" class=\"wp-caption alignnone\"><img loading=\"lazy\" decoding=\"async\" class=\"wp-image-67375 size-large\" src=\"https:\/\/livinghome.vn\/thiet-bi\/wp-content\/uploads\/loc-nuoc\/cleansui\/binh-loc-cam-tay-cleansui\/binh-loc-cam-tay-cleansui-ej102\/binh-loc-cam-tay-cleansui-ej102-2-1067x800.jpg\" alt=\"B\u00ecnh l\u1ecdc n\u01b0\u1edbc c\u1ea7m tay Cleansui EJ102 nh\u1eadp kh\u1ea9u Nh\u1eadt\" width=\"1067\" height=\"800\" title=\"\"><figcaption id=\"caption-attachment-67375\" class=\"wp-caption-text\">B\u00ecnh l\u1ecdc n\u01b0\u1edbc c\u1ea7m tay Cleansui EJ102 nh\u1eadp kh\u1ea9u Nh\u1eadt &#8211; Th\u00f4ng s\u1ed1 k\u1ef9 thu\u1eadt<\/figcaption><\/figure>\n<h3><span id=\"huong-dan-su-dung-binh-loc-nuoc-cam-tay-cleansui-ej101\">H\u01b0\u1edbng d\u1eabn s\u1eed d\u1ee5ng B\u00ecnh l\u1ecdc n\u01b0\u1edbc c\u1ea7m tay Cleansui EJ102<\/span><\/h3>\n<figure id=\"attachment_67373\" aria-describedby=\"caption-attachment-67373\" style=\"width: 1067px\" class=\"wp-caption alignnone\"><img loading=\"lazy\" decoding=\"async\" class=\"wp-image-67373 size-large\" src=\"https:\/\/livinghome.vn\/thiet-bi\/wp-content\/uploads\/loc-nuoc\/cleansui\/binh-loc-cam-tay-cleansui\/binh-loc-cam-tay-cleansui-ej102\/binh-loc-cam-tay-cleansui-ej102-4-1067x800.jpg\" alt=\"B\u00ecnh l\u1ecdc n\u01b0\u1edbc c\u1ea7m tay Cleansui EJ102 nh\u1eadp kh\u1ea9u Nh\u1eadt\" width=\"1067\" height=\"800\" title=\"\"><figcaption id=\"caption-attachment-67373\" class=\"wp-caption-text\">B\u00ecnh l\u1ecdc n\u01b0\u1edbc c\u1ea7m tay Cleansui EJ102 nh\u1eadp kh\u1ea9u Nh\u1eadt &#8211; H\u01b0\u1edbng d\u1eabn s\u1eed d\u1ee5ng<\/figcaption><\/figure>\n","protected":false},"excerpt":{"rendered":"<p>N\u01b0\u1edbc u\u1ed1ng c\u00f3 kho\u00e1ng ch\u1ea5t t\u1ef1 nhi\u00ean<\/p>\n<p>V\u00f2ng hi\u1ec3n th\u1ecb th\u1eddi gian s\u1eed d\u1ee5ng b\u1ed9 l\u1ecdc tr\u00ean n\u1eafp b\u00ecnh<\/p>\n<p>L\u01b0u l\u01b0\u1ee3ng n\u01b0\u1edbc l\u1ecdc nhanh cho nhu c\u1ea7u s\u1eed d\u1ee5ng t\u1ee9c th\u00ec<\/p>\n<p>Thi\u1ebft k\u1ebf nh\u1ecf g\u1ecdn, ti\u1ebft ki\u1ec7m kh\u00f4ng gian c\u1ea5t tr\u1eef trong t\u1ee7 l\u1ea1nh<\/p>\n<p>T\u00ednh di \u0111\u1ed9ng cao, kh\u00f4ng r\u00f2 r\u1ec9 n\u01b0\u1edbc khi \u0111\u1eb7t b\u00ecnh n\u1eb1m ngang<\/p>\n","protected":false},"featured_media":3810,"comment_status":"open","ping_status":"closed","template":"","meta":[],"product_brand":[],"product_cat":[440,441],"product_tag":[414,442,443,404],"class_list":{"0":"post-3779","1":"product","2":"type-product","3":"status-publish","4":"has-post-thumbnail","6":"product_cat-may-loc-nuoc-cleansui","7":"product_cat-thuong-hieu-cleansui","8":"product_tag-binh-loc-nuoc","9":"product_tag-binh-loc-nuoc-cleansui","10":"product_tag-cleansui","11":"product_tag-may-loc-nuoc","13":"first","14":"instock","15":"shipping-taxable","16":"purchasable","17":"product-type-simple"},"_links":{"self":[{"href":"https:\/\/livinghome.vn\/thiet-bi\/wp-json\/wp\/v2\/product\/3779","targetHints":{"allow":["GET"]}}],"collection":[{"href":"https:\/\/livinghome.vn\/thiet-bi\/wp-json\/wp\/v2\/product"}],"about":[{"href":"https:\/\/livinghome.vn\/thiet-bi\/wp-json\/wp\/v2\/types\/product"}],"replies":[{"embeddable":true,"href":"https:\/\/livinghome.vn\/thiet-bi\/wp-json\/wp\/v2\/comments?post=3779"}],"wp:featuredmedia":[{"embeddable":true,"href":"https:\/\/livinghome.vn\/thiet-bi\/wp-json\/wp\/v2\/media\/3810"}],"wp:attachment":[{"href":"https:\/\/livinghome.vn\/thiet-bi\/wp-json\/wp\/v2\/media?parent=3779"}],"wp:term":[{"taxonomy":"product_brand","embeddable":true,"href":"https:\/\/livinghome.vn\/thiet-bi\/wp-json\/wp\/v2\/product_brand?post=3779"},{"taxonomy":"product_cat","embeddable":true,"href":"https:\/\/livinghome.vn\/thiet-bi\/wp-json\/wp\/v2\/product_cat?post=3779"},{"taxonomy":"product_tag","embeddable":true,"href":"https:\/\/livinghome.vn\/thiet-bi\/wp-json\/wp\/v2\/product_tag?post=3779"}],"curies":[{"name":"wp","href":"https:\/\/api.w.org\/{rel}","templated":true}]}}