{"id":377,"date":"2023-01-12T10:07:30","date_gmt":"2023-01-12T10:07:30","guid":{"rendered":"https:\/\/livinghome.vn\/thiet-bi\/?post_type=product&#038;p=377"},"modified":"2024-11-29T14:21:05","modified_gmt":"2024-11-29T07:21:05","slug":"noi-chien-khong-dau-dmestik-dk55-55-lit","status":"publish","type":"product","link":"https:\/\/livinghome.vn\/thiet-bi\/noi-chien-khong-dau-dmestik-dk55-55-lit\/","title":{"rendered":"N\u1ed3i chi\u00ean kh\u00f4ng d\u1ea7u Dmestik DK55 5,5 l\u00edt"},"content":{"rendered":"<h2><strong>N\u1ed3i chi\u00ean kh\u00f4ng d\u1ea7u Dmestik DK55 5,5 l\u00edt v\u1edbi nh\u1eefng t\u00ednh n\u0103ng \u01b0u vi\u1ec7t, an to\u00e0n s\u1eed d\u1ee5ng v\u00e0 tu\u1ed5i th\u1ecd l\u00e2u d\u00e0i l\u00e0 m\u1ed9t trong nh\u1eefng l\u1ef1a ch\u1ecdn h\u00e0ng \u0111\u1ea7u c\u1ee7a c\u00e1c b\u00e0 n\u1ed9i tr\u1ee3 th\u00f4ng th\u00e1i.<\/strong><\/h2>\n<h3>M\u00f4 t\u1ea3 s\u1ea3n ph\u1ea9m<\/h3>\n<ul>\n<li>Ph\u00e2n lo\u1ea1i : <a href=\"https:\/\/livinghome.vn\/thiet-bi\/\">N\u1ed3i chi\u00ean kh\u00f4ng d\u1ea7u<\/a> Dmestik DK55<\/li>\n<li>Chi\u00ean kh\u00f4ng c\u1ea7n s\u1eed d\u1ee5ng d\u1ea7u \u0103n, gi\u00fap gi\u1ea3m \u0111\u1ebfn 80% l\u01b0\u1ee3ng ch\u1ea5t b\u00e9o d\u1ea7u m\u1ee1 c\u00f3 trong th\u1ef1c ph\u1ea9m<\/li>\n<li>Thi\u1ebft k\u1ebf hi\u1ec7n \u0111\u1ea1i v\u00e0 ti\u1ec7n d\u1ee5ng v\u1edbi b\u1ea3ng \u0111i\u1ec1u khi\u1ec3n d\u1ea1ng n\u00fam xoay v\u00e0 khay \u0111\u1ef1ng th\u1ef1c ph\u1ea9m d\u1ea1ng tr\u01b0\u1ee3t r\u1ea5t d\u1ec5 s\u1eed d\u1ee5ng<\/li>\n<li>\u0110i\u1ec1u ch\u1ec9nh th\u1eddi gian t\u1eeb 1 &#8211; 30 ph\u00fat<\/li>\n<li>Nhi\u1ec7t \u0111\u1ed9 cao, t\u1ed1i \u01b0u b\u1edfi tu\u1ea7n ho\u00e0n v\u00f2ng<\/li>\n<li>\u0110i\u1ec1u ch\u1ec9nh nhi\u1ec7t \u0111\u1ed9 t\u1eeb 80 &#8211; 200 \u0111\u1ed9 C<\/li>\n<li>Tu\u1ea7n ho\u00e0n kh\u00f4ng kh\u00ed v\u1edbi t\u1ed1c \u0111\u1ed9 cao<\/li>\n<li>Ch\u1ea5t li\u1ec7u cao c\u1ea5p v\u1edbi v\u1ecf l\u00e0m t\u1eeb nh\u1ef1a PP, ABS c\u00f3 kh\u1ea3 n\u0103ng ch\u1ecbu nhi\u1ec7t, l\u00f2ng ng\u0103n chi\u00ean l\u00e0m t\u1eeb th\u00e9p ph\u1ee7 l\u1edbp ch\u1ed1ng d\u00ednh ch\u1ea5t l\u01b0\u1ee3ng cao<\/li>\n<li>An to\u00e0n khi s\u1eed d\u1ee5ng<\/li>\n<li>D\u1ec5 d\u00e0ng v\u1ec7 sinh<\/li>\n<li>B\u1ea3o h\u00e0nh 1 n\u0103m<\/li>\n<li>Xu\u1ea5t x\u1ee9: Ch\u00ednh h\u00e3ng<\/li>\n<\/ul>\n<p>\u0110\u1ed1i v\u1edbi nh\u1eefng ai \u0111am m\u00ea n\u1ed9i tr\u1ee3 ch\u1eafc h\u1eb3n s\u1ebd kh\u00f4ng th\u1ec3 thi\u1ebfu m\u1ed9t chi\u1ebfc n\u1ed3i chi\u00ean kh\u00f4ng d\u1ea7u trong c\u0103n b\u1ebfp nh\u00e0 b\u1ea1n. N\u1ed3i chi\u00ean kh\u00f4ng d\u1ea7u ra \u0111\u1eddi \u0111\u00e1nh d\u1ea5u m\u1ed9t b\u01b0\u1edbc ph\u00e1t tri\u1ec3n m\u1edbi trong n\u1ea5u n\u01b0\u1edbng t\u1ea1o s\u1ef1 kh\u00e1c bi\u1ec7t so v\u1edbi chi\u00ean r\u00e1n theo ki\u1ec3u truy\u1ec1n th\u1ed1ng.<\/p>\n<figure id=\"attachment_53483\" aria-describedby=\"caption-attachment-53483\" style=\"width: 800px\" class=\"wp-caption aligncenter\"><img loading=\"lazy\" decoding=\"async\" class=\"wp-image-53483 size-large\" src=\"https:\/\/livinghome.vn\/thiet-bi\/wp-content\/uploads\/nha-bep\/dmestik\/noi-chien-khong-dau\/noi-chien-khong-dau-dmestik-dk55\/noi-chien-khong-dau-dmestik-dk55-1-800x800.jpg\" alt=\"N\u1ed3i chi\u00ean kh\u00f4ng d\u1ea7u Dmestik DK55 5,5 l\u00edt\" width=\"800\" height=\"800\" title=\"\"><figcaption id=\"caption-attachment-53483\" class=\"wp-caption-text\">N\u1ed3i chi\u00ean kh\u00f4ng d\u1ea7u Dmestik DK55 5,5 l\u00edt<\/figcaption><\/figure>\n","protected":false},"excerpt":{"rendered":"<p style=\"text-align: center;\">Chi\u00ean kh\u00f4ng c\u1ea7n s\u1eed d\u1ee5ng d\u1ea7u \u0103n, gi\u00fap gi\u1ea3m \u0111\u1ebfn 80% l\u01b0\u1ee3ng ch\u1ea5t b\u00e9o d\u1ea7u m\u1ee1 c\u00f3 trong th\u1ef1c ph\u1ea9m<\/p>\n<p style=\"text-align: center;\">\u0110i\u1ec1u ch\u1ec9nh th\u1eddi gian t\u1eeb 1 &#8211; 30 ph\u00fat<\/p>\n<p style=\"text-align: center;\">\u0110i\u1ec1u ch\u1ec9nh nhi\u1ec7t \u0111\u1ed9 t\u1eeb 80 &#8211; 200 \u0111\u1ed9 C<\/p>\n<p style=\"text-align: center;\">Ch\u1ea5t li\u1ec7u cao c\u1ea5p v\u1edbi v\u1ecf l\u00e0m t\u1eeb nh\u1ef1a PP, ABS c\u00f3 kh\u1ea3 n\u0103ng ch\u1ecbu nhi\u1ec7t, l\u00f2ng ng\u0103n chi\u00ean l\u00e0m t\u1eeb th\u00e9p ph\u1ee7 l\u1edbp ch\u1ed1ng d\u00ednh ch\u1ea5t l\u01b0\u1ee3ng cao<\/p>\n<p style=\"text-align: center;\">An to\u00e0n khi s\u1eed d\u1ee5ng<\/p>\n<p style=\"text-align: center;\">D\u1ec5 d\u00e0ng v\u1ec7 sinh<\/p>\n<p style=\"text-align: center;\">\n","protected":false},"featured_media":423,"comment_status":"open","ping_status":"closed","template":"","meta":[],"product_brand":[],"product_cat":[101,72],"product_tag":[74,104,105],"class_list":{"0":"post-377","1":"product","2":"type-product","3":"status-publish","4":"has-post-thumbnail","6":"product_cat-gia-dung-khac","7":"product_cat-thuong-hieu-dmestik","8":"product_tag-dmestik","9":"product_tag-noi-chien-khong-dau","10":"product_tag-noi-chien-khong-dau-dmestik","12":"first","13":"instock","14":"sale","15":"shipping-taxable","16":"purchasable","17":"product-type-simple"},"_links":{"self":[{"href":"https:\/\/livinghome.vn\/thiet-bi\/wp-json\/wp\/v2\/product\/377","targetHints":{"allow":["GET"]}}],"collection":[{"href":"https:\/\/livinghome.vn\/thiet-bi\/wp-json\/wp\/v2\/product"}],"about":[{"href":"https:\/\/livinghome.vn\/thiet-bi\/wp-json\/wp\/v2\/types\/product"}],"replies":[{"embeddable":true,"href":"https:\/\/livinghome.vn\/thiet-bi\/wp-json\/wp\/v2\/comments?post=377"}],"wp:featuredmedia":[{"embeddable":true,"href":"https:\/\/livinghome.vn\/thiet-bi\/wp-json\/wp\/v2\/media\/423"}],"wp:attachment":[{"href":"https:\/\/livinghome.vn\/thiet-bi\/wp-json\/wp\/v2\/media?parent=377"}],"wp:term":[{"taxonomy":"product_brand","embeddable":true,"href":"https:\/\/livinghome.vn\/thiet-bi\/wp-json\/wp\/v2\/product_brand?post=377"},{"taxonomy":"product_cat","embeddable":true,"href":"https:\/\/livinghome.vn\/thiet-bi\/wp-json\/wp\/v2\/product_cat?post=377"},{"taxonomy":"product_tag","embeddable":true,"href":"https:\/\/livinghome.vn\/thiet-bi\/wp-json\/wp\/v2\/product_tag?post=377"}],"curies":[{"name":"wp","href":"https:\/\/api.w.org\/{rel}","templated":true}]}}