{"id":376,"date":"2023-01-12T10:07:30","date_gmt":"2023-01-12T10:07:30","guid":{"rendered":"https:\/\/livinghome.vn\/thiet-bi\/?post_type=product&#038;p=376"},"modified":"2024-11-29T14:18:25","modified_gmt":"2024-11-29T07:18:25","slug":"dung-dich-lam-sach-dmestik-clean-216","status":"publish","type":"product","link":"https:\/\/livinghome.vn\/thiet-bi\/dung-dich-lam-sach-dmestik-clean-216\/","title":{"rendered":"Dung d\u1ecbch l\u00e0m s\u1ea1ch Dmestik Clean 216"},"content":{"rendered":"<h2 class=\"thin-font\"><strong>Dung d\u1ecbch l\u00e0m s\u1ea1ch Dmestik Clean 216<\/strong><\/h2>\n<h3>M\u00f4 t\u1ea3 s\u1ea3n ph\u1ea9m<\/h3>\n<ul>\n<li><strong>L\u00e0m s<\/strong><strong>\u1ea1<\/strong><strong>ch c\u00e1c b<\/strong><strong>\u1ec1<\/strong><strong> m<\/strong><strong>\u1eb7<\/strong><strong>t \u0111\u00e1<\/strong><\/li>\n<li>H\u00e0ng ch\u00ednh h\u00e3ng nh\u1eadp kh\u1ea9u tr\u1ef1c ti\u1ebfp t\u1ea1i M\u1ef9.<\/li>\n<li><\/li>\n<li>Tu\u00e2n theo c\u00e1c ti\u00eau chu\u1ea9n kh\u1eaft khe nh\u1ea5t v\u1ec1 AN TO\u00c0N S\u1ee8C KH\u1eceE.<\/li>\n<li>L\u00e0 dung d\u1ecbch v\u1edbi c\u00f4ng ngh\u1ec7 ti\u00ean ti\u1ebfn, chi\u1ebft xu\u1ea5t t\u1eeb th\u1ef1c v\u1eadt t\u1ef1 nhi\u00ean, di\u1ec7t s\u1ea1ch t\u1edbi 99,9% vi khu\u1ea9n, d\u1ec5 d\u00e0ng \u0111\u00e1nh bay m\u1ecdi v\u1ebft b\u1ea9n tr\u00ean b\u1ec1 m\u1eb7t ch\u1ea5t li\u1ec7u kh\u00e1c nhau.<\/li>\n<li>S\u1eed d\u1ee5ng cho \u0111\u00e1 Granite<\/li>\n<li>Dung d\u1ecbch l\u00e0m s\u1ea1ch Dmestik Clean 216 l\u00e0 dung d\u1ecbch ch\u1ea5t l\u1ecfng d\u00f9ng t\u1ea9y r\u1eeda, v\u1ec7 sinh c\u00e1c v\u1ebft b\u1ea9n b\u00e1m tr\u00ean b\u1ec1 m\u1eb7t \u0111\u00e1 Granite, c\u00f3 th\u1ec3 ho\u00e0n to\u00e0n lo\u1ea1i b\u1ecf d\u1ea7u m\u1ee1; d\u1ea5u v\u00e2n tay; b\u1ee5i b\u1ea9n; v\u00e0 v\u1ebft \u1ed1 tr\u00ean \u0111\u00e1 Granite d\u00f9ng trang tr\u00ed v\u00e0 d\u00f9ng cho b\u00e0n b\u1ebfp.<\/li>\n<li>Kh\u00f4 m\u1ed9t c\u00e1ch nhanh ch\u00f3ng; \u0111\u1ec3 l\u1ea1i h\u01b0\u01a1ng th\u01a1m ng\u00e1t.<\/li>\n<li>B\u1ea3o v\u1ec7 b\u1ec1 m\u1eb7t \u0111\u00e1 granit, \u0111\u00e1nh b\u00f3ng b\u1ec1 m\u1eb7t \u0111\u00e1 granit<\/li>\n<li>Kh\u00f4ng l\u00e0m hao m\u00f2n b\u1ec1 m\u1eb7t m\u1ee5c ti\u00eau c\u1ea7n t\u1ea9y r\u1eeda.<\/li>\n<li>Kh\u00f4ng \u0111\u1ec3 l\u1ea1i d\u01b0 l\u01b0\u1ee3ng dung d\u1ecbch th\u1eeba tr\u00ean b\u1ec1 m\u1eb7t \u0111\u1ed1i t\u01b0\u1ee3ng.<\/li>\n<li>Dung dich \u0111\u01b0\u1ee3c chi\u1ebft xu\u1ea5t t\u1eeb t\u1ef1 nhi\u00ean an to\u00e0n cho da, kh\u00f4ng g\u00e2y \u0111\u1ed9c h\u1ea1i, an to\u00e0n cho ng\u01b0\u1eddi s\u1eed d\u1ee5ng.<\/li>\n<li>Dung t\u00edch : 355ml<\/li>\n<li>Ki\u1ec3u d\u00e1ng: D\u1ea1ng chai x\u1ecbt, nh\u1ecf g\u1ecdn d\u1ec5 s\u1eed d\u1ee5ng<\/li>\n<\/ul>\n<figure id=\"attachment_57583\" aria-describedby=\"caption-attachment-57583\" style=\"width: 800px\" class=\"wp-caption aligncenter\"><img loading=\"lazy\" decoding=\"async\" class=\"wp-image-57583 size-large\" src=\"https:\/\/livinghome.vn\/thiet-bi\/wp-content\/uploads\/nha-bep\/dmestik\/dung-dich-lam-sach\/dung-dich-ve-sinh-lam-sach-dmestik-clean-216\/dung-dich-ve-sinh-lam-sach-dmestik-clean-216-1-800x800.jpg\" alt=\"Dung d\u1ecbch l\u00e0m s\u1ea1ch Dmestik Clean 216\" width=\"800\" height=\"800\" title=\"\"><figcaption id=\"caption-attachment-57583\" class=\"wp-caption-text\">Dung d\u1ecbch l\u00e0m s\u1ea1ch Dmestik Clean 216<\/figcaption><\/figure>\n<h3>H\u01b0\u1ee1ng d\u1eabn s\u1eed d\u1ee5ng<\/h3>\n<ul>\n<li>X\u1ecbt l\u01b0\u1ee3ng nh\u1ecf v\u00e0o m\u1eb7t<\/li>\n<li>Lau s\u1ea1ch b\u1ee5i b\u1ea9n b\u1eb1ng kh\u0103n kh\u00f4 ho\u1eb7c kh\u0103n gi\u1ea5y.<\/li>\n<li>Tr\u00e1nh xa t\u1ea7m tay tr\u1ebb em.<\/li>\n<\/ul>\n","protected":false},"excerpt":{"rendered":"<p style=\"text-align: center;\">L\u00e0m s\u1ea1ch c\u00e1c b\u1ec1 m\u1eb7t \u0111\u00e1<\/p>\n<p style=\"text-align: center;\">H\u00e0ng ch\u00ednh h\u00e3ng nh\u1eadp kh\u1ea9u tr\u1ef1c ti\u1ebfp t\u1ea1i M\u1ef9.<\/p>\n<p style=\"text-align: center;\">Kh\u00f4ng l\u00e0m hao m\u00f2n b\u1ec1 m\u1eb7t m\u1ee5c ti\u00eau c\u1ea7n t\u1ea9y r\u1eeda.<\/p>\n<p style=\"text-align: center;\">Dung t\u00edch : 355ml<\/p>\n<p style=\"text-align: center;\">\n","protected":false},"featured_media":422,"comment_status":"open","ping_status":"closed","template":"","meta":[],"product_brand":[],"product_cat":[101,72],"product_tag":[74,102,103],"class_list":{"0":"post-376","1":"product","2":"type-product","3":"status-publish","4":"has-post-thumbnail","6":"product_cat-gia-dung-khac","7":"product_cat-thuong-hieu-dmestik","8":"product_tag-dmestik","9":"product_tag-dung-dich-lam-sach","10":"product_tag-dung-dich-lam-sach-dmestik","12":"first","13":"instock","14":"shipping-taxable","15":"purchasable","16":"product-type-simple"},"_links":{"self":[{"href":"https:\/\/livinghome.vn\/thiet-bi\/wp-json\/wp\/v2\/product\/376","targetHints":{"allow":["GET"]}}],"collection":[{"href":"https:\/\/livinghome.vn\/thiet-bi\/wp-json\/wp\/v2\/product"}],"about":[{"href":"https:\/\/livinghome.vn\/thiet-bi\/wp-json\/wp\/v2\/types\/product"}],"replies":[{"embeddable":true,"href":"https:\/\/livinghome.vn\/thiet-bi\/wp-json\/wp\/v2\/comments?post=376"}],"wp:featuredmedia":[{"embeddable":true,"href":"https:\/\/livinghome.vn\/thiet-bi\/wp-json\/wp\/v2\/media\/422"}],"wp:attachment":[{"href":"https:\/\/livinghome.vn\/thiet-bi\/wp-json\/wp\/v2\/media?parent=376"}],"wp:term":[{"taxonomy":"product_brand","embeddable":true,"href":"https:\/\/livinghome.vn\/thiet-bi\/wp-json\/wp\/v2\/product_brand?post=376"},{"taxonomy":"product_cat","embeddable":true,"href":"https:\/\/livinghome.vn\/thiet-bi\/wp-json\/wp\/v2\/product_cat?post=376"},{"taxonomy":"product_tag","embeddable":true,"href":"https:\/\/livinghome.vn\/thiet-bi\/wp-json\/wp\/v2\/product_tag?post=376"}],"curies":[{"name":"wp","href":"https:\/\/api.w.org\/{rel}","templated":true}]}}