{"id":372,"date":"2023-01-12T10:07:30","date_gmt":"2023-01-12T10:07:30","guid":{"rendered":"https:\/\/livinghome.vn\/thiet-bi\/?post_type=product&#038;p=372"},"modified":"2024-11-29T14:21:05","modified_gmt":"2024-11-29T07:21:05","slug":"dung-dich-lam-sach-dmestik-clean-782","status":"publish","type":"product","link":"https:\/\/livinghome.vn\/thiet-bi\/dung-dich-lam-sach-dmestik-clean-782\/","title":{"rendered":"Dung d\u1ecbch l\u00e0m s\u1ea1ch Dmestik Clean 782"},"content":{"rendered":"<h2 class=\"thin-font\"><strong>Dung d\u1ecbch l\u00e0m s\u1ea1ch Dmestik Clean 782\u00a0<\/strong><\/h2>\n<h3>M\u00f4 t\u1ea3 s\u1ea3n ph\u1ea9m<\/h3>\n<p>&nbsp;<\/p>\n<ul>\n<li><strong>S<\/strong><strong>\u1eed<\/strong><strong> d<\/strong><strong>\u1ee5<\/strong><strong>ng cho: B<\/strong><strong>\u1ebf<\/strong><strong>p, d<\/strong><strong>\u1ee5<\/strong><strong>ng c<\/strong><strong>\u1ee5<\/strong><strong> nh\u00e0 b<\/strong><strong>\u1ebf<\/strong><strong>p, Inox&#8230;<\/strong><\/li>\n<li>H\u00e0ng ch\u00ednh h\u00e3ng nh\u1eadp kh\u1ea9u tr\u1ef1c ti\u1ebfp t\u1ea1i M\u1ef9.<\/li>\n<li>Tu\u00e2n theo c\u00e1c ti\u00eau chu\u1ea9n kh\u1eaft khe nh\u1ea5t v\u1ec1 AN TO\u00c0N S\u1ee8C KH\u1eceE.<\/li>\n<li>L\u00e0 dung d\u1ecbch v\u1edbi c\u00f4ng ngh\u1ec7 ti\u00ean ti\u1ebfn, chi\u1ebft xu\u1ea5t t\u1eeb th\u1ef1c v\u1eadt t\u1ef1 nhi\u00ean, di\u1ec7t s\u1ea1ch t\u1edbi 99,9% vi khu\u1ea9n, d\u1ec5 d\u00e0ng \u0111\u00e1nh bay m\u1ecdi v\u1ebft b\u1ea9n tr\u00ean b\u1ec1 m\u1eb7t ch\u1ea5t li\u1ec7u kh\u00e1c nhau.<\/li>\n<li><strong>S<\/strong><strong>\u1eed<\/strong><strong> d<\/strong><strong>\u1ee5<\/strong><strong>ng cho: B<\/strong><strong>\u1ebf<\/strong><strong>p, d<\/strong><strong>\u1ee5<\/strong><strong>ng c<\/strong><strong>\u1ee5<\/strong><strong> nh\u00e0 b<\/strong><strong>\u1ebf<\/strong><strong>p, Inox<\/strong><strong><br \/>\n<\/strong><\/li>\n<li>L\u00e0m s\u1ea1ch v\u00e0 lo\u1ea1i b\u1ecf tri\u1ec7t \u0111\u1ec3 c\u00e1c m\u1ea3ng b\u00e1m b\u1ea9n, v\u1ebft d\u1ea7u m\u1ee1 kh\u00f3 v\u1ec7 sinh tr\u00ean b\u1ec1 m\u1eb7t k\u00ednh c\u1ee7a b\u1ebfp t\u1eeb, b\u1ebfp \u0111i\u1ec7n, d\u1ee5ng c\u1ee5 nh\u00e0 b\u1ebfp, inox<\/li>\n<li>Ng\u0103n ng\u1eeba v\u00e0 b\u1ea3o v\u1ec7 b\u1edfi c\u00e1c t\u00e1c nh\u00e2n \u0103n m\u00f2n v\u00e0 c\u00e1c v\u1ebft b\u1ea9n m\u1edbi g\u00e2y ra<\/li>\n<li>L\u00e0m b\u00f3ng m\u1eb7t k\u00ednh, lo\u1ea1i b\u1ecf m\u00f9i kh\u00f3 ch\u1ecbu<\/li>\n<li>B\u1ea3o v\u1ec7 t\u1ed1i \u01b0u, t\u0103ng tu\u1ed5i th\u1ecd m\u1eb7t k\u00ednh, b\u1ebfp v\u00e0 c\u00e1c d\u1ee5ng c\u1ee5 nh\u00e0 b\u1ebfp.<\/li>\n<li>Dung t\u00edch; 355ml<\/li>\n<li>Ki\u1ec3u d\u00e1ng: D\u1ea1ng chai x\u1ecbt, d\u1ec5 d\u00e0ng s\u1eed d\u1ee5ng,th\u00e2n thi\u1ec7n v\u1edbi m\u00f4i tr\u01b0\u1eddng<\/li>\n<li>V\u1edbi dung d\u1ecbch l\u00e0m s\u1ea1ch Dmestik Clean 782<\/li>\n<li>Kh\u00f4 m\u1ed9t c\u00e1ch nhanh ch\u00f3ng; \u0111\u1ec3 l\u1ea1i h\u01b0\u01a1ng th\u01a1m ng\u00e1t.<\/li>\n<li>B\u1ea3o v\u1ec7 b\u1ec1 m\u1eb7t \u0111\u1ed3 g\u1ed7, n\u1ed9i ngo\u1ea1i th\u1ea5t<\/li>\n<li>Kh\u00f4ng l\u00e0m hao m\u00f2n b\u1ec1 m\u1eb7t m\u1ee5c ti\u00eau c\u1ea7n t\u1ea9y r\u1eeda.<\/li>\n<li>Kh\u00f4ng \u0111\u1ec3 l\u1ea1i d\u01b0 l\u01b0\u1ee3ng dung d\u1ecbch th\u1eeba tr\u00ean b\u1ec1 m\u1eb7t \u0111\u1ed1i t\u01b0\u1ee3ng.<\/li>\n<li>Dung d\u1ecbch \u0111\u01b0\u1ee3c chi\u1ebft xu\u1ea5t t\u1eeb t\u1ef1 nhi\u00ean an to\u00e0n cho da, kh\u00f4ng g\u00e2y \u0111\u1ed9c h\u1ea1i, an to\u00e0n cho ng\u01b0\u1eddi s\u1eed d\u1ee5ng.<\/li>\n<li>Ki\u1ec3u d\u00e1ng: D\u1ea1ng chai x\u1ecbt, nh\u1ecf g\u1ecdn d\u1ec5 s\u1eed d\u1ee5ng<\/li>\n<\/ul>\n<p>&nbsp;<\/p>\n<h3><strong>H<\/strong><strong>\u01b0\u1edb<\/strong><strong>ng d<\/strong><strong>\u1eab<\/strong><strong>n s<\/strong><strong>\u1eed<\/strong><strong> d<\/strong><strong>\u1ee5<\/strong><strong>ng<\/strong><\/h3>\n<ul>\n<li>X\u1ecbt l\u01b0\u1ee3ng nh\u1ecf v\u00e0o m\u1eb7t<\/li>\n<li>Lau s\u1ea1ch b\u1ee5i b\u1ea9n b\u1eb1ng kh\u0103n kh\u00f4 ho\u1eb7c kh\u0103n gi\u1ea5y.<\/li>\n<li>Tr\u00e1nh xa t\u1ea7m tay tr\u1ebb em.<\/li>\n<\/ul>\n<figure id=\"attachment_53429\" aria-describedby=\"caption-attachment-53429\" style=\"width: 800px\" class=\"wp-caption aligncenter\"><img loading=\"lazy\" decoding=\"async\" class=\"wp-image-53429 size-large\" src=\"https:\/\/livinghome.vn\/thiet-bi\/wp-content\/uploads\/nha-bep\/dmestik\/dung-dich-lam-sach\/dung-dich-ve-sinh-lam-sach-dmestik-clean-782\/dung-dich-ve-sinh-lam-sach-dmestik-clean-782-1-800x800.jpg\" alt=\"Dung d\u1ecbch l\u00e0m s\u1ea1ch Dmestik Clean 782\" width=\"800\" height=\"800\" title=\"\"><figcaption id=\"caption-attachment-53429\" class=\"wp-caption-text\">Dung d\u1ecbch l\u00e0m s\u1ea1ch Dmestik Clean 782<\/figcaption><\/figure>\n<p>&nbsp;<\/p>\n","protected":false},"excerpt":{"rendered":"<p>H\u00e0ng ch\u00ednh h\u00e3ng nh\u1eadp kh\u1ea9u tr\u1ef1c ti\u1ebfp t\u1ea1i M\u1ef9.<\/p>\n<p>Dung t\u00edch; 355ml<\/p>\n<p>Dung d\u1ecbch \u0111\u01b0\u1ee3c chi\u1ebft xu\u1ea5t t\u1eeb t\u1ef1 nhi\u00ean an to\u00e0n cho da, kh\u00f4ng g\u00e2y \u0111\u1ed9c h\u1ea1i, an to\u00e0n cho ng\u01b0\u1eddi s\u1eed d\u1ee5ng.<\/p>\n<p>&nbsp;<\/p>\n","protected":false},"featured_media":418,"comment_status":"open","ping_status":"closed","template":"","meta":[],"product_brand":[],"product_cat":[101,72],"product_tag":[74,102,103],"class_list":{"0":"post-372","1":"product","2":"type-product","3":"status-publish","4":"has-post-thumbnail","6":"product_cat-gia-dung-khac","7":"product_cat-thuong-hieu-dmestik","8":"product_tag-dmestik","9":"product_tag-dung-dich-lam-sach","10":"product_tag-dung-dich-lam-sach-dmestik","12":"first","13":"instock","14":"shipping-taxable","15":"purchasable","16":"product-type-simple"},"_links":{"self":[{"href":"https:\/\/livinghome.vn\/thiet-bi\/wp-json\/wp\/v2\/product\/372","targetHints":{"allow":["GET"]}}],"collection":[{"href":"https:\/\/livinghome.vn\/thiet-bi\/wp-json\/wp\/v2\/product"}],"about":[{"href":"https:\/\/livinghome.vn\/thiet-bi\/wp-json\/wp\/v2\/types\/product"}],"replies":[{"embeddable":true,"href":"https:\/\/livinghome.vn\/thiet-bi\/wp-json\/wp\/v2\/comments?post=372"}],"wp:featuredmedia":[{"embeddable":true,"href":"https:\/\/livinghome.vn\/thiet-bi\/wp-json\/wp\/v2\/media\/418"}],"wp:attachment":[{"href":"https:\/\/livinghome.vn\/thiet-bi\/wp-json\/wp\/v2\/media?parent=372"}],"wp:term":[{"taxonomy":"product_brand","embeddable":true,"href":"https:\/\/livinghome.vn\/thiet-bi\/wp-json\/wp\/v2\/product_brand?post=372"},{"taxonomy":"product_cat","embeddable":true,"href":"https:\/\/livinghome.vn\/thiet-bi\/wp-json\/wp\/v2\/product_cat?post=372"},{"taxonomy":"product_tag","embeddable":true,"href":"https:\/\/livinghome.vn\/thiet-bi\/wp-json\/wp\/v2\/product_tag?post=372"}],"curies":[{"name":"wp","href":"https:\/\/api.w.org\/{rel}","templated":true}]}}