{"id":371,"date":"2023-01-12T10:07:29","date_gmt":"2023-01-12T10:07:29","guid":{"rendered":"https:\/\/livinghome.vn\/thiet-bi\/?post_type=product&#038;p=371"},"modified":"2024-11-29T14:21:05","modified_gmt":"2024-11-29T07:21:05","slug":"bo-noi-dmestik-e005-5-mon-cao-cap","status":"publish","type":"product","link":"https:\/\/livinghome.vn\/thiet-bi\/bo-noi-dmestik-e005-5-mon-cao-cap\/","title":{"rendered":"B\u1ed9 n\u1ed3i Dmestik E005 5 m\u00f3n cao c\u1ea5p"},"content":{"rendered":"<h2 class=\"thin-font\"><strong>B\u1ed9 n\u1ed3i Dmestik E005 5 m\u00f3n, cao c\u1ea5p , ti\u1ec7n d\u1ee5ng, ti\u1ebft ki\u1ec7m, an to\u00e0n cho s\u1ee9c kh\u1ecfe \u0111\u1ee7 \u0111\u1ec3 l\u00e0m h\u00e0i l\u00f2ng m\u1ecdi kh\u00e1ch h\u00e0ng. V\u1edbi nh\u1eefng \u01b0u \u0111i\u1ec3m v\u01b0\u1ee3t tr\u1ed9i. B\u1ed9 n\u1ed3i Dmestik E005 m\u00f3n s\u1ebd l\u00e0 gi\u1ea3i ph\u00e1p n\u1ea5u \u0103n th\u00f4ng minh cho nh\u1eefng nh\u00e0 n\u1ed9i tr\u1ee3 hi\u1ec7n \u0111\u1ea1i.<\/strong><\/h2>\n<h3>Gi\u1edbi thi\u1ec7u s\u1ea3n ph\u1ea9m<\/h3>\n<ul>\n<li>Ph\u00e2n lo\u1ea1i : <a href=\"https:\/\/livinghome.vn\/thiet-bi\/bo-noi\/\">B\u1ed9 n\u1ed3i<\/a> Dmestik E005<\/li>\n<li>Ch\u1ea5t li\u1ec7u th\u00e9p AISI-304<\/li>\n<li>B\u1ed9 s\u1ea3n ph\u1ea9m g\u1ed3m 4 n\u1ed3i k\u00edch c\u1ee1 to nh\u1ecf kh\u00e1c nhau v\u00e0 1 ch\u1ea3o, \u0111\u00e1y v\u00e0 th\u00e2n n\u1ed3i d\u00e0y c\u00f9ng thi\u1ebft k\u1ebf b\u1eaft m\u1eaft<\/li>\n<li>Thi\u0301ch h\u1ee3p cho t\u1ea5t c\u1ea3 c\u00e1c lo\u1ea1i b\u1ebfp nh\u01b0: b\u1ebfp t\u1eeb, b\u1ebfp ga, b\u1ebfp h\u1ed3ng ngo\u1ea1i, b\u1ebfp \u0111i\u1ec7n,.. ti\u1ebft ki\u1ec7m t\u1ed1i \u0111a t\u1edbi 70% n\u0103ng l\u01b0\u1ee3ng.<\/li>\n<li>B\u1ed9 n\u1ed3i D&#8217;mestik E005 bao g\u00f4\u0300m1qu\u00e1nh 16*7.5cm &#8211; Dung t\u00edch 1.5l\u00edt<br \/>\n1 n\u1ed3i 18*8.5cm &#8211; Dung t\u00edch 2 l\u00edt<br \/>\n1 n\u1ed3i 20*9.5cm &#8211; Dung t\u00edch 3 l\u00edt<br \/>\n1 n\u1ed3i 24*11.5cm &#8211; Dung t\u00edch 5 l\u00edt<br \/>\n1 ch\u1ea3o 24*5.0cm &#8211; Dung t\u00edch 2 l\u00edt<\/li>\n<\/ul>\n<p>&nbsp;<\/p>\n<p>&nbsp;<\/p>\n<figure id=\"attachment_53423\" aria-describedby=\"caption-attachment-53423\" style=\"width: 800px\" class=\"wp-caption aligncenter\"><img loading=\"lazy\" decoding=\"async\" class=\"wp-image-53423 size-large\" src=\"https:\/\/livinghome.vn\/thiet-bi\/wp-content\/uploads\/nha-bep\/dmestik\/bo-noi\/bo-noi-dmestik-e005\/bo-noi-dmestik-e005-1-800x800.jpg\" alt=\"B\u1ed9 n\u1ed3i Dmestik E005 5 m\u00f3n, cao c\u1ea5p \" width=\"800\" height=\"800\" title=\"\"><figcaption id=\"caption-attachment-53423\" class=\"wp-caption-text\">B\u1ed9 n\u1ed3i Dmestik E005 5 m\u00f3n, cao c\u1ea5p<\/figcaption><\/figure>\n<ul>\n<li>\u0110\u01b0\u1ee3c l\u00e0m t\u1eeb inox 304 cho \u0111\u1ed9 b\u1ec1n t\u1ed1i \u0111a.<\/li>\n<li>Tay c\u1ea7m t\u00e1n \u0111inh d\u00e0i, thi\u1ebft k\u1ebf m\u1ec1m m\u1ea1i, c\u00e1ch nhi\u1ec7t gi\u00fap n\u00e2ng \u0111\u1ee1 n\u1ed3i m\u1ed9t c\u00e1ch d\u1ec5 d\u00e0ng.<\/li>\n<li>Kh\u1ea3 n\u0103ng truy\u1ec1n nhi\u1ec7t, l\u00e0m n\u00f3ng nhanh ch\u00f3ng, t\u1ea3n \u0111\u1ec1u nhi\u1ec7t v\u00e0 ch\u1ecbu \u0111\u01b0\u1ee3c hi\u1ec7u su\u1ea5t cao.<\/li>\n<li>N\u1eafp \u0111\u1eady v\u1eeba v\u1eb7n, l\u00e0m b\u1eb1ng k\u00ednh c\u01b0\u1eddng l\u1ef1c cao c\u1ea5p ch\u1ecbu ch\u1ecbu nhi\u1ec7t t\u1ed1t, d\u1ec5 d\u00e0ng quan s\u00e1t th\u1ee9c \u0103n, n\u1ea5u \u0103n nhanh ch\u00f3ng m\u00e0 v\u1eabn gi\u1eef l\u1ea1i \u0111\u1ea7y \u0111\u1ee7 ch\u1ea5t dinh d\u01b0\u1ee1ng c\u1ee7a m\u00f3n \u0103n.<\/li>\n<li>V\u1ec7 sinh d\u1ec5 d\u00e0ng, an to\u00e0n khi s\u1eed d\u1ee5ng m\u00e1y r\u1eeda b\u00e1t.<\/li>\n<\/ul>\n","protected":false},"excerpt":{"rendered":"<p><strong>B\u1ed9 n\u1ed3i D&#8217;mestik E005 bao g\u00f4\u0300m<\/strong><\/p>\n<p>1qu\u00e1nh 16*7.5cm &#8211; Dung t\u00edch 1.5l\u00edt<br \/>\n1 n\u1ed3i 18*8.5cm &#8211; Dung t\u00edch 2 l\u00edt<br \/>\n1 n\u1ed3i 20*9.5cm &#8211; Dung t\u00edch 3 l\u00edt<br \/>\n1 n\u1ed3i 24*11.5cm &#8211; Dung t\u00edch 5 l\u00edt<br \/>\n1 ch\u1ea3o 24*5.0cm &#8211; Dung t\u00edch 2 l\u00edt<\/p>\n","protected":false},"featured_media":417,"comment_status":"open","ping_status":"closed","template":"","meta":[],"product_brand":[],"product_cat":[98,72],"product_tag":[99,100,74],"class_list":{"0":"post-371","1":"product","2":"type-product","3":"status-publish","4":"has-post-thumbnail","6":"product_cat-bo-noi-bep-tu","7":"product_cat-thuong-hieu-dmestik","8":"product_tag-bo-noi","9":"product_tag-boi-noi-dmestik","10":"product_tag-dmestik","12":"first","13":"instock","14":"sale","15":"shipping-taxable","16":"purchasable","17":"product-type-simple"},"_links":{"self":[{"href":"https:\/\/livinghome.vn\/thiet-bi\/wp-json\/wp\/v2\/product\/371","targetHints":{"allow":["GET"]}}],"collection":[{"href":"https:\/\/livinghome.vn\/thiet-bi\/wp-json\/wp\/v2\/product"}],"about":[{"href":"https:\/\/livinghome.vn\/thiet-bi\/wp-json\/wp\/v2\/types\/product"}],"replies":[{"embeddable":true,"href":"https:\/\/livinghome.vn\/thiet-bi\/wp-json\/wp\/v2\/comments?post=371"}],"wp:featuredmedia":[{"embeddable":true,"href":"https:\/\/livinghome.vn\/thiet-bi\/wp-json\/wp\/v2\/media\/417"}],"wp:attachment":[{"href":"https:\/\/livinghome.vn\/thiet-bi\/wp-json\/wp\/v2\/media?parent=371"}],"wp:term":[{"taxonomy":"product_brand","embeddable":true,"href":"https:\/\/livinghome.vn\/thiet-bi\/wp-json\/wp\/v2\/product_brand?post=371"},{"taxonomy":"product_cat","embeddable":true,"href":"https:\/\/livinghome.vn\/thiet-bi\/wp-json\/wp\/v2\/product_cat?post=371"},{"taxonomy":"product_tag","embeddable":true,"href":"https:\/\/livinghome.vn\/thiet-bi\/wp-json\/wp\/v2\/product_tag?post=371"}],"curies":[{"name":"wp","href":"https:\/\/api.w.org\/{rel}","templated":true}]}}