{"id":359,"date":"2023-01-12T10:07:06","date_gmt":"2023-01-12T10:07:06","guid":{"rendered":"https:\/\/livinghome.vn\/thiet-bi\/?post_type=product&#038;p=359"},"modified":"2024-11-29T14:21:05","modified_gmt":"2024-11-29T07:21:05","slug":"lo-nuong-dmestik-es615-g-60-lit-8-chuc-nang","status":"publish","type":"product","link":"https:\/\/livinghome.vn\/thiet-bi\/lo-nuong-dmestik-es615-g-60-lit-8-chuc-nang\/","title":{"rendered":"L\u00f2 n\u01b0\u1edbng Dmestik ES615 G 60 l\u00edt 8 ch\u1ee9c n\u0103ng"},"content":{"rendered":"<h2><strong>L\u00f2 n\u01b0\u1edbng Dmestik ES615 G 60 l\u00edt, 8 ch\u1ee9c n\u0103ng n\u01b0\u1edbng bao g\u1ed3m ch\u1ee9c n\u0103ng n\u01b0\u1edbng m\u1eb7t tr\u00ean, n\u01b0\u1edbng m\u1eb7t d\u01b0\u1edbi ho\u1eb7c c\u1ea3 hai m\u1eb7t th\u1ef1c ph\u1ea9m; n\u01b0\u1edbng c\u00f3 quay, n\u01b0\u1edbng k\u1ebft h\u1ee3p, h\u00e2m n\u00f3ng\u2026 th\u00edch h\u1ee3p n\u01b0\u1edbng nhi\u1ec1u m\u00f3n \u0103n kh\u00e1c nhau v\u1edbi nhi\u1ec1u lo\u1ea1i th\u1ef1c ph\u1ea9m \u0111\u1ea3m b\u1ea3o m\u00f3n \u0103n \u0111\u01b0\u1ee3c n\u01b0\u1edbng ch\u00edn \u0111\u1ec1u v\u00e0 h\u1ea5p d\u1eabn.<\/strong><\/h2>\n<h3>Gi\u1edbi thi\u1ec7u s\u1ea3n ph\u1ea9m<\/h3>\n<ul>\n<li>Ph\u00e2n lo\u1ea1i :<a href=\"https:\/\/livinghome.vn\/thiet-bi\/lo-nuong-am\/\"> L\u00f2 n\u01b0\u1edbng<\/a> Dmestik ES615 G<\/li>\n<li>Ch\u1ea5t li\u1ec7u: Th\u00e9p kh\u00f4ng r\u1ec9 v\u00e0 k\u00ednh \u0111en<\/li>\n<li>Th\u1eddi gian v\u00e0 \u0111i\u1ec1u khi\u1ec3n nhi\u1ec7t t\u0129nh<\/li>\n<li>H\u1ec7 th\u1ed1ng \u0111i\u1ec1u khi\u1ec3n b\u1eb1ng tay<\/li>\n<li>H\u1ec7 th\u1ed1ng l\u00e0m m\u00e1t m\u00e1y khi \u0111\u00e3 n\u01b0\u1edbng xong<\/li>\n<li>Khoang c\u00f3 l\u01b0\u1edbi chuy\u1ec3n \u0111\u1ed9ng d\u1ec5 d\u00e0ng<\/li>\n<li>Trong v\u00e0 ngo\u00e0i c\u00f3 \u0111\u00e8n hi\u1ec3n th\u1ecb b\u00e1o ch\u00edn.<\/li>\n<li>\u0110\u00e8n chi\u1ebfu s\u00e1ng, R\u00e3 \u0111\u00f4ng, \u0110\u1ed1i l\u01b0u<\/li>\n<li>Xu\u1ea5t x\u1ee9 T\u00e2y Ban Nha<\/li>\n<\/ul>\n<p>L\u00f2 n\u01b0\u1edbng Dmestik ES615 G c\u00f3 dung t\u00edch l\u1edbn, 60 l\u00edt n\u1ea5u nhi\u1ec1u m\u00f3n \u0103n \u0111\u1ee7 cho gia \u0111\u00ecnh \u0111\u00f4ng ng\u01b0\u1eddi. Khoang l\u00f2 n\u01b0\u1edbng \u0111\u01b0\u1ee3c thi\u1ebft k\u1ebf b\u1eb1ng ch\u1ea5t li\u1ec7u ch\u1ecbu nhi\u1ec7t cao gi\u00fap gi\u1eef nhi\u1ec7t \u0111\u1ed9, c\u00e1ch nhi\u1ec7t v\u00e0 gi\u00fap vi\u1ec7c v\u1ec7 sinh lau ch\u00f9i \u0111\u01b0\u1ee3c d\u1ec5 h\u01a1n.<\/p>\n<figure id=\"attachment_57594\" aria-describedby=\"caption-attachment-57594\" style=\"width: 800px\" class=\"wp-caption aligncenter\"><img loading=\"lazy\" decoding=\"async\" class=\"wp-image-57594 size-large\" src=\"https:\/\/livinghome.vn\/thiet-bi\/wp-content\/uploads\/nha-bep\/dmestik\/lo-nuong\/lo-nuong-dmestik-es-615-g\/lo-nuong-dmestik-es-615-g-1-800x800.jpg\" alt=\"L\u00f2 n\u01b0\u1edbng Dmestik ES615 G 60 l\u00edt, 8 ch\u1ee9c n\u0103ng\" width=\"800\" height=\"800\" title=\"\"><figcaption id=\"caption-attachment-57594\" class=\"wp-caption-text\">L\u00f2 n\u01b0\u1edbng Dmestik ES615 G 60 l\u00edt, 8 ch\u1ee9c n\u0103ng<\/figcaption><\/figure>\n<p><strong>M\u1ed9t s\u1ed1 l\u01b0u \u00fd khi s\u1eed d\u1ee5ng l\u00f2 n\u01b0\u1edbng Dmestik ES615 G<\/strong><\/p>\n<p>M\u1ed7i lo\u1ea1i th\u1ee9c \u0103n c\u1ea7n nhi\u1ec7t \u0111\u1ed9 v\u00e0 th\u1eddi gian n\u01b0\u1edbng kh\u00e1c nhau.<\/p>\n<p>\u0110\u1eb7t l\u00f2 n\u01a1i tho\u00e1ng, tr\u00e1nh g\u1ea7n v\u1eadt d\u1ee5ng d\u1ec5 ch\u00e1y do l\u00f2 to\u1ea3 nhi\u1ec7t kh\u00e1 l\u1edbn khi ho\u1ea1t \u0111\u1ed9ng.<\/p>\n<p>V\u1ec7 sinh ngay sau khi s\u1eed d\u1ee5ng.<\/p>\n<p>H\u1ea1n ch\u1ebf m\u1edf n\u1eafp trong khi n\u01b0\u1edbng \u0111\u1ec3 kh\u00f4ng l\u00e0m th\u1ea5t tho\u00e1t s\u1ee9c n\u00f3ng, ti\u1ebft ki\u1ec7m \u0111i\u1ec7n.<\/p>\n<p>L\u00f2 n\u01b0\u1edbng \u0111\u01b0\u1ee3c b\u1ea3o h\u00e0nh 3 n\u0103m ch\u00ednh h\u00e3ng D&#8217;mestik t\u1ea1i nh\u00e0 gi\u00fap kh\u00e1ch h\u00e0ng an t\u00e2m mua v\u00e0 s\u1eed d\u1ee5ng<\/p>\n<h3>Th\u00f4ng s\u1ed1 k\u1ef9 thu\u1eadt<\/h3>\n<ul>\n<li>K\u00edch th\u01b0\u1edbc l\u00f2: 592 x 595 x 552 mm<\/li>\n<li>K\u00edch th\u01b0\u1edbc khoang: 432 x 330 x 384 mm<\/li>\n<li>Dung t\u00edch: 59L<\/li>\n<li>\u0110\u00e8n chi\u1ebfu s\u00e1ng: 25w<\/li>\n<li>Big n\u01b0\u1edbng \u0111i\u1ec7n: 2600w<\/li>\n<li>\u0110i\u1ec7n n\u01b0\u1edbng nh\u1ecf: 1400w<\/li>\n<li>\u0110i\u1ec7n kh\u00e1ng Hearth: 1000w<\/li>\n<li>Nhi\u1ec7t \u0111\u1ed9 th\u1ea5p: 50\u00b0C<\/li>\n<li>Nhi\u1ec7t \u0111\u1ed9 t\u1ed1i \u0111a Turbo hornear: 250\u00b0C<\/li>\n<li>Ch\u1ea5t li\u1ec7u: Th\u00e9p kh\u00f4ng r\u1ec9 v\u00e0 k\u00ednh \u0111en<\/li>\n<li>Th\u1eddi gian v\u00e0 \u0111i\u1ec1u khi\u1ec3n nhi\u1ec7t t\u0129nh<\/li>\n<li>H\u1ec7 th\u1ed1ng \u0111i\u1ec1u khi\u1ec3n b\u1eb1ng tay<\/li>\n<li>H\u1ec7 th\u1ed1ng l\u00e0m m\u00e1t m\u00e1y khi \u0111\u00e3 n\u01b0\u1edbng xong<\/li>\n<li>Khoang c\u00f3 l\u01b0\u1edbi chuy\u1ec3n \u0111\u1ed9ng d\u1ec5 d\u00e0ng<\/li>\n<li>Trong v\u00e0 ngo\u00e0i c\u00f3 \u0111\u00e8n hi\u1ec3n th\u1ecb b\u00e1o ch\u00edn.<\/li>\n<li>\u0110\u00e8n chi\u1ebfu s\u00e1ng, R\u00e3 \u0111\u00f4ng, \u0110\u1ed1i l\u01b0u<\/li>\n<\/ul>\n<figure id=\"attachment_60558\" aria-describedby=\"caption-attachment-60558\" style=\"width: 800px\" class=\"wp-caption aligncenter\"><img loading=\"lazy\" decoding=\"async\" class=\"size-large wp-image-60558\" src=\"https:\/\/livinghome.vn\/thiet-bi\/wp-content\/uploads\/nha-bep\/dmestik\/lo-nuong\/lo-nuong-dmestik-es-615-g\/lo-nuong-dmestik-es-615-g-2-800x800.jpg\" alt=\"L\u00f2 n\u01b0\u1edbng Dmestik ES615 G 60 l\u00edt 8 ch\u1ee9c n\u0103ng\" width=\"800\" height=\"800\" title=\"\"><figcaption id=\"caption-attachment-60558\" class=\"wp-caption-text\">L\u00f2 n\u01b0\u1edbng Dmestik ES615 G 60 l\u00edt 8 ch\u1ee9c n\u0103ng<\/figcaption><\/figure>\n","protected":false},"excerpt":{"rendered":"<p style=\"text-align: center;\">K\u00edch th\u01b0\u1edbc l\u00f2: 592 x 595 x 552 mm<\/p>\n<p style=\"text-align: center;\">K\u00edch th\u01b0\u1edbc khoang: 432 x 330 x 384 mm<\/p>\n<p style=\"text-align: center;\">Dung t\u00edch: 59L<\/p>\n<p style=\"text-align: center;\">H\u1ec7 th\u1ed1ng \u0111i\u1ec1u khi\u1ec3n b\u1eb1ng tay<\/p>\n<p style=\"text-align: center;\">H\u1ec7 th\u1ed1ng l\u00e0m m\u00e1t m\u00e1y khi \u0111\u00e3 n\u01b0\u1edbng xong<\/p>\n<p style=\"text-align: center;\">Xu\u1ea5t x\u1ee9 T\u00e2y Ban Nha<\/p>\n<p style=\"text-align: center;\">\n","protected":false},"featured_media":411,"comment_status":"open","ping_status":"closed","template":"","meta":[],"product_brand":[],"product_cat":[95,72],"product_tag":[74,96,97],"class_list":{"0":"post-359","1":"product","2":"type-product","3":"status-publish","4":"has-post-thumbnail","6":"product_cat-lo-nuong","7":"product_cat-thuong-hieu-dmestik","8":"product_tag-dmestik","9":"product_tag-lo-nuong","10":"product_tag-lo-nuong-dmestik","12":"first","13":"instock","14":"sale","15":"shipping-taxable","16":"purchasable","17":"product-type-simple"},"_links":{"self":[{"href":"https:\/\/livinghome.vn\/thiet-bi\/wp-json\/wp\/v2\/product\/359","targetHints":{"allow":["GET"]}}],"collection":[{"href":"https:\/\/livinghome.vn\/thiet-bi\/wp-json\/wp\/v2\/product"}],"about":[{"href":"https:\/\/livinghome.vn\/thiet-bi\/wp-json\/wp\/v2\/types\/product"}],"replies":[{"embeddable":true,"href":"https:\/\/livinghome.vn\/thiet-bi\/wp-json\/wp\/v2\/comments?post=359"}],"wp:featuredmedia":[{"embeddable":true,"href":"https:\/\/livinghome.vn\/thiet-bi\/wp-json\/wp\/v2\/media\/411"}],"wp:attachment":[{"href":"https:\/\/livinghome.vn\/thiet-bi\/wp-json\/wp\/v2\/media?parent=359"}],"wp:term":[{"taxonomy":"product_brand","embeddable":true,"href":"https:\/\/livinghome.vn\/thiet-bi\/wp-json\/wp\/v2\/product_brand?post=359"},{"taxonomy":"product_cat","embeddable":true,"href":"https:\/\/livinghome.vn\/thiet-bi\/wp-json\/wp\/v2\/product_cat?post=359"},{"taxonomy":"product_tag","embeddable":true,"href":"https:\/\/livinghome.vn\/thiet-bi\/wp-json\/wp\/v2\/product_tag?post=359"}],"curies":[{"name":"wp","href":"https:\/\/api.w.org\/{rel}","templated":true}]}}