{"id":3588,"date":"2023-01-12T18:16:07","date_gmt":"2023-01-12T18:16:07","guid":{"rendered":"https:\/\/livinghome.vn\/thiet-bi\/?post_type=product&#038;p=3588"},"modified":"2024-11-29T14:20:17","modified_gmt":"2024-11-29T07:20:17","slug":"bo-tien-xu-ly-nuoc-geyser-vuoxa-a-nhap-khau-tu-nga","status":"publish","type":"product","link":"https:\/\/livinghome.vn\/thiet-bi\/bo-tien-xu-ly-nuoc-geyser-vuoxa-a-nhap-khau-tu-nga\/","title":{"rendered":"B\u1ed9 ti\u1ec1n x\u1eed l\u00fd n\u01b0\u1edbc Geyser Vuoxa A &#8211; Nh\u1eadp kh\u1ea9u t\u1eeb Nga"},"content":{"rendered":"<h2><strong>S\u1ea3n ph\u1ea9m B\u1ed9 ti\u1ec1n x\u1eed l\u00fd n\u01b0\u1edbc Geyser Vuoxa A &#8211; Made in Russia<\/strong><\/h2>\n<p><strong>B\u1ed9 ti\u1ec1n x\u1eed l\u00fd n\u01b0\u1edbc Geyser Vuoxa A <\/strong>\u0111\u01b0\u1ee3c th\u01b0\u01a1ng hi\u1ec7u Geyser \u0111\u01b0\u1ee3c thi\u1ebft k\u1ebf s\u1eed d\u1ee5ng v\u1edbi m\u00e1y l\u1ecdc n\u01b0\u1edbc ion ki\u1ec1m \u0111i\u1ec7n gi\u1ea3i. S\u1ea3n ph\u1ea9m gi\u00fap n\u00e2ng cao hi\u1ec7u qu\u1ea3 l\u1ecdc n\u01b0\u1edbc v\u00e0 t\u0103ng \u0111\u1ed9 \u0111\u1ed9 b\u1ec1n m\u00e1y ion ki\u1ec1m \u0111i\u1ec7n gi\u1ea3i t\u1ea1i nh\u1eefng ngu\u1ed3n n\u01b0\u1edbc ph\u1ed5 bi\u1ebfn \u1edf Vi\u1ec7t Nam.<\/p>\n<p>S\u1ea3n ph\u1ea9m \u0111\u01b0\u1ee3c t\u00edch h\u1ee3p c\u00f4ng ngh\u1ec7 ch\u1ed1ng b\u00e1m c\u1eb7n \u0111i\u1ec7n c\u1ef1c duy nh\u1ea5t hi\u1ec7n nay, \u0111\u01b0\u1ee3c ki\u1ec3m ch\u1ee9ng t\u1ea1i Nh\u1eadt B\u1ea3n c\u00f3 kh\u1ea3 n\u0103ng l\u00e0m t\u0103ng \u0111\u1ed9 b\u1ec1n m\u00e1y l\u1ecdc n\u01b0\u1edbc ion ki\u1ec1m \u0111i\u1ec7n gi\u1ea3i.<\/p>\n<p>B\u1ed9 ti\u1ec1n x\u1eed l\u00fd th\u00edch h\u1ee3p \u0111\u1ec3 s\u1eed d\u1ee5ng x\u1eed l\u00fd \u00f4 nhi\u1ec5m ngu\u1ed3n n\u01b0\u1edbc \u1edf Vi\u1ec7t Nam, \u0111\u1ea3m b\u1ea3o ngu\u1ed3n n\u01b0\u1edbc sau x\u1eed l\u00fd \u0111\u1ea1t ti\u00eau chu\u1ea9n \u0103n u\u1ed1ng tr\u1ef1c ti\u1ebfp theo quy \u0111\u1ecbnh c\u1ee7a B\u1ed9 Y T\u1ebf.<\/p>\n<p>&nbsp;<\/p>\n<div class=\"mceTemp\"><\/div>\n<figure id=\"attachment_66114\" aria-describedby=\"caption-attachment-66114\" style=\"width: 800px\" class=\"wp-caption alignnone\"><img loading=\"lazy\" decoding=\"async\" class=\"size-large wp-image-66114\" src=\"https:\/\/livinghome.vn\/thiet-bi\/wp-content\/uploads\/loc-nuoc\/geyser\/tien-xu-ly-may-dien-giai-geyser\/bo-tien-xu-ly-dien-giai-geyser-vuoxa-a\/bo-tien-xu-ly-dien-giai-geyser-vuoxa-a-6-800x800.jpg\" alt=\"B\u1ed9 ti\u1ec1n x\u1eed l\u00fd n\u01b0\u1edbc Geyser Vuoxa A - Made in Russia\" width=\"800\" height=\"800\" title=\"\"><figcaption id=\"caption-attachment-66114\" class=\"wp-caption-text\">B\u1ed9 ti\u1ec1n x\u1eed l\u00fd n\u01b0\u1edbc Geyser Vuoxa A &#8211; Made in Russia<\/figcaption><\/figure>\n<p><strong>B\u1ed9 ti\u1ec1n x\u1eed l\u00fd n\u01b0\u1edbc Geyser Vuoxa A <\/strong>gi\u00fap kh\u1eafc ph\u1ee5c nh\u1eefng v\u1ea5n \u0111\u1ec1 th\u01b0\u1eddng g\u1eb7p \u1edf m\u00e1y l\u1ecdc n\u01b0\u1edbc ion ki\u1ec1m \u0111i\u1ec7n gi\u1ea3i, bao g\u1ed3m:<\/p>\n<ul>\n<li>Lo\u1ea1i b\u1ecf ho\u00e0n to\u00e0n hi\u1ec7n t\u01b0\u1ee3ng b\u00e1m c\u1eb7n \u1edf \u0111i\u1ec7n c\u1ef1c, \u0111\u1ed3ng th\u1eddi l\u00e0m t\u0103ng \u0111\u1ed9 b\u1ec1n c\u1ee7a m\u00e1y l\u1ecdc n\u01b0\u1edbc<\/li>\n<li>X\u1eed l\u00fd h\u1ebft nh\u1eefng t\u1ea1p ch\u1ea5t \u00f4 nhi\u1ec5m c\u00f3 trong ngu\u1ed3n n\u01b0\u1edbc \u1edf Vi\u1ec7t Nam, gi\u00fap mang l\u1ea1i ngu\u1ed3n n\u01b0\u1edbc s\u1ea1ch, an to\u00e0n v\u00e0 \u0111\u1ea1t chu\u1ea9n \u0103n u\u1ed1ng theo B\u1ed9 Y T\u1ebf quy \u0111\u1ecbnh<\/li>\n<li>T\u0103ng kh\u1ea3 n\u0103ng d\u1eabn \u0111i\u1ec7n c\u1ee7a n\u01b0\u1edbc<\/li>\n<\/ul>\n<h3><strong>T\u00ednh n\u0103ng n\u1ed5i b\u1eadt<\/strong><\/h3>\n<p>B\u1ed9 ti\u1ec1n x\u1eed l\u00fd cho m\u00e1y l\u1ecdc n\u01b0\u1edbc ion ki\u1ec1m \u0111i\u1ec7n gi\u1ea3i l\u00e0 m\u1ed9t s\u1ea3n ph\u1ea9m \u0111\u01b0\u1ee3c nghi\u00ean c\u1ee9u v\u00e0 s\u1ea3n xu\u1ea5t b\u1edfi t\u1eadp \u0111o\u00e0n Geyser LB Nga \u2013 M\u1ed9t t\u1eadp \u0111o\u00e0n c\u00f3 l\u1ecbch s\u1eed ph\u00e1t tri\u1ec3n 40 n\u0103m v\u1edbi n\u1ec1n t\u1ea3ng c\u00f4ng ngh\u1ec7 \u201cnano\u201d t\u1ed5ng h\u1ee3p \u0111\u1ed9c nh\u1ea5t tr\u00ean th\u1ebf gi\u1edbi.<\/p>\n<h4><strong>C\u00f4ng ngh\u1ec7 ch\u1ed1ng b\u00e1m c\u1eb7n \u0111i\u1ec7n c\u1ef1c<\/strong><\/h4>\n<p><strong>B\u1ed9 ti\u1ec1n x\u1eed l\u00fd n\u01b0\u1edbc Geyser Vuoxa A <\/strong>cho m\u00e1y l\u1ecdc n\u01b0\u1edbc ion ki\u1ec1m \u0111i\u1ec7n gi\u1ea3i \u0111\u01b0\u1ee3c t\u1eadp \u0111o\u00e0n Geyser h\u00e0ng \u0111\u1ea7u c\u1ee7a Nga nghi\u00ean c\u1ee9u v\u00e0 s\u1ea3n xu\u1ea5t. S\u1ea3n ph\u1ea9m s\u1eed d\u1ee5ng cho m\u00e1y l\u1ecdc n\u01b0\u1edbc ion ki\u1ec1m \u0111i\u1ec7n gi\u1ea3i n\u00e0y \u0111\u01b0\u1ee3c t\u00edch h\u1ee3p c\u00f4ng ngh\u1ec7 Quasi-Softening. \u0110\u00e2y l\u00e0 c\u00f4ng ngh\u1ec7 \u0111\u1ec9nh cao \u0111\u01b0\u1ee3c c\u1ea5p b\u1eb1ng Patent s\u1ed1: 2286953.<\/p>\n<figure id=\"attachment_66113\" aria-describedby=\"caption-attachment-66113\" style=\"width: 1020px\" class=\"wp-caption alignnone\"><img loading=\"lazy\" decoding=\"async\" class=\"size-large wp-image-66113\" src=\"https:\/\/livinghome.vn\/thiet-bi\/wp-content\/uploads\/loc-nuoc\/geyser\/tien-xu-ly-may-dien-giai-geyser\/bo-tien-xu-ly-dien-giai-geyser-vuoxa-a\/bo-tien-xu-ly-dien-giai-geyser-vuoxa-a-2-1068x800.jpg\" alt=\"B\u1ed9 ti\u1ec1n x\u1eed l\u00fd n\u01b0\u1edbc Geyser Vuoxa A - Made in Russia\" width=\"1020\" height=\"764\" title=\"\"><figcaption id=\"caption-attachment-66113\" class=\"wp-caption-text\">C\u00f4ng ngh\u1ec7 Quasi-Softening chuy\u1ec3n \u0111\u1ed5i c\u1ea5u tr\u00fac canxi trong n\u01b0\u1edbc t\u1eeb d\u1ea1ng Calcit sang d\u1ea1ng Aragonite<\/figcaption><\/figure>\n<blockquote class=\"bo_tien_xu_ly_nuoc_tho_chat_luong_cao\" cite=\"https:\/\/www.geyser.com.vn\/san-pham\/bo-tien-xu-ly-cho-may-loc-nuoc-ion-kiem-geyser-vuoxa-a\/#bo_tien_xu_ly_may_loc_nuoc_tot_nhat\"><p>C\u00f4ng ngh\u1ec7 Quasi-Softening c\u00f3 kh\u1ea3 n\u0103ng chuy\u1ec3n \u0111\u1ed5i c\u1ea5u tr\u00fac canxi trong n\u01b0\u1edbc t\u1eeb d\u1ea1ng Calcit sang d\u1ea1ng Aragonite. Aragonite l\u00e0 m\u1ed9t d\u1ea1ng c\u1ea5u tr\u00fac canxi thanh m\u1ea3nh h\u01a1n. D\u1ea1ng canxi n\u00e0y kh\u00f4ng g\u00e2y b\u00e1m c\u1eb7n, ngay c\u1ea3 khi ti\u1ebfp x\u00fac v\u1edbi c\u00e1c b\u1ec1 m\u1eb7t \u0111\u01b0\u1ee3c gia nhi\u1ec7t nh\u01b0 thanh \u0111\u1ed1t trong \u1ea5m \u0111i\u1ec7n.<\/p><\/blockquote>\n<p>\u0110\u1ed1i t\u00e1c c\u1ee7a Geyser t\u1ea1i Nh\u1eadt B\u1ea3n \u0111\u00e3 ki\u1ec3m ch\u1ee9ng kh\u1ea3 n\u0103ng ch\u1ed1ng b\u00e1m c\u1eb7n c\u1ee7a s\u1ea3n ph\u1ea9m n\u00e0y qua m\u1ed9t ki\u1ec3m tra \u0111\u1ed9c l\u1eadp.<\/p>\n<p>K\u1ebft qu\u1ea3 cu\u1ed9c ki\u1ec3m tra cho th\u1ea5y n\u01b0\u1edbc sau khi s\u1eed d\u1ee5ng b\u1ed9 l\u1ecdc Geyser c\u00f3\u00a0<a href=\"https:\/\/vi.wikipedia.org\/wiki\/N%C6%B0%E1%BB%9Bc_c%E1%BB%A9ng#Ch%E1%BB%89_s%E1%BB%91_b%C3%A3o_h%C3%B2a_Langelier\" rel=\"nofollow noopener\" target=\"_blank\">ch\u1ec9 s\u1ed1 LI<\/a> th\u1ea5p. Ch\u1ec9 s\u1ed1 n\u00e0y ch\u1ee9ng minh B\u1ed9 ti\u1ec1n x\u1eed l\u00fd n\u01b0\u1edbc Geyser Vuoxa A gi\u00fap ch\u1ed1ng b\u00e1m c\u1eb7n v\u01b0\u1ee3t tr\u1ed9i h\u01a1n h\u1eb3n so v\u1edbi c\u00e1c c\u00f4ng ngh\u1ec7 l\u1ecdc kh\u00e1c nh\u01b0 m\u00e0ng s\u1ee3i r\u1ed7ng hay c\u00f4ng ngh\u1ec7 UF.<\/p>\n<figure id=\"attachment_66109\" aria-describedby=\"caption-attachment-66109\" style=\"width: 1020px\" class=\"wp-caption alignnone\"><img loading=\"lazy\" decoding=\"async\" class=\"size-large wp-image-66109\" src=\"https:\/\/livinghome.vn\/thiet-bi\/wp-content\/uploads\/loc-nuoc\/geyser\/tien-xu-ly-may-dien-giai-geyser\/bo-tien-xu-ly-dien-giai-geyser-vuoxa-a\/bo-tien-xu-ly-dien-giai-geyser-vuoxa-a-1-1096x800.jpg\" alt=\"B\u1ed9 ti\u1ec1n x\u1eed l\u00fd n\u01b0\u1edbc Geyser Vuoxa A - Made in Russia\" width=\"1020\" height=\"745\" title=\"\"><figcaption id=\"caption-attachment-66109\" class=\"wp-caption-text\">Ch\u1ec9 s\u1ed1 LI sau b\u1ed9 l\u1ecdc Geyser th\u1ea5p v\u01b0\u1ee3t tr\u1ed9i so v\u1edbi n\u01b0\u1edbc kh\u00f4ng l\u1ecdc (Blank) v\u00e0 n\u01b0\u1edbc l\u1ecdc b\u1eb1ng ph\u01b0\u01a1ng ph\u00e1p kh\u00e1c (UF)<\/figcaption><\/figure>\n<blockquote><p>Ch\u1ec9 s\u1ed1 Langelier l\u00e0 m\u1ed9t ch\u1ec9 s\u1ed1 g\u1ea7n \u0111\u00fang v\u1ec1 m\u1ee9c \u0111\u1ed9 b\u00e3o h\u00f2a c\u1ee7a canxi cacbonat trong n\u01b0\u1edbc. N\u00f3 \u0111\u01b0\u1ee3c t\u00ednh to\u00e1n b\u1eb1ng c\u00e1ch s\u1eed d\u1ee5ng \u0111\u1ed9 pH, \u0111\u1ed9 ki\u1ec1m, n\u1ed3ng \u0111\u1ed9 canxi, t\u1ed5ng ch\u1ea5t r\u1eafn h\u00f2a tan v\u00e0 nhi\u1ec7t \u0111\u1ed9 n\u01b0\u1edbc c\u1ee7a m\u1eabu n\u01b0\u1edbc \u0111\u01b0\u1ee3c l\u1ea5y t\u1ea1i v\u00f2i.<br \/>\nCh\u1ec9 s\u1ed1 Langelier l\u00e0 \u00e2m, khi \u0111\u00f3 n\u01b0\u1edbc \u0111ang b\u00e3o h\u00f2a v\u1edbi canxi cacbonat v\u00e0 s\u1ebd c\u00f3 xu h\u01b0\u1edbng \u0103n m\u00f2n trong h\u1ec7 th\u1ed1ng ph\u00e2n ph\u1ed1i<\/p>\n<p>Ch\u1ec9 s\u1ed1 Langelier l\u00e0 d\u01b0\u01a1ng, khi \u0111\u00f3 n\u01b0\u1edbc qu\u00e1 b\u00e3o h\u00f2a v\u1edbi canxi cacbonat v\u00e0 s\u1ebd c\u00f3 xu h\u01b0\u1edbng l\u1eafng \u0111\u1ecdng canxi cacbonat t\u1ea1o th\u00e0nh v\u1ea3y trong h\u1ec7 th\u1ed1ng ph\u00e2n ph\u1ed1i<\/p>\n<p>N\u1ebfu Ch\u1ec9 s\u1ed1 Langelier g\u1ea7n b\u1eb1ng 0, th\u00ec n\u01b0\u1edbc ch\u1ec9 b\u00e3o h\u00f2a v\u1edbi canxi cacbonat v\u00e0 s\u1ebd kh\u00f4ng b\u1ecb \u0103n m\u00f2n m\u1ea1nh ho\u1eb7c t\u1ea1o c\u1eb7n.<\/p><\/blockquote>\n<p>R\u1ea5t nhi\u1ec1u m\u00e1y l\u1ecdc n\u01b0\u1edbc ion ki\u1ec1m hi\u1ec7n nay ch\u01b0a l\u1ef1a ch\u1ecdn \u0111\u01b0\u1ee3c b\u1ed9 ti\u1ec1n l\u1ecdc l\u00fd t\u01b0\u1edfng n\u00ean xu\u1ea5t hi\u1ec7n hi\u1ec7n t\u01b0\u1ee3ng b\u00e1m c\u1eb7n \u0111i\u1ec7n c\u1ef1c m\u00e1y ion ki\u1ec1m trong qu\u00e1 tr\u00ecnh s\u1eed d\u1ee5ng g\u00e2y \u1ea3nh h\u01b0\u1edfng t\u1edbi tu\u1ed5i th\u1ecd m\u00e1y l\u1ecdc n\u01b0\u1edbc c\u0169ng nh\u01b0 ch\u1ea5t l\u01b0\u1ee3ng ngu\u1ed3n n\u01b0\u1edbc.<\/p>\n<p>K\u1ebft qu\u1ea3 nghi\u00ean c\u1ee9u cho th\u1ea5y ch\u1ec9 s\u1ed1 LI trong n\u01b0\u1edbc sau b\u1ed9 l\u1ecdc Geyser th\u1ea5p v\u01b0\u1ee3t tr\u1ed9i so v\u1edbi c\u00e1c ph\u01b0\u01a1ng ph\u00e1p l\u1ecdc kh\u00e1c trong khi kho\u00e1ng ch\u1ea5t (Canxi, Magie, \u0111\u1ed9 c\u1ee9ng) trong n\u01b0\u1edbc g\u1ea7n nh\u01b0 kh\u00f4ng thay \u0111\u1ed5i, \u0111\u00e2y ch\u00ednh l\u00e0 \u0111\u1eb7c \u0111i\u1ec3m m\u00e0 kh\u00f4ng c\u00f3 c\u00f4ng ngh\u1ec7 n\u00e0o kh\u00e1c ngo\u00e0i Geyser c\u00f3 th\u1ec3 l\u00e0m \u0111\u01b0\u1ee3c.<\/p>\n<figure id=\"attachment_66110\" aria-describedby=\"caption-attachment-66110\" style=\"width: 1020px\" class=\"wp-caption alignnone\"><img loading=\"lazy\" decoding=\"async\" class=\"size-large wp-image-66110\" src=\"https:\/\/livinghome.vn\/thiet-bi\/wp-content\/uploads\/loc-nuoc\/geyser\/tien-xu-ly-may-dien-giai-geyser\/bo-tien-xu-ly-dien-giai-geyser-vuoxa-a\/bo-tien-xu-ly-dien-giai-geyser-vuoxa-a-5-1069x800.jpg\" alt=\"B\u1ed9 ti\u1ec1n x\u1eed l\u00fd n\u01b0\u1edbc Geyser Vuoxa A - Made in Russia\" width=\"1020\" height=\"763\" title=\"\"><figcaption id=\"caption-attachment-66110\" class=\"wp-caption-text\">Ch\u1ec9 s\u1ed1 LI th\u1ea5p nh\u01b0ng v\u1eabn gi\u1eef nguy\u00ean kho\u00e1ng ch\u1ea5t<\/figcaption><\/figure>\n<h4><strong>C\u00f4ng ngh\u1ec7 nano t\u1ed5ng h\u1ee3p 4 in 1<\/strong><\/h4>\n<p>S\u1ea3n ph\u1ea9m B\u1ed9 ti\u1ec1n x\u1eed l\u00fd n\u01b0\u1edbc Geyser Vuoxa A<strong>\u00a0<\/strong>cho m\u00e1y l\u1ecdc n\u01b0\u1edbc ion ki\u1ec1m \u0111i\u1ec7n gi\u1ea3i \u0111\u01b0\u1ee3c t\u00edch h\u1ee3p c\u00f4ng ngh\u1ec7 t\u1ed5ng h\u1ee3p nano 4 in 1. \u0110\u00e2y l\u00e0 c\u00f4ng ngh\u1ec7 l\u1ecdc t\u1ed5ng h\u1ee3p \u0111\u1ed9c quy\u1ec1n c\u1ee7a t\u1eadp \u0111o\u00e0n Geyser, mang l\u1ea1i kh\u1ea3 n\u0103ng x\u1eed l\u00fd v\u01b0\u1ee3t tr\u1ed9i c\u1ee7a cho ngu\u1ed3n n\u01b0\u1edbc \u0111\u1ea1t chu\u1ea9n t\u1ea1i t\u1ed1c \u0111\u1ed9 t\u1eeb 2-5 l\u00edt\/ ph\u00fat nh\u01b0ng v\u1eabn gi\u1eef l\u1ea1i kho\u00e1ng ch\u1ea5t t\u1ef1 nhi\u00ean \u2013 Ph\u00f9 h\u1ee3p t\u1ed1i \u0111a v\u1edbi ngu\u1ed3n n\u01b0\u1edbc \u0111\u1ea7u v\u00e0o c\u1ee7a m\u00e1y l\u1ecdc n\u01b0\u1edbc ion ki\u1ec1m<\/p>\n<p>B\u00ean c\u1ea1nh \u0111\u00f3 gi\u00fap mang l\u1ea1i ngu\u1ed3n n\u01b0\u1edbc s\u1ea1ch \u0111\u1ea1t chu\u1ea9n, ch\u1ed1ng b\u00e1m c\u1eb7n \u0111i\u1ec7n c\u1ef1c, k\u00e9o d\u00e0i v\u00e0 \u1ed5n \u0111\u1ecbnh ch\u1ea5t l\u01b0\u1ee3ng c\u1ee7a m\u00e1y l\u1ecdc n\u01b0\u1edbc ion ki\u1ec1m \u0111i\u1ec7n gi\u1ea3i.<\/p>\n<p>C\u00f4ng ngh\u1ec7 l\u1ecdc nano t\u1ed5ng h\u1ee3p 4 in 1 c\u1ee7a b\u1ed9 ti\u1ec1n x\u1eed l\u00fd cho m\u00e1y l\u1ecdc n\u01b0\u1edbc ho\u1ea1t \u0111\u1ed9ng theo 4 c\u01a1 ch\u1ebf:<\/p>\n<ul>\n<li>C\u01a1 ch\u1ebf l\u1ecdc khe h\u1edf: Cho ph\u00e9p l\u1ecdc s\u1ea1ch v\u00e0 lo\u1ea1i b\u1ecf ho\u00e0n to\u00e0n c\u00e1c t\u1ea1p ch\u1ea5t c\u00f3 k\u00edch th\u01b0\u1edbc t\u1eeb 0,4 micro met<\/li>\n<li>C\u01a1 ch\u1ebf l\u1ecdc h\u1ea5p ph\u1ee5: Gi\u00fap l\u00e0m s\u1ea1ch v\u00e0 lo\u1ea1i th\u1ea3i m\u00f9i h\u00f4i, m\u00e0u, clo, h\u1eefu c\u01a1, THMs,\u2026. \u0110\u1ed3ng th\u1eddi lo\u1ea1i b\u1ecf hi\u1ec7u qu\u1ea3 h\u01a1n 99% d\u01b0 l\u01b0\u1ee3ng thu\u1ed1c b\u1ea3o v\u1ec7 th\u1ef1c v\u1eadt<\/li>\n<\/ul>\n<figure id=\"attachment_66112\" aria-describedby=\"caption-attachment-66112\" style=\"width: 1020px\" class=\"wp-caption alignnone\"><img loading=\"lazy\" decoding=\"async\" class=\"size-large wp-image-66112\" src=\"https:\/\/livinghome.vn\/thiet-bi\/wp-content\/uploads\/loc-nuoc\/geyser\/tien-xu-ly-may-dien-giai-geyser\/bo-tien-xu-ly-dien-giai-geyser-vuoxa-a\/bo-tien-xu-ly-dien-giai-geyser-vuoxa-a-4-1069x800.jpg\" alt=\"B\u1ed9 ti\u1ec1n x\u1eed l\u00fd n\u01b0\u1edbc Geyser Vuoxa A - Made in Russia\" width=\"1020\" height=\"763\" title=\"\"><figcaption id=\"caption-attachment-66112\" class=\"wp-caption-text\">Kh\u1ea3 n\u0103ng lo\u1ea1i b\u1ecf thu\u1ed1c tr\u1eeb s\u00e2u c\u1ee7a B\u1ed9 ti\u1ec1n x\u1eed l\u00fd n\u01b0\u1edbc Geyser Vuoxa A \u0111\u1ea1t hi\u1ec7u qu\u1ea3 cao<\/figcaption><\/figure>\n<ul>\n<li>C\u01a1 ch\u1ebf trao \u0111\u1ed5i ion: C\u00f3 vai tr\u00f2 quan tr\u1ecdng trong vi\u1ec7c lo\u1ea1i b\u1ecf ch\u1ea5t ph\u00f3ng x\u1ea1 v\u00e0 c\u00e1c kim lo\u1ea1i n\u1eb7ng c\u00f3 trong n\u01b0\u1edbc<\/li>\n<li>C\u01a1 ch\u1ebf di\u1ec7t khu\u1ea9n b\u1eb1ng tr\u01b0\u1eddng t\u0129nh \u0111i\u1ec7n: Ti\u00eau di\u1ec7t 100% c\u00e1c lo\u1ea1i virus, vi khu\u1ea9n ngay c\u1ea3 khi ch\u00fang ho\u00e0n to\u00e0n ch\u01b0a ti\u1ebfp x\u00fac v\u1edbi b\u1ec1 m\u1eb7t v\u1eadt li\u1ec7u l\u1ecdc<\/li>\n<\/ul>\n<figure id=\"attachment_66117\" aria-describedby=\"caption-attachment-66117\" style=\"width: 1020px\" class=\"wp-caption alignnone\"><img loading=\"lazy\" decoding=\"async\" class=\"size-large wp-image-66117\" src=\"https:\/\/livinghome.vn\/thiet-bi\/wp-content\/uploads\/loc-nuoc\/geyser\/tien-xu-ly-may-dien-giai-geyser\/bo-tien-xu-ly-dien-giai-geyser-vuoxa-a\/bo-tien-xu-ly-dien-giai-geyser-vuoxa-a-3-1068x800.jpg\" alt=\"B\u1ed9 ti\u1ec1n x\u1eed l\u00fd n\u01b0\u1edbc Geyser Vuoxa A - Made in Russia\" width=\"1020\" height=\"764\" title=\"\"><figcaption id=\"caption-attachment-66117\" class=\"wp-caption-text\">Kh\u1ea3 n\u0103ng ti\u00eau di\u1ec7t c\u00e1c lo\u1ea1i Virus c\u1ee7a B\u1ed9 ti\u1ec1n x\u1eed l\u00fd n\u01b0\u1edbc Geyser Vuoxa A \u0111\u00e3 \u0111\u01b0\u1ee3c ki\u1ec3m ch\u1ee9ng t\u1ea1i Ph\u00e1p, Nga, Italia<\/figcaption><\/figure>\n<h4><strong>C\u00f4ng ngh\u1ec7 trao \u0111\u1ed5i ion<\/strong><\/h4>\n<p>N\u01b0\u1edbc l\u00e0 ch\u1ea5t \u0111i\u1ec7n li y\u1ebfu. Mu\u1ed1n qu\u00e1 tr\u00ecnh \u0111i\u1ec7n ph\u00e2n \u0111\u01b0\u1ee3c di\u1ec5n ra d\u1ec5 d\u00e0ng th\u00ec vi\u1ec7c t\u0103ng c\u01b0\u1eddng \u0111i\u1ec7n li n\u01b0\u1edbc v\u00f4 c\u00f9ng quan tr\u1ecdng v\u00e0 quy\u1ebft \u0111\u1ecbnh t\u1edbi qu\u00e1 tr\u00ecnh \u0111i\u1ec7n ph\u00e2n n\u01b0\u1edbc.<\/p>\n<p><strong>B\u1ed9 ti\u1ec1n x\u1eed l\u00fd n\u01b0\u1edbc Geyser Vuoxa A <\/strong>s\u1eed d\u1ee5ng c\u00f4ng ngh\u1ec7 trao \u0111\u1ed5i ion c\u00f3 kh\u1ea3 n\u0103ng t\u0103ng c\u01b0\u1eddng kh\u1ea3 n\u0103ng \u0111\u1ed9 d\u1eabn \u0111i\u1ec7n \u0111i\u1ec7n c\u1ee7a n\u01b0\u1edbc t\u1eeb 10% \u2013 30% so v\u1edbi nh\u1eefng b\u1ed9 ti\u1ec1n x\u1eed l\u00fd th\u00f4ng th\u01b0\u1eddng. \u0110i\u1ec1u n\u00e0y gi\u00fap qu\u00e1 tr\u00ecnh \u0111i\u1ec7n ph\u00e2n \u0111\u01b0\u1ee3c di\u1ec5n ra d\u1ec5 d\u00e0ng h\u01a1n, \u0111i\u1ec1u n\u00e0y \u0111\u1eb7c bi\u1ec7t quan tr\u1ecdng v\u1edbi c\u00e1c ngu\u1ed3n n\u01b0\u1edbc m\u1eb7t, n\u01b0\u1edbc c\u00f3\u00a0<strong>ch\u1ec9 s\u1ed1 TDS<\/strong>\u00a0th\u1ea5p nh\u01b0 n\u01b0\u1edbc s\u00f4ng, h\u1ed3,\u2026 \u0111\u00e3 qua x\u1eed l\u00fd.<\/p>\n<h3><strong>\u01afu \u0111i\u1ec3m<\/strong><\/h3>\n<ul>\n<li>B\u1ed9 ti\u1ec1n x\u1eed l\u00fd n\u01b0\u1edbc Geyser Vuoxa A\u00a0 t\u00edch h\u1ee3p c\u00f4ng ngh\u1ec7 nano t\u1ed5ng h\u1ee3p \u0111\u1ed9c quy\u1ec1n \u0111\u01b0\u1ee3c ki\u1ec3m ch\u1ee9ng t\u1ea1i Nh\u1eadt B\u1ea3n, gi\u00fap ch\u1ed1ng b\u00e1m c\u1eb7n \u0111i\u1ec7n c\u1ef1c duy nh\u1ea5t tr\u00ean th\u1ebf gi\u1edbi<\/li>\n<li>C\u00f3 kh\u1ea3 n\u0103ng x\u1eed l\u00fd c\u00e1c ngu\u1ed3n n\u01b0\u1edbc \u00f4 nhi\u1ec5m \u0111a d\u1ea1ng t\u1ea1i Vi\u1ec7t Nam, \u0111\u1ea3m b\u1ea3o ch\u1ea5t l\u01b0\u1ee3ng ngu\u1ed3n n\u01b0\u1edbc \u0111\u1ea7u ra lu\u00f4n s\u1ea1ch v\u00e0 \u0111\u1ea1t chu\u1ea9n an to\u00e0n<\/li>\n<li>N\u00e2ng cao kh\u1ea3 n\u0103ng \u0111i\u1ec7n ly c\u1ee7a n\u01b0\u1edbc t\u1eeb 10% \u2013 30% so v\u1edbi nh\u1eefng b\u1ed9 ti\u1ec1n x\u1eed l\u00fd th\u00f4ng th\u01b0\u1eddng<\/li>\n<\/ul>\n<p><strong>B\u1ed9 ti\u1ec1n x\u1eed l\u00fd Geyser Vuoxa A<\/strong>\u00a0ph\u00f9 h\u1ee3p v\u1edbi t\u1ea5t c\u1ea3 c\u00e1c d\u00f2ng m\u00e1y l\u1ecdc n\u01b0\u1edbc ion ki\u1ec1m \u0111i\u1ec7n gi\u1ea3i hi\u1ec7n c\u00f3 tr\u00ean th\u1ecb tr\u01b0\u1eddng<\/p>\n<h3><strong>\u1ee8ng d\u1ee5ng<\/strong><\/h3>\n<p><strong>B\u1ed9 ti\u1ec1n x\u1eed l\u00fd n\u01b0\u1edbc Geyser Vuoxa A <\/strong>\u0111\u01b0\u1ee3c d\u00f9ng cho c\u00e1c d\u00f2ng s\u1ea3n ph\u1ea9m m\u00e1y l\u1ecdc n\u01b0\u1edbc ion ki\u1ec1m \u0111i\u1ec7n gi\u1ea3i tr\u00ean th\u1ecb tr\u01b0\u1eddng. S\u1ea3n ph\u1ea9m c\u00f3 t\u00ednh \u1ee9ng d\u1ee5ng cao khi c\u00f3 th\u1ec3 s\u1eed d\u1ee5ng l\u1ecdc h\u1ea7u h\u1ebft m\u1ecdi ngu\u1ed3n n\u01b0\u1edbc t\u1ea1i Vi\u1ec7t Nam.<\/p>\n<p>Ng\u00e0y nay, B\u1ed9 ti\u1ec1n x\u1eed l\u00fd n\u01b0\u1edbc Geyser Vuoxa A \u0111\u01b0\u1ee3c xem l\u00e0 thi\u1ebft b\u1ecb y t\u1ebf gia \u0111\u00ecnh gi\u00fap mang l\u1ea1i ngu\u1ed3n n\u01b0\u1edbc s\u1ea1ch khu\u1ea9n, an to\u00e0n v\u00e0 ch\u1ea5t l\u01b0\u1ee3ng. N\u01b0\u1edbc sau khi \u0111\u01b0\u1ee3c l\u1ecdc b\u1eb1ng m\u00e1y v\u00e0 b\u1ed9 ti\u1ec1n x\u1eed l\u00fd gi\u00fap m\u00f3n \u0103n ngon h\u01a1n, pha tr\u00e0 chu\u1ea9n v\u1ecb h\u01a1n, lo\u1ea1i b\u1ecf c\u00e1c v\u1ebft b\u1ea9n v\u00e0 gi\u00fap t\u0103ng c\u01b0\u1eddng hi\u1ec7u qu\u1ea3 c\u1ee7a c\u00e1c lo\u1ea1i th\u1ef1c ph\u1ea9m ch\u1ee9c n\u0103ng.<\/p>\n<h3><strong>M\u00f4 h\u00ecnh l\u1eafp \u0111\u1eb7t<\/strong><\/h3>\n<figure id=\"attachment_66115\" aria-describedby=\"caption-attachment-66115\" style=\"width: 800px\" class=\"wp-caption alignnone\"><img loading=\"lazy\" decoding=\"async\" class=\"size-large wp-image-66115\" src=\"https:\/\/livinghome.vn\/thiet-bi\/wp-content\/uploads\/loc-nuoc\/geyser\/tien-xu-ly-may-dien-giai-geyser\/bo-tien-xu-ly-dien-giai-geyser-vuoxa-a\/bo-tien-xu-ly-dien-giai-geyser-vuoxa-a-7-800x800.jpg\" alt=\"B\u1ed9 ti\u1ec1n x\u1eed l\u00fd n\u01b0\u1edbc Geyser Vuoxa A - Made in Russia\" width=\"800\" height=\"800\" title=\"\"><figcaption id=\"caption-attachment-66115\" class=\"wp-caption-text\">C\u00fat n\u1ed1i B\u1ed9 ti\u1ec1n x\u1eed l\u00fd n\u01b0\u1edbc Geyser Vuoxa A \u0111\u01b0\u1ee3c \u0111\u00fac nguy\u00ean kh\u1ed1i<\/figcaption><\/figure>\n<p>&nbsp;<\/p>\n<figure id=\"attachment_66116\" aria-describedby=\"caption-attachment-66116\" style=\"width: 1020px\" class=\"wp-caption alignnone\"><img loading=\"lazy\" decoding=\"async\" class=\"size-large wp-image-66116\" src=\"https:\/\/livinghome.vn\/thiet-bi\/wp-content\/uploads\/loc-nuoc\/geyser\/tien-xu-ly-may-dien-giai-geyser\/bo-tien-xu-ly-dien-giai-geyser-vuoxa-a\/bo-tien-xu-ly-dien-giai-geyser-vuoxa-a-8-1067x800.jpg\" alt=\"B\u1ed9 ti\u1ec1n x\u1eed l\u00fd n\u01b0\u1edbc Geyser Vuoxa A - Made in Russia\" width=\"1020\" height=\"765\" title=\"\"><figcaption id=\"caption-attachment-66116\" class=\"wp-caption-text\">B\u1ed9 ti\u1ec1n x\u1eed l\u00fd n\u01b0\u1edbc Geyser Vuoxa A gi\u1ea3i ph\u00e1p ti\u1ec1n l\u1ecdc ion ki\u1ec1m s\u1ed1 1 th\u1ebf gi\u1edbi<\/figcaption><\/figure>\n<p>&nbsp;<\/p>\n<figure id=\"attachment_66118\" aria-describedby=\"caption-attachment-66118\" style=\"width: 1020px\" class=\"wp-caption alignnone\"><img loading=\"lazy\" decoding=\"async\" class=\"size-large wp-image-66118\" src=\"https:\/\/livinghome.vn\/thiet-bi\/wp-content\/uploads\/loc-nuoc\/geyser\/tien-xu-ly-may-dien-giai-geyser\/bo-tien-xu-ly-dien-giai-geyser-vuoxa-a\/bo-tien-xu-ly-dien-giai-geyser-vuoxa-a-10-1067x800.jpg\" alt=\"B\u1ed9 ti\u1ec1n x\u1eed l\u00fd n\u01b0\u1edbc Geyser Vuoxa A - Made in Russia\" width=\"1020\" height=\"765\" title=\"\"><figcaption id=\"caption-attachment-66118\" class=\"wp-caption-text\">B\u1ed9 ti\u1ec1n x\u1eed l\u00fd n\u01b0\u1edbc Geyser Vuoxa A -x2 \u0111\u1ed9 b\u1ec1n \u0111i\u1ec7n c\u1ef1c<\/figcaption><\/figure>\n<p>&nbsp;<\/p>\n<figure id=\"attachment_66111\" aria-describedby=\"caption-attachment-66111\" style=\"width: 1020px\" class=\"wp-caption alignnone\"><img loading=\"lazy\" decoding=\"async\" class=\"size-large wp-image-66111\" src=\"https:\/\/livinghome.vn\/thiet-bi\/wp-content\/uploads\/loc-nuoc\/geyser\/tien-xu-ly-may-dien-giai-geyser\/bo-tien-xu-ly-dien-giai-geyser-vuoxa-a\/bo-tien-xu-ly-dien-giai-geyser-vuoxa-a-9-1067x800.jpg\" alt=\"B\u1ed9 ti\u1ec1n x\u1eed l\u00fd n\u01b0\u1edbc Geyser Vuoxa A - Made in Russia\" width=\"1020\" height=\"765\" title=\"\"><figcaption id=\"caption-attachment-66111\" class=\"wp-caption-text\">V\u1ec7 s\u1ef9 thi\u1ebft y\u1ebfu cho m\u1ecdi m\u00e1y ion ki\u1ec1m \u0111i\u1ec7n gi\u1ea3i v\u1edbi ngu\u1ed3n n\u01b0\u1edbc Vi\u1ec7t<\/figcaption><\/figure>\n","protected":false},"excerpt":{"rendered":"<p style=\"text-align: left;\"><strong>B\u1ed9 ti\u1ec1n x\u1eed l\u00fd n\u01b0\u1edbc Geyser Vuoxa A<\/strong> l\u00e0 d\u00f2ng s\u1ea3n ph\u1ea9m chuy\u00ean d\u1ee5ng \u0111\u01b0\u1ee3c thi\u1ebft k\u1ebf s\u1eed d\u1ee5ng v\u1edbi m\u00e1y l\u1ecdc n\u01b0\u1edbc ion ki\u1ec1m \u0111i\u1ec7n gi\u1ea3i gia \u0111\u00ecnh gi\u00fap n\u00e2ng cao hi\u1ec7u qu\u1ea3 s\u1eed d\u1ee5ng c\u0169ng nh\u01b0 \u0111\u1ed9 b\u1ec1n m\u00e1y ion ki\u1ec1m \u0111i\u1ec7n gi\u1ea3i t\u1ea1i ngu\u1ed3n n\u01b0\u1edbc Vi\u1ec7t Nam:<\/p>\n<ul style=\"text-align: left;\">\n<li>T\u0103ng \u0111\u1ed9 b\u1ec1n m\u00e1y l\u1ecdc n\u01b0\u1edbc ion ki\u1ec1m \u0111i\u1ec7n gi\u1ea3i nh\u1edd t\u00edch h\u1ee3p c\u00f4ng ngh\u1ec7 ch\u1ed1ng b\u00e1m c\u1eb7n \u0111i\u1ec7n c\u1ef1c duy nh\u1ea5t tr\u00ean th\u1ebf gi\u1edbi, \u0111\u00e3 \u0111\u01b0\u1ee3c ki\u1ec3m ch\u1ee9ng t\u1ea1i Nh\u1eadt B\u1ea3n<\/li>\n<li>Ph\u00f9 h\u1ee3p x\u1eed l\u00fd \u00f4 nhi\u1ec5m ngu\u1ed3n n\u01b0\u1edbc Vi\u1ec7t, gi\u00fap \u0111\u1ea3m b\u1ea3o n\u01b0\u1edbc sau m\u00e1y ion ki\u1ec1m \u0111i\u1ec7n gi\u1ea3i \u0111\u1ea1t chu\u1ea9n \u0103n u\u1ed1ng tr\u1ef1c ti\u1ebfp b\u1eaft bu\u1ed9c c\u1ee7a B\u1ed9 Y T\u1ebf<\/li>\n<\/ul>\n<p style=\"text-align: left;\">Vuoxa A ph\u00f9 h\u1ee3p v\u1edbi m\u1ecdi lo\u1ea1i m\u00e1y l\u1ecdc n\u01b0\u1edbc ion ki\u1ec1m \u0111i\u1ec7n gi\u1ea3i gia \u0111\u00ecnh!<\/p>\n","protected":false},"featured_media":3767,"comment_status":"open","ping_status":"closed","template":"","meta":[],"product_brand":[],"product_cat":[399,412,413],"product_tag":[439,417,404,423,433],"class_list":{"0":"post-3588","1":"product","2":"type-product","3":"status-publish","4":"has-post-thumbnail","6":"product_cat-may-loc-nuoc","7":"product_cat-may-loc-nuoc-geyser","8":"product_cat-thuong-hieu-geyser","9":"product_tag-bo-tien-xu-ly-nuoc","10":"product_tag-geyser","11":"product_tag-may-loc-nuoc","12":"product_tag-may-loc-nuoc-geyser","13":"product_tag-may-loc-nuoc-ion-kiem-dien-giai","15":"first","16":"instock","17":"shipping-taxable","18":"purchasable","19":"product-type-simple"},"_links":{"self":[{"href":"https:\/\/livinghome.vn\/thiet-bi\/wp-json\/wp\/v2\/product\/3588","targetHints":{"allow":["GET"]}}],"collection":[{"href":"https:\/\/livinghome.vn\/thiet-bi\/wp-json\/wp\/v2\/product"}],"about":[{"href":"https:\/\/livinghome.vn\/thiet-bi\/wp-json\/wp\/v2\/types\/product"}],"replies":[{"embeddable":true,"href":"https:\/\/livinghome.vn\/thiet-bi\/wp-json\/wp\/v2\/comments?post=3588"}],"wp:featuredmedia":[{"embeddable":true,"href":"https:\/\/livinghome.vn\/thiet-bi\/wp-json\/wp\/v2\/media\/3767"}],"wp:attachment":[{"href":"https:\/\/livinghome.vn\/thiet-bi\/wp-json\/wp\/v2\/media?parent=3588"}],"wp:term":[{"taxonomy":"product_brand","embeddable":true,"href":"https:\/\/livinghome.vn\/thiet-bi\/wp-json\/wp\/v2\/product_brand?post=3588"},{"taxonomy":"product_cat","embeddable":true,"href":"https:\/\/livinghome.vn\/thiet-bi\/wp-json\/wp\/v2\/product_cat?post=3588"},{"taxonomy":"product_tag","embeddable":true,"href":"https:\/\/livinghome.vn\/thiet-bi\/wp-json\/wp\/v2\/product_tag?post=3588"}],"curies":[{"name":"wp","href":"https:\/\/api.w.org\/{rel}","templated":true}]}}