{"id":3585,"date":"2023-01-12T18:16:07","date_gmt":"2023-01-12T18:16:07","guid":{"rendered":"https:\/\/livinghome.vn\/thiet-bi\/?post_type=product&#038;p=3585"},"modified":"2024-11-29T14:20:17","modified_gmt":"2024-11-29T07:20:17","slug":"may-loc-nuoc-geyser-vuoxa-5-ro-nano-2-in-1-nhap-khau-tu-nga","status":"publish","type":"product","link":"https:\/\/livinghome.vn\/thiet-bi\/may-loc-nuoc-geyser-vuoxa-5-ro-nano-2-in-1-nhap-khau-tu-nga\/","title":{"rendered":"M\u00e1y l\u1ecdc n\u01b0\u1edbc Geyser Vuoxa 5 RO Nano 2 in 1 &#8211; Nh\u1eadp Kh\u1ea9u t\u1eeb Nga"},"content":{"rendered":"<h2><strong>S\u1ea3n ph\u1ea9m M\u00e1y l\u1ecdc n\u01b0\u1edbc Geyser Vuoxa 5 RO &#8211; Nano 2 in 1<\/strong><\/h2>\n<p>T\u1ea1i sao ph\u1ea3i s\u1eed d\u1ee5ng M\u00e1y l\u1ecdc n\u01b0\u1edbc Geyser Vuoxa 5<strong>\u00a0(nanoTech)<\/strong>. R\u1ea5t nhi\u1ec1u nghi\u00ean c\u1ee9u cho th\u1ea5y, kho\u00e1ng ch\u1ea5t \u0111\u00f3ng vai tr\u00f2 quan tr\u1ecdng \u0111\u1ed1i v\u1edbi s\u1ee9c kh\u1ecfe v\u00e0 s\u1ef1 ph\u00e1t tri\u1ec3n to\u00e0n di\u1ec7n c\u1ee7a c\u01a1 th\u1ec3. M\u1ed9t s\u1ed1 l\u1ee3i \u00edch c\u1ee7a kho\u00e1ng ch\u1ea5t ph\u1ea3i k\u1ec3 \u0111\u1ebfn nh\u01b0:<\/p>\n<ul>\n<li>Gi\u1ea3m t\u1ef7 l\u1ec7 t\u1eed vong do ung th\u01b0 v\u00e0 b\u1ec7nh tim m\u1ea1ch.<\/li>\n<li>Kho\u00e1ng ch\u1ea5t d\u1ea1ng ion c\u00f3 th\u1ec3 h\u1ea5p th\u1ee5 t\u1ed1t h\u01a1n nhi\u1ec1u so v\u1edbi kho\u00e1ng ch\u1ea5t th\u00f4ng th\u01b0\u1eddng.<\/li>\n<li>\u0102n u\u1ed1ng \u0111\u1ea7y \u0111\u1ee7 c\u00f3 th\u1ec3 gi\u00fap b\u1ed5 sung kho\u00e1ng ch\u1ea5t hi\u1ec7u qu\u1ea3.<\/li>\n<li>S\u1eed d\u1ee5ng n\u01b0\u1edbc tinh khi\u1ebft c\u00f3 th\u1ec3 l\u00e0m gi\u1ea3m 60% kho\u00e1ng ch\u1ea5t c\u00f3 l\u1ee3i trong ngu\u1ed3n n\u01b0\u1edbc.<\/li>\n<\/ul>\n<figure id=\"attachment_66078\" aria-describedby=\"caption-attachment-66078\" style=\"width: 799px\" class=\"wp-caption alignnone\"><img loading=\"lazy\" decoding=\"async\" class=\"size-large wp-image-66078\" src=\"https:\/\/livinghome.vn\/thiet-bi\/wp-content\/uploads\/loc-nuoc\/geyser\/may-loc-nuoc-ro-nano-mang-geyser\/may-loc-nuoc-ro-nano-mang-geyser-vuoxa-5\/may-loc-nuoc-ro-nano-mang-geyser-vuoxa-5-1-799x800.jpg\" alt=\"M\u00e1y l\u1ecdc n\u01b0\u1edbc Geyser Vuoxa 5 RO - Nano 2 in 1\" width=\"799\" height=\"800\" title=\"\"><figcaption id=\"caption-attachment-66078\" class=\"wp-caption-text\">M\u00e1y l\u1ecdc n\u01b0\u1edbc Geyser Vuoxa 5 RO &#8211; Nano 2 in 1<\/figcaption><\/figure>\n<p>Vi\u1ec7c s\u1eed d\u1ee5ng m\u00e1y l\u1ecdc n\u01b0\u1edbc\u00a0<strong>Geyser Vuoxa 5\u00a0<\/strong>c\u00f3 th\u1ec3 gi\u00fap gi\u1eef l\u1ea1i \u0111\u1ebfn 30% c\u00e1c kho\u00e1ng ch\u1ea5t thi\u1ebft y\u1ebfu cho c\u01a1 th\u1ec3. \u0110\u00e2y \u0111\u01b0\u1ee3c xem l\u00e0 gi\u1ea3i ph\u00e1p cho v\u1ea5n \u0111\u1ec1 kh\u1eed 100% c\u00e1c kho\u00e1ng ch\u1ea5t c\u00f3 l\u1ee3i tr\u00ean nh\u1eefng d\u00f2ng m\u00e1y RO th\u00f4ng th\u01b0\u1eddng.<\/p>\n<p>B\u00ean c\u1ea1nh \u0111\u00f3, nh\u1edd s\u1eed d\u1ee5ng c\u00f4ng ngh\u1ec7 h\u00e0ng \u0111\u1ea7u, M\u00e1y l\u1ecdc n\u01b0\u1edbc Geyser Vuoxa 5<strong>\u00a0<\/strong>c\u00f3 th\u1ec3 x\u1eed l\u00fd t\u1ed1t c\u00e1c c\u00e1c \u00f4 nhi\u1ec5m t\u1eeb nh\u1eefng ngu\u1ed3n n\u01b0\u1edbc ng\u1ea7m, gi\u1ebfng khoan. M\u00e1y c\u00f3 kh\u1ea3 n\u0103ng lo\u1ea1i b\u1ecf ch\u1ea5t \u00f4 nhi\u1ec5m, t\u1ea1p ch\u1ea5t v\u00e0 ng\u0103n ng\u1eeba t\u00ecnh tr\u1ea1ng n\u01b0\u1edbc c\u1ee9ng.<\/p>\n<p>M\u00e1y l\u1ecdc n\u01b0\u1edbc Geyser Vuoxa 5 c\u00f3 kh\u1ea3 n\u0103ng x\u1eed l\u00fd hi\u1ec7u qu\u1ea3 nh\u1eefng ngu\u1ed3n n\u01b0\u1edbc ng\u1ea7m c\u00f3 \u0111\u1ed9 c\u1ee9ng &gt;200ppm, c\u00e1c ngu\u1ed3n n\u01b0\u1edbc kh\u00e1c nh\u01b0 n\u01b0\u1edbc m\u01b0a, n\u01b0\u1edbc,\u2026 v\u1eabn s\u1eed d\u1ee5ng ph\u00f9 h\u1ee3p v\u1edbi d\u00f2ng m\u00e1y n\u00e0y.<\/p>\n<h3><strong>Th\u00f4ng s\u1ed1 k\u1ef9 thu\u1eadt<\/strong><\/h3>\n<table>\n<tbody>\n<tr>\n<td>Th\u01b0\u01a1ng hi\u1ec7u<\/td>\n<td>Geyser<\/td>\n<\/tr>\n<tr>\n<td>C\u00f4ng ngh\u1ec7<\/td>\n<td>Nano t\u1ed5ng h\u1ee3p NBAF<\/td>\n<\/tr>\n<tr>\n<td>\u1ee8ng d\u1ee5ng<\/td>\n<td>L\u1ecdc n\u01b0\u1edbc \u0103n u\u1ed1ng tr\u1ef1c ti\u1ebfp kh\u00f4ng c\u1ea7n \u0111un s\u00f4i<\/td>\n<\/tr>\n<tr>\n<td>T\u00ednh n\u0103ng \u0111\u1eb7c bi\u1ec7t<\/td>\n<td>Gi\u1eef l\u1ea1i \u0111\u1ebfn 30% kho\u00e1ng ch\u1ea5t t\u1ef1 nhi\u00ean<\/td>\n<\/tr>\n<tr>\n<td>Ngu\u1ed3n n\u01b0\u1edbc \u0111\u1ea7u v\u00e0o<\/td>\n<td>N\u01b0\u1edbc ng\u1ea7m, n\u01b0\u1edbc gi\u1ebfng khoan \u0111\u00e3 qua x\u1eed l\u00fd(\u0111\u1ed9 c\u1ee9ng &gt;200ppm).<\/td>\n<\/tr>\n<tr>\n<td>N\u01b0\u1edbc th\u1ea3i<\/td>\n<td>C\u00f3<\/td>\n<\/tr>\n<tr>\n<td>Ngu\u1ed3n \u0111i\u1ec7n<\/td>\n<td>Chi s\u1eed d\u1ee5ng khi \u00e1p n\u01b0\u1edbc &lt;3Bar(m\u00e1y ch\u01b0a bao g\u1ed3m b\u1ed9 b\u01a1m t\u0103ng \u00e1p)<\/td>\n<\/tr>\n<tr>\n<td>S\u1ed1 l\u00f5i l\u1ecdc<\/td>\n<td>5<\/td>\n<\/tr>\n<tr>\n<td>Tu\u1ed5i th\u1ecd l\u00f5i l\u1ecdc<\/td>\n<td>\u0110\u1ecbnh k\u1ef3 9 th\u00e1ng: Thay th\u1ebf tr\u1ecdn b\u1ed9 l\u00f5i l\u1ecdc Unitech 123 \u0110\u1ecbnh k\u1ef3 18 th\u00e1ng: Thay th\u1ebf tr\u1ecdn b\u1ed9 5 l\u00f5i.<\/td>\n<\/tr>\n<tr>\n<td>C\u00f4ng su\u1ea5t<\/td>\n<td>200 lit\/ ng\u00e0y<\/td>\n<\/tr>\n<tr>\n<td>Tr\u1ecdng l\u01b0\u1ee3ng<\/td>\n<td>~6kg(kh\u00f4ng vo\u0309)<\/td>\n<\/tr>\n<tr>\n<td>K\u00edch th\u01b0\u1edbc<\/td>\n<td>R470*S380*C420mm(ch\u01b0a g\u1ed3m b\u00ecnh \u00e1p).<\/td>\n<\/tr>\n<tr>\n<td>V\u1ecb tr\u00ed l\u1eafp \u0111\u1eb7t<\/td>\n<td>Under sink ho\u0103\u0323c Desktop(tr\u00ean ba\u0300n ho\u0103\u0323c d\u01b0\u01a1\u0301i ch\u00e2\u0323u r\u01b0\u0309a)<\/td>\n<\/tr>\n<tr>\n<td>Xu\u1ea5t x\u1ee9<\/td>\n<td>Nh\u1eadp kh\u1ea9u nguy\u00ean chi\u1ebfc Lb Nga<\/td>\n<\/tr>\n<tr>\n<td>T\u00ednh n\u0103ng<\/td>\n<td>M\u00e1y l\u1ecdc n\u01b0\u1edbc \u0103n u\u1ed1ng<\/td>\n<\/tr>\n<\/tbody>\n<\/table>\n<h3><strong>T\u00ednh n\u0103ng n\u1ed5i b\u1eadt<\/strong><\/h3>\n<h4><strong>C\u00f4ng ngh\u1ec7 Nanotech ti\u00ean ti\u1ebfn<\/strong><\/h4>\n<figure id=\"attachment_66085\" aria-describedby=\"caption-attachment-66085\" style=\"width: 1020px\" class=\"wp-caption alignnone\"><img loading=\"lazy\" decoding=\"async\" class=\"size-large wp-image-66085\" src=\"https:\/\/livinghome.vn\/thiet-bi\/wp-content\/uploads\/loc-nuoc\/geyser\/may-loc-nuoc-ro-nano-mang-geyser\/may-loc-nuoc-ro-nano-mang-geyser-vuoxa-5\/may-loc-nuoc-ro-nano-mang-geyser-vuoxa-5-2-1067x800.jpg\" alt=\"M\u00e1y l\u1ecdc n\u01b0\u1edbc Geyser Vuoxa 5 RO - Nano 2 in 1\" width=\"1020\" height=\"765\" title=\"\"><figcaption id=\"caption-attachment-66085\" class=\"wp-caption-text\">C\u00f4ng ngh\u1ec7 nanotech c\u1ee7a m\u00e1y l\u1ecdc n\u01b0\u1edbc Geyser Vuoxa 5 \u0111\u1ea1t chu\u1ea9n Ch\u00e2u \u00c2u<\/figcaption><\/figure>\n<p>M\u00e1y l\u1ecdc n\u01b0\u1edbc\u00a0<strong>Geyser Vuoxa 5<\/strong>\u00a0t\u00edch h\u1ee3p 2 c\u00f4ng ngh\u1ec7 h\u00e0ng \u0111\u1ea7u, bao g\u1ed3m: BAF Catalon 3 in 1 v\u00e0 NanoMetre.<\/p>\n<p>Nh\u1edd v\u00e0o 2 c\u00f4ng ngh\u1ec7 n\u00e0y m\u00e0 m\u00e1y c\u00f3 th\u1ec3 lo\u1ea1i b\u1ecf t\u1ed1i \u01b0u nh\u1ea5t nh\u1eefng ch\u1ea5t \u00f4 nhi\u1ec5m, bao g\u1ed3m: kim lo\u1ea1i n\u1eb7ng, virus, vi khu\u1ea9n, d\u01b0 l\u01b0\u1ee3ng thu\u1ed1c b\u1ea3o v\u1ec7 th\u1ef1c v\u1eadt, h\u1eefu c\u01a1, thu\u1ed1c tr\u1eeb s\u00e2u, c\u00e1c \u00f4 nhi\u1ec5m d\u1ea1ng kh\u00ed h\u00f3a l\u1ecfng,\u2026<\/p>\n<p>B\u00ean c\u1ea1nh \u0111\u00f3, m\u00e1y v\u1eabn \u0111\u1ea3m b\u1ea3o gi\u1eef l\u1ea1i \u0111\u01b0\u1ee3c 30% c\u00e1c kho\u00e1ng ch\u1ea5t thi\u1ebft y\u1ebfu c\u00f3 trong n\u01b0\u1edbc.<\/p>\n<p>C\u00e1c ti\u00eau chu\u1ea9n v\u1ec1 kho\u00e1ng ch\u1ea5t trong n\u01b0\u1edbc u\u1ed1ng<\/p>\n<ul>\n<li><strong>Ti\u00eau chu\u1ea9n n\u01b0\u1edbc \u0103n u\u1ed1ng tr\u1ef1c ti\u1ebfp\u00a0<a href=\"https:\/\/thuvienphapluat.vn\/TCVN\/Tai-nguyen-Moi-truong\/Quy-chuan-ky-thuat-Quoc-gia-QCVN-01-2009-BYT-ve-chat-luong-nuoc-an-uong-901137.aspx\" target=\"_blank\" rel=\"noopener nofollow\">QCVN 01:2009\/BYT<\/a>:<\/strong>\n<ul>\n<li>\u0110\u1ed9 c\u1ee9ng: 300ppm<\/li>\n<li>TDS: 1000ppm<\/li>\n<\/ul>\n<\/li>\n<\/ul>\n<p>Ti\u00eau chu\u1ea9n n\u00e0y ch\u1ec9 quy \u0111\u1ecbnh h\u00e0m l\u01b0\u1ee3ng t\u1ed1i \u0111a m\u00e0 kh\u00f4ng quy \u0111\u1ecbnh h\u00e0m l\u01b0\u1ee3ng t\u1ed1i thi\u1ec3u, ch\u00ednh v\u00ec vai tr\u00f2 quan tr\u1ecdng c\u1ee7a kho\u00e1ng ch\u1ea5t trong n\u01b0\u1edbc u\u1ed1ng v\u1edbi s\u1ee9c kh\u1ecfe, c\u00e1c qu\u1ed1c gia ch\u00e2u \u00c2u \u0111\u00e3 \u0111\u01b0a ra c\u00e1c quy \u0111\u1ecbnh v\u1ec1 h\u00e0m l\u01b0\u1ee3ng kho\u00e1ng ch\u1ea5t t\u1ed1i thi\u1ec3u trong n\u01b0\u1edbc u\u1ed1ng, c\u1ee5 th\u1ec3 nh\u01b0 sau:<\/p>\n<ul>\n<li><strong>Ti\u00eau chu\u1ea9n WHO:<\/strong>\n<ul>\n<li>TDS: 100 -1000ppm<\/li>\n<li>\u0110\u1ed9 c\u1ee9ng: 75-125ppm<\/li>\n<\/ul>\n<\/li>\n<li><strong>Ti\u00eau chu\u1ea9n EU:<\/strong>\n<ul>\n<li>TDS: 250-500ppm<\/li>\n<\/ul>\n<\/li>\n<\/ul>\n<blockquote class=\"may_loc_nuoc_giu_chat_khoang\" cite=\"https:\/\/www.geyser.com.vn\/san-pham\/may-loc-nuoc-ion-canxi-geyser-nanotech-vuoxa-5\/#m%C3%A1y_l%E1%BB%8Dc_n%C6%B0%E1%BB%9Bc_nano_c%C3%B4ng_ngh%E1%BB%87_gi%E1%BB%AF_kho%C3%A1ng_ch%E1%BA%A5t\"><p>\u201cC\u00e1c ti\u00eau chu\u1ea9n n\u00e0y cho th\u1ea5y n\u01b0\u1edbc tinh khi\u1ebft kh\u00f4ng ch\u1ec9 l\u00e0m n\u01b0\u1edbc ho\u00e0n to\u00e0n kh\u1eed kho\u00e1ng kh\u00f4ng \u0111\u1ea1t y\u00eau c\u1ea7u, m\u00e0 n\u00f3 c\u00f2n c\u00f3 m\u1ed9t s\u1ed1 \u1ea3nh h\u01b0\u1edfng b\u1ea5t l\u1ee3i nh\u1ea5t \u0111\u1ecbnh \u0111\u1ebfn c\u01a1 th\u1ec3 ng\u01b0\u1eddi v\u00e0 \u0111\u1ed9ng v\u1eadt\u201d \u2013 Theo b\u00e1o c\u00e1o c\u1ee7a\u00a0<a href=\"https:\/\/www.who.int\/\" target=\"_blank\" rel=\"noopener nofollow\">WHO<\/a><\/p><\/blockquote>\n<figure id=\"attachment_66083\" aria-describedby=\"caption-attachment-66083\" style=\"width: 1020px\" class=\"wp-caption alignnone\"><img loading=\"lazy\" decoding=\"async\" class=\"size-large wp-image-66083\" src=\"https:\/\/livinghome.vn\/thiet-bi\/wp-content\/uploads\/loc-nuoc\/geyser\/may-loc-nuoc-ro-nano-mang-geyser\/may-loc-nuoc-ro-nano-mang-geyser-vuoxa-5\/may-loc-nuoc-ro-nano-mang-geyser-vuoxa-5-5-1067x800.jpg\" alt=\"M\u00e1y l\u1ecdc n\u01b0\u1edbc Geyser Vuoxa 5 RO - Nano 2 in 1\" width=\"1020\" height=\"765\" title=\"\"><figcaption id=\"caption-attachment-66083\" class=\"wp-caption-text\">M\u00e1y l\u1ecdc n\u01b0\u1edbc Geyser Vuoxa 5 gi\u1eef l\u1ea1i l\u01b0\u1ee3ng ch\u1ea5t kho\u00e1ng cho s\u1ee9c kh\u1ecfe<\/figcaption><\/figure>\n<h4><strong>C\u00f4ng ngh\u1ec7 BAF Catalon 3 in 1 c\u1ee7a m\u00e1y l\u1ecdc n\u01b0\u1edbc Geyser Vuoxa 5<\/strong><\/h4>\n<p>C\u00f4ng ngh\u1ec7 BAF Catalon 3 in 1 t\u00edch h\u1ee3p trong m\u00e1y l\u1ecdc n\u01b0\u1edbc Geyser Vuoxa 5 s\u1edf h\u1eefu nh\u1eefng \u01b0u \u0111i\u1ec3m nh\u01b0 sau:<\/p>\n<ul>\n<li>Tu\u1ed5i th\u1ecd l\u00f5i l\u1ecdc \u0111\u1ebfn 10.000 l\u00edt.<\/li>\n<li>C\u00f4ng ngh\u1ec7 \u0111\u1ed9c quy\u1ec1n s\u00e1ng ch\u1ebf t\u1ea1i Nga.<\/li>\n<li>H\u1ea5p ph\u1ee5 v\u00e0 trao \u0111\u1ed5i ion hi\u1ec7u qu\u1ea3, gi\u00fap lo\u1ea1i b\u1ecf c\u00e1c kim lo\u1ea1i n\u1eb7ng, g\u00e2y \u0111\u1ed9c, asen, clo, ch\u1ea5t h\u1eefu c\u01a1,\u2026 c\u00f3 trong n\u01b0\u1edbc.<\/li>\n<\/ul>\n<h4><strong>Kh\u1ea3 n\u0103ng x\u1eed l\u00fd th\u1ef1c t\u1ebf<\/strong><\/h4>\n<table>\n<tbody>\n<tr>\n<td><strong>Ch\u1ea5t \u00f4 nhi\u1ec5m<\/strong><\/td>\n<td><strong>H\u00e0m l\u01b0\u1ee3ng v\u00e0o(ppm)<\/strong><\/td>\n<td><strong>Kh\u1ea3 n\u0103ng lo\u1ea1i b\u1ecf(%)<\/strong><\/td>\n<\/tr>\n<tr>\n<td>Iron<\/td>\n<td>2<\/td>\n<td>85<\/td>\n<\/tr>\n<tr>\n<td>\u0110\u1ed3ng<\/td>\n<td>1<\/td>\n<td>90<\/td>\n<\/tr>\n<tr>\n<td>Ch\u00ec<\/td>\n<td>0.2<\/td>\n<td>97<\/td>\n<\/tr>\n<tr>\n<td>Cadmium<\/td>\n<td>0.1<\/td>\n<td>93<\/td>\n<\/tr>\n<\/tbody>\n<\/table>\n<h4><strong>C\u00f4ng ngh\u1ec7 m\u00e0ng l\u1ecdc NanoMetre c\u1ee7a m\u00e1y l\u1ecdc n\u01b0\u1edbc Geyser Vuoxa 5<\/strong><\/h4>\n<p>M\u00e1y l\u1ecdc n\u01b0\u1edbc Geyser Vuoxa 5 \u0111\u01b0\u1ee3c nghi\u00ean c\u1ee9u d\u1ef1a tr\u00ean ngu\u1ed3n n\u01b0\u1edbc Vi\u1ec7t Nam.<\/p>\n<p>Do \u0111\u00f3, m\u00e1y l\u1ecdc c\u1ea7n \u0111\u01b0\u1ee3c trang b\u1ecb th\u00eam b\u1ed9 t\u0103ng \u00e1p nh\u1eb1m \u0111\u1ea3m b\u1ea3o v\u1edbi ngu\u1ed3n n\u01b0\u1edbc c\u1ea5p \u1edf Vi\u1ec7t Nam c\u00f3 \u00e1p l\u1ef1c n\u01b0\u1edbc c\u1ea5p &lt; 3Bar. \u0110\u1ed1i v\u1edbi nh\u1eefng tr\u01b0\u1eddng h\u1ee3p n\u01b0\u1edbc c\u00f3 \u00e1p l\u1ef1c &gt; 3Bar, m\u00e1y l\u1ecdc c\u00f3 th\u1ec3 ho\u1ea1t \u0111\u1ed9ng b\u00ecnh th\u01b0\u1eddng m\u00e0 kh\u00f4ng c\u1ea7n \u0111\u1ebfn b\u1ed9 \u0111i\u1ec7n.<\/p>\n<figure id=\"attachment_66081\" aria-describedby=\"caption-attachment-66081\" style=\"width: 1020px\" class=\"wp-caption alignnone\"><img loading=\"lazy\" decoding=\"async\" class=\"size-large wp-image-66081\" src=\"https:\/\/livinghome.vn\/thiet-bi\/wp-content\/uploads\/loc-nuoc\/geyser\/may-loc-nuoc-ro-nano-mang-geyser\/may-loc-nuoc-ro-nano-mang-geyser-vuoxa-5\/may-loc-nuoc-ro-nano-mang-geyser-vuoxa-5-3-1067x800.jpg\" alt=\"M\u00e1y l\u1ecdc n\u01b0\u1edbc Geyser Vuoxa 5 RO - Nano 2 in 1\" width=\"1020\" height=\"765\" title=\"\"><figcaption id=\"caption-attachment-66081\" class=\"wp-caption-text\">L\u1ee3i \u00edch khi s\u1eed d\u1ee5ng M\u00e1y l\u1ecdc n\u01b0\u1edbc Geyser Vuoxa 5<\/figcaption><\/figure>\n<h3><strong>\u01afu \u0111i\u1ec3m c\u1ee7a M\u00e1y l\u1ecdc n\u01b0\u1edbc Geyser Vuoxa 5<\/strong><\/h3>\n<h4><strong>Ch\u1ebf \u0111\u1ed9 b\u1ea3o h\u00e0nh \u0111i\u1ec7n t\u1eed<\/strong><\/h4>\n<p>M\u00e1y l\u1ecdc n\u01b0\u1edbc Geyser Vuoxa 5 s\u1eed d\u1ee5ng t\u00ednh n\u0103ng b\u1ea3o h\u00e0ng \u0111i\u1ec7n t\u1ef1, t\u1ea1o s\u1ef1 thu\u1eadn ti\u1ec7n v\u00e0 ch\u00ednh x\u00e1c t\u1ed1i \u0111a cho ng\u01b0\u1eddi s\u1eed d\u1ee5ng. Khi mua m\u00e1y l\u1ecdc n\u01b0\u1edbc, qu\u00fd kh\u00e1ch h\u00e0ng ch\u1ec9 c\u1ea7n k\u00edch ho\u1ea1t ch\u1ebf \u0111\u1ed9 b\u1eb1ng c\u00e1ch g\u1eedi tin nh\u1eafn \u0111\u1ebfn 8137 theo h\u01b0\u1edbng d\u1eabn tr\u00ean tem \u0111\u01b0\u1ee3c \u0111\u00ednh k\u00e8m theo s\u1ea3n ph\u1ea9m.<\/p>\n<p>Nh\u1eefng l\u1ee3i \u00edch khi k\u00edch ho\u1ea1t ch\u1ebf \u0111\u1ed9 \u0111i\u1ec7n t\u1eed:<\/p>\n<ul>\n<li>Kh\u00f4ng c\u1ea7n b\u1ea3o h\u00e0nh gi\u1ea5y truy\u1ec1n th\u1ed1ng<\/li>\n<li>Nh\u1eafc l\u1ecbch thay l\u00f5i \u0111\u1ecbnh k\u1ef3 t\u1ef1 \u0111\u1ed9ng t\u1eeb h\u1ec7 th\u1ed1ng ch\u00ednh h\u00e3ng tr\u1ecdn \u0111\u1eddi<\/li>\n<li>X\u00e1c th\u1ef1c b\u1ea3o h\u00e0nh ch\u00ednh h\u00e3ng qua SMS theo t\u1eebng series s\u1ea3n ph\u1ea9m<\/li>\n<li>C\u00e1c l\u1ee3i \u00edch kh\u00e1c tr\u1ecdn \u0111\u1eddi<\/li>\n<\/ul>\n<h4><strong>Ph\u00f9 h\u1ee3p v\u1edbi ngu\u1ed3n n\u01b0\u1edbc Vi\u1ec7t Nam<\/strong><\/h4>\n<p><strong>M\u00e1y l\u1ecdc n\u01b0\u1edbc Geyser Vuoxa 5\u00a0<\/strong>\u0111<strong>\u1ea3m b\u1ea3o l\u1ecdc n\u01b0\u1edbc s\u1ea1ch theo ti\u00eau chu\u1ea9n c\u1ee7a B\u1ed9 Y T\u1ebf v\u1edbi ngu\u1ed3n n\u01b0\u1edbc Vi\u1ec7t Nam hi\u1ec7n t\u1ea1i:<\/strong><\/p>\n<ul>\n<li>N\u01b0\u1edbc ng\u1ea7m.<\/li>\n<li>N\u01b0\u1edbc gi\u1ebfng khoan \u0111\u00e3 qua x\u1eed l\u00fd.<\/li>\n<li>X\u1eed l\u00fd n\u01b0\u1edbc c\u00f3 TDS l\u00ean t\u1edbi 1500ppm<\/li>\n<\/ul>\n<h4><strong>Kh\u1eafc ph\u1ee5c c\u00e1c h\u1ea1n ch\u1ebf c\u1ee7a m\u00e1y l\u1ecdc n\u01b0\u1edbc RO<\/strong><\/h4>\n<figure id=\"attachment_66079\" aria-describedby=\"caption-attachment-66079\" style=\"width: 1020px\" class=\"wp-caption alignnone\"><img loading=\"lazy\" decoding=\"async\" class=\"size-large wp-image-66079\" src=\"https:\/\/livinghome.vn\/thiet-bi\/wp-content\/uploads\/loc-nuoc\/geyser\/may-loc-nuoc-ro-nano-mang-geyser\/may-loc-nuoc-ro-nano-mang-geyser-vuoxa-5\/may-loc-nuoc-ro-nano-mang-geyser-vuoxa-5-7-1067x800.jpg\" alt=\"M\u00e1y l\u1ecdc n\u01b0\u1edbc Geyser Vuoxa 5 RO - Nano 2 in 1\" width=\"1020\" height=\"765\" title=\"\"><figcaption id=\"caption-attachment-66079\" class=\"wp-caption-text\">So s\u00e1nh gi\u1eefa 2 d\u00f2ng m\u00e1y l\u1ecdc n\u01b0\u1edbc Geyser Vuoxa 5 v\u00e0 m\u00e1y n\u01b0\u1edbc RO<\/figcaption><\/figure>\n<h4><strong>B\u1ea3ng so s\u00e1nh gi\u1eefa 2 d\u00f2ng m\u00e1y l\u1ecdc n\u01b0\u1edbc Geyser Vuoxa 5 v\u00e0 m\u00e1y n\u01b0\u1edbc RO<\/strong><\/h4>\n<table>\n<tbody>\n<tr>\n<td><strong>Geyser Vuoxa 5<\/strong><\/td>\n<td><strong>M\u00e1y l\u1ecdc n\u01b0\u1edbc RO<\/strong><\/td>\n<\/tr>\n<tr>\n<td>Gi\u1eef l\u1ea1i \u0111\u1ebfn 30% kho\u00e1ng ch\u1ea5t t\u1ef1 nhi\u00ean<\/td>\n<td>Lo\u1ea1i b\u1ecf ~100% kho\u00e1ng ch\u1ea5t t\u1ef1 nhi\u00ean trong n\u01b0\u1edbc<\/td>\n<\/tr>\n<tr>\n<td>Kh\u00f4ng c\u1ea7n l\u1eafp th\u00eam c\u00e1c l\u00f5i T33 b\u1ed5 sung do gi\u1eef l\u1ea1i \u0111\u01b0\u1ee3c kho\u00e1ng t\u1ef1 nhi\u00ean, ti\u1ebft ki\u1ec7m chi ph\u00ed thay l\u00f5i, kh\u00f4ng c\u00f3 nguy c\u01a1 t\u00e1i nhi\u1ec5m khu\u1ea9n<\/td>\n<td>C\u1ea7n l\u1eafp th\u00eam nhi\u1ec1u l\u00f5i T33 n\u1eb1m ngang g\u00e2y t\u1ed1n chi ph\u00ed thay l\u00f5i l\u1ecdc, t\u0103ng nguy c\u01a1 t\u00e1i nhi\u1ec5m khu\u1ea9n<\/td>\n<\/tr>\n<tr>\n<td>L\u01b0\u1ee3ng n\u01b0\u1edbc th\u1ea3i 50% so v\u1edbi c\u00f4ng ngh\u1ec7 RO th\u00f4ng th\u01b0\u1eddng<\/td>\n<td>L\u01b0\u1ee3ng n\u01b0\u1edbc th\u1ea3i \u0111\u1ebfn 80%<\/td>\n<\/tr>\n<tr>\n<td>S\u1ea3n ph\u1ea9m \u0111\u1ea1t ti\u00eau chu\u1ea9n ch\u00e2u \u00c2u EAC \u2013 Nh\u1eadp kh\u1ea9u nguy\u00ean chi\u1ebfc ch\u00e2u \u00c2u<\/td>\n<td><\/td>\n<\/tr>\n<tr>\n<td>Ph\u00f9 h\u1ee3p n\u01b0\u1edbc gi\u1ebfng, n\u01b0\u1edbc ng\u1ea7m<\/td>\n<td>Ph\u00f9 h\u1ee3p n\u01b0\u1edbc gi\u1ebfng, n\u01b0\u1edbc ng\u1ea7m<\/td>\n<\/tr>\n<tr>\n<td>L\u00f5i l\u1ecdc thay th\u1ebf \u0111\u1ecbnh k\u1ef3 \u0111\u01b0\u1ee3c nh\u1eadp kh\u1ea9u nguy\u00ean b\u1ed9 t\u1eeb ch\u00e2u \u00c2u<\/td>\n<\/tr>\n<\/tbody>\n<\/table>\n<figure id=\"attachment_66082\" aria-describedby=\"caption-attachment-66082\" style=\"width: 1020px\" class=\"wp-caption alignnone\"><img loading=\"lazy\" decoding=\"async\" class=\"size-large wp-image-66082\" src=\"https:\/\/livinghome.vn\/thiet-bi\/wp-content\/uploads\/loc-nuoc\/geyser\/may-loc-nuoc-ro-nano-mang-geyser\/may-loc-nuoc-ro-nano-mang-geyser-vuoxa-5\/may-loc-nuoc-ro-nano-mang-geyser-vuoxa-5-8-1067x800.jpg\" alt=\"M\u00e1y l\u1ecdc n\u01b0\u1edbc Geyser Vuoxa 5 RO - Nano 2 in 1\" width=\"1020\" height=\"765\" title=\"\"><figcaption id=\"caption-attachment-66082\" class=\"wp-caption-text\">L\u01b0\u1ee3ng n\u01b0\u1edbc th\u1ea3i m\u00e0 m\u00e1y Geyser Vuoxa x\u1eed l\u00fd \u0111\u01b0\u1ee3c so v\u1edbi m\u00e1y RO<\/figcaption><\/figure>\n<h4><strong>H\u1ea1n ch\u1ebf nguy c\u01a1 t\u00e1i nhi\u1ec5m khu\u1ea9n<\/strong><\/h4>\n<p>M\u00e1y l\u1ecdc n\u01b0\u1edbc Geyser Vuoxa 5 c\u00f3 h\u1ea1n ch\u1ebf nguy c\u01a1 t\u00e1i nhi\u1ec5m vi khu\u1ea9n n\u1ebfu b\u1ea1n kh\u00f4ng thay l\u00f5i \u0111\u00fang h\u1ea1n. \u0110i\u1ec1u n\u00e0y gi\u00fap m\u00e1y lu\u00f4n \u0111\u1ea3m b\u1ea3o cung c\u1ea5p ngu\u1ed3n n\u01b0\u1edbc an to\u00e0n v\u00e0 trong l\u00e0nh nh\u1ea5t cho ng\u01b0\u1eddi s\u1eed d\u1ee5ng.<\/p>\n<h3><strong>S\u01a1 \u0111\u1ed3 l\u1eafp \u0111\u1eb7t<\/strong><\/h3>\n<ul>\n<li>I+II+III: B\u1ed9 3 l\u00f5i l\u1ecdc li\u00ean ho\u00e0n Unitech 123<\/li>\n<li>IV. L\u00f5i l\u1ecdc NanoMetre,<\/li>\n<li>V: L\u00f5i l\u1ecdc Post Carbon(T33).<\/li>\n<\/ul>\n<figure id=\"attachment_66080\" aria-describedby=\"caption-attachment-66080\" style=\"width: 1020px\" class=\"wp-caption alignnone\"><img loading=\"lazy\" decoding=\"async\" class=\"size-large wp-image-66080\" src=\"https:\/\/livinghome.vn\/thiet-bi\/wp-content\/uploads\/loc-nuoc\/geyser\/may-loc-nuoc-ro-nano-mang-geyser\/may-loc-nuoc-ro-nano-mang-geyser-vuoxa-5\/may-loc-nuoc-ro-nano-mang-geyser-vuoxa-5-6-1067x800.jpg\" alt=\"M\u00e1y l\u1ecdc n\u01b0\u1edbc Geyser Vuoxa 5 RO - Nano 2 in 1\" width=\"1020\" height=\"765\" title=\"\"><figcaption id=\"caption-attachment-66080\" class=\"wp-caption-text\">S\u01a1 \u0111\u1ed3 l\u1eafp \u0111\u1eb7t m\u00e1y l\u1ecdc n\u01b0\u1edbc Geyser Vuoxa 5 RO<\/figcaption><\/figure>\n<p>&nbsp;<\/p>\n<p>&nbsp;<\/p>\n","protected":false},"excerpt":{"rendered":"<p style=\"text-align: left;\"><strong>M\u00e1y l\u1ecdc n\u01b0\u1edbc Geyser Vuoxa 5<\/strong> (NanoTech) l\u00e0 d\u00f2ng m\u00e1y l\u1ecdc n\u01b0\u1edbc c\u00f4ng ngh\u1ec7 nano d\u00e0nh cho n\u01b0\u1edbc gi\u1ebfng khoan th\u1ebf h\u1ec7 m\u1edbi nh\u1ea5t c\u1ee7a Geyser LB Nga v\u1edbi vi\u1ec7c t\u00edch h\u1ee3p c\u00f4ng ngh\u1ec7 NBAF v\u01b0\u1ee3t tr\u1ed9i, Geyser Vuoxa 5 kh\u00f4ng ch\u1ec9 cho ngu\u1ed3n n\u01b0\u1edbc \u0103n u\u1ed1ng \u0111\u1ea1t chu\u1ea9n B\u1ed9 Y T\u1ebf m\u00e0 c\u00f2n c\u00f3 kh\u1ea3 n\u0103ng gi\u1eef l\u1ea1i \u0111\u1ebfn 30% kho\u00e1ng ch\u1ea5t t\u1ef1 nhi\u00ean thi\u1ebft y\u1ebfu cho c\u01a1 th\u1ec3.<\/p>\n<p>Geyser Vuoxa 5 l\u00e0 gi\u1ea3i ph\u00e1p kh\u1eafc ph\u1ee5c r\u1ea5t nhi\u1ec1u nh\u01b0\u1ee3c \u0111i\u1ec3m c\u1ee7a m\u00e1y l\u1ecdc n\u01b0\u1edbc RO th\u00f4ng th\u01b0\u1eddng!<\/p>\n","protected":false},"featured_media":3745,"comment_status":"open","ping_status":"closed","template":"","meta":[],"product_brand":[],"product_cat":[399,412,413],"product_tag":[417,404,434,423,428,429,435,436],"class_list":{"0":"post-3585","1":"product","2":"type-product","3":"status-publish","4":"has-post-thumbnail","6":"product_cat-may-loc-nuoc","7":"product_cat-may-loc-nuoc-geyser","8":"product_cat-thuong-hieu-geyser","9":"product_tag-geyser","10":"product_tag-may-loc-nuoc","11":"product_tag-may-loc-nuoc-2-in-1","12":"product_tag-may-loc-nuoc-geyser","13":"product_tag-may-loc-nuoc-ion-canxi","14":"product_tag-may-loc-nuoc-nano","15":"product_tag-may-loc-nuoc-nano-ro","16":"product_tag-may-loc-nuoc-ro","18":"first","19":"instock","20":"shipping-taxable","21":"purchasable","22":"product-type-simple"},"_links":{"self":[{"href":"https:\/\/livinghome.vn\/thiet-bi\/wp-json\/wp\/v2\/product\/3585","targetHints":{"allow":["GET"]}}],"collection":[{"href":"https:\/\/livinghome.vn\/thiet-bi\/wp-json\/wp\/v2\/product"}],"about":[{"href":"https:\/\/livinghome.vn\/thiet-bi\/wp-json\/wp\/v2\/types\/product"}],"replies":[{"embeddable":true,"href":"https:\/\/livinghome.vn\/thiet-bi\/wp-json\/wp\/v2\/comments?post=3585"}],"wp:featuredmedia":[{"embeddable":true,"href":"https:\/\/livinghome.vn\/thiet-bi\/wp-json\/wp\/v2\/media\/3745"}],"wp:attachment":[{"href":"https:\/\/livinghome.vn\/thiet-bi\/wp-json\/wp\/v2\/media?parent=3585"}],"wp:term":[{"taxonomy":"product_brand","embeddable":true,"href":"https:\/\/livinghome.vn\/thiet-bi\/wp-json\/wp\/v2\/product_brand?post=3585"},{"taxonomy":"product_cat","embeddable":true,"href":"https:\/\/livinghome.vn\/thiet-bi\/wp-json\/wp\/v2\/product_cat?post=3585"},{"taxonomy":"product_tag","embeddable":true,"href":"https:\/\/livinghome.vn\/thiet-bi\/wp-json\/wp\/v2\/product_tag?post=3585"}],"curies":[{"name":"wp","href":"https:\/\/api.w.org\/{rel}","templated":true}]}}