{"id":3584,"date":"2023-01-12T18:16:07","date_gmt":"2023-01-12T18:16:07","guid":{"rendered":"https:\/\/livinghome.vn\/thiet-bi\/?post_type=product&#038;p=3584"},"modified":"2024-11-29T14:20:17","modified_gmt":"2024-11-29T07:20:17","slug":"may-loc-nuoc-nano-geyser-ecotar-4-nhap-khau-tu-nga","status":"publish","type":"product","link":"https:\/\/livinghome.vn\/thiet-bi\/may-loc-nuoc-nano-geyser-ecotar-4-nhap-khau-tu-nga\/","title":{"rendered":"M\u00e1y l\u1ecdc n\u01b0\u1edbc nano Geyser Ecotar 4 &#8211; Nh\u1eadp kh\u1ea9u t\u1eeb Nga"},"content":{"rendered":"<h2><strong>S\u1ea3n ph\u1ea9m M\u00e1y l\u1ecdc n\u01b0\u1edbc nano Geyser Ecotar 4 &#8211; made in Russia<\/strong><\/h2>\n<p>Th\u1ef1c tr\u1ea1ng ngu\u1ed3n n\u01b0\u1edbc Vi\u1ec7t Nam ng\u00e0y c\u00e0ng ph\u1ee9c t\u1ea1p; b\u00ean c\u1ea1nh \u0111\u00f3 Vi\u1ec7t Nam n\u01b0\u1edbc c\u00f3 ngu\u1ed3n n\u01b0\u1edbc \u0111a d\u1ea1ng, ph\u1ee9c t\u1ea1p ngu\u1ed3n n\u01b0\u1edbc ng\u1ea7m b\u1ecb \u00f4 nhi\u1ec5m nghi\u00eam tr\u1ecdng, n\u01b0\u1edbc m\u00e1y nhi\u1ec5m ch\u1ea5t \u0111\u1ed9c h\u1ea1i, Fe, As, Clo,..c\u00e1c vi khu\u1ea9n , virus lu\u00f4n l\u00e0 m\u1ed1i \u0111e d\u1ecda t\u1edbi s\u1ee9c kh\u1ecfe ng\u01b0\u1eddi d\u00e2n. \u0110\u1ee9ng tr\u01b0\u1edbc th\u1ef1c tr\u1ea1ng \u0111\u00f3 v\u00e0 sau nhi\u1ec1u n\u0103m nghi\u00ean c\u1ee9u, th\u00ed nghi\u1ec7m Geyser Li\u00ean bang Nga h\u1ee3p t\u00e1c c\u00f9ng Minh Anh Water nghi\u00ean c\u1ee9u \u0111\u00e3 s\u1ea3n xu\u1ea5t ri\u00eang d\u00f2ng m\u00e1y l\u1ecdc n\u01b0\u1edbc nano\u00a0<strong>Geyser Ecotar 4<\/strong>\u00a0cho ngu\u1ed3n n\u01b0\u1edbc Vi\u1ec7t Nam<\/p>\n<figure id=\"attachment_66072\" aria-describedby=\"caption-attachment-66072\" style=\"width: 800px\" class=\"wp-caption alignnone\"><img loading=\"lazy\" decoding=\"async\" class=\"size-large wp-image-66072\" src=\"https:\/\/livinghome.vn\/thiet-bi\/wp-content\/uploads\/loc-nuoc\/geyser\/may-loc-nuoc-nano-geyser\/may-loc-nuoc-nano-geyser-ecotar-4\/may-loc-nuoc-nano-geyser-ecotar-4-8-800x800.jpg\" alt=\"M\u00e1y l\u1ecdc n\u01b0\u1edbc nano Geyser Ecotar 4 - made in Russia\" width=\"800\" height=\"800\" title=\"\"><figcaption id=\"caption-attachment-66072\" class=\"wp-caption-text\">Ch\u00e2n dung m\u00e1y l\u1ecdc n\u01b0\u1edbc c\u1ee7a Nga \u2013 Geyser Ecotar 4<\/figcaption><\/figure>\n<h3><strong>Th\u00f4ng s\u1ed1 k\u1ef9 thu\u1eadt<\/strong><\/h3>\n<table>\n<tbody>\n<tr>\n<td>M\u00e3 s\u1ea3n ph\u1ea9m<\/td>\n<td>Ecotar 4<\/td>\n<\/tr>\n<tr>\n<td>Th\u01b0\u01a1ng hi\u1ec7u<\/td>\n<td>Geyser<\/td>\n<\/tr>\n<tr>\n<td>Model<\/td>\n<td>Geyser Ecotar 4 &#8211; 2017<\/td>\n<\/tr>\n<tr>\n<td>S\u1ed1 l\u00f5i l\u1ecdc<\/td>\n<td>3 l\u00f5i<\/td>\n<\/tr>\n<tr>\n<td>S\u1ed1 c\u1ea5p l\u00f5i l\u1ecdc<\/td>\n<td>10 c\u1ea5p<\/td>\n<\/tr>\n<tr>\n<td>C\u00f4ng su\u1ea5t<\/td>\n<td>120-180 l\u00edt\/h (theo \u00e1p l\u1ef1c ngu\u1ed3n n\u01b0\u1edbc \u0111\u1ea7u v\u00e0o)<\/td>\n<\/tr>\n<tr>\n<td>K\u00edch th\u01b0\u1edbc<\/td>\n<td>400 x 350 x 150mm (R\u1ed9ng x Cao x S\u00e2u)<\/td>\n<\/tr>\n<tr>\n<td>V\u1ecb tr\u00ed l\u1eafp \u0111\u1eb7t<\/td>\n<td>T\u1ee7 Inox, treo t\u01b0\u1eddng, g\u1eafn d\u01b0\u1edbi ch\u1eadu r\u1eeda&#8230;<\/td>\n<\/tr>\n<tr>\n<td>Tr\u1ecdng l\u01b0\u1ee3ng<\/td>\n<td>6.5kg<\/td>\n<\/tr>\n<tr>\n<td>Th\u1eddi gian b\u1ea3o h\u00e0nh<\/td>\n<td>36 th\u00e1ng<\/td>\n<\/tr>\n<tr>\n<td>Lo\u1ea1i<\/td>\n<td>Nh\u1eadp kh\u1ea9u tr\u1ef1c ti\u1ebfp Li\u00ean Bang Nga<\/td>\n<\/tr>\n<tr>\n<td>T\u00ednh n\u0103ng<\/td>\n<td>M\u00e1y l\u1ecdc n\u01b0\u1edbc \u0103n u\u1ed1ng<\/td>\n<\/tr>\n<tr>\n<td>C\u00f4ng ngh\u1ec7<\/td>\n<td>Nano<\/td>\n<\/tr>\n<tr>\n<td>C\u00f4ng d\u1ee5ng<\/td>\n<td>L\u1ecdc n\u01b0\u1edbc \u0103n u\u1ed1ng<\/td>\n<\/tr>\n<tr>\n<td>T\u00ednh n\u0103ng \u0111\u1eb7c bi\u1ec7t<\/td>\n<td>L\u1ecdc s\u1ea1ch \u0111\u1ea1t TC n\u01b0\u1edbc u\u1ed1ng, th\u00e2n thi\u1ec7n v\u1edbi m\u00f4i tr\u01b0\u1eddng<\/td>\n<\/tr>\n<tr>\n<td>Ngu\u1ed3n n\u01b0\u1edbc \u0111\u1ea7u v\u00e0o<\/td>\n<td>N\u01b0\u1edbc m\u00e1y<\/td>\n<\/tr>\n<\/tbody>\n<\/table>\n<h3><strong>C\u1ea5u t\u1ea1o chi ti\u1ebft<\/strong><\/h3>\n<p>M\u00e1y l\u1ecdc n\u01b0\u1edbc nano Geyser Ecotar 4 s\u1eed d\u1ee5ng c\u00f4ng ngh\u1ec7 nano t\u1ed5ng h\u1ee3p 4 in 1. T\u00edch h\u1ee3p h\u01a1n 10 c\u01a1 ch\u1ebf l\u1ecdc trong 3 l\u00f5i l\u1ecdc, \u0111\u00e2y ch\u00ednh l\u00e0 m\u1ed9t trong nh\u1eefng c\u00f4ng ngh\u1ec7 t\u1ea1o n\u00ean s\u1ef1 kh\u00e1c bi\u1ec7t so v\u1edbi nh\u1eefng d\u00f2ng s\u1ea3n ph\u1ea9m kh\u00e1c tr\u00ean th\u1ecb tr\u01b0\u1eddng hi\u1ec7n nay.<\/p>\n<h4><strong>L\u00f5i l\u1ecdc 1: L\u00f5i l\u1ecdc Ecotar A Bio 5 in 1<\/strong><\/h4>\n<p>V\u1eadt li\u1ec7u l\u1ecdc t\u1ed5ng h\u1ee3p Ecotar Bio 5 in 1 c\u00f4ng ngh\u1ec7 l\u1ecdc th\u1ebf h\u1ec7 m\u1edbi c\u1ee7a Geyser \u0111\u01b0\u1ee3c c\u1ea5p b\u1eb1ng Paten. L\u00f5i l\u1ecdc c\u00f3 kh\u1ea3 n\u0103ng lo\u1ea1i b\u1ecf c\u00e1c h\u1ee3p ch\u1ea5t h\u1eefu c\u01a1, ch\u1ea5t h\u00f3a h\u1ecdc kim lo\u1ea1i n\u1eb7ng, kh\u00ed h\u00f3a l\u1ecfng nh\u01b0 nitrit, amoni,..trong n\u01b0\u1edbc.<\/p>\n<p>L\u00f5i l\u1ecdc c\u00f3 kh\u1ea3 n\u0103ng l\u00e0m m\u1ec1m n\u01b0\u1edbc, x\u1eed l\u00fd s\u1eaft, mangan hi\u1ec7u qu\u1ea3 b\u1eb1ng ph\u01b0\u01a1ng ph\u00e1p trao \u0111\u1ed5i ion, h\u1ea5p th\u1ee5 Ca2+, Mg2+, Fe2+..Kh\u1ea3 n\u0103ng x\u1eed l\u00fd c\u00e1c ch\u1ea5t keo, s\u1eaft h\u1eefu c\u01a1. Ch\u00fang ta \u0111\u00e3 bi\u1ebft s\u1eaft d\u1ea1ng h\u1eefu c\u01a1 th\u01b0\u1eddng l\u00e0m n\u01b0\u1edbc c\u00f3 m\u00e0u v\u00e0ng n\u00e2u n\u00ean r\u1ea5t kh\u00f3 lo\u1ea1i b\u1ecf. V\u1eadt li\u1ec7u Ecotar c\u00f3 kh\u1ea3 n\u0103ng x\u1eed l\u00fd chuy\u00ean d\u1ee5ng kh\u00f4ng ch\u1ec9 c\u00f3 Cation m\u00e0 c\u00f2n c\u00f3 c\u1ea3 Anion gi\u00fap lo\u1ea1i b\u1ecf c\u00e1c ch\u1ea5t s\u1eaft t\u1ed1i \u0111a trong ph\u1ee9c h\u1ee3p h\u1eefu c\u01a1 n\u00e0y.<\/p>\n<p>Tu\u1ed5i th\u1ecd c\u1ee7a l\u00f5i l\u1ecdc Ecotar A l\u00e0 4000 l\u00edt, kho\u1ea3ng 9-12 th\u00e1ng t\u00f9y v\u00e0o m\u1ee9c \u0111\u1ed9 s\u1eed d\u1ee5ng gia \u0111\u00ecnh c\u00f9ng nh\u01b0 ch\u1ea5t l\u01b0\u1ee3ng ngu\u1ed3n n\u01b0\u1edbc \u0111\u1ea7u v\u00e0o.<\/p>\n<p>&nbsp;<\/p>\n<figure id=\"attachment_66071\" aria-describedby=\"caption-attachment-66071\" style=\"width: 800px\" class=\"wp-caption alignnone\"><img loading=\"lazy\" decoding=\"async\" class=\"size-large wp-image-66071\" src=\"https:\/\/livinghome.vn\/thiet-bi\/wp-content\/uploads\/loc-nuoc\/geyser\/may-loc-nuoc-nano-geyser\/may-loc-nuoc-nano-geyser-ecotar-4\/may-loc-nuoc-nano-geyser-ecotar-4-5-800x800.jpg\" alt=\"M\u00e1y l\u1ecdc n\u01b0\u1edbc nano Geyser Ecotar 4 - made in Russia\" width=\"800\" height=\"800\" title=\"\"><figcaption id=\"caption-attachment-66071\" class=\"wp-caption-text\">L\u00f5i l\u1ecdc Ecotar Bio 5 in 1 c\u1ee7a M\u00e1y l\u1ecdc n\u01b0\u1edbc nano Geyser Ecotar 4<\/figcaption><\/figure>\n<h4><strong>L\u00f5i l\u1ecdc 2: L\u00f5i l\u1ecdc Aragon Ecotar New<\/strong><\/h4>\n<p>L\u00f5i l\u1ecdc Aragon Ecotar l\u00e0 l\u00f5i l\u1ecdc t\u1ea1o n\u00ean s\u1ef1 th\u00e0nh c\u00f4ng c\u1ee7a m\u00e1y l\u1ecdc n\u01b0\u1edbc nano Geyser. L\u00f5i l\u1ecdc t\u00edch h\u1ee3p c\u01a1 ch\u1ebf l\u1ecdc 4 in 1: l\u1ecdc c\u01a1 h\u1ecdc, trao \u0111\u1ed5i ion, h\u1ea5p ph\u1ee5, di\u1ec7t khu\u1ea9n b\u1eb1ng nguy\u00ean t\u1eed B\u1ea1c.<\/p>\n<p>V\u1edbi k\u00edch th\u01b0\u1edbc l\u1ecdc \u0111\u1ebfn 0.01 micro t\u00edch h\u1ee3p v\u1eadt li\u1ec7u B\u1ea1c \u0111\u01b0\u1ee3c t\u00edch h\u1ee3p kh\u00f4ng b\u1ecb r\u1eeda tr\u00f4i \u1edf trong qu\u00e1 tr\u00ecnh l\u1ecdc. \u0110i\u1ec1u n\u00e0y mang l\u1ea1i hi\u1ec7u qu\u1ea3 lo\u1ea1i b\u1ecf 100% vi khu\u1ea9n, virut, c\u00e1c ch\u1ea5t h\u1eefu c\u01a1, kh\u00ed h\u00f3a l\u1ecfng nh\u01b0 asen, amoni, nitrit, nitrat\u2026.<\/p>\n<p>Th\u1eddi gian thay th\u1ebf l\u00f5i l\u1ecdc Aragon Ecotar New l\u00e0 7.000L t\u01b0\u01a1ng \u0111\u01b0\u01a1ng v\u1edbi th\u1eddi gian kho\u1ea3ng 18 \u2013 24 th\u00e1ng ph\u1ee5 thu\u1ed9c v\u00e0o ch\u1ea5t l\u01b0\u1ee3ng ngu\u1ed3n n\u01b0\u1edbc gia \u0111\u00ecnh.<\/p>\n<p>&nbsp;<\/p>\n<figure id=\"attachment_66064\" aria-describedby=\"caption-attachment-66064\" style=\"width: 800px\" class=\"wp-caption alignnone\"><img loading=\"lazy\" decoding=\"async\" class=\"size-large wp-image-66064\" src=\"https:\/\/livinghome.vn\/thiet-bi\/wp-content\/uploads\/loc-nuoc\/geyser\/may-loc-nuoc-nano-geyser\/may-loc-nuoc-nano-geyser-ecotar-4\/may-loc-nuoc-nano-geyser-ecotar-4-6-800x800.jpg\" alt=\"M\u00e1y l\u1ecdc n\u01b0\u1edbc nano Geyser Ecotar 4 - made in Russia\" width=\"800\" height=\"800\" title=\"\"><figcaption id=\"caption-attachment-66064\" class=\"wp-caption-text\">L\u00f5i l\u1ecdc Aragon Ecotar m\u00e1y l\u1ecdc n\u01b0\u1edbc nano Geyser Ecotar 4<\/figcaption><\/figure>\n<h4><strong>L\u00f5i l\u1ecdc 3: L\u00f5i l\u1ecdc Disruptor Ecotar New<\/strong><\/h4>\n<p>L\u00f5i l\u1ecdc n\u01b0\u1edbc nano Geyser Disruptor \u0111\u01b0\u1ee3c nh\u1eadp t\u1eeb Russia. Vi\u1ec7c s\u1eed d\u1ee5ng c\u00f4ng ngh\u1ec7 m\u1edbi t\u00e1c d\u1ee5ng kh\u1eed h\u1ee3p ch\u1ea5t c\u00f3 m\u00f9n, l\u00e0m gi\u1ea3m clo, virut, vi khu\u1ea9n, b\u00e0o x\u00e1c, s\u1eaft,\u00a0 h\u1ee3p ch\u1ea5t kim lo\u1ea1i n\u1eb7ng c\u00f3 trong n\u01b0\u1edbc. \u0110\u00e2y l\u00e0 ch\u1eb7n ch\u1ed1t ch\u1eb7n cu\u1ed1i c\u00f9ng, di\u1ec7t khu\u1ea9n, ng\u0103n ch\u1eb7n vi\u1ec7c x\u00e2m nh\u1eadp l\u1ea1i c\u1ee7a vi khu\u1ea9n, vi r\u00fat t\u1edbi ngu\u1ed3n n\u01b0\u1edbc c\u00f3 th\u1ec3 \u0103n u\u1ed1ng tr\u1ef1c ti\u1ebfp m\u00e0 kh\u00f4ng c\u1ea7n \u0111un n\u1ea5u.<\/p>\n<p>Th\u00e0nh ph\u1ea7n l\u00f5i l\u1ecdc l\u00e0m t\u1eeb s\u1ee3i Nano v\u00e0 v\u1eadt li\u1ec7u Nh\u00f4m cao c\u1ea5p c\u1ee7a M\u1ef9 \u0111\u1ea1t ti\u00eau chu\u1ea9n 42, 53, 61 NSFth.<\/p>\n<p>Th\u1eddi gian thay th\u1ebf l\u00f5i l\u1ecdc Geyser Disruptor l\u00e0 7000L n\u01b0\u1edbc ho\u1eb7c 18 th\u00e1ng t\u00f9y v\u00e0o t\u00ednh ch\u1ea5t ngu\u1ed3n n\u01b0\u1edbc ho\u1eb7c m\u1ee9c \u0111\u1ed9 s\u1eed d\u1ee5ng c\u1ee7a gia \u0111\u00ecnh.<\/p>\n<p>&nbsp;<\/p>\n<figure id=\"attachment_66068\" aria-describedby=\"caption-attachment-66068\" style=\"width: 800px\" class=\"wp-caption alignnone\"><img loading=\"lazy\" decoding=\"async\" class=\"size-large wp-image-66068\" src=\"https:\/\/livinghome.vn\/thiet-bi\/wp-content\/uploads\/loc-nuoc\/geyser\/may-loc-nuoc-nano-geyser\/may-loc-nuoc-nano-geyser-ecotar-4\/may-loc-nuoc-nano-geyser-ecotar-4-4-800x800.jpg\" alt=\"M\u00e1y l\u1ecdc n\u01b0\u1edbc nano Geyser Ecotar 4 - made in Russia\" width=\"800\" height=\"800\" title=\"\"><figcaption id=\"caption-attachment-66068\" class=\"wp-caption-text\">L\u00f5i l\u1ecdc n\u01b0\u1edbc nano Geyser Disruptor m\u00e1y l\u1ecdc n\u01b0\u1edbc\u00a0 nano Geyser Ecotar 4<\/figcaption><\/figure>\n<h3><strong>T\u00ednh n\u0103ng v\u01b0\u1ee3t tr\u1ed9i<\/strong><\/h3>\n<h4><strong>Lo\u1ea1i b\u1ecf 100% vi khu\u1ea9n, vi r\u00fat trong n\u01b0\u1edbc\u00a0<\/strong><\/h4>\n<p>M\u00e1y l\u1ecdc n\u01b0\u1edbc nano Geyser Ecotar 4 lo\u1ea1i b\u1ecf 100% vi khu\u1ea9n vi r\u00fat trong n\u01b0\u1edbc, 100% c\u00e1c vi khu\u1ea9n, vi r\u00fat, Ecoli, vi r\u00fat \u0111\u01b0\u1eddng ru\u1ed9t, ti\u00eau ch\u1ea3y cho ngu\u1ed3n n\u01b0\u1edbc \u0111\u1ea7u ra an to\u00e0n, \u0111\u1ea1t ti\u00eau chu\u1ea9n n\u01b0\u1edbc u\u1ed1ng tr\u1ef1c ti\u1ebfp c\u1ee7a B\u1ed9 y t\u1ebf.<\/p>\n<h4><strong>Kh\u1ea3 n\u0103ng lo\u1ea1i b\u1ecf c\u00e1c kim lo\u1ea1i n\u1eb7ng c\u00f3 h\u1ea1i\u00a0<\/strong><\/h4>\n<p>M\u00e1y l\u1ecdc n\u01b0\u1edbc nano Geyser Ecotar 4 c\u00f3 kh\u1ea3 n\u0103ng lo\u1ea1i b\u1ecf c\u00e1c kim lo\u1ea1i n\u1eb7ng v\u00e0 c\u00e1c t\u1ea1p ch\u1ea5t ph\u00f3ng x\u1ea1 nh\u01b0 ch\u00ec, \u0111\u1ed3ng\u2026.\u0111\u00e2y l\u00e0 nh\u1eefng th\u00e0nh ph\u1ea7n kim lo\u1ea1i t\u1ed3n t\u1ea1i nhi\u1ec1u trong ngu\u1ed3n n\u01b0\u1edbc Vi\u1ec7t hi\u1ec7n nay.<\/p>\n<h4><strong>M\u00e1y l\u1ecdc kh\u00f4ng d\u00f9ng \u0111i\u1ec7n, kh\u00f4ng n\u01b0\u1edbc th\u1ea3i<\/strong><\/h4>\n<p>Kh\u00f4ng s\u1eed d\u1ee5ng \u0111i\u1ec7n, kh\u00f4ng n\u01b0\u1edbc th\u1ea3i, M\u00e1y l\u1ecdc n\u01b0\u1edbc nano Geyser Ecotar 4 ti\u1ebft ki\u1ec7m chi ph\u00ed cho ng\u01b0\u1eddi ti\u00eau d\u00f9ng trong qu\u00e1 tr\u00ecnh s\u1eed d\u1ee5ng \u0111i\u1ec7n n\u0103ng, ti\u1ebft ki\u1ec7m ngu\u1ed3n n\u01b0\u1edbc. B\u00ean c\u1ea1nh \u0111\u00f3 an to\u00e0n v\u1edbi gia \u0111\u00ecnh c\u00f3 ng\u01b0\u1eddi gi\u00e0 tr\u1ebb nh\u1ecf, th\u00e2n thi\u1ec7n m\u00f4i tr\u01b0\u1eddng.<\/p>\n<h4><b>Gi\u1eef l\u1ea1i c\u00e1c kho\u00e1ng ch\u1ea5t c\u1ea7n thi\u1ebft\u00a0<\/b><\/h4>\n<p>N\u01b0\u1edbc sau l\u1ecdc\u00a0 c\u1ee7a M\u00e1y l\u1ecdc n\u01b0\u1edbc nano Geyser Ecotar 4\u00a0kh\u00f4ng ch\u1ec9 S\u1ea0CH \u0111\u00e1p \u1ee9ng ti\u00eau chu\u1ea9n b\u1ed9 y t\u1ebf u\u1ed1ng tr\u1ef1c ti\u1ebfp m\u00e0 c\u00f2n gi\u1eef l\u1ea1i \u0111\u01b0\u1ee3c c\u00e1c kho\u00e1ng ch\u1ea5t c\u1ea7n thi\u1ebft cho s\u1ee9c kh\u1ecfe. Kh\u1ea3 n\u0103ng chuy\u1ec3n \u0111\u1ed5i ion canxi sang th\u1ec3 Aragonite gi\u00fap n\u01b0\u1edbc sau l\u1ecdc d\u1ec5 d\u00e0ng h\u1ea5p th\u1ee5 v\u00e0o c\u01a1 th\u1ec3 d\u01b0\u1edbi d\u1ea1ng thanh m\u1ea3nh t\u1ed1t cho ng\u01b0\u1eddi gi\u00e0, tr\u1ebb nh\u1ecf, ng\u01b0\u1eddi th\u01b0\u1eddng xuy\u00ean v\u1eadn \u0111\u1ed9ng.<\/p>\n<h4><b>Thi\u1ebft k\u1ebf g\u1ecdn nh\u1eb9, d\u1ec5 d\u00e0ng l\u1eafp \u0111\u1eb7t<\/b><\/h4>\n<p>M\u00e1y l\u1ecdc n\u01b0\u1edbc nano Geyser Ecotar 4 \u0111\u01b0\u1ee3c thi\u1ebft k\u1ebf r\u1ea5t tinh t\u1ebf, g\u1ecdn nh\u1eb9 v\u1edbi 3 l\u00f5i l\u1ecdc kh\u00f4ng g\u00e2y t\u1ed1n kh\u00f4ng gian gi\u00fap gia ch\u1ee7 d\u1ec5 d\u00e0ng l\u1eafp \u0111\u1eb7t s\u1ea3n ph\u1ea9m tr\u00ean t\u01b0\u1eddng, l\u1eafp c\u00f9ng t\u1ee7 inox ho\u1eb7c d\u01b0\u1edbi g\u1ea7m t\u1ee7 v\u1edbi v\u00f2i n\u01b0\u1edbc s\u1ea1ch b\u1eaft l\u00ean tr\u00ean ch\u1eadu r\u1eeda v\u1eeba ti\u1ec7n l\u1ee3i, d\u1ec5 d\u00e0ng s\u1eed d\u1ee5ng gi\u00fap kh\u00f4ng gian b\u1ebfp tr\u1edf n\u00ean g\u1ecdn g\u00e0ng, \u0111\u1eb9p m\u1eaft h\u01a1n.<\/p>\n<p>Ngo\u00e0i ra, M\u00e1y l\u1ecdc n\u01b0\u1edbc nano Geyser Ecotar 4\u00a0c\u00f3 k\u00edch th\u01b0\u1edbc r\u1ea5t nh\u1ecf g\u1ecdn (R380 x C310 x S140 mm) c\u00f9ng v\u1edbi m\u00e0u s\u1eafc thi\u1ebft k\u1ebf hi\u1ec7n \u0111\u1ea1i, sang tr\u1ecdng theo phong c\u00e1ch ch\u00e2u \u00c2u. M\u00e1y c\u00f3 c\u1ea5u t\u1ea1o \u0111\u01a1n kh\u00f4ng qu\u00e1 ph\u1ee9c t\u1ea1p gi\u00fap ng\u01b0\u1eddi d\u00f9ng d\u1ec5 d\u00e0ng b\u1ea3o d\u01b0\u1ee1ng, v\u1ec7 sinh m\u00e1y, thay th\u1ebf l\u00f5i l\u1ecdc ho\u1eb7c linh ki\u1ec7n (khi c\u1ea7n thi\u1ebft).<\/p>\n<h4><b>D\u00e0nh ri\u00eang cho ngu\u1ed3n n\u01b0\u1edbc Vi\u1ec7t Nam\u00a0<\/b><\/h4>\n<p>Ra \u0111\u1eddi d\u1ef1a tr\u00ean s\u1ef1 nghi\u00ean c\u1ee9u, c\u1ea3i ti\u1ebfn tr\u00ean n\u1ec1n t\u1ea3ng d\u00f2ng m\u00e1y l\u1ecdc n\u01b0\u1edbc nano Geyser Ultra Bio (2014), m\u00e1y l\u1ecdc n\u01b0\u1edbc Geyser Ecotar 4 \u0111\u01b0\u1ee3c trang b\u1ecb c\u00f4ng ngh\u1ec7 nano k\u00e9p, k\u1ebft h\u1ee3p \u0111\u1ed3ng th\u1eddi c\u1ea3 2 c\u00f4ng ngh\u1ec7 t\u1ed1i \u01b0u b\u1eadc nh\u1ea5t hi\u1ec7n nay l\u00e0 Aragon v\u00e0 Disruptor.<\/p>\n<p>C\u00f3 th\u1ec3 n\u00f3i, M\u00e1y l\u1ecdc n\u01b0\u1edbc nano Geyser Ecotar 4\u00a0s\u1edf h\u1eefu \u01b0u \u0111i\u1ec3m, t\u00ednh n\u0103ng v\u00e0 hi\u1ec7u qu\u1ea3 \u0111\u01b0\u1ee3c t\u1ed1i \u01b0u\u00a0 d\u00e0nh ri\u00eang cho ngu\u1ed3n n\u01b0\u1edbc t\u1ea1i Vi\u1ec7t Nam.<\/p>\n<p>&nbsp;<\/p>\n<figure id=\"attachment_66067\" aria-describedby=\"caption-attachment-66067\" style=\"width: 800px\" class=\"wp-caption alignnone\"><img loading=\"lazy\" decoding=\"async\" class=\"size-large wp-image-66067\" src=\"https:\/\/livinghome.vn\/thiet-bi\/wp-content\/uploads\/loc-nuoc\/geyser\/may-loc-nuoc-nano-geyser\/may-loc-nuoc-nano-geyser-ecotar-4\/may-loc-nuoc-nano-geyser-ecotar-4-2-800x800.jpg\" alt=\"M\u00e1y l\u1ecdc n\u01b0\u1edbc nano Geyser Ecotar 4 - made in Russia\" width=\"800\" height=\"800\" title=\"\"><figcaption id=\"caption-attachment-66067\" class=\"wp-caption-text\">M\u00e1y l\u1ecdc n\u01b0\u1edbc Nano Geyser Ecotar 4 c\u00f3 kh\u1ea3 n\u0103ng l\u1ecdc v\u01b0\u1ee3t tr\u1ed9i<\/figcaption><\/figure>\n<h3><strong>So s\u00e1nh m\u00e1y l\u1ecdc n\u01b0\u1edbc Ecotar 4<\/strong><\/h3>\n<h4><strong>So s\u00e1nh m\u00e1y l\u1ecdc n\u01b0\u1edbc Nano Geyser Ecotar 4 v\u1edbi Ecotar 3<\/strong><\/h4>\n<p>B\u00ean c\u1ea1nh nh\u1eefng \u0111i\u1ec3m gi\u1ed1ng nhau nh\u01b0 ngu\u1ed3n g\u1ed1c xu\u1ea5t x\u1ee9, ch\u1ea5t l\u01b0\u1ee3ng, v\u1eadn h\u00e0nh, l\u1eafp \u0111\u1eb7t,\u2026 th\u00ec M\u00e1y l\u1ecdc n\u01b0\u1edbc nano Geyser Ecotar 4 c\u1ea5u t\u1ea1o 3 l\u00f5i l\u1ecdc t\u00edch h\u1ee3p h\u01a1n 10 c\u01a1 ch\u1ebf l\u1ecdc. Trong khi \u0111\u00f3 m\u00e1y l\u1ecdc n\u01b0\u1edbc nano Geyser Ecotar 3 c\u1ea5u t\u1ea1o 3 l\u00f5i l\u1ecdc t\u00edch h\u1ee3p ch\u1ec9 6 l\u00f5i l\u1ecdc. L\u00f5i l\u1ecdc s\u1ed1 3 Discruptor trong M\u00e1y l\u1ecdc n\u01b0\u1edbc nano Geyser Ecotar 4 ch\u1ea5t l\u01b0\u1ee3ng h\u01a1n, t\u00ednh n\u0103ng \u01b0u vi\u1ec7t h\u01a1n l\u00f5i s\u1ed1 3 BAF c\u1ee7a m\u00e1y l\u1ecdc n\u01b0\u1edbc Geyser Ecotar 3. Do \u0111\u00f3 kh\u1ea3 n\u0103ng x\u1eed l\u00fd ngu\u1ed3n n\u01b0\u1edbc m\u00e1y l\u1ecdc n\u01b0\u1edbc Nano Geyser Ecotar 4 hi\u1ec7u qu\u1ea3 h\u01a1n.<\/p>\n<p>&gt;&gt;&gt; C\u00f3 th\u1ec3 b\u1ea1n quan t\u00e2m: S\u1ea3n ph\u1ea9m\u00a0<a href=\"https:\/\/livinghome.vn\/shop\/may-loc-nuoc-nano-geyser-ecotar-3\/\" target=\"_blank\" rel=\"noopener\"><strong>m\u00e1y l\u1ecdc n\u01b0\u1edbc Geyser Ecotar 3<\/strong><\/a> ch\u00ednh h\u00e3ng gi\u00e1 t\u1ed1t t\u1ea1i Living Home VietNam<\/p>\n<h4><strong>So s\u00e1nh m\u00e1y l\u1ecdc Geyser Ecotar 4 v\u1edbi c\u00e1c d\u00f2ng li\u00ean doanh l\u1eafp r\u00e1p t\u1ea1i Vi\u1ec7t Nam<\/strong><\/h4>\n<p>Ngo\u00e0i vi\u1ec7c t\u00edch h\u1ee3p nhi\u1ec1u c\u01a1 ch\u1ebf l\u1ecdc trong l\u00f5i l\u1ecdc\u00a0<strong>m\u00e1y l\u1ecdc n\u01b0\u1edbc Nano c\u1ee7a Nga<\/strong>\u00a0Ecotar 4 ch\u1ec9 s\u1eed d\u1ee5ng 3 l\u00f5i, ti\u1ebft ki\u1ec7m chi ph\u00ed khi thay l\u00f5i c\u0169ng nh\u01b0 chi ph\u00ed \u0111i\u1ec7n n\u0103ng, t\u00e0i nguy\u00ean n\u01b0\u1edbc. Ti\u1ebft ki\u1ec7m di\u1ec7n t\u00edch kh\u00f4ng gian gia \u0111\u00ecnh, tr\u00e1nh c\u1ed3ng k\u1ec1nh, ng\u0103n ch\u1eb7n nguy c\u01a1 t\u00e1i nhi\u1ec5m khu\u1ea9n, hi\u1ec7u qu\u1ea3 l\u1ecdc cao so v\u1edbi m\u00e1y l\u1ecdc n\u01b0\u1edbc li\u00ean doanh l\u1eafp r\u00e1p.<\/p>\n<p>Ngo\u00e0i ra n\u01b0\u1edbc sau l\u1ecdc M\u00e1y l\u1ecdc n\u01b0\u1edbc nano Geyser Ecotar 4\u00a0kh\u00f4ng ch\u1ec9 S\u1ea0CH m\u00e0 c\u00f2n T\u1ed0T v\u1edbi vi\u1ec7c ch\u1ee9a canxi, kho\u00e1ng ch\u1ea5t t\u1ed1t cho s\u1ee9c kh\u1ecfe. Ch\u1ea5t l\u01b0\u1ee3ng s\u1ea3n ph\u1ea9m \u0111\u01b0\u1ee3c ki\u1ec3m \u0111\u1ecbnh, gi\u1ea5y CO, CQ ch\u1ee9ng nh\u1eadn tr\u00ean t\u1eebng s\u1ea3n ph\u1ea9m gi\u00fap x\u00e1c nh\u1eadn h\u00e0ng ch\u00ednh h\u00e3ng, nguy\u00ean chi\u1ebfc.<\/p>\n<h3><strong>Ki\u1ec3m tra ch\u00ednh h\u00e3ng<\/strong><\/h3>\n<h4><strong>Ki\u1ec3m tra th\u00f4ng tin tr\u00ean th\u00e2n m\u00e1y, v\u1ecf h\u1ed9p\u00a0<\/strong><\/h4>\n<p>M\u00e1y l\u1ecdc n\u01b0\u1edbc nano Geyser Ecotar 4 x\u00e1c th\u1ef1c ch\u00ednh h\u00e3ng tr\u00ean th\u00e2n m\u00e1y, v\u1ecf h\u1ed9p t\u1eeb vi\u1ec7c check m\u00e3 QR code, c\u00f3 t\u00ean r\u00f5 r\u00e0ng Model Ecotar 4 tr\u00ean th\u00e2n m\u00e1y.<\/p>\n<p>Tr\u00ean th\u00e2n m\u00e1y c\u00f3 s\u1ed1 series \u0111\u1ec3 x\u00e1c th\u1ef1c m\u00e1y l\u1ecdc n\u01b0\u1edbc ch\u00ednh h\u00e3ng. Ngo\u00e0i ra m\u1ed7i m\u00e1y c\u00f3 gi\u1ea5y ch\u1ee9ng nh\u1eadn CO, CQ\/ s\u1ea3n ph\u1ea9m x\u00e1c th\u1ef1c ngu\u1ed3n g\u1ed1c xu\u1ea5t x\u1ee9 (\u0111\u00e2y l\u00e0 \u0111i\u1ec1u duy nh\u1ea5t\u00a0<strong>Geyser<\/strong>\u00a0\u0111ang l\u00e0m \u0111\u01b0\u1ee3c t\u1ea1i th\u1ecb tr\u01b0\u1eddng m\u00e1y nano Vi\u1ec7t Nam).<\/p>\n<p>&nbsp;<\/p>\n<figure id=\"attachment_66070\" aria-describedby=\"caption-attachment-66070\" style=\"width: 800px\" class=\"wp-caption alignnone\"><img loading=\"lazy\" decoding=\"async\" class=\"size-large wp-image-66070\" src=\"https:\/\/livinghome.vn\/thiet-bi\/wp-content\/uploads\/loc-nuoc\/geyser\/may-loc-nuoc-nano-geyser\/may-loc-nuoc-nano-geyser-ecotar-4\/may-loc-nuoc-nano-geyser-ecotar-4-11-800x800.jpg\" alt=\"M\u00e1y l\u1ecdc n\u01b0\u1edbc nano Geyser Ecotar 4 - made in Russia\" width=\"800\" height=\"800\" title=\"\"><figcaption id=\"caption-attachment-66070\" class=\"wp-caption-text\">Ch\u1ee9ng nh\u1eadn CO, CQ\/ s\u1ea3n ph\u1ea9m x\u00e1c th\u1ef1c ngu\u1ed3n g\u1ed1c xu\u1ea5t x\u1ee9 M\u00e1y l\u1ecdc n\u01b0\u1edbc nano Geyser Ecotar 4<\/figcaption><\/figure>\n<h4><b>Ki\u1ec3m tra qua m\u00e3 QR\u00a0<\/b><\/h4>\n<p>Kh\u00e1ch h\u00e0ng th\u1ef1c hi\u1ec7n check m\u00e3 QR code tr\u00ean v\u1ecf h\u1ed9p, th\u00e2n m\u00e1y, tr\u00ean t\u1eebng l\u00f5i l\u1ecdc \u0111\u1ec3 x\u00e1c minh ch\u00ednh h\u00e3ng.<\/p>\n<h4><b>Ki\u1ec3m tra qua tin nh\u1eafn t\u1ed5ng \u0111\u00e0i\u00a0<\/b><\/h4>\n<p>&nbsp;<\/p>\n<figure id=\"attachment_66074\" aria-describedby=\"caption-attachment-66074\" style=\"width: 800px\" class=\"wp-caption alignnone\"><img loading=\"lazy\" decoding=\"async\" class=\"size-large wp-image-66074\" src=\"https:\/\/livinghome.vn\/thiet-bi\/wp-content\/uploads\/loc-nuoc\/geyser\/may-loc-nuoc-nano-geyser\/may-loc-nuoc-nano-geyser-ecotar-4\/may-loc-nuoc-nano-geyser-ecotar-4-1-800x800.jpg\" alt=\"M\u00e1y l\u1ecdc n\u01b0\u1edbc nano Geyser Ecotar 4 - made in Russia\" width=\"800\" height=\"800\" title=\"\"><figcaption id=\"caption-attachment-66074\" class=\"wp-caption-text\">X\u00e1c th\u1ef1c m\u00e1y l\u1ecdc n\u01b0\u1edbc nano Geyser Ecotar 4 t\u1eeb vi\u1ec7c c\u00e0o s\u1ed1 series v\u00e0 check QR code th\u00e2n m\u00e1y<\/figcaption><\/figure>\n<p>\u0110\u1ec3 x\u00e1c th\u1ef1c\u00a0<a href=\"https:\/\/en.wikipedia.org\/wiki\/Water_filter\" target=\"_blank\" rel=\"noopener nofollow\">m\u00e1y l\u1ecdc n\u01b0\u1edbc<\/a> ch\u00ednh h\u00e3ng, kh\u00e1ch h\u00e0ng th\u1ef1c hi\u1ec7n vi\u1ec7c c\u00e0o s\u1ed1 series tr\u00ean th\u00e2n m\u00e1y t\u1eeb Living Home VietNam. Kh\u00e1ch h\u00e0ng th\u1ef1c hi\u1ec7n vi\u1ec7c c\u00e0o s\u1ed1 series g\u1ed3m 8 ch\u1eef s\u1ed1, so\u1ea1n tin theo c\u00fa ph\u00e1p: XT d\u1ea5u c\u00e1ch s\u1ed1 series g\u1eedi v\u1ec1 h\u1ec7 th\u1ed1ng t\u1ed5ng \u0111\u00e0i 8137 \u0111\u1ec3 k\u00edch ho\u1ea1t b\u1ea3o h\u00e0nh \u0111i\u1ec7n t\u1eed M\u00e1y l\u1ecdc n\u01b0\u1edbc nano Geyser Ecotar 4 tr\u1ecdn \u0111\u1eddi.<\/p>\n<h3><strong>L\u1eafp \u0111\u1eb7t<\/strong><\/h3>\n<p>M\u00e1y l\u1ecdc n\u01b0\u1edbc nano <strong>Geyser Ecotar 4<\/strong> thi\u1ebft k\u1ebf ch\u1ec9 v\u1edbi 3 l\u00f5i l\u1ecdc \u0111\u01b0\u1ee3c thi\u1ebft k\u1ebf nh\u1ecf g\u1ecdn, kh\u00f4ng chi\u1ebfm di\u1ec7n t\u00edch gia \u0111\u00ecnh, tr\u00e1nh c\u1ed3ng k\u1ec1nh. V\u1ecb tr\u00ed l\u00fd t\u01b0\u1edfng c\u1ee7a b\u1ea1n \u0111\u00f3 l\u00e0 treo d\u01b0\u1edbi g\u1ea7m t\u1ee7 b\u1ebfp ch\u1eadu r\u1eeda v\u00e0 \u0111\u1ec3 v\u00f2i n\u01b0\u1edbc s\u1ea1ch b\u1eaft l\u00ean ch\u1eadu r\u1eeda thu\u1eadn ti\u1ec7n. B\u00ean c\u1ea1nh \u0111\u00f3 c\u0169ng c\u00f3 th\u1ec3 l\u1eafp m\u00e1y c\u00f9ng t\u1ee7 inox ho\u1eb7c treo t\u01b0\u1eddng.<\/p>\n<p>&nbsp;<\/p>\n<figure id=\"attachment_66065\" aria-describedby=\"caption-attachment-66065\" style=\"width: 800px\" class=\"wp-caption alignnone\"><img loading=\"lazy\" decoding=\"async\" class=\"size-large wp-image-66065\" src=\"https:\/\/livinghome.vn\/thiet-bi\/wp-content\/uploads\/loc-nuoc\/geyser\/may-loc-nuoc-nano-geyser\/may-loc-nuoc-nano-geyser-ecotar-4\/may-loc-nuoc-nano-geyser-ecotar-4-9-800x800.jpg\" alt=\"M\u00e1y l\u1ecdc n\u01b0\u1edbc nano Geyser Ecotar 4 - made in Russia\" width=\"800\" height=\"800\" title=\"\"><figcaption id=\"caption-attachment-66065\" class=\"wp-caption-text\">Linh ph\u1ee5 ki\u1ec7n m\u00e1y l\u1ecdc n\u01b0\u1edbc nano Geyser Ecotar 4 LB Nga<\/figcaption><\/figure>\n<p>&nbsp;<\/p>\n<figure id=\"attachment_66073\" aria-describedby=\"caption-attachment-66073\" style=\"width: 1020px\" class=\"wp-caption alignnone\"><img loading=\"lazy\" decoding=\"async\" class=\"size-large wp-image-66073\" src=\"https:\/\/livinghome.vn\/thiet-bi\/wp-content\/uploads\/loc-nuoc\/geyser\/may-loc-nuoc-nano-geyser\/may-loc-nuoc-nano-geyser-ecotar-4\/may-loc-nuoc-nano-geyser-ecotar-4-3-1067x800.jpg\" alt=\"M\u00e1y l\u1ecdc n\u01b0\u1edbc nano Geyser Ecotar 4 - made in Russia\" width=\"1020\" height=\"765\" title=\"\"><figcaption id=\"caption-attachment-66073\" class=\"wp-caption-text\">H\u00ecnh \u1ea3nh th\u1ef1c t\u1ebf c\u1ee7a m\u00e1y l\u1ecdc n\u01b0\u1edbc nano Geyser Ecotar 4<\/figcaption><\/figure>\n<p>&nbsp;<\/p>\n<p>&nbsp;<\/p>\n","protected":false},"excerpt":{"rendered":"<p style=\"text-align: left;\"><strong>M\u00e1y l\u1ecdc n\u01b0\u1edbc nano Geyser Ecotar 4<\/strong>\u00a0m\u00e1y l\u1ecdc n\u01b0\u1edbc Nano c\u1ee7a Nga phi\u00ean b\u1ea3n 2018 \u0111\u01b0\u1ee3c s\u1ea3n xu\u1ea5t ri\u00eang cho ngu\u1ed3n n\u01b0\u1edbc Vi\u1ec7t Nam \u2013 kh\u00f4ng d\u00f9ng \u0111i\u1ec7n kh\u00f4ng n\u01b0\u1edbc th\u1ea3i, n\u01b0\u1edbc sau l\u1ecdc u\u1ed1ng tr\u1ef1c ti\u1ebfp kh\u00f4ng c\u1ea7n \u0111un s\u00f4i.<\/p>\n","protected":false},"featured_media":3734,"comment_status":"open","ping_status":"closed","template":"","meta":[],"product_brand":[],"product_cat":[399,412,413],"product_tag":[417,404,423,429],"class_list":{"0":"post-3584","1":"product","2":"type-product","3":"status-publish","4":"has-post-thumbnail","6":"product_cat-may-loc-nuoc","7":"product_cat-may-loc-nuoc-geyser","8":"product_cat-thuong-hieu-geyser","9":"product_tag-geyser","10":"product_tag-may-loc-nuoc","11":"product_tag-may-loc-nuoc-geyser","12":"product_tag-may-loc-nuoc-nano","14":"first","15":"instock","16":"shipping-taxable","17":"purchasable","18":"product-type-simple"},"_links":{"self":[{"href":"https:\/\/livinghome.vn\/thiet-bi\/wp-json\/wp\/v2\/product\/3584","targetHints":{"allow":["GET"]}}],"collection":[{"href":"https:\/\/livinghome.vn\/thiet-bi\/wp-json\/wp\/v2\/product"}],"about":[{"href":"https:\/\/livinghome.vn\/thiet-bi\/wp-json\/wp\/v2\/types\/product"}],"replies":[{"embeddable":true,"href":"https:\/\/livinghome.vn\/thiet-bi\/wp-json\/wp\/v2\/comments?post=3584"}],"wp:featuredmedia":[{"embeddable":true,"href":"https:\/\/livinghome.vn\/thiet-bi\/wp-json\/wp\/v2\/media\/3734"}],"wp:attachment":[{"href":"https:\/\/livinghome.vn\/thiet-bi\/wp-json\/wp\/v2\/media?parent=3584"}],"wp:term":[{"taxonomy":"product_brand","embeddable":true,"href":"https:\/\/livinghome.vn\/thiet-bi\/wp-json\/wp\/v2\/product_brand?post=3584"},{"taxonomy":"product_cat","embeddable":true,"href":"https:\/\/livinghome.vn\/thiet-bi\/wp-json\/wp\/v2\/product_cat?post=3584"},{"taxonomy":"product_tag","embeddable":true,"href":"https:\/\/livinghome.vn\/thiet-bi\/wp-json\/wp\/v2\/product_tag?post=3584"}],"curies":[{"name":"wp","href":"https:\/\/api.w.org\/{rel}","templated":true}]}}