{"id":3583,"date":"2023-01-12T18:16:06","date_gmt":"2023-01-12T18:16:06","guid":{"rendered":"https:\/\/livinghome.vn\/thiet-bi\/?post_type=product&#038;p=3583"},"modified":"2024-11-29T14:20:18","modified_gmt":"2024-11-29T07:20:18","slug":"may-loc-nuoc-nano-geyser-ecotar-3-nhap-khau-tu-nga","status":"publish","type":"product","link":"https:\/\/livinghome.vn\/thiet-bi\/may-loc-nuoc-nano-geyser-ecotar-3-nhap-khau-tu-nga\/","title":{"rendered":"M\u00e1y l\u1ecdc n\u01b0\u1edbc nano Geyser Ecotar 3 &#8211; Nh\u1eadp kh\u1ea9u t\u1eeb Nga"},"content":{"rendered":"<h2><strong>S\u1ea3n ph\u1ea9m M\u00e1y l\u1ecdc n\u01b0\u1edbc nano Geyser Ecotar 3 &#8211; made in Russia<\/strong><\/h2>\n<p><strong>M\u00e1y l\u1ecdc n\u01b0\u1edbc nano Geyser Ecotar 3<\/strong>\u00a0thu\u1ed9c t\u1eadp \u0111o\u00e0n Geyser Li\u00ean bang Nga \u0111\u01b0\u1ee3c gi\u1edbi chuy\u00ean m\u00f4n \u0111\u00e1nh gi\u00e1 cao l\u00e0 c\u00f3 nh\u1eefng \u0111\u1eb7c t\u00ednh ph\u00f9 h\u1ee3p \u0111\u1ec3 l\u00e0m s\u1ea1ch v\u00e0 gi\u1eef l\u1ea1i kho\u00e1ng ch\u1ea5t t\u1ed1t cho s\u1ee9c kh\u1ecfe c\u1ee7a ngu\u1ed3n n\u01b0\u1edbc t\u1ea1i Vi\u1ec7t Nam.<\/p>\n<h3><strong>Th\u00f4ng s\u1ed1 k\u1ef9 thu\u1eadt<\/strong><\/h3>\n<table>\n<tbody>\n<tr>\n<td>M\u00e3 s\u1ea3n ph\u1ea9m<\/td>\n<td>Ecotar 3<\/td>\n<\/tr>\n<tr>\n<td>Th\u01b0\u01a1ng hi\u1ec7u<\/td>\n<td>Geyser<\/td>\n<\/tr>\n<tr>\n<td>C\u00f4ng ngh\u1ec7<\/td>\n<td>Nano<\/td>\n<\/tr>\n<tr>\n<td>\u1ee8ng d\u1ee5ng<\/td>\n<td>L\u1ecdc n\u01b0\u1edbc \u0103n u\u1ed1ng<\/td>\n<\/tr>\n<tr>\n<td>T\u00ednh n\u0103ng \u0111\u1eb7c bi\u1ec7t<\/td>\n<td>L\u1ecdc s\u1ea1ch \u0111\u1ea1t TC n\u01b0\u1edbc u\u1ed1ng, th\u00e2n thi\u1ec7n v\u1edbi m\u00f4i tr\u01b0\u1eddng<\/td>\n<\/tr>\n<tr>\n<td>Ngu\u1ed3n n\u01b0\u1edbc \u0111\u1ea7u v\u00e0o<\/td>\n<td>N\u01b0\u1edbc m\u00e1y<\/td>\n<\/tr>\n<tr>\n<td>Model<\/td>\n<td>Model 2017<\/td>\n<\/tr>\n<tr>\n<td>S\u1ed1 l\u00f5i l\u1ecdc<\/td>\n<td>3(3 ch\u00ednh)<\/td>\n<\/tr>\n<tr>\n<td>C\u1ed1c l\u1ecdc<\/td>\n<td>C\u1ed1c l\u1ecdc nh\u1eadp kh\u1ea9u ch\u1ea5t l\u01b0\u1ee3ng cao<\/td>\n<\/tr>\n<tr>\n<td>Tu\u1ed5i th\u1ecd l\u00f5i l\u1ecdc<\/td>\n<td>L\u00f5i s\u1ed1 1: Ecotar B: 4000l, L\u00f5i s\u1ed1 2 \u2013 Aragon New: 7000l, L\u00f5i s\u1ed1 3: BAF Ecotar: 7.000l<\/td>\n<\/tr>\n<tr>\n<td>C\u00f4ng su\u1ea5t<\/td>\n<td>(T\u1ed1i \u0111a) 180l\/ gi\u1edd<\/td>\n<\/tr>\n<tr>\n<td>Tr\u1ecdng l\u01b0\u1ee3ng<\/td>\n<td>6.5kg<\/td>\n<\/tr>\n<tr>\n<td>K\u00edch th\u01b0\u1edbc<\/td>\n<td>(RxCxS) 380mm \u0445 310mm \u0445 140mm<\/td>\n<\/tr>\n<tr>\n<td>V\u1ecb tr\u00ed l\u1eafp \u0111\u1eb7t<\/td>\n<td>Treo t\u01b0\u1eddng ho\u1eb7c \u0111\u1ec3 d\u01b0\u1edbi ch\u1eadu r\u1eeda<\/td>\n<\/tr>\n<tr>\n<td>Xu\u1ea5t x\u1ee9<\/td>\n<td>Nh\u1eadp kh\u1ea9u nguy\u00ean chi\u1ebfc Lb Nga<\/td>\n<\/tr>\n<tr>\n<td>T\u00ednh n\u0103ng<\/td>\n<td>M\u00e1y l\u1ecdc n\u01b0\u1edbc \u0103n u\u1ed1ng<\/td>\n<\/tr>\n<\/tbody>\n<\/table>\n<h3><strong>C\u1ea5u t\u1ea1o chi ti\u1ebft<\/strong><\/h3>\n<p><strong>M\u00e1y l\u1ecdc n\u01b0\u1edbc nano Geyser Ecotar 3<\/strong> l\u00e0 s\u1ea3n ph\u1ea9m \u0111\u01b0\u1ee3c ph\u00e1t tri\u1ec3n l\u00ean t\u1eeb m\u00f4 h\u00ecnh m\u00e1y 3IVHLUX \u0111\u1ec3 \u0111\u1ea3m b\u1ea3o ph\u00f9 h\u1ee3p v\u1edbi ngu\u1ed3n n\u01b0\u1edbc t\u1ea1i Vi\u1ec7t Nam. C\u1ea5u t\u1ea1o c\u1ee7a m\u00e1y g\u1ed3m c\u00f3 3 l\u00f5i l\u1ecdc ch\u00ednh c\u00f9ng v\u1edbi 10 c\u1ea5p l\u1ecdc, \u0111\u1ea3m b\u1ea3o ch\u1ea5t l\u01b0\u1ee3ng ngu\u1ed3n n\u01b0\u1edbc \u0111\u1ea7u ra an to\u00e0n nh\u1ea5t.<\/p>\n<h4><b>C\u1ea5p l\u1ecdc 1: L\u00f5i l\u1ecdc Ecotar A 5 in 1<\/b><\/h4>\n<p><b>T\u00ednh n\u0103ng:\u00a0<\/b>L\u00f5i Ecotar A \u0111\u01b0\u1ee3c n\u00e2ng c\u1ea5p t\u1eeb l\u00f5i l\u1ecdc Ecotar B. L\u00f5i n\u00e0y v\u1eabn gi\u1eef nguy\u00ean c\u01a1 ch\u1ebf ho\u1ea1t \u0111\u1ed9ng, c\u00e1c \u01b0u \u0111i\u1ec3m t\u1eeb l\u00f5i B. Tuy nhi\u00ean, l\u00f5i A \u0111\u01b0\u1ee3c b\u1ed5 sung th\u00eam c\u00e1c v\u1eadt li\u1ec7u m\u1edbi c\u00f3 t\u00e1c d\u1ee5ng l\u00e0m m\u1ec1m n\u01b0\u1edbc v\u00e0 lo\u1ea1i b\u1ecf c\u00e1c th\u00e0nh ph\u1ea7n \u0111\u1ed9c trong n\u01b0\u1edbc, bao g\u1ed3m: s\u1eaft, nitrat, mangan, nitrit, amoni,\u2026<\/p>\n<p><b>C\u01a1 ch\u1ebf l\u1ecdc:\u00a0<\/b>L\u00f5i l\u1ecdc Ecotar A 5 in 1 bao g\u1ed3m c\u00e1c h\u1ea1t trao \u0111\u1ed5i ion v\u1edbi \u0111\u01b0\u1eddng k\u00ednh kh\u00e1c nhau, m\u1eadt \u0111\u1ed9 l\u1edbn. Khi n\u01b0\u1edbc \u0111i qua l\u00f5i l\u1ecdc, ch\u00fang s\u1ebd h\u1ea5p th\u1ee5 c\u00e1c ion kim lo\u1ea1i c\u00f3 trong n\u01b0\u1edbc: Ca2+, Fe2+, Mg2+, ch\u1ea5t keo, h\u1eefu c\u01a1, hi\u1ec7u qu\u1ea3 g\u1ea5p 23 l\u1ea7n so v\u1edbi nh\u1eefng lo\u1ea1i l\u1ecdc th\u00f4ng th\u01b0\u1eddng.<\/p>\n<div class=\"mceTemp\"><\/div>\n<figure id=\"attachment_66056\" aria-describedby=\"caption-attachment-66056\" style=\"width: 800px\" class=\"wp-caption alignnone\"><img loading=\"lazy\" decoding=\"async\" class=\"size-large wp-image-66056\" src=\"https:\/\/livinghome.vn\/thiet-bi\/wp-content\/uploads\/loc-nuoc\/geyser\/may-loc-nuoc-nano-geyser\/may-loc-nuoc-nano-geyser-ecotar-3\/may-loc-nuoc-nano-geyser-ecotar-3-2-800x800.jpg\" alt=\"M\u00e1y l\u1ecdc n\u01b0\u1edbc nano Geyser Ecotar 3 - made in Russia\" width=\"800\" height=\"800\" title=\"\"><figcaption id=\"caption-attachment-66056\" class=\"wp-caption-text\">L\u00f5i l\u1ecdc Ecotar A 5 in 1 c\u1ee7a M\u00e1y l\u1ecdc n\u01b0\u1edbc nano Geyser Ecotar 3<\/figcaption><\/figure>\n<h4><strong>C\u1ea5p l\u1ecdc 2: L\u00f5i l\u1ecdc Aragon Ecotar\u00a0<\/strong><\/h4>\n<p><b>T\u00ednh n\u0103ng:\u00a0<\/b>L\u00f5i l\u1ecdc Aragon Ecotar c\u00f3 nhi\u1ec7m v\u1ee5 lo\u1ea1i b\u1ecf c\u00e1c c\u1eb7n b\u1ea9n k\u00edch th\u01b0\u1edbc &gt;0,01 micron, h\u1ea5p th\u1ee5 clo, l\u00e0m trong n\u01b0\u1edbc, amoni, c\u00e1c h\u1ee3p ch\u1ea5t h\u1eefu c\u01a1,asen, l\u00e0m m\u1ec1m n\u01b0\u1edbc,ti\u00eau di\u1ec7t 100% c\u00e1c lo\u1ea1i vi khu\u1ea9n, vi r\u00fat.<\/p>\n<p><b>C\u01a1 ch\u1ebf l\u1ecdc:<\/b>\u00a0L\u00f5i l\u1ecdc Aragon Ecotar t\u00edch h\u1ee3p \u0111\u1ebfn 4 c\u01a1 ch\u1ebf l\u1ecdc, bao g\u1ed3m: l\u1ecdc khe h\u1edf 0,01 micron, l\u1ecdc h\u1ea5p th\u1ee5, l\u1ecdc trao \u0111\u1ed5i ion v\u00e0 l\u1ecdc di\u1ec7t khu\u1ea9n b\u1eb1ng v\u1eadt li\u1ec7u b\u1ea1c t\u00edch h\u1ee3p. Nh\u1eefng t\u1ea1p ch\u1ea5t c\u00f3 k\u00edch th\u01b0\u1edbc l\u1edbn h\u01a1n 0,01 micron qua l\u00f5i l\u1ecdc n\u00e0y s\u1ebd \u0111\u01b0\u1ee3c gi\u1eef l\u1ea1i. Ti\u1ebfp \u0111\u00f3,\u00a0 clo, canxi, magie, m\u00e0u m\u00f9i v\u00e0 h\u1ee3p ch\u1ea5t h\u1eefu c\u01a1 s\u1ebd b\u1ecb h\u1ea5p th\u1ee5 theo c\u01a1 ch\u1ebf trao \u0111\u1ed5i ion. C\u00f2n l\u1ea1i, vi khu\u1ea9n, virus c\u00f3 k\u00edch th\u01b0\u1edbc nh\u1ecf s\u1ebd b\u1ecb ti\u00eau di\u1ec7t ho\u00e0n to\u00e0n nh\u1edd nh\u1eefng ph\u00e2n t\u1eed b\u1ea1c trong l\u00f5i Aragon.<\/p>\n<p>Tu\u1ed5i th\u1ecd l\u00f5i t\u1ed1i \u0111a: 7000 L\u00edt n\u01b0\u1edbc kho\u1ea3ng 2 n\u0103m.<\/p>\n<figure id=\"attachment_66062\" aria-describedby=\"caption-attachment-66062\" style=\"width: 800px\" class=\"wp-caption alignnone\"><img loading=\"lazy\" decoding=\"async\" class=\"size-large wp-image-66062\" src=\"https:\/\/livinghome.vn\/thiet-bi\/wp-content\/uploads\/loc-nuoc\/geyser\/may-loc-nuoc-nano-geyser\/may-loc-nuoc-nano-geyser-ecotar-3\/may-loc-nuoc-nano-geyser-ecotar-3-3-800x800.jpg\" alt=\"M\u00e1y l\u1ecdc n\u01b0\u1edbc nano Geyser Ecotar 3 - made in Russia\" width=\"800\" height=\"800\" title=\"\"><figcaption id=\"caption-attachment-66062\" class=\"wp-caption-text\">L\u00f5i l\u1ecdc Aragon Ecotar c\u1ee7a M\u00e1y l\u1ecdc n\u01b0\u1edbc nano Geyser Ecotar 3<\/figcaption><\/figure>\n<h4><strong>C\u1ea5p l\u1ecdc 3: L\u00f5i l\u1ecdc BAF Ecotar<\/strong><\/h4>\n<p><b>T\u00ednh n\u0103ng:\u00a0<\/b>L\u00f5i l\u1ecdc BAF Geyser\u00a0<b>Ecotar 3<\/b>\u00a0l\u00e0 d\u00f2ng s\u1ea3n ph\u1ea9m \u00e1p d\u1ee5ng c\u00f4ng ngh\u1ec7 l\u1ecdc m\u1edbi, c\u00f3 kh\u1ea3 n\u0103ng b\u1ecf clo,s\u1eaft, ch\u1ea5t h\u1eefu c\u01a1 kim lo\u1ea1i n\u1eb7ng c\u00f3 k\u00edch th\u01b0\u1edbc si\u00eau nh\u1ecf m\u00e0 l\u00f5i l\u1ecdc 2 ch\u01b0a th\u1ec3 l\u1ecdc s\u1ea1ch \u0111\u01b0\u1ee3c. Th\u00e0nh ph\u1ea7n l\u00f5i l\u1ecdc bao g\u1ed3m: v\u1eadt li\u1ec7u h\u1ea5p ph\u1ee5, trao \u0111\u1ed5i ion v\u00e0 t\u00edch h\u1ee3p B\u1ea1c ch\u1ed1ng t\u00e1i khu\u1ea9n.<\/p>\n<p><b>C\u01a1 ch\u1ebf l\u1ecdc:\u00a0<\/b>L\u1ecdc h\u1ea5p ph\u1ee5 k\u1ebft h\u1ee3p di\u1ec7t khu\u1ea9n b\u1eb1ng v\u1eadt li\u1ec7u b\u1ea1c.<\/p>\n<p>Tu\u1ed5i th\u1ecd l\u00f5i t\u1ed1i \u0111a: 7000 L\u00edt n\u01b0\u1edbc kho\u1ea3ng 2 n\u0103m.<\/p>\n<figure id=\"attachment_66053\" aria-describedby=\"caption-attachment-66053\" style=\"width: 800px\" class=\"wp-caption alignnone\"><img loading=\"lazy\" decoding=\"async\" class=\"size-large wp-image-66053\" src=\"https:\/\/livinghome.vn\/thiet-bi\/wp-content\/uploads\/loc-nuoc\/geyser\/may-loc-nuoc-nano-geyser\/may-loc-nuoc-nano-geyser-ecotar-3\/may-loc-nuoc-nano-geyser-ecotar-3-4-800x800.jpg\" alt=\"may loc nuoc nano geyser ecotar 3 4M\u00e1y l\u1ecdc n\u01b0\u1edbc nano Geyser Ecotar 3 - made in Russia\" width=\"800\" height=\"800\" title=\"\"><figcaption id=\"caption-attachment-66053\" class=\"wp-caption-text\">L\u00f5i l\u1ecdc BAF c\u1ee7a M\u00e1y l\u1ecdc n\u01b0\u1edbc nano Geyser Ecotar 3<\/figcaption><\/figure>\n<h3><strong>C\u00f4ng ngh\u1ec7 l\u1ecdc v\u01b0\u1ee3t tr\u1ed9i<\/strong><\/h3>\n<ul>\n<li>L\u1ecdc b\u1ecf ho\u00e0n to\u00e0n vi khu\u1ea9n trong n\u01b0\u1edbc: M\u00e1y l\u1ecdc n\u01b0\u1edbc nano <strong>Geyser Ecotar 3<\/strong>\u00a0c\u00f3 kh\u1ea3 n\u0103ng lo\u1ea1i b\u1ecf ho\u00e0n to\u00e0n c\u00e1c vi khu\u1ea9n c\u00f3 trong n\u01b0\u1edbc, bao g\u1ed3m: Vi khu\u1ea9n \u0103n n\u00e3o Amip, vi khu\u1ea9n E Coli, Coliform g\u00e2y ti\u00eau ch\u1ea3y, tr\u1ef1c khu\u1ea9n m\u1ee7 xanh, li\u00ean c\u1ea7u khu\u1ea9n xanh, vi khu\u1ea9n k\u1ef5 kh\u00ed Sunfua.<\/li>\n<li>L\u1ecdc b\u1ecf c\u00e1c kim lo\u1ea1i n\u1eb7ng c\u00f3 h\u1ea1i nh\u01b0: S\u1eaft, \u0110\u1ed3ng, Ch\u00ec, Th\u1ee7y Ng\u00e2n, Ph\u00e8n nh\u00f4m, Ph\u00e8n s\u1eaft.<\/li>\n<li>Gi\u1eef l\u1ea1i c\u00e1c kho\u00e1ng ch\u1ea5t c\u00f3 l\u1ee3i cho s\u1ee9c kh\u1ecfe nh\u01b0: Natri, Canxi, Magie.<\/li>\n<li>C\u1ea3i thi\u1ec7n nh\u01b0\u1ee3c \u0111i\u1ec3m v\u1ec1 chi ph\u00ed v\u00e0 \u00f4 nhi\u1ec5m.<\/li>\n<li>Ecotar 3 ph\u00f9 h\u1ee3p v\u1edbi ngu\u1ed3n n\u01b0\u1edbc Vi\u1ec7t Nam.<\/li>\n<li>Thi\u1ebft k\u1ebf g\u1ecdn nh\u1eb9, hi\u1ec7n \u0111\u1ea1i, t\u0103ng t\u00ednh th\u1ea9m m\u1ef9.<\/li>\n<\/ul>\n<figure id=\"attachment_66058\" aria-describedby=\"caption-attachment-66058\" style=\"width: 800px\" class=\"wp-caption alignnone\"><img loading=\"lazy\" decoding=\"async\" class=\"size-large wp-image-66058\" src=\"https:\/\/livinghome.vn\/thiet-bi\/wp-content\/uploads\/loc-nuoc\/geyser\/may-loc-nuoc-nano-geyser\/may-loc-nuoc-nano-geyser-ecotar-3\/may-loc-nuoc-nano-geyser-ecotar-3-1-800x800.jpg\" alt=\"M\u00e1y l\u1ecdc n\u01b0\u1edbc nano Geyser Ecotar 3 - made in Russia\" width=\"800\" height=\"800\" title=\"\"><figcaption id=\"caption-attachment-66058\" class=\"wp-caption-text\">M\u00e1y l\u1ecdc n\u01b0\u1edbc Nano Geyser Ecotar 3 v\u1edbi c\u00f4ng ngh\u1ec7 l\u1ecdc v\u01b0\u1ee3t tr\u1ed9i<\/figcaption><\/figure>\n<h3><strong>\u0110\u1eb7c \u0111i\u1ec3m n\u1ed5i b\u1eadt<\/strong><\/h3>\n<h4><strong>Geyser Ecotar 3 \u0111\u01b0\u1ee3c thi\u1ebft k\u1ebf ri\u00eang cho ngu\u1ed3n n\u01b0\u1edbc t\u1ea1i Vi\u1ec7t Nam<\/strong><\/h4>\n<p><b>M\u00e1y l\u1ecdc n\u01b0\u1edbc Nano Geyser Ecotar 3<\/b>\u00a0l\u00e0 th\u00e0nh qu\u1ea3 nghi\u00ean c\u1ee9u qua nhi\u1ec1u n\u0103m c\u1ee7a Geyser Li\u00ean Bang Nga v\u00e0 Geyser Vi\u1ec7t Nam \u0111ang l\u00e0 \u0111\u1ea1i di\u1ec7n \u1ee7y quy\u1ec1n\u00a0<strong>b\u00e1n m\u00e1y l\u1ecdc n\u01b0\u1edbc Nano<\/strong>\u00a0t\u1ea1i Vi\u1ec7t Nam. D\u00f2ng m\u00e1y th\u00edch h\u1ee3p \u0111\u1ec3 x\u1eed l\u00fd kim lo\u1ea1i n\u1eb7ng, l\u00e0m m\u1ec1m n\u01b0\u1edbc, h\u00f3a ch\u1ea5t, thu\u1ed1c tr\u1eeb s\u00e2u, h\u00e0m l\u01b0\u1ee3ng clo, vi khu\u1ea9n, virus g\u00e2y b\u1ec7nh.<\/p>\n<p>M\u00e1y l\u1ecdc n\u01b0\u1edbc nano Geyser Ecotar 3 ph\u00f9 h\u1ee3p cho nh\u1eefng ngu\u1ed3n n\u01b0\u1edbc c\u00f3 t\u00ednh ch\u1ea5t kh\u00e1c nhau nh\u01b0: N\u01b0\u1edbc s\u00f4ng, n\u01b0\u1edbc gi\u1ebfng ch\u01b0a qua x\u1eed l\u00fd, n\u01b0\u1edbc m\u01b0a, n\u01b0\u1edbc m\u00e1y, n\u01b0\u1edbc nhi\u1ec5m ph\u00e8n, nhi\u1ec5m m\u1eb7n, nhi\u1ec5m kim lo\u1ea1i n\u1eb7ng,\u2026<\/p>\n<figure id=\"attachment_66059\" aria-describedby=\"caption-attachment-66059\" style=\"width: 1020px\" class=\"wp-caption alignnone\"><img loading=\"lazy\" decoding=\"async\" class=\"size-large wp-image-66059\" src=\"https:\/\/livinghome.vn\/thiet-bi\/wp-content\/uploads\/loc-nuoc\/geyser\/may-loc-nuoc-nano-geyser\/may-loc-nuoc-nano-geyser-ecotar-3\/may-loc-nuoc-nano-geyser-ecotar-3-12-1067x800.jpg\" alt=\"M\u00e1y l\u1ecdc n\u01b0\u1edbc nano Geyser Ecotar 3 - made in Russia\" width=\"1020\" height=\"765\" title=\"\"><figcaption id=\"caption-attachment-66059\" class=\"wp-caption-text\">V\u1eadt li\u1ec7u l\u1ecdc c\u1ee7a m\u00e1y l\u1ecdc n\u01b0\u1edbc nano Geyser Ecotar 3<\/figcaption><\/figure>\n<h4><strong>S\u1ea3n ph\u1ea9m nh\u1eadp kh\u1ea9u v\u1edbi hai \u0111\u1ea7u Warranty \u0111\u01b0\u1ee3c b\u1ecbt k\u00edn h\u00fat ch\u00e2n kh\u00f4ng<\/strong><\/h4>\n<p>S\u1ea3n ph\u1ea9m \u0111\u01b0\u1ee3c s\u1ea3n xu\u1ea5t v\u1edbi n\u00fat h\u00fat ch\u00e2n kh\u00f4ng 2 b\u00ean, \u0111\u1ea3m b\u1ea3o vi khu\u1ea9n, virus kh\u00f4ng th\u1ec3 th\u00e2m nh\u1eadp trong qu\u00e1 tr\u00ecnh v\u1eadn chuy\u1ec3n. \u0110\u1ed3ng th\u1eddi b\u1ea3o v\u1ec7 c\u00e1c b\u1ed9 ph\u1eadn, linh ki\u1ec7n b\u00ean trong kh\u00f4ng b\u1ecb h\u01b0 h\u1ea1i, h\u1ecfng h\u00f3c.<\/p>\n<figure id=\"attachment_66055\" aria-describedby=\"caption-attachment-66055\" style=\"width: 1020px\" class=\"wp-caption alignnone\"><img loading=\"lazy\" decoding=\"async\" class=\"size-large wp-image-66055\" src=\"https:\/\/livinghome.vn\/thiet-bi\/wp-content\/uploads\/loc-nuoc\/geyser\/may-loc-nuoc-nano-geyser\/may-loc-nuoc-nano-geyser-ecotar-3\/may-loc-nuoc-nano-geyser-ecotar-3-7-1067x800.jpg\" alt=\"M\u00e1y l\u1ecdc n\u01b0\u1edbc nano Geyser Ecotar 3 - made in Russia\" width=\"1020\" height=\"765\" title=\"\"><figcaption id=\"caption-attachment-66055\" class=\"wp-caption-text\">N\u00fat b\u1ecbt h\u00fat ch\u00e2n kh\u00f4ng, v\u00f4 tr\u00f9ng c\u1ee7a m\u00e1y l\u1ecdc n\u01b0\u1edbc nano Geyser Ecotar 3<\/figcaption><\/figure>\n<h4><strong>V\u00f2i n\u01b0\u1edbc Inox kh\u00f4ng g\u1ec9, an to\u00e0n<\/strong><\/h4>\n<p>V\u00f2i n\u01b0\u1edbc Inox tr\u00ean m\u00e1y l\u1ecdc n\u01b0\u1edbc nano Geyser <b>Ecotar 3\u00a0<\/b>c\u00f3 thi\u1ebft k\u1ebf c\u1ee9ng c\u00e1p, kh\u00f4ng g\u1ec9, \u0111\u1ea3m b\u1ea3o ngu\u1ed3n n\u01b0\u1edbc an to\u00e0n v\u1edbi s\u1ee9c kh\u1ecfe c\u1ee7a ng\u01b0\u1eddi d\u00f9ng.<\/p>\n<figure id=\"attachment_66057\" aria-describedby=\"caption-attachment-66057\" style=\"width: 1020px\" class=\"wp-caption alignnone\"><img loading=\"lazy\" decoding=\"async\" class=\"size-large wp-image-66057\" src=\"https:\/\/livinghome.vn\/thiet-bi\/wp-content\/uploads\/loc-nuoc\/geyser\/may-loc-nuoc-nano-geyser\/may-loc-nuoc-nano-geyser-ecotar-3\/may-loc-nuoc-nano-geyser-ecotar-3-11-1067x800.jpg\" alt=\"M\u00e1y l\u1ecdc n\u01b0\u1edbc nano Geyser Ecotar 3 - made in Russia\" width=\"1020\" height=\"765\" title=\"\"><figcaption id=\"caption-attachment-66057\" class=\"wp-caption-text\">V\u00f2i n\u01b0\u1edbc Inox si\u00eau b\u1ec1n, kh\u00f4ng g\u1ec9 c\u1ee7a m\u00e1y l\u1ecdc n\u01b0\u1edbc nano Geyser Ecotar 3<\/figcaption><\/figure>\n<h4><strong>Thi\u1ebft k\u1ebf g\u1ecdn nhe, tinh t\u1ebf, sang tr\u1ecdng<\/strong><\/h4>\n<p>M\u00e1y l\u1ecdc n\u01b0\u1edbc nano Ecotar 3 c\u00f3 thi\u1ebft k\u1ebf nh\u1ecf g\u1ecdn, vu\u00f4ng v\u1eafn ph\u00f9 h\u1ee3p \u0111\u1ec3 l\u1eafp \u0111\u1eb7t tr\u1ef1c ti\u1ebfp d\u01b0\u1edbi ch\u1eadu r\u1eeda, trong t\u1ee7 Inox.<\/p>\n<h4><b>Kh\u00f4ng d\u00f9ng \u0111i\u1ec7n v\u00e0 kh\u00f4ng n\u01b0\u1edbc th\u1ea3i<\/b><\/h4>\n<p>M\u00e1y l\u1ecdc n\u01b0\u1edbc Nano Geyser Ecotar 3 kh\u00f4ng c\u1ea7n d\u00f9ng \u0111i\u1ec7n, kh\u00f4ng n\u01b0\u1edbc th\u1ea3i \u0111\u1ea3m b\u1ea3o ti\u1ebft ki\u1ec7m kh\u00f4ng gian v\u00e0 gi\u1ea3m chi ph\u00ed s\u1eed d\u1ee5ng c\u1ee7a gia \u0111\u00ecnh.<\/p>\n<h4><b>L\u1ecdc th\u00f4ng minh, s\u1ea1ch t\u1ea1p ch\u1ea5t nh\u01b0ng v\u1eabn \u0111\u1ea3m b\u1ea3o gi\u00e0u canxi v\u00e0 kho\u00e1ng ch\u1ea5t thi\u00ean nhi\u00ean<\/b><\/h4>\n<p>L\u00f5i Aragon c\u00f3 c\u01a1 ch\u1ebf t\u1ea1o kho\u00e1ng t\u1ef1 nhi\u00ean v\u00e0 gi\u1eef l\u1ea1i nh\u1eefng kho\u00e1ng ch\u1ea5t thi\u1ebft y\u1ebfu cho c\u01a1 th\u1ec3 c\u00f3 s\u1eb5n trong ngu\u1ed3n n\u01b0\u1edbc.<\/p>\n<h4><strong>Lo\u1ea1i b\u1ecf kim lo\u1ea1i n\u1eb7ng nh\u01b0 ch\u00ec, s\u1eaft, th\u1ee7y ng\u00e2n,\u2026 hi\u1ec7u qu\u1ea3<\/strong><\/h4>\n<p>M\u00e1y l\u1ecdc n\u01b0\u1edbc nano Geyser Ecotar 3 \u1ee9ng d\u1ee5ng c\u00f4ng ngh\u1ec7 v\u1eadt li\u1ec7u \u0111a n\u0103ng, k\u1ebf th\u1eeba nh\u1eefng \u01b0u \u0111i\u1ec3m c\u1ee7a c\u00e1c s\u1ea3n ph\u1ea9m tr\u01b0\u1edbc, l\u00e0 b\u01b0\u1edbc \u0111\u1ed9t ph\u00e1 c\u1ee7a t\u1eadp \u0111o\u1ea1n Geyser.<\/p>\n<h3><strong>Ki\u1ec3m tra ch\u00ednh h\u00e3ng<\/strong><\/h3>\n<p>X\u00e1c \u0111\u1ecbnh M\u00e1y l\u1ecdc n\u01b0\u1edbc nano <strong>Geyser Ecotar 3<\/strong>\u00a0ch\u00ednh h\u00e3ng qua c\u00e1c c\u00e1ch:<\/p>\n<ul>\n<li>M\u00e1y ph\u1ea3i \u0111\u01b0\u1ee3c mua t\u1eeb nh\u00e0 ph\u00e2n ph\u1ed1i \u0111\u1ed9c quy\u1ec1n m\u00e1y l\u1ecdc n\u01b0\u1edbc Geyser l\u00e0 Living Home VietNam.<\/li>\n<li>Tr\u00ean m\u00e1y c\u00f3 ghi r\u00f5 r\u00e0ng model c\u1ee7a s\u1ea3n ph\u1ea9m<\/li>\n<\/ul>\n<p>&nbsp;<\/p>\n<figure id=\"attachment_66060\" aria-describedby=\"caption-attachment-66060\" style=\"width: 1020px\" class=\"wp-caption alignnone\"><img loading=\"lazy\" decoding=\"async\" class=\"size-large wp-image-66060\" src=\"https:\/\/livinghome.vn\/thiet-bi\/wp-content\/uploads\/loc-nuoc\/geyser\/may-loc-nuoc-nano-geyser\/may-loc-nuoc-nano-geyser-ecotar-3\/may-loc-nuoc-nano-geyser-ecotar-3-8-1068x800.jpg\" alt=\"M\u00e1y l\u1ecdc n\u01b0\u1edbc nano Geyser Ecotar 3 - made in Russia\" width=\"1020\" height=\"764\" title=\"\"><figcaption id=\"caption-attachment-66060\" class=\"wp-caption-text\">M\u00e1y l\u1ecdc n\u01b0\u1edbc nano Geyser Ecotar 3 ch\u00ednh h\u00e3ng<\/figcaption><\/figure>\n<ul>\n<li>C\u00f3 \u0111\u1ea7y \u0111\u1ee7 ch\u1ee9ng nh\u1eadn CO, CQ \u0111i k\u00e8m do Geyser LB Nga cung c\u1ea5p.<\/li>\n<li>Tr\u00ean th\u00e2n m\u00e1y l\u1ecdc n\u01b0\u1edbc Nano Geyser Ecotar 3 c\u00f3 s\u1ed1 series, xu\u1ea5t x\u1ee9 s\u1ea3n ph\u1ea9m \u1ee9ng v\u1edbi gi\u1ea5y ch\u1ee9ng nh\u1eadn<\/li>\n<li>C\u00e0o s\u1ed1 seri tr\u00ean tem b\u1ea3o h\u00e0nh \u0111i\u1ec7n t\u1eed c\u1ee7a m\u00e1y l\u1ecdc n\u01b0\u1edbc nano<b>\u00a0Ecotar 3<\/b>\u00a0g\u1eedi v\u1ec1 8137 theo c\u00fa ph\u00e1p: XT s\u1ed1 seri \u0111\u1ec3 k\u00edch ho\u1ea1t b\u1ea3o h\u00e0nh tr\u1ecdn \u0111\u1eddi.<\/li>\n<\/ul>\n<figure id=\"attachment_66052\" aria-describedby=\"caption-attachment-66052\" style=\"width: 800px\" class=\"wp-caption alignnone\"><img loading=\"lazy\" decoding=\"async\" class=\"size-large wp-image-66052\" src=\"https:\/\/livinghome.vn\/thiet-bi\/wp-content\/uploads\/loc-nuoc\/geyser\/may-loc-nuoc-nano-geyser\/may-loc-nuoc-nano-geyser-ecotar-3\/may-loc-nuoc-nano-geyser-ecotar-3-10-800x800.jpg\" alt=\"M\u00e1y l\u1ecdc n\u01b0\u1edbc nano Geyser Ecotar 3 - made in Russia\" width=\"800\" height=\"800\" title=\"\"><figcaption id=\"caption-attachment-66052\" class=\"wp-caption-text\">Tem b\u1ea3o h\u00e0nh ch\u00ednh h\u00e3ng tr\u00ean thi\u1ebft b\u1ecb<\/figcaption><\/figure>\n<ul>\n<li>Check m\u00e3 QR code tr\u00ean v\u1ecf h\u1ed9p v\u00e0 t\u1eebng l\u00f5i l\u1ecdc \u0111\u1ec3 x\u00e1c \u0111\u1ecbnh m\u00e1y l\u1ecdc n\u01b0\u1edbc Geyser ch\u00ednh h\u00e3ng<\/li>\n<\/ul>\n<h3><strong>So s\u00e1nh Ecotar 3 v\u1edbi c\u00e1c model kh\u00e1c<\/strong><\/h3>\n<h4><strong>Geyser Ecotar 3 so v\u1edbi Ecotar 4<\/strong><\/h4>\n<p><b>Gi\u1ed1ng nhau\u00a0<\/b><\/p>\n<p>M\u00e1y l\u1ecdc n\u01b0\u1edbc nano Geyser Ecotar 3 v\u00e0 Ecotar 4 \u0111\u1ec1u \u0111\u01b0\u1ee3c nh\u1eadp kh\u1ea9u nguy\u00ean chi\u1ebfc t\u1eeb Li\u00ean Bang Nga. C\u1ea3 2 m\u00e1y \u0111\u1ec1u s\u1eed d\u1ee5ng 3 l\u00f5i l\u1ecdc, ch\u1ea5t l\u01b0\u1ee3ng, k\u00edch th\u01b0\u1edbc, ki\u1ec3u d\u00e1ng, v\u1eadn h\u00e0nh,\u2026 t\u01b0\u01a1ng \u0111\u01b0\u01a1ng nhau.<\/p>\n<p><b>Kh\u00e1c nhau\u00a0<\/b><\/p>\n<p>\u0110i\u1ec3m kh\u00e1c bi\u1ec7t c\u1ee7a M\u00e1y l\u1ecdc n\u01b0\u1edbc nano Geyser Ecotar 3<b>\u00a0<\/b>v\u00e0 Ecotar 4 l\u00e0 ph\u1ea7n l\u00f5i l\u1ecdc th\u1ee9 3: Geyser Ecotar 3 s\u1eed d\u1ee5ng l\u00f5i l\u1ecdc BAF Ecotar gi\u00fap n\u01b0\u1edbc c\u00f3 v\u1ecb ngon h\u01a1n. Trong khi \u0111\u00f3 Geyser Ecotar 4 s\u1eed d\u1ee5ng l\u00f5i l\u1ecdc l\u00f5i Disruptor c\u00f3 kh\u1ea3 di\u1ec7t khu\u1ea9n t\u1ed1t h\u01a1n so v\u1edbi model 3.<\/p>\n<h4><strong>Geyser Ecotar 3 so v\u1edbi model l\u1eafp r\u00e1p li\u00ean doanh<\/strong><\/h4>\n<p><b>M\u00e1y l\u1ecdc n\u01b0\u1edbc Nano Geyser Ecotar 3\u00a0<\/b>c\u00f3 nhi\u1ec1u \u01b0u \u0111i\u1ec3m v\u01b0\u1ee3t tr\u1ed9i h\u01a1n so v\u1edbi model l\u1eafp r\u00e1p li\u00ean doanh b\u1eb1ng vi\u1ec7c t\u00edch h\u1ee3p nhi\u1ec1u c\u00f4ng ngh\u1ec7 l\u1ecdc ch\u1ec9 trong 1 l\u00f5i l\u1ecdc. \u0110\u1eb7c bi\u1ec7t, vi\u1ec7c ch\u1ec9 s\u1eed d\u1ee5ng 3 l\u00f5i l\u1ecdc n\u00ean m\u00e1y c\u0169ng c\u00f3 thi\u1ebft k\u1ebf nh\u1ecf g\u1ecdn h\u01a1n, d\u1ec5 d\u00e0ng l\u1eafp \u0111\u1eb7t, ti\u1ebft ki\u1ec7m t\u00e0i nguy\u00ean n\u01b0\u1edbc v\u00e0 \u0111i\u1ec7n n\u0103ng.<\/p>\n<p><b>Geyser Ecotar 3<\/b>\u00a0l\u00e0 d\u00f2ng m\u00e1y b\u00e1n ch\u1ea1y h\u00e0ng \u0111\u1ea7u c\u1ee7a GEYSER Li\u00ean Bang Nga. S\u1ea3n ph\u1ea9m ch\u1eafc ch\u1eafn s\u1ebd \u0111em l\u1ea1i cho kh\u00e1ch h\u00e0ng m\u1ed9t ngu\u1ed3n n\u01b0\u1edbc trong l\u00e0nh, \u0111\u1ea3m b\u1ea3o an to\u00e0n v\u00e0 n\u00e2ng cao s\u1ee9c kh\u1ecfe c\u1ee7a ng\u01b0\u1eddi d\u00f9ng.<\/p>\n<p>M\u00e1y l\u1ecdc n\u01b0\u1edbc l\u1eafp r\u00e1p t\u1ea1i Vi\u1ec7t Nam th\u01b0\u1eddng c\u00f3 t\u1eeb 3 \u0111\u1ebfn 8 l\u00f5i, trong khi \u0111\u00f3 Geyser Ecotar 3 ch\u1ec9 v\u1edbi 3 l\u00f5i t\u1ed1i \u01b0u nh\u01b0ng \u0111\u01b0\u1ee3c t\u00edch h\u1ee3p nhi\u1ec1u c\u01a1 ch\u1ebf th\u00f4ng minh, n\u00e2ng cao hi\u1ec7u qu\u1ea3 l\u1ecdc.<\/p>\n<h3><strong>S\u01a1 \u0111\u1ed3 l\u1eafp \u0111\u1eb7t<\/strong><\/h3>\n<p>&nbsp;<\/p>\n<figure id=\"attachment_66061\" aria-describedby=\"caption-attachment-66061\" style=\"width: 800px\" class=\"wp-caption alignnone\"><img loading=\"lazy\" decoding=\"async\" class=\"size-large wp-image-66061\" src=\"https:\/\/livinghome.vn\/thiet-bi\/wp-content\/uploads\/loc-nuoc\/geyser\/may-loc-nuoc-nano-geyser\/may-loc-nuoc-nano-geyser-ecotar-3\/may-loc-nuoc-nano-geyser-ecotar-3-5-800x800.jpg\" alt=\"M\u00e1y l\u1ecdc n\u01b0\u1edbc nano Geyser Ecotar 3 - made in Russia\" width=\"800\" height=\"800\" title=\"\"><figcaption id=\"caption-attachment-66061\" class=\"wp-caption-text\">S\u01a1 \u0111\u1ed3 l\u1ecdc n\u01b0\u1edbc M\u00e1y l\u1ecdc n\u01b0\u1edbc nano Geyser Ecotar 3<\/figcaption><\/figure>\n<p>&nbsp;<\/p>\n<figure id=\"attachment_66054\" aria-describedby=\"caption-attachment-66054\" style=\"width: 1020px\" class=\"wp-caption alignnone\"><img loading=\"lazy\" decoding=\"async\" class=\"size-large wp-image-66054\" src=\"https:\/\/livinghome.vn\/thiet-bi\/wp-content\/uploads\/loc-nuoc\/geyser\/may-loc-nuoc-nano-geyser\/may-loc-nuoc-nano-geyser-ecotar-3\/may-loc-nuoc-nano-geyser-ecotar-3-9-1068x800.jpg\" alt=\"M\u00e1y l\u1ecdc n\u01b0\u1edbc nano Geyser Ecotar 3 - made in Russia\" width=\"1020\" height=\"764\" title=\"\"><figcaption id=\"caption-attachment-66054\" class=\"wp-caption-text\">H\u00ecnh \u1ea3nh th\u1ef1c t\u1ebf c\u1ee7a m\u00e1y l\u1ecdc n\u01b0\u1edbc nano Geyser Ecotar 3<\/figcaption><\/figure>\n<p>&nbsp;<\/p>\n<p>&nbsp;<\/p>\n","protected":false},"excerpt":{"rendered":"<p style=\"text-align: left;\"><strong>M\u00e1y l\u1ecdc n\u01b0\u1edbc nano Geyser Ecotar 3<\/strong> made in Russia model 2018 \u0111\u01b0\u1ee3c s\u1ea3n xu\u1ea5t ri\u00eang cho ngu\u1ed3n n\u01b0\u1edbc Vi\u1ec7t Nam \u2013 kh\u00f4ng d\u00f9ng \u0111i\u1ec7n kh\u00f4ng n\u01b0\u1edbc th\u1ea3i, n\u01b0\u1edbc sau l\u1ecdc u\u1ed1ng tr\u1ef1c ti\u1ebfp kh\u00f4ng c\u1ea7n \u0111un s\u00f4i.<\/p>\n","protected":false},"featured_media":3723,"comment_status":"open","ping_status":"closed","template":"","meta":[],"product_brand":[],"product_cat":[399,412,413],"product_tag":[417,404,423,429],"class_list":{"0":"post-3583","1":"product","2":"type-product","3":"status-publish","4":"has-post-thumbnail","6":"product_cat-may-loc-nuoc","7":"product_cat-may-loc-nuoc-geyser","8":"product_cat-thuong-hieu-geyser","9":"product_tag-geyser","10":"product_tag-may-loc-nuoc","11":"product_tag-may-loc-nuoc-geyser","12":"product_tag-may-loc-nuoc-nano","14":"first","15":"instock","16":"shipping-taxable","17":"purchasable","18":"product-type-simple"},"_links":{"self":[{"href":"https:\/\/livinghome.vn\/thiet-bi\/wp-json\/wp\/v2\/product\/3583","targetHints":{"allow":["GET"]}}],"collection":[{"href":"https:\/\/livinghome.vn\/thiet-bi\/wp-json\/wp\/v2\/product"}],"about":[{"href":"https:\/\/livinghome.vn\/thiet-bi\/wp-json\/wp\/v2\/types\/product"}],"replies":[{"embeddable":true,"href":"https:\/\/livinghome.vn\/thiet-bi\/wp-json\/wp\/v2\/comments?post=3583"}],"wp:featuredmedia":[{"embeddable":true,"href":"https:\/\/livinghome.vn\/thiet-bi\/wp-json\/wp\/v2\/media\/3723"}],"wp:attachment":[{"href":"https:\/\/livinghome.vn\/thiet-bi\/wp-json\/wp\/v2\/media?parent=3583"}],"wp:term":[{"taxonomy":"product_brand","embeddable":true,"href":"https:\/\/livinghome.vn\/thiet-bi\/wp-json\/wp\/v2\/product_brand?post=3583"},{"taxonomy":"product_cat","embeddable":true,"href":"https:\/\/livinghome.vn\/thiet-bi\/wp-json\/wp\/v2\/product_cat?post=3583"},{"taxonomy":"product_tag","embeddable":true,"href":"https:\/\/livinghome.vn\/thiet-bi\/wp-json\/wp\/v2\/product_tag?post=3583"}],"curies":[{"name":"wp","href":"https:\/\/api.w.org\/{rel}","templated":true}]}}