{"id":358,"date":"2023-01-12T10:07:06","date_gmt":"2023-01-12T10:07:06","guid":{"rendered":"https:\/\/livinghome.vn\/thiet-bi\/?post_type=product&#038;p=358"},"modified":"2024-11-29T14:21:05","modified_gmt":"2024-11-29T07:21:05","slug":"lo-nuong-dmestik-dm706ov-70-lit-kinh-den-sang-trong","status":"publish","type":"product","link":"https:\/\/livinghome.vn\/thiet-bi\/lo-nuong-dmestik-dm706ov-70-lit-kinh-den-sang-trong\/","title":{"rendered":"L\u00f2 n\u01b0\u1edbng Dmestik DM706OV 70 l\u00edt k\u00ednh \u0111en sang tr\u1ecdng"},"content":{"rendered":"<h2><strong>L\u00f2 n\u01b0\u1edbng Dmestik DM706OV 70 l\u00edt v\u1edbi thi\u1ebft k\u1ebf hi\u1ec7n \u0111\u1ea1i, cao c\u1ea5p v\u00e0 an to\u00e0n, m\u00e0u \u0111en k\u00ednh tinh t\u1ebf, \u0111a d\u1ea1ng ch\u1ee9c n\u0103ng n\u01b0\u1edbng hi\u1ec7n \u0111\u1ea1i v\u00e0 s\u1ebd l\u00e0 tr\u1ee3 th\u1ee7 \u0111\u1eafc l\u1ef1c trong c\u0103n b\u1ebfp gia \u0111\u00ecnh b\u1ea1n.<\/strong><\/h2>\n<h3>Gi\u1edbi thi\u1ec7u s\u1ea3n ph\u1ea9m<\/h3>\n<ul>\n<li>Ph\u00e2n lo\u1ea1i :<a href=\"https:\/\/livinghome.vn\/thiet-bi\/lo-nuong-am\/\"> L\u00f2 n\u01b0\u1edbng<\/a> Dmestik DM706OV<\/li>\n<li>Ch\u1ea5t li\u1ec7u: Th\u00e9p kh\u00f4ng r\u1ec9 v\u00e0 k\u00ednh \u0111en<\/li>\n<li>Th\u1eddi gian v\u00e0 \u0111i\u1ec1u khi\u1ec3n nhi\u1ec7t t\u0129nh<\/li>\n<li>H\u1ec7 th\u1ed1ng \u0111i\u1ec1u khi\u1ec3n b\u1eb1ng tay<\/li>\n<li>H\u1ec7 th\u1ed1ng l\u00e0m m\u00e1t m\u00e1y khi \u0111\u00e3 n\u01b0\u1edbng xong<\/li>\n<li>Khoang c\u00f3 l\u01b0\u1edbi chuy\u1ec3n \u0111\u1ed9ng d\u1ec5 d\u00e0ng<\/li>\n<li>Trong v\u00e0 ngo\u00e0i c\u00f3 \u0111\u00e8n hi\u1ec3n th\u1ecb b\u00e1o ch\u00edn.<\/li>\n<li>\u0110\u00e8n chi\u1ebfu s\u00e1ng, R\u00e3 \u0111\u00f4ng, \u0110\u1ed1i l\u01b0u<\/li>\n<\/ul>\n<p>L\u00f2 \u0111\u01b0\u1ee3c Dmestik DM706OV trang b\u1ecb \u0111\u1ea7y \u0111\u1ee7 c\u00e1c n\u0103ng n\u01b0\u1edbng t\u1ef1 \u0111\u1ed9ng \u0111\u1ed1i v\u1edbi c\u00e1c th\u1ef1c ph\u1ea9m nh\u1ea5t \u0111\u1ecbnh gi\u00fap vi\u1ec7c n\u1ea5u n\u01b0\u1edbng c\u1ee7a gia \u0111\u00ecnh b\u1ea1n \u0111\u01a1n gi\u1ea3n h\u01a1n r\u1ea5t nhi\u1ec1u. C\u00f3 th\u1ec3 l\u1ef1a ch\u1ecdn n\u01b0\u1edbng pizza, th\u1ecbt, b\u00e1nh m\u00ec, g\u00e0, l\u00e0m b\u00e1nh&#8230;hay n\u01b0\u1edbng song song c\u00e1c th\u1ef1c ph\u1ea9m b\u1edfi dung t\u00edch khoang c\u1ef1c l\u1edbn (70l).<\/p>\n<figure id=\"attachment_56006\" aria-describedby=\"caption-attachment-56006\" style=\"width: 800px\" class=\"wp-caption aligncenter\"><img loading=\"lazy\" decoding=\"async\" class=\"wp-image-56006 size-large\" src=\"https:\/\/livinghome.vn\/thiet-bi\/wp-content\/uploads\/nha-bep\/dmestik\/lo-nuong\/lo-nuong-dmestik-dm706Ov\/lo-nuong-dmestik-dm706Ov-1-800x800.jpg\" alt=\"L\u00f2 n\u01b0\u1edbng Dmestik DM706OV 70 l\u00edt, k\u00ednh \u0111en sang tr\u1ecdng\" width=\"800\" height=\"800\" title=\"\"><figcaption id=\"caption-attachment-56006\" class=\"wp-caption-text\">L\u00f2 n\u01b0\u1edbng Dmestik DM706OV 70 l\u00edt, k\u00ednh \u0111en sang tr\u1ecdng<\/figcaption><\/figure>\n<p>L\u00f2 \u0111\u01b0\u1ee3c trang b\u1ecb c\u00e1c t\u00ednh n\u0103ng an to\u00e0n b\u1ea3o v\u1ec7 b\u1ea1n v\u00e0 gia \u0111\u00ecnh khi s\u1eed d\u1ee5ng: h\u1ec7 th\u1ed1ng t\u1ef1 \u0111\u1ed9ng ng\u1eaft \u0111i\u1ec7n khi m\u1edf c\u1eeda l\u00f2 tr\u00e1nh t\u1ecfa nhi\u1ec7t l\u01b0\u1ee3ng qu\u00e1 cao v\u00e0o ng\u01b0\u1eddi s\u1eed d\u1ee5ng, kh\u00f3a tr\u1ebb em \u201c\u0111\u00f3ng b\u0103ng\u201d c\u00e1c \u0111i\u1ec1u khi\u1ec3n b\u1ea1n v\u1eeba thi\u1ebft l\u1eadp cho t\u1edbi khi m\u1edf kh\u00f3a ho\u1eb7c k\u1ebft th\u00fac qu\u00e1 tr\u00ecnh n\u01b0\u1edbng n\u00ean c\u00e1c b\u00e9 kh\u00f4ng th\u1ec3 ngh\u1ecbch ng\u1ee3m g\u00e2y nguy hi\u1ec3m.<\/p>\n<p>Thi\u1ebft k\u1ebf c\u1eeda k\u00ednh c\u01b0\u1eddng l\u1ef1c ch\u1ecbu l\u1ef1c gi\u1eef nhi\u1ec7t t\u1ed1t, \u0111\u1ea3m b\u1ea3o an to\u00e0n. B\u1ec1 ngo\u00e0i s\u00e1ng b\u00f3ng ch\u1ed1ng b\u00e1m b\u1ea9n, d\u1ec5 d\u00e0ng v\u1ec7 sinh b\u1eb1ng kh\u0103n s\u1ea1ch.<\/p>\n<h3>Th\u00f4ng s\u1ed1 k\u1ef9 thu\u1eadt<\/h3>\n<ul>\n<li>C\u00f4ng su\u1ea5t t\u1ed1i \u0111a: 2200W<\/li>\n<li>\u0110i\u1ec7n \u00e1p (V): 220-240V<\/li>\n<li>T\u1ea7n s\u1ed1 (Hz): 50-60Hz<\/li>\n<li>Ti\u00eau chu\u1ea9n n\u0103ng l\u01b0\u1ee3ng: A<\/li>\n<li>Nhi\u1ec7t \u0111\u1ed9: 50-250\u00b0C<\/li>\n<li>Tr\u1ecdng l\u01b0\u1ee3ng c\u1ea3 bao b\u00ec: 32kg<\/li>\n<li>Dung t\u00edch khoang: 70l<\/li>\n<li>Ch\u01b0\u01a1ng tr\u00ecnh: 5 ch\u1ebf \u0111\u1ed9 n\u01b0\u1edbng<\/li>\n<li>K\u00edch th\u01b0\u1edbc s\u1ea3n ph\u1ea9m: D595mm x R568mm x C595mm<\/li>\n<li>K\u00edch th\u01b0\u1edbc h\u1ed9c t\u1ee7: D560mm x S560mm x C600mm<\/li>\n<li>K\u00edch th\u01b0\u1edbc g\u00f3i: D675mm x R645mm x C655mm<\/li>\n<li>Ph\u1ee5 ki\u1ec7n: 1 khay n\u01b0\u1edbng, 1 gi\u00e1 \u0111\u1ee1<\/li>\n<li>\u0110i\u1ec1u khi\u1ec3n:\u00a0 N\u00fam xoay<\/li>\n<\/ul>\n","protected":false},"excerpt":{"rendered":"<p style=\"text-align: center;\">C\u00f4ng su\u1ea5t t\u1ed1i \u0111a: 2200W<\/p>\n<p style=\"text-align: center;\">Nhi\u1ec7t \u0111\u1ed9: 50-250\u00b0C<\/p>\n<p style=\"text-align: center;\">Tr\u1ecdng l\u01b0\u1ee3ng c\u1ea3 bao b\u00ec: 32kg<\/p>\n<p style=\"text-align: center;\">Dung t\u00edch khoang: 70l<\/p>\n<p style=\"text-align: center;\">Ch\u01b0\u01a1ng tr\u00ecnh: 5 ch\u1ebf \u0111\u1ed9 n\u01b0\u1edbng<\/p>\n<p style=\"text-align: center;\">\n","protected":false},"featured_media":410,"comment_status":"open","ping_status":"closed","template":"","meta":[],"product_brand":[],"product_cat":[95,72],"product_tag":[74,96,97],"class_list":{"0":"post-358","1":"product","2":"type-product","3":"status-publish","4":"has-post-thumbnail","6":"product_cat-lo-nuong","7":"product_cat-thuong-hieu-dmestik","8":"product_tag-dmestik","9":"product_tag-lo-nuong","10":"product_tag-lo-nuong-dmestik","12":"first","13":"instock","14":"sale","15":"shipping-taxable","16":"purchasable","17":"product-type-simple"},"_links":{"self":[{"href":"https:\/\/livinghome.vn\/thiet-bi\/wp-json\/wp\/v2\/product\/358","targetHints":{"allow":["GET"]}}],"collection":[{"href":"https:\/\/livinghome.vn\/thiet-bi\/wp-json\/wp\/v2\/product"}],"about":[{"href":"https:\/\/livinghome.vn\/thiet-bi\/wp-json\/wp\/v2\/types\/product"}],"replies":[{"embeddable":true,"href":"https:\/\/livinghome.vn\/thiet-bi\/wp-json\/wp\/v2\/comments?post=358"}],"wp:featuredmedia":[{"embeddable":true,"href":"https:\/\/livinghome.vn\/thiet-bi\/wp-json\/wp\/v2\/media\/410"}],"wp:attachment":[{"href":"https:\/\/livinghome.vn\/thiet-bi\/wp-json\/wp\/v2\/media?parent=358"}],"wp:term":[{"taxonomy":"product_brand","embeddable":true,"href":"https:\/\/livinghome.vn\/thiet-bi\/wp-json\/wp\/v2\/product_brand?post=358"},{"taxonomy":"product_cat","embeddable":true,"href":"https:\/\/livinghome.vn\/thiet-bi\/wp-json\/wp\/v2\/product_cat?post=358"},{"taxonomy":"product_tag","embeddable":true,"href":"https:\/\/livinghome.vn\/thiet-bi\/wp-json\/wp\/v2\/product_tag?post=358"}],"curies":[{"name":"wp","href":"https:\/\/api.w.org\/{rel}","templated":true}]}}