{"id":3579,"date":"2023-01-12T18:16:06","date_gmt":"2023-01-12T18:16:06","guid":{"rendered":"https:\/\/livinghome.vn\/thiet-bi\/?post_type=product&#038;p=3579"},"modified":"2024-11-29T14:20:18","modified_gmt":"2024-11-29T07:20:18","slug":"may-loc-nuoc-ion-kiem-geyser-vuoxa-i5000-giau-hydro","status":"publish","type":"product","link":"https:\/\/livinghome.vn\/thiet-bi\/may-loc-nuoc-ion-kiem-geyser-vuoxa-i5000-giau-hydro\/","title":{"rendered":"M\u00e1y l\u1ecdc n\u01b0\u1edbc ion ki\u1ec1m Geyser Vuoxa i5000 gi\u00e0u hydro"},"content":{"rendered":"<h2><strong>S\u1ea3n ph\u1ea9m M\u00e1y l\u1ecdc n\u01b0\u1edbc ion ki\u1ec1m Geyser Vuoxa i5000 gi\u00e0u hydrogen v\u00e0 nh\u1eefng t\u00ednh n\u0103ng khu\u1ea5y \u0111\u1ea3o th\u1ecb tr\u01b0\u1eddng<\/strong><\/h2>\n<p>M\u00e1y l\u1ecdc n\u01b0\u1edbc ion ki\u1ec1m Geyser Vuoxa i5000 l\u1ecdc n\u01b0\u1edbc \u0103n u\u1ed1ng tr\u1ef1c ti\u1ebfp v\u1edbi c\u00f4ng ngh\u1ec7 nano t\u1ed5ng h\u1ee3p 4 in 1 Plus th\u1ebf h\u1ec7 m\u1edbi nh\u1ea5t c\u1ee7a Geyser, \u0111\u01b0\u1ee3c c\u1ea5p Patent, gi\u1eef v\u00e0 t\u0103ng c\u01b0\u1eddng h\u1ea5p th\u1ee5 kho\u00e1ng ch\u1ea5t canxi Aragonite t\u1ed1t cho c\u01a1 th\u1ec3, B\u1ed9 l\u1ecdc t\u00e1ch r\u1eddi, nh\u1ecf g\u1ecdn ti\u00ean ti\u1ebfn nh\u1ea5t hi\u1ec7n nay, an to\u00e0n tuy\u1ec7t \u0111\u1ed1i v\u00e0 d\u1ec5 d\u00e0ng thay th\u1ebf, l\u1eafp \u0111\u1eb7t.<\/p>\n<p>N\u01b0\u1edbc u\u1ed1ng c\u00f3 t\u00ednh ki\u1ec1m cao t\u1ed1t cho h\u1ec7 ti\u00eau h\u00f3a, gi\u00e0u hydro gi\u00fap ch\u1ed1ng g\u1ed1c t\u1ef1 do m\u1ea1nh m\u1ebd, \u0111i\u1ec1u khi\u1ec3n c\u1ea3m \u1ee9ng m\u1ed9t ch\u1ea1m th\u00f4ng minh, thi\u1ebft k\u1ebf sang tr\u1ecdng, \u0111i\u1ec1u khi\u1ec3n th\u00f4ng minh nh\u1edd c\u00f4ng ngh\u1ec7 Chip Hi-Tech th\u1ebf h\u1ec7 m\u1edbi nh\u1ea5t, 5 t\u1ea5m \u0111i\u1ec7n c\u1ef1c.<\/p>\n<h3><strong>Th\u00f4ng s\u1ed1 k\u1ef9 thu\u1eadt<\/strong><\/h3>\n<table>\n<tbody>\n<tr>\n<td>Model<\/td>\n<td>i5000<\/td>\n<\/tr>\n<tr>\n<td>C\u00f4ng ngh\u1ec7<\/td>\n<td>L\u1ecdc Nano 4 in 1 Plus + \u0110i\u1ec7n gi\u1ea3i n\u01b0\u1edbc<\/td>\n<\/tr>\n<tr>\n<td>S\u1ed1 l\u00f5i l\u1ecdc<\/td>\n<td>3 l\u00f5i<\/td>\n<\/tr>\n<tr>\n<td>S\u1ed1 t\u1ea7ng l\u1ecdc<\/td>\n<td>12<\/td>\n<\/tr>\n<tr>\n<td>T\u1ed1c \u0111\u1ed9 l\u1ecdc \u0111\u1ec1 xu\u1ea5t<\/td>\n<td>2-3l\/p<\/td>\n<\/tr>\n<tr>\n<td>Ngu\u1ed3n n\u01b0\u1edbc \u0111\u1ea7u v\u00e0o<\/td>\n<td>N\u01b0\u1edbc m\u00e1y<\/td>\n<\/tr>\n<tr>\n<td>S\u1ed1 l\u01b0\u1ee3ng \u0111i\u1ec7n c\u1ef1c<\/td>\n<td>5 t\u1ea5m \u0111i\u1ec7n c\u1ef1c<\/td>\n<\/tr>\n<tr>\n<td>V\u1eadt li\u1ec7u<\/td>\n<td>\u0110i\u1ec7n c\u1ef1c Titanium ph\u1ee7 Platinum<\/td>\n<\/tr>\n<tr>\n<td>R\u1eeda \u0111i\u1ec7n c\u1ef1c<\/td>\n<td>Double Anti-Scale<\/td>\n<\/tr>\n<tr>\n<td>Hydrogen(t\u1ed1i \u0111a)<\/td>\n<td>&gt;1.000ppb<\/td>\n<\/tr>\n<tr>\n<td>S\u1ed1 lo\u1ea1i n\u01b0\u1edbc<\/td>\n<td>7(2 axit, 1 trung t\u00ednh, 3 ki\u1ec1m \u0103n u\u1ed1ng, 1 ki\u1ec1m m\u1ea1nh)<\/td>\n<\/tr>\n<tr>\n<td>\u0110i\u1ec7n \u00e1p<\/td>\n<td>220V<\/td>\n<\/tr>\n<tr>\n<td>C\u00f4ng su\u1ea5t \u0111i\u1ec7n<\/td>\n<td>160W<\/td>\n<\/tr>\n<tr>\n<td>K\u00edch th\u01b0\u1edbc<\/td>\n<td>471\u339c(H)\u00d7284\u339c(W)\u00d7135\u339c(D)<\/td>\n<\/tr>\n<tr>\n<td>C\u00e2n n\u1eb7ng<\/td>\n<td>6.5kg<\/td>\n<\/tr>\n<tr>\n<td>Tu\u1ed5i th\u1ecd l\u00f5i l\u1ecdc(t\u1ed1i \u0111a)(*)<\/td>\n<td>10.000l\/12 th\u00e1ng<\/td>\n<\/tr>\n<tr>\n<td>T\u1ef7 l\u1ec7 l\u1ecdc : Th\u1ea3i(*)<\/td>\n<td>~6:4<\/td>\n<\/tr>\n<tr>\n<td>L\u1eafp \u0111\u1eb7t<\/td>\n<td>\u0110\u1ec3 b\u00e0n<\/td>\n<\/tr>\n<tr>\n<td>\u00c1p l\u1ef1c n\u01b0\u1edbc c\u1ea5p<\/td>\n<td>98 kPa ~ 686 kPa<\/td>\n<\/tr>\n<tr>\n<td>Nhi\u1ec7t \u0111\u1ed9 n\u01b0\u1edbc c\u1ea5p<\/td>\n<td>4oC-30oC<\/td>\n<\/tr>\n<tr>\n<td>Th\u01b0\u01a1ng hi\u1ec7u<\/td>\n<td>Ch\u00e2u \u00c2u<\/td>\n<\/tr>\n<tr>\n<td>N\u01a1i s\u1ea3n xu\u1ea5t b\u1ed9 l\u1ecdc<\/td>\n<td>LB Nga<\/td>\n<\/tr>\n<tr>\n<td>N\u01a1i s\u1ea3n xu\u1ea5t b\u1ed9 \u0111i\u1ec7n gi\u1ea3i<\/td>\n<td>H\u00e0n Qu\u1ed1c<\/td>\n<\/tr>\n<tr>\n<td>Ch\u1ee9ng nh\u1eadn n\u1ed5i b\u1eadt<\/td>\n<td>EAC, FDA<\/td>\n<\/tr>\n<tr>\n<td>Th\u1eddi gian b\u1ea3o h\u00e0nh<\/td>\n<td>3 n\u0103m<\/td>\n<\/tr>\n<tr>\n<td>T\u00ednh n\u0103ng<\/td>\n<td>M\u00c1Y L\u1eccC N\u01af\u1edaC ION KI\u1ec0M \u0110I\u1ec6N GI\u1ea2I VUOXA<\/td>\n<\/tr>\n<\/tbody>\n<\/table>\n<h3><strong>C\u00f4ng ngh\u1ec7 l\u1ecdc<\/strong><\/h3>\n<p>Geyser Vuoxa l\u00e0 d\u00f2ng m\u00e1y l\u1ecdc n\u01b0\u1edbc ion ki\u1ec1m \u0110\u1ea6U TI\u00caN TR\u00caN TH\u1ebe GI\u1edaI t\u00edch h\u1ee3p c\u00f4ng ngh\u1ec7 l\u1ecdc NANO t\u1ed5ng h\u1ee3p 4 in 1 Plus th\u1ebf h\u1ec7 m\u1edbi nh\u1ea5t c\u1ee7a Geyser. B\u00ean c\u1ea1nh \u0111\u00f3,\u00a0 c\u00f2n c\u00f3 th\u00eam c\u00f4ng ngh\u1ec7 C\u00f4ng ngh\u1ec7 Quasi-Softening v\u00e0 c\u00f4ng ngh\u1ec7 gi\u1eef l\u1ea1i kho\u00e1ng ch\u1ea5t c\u00f3 l\u1ee3i th\u1ec3 Aragonite gi\u00fap t\u1ea1o ra ngu\u1ed3n \u201cN\u01b0\u1edbc Kho\u00e1ng Aragonite ion Ki\u1ec1m Gi\u00e0u Hydro\u201d mang l\u1ea1i nh\u1eefng l\u1ee3i \u00edch v\u01b0\u1ee3t tr\u1ed9i cho s\u1ee9c kh\u1ecfe!<\/p>\n<h4><b>C\u00f4ng ngh\u1ec7 t\u1ed5ng h\u1ee3p Aragon 4 in 1(\u0110\u1ed9c quy\u1ec1n Geyser)<\/b><\/h4>\n<p>Sau nhi\u1ec1u n\u0103m nghi\u00ean c\u1ee9u v\u00e0 c\u1ea3i ti\u1ebfn, l\u00f5i l\u1ecdc Aragon t\u00edch h\u1ee3p 4 c\u00f4ng ngh\u1ec7 l\u1ecdc v\u01b0\u1ee3t tr\u1ed9i:<\/p>\n<ul>\n<li aria-level=\"1\">C\u00f4ng ngh\u1ec7 l\u1ecdc n\u01b0\u1edbc b\u1eb1ng khe h\u1edf.<\/li>\n<li aria-level=\"1\">L\u1ecdc n\u01b0\u1edbc b\u1eb1ng trao \u0111\u1ed5i ion gi\u00fap lo\u1ea1i b\u1ecf ph\u00f3ng x\u1ea1, c\u00e1c kim lo\u1ea1i n\u1eb7ng trong n\u01b0\u1edbc.<\/li>\n<li aria-level=\"1\">C\u00f4ng ngh\u1ec7 h\u1ea5p ph\u1ee5: Lo\u1ea1i b\u1ecf d\u01b0 l\u01b0\u1ee3ng thu\u1ed1c b\u1ea3o v\u1ec7 th\u1ef1c v\u1eadt, h\u1eefu c\u01a1, clo v\u00e0 c\u00e1c t\u1ea1p ch\u1ea5t kh\u00e1c trong n\u01b0\u1edbc.<\/li>\n<li aria-level=\"1\">C\u00f4ng ngh\u1ec7 di\u1ec7t khu\u1ea9n: c\u00f4ng ngh\u1ec7 tr\u01b0\u1eddng t\u0129nh \u0111i\u1ec7n k\u1ebft h\u1ee3p v\u1edbi t\u00edch h\u1ee3p nano b\u1ea1c c\u00f3 t\u00e1c d\u1ee5ng ti\u00eau di\u1ec7t 99,99% ho\u00e0n to\u00e0n vi khu\u1ea9n, vi r\u00fat trong n\u01b0\u1edbc b\u1eb1ng c\u00f4ng ngh\u1ec7 ti\u00ean ti\u1ebfn nh\u1ea5t hi\u1ec7n nay.<\/li>\n<\/ul>\n<h4><b>C\u00f4ng ngh\u1ec7 Quasi-Softening ch\u1ed1ng b\u00e1m c\u1eb7n \u0111i\u1ec7n c\u1ef1c v\u01b0\u1ee3t tr\u1ed9i\u00a0<\/b><\/h4>\n<p>C\u00f4ng ngh\u1ec7 \u0111\u1eb7c bi\u1ec7t c\u1ee7a M\u00e1y l\u1ecdc n\u01b0\u1edbc ion ki\u1ec1m Geyser Vuoxa i5000 \u0111\u01b0\u1ee3c c\u1ea5p b\u1eb1ng ph\u00e1t minh s\u00e1ng ch\u1ebf s\u1ed1 2286953 \u0111\u1ed9c quy\u1ec1n c\u1ee7a Geyser LB Nga gi\u00fap m\u00e1y ion ki\u1ec1m c\u00f3 t\u00ednh \u1ed5n \u0111\u1ecbnh v\u00e0 \u0111\u1ed9 b\u1ec1n v\u01b0\u1ee3t tr\u1ed9i khi l\u1eafp \u0111\u1eb7t t\u1ea1i Vi\u1ec7t Nam.<\/p>\n<h4><b>C\u00f4ng ngh\u1ec7 gi\u1eef l\u1ea1i kho\u00e1ng ch\u1ea5t c\u00f3 l\u1ee3i th\u1ec3 Aragonite<\/b><\/h4>\n<p>C\u00f4ng ngh\u1ec7 gi\u1eef l\u1ea1i kho\u00e1ng ch\u1ea5t Aragonite gi\u00fap c\u00e1c kho\u00e1ng ch\u1ea5t canxi \u0111\u01b0\u1ee3c gi\u1eef l\u1ea1i \u1edf d\u1ea1ng c\u1ea5u tr\u00fac tinh th\u1ec3 Aragonite d\u1ec5 d\u00e0ng h\u1ea5p th\u1ee5 v\u00e0o c\u01a1 th\u1ec3, l\u1ee3i \u00edch c\u1ee7a Aragonite \u0111\u00e3 \u0111\u01b0\u1ee3c ki\u1ec3m ch\u1ee9ng b\u1edfi H\u1ecdc Vi\u00ean Qu\u00e2n Y Kirov LB Nga.<\/p>\n<h4><b>B\u1ed9 \u0111i\u1ec7n ph\u00e2n<\/b><\/h4>\n<p>M\u00e1y l\u1ecdc n\u01b0\u1edbc ion ki\u1ec1m Geyser Vuoxa i5000 c\u00f3 b\u1ed9 \u0111i\u1ec7n ph\u00e2n 5 t\u1ea5m \u0111i\u1ec7n c\u1ef1c hi\u1ec7u su\u1ea5t cao t\u00edch h\u1ee3p c\u00f4ng ngh\u1ec7 Double Anti-Scale v\u1edbi v\u1eadt li\u1ec7u \u0111i\u1ec7n c\u1ef1c l\u00e0 Titanium ph\u1ee7 ngo\u00e0i Platinum \u2013 Kim loa\u0323i tr\u01a1 r\u00e2\u0301t quy\u0301 hi\u00ea\u0301m (hi\u00ea\u0301m g\u00e2\u0301p 30 l\u00e2\u0300n va\u0300ng) g\u00e2\u0300n nh\u01b0 kh\u00f4ng pha\u0309n \u01b0\u0301ng v\u01a1\u0301i b\u00e2\u0301t ky\u0300 tha\u0300nh ph\u00e2\u0300n na\u0300o trong n\u01b0\u01a1\u0301c.<\/p>\n<p>M\u00e1y ho\u1ea1t \u0111\u1ed9ng d\u1ef1a tr\u00ean nguy\u00ean l\u00fd \u0111i\u1ec7n ph\u00e2n, t\u00e1ch ph\u00e2n t\u1eed n\u01b0\u1edbc th\u00e0nh d\u1ea1ng ion H v\u00e0 OH- \u0111\u1ec3 lo\u1ea1i b\u1ecf nh\u1eefng t\u1ea1p ch\u1ea5t v\u00e0 vi khu\u1ea9n c\u00f3 h\u1ea1i, \u0111\u1ed3ng th\u1eddi gi\u1eef l\u1ea1i ion ki\u1ec1m t\u1ef1 nhi\u00ean t\u1ed1t cho s\u1ee9c kh\u1ecfe. C\u00f4ng ngh\u1ec7 \u0111i\u1ec7n ph\u00e2n gi\u00fap n\u01b0\u1edbc gi\u1eef nguy\u00ean \u0111\u01b0\u1ee3c c\u00e1c kho\u00e1ng ch\u1ea5t t\u1ef1 nhi\u00ean c\u00f3 l\u1ee3i v\u00e0 \u0111i\u1ec1u ch\u1ec9nh t\u00ednh ki\u1ec1m\/axit cho n\u01b0\u1edbc t\u00f9y theo nhu c\u1ea7u s\u1eed d\u1ee5ng t\u01b0\u01a1ng \u1ee9ng v\u1edbi c\u00e1c gi\u1ea3i pH.<\/p>\n<figure id=\"attachment_66003\" aria-describedby=\"caption-attachment-66003\" style=\"width: 800px\" class=\"wp-caption alignnone\"><img loading=\"lazy\" decoding=\"async\" class=\"size-large wp-image-66003\" src=\"https:\/\/livinghome.vn\/thiet-bi\/wp-content\/uploads\/loc-nuoc\/geyser\/may-loc-nuoc-ion-kiem-geyser\/may-loc-nuoc-ion-kiem-geyser-vuoxa-i5000\/may-loc-nuoc-ion-kiem-geyser-vuoxa-i5000-4-800x800.jpg\" alt=\"M\u00e1y l\u1ecdc n\u01b0\u1edbc ion ki\u1ec1m Geyser Vuoxa i5000 gi\u00e0u hydro\" width=\"800\" height=\"800\" title=\"\"><figcaption id=\"caption-attachment-66003\" class=\"wp-caption-text\">M\u00e1y l\u1ecdc n\u01b0\u1edbc ion ki\u1ec1m Geyser Vuoxa i5000 5 t\u1ea5m \u0111i\u1ec7n c\u1ef1c platinum<\/figcaption><\/figure>\n<h4><b>C\u00f4ng ngh\u1ec7 th\u00f4ng minh Hi-tech Power Chip\u00a0<\/b><\/h4>\n<ul>\n<li aria-level=\"1\">S\u1ea3n xu\u1ea5t n\u01b0\u1edbc ion ki\u1ec1m b\u1eaft \u0111\u1ea7u t\u1eeb ngu\u1ed3n \u0111i\u1ec7n \u1ed5n \u0111\u1ecbnh.<\/li>\n<\/ul>\n<p>Gi\u1eef \u0111i\u1ec7n \u00e1p \u0111\u1ea7u ra th\u00edch h\u1ee3p b\u1eb1ng c\u00e1ch thay \u0111\u1ed5i \u0111i\u1ec7n \u00e1p. AC th\u00e0nh \u0111i\u1ec7n \u00e1p DC v\u00e0 \u0111i\u1ec1u khi\u1ec3n v\u1edbi t\u1ea7n s\u1ed1 cao.<\/p>\n<ul>\n<li aria-level=\"1\">\u00a0Cung c\u1ea5p \u0111i\u1ec7n n\u0103ng \u1ed5n \u0111\u1ecbnh<\/li>\n<\/ul>\n<p>Gi\u1eef cho \u0111\u1eb7c t\u00ednh c\u1ee7a n\u01b0\u1edbc \u1ed5n \u0111\u1ecbnh m\u00e0 kh\u00f4ng c\u00f3 b\u1ea5t k\u1ef3 thay \u0111\u1ed5i n\u00e0o ngay c\u1ea3 khi c\u00f3 d\u00f2ng n\u01b0\u1edbc ch\u1ea3y v\u00e0o<\/p>\n<ul>\n<li aria-level=\"1\">\u1ed4n \u0111\u1ecbnh \u0111i\u1ec7n \u00e1p<\/li>\n<\/ul>\n<p>Gi\u00fap ch\u1eb7n ngu\u1ed3n cung c\u1ea5p \u0111i\u1ec7n khi x\u1ea3y ra qu\u00e1 d\u00f2ng ho\u1eb7c qu\u00e1 \u00e1p<\/p>\n<ul>\n<li aria-level=\"1\">\u00a0Ph\u00f9 h\u1ee3p v\u1edbi kinh t\u1ebf<\/li>\n<\/ul>\n<p>M\u00e1y c\u00f3 m\u1ee9c gi\u00e1 trung b\u00ecnh ph\u00f9 h\u1ee3p v\u1edbi thu nh\u1eadp c\u1ee7a c\u00e1c gia \u0111\u00ecnh c\u00f3 thu nh\u1eadp trung b\u00ecnh tr\u1edf l\u00ean.<\/p>\n<h3><strong>\u0110\u1eb7c t\u00ednh<\/strong><\/h3>\n<p>N\u01b0\u1edbc ion ki\u1ec1m \u0111\u01b0\u1ee3c t\u1ea1o ra t\u1eeb M\u00e1y l\u1ecdc n\u01b0\u1edbc ion ki\u1ec1m Geyser Vuoxa i5000 c\u00f3 c\u00e1c \u0111\u1eb7c t\u00ednh n\u1ed5i b\u1eadt:<\/p>\n<p><b>Gi\u00e0u t\u00ednh ki\u1ec1m t\u1ef1 nhi\u00ean\u00a0<\/b><\/p>\n<p>N\u01b0\u1edbc ion ki\u1ec1m gi\u00e0u t\u00ednh ki\u1ec1m t\u1ef1 nhi\u00ean nh\u01b0 rau xanh, kh\u00e1c v\u1edbi c\u00e1c t\u00ednh ki\u1ec1m nh\u00e2n t\u1ea1o. Tuy nhi\u00ean, kh\u00e1c v\u1edbi c\u00e1c t\u00ednh ki\u1ec1m c\u1ee7a rau xanh ph\u1ea3i qua qu\u00e1 tr\u00ecnh chuy\u1ec3n h\u00f3a, t\u00ednh ki\u1ec1m c\u1ee7a n\u01b0\u1edbc ion ki\u1ec1m \u0111\u01b0\u1ee3c h\u1ea5p th\u1ee5 tr\u1ef1c ti\u1ebfp v\u00e0o c\u01a1 th\u1ec3.<\/p>\n<p><b>C\u00f3 c\u1ea5u tr\u00fac ph\u00e2n t\u1eed n\u01b0\u1edbc nh\u1ecf<\/b><\/p>\n<p>N\u01b0\u1edbc ion ki\u1ec1m c\u00f3 c\u1ea5u tr\u00fac ph\u00e2n t\u1eed si\u00eau nh\u1ecf, nh\u1ecf h\u01a1n r\u1ea5t nhi\u1ec1u so v\u1edbi ph\u00e2n t\u1eed n\u01b0\u1edbc th\u00f4ng th\u01b0\u1eddng. V\u1edbi c\u1ea5u tr\u00fac n\u00e0y, n\u01b0\u1edbc ion ki\u1ec1m gi\u00fap c\u01a1 th\u1ec3 h\u1ea5p thu nhanh ch\u00f3ng, t\u1eeb \u0111\u00f3 thanh l\u1ecdc, gi\u1ea3i \u0111\u1ed9c c\u01a1 th\u1ec3 t\u1ed1t h\u01a1n.<\/p>\n<p><b>Gi\u00e0u vi kho\u00e1ng<\/b><\/p>\n<p>N\u01b0\u1edbc ion ki\u1ec1m th\u01b0\u1eddng ch\u1ee9a c\u00e1c kho\u00e1ng ch\u1ea5t c\u00f3 l\u1ee3i cho s\u1ee9c kh\u1ecfe nh\u01b0 Natri, Canxi, Magie, Kali\u2026\u00a0 v\u1edbi h\u00e0m l\u01b0\u1ee3ng \u1ed5n \u0111\u1ecbnh, ph\u00f9 h\u1ee3p cho c\u01a1 th\u1ec3.<\/p>\n<p><b>Ch\u1ed1ng oxy h\u00f3a\u00a0<\/b><\/p>\n<p>N\u01b0\u1edbc ion ki\u1ec1m ch\u1ee9a Hydrogen l\u00e0 ch\u1ea5t ch\u1ed1ng oxy h\u00f3a m\u1ea1nh c\u00f3 t\u00e1c d\u1ee5ng lo\u1ea1i b\u1ecf c\u00e1c g\u1ed1c t\u1ef1 do, ng\u0103n ng\u1eeba v\u00e0 h\u1ed7 tr\u1ee3 \u0111i\u1ec1u tr\u1ecb c\u00e1c b\u1ec7nh nguy hi\u1ec3m nh\u01b0 ti\u1ec3u \u0111\u01b0\u1eddng, ung th\u01b0, gout, cao huy\u1ebft \u00e1p, tim m\u1ea1ch\u2026<\/p>\n<figure id=\"attachment_66005\" aria-describedby=\"caption-attachment-66005\" style=\"width: 800px\" class=\"wp-caption alignnone\"><img loading=\"lazy\" decoding=\"async\" class=\"size-large wp-image-66005\" src=\"https:\/\/livinghome.vn\/thiet-bi\/wp-content\/uploads\/loc-nuoc\/geyser\/may-loc-nuoc-ion-kiem-geyser\/may-loc-nuoc-ion-kiem-geyser-vuoxa-i5000\/may-loc-nuoc-ion-kiem-geyser-vuoxa-i5000-1-800x800.jpg\" alt=\"M\u00e1y l\u1ecdc n\u01b0\u1edbc ion ki\u1ec1m Geyser Vuoxa i5000 gi\u00e0u hydro\" width=\"800\" height=\"800\" title=\"\"><figcaption id=\"caption-attachment-66005\" class=\"wp-caption-text\">\u0110\u1eb7c t\u00ednh c\u1ee7a M\u00e1y l\u1ecdc n\u01b0\u1edbc ion ki\u1ec1m Geyser Vuoxa i5000<\/figcaption><\/figure>\n<p><b>Kho\u00e1ng canxi tinh th\u1ec3 Aragonite\u00a0<\/b><\/p>\n<p>N\u01b0\u1edbc t\u1eeb M\u00e1y l\u1ecdc n\u01b0\u1edbc ion ki\u1ec1m Geyser Vuoxa i5000 gi\u00e0u kho\u00e1ng ch\u1ea5t canxi \u0111\u01b0\u1ee3c gi\u1eef l\u1ea1i \u1edf d\u1ea1ng c\u1ea5u tr\u00fac tinh th\u1ec3 Aragonite d\u1ec5 d\u00e0ng h\u1ea5p th\u1ee5 v\u00e0o c\u01a1 th\u1ec3, l\u1ee3i \u00edch c\u1ee7a Aragonite \u0111\u00e3 \u0111\u01b0\u1ee3c ki\u1ec3m ch\u1ee9ng b\u1edfi H\u1ecdc Vi\u00ean Qu\u00e2n Y Kirov LB Nga.<\/p>\n<figure id=\"attachment_66006\" aria-describedby=\"caption-attachment-66006\" style=\"width: 800px\" class=\"wp-caption alignnone\"><img loading=\"lazy\" decoding=\"async\" class=\"size-large wp-image-66006\" src=\"https:\/\/livinghome.vn\/thiet-bi\/wp-content\/uploads\/loc-nuoc\/geyser\/may-loc-nuoc-ion-kiem-geyser\/may-loc-nuoc-ion-kiem-geyser-vuoxa-i5000\/may-loc-nuoc-ion-kiem-geyser-vuoxa-i5000-8-800x800.jpg\" alt=\"M\u00e1y l\u1ecdc n\u01b0\u1edbc ion ki\u1ec1m Geyser Vuoxa i5000 gi\u00e0u hydro\" width=\"800\" height=\"800\" title=\"\"><figcaption id=\"caption-attachment-66006\" class=\"wp-caption-text\">M\u00e1y l\u1ecdc n\u01b0\u1edbc ion ki\u1ec1m Geyser Vuoxa i5000 gi\u00e0u kho\u00e1ng Aragonite<\/figcaption><\/figure>\n<h3><strong>L\u1ee3i \u00edch n\u1ed5i b\u1eadt<\/strong><\/h3>\n<p>V\u1edbi c\u00e1c \u0111\u1eb7c t\u00ednh n\u1ed5i b\u1eadt, n\u01b0\u1edbc u\u1ed1ng c\u1ee7a M\u00e1y l\u1ecdc n\u01b0\u1edbc ion ki\u1ec1m Geyser Vuoxa i5000 mang \u0111\u1ebfn nhi\u1ec1u l\u1ee3i \u00edch cho s\u1ee9c kh\u1ecfe:<\/p>\n<ul>\n<li aria-level=\"1\">H\u1ed7 tr\u1ee3 l\u00e0m s\u1ea1ch h\u1ec7 ti\u00eau h\u00f3a<\/li>\n<li aria-level=\"1\">T\u0103ng c\u01b0\u1eddng v\u1eadn \u0111\u1ed9ng<\/li>\n<li aria-level=\"1\">Gi\u00fap gan kh\u1ecfe h\u01a1n<\/li>\n<li aria-level=\"1\">Ph\u00f2ng ng\u1eeba lo\u00e3ng x\u01b0\u01a1ng<\/li>\n<li aria-level=\"1\">H\u1ed7 tr\u1ee3 tim m\u1ea1ch v\u00e0 huy\u1ebft \u00e1p<\/li>\n<li aria-level=\"1\">C\u1ea5p n\u01b0\u1edbc cho c\u01a1 th\u1ec3<\/li>\n<li aria-level=\"1\">\u0110\u00e0o th\u1ea3i \u0111\u1ed9c t\u1ed1<\/li>\n<li aria-level=\"1\">Ch\u1ed1ng l\u00e3o h\u00f3a t\u1ef1 nhi\u00ean<\/li>\n<li aria-level=\"1\">Gi\u1ea3m c\u00e2n l\u00e0nh m\u1ea1nh<\/li>\n<li aria-level=\"1\">Trung h\u00f2a axit d\u01b0, c\u00e2n b\u1eb1ng c\u01a1 th\u1ec3<\/li>\n<\/ul>\n<figure id=\"attachment_66007\" aria-describedby=\"caption-attachment-66007\" style=\"width: 800px\" class=\"wp-caption alignnone\"><img loading=\"lazy\" decoding=\"async\" class=\"size-large wp-image-66007\" src=\"https:\/\/livinghome.vn\/thiet-bi\/wp-content\/uploads\/loc-nuoc\/geyser\/may-loc-nuoc-ion-kiem-geyser\/may-loc-nuoc-ion-kiem-geyser-vuoxa-i5000\/may-loc-nuoc-ion-kiem-geyser-vuoxa-i5000-3-800x800.jpg\" alt=\"M\u00e1y l\u1ecdc n\u01b0\u1edbc ion ki\u1ec1m Geyser Vuoxa i5000 gi\u00e0u hydro\" width=\"800\" height=\"800\" title=\"\"><figcaption id=\"caption-attachment-66007\" class=\"wp-caption-text\">L\u1ee3i \u00edch c\u1ee7a n\u01b0\u1edbc l\u1ecdc t\u1eeb M\u00e1y l\u1ecdc n\u01b0\u1edbc ion ki\u1ec1m Geyser Vuoxa i5000<\/figcaption><\/figure>\n<p>Ch\u00ednh nh\u1eefng l\u1ee3i \u00edch tuy\u1ec7t v\u1eddi c\u1ee7a n\u01b0\u1edbc ion ki\u1ec1m m\u00e0 xu h\u01b0\u1edbng s\u1eed d\u1ee5ng n\u01b0\u1edbc ki\u1ec1m gi\u00e0u hydro \u0111ang ng\u00e0y m\u1ed9t tr\u1edf n\u00ean ph\u1ed5 bi\u1ebfn t\u1ea1i Vi\u1ec7t Nam.<\/p>\n<p>V\u1edbi nh\u1eefng l\u1ee3i \u00edch tuy\u1ec7t v\u1eddi cho s\u1ee9c kh\u1ecfe m\u00e0 n\u01b0\u1edbc ion ki\u1ec1m \u0111em l\u1ea1i, m\u00e1y l\u1ecdc n\u01b0\u1edbc ion ki\u1ec1m si\u00eau gi\u00e0u hydro Vuoxa i5000 ch\u1eafc ch\u1eafn s\u1ebd l\u00e0 s\u1ea3n ph\u1ea9m \u0111\u01b0\u1ee3c h\u00e0ng tri\u1ec7u gia \u0111\u00ecnh s\u0103n l\u00f9ng v\u00e0 tin d\u00f9ng.<\/p>\n<h3><strong>\u01afu \u0111i\u1ec3m v\u01b0\u1ee3t tr\u1ed9i<\/strong><\/h3>\n<h4><strong>Ngu\u1ed3n n\u01b0\u1edbc \u0111\u1ea7u ra ph\u1ee5c v\u1ee5 \u0111a d\u1ea1ng nhu c\u1ea7u<\/strong><\/h4>\n<p>M\u00e1y l\u1ecdc n\u01b0\u1edbc ion ki\u1ec1m Geyser Vuoxa i5000 t\u1ea1o ra 7 ch\u1ebf \u0111\u1ed9 n\u01b0\u1edbc \u0111a d\u1ea1ng, ph\u00f9 h\u1ee3p v\u1edbi nhi\u1ec1u nhu c\u1ea7u s\u1eed d\u1ee5ng c\u1ee7a ng\u01b0\u1eddi d\u00f9ng:<\/p>\n<ul>\n<li aria-level=\"1\">Acidic 1 (pH= 5.2): Ch\u0103m s\u00f3c da m\u1eb7t kh\u00f4ng u\u1ed1ng<\/li>\n<li aria-level=\"1\">Acidic 2 (pH=3.2): Kh\u1eed tr\u00f9ng v\u00e0 l\u00e0m s\u1ea1ch, kh\u00f4ng u\u1ed1ng<\/li>\n<li aria-level=\"1\">Purified water (pH=7.5): U\u1ed1ng tr\u1ef1c ti\u1ebfp ho\u1eb7c n\u1ea5u \u0103n<\/li>\n<li aria-level=\"1\">Alkali 1 (pH=8.0): \u0102n u\u1ed1ng tr\u1ef1c ti\u1ebfp, pha c\u00e0 ph\u00ea<\/li>\n<li aria-level=\"1\">Alkali 2 (pH=8.5): Lu\u1ed9c rau, n\u1ea5u c\u01a1m, u\u1ed1ng tr\u1ef1c ti\u1ebfp<\/li>\n<li aria-level=\"1\">Alkali 3 (pH=9.5): Ng\u00e2m rau c\u1ee7 qu\u1ea3, u\u1ed1ng tr\u1ef1c ti\u1ebfp<\/li>\n<li aria-level=\"1\">Alkali 4 (pH=10.8): Ch\u1ebf bi\u1ebfn th\u1ef1c ph\u1ea9m<\/li>\n<\/ul>\n<figure id=\"attachment_66001\" aria-describedby=\"caption-attachment-66001\" style=\"width: 800px\" class=\"wp-caption alignnone\"><img loading=\"lazy\" decoding=\"async\" class=\"size-large wp-image-66001\" src=\"https:\/\/livinghome.vn\/thiet-bi\/wp-content\/uploads\/loc-nuoc\/geyser\/may-loc-nuoc-ion-kiem-geyser\/may-loc-nuoc-ion-kiem-geyser-vuoxa-i5000\/may-loc-nuoc-ion-kiem-geyser-vuoxa-i5000-2-800x800.jpg\" alt=\"M\u00e1y l\u1ecdc n\u01b0\u1edbc ion ki\u1ec1m Geyser Vuoxa i5000 gi\u00e0u hydro\" width=\"800\" height=\"800\" title=\"\"><figcaption id=\"caption-attachment-66001\" class=\"wp-caption-text\">M\u00e1y l\u1ecdc n\u01b0\u1edbc ion ki\u1ec1m Geyser Vuoxa i5000 t\u1ea1o ra 7 lo\u1ea1i n\u01b0\u1edbc t\u1ed1t cho s\u1ee9c kh\u1ecfe<\/figcaption><\/figure>\n<h4><b>Thi\u1ebft k\u1ebf hi\u1ec7n \u0111\u1ea1i, sang tr\u1ecdng n\u00e2ng t\u1ea7m \u0111\u1eb3ng c\u1ea5p\u00a0<\/b><\/h4>\n<p>M\u00e1y l\u1ecdc n\u01b0\u1edbc ion ki\u1ec1m Geyser Vuoxa i5000 \u0111\u01b0\u1ee3c thi\u1ebft k\u1ebf ki\u1ec3u d\u00e1ng nh\u1ecf g\u1ecdn sang tr\u1ecdng, m\u00e0u s\u1eafc hi\u1ec7n \u0111\u1ea1i, l\u1eafp \u0111\u1eb7t \u0111\u1ec3 b\u00e0n,gi\u00fap n\u00e2ng t\u1ea7m \u0111\u1eb3ng c\u1ea5p c\u0103n b\u1ebfp. M\u00e1y \u0111i\u1ec1u khi\u1ec3n c\u1ea3m \u1ee9ng 1 ch\u1ea1m v\u1edbi m\u00e0n h\u00ecnh LED cao c\u1ea5p, t\u1ef1 b\u00e1o \u0111\u1ed9ng thay l\u00f5i v\u00e0 nhi\u1ec1u ch\u1ebf \u0111\u1ed9 \u0111i\u1ec1u khi\u1ec3n th\u00f4ng minh kh\u00e1c.<\/p>\n<figure id=\"attachment_66008\" aria-describedby=\"caption-attachment-66008\" style=\"width: 800px\" class=\"wp-caption alignnone\"><img loading=\"lazy\" decoding=\"async\" class=\"size-large wp-image-66008\" src=\"https:\/\/livinghome.vn\/thiet-bi\/wp-content\/uploads\/loc-nuoc\/geyser\/may-loc-nuoc-ion-kiem-geyser\/may-loc-nuoc-ion-kiem-geyser-vuoxa-i5000\/may-loc-nuoc-ion-kiem-geyser-vuoxa-i5000-6-800x800.jpg\" alt=\"M\u00e1y l\u1ecdc n\u01b0\u1edbc ion ki\u1ec1m Geyser Vuoxa i5000 gi\u00e0u hydro\" width=\"800\" height=\"800\" title=\"\"><figcaption id=\"caption-attachment-66008\" class=\"wp-caption-text\">M\u00e1y l\u1ecdc n\u01b0\u1edbc ion ki\u1ec1m Geyser Vuoxa i5000 sang tr\u1ecdng \u0111\u1eb3ng c\u1ea5p<\/figcaption><\/figure>\n<h4><strong>Ti\u1ebft ki\u1ec7m chi ph\u00ed, an to\u00e0n tuy\u1ec7t \u0111\u1ed1i cho ng\u01b0\u1eddi s\u1eed d\u1ee5ng<\/strong><\/h4>\n<p>M\u1ed9t \u0111i\u1ec3m n\u1ed5i b\u1eadt c\u1ee7a M\u00e1y l\u1ecdc n\u01b0\u1edbc ion ki\u1ec1m Geyser Vuoxa i5000 l\u00e0 kh\u1ea3 n\u0103ng c\u1ea3m bi\u1ebfn b\u1eadt\/ t\u1eaft b\u1eb1ng gi\u1ecdng n\u00f3i v\u1edbi 6 ng\u00f4n ng\u1eef v\u00e0 \u00e2m l\u01b0\u1ee3ng. Ngo\u00e0i ra b\u1ea5t c\u1ee9 ai c\u0169ng c\u00f3 th\u1ec3 d\u1ec5 d\u00e0ng s\u1eed d\u1ee5ng v\u1edbi thao t\u00e1c n\u00fat ch\u1ea1m 1 l\u1ea7n tuy\u1ec7t \u0111\u1ed1i an to\u00e0n cho ng\u01b0\u1eddi d\u00f9ng trong su\u1ed1t qu\u00e1 tr\u00ecnh s\u1eed d\u1ee5ng.<\/p>\n<p>B\u00ean c\u1ea1nh \u0111\u00f3, M\u00e1y l\u1ecdc n\u01b0\u1edbc ion ki\u1ec1m Geyser Vuoxa i5000 c\u00f3 b\u1ed9 l\u1ecdc ngo\u00e0i thay th\u1ebf \u0111\u01a1n gi\u1ea3n gi\u00fap t\u1ed1i \u01b0u chi ph\u00ed thay l\u00f5i.<\/p>\n<figure id=\"attachment_66004\" aria-describedby=\"caption-attachment-66004\" style=\"width: 800px\" class=\"wp-caption alignnone\"><img loading=\"lazy\" decoding=\"async\" class=\"size-large wp-image-66004\" src=\"https:\/\/livinghome.vn\/thiet-bi\/wp-content\/uploads\/loc-nuoc\/geyser\/may-loc-nuoc-ion-kiem-geyser\/may-loc-nuoc-ion-kiem-geyser-vuoxa-i5000\/may-loc-nuoc-ion-kiem-geyser-vuoxa-i5000-5-800x800.jpg\" alt=\"M\u00e1y l\u1ecdc n\u01b0\u1edbc ion ki\u1ec1m Geyser Vuoxa i5000 gi\u00e0u hydro\" width=\"800\" height=\"800\" title=\"\"><figcaption id=\"caption-attachment-66004\" class=\"wp-caption-text\">B\u1ed9 l\u1ecdc c\u1ee7a M\u00e1y l\u1ecdc n\u01b0\u1edbc ion ki\u1ec1m Geyser Vuoxa i5000<\/figcaption><\/figure>\n","protected":false},"excerpt":{"rendered":"<p><strong>M\u00e1y l\u1ecdc n\u01b0\u1edbc ion ki\u1ec1m Geyser Vuoxa i5000<\/strong> l\u00e0 th\u01b0\u01a1ng hi\u1ec7u c\u1ee7a t\u1eadp \u0111o\u00e0n Geyser LB Nga. V\u1edbi s\u1ee9 m\u1ec7nh ra \u0111\u1eddi \u0111\u1ec3 kh\u1eafc ph\u1ee5c m\u1ecdi nh\u01b0\u1ee3c \u0111i\u1ec3m c\u1ee7a m\u00e1y l\u1ecdc n\u01b0\u1edbc ion ki\u1ec1m tr\u00ean th\u1ecb tr\u01b0\u1eddng, Geyser Vuoxa i5000 \u0111\u01b0\u1ee3c thi\u1ebft k\u1ebf ri\u00eang \u0111\u1ec3 ph\u00f9 h\u1ee3p nh\u1ea5t v\u1edbi ngu\u1ed3n n\u01b0\u1edbc Vi\u1ec7t, t\u1ed1i \u01b0u chi ph\u00ed s\u1eed d\u1ee5ng v\u00e0 minh b\u1ea1ch ch\u1ec9 s\u1ed1 Hydrogen.<\/p>\n","protected":false},"featured_media":3678,"comment_status":"open","ping_status":"closed","template":"","meta":[],"product_brand":[],"product_cat":[399,412,413],"product_tag":[417,404,423,432,430],"class_list":{"0":"post-3579","1":"product","2":"type-product","3":"status-publish","4":"has-post-thumbnail","6":"product_cat-may-loc-nuoc","7":"product_cat-may-loc-nuoc-geyser","8":"product_cat-thuong-hieu-geyser","9":"product_tag-geyser","10":"product_tag-may-loc-nuoc","11":"product_tag-may-loc-nuoc-geyser","12":"product_tag-may-loc-nuoc-giau-hydro","13":"product_tag-may-loc-nuoc-ion-kiem","15":"first","16":"instock","17":"shipping-taxable","18":"purchasable","19":"product-type-simple"},"_links":{"self":[{"href":"https:\/\/livinghome.vn\/thiet-bi\/wp-json\/wp\/v2\/product\/3579","targetHints":{"allow":["GET"]}}],"collection":[{"href":"https:\/\/livinghome.vn\/thiet-bi\/wp-json\/wp\/v2\/product"}],"about":[{"href":"https:\/\/livinghome.vn\/thiet-bi\/wp-json\/wp\/v2\/types\/product"}],"replies":[{"embeddable":true,"href":"https:\/\/livinghome.vn\/thiet-bi\/wp-json\/wp\/v2\/comments?post=3579"}],"wp:featuredmedia":[{"embeddable":true,"href":"https:\/\/livinghome.vn\/thiet-bi\/wp-json\/wp\/v2\/media\/3678"}],"wp:attachment":[{"href":"https:\/\/livinghome.vn\/thiet-bi\/wp-json\/wp\/v2\/media?parent=3579"}],"wp:term":[{"taxonomy":"product_brand","embeddable":true,"href":"https:\/\/livinghome.vn\/thiet-bi\/wp-json\/wp\/v2\/product_brand?post=3579"},{"taxonomy":"product_cat","embeddable":true,"href":"https:\/\/livinghome.vn\/thiet-bi\/wp-json\/wp\/v2\/product_cat?post=3579"},{"taxonomy":"product_tag","embeddable":true,"href":"https:\/\/livinghome.vn\/thiet-bi\/wp-json\/wp\/v2\/product_tag?post=3579"}],"curies":[{"name":"wp","href":"https:\/\/api.w.org\/{rel}","templated":true}]}}