{"id":3578,"date":"2023-01-12T18:16:06","date_gmt":"2023-01-12T18:16:06","guid":{"rendered":"https:\/\/livinghome.vn\/thiet-bi\/?post_type=product&#038;p=3578"},"modified":"2024-11-29T14:20:18","modified_gmt":"2024-11-29T07:20:18","slug":"may-dien-giai-nuoc-ion-kiem-vuoxa-h2cap-plus-cam-tay","status":"publish","type":"product","link":"https:\/\/livinghome.vn\/thiet-bi\/may-dien-giai-nuoc-ion-kiem-vuoxa-h2cap-plus-cam-tay\/","title":{"rendered":"M\u00e1y \u0111i\u1ec7n gi\u1ea3i n\u01b0\u1edbc ion ki\u1ec1m Vuoxa H2Cap plus c\u1ea7m tay"},"content":{"rendered":"<h2><strong>S\u1ea3n ph\u1ea9m M\u00e1y \u0111i\u1ec7n gi\u1ea3i n\u01b0\u1edbc ion ki\u1ec1m Vuoxa H2Cap plus<\/strong><\/h2>\n<p>T\u1ea1o n\u01b0\u1edbc u\u1ed1ng gi\u00e0u hydyro d\u1ec5 d\u00e0ng, gi\u00fap lo\u1ea1i b\u1ecf g\u1ed1c t\u1ef1 do v\u00e0 h\u00e0ng lo\u1ea1t l\u1ee3i \u00edch cho s\u1ee9c kh\u1ecfe, thi\u1ebft k\u1ebf nh\u1ecf g\u1ecdn, d\u1ec5 d\u00e0ng s\u1eed dung v\u1edbi c\u1ed5ng USB, t\u00edch h\u1ee3p c\u00f4ng ngh\u1ec7 AI b\u00e1o hi\u1ec7u th\u1eddi \u0111i\u1ec3m c\u1ea7n b\u1ea3o tr\u00ec \u0111i\u1ec7n c\u1ef1c v\u00e0 l\u00e0m vi\u1ec7c th\u00f4ng minh, ki\u1ec3u d\u00e1ng sang tr\u1ecdng v\u00e0 v\u00f4 c\u00f9ng ti\u1ec7n d\u1ee5ng, cho h\u00e0m l\u01b0\u1ee3ng hydrogen t\u01b0\u01a1i u\u1ed1ng tr\u1ef1c ti\u1ebfp tr\u00ean 1000ppb.<\/p>\n<p>M\u00e1y \u0111i\u1ec7n gi\u1ea3i n\u01b0\u1edbc ion ki\u1ec1m Vuoxa H2Cap plus d\u1ec5 d\u00e0ng mang theo v\u00e0 s\u1eed b\u1ea5t c\u1ee9 khi n\u00e0o, ch\u1ec9 c\u1ea7n ngu\u1ed3n \u0111i\u1ec7n USP t\u1eeb m\u00e1y t\u00ednh, pin s\u1ea1c d\u1ef1 ph\u00f2ng, s\u1ea1c \u0111i\u1ec7n tho\u1ea1i ho\u1eb7c b\u1ea5t c\u1ee9 ngu\u1ed3n \u0111i\u1ec7n t\u01b0\u01a1ng t\u1ef1 th\u00f4ng qua c\u1ed5ng USB v\u00f4 c\u00f9ng ti\u1ec7n l\u1ee3i. M\u00e1y \u0111i\u1ec7n gi\u1ea3i n\u01b0\u1edbc ion ki\u1ec1m Vuoxa H2Cap plus g\u1ed3m \u0111\u1ea7y \u0111\u1ee7 thi\u1ebft b\u1ecb t\u1ea1o hydrogen, b\u00ecnh ch\u1ee9a, c\u00e1p n\u1ed1i, ph\u1ee5 ki\u1ec7n \u0111i k\u00e8m.<\/p>\n<h3><b>L\u00fd do ra \u0111\u1eddi c\u1ee7a m\u00e1y\u00a0<\/b><b>\u0111i\u1ec7n gi\u1ea3i n\u01b0\u1edbc si\u00eau gi\u00e0u hydrogen Vuoxa H2Cap plus<\/b><\/h3>\n<p>Ch\u1ea5t l\u01b0\u1ee3ng kh\u00f4ng kh\u00ed v\u00e0 ch\u1ea5t l\u01b0\u1ee3ng n\u01b0\u1edbc lu\u00f4n l\u00e0 2 y\u1ebfu t\u1ed1 quan tr\u1ecdng v\u1edbi s\u1ef1 s\u1ed1ng v\u00e0 \u1ea3nh h\u01b0\u1edfng tr\u1ef1c ti\u1ebfp \u0111\u1ebfn s\u1ee9c kh\u1ecfe c\u1ee7a c\u1ee7a m\u1ed7i ng\u01b0\u1eddi. Hi\u1ec7n nay, v\u1edbi t\u00ecnh tr\u1ea1ng \u00f4 nhi\u1ec5m ngu\u1ed3n n\u01b0\u1edbc \u1edf Vi\u1ec7t Nam ng\u00e0y c\u00e0ng tr\u1ea7m tr\u1ecdng th\u00ec ngu\u1ed3n n\u01b0\u1edbc u\u1ed1ng h\u00e0ng ng\u00e0y an to\u00e0n \u0111\u1eb7c bi\u1ec7t c\u00f3 l\u1ee3i cho s\u1ee9c kh\u1ecfe ng\u00e0y c\u00e0ng \u0111\u01b0\u1ee3c ng\u01b0\u1eddi d\u00e2n quan t\u00e2m h\u01a1n bao gi\u1edd h\u1ebft.<\/p>\n<p>Trong \u0111\u00f3 n\u01b0\u1edbc u\u1ed1ng hydrogen ng\u00e0y c\u00e0ng \u0111\u01b0\u1ee3c nhi\u1ec1u ng\u01b0\u1eddi \u0111\u1eb7c bi\u1ec7t quan t\u00e2m b\u1edfi t\u00e1c d\u1ee5ng l\u00e0m \u0111\u1eb9p v\u00e0 t\u0103ng c\u01b0\u1eddng s\u1ee9c \u0111\u1ec1 kh\u00e1ng b\u1ea3o v\u1ec7 s\u1ee9c kh\u1ecfe. Tuy nhi\u00ean hi\u1ec7n nay tr\u00ean th\u1ecb tr\u01b0\u1eddng c\u00e1c d\u00f2ng m\u00e1y t\u1ea1o n\u01b0\u1edbc Hydrogen th\u01b0\u1eddng to v\u00e0 ch\u1ec9 s\u1eed d\u1ee5ng \u0111\u01b0\u1ee3c \u1edf nh\u00e0. Ho\u1eb7c n\u1ebfu b\u1ecf b\u00ecnh mang \u0111i th\u00ec c\u0169ng s\u1ebd l\u00e0m gi\u1ea3m r\u1ea5t nhi\u1ec1u ch\u1ea5t l\u01b0\u1ee3ng do Hydrogen b\u1ecb khu\u1ebfch t\u00e1n n\u1ebfu b\u00ecnh ch\u1ee9a kh\u00f4ng \u0111\u1ea3m b\u1ea3o.<\/p>\n<p>M\u00e1y \u0111i\u1ec7n gi\u1ea3i n\u01b0\u1edbc ion ki\u1ec1m Vuoxa H2Cap pluss v\u1edbi thi\u1ebft k\u1ebf nh\u1ecf g\u1ecdn mang \u0111\u1ebfn s\u1ef1 ti\u1ec7n l\u1ee3i cho ng\u01b0\u1eddi ti\u00eau d\u00f9ng. \u0110\u00e2y l\u00e0 d\u00f2ng m\u00e1y c\u1ea7m tay cao c\u1ea5p \u0111\u00e3 nh\u1eadn \u0111\u01b0\u1ee3c h\u00e0ng lo\u1ea1t gi\u1ea3i th\u01b0\u1edfng thi\u1ebft k\u1ebf t\u1ea1i H\u00e0n Qu\u1ed1c gi\u00fap b\u1ea1n d\u1ec5 d\u00e0ng b\u1ed5 sung n\u01b0\u1edbc u\u1ed1ng gi\u00e0u hydrogen m\u1ecdi l\u00fac m\u1ecdi n\u01a1i.<\/p>\n<figure id=\"attachment_65990\" aria-describedby=\"caption-attachment-65990\" style=\"width: 800px\" class=\"wp-caption alignnone\"><img loading=\"lazy\" decoding=\"async\" class=\"size-large wp-image-65990\" src=\"https:\/\/livinghome.vn\/thiet-bi\/wp-content\/uploads\/loc-nuoc\/geyser\/may-loc-nuoc-ion-kiem-geyser\/may-loc-nuoc-ion-kiem-geyser-vuoxa-h2cap-plus\/may-loc-nuoc-ion-kiem-geyser-vuoxa-h2cap-plus-11-800x800.jpg\" alt=\"M\u00e1y \u0111i\u1ec7n gi\u1ea3i n\u01b0\u1edbc ion ki\u1ec1m Vuoxa H2Cap plus\" width=\"800\" height=\"800\" title=\"\"><figcaption id=\"caption-attachment-65990\" class=\"wp-caption-text\">U\u1ed1ng n\u01b0\u1edbc hydrogen b\u1ea5t k\u1ef3 n\u01a1i \u0111\u00e2u b\u1ea1n mu\u1ed1n<\/figcaption><\/figure>\n<h3><strong>Th\u00f4ng s\u1ed1 k\u1ef9 thu\u1eadt<\/strong><\/h3>\n<table>\n<tbody>\n<tr>\n<td>Model<\/td>\n<td>H2Cap Plus<\/td>\n<\/tr>\n<tr>\n<td>C\u00f4ng ngh\u1ec7<\/td>\n<td>\u0110i\u1ec7n gi\u1ea3i n\u01b0\u1edbc<\/td>\n<\/tr>\n<tr>\n<td>T\u1ed1c \u0111\u1ed9 l\u1ecdc \u0111\u1ec1 xu\u1ea5t<\/td>\n<td>Dung t\u00edch 500ml\/(~3)ph\u00fat<\/td>\n<\/tr>\n<tr>\n<td>Ngu\u1ed3n n\u01b0\u1edbc \u0111\u1ea7u v\u00e0o<\/td>\n<td>N\u01b0\u1edbc u\u1ed1ng tr\u1ef1c ti\u1ebfp<\/td>\n<\/tr>\n<tr>\n<td>S\u1ed1 l\u01b0\u1ee3ng \u0111i\u1ec7n c\u1ef1c<\/td>\n<td>\u0110i\u1ec7n ph\u00e2n 9 l\u1edbp<\/td>\n<\/tr>\n<tr>\n<td>V\u1eadt li\u1ec7u<\/td>\n<td>\u0110i\u1ec7n c\u1ef1c Titanium ph\u1ee7 Platinum + Platinum PEM<\/td>\n<\/tr>\n<tr>\n<td>R\u1eeda \u0111i\u1ec7n c\u1ef1c<\/td>\n<td>B\u00e1o r\u1eeda \u0111i\u1ec7n c\u1ef1c t\u1ef1 \u0111\u1ed9ng<\/td>\n<\/tr>\n<tr>\n<td>Hydrogen(t\u1ed1i \u0111a)<\/td>\n<td>~1.500ppb<\/td>\n<\/tr>\n<tr>\n<td>S\u1ed1 lo\u1ea1i n\u01b0\u1edbc<\/td>\n<td>1(trung t\u00ednh)<\/td>\n<\/tr>\n<tr>\n<td>\u0110i\u1ec7n \u00e1p<\/td>\n<td>5V DC<\/td>\n<\/tr>\n<tr>\n<td>C\u00f4ng su\u1ea5t \u0111i\u1ec7n<\/td>\n<td>4.5W<\/td>\n<\/tr>\n<tr>\n<td>K\u00edch th\u01b0\u1edbc<\/td>\n<td>37.2mm(W)x42.5mm(H)<\/td>\n<\/tr>\n<tr>\n<td>C\u00e2n n\u1eb7ng<\/td>\n<td>53g<\/td>\n<\/tr>\n<tr>\n<td>Tu\u1ed5i th\u1ecd l\u00f5i l\u1ecdc(t\u1ed1i \u0111a)(*)<\/td>\n<td>&#8211;<\/td>\n<\/tr>\n<tr>\n<td>T\u1ef7 l\u1ec7 l\u1ecdc : Th\u1ea3i(*)<\/td>\n<td>Kh\u00f4ng l\u1ecdc<\/td>\n<\/tr>\n<tr>\n<td>L\u1eafp \u0111\u1eb7t<\/td>\n<td>C\u1ea7m tay, \u0111\u1ec3 b\u00e0n<\/td>\n<\/tr>\n<tr>\n<td>\u00c1p l\u1ef1c n\u01b0\u1edbc c\u1ea5p<\/td>\n<td>&#8211;<\/td>\n<\/tr>\n<tr>\n<td>Nhi\u1ec7t \u0111\u1ed9 n\u01b0\u1edbc c\u1ea5p<\/td>\n<td>0oC-30oC<\/td>\n<\/tr>\n<tr>\n<td>Th\u01b0\u01a1ng hi\u1ec7u<\/td>\n<td>Ch\u00e2u \u00c2u<\/td>\n<\/tr>\n<tr>\n<td>N\u01a1i s\u1ea3n xu\u1ea5t b\u1ed9 l\u1ecdc<\/td>\n<td>&#8211;<\/td>\n<\/tr>\n<tr>\n<td>N\u01a1i s\u1ea3n xu\u1ea5t b\u1ed9 \u0111i\u1ec7n gi\u1ea3i<\/td>\n<td>H\u00e0n Qu\u1ed1c<\/td>\n<\/tr>\n<tr>\n<td>Ch\u1ee9ng nh\u1eadn n\u1ed5i b\u1eadt<\/td>\n<td>FDA<\/td>\n<\/tr>\n<tr>\n<td>Th\u1eddi gian b\u1ea3o h\u00e0nh<\/td>\n<td>1 n\u0103m<\/td>\n<\/tr>\n<tr>\n<td>T\u00ednh n\u0103ng<\/td>\n<td>M\u00c1Y L\u1eccC N\u01af\u1edaC ION KI\u1ec0M \u0110I\u1ec6N GI\u1ea2I VUOXA<\/td>\n<\/tr>\n<\/tbody>\n<\/table>\n<h3><strong>V\u1eadt li\u1ec7u v\u00e0 c\u1ea5u t\u1ea1o<\/strong><\/h3>\n<p>M\u00e1y \u0111i\u1ec7n gi\u1ea3i n\u01b0\u1edbc ion ki\u1ec1m Vuoxa H2Cap plus \u0111\u01b0\u1ee3c thi\u1ebft k\u1ebf nh\u1ecf g\u1ecdn v\u1edbi c\u1ea5u t\u1ea1o \u0111\u01a1n gi\u1ea3n t\u1eeb v\u1eadt li\u1ec7u H2CAP Plus kh\u00f4ng \u0111\u1ed9c h\u1ea1i, kh\u00f4ng r\u1eeda tr\u00f4i c\u1ea3 trong v\u00e0 ngo\u00e0i s\u1ea3n ph\u1ea9m, \u0111\u1ea3m b\u1ea3o an to\u00e0n cho s\u1ee9c kh\u1ecfe.<\/p>\n<p><b>1 n\u1eafp tr\u00ean:<\/b><\/p>\n<p>M\u1ecdi lo\u1ea1i nh\u1ef1a \u0111\u01b0\u1ee3c s\u1eed d\u1ee5ng \u0111\u1ec3 s\u1ea3n xu\u1ea5t M\u00e1y \u0111i\u1ec7n gi\u1ea3i n\u01b0\u1edbc ion ki\u1ec1m Vuoxa H2Cap plus \u0111\u1ec1u \u0111\u01b0\u1ee3c l\u00e0m b\u1eb1ng TRITAN bao g\u1ed3m c\u1ea3 n\u1eafp. S\u1ea3n ph\u1ea9m ho\u00e0n to\u00e0n MI\u1ec4N PH\u00cd BPA.<\/p>\n<p><b>2 v\u00f2ng silicon kh\u00f4ng \u0111\u1ed9c h\u1ea1i:<\/b><\/p>\n<p>Silicone kh\u00f4ng \u0111\u1ed9c h\u1ea1i ng\u0103n r\u00f2 r\u1ec9 n\u01b0\u1edbc.<\/p>\n<p><b>3 th\u00e2n m\u00e1y:<\/b><\/p>\n<p>B\u1eb1ng c\u00e1ch s\u1eed d\u1ee5ng th\u00e9p kh\u00f4ng g\u1ec9 n\u00ean m\u00e1y \u0111i\u1ec7n gi\u1ea3i n\u01b0\u1edbc H2Cap Plus c\u00f3 thi\u1ebft k\u1ebf \u0111\u1eb9p nh\u1ea5t c\u0169ng nh\u01b0 \u0111\u1ed9 b\u1ec1n t\u1ed1t nh\u1ea5t.<\/p>\n<p><b>4 c\u1ed5ng USB:<\/b><\/p>\n<p>V\u00ec ngu\u1ed3n \u0111\u01b0\u1ee3c cung c\u1ea5p b\u1edfi c\u00e1p USB n\u00ean s\u1ea3n ph\u1ea9m c\u00f3 th\u1ec3 \u00e1p d\u1ee5ng v\u1edbi nhi\u1ec1u thi\u1ebft b\u1ecb kh\u00e1c nhau gi\u00fap\u00a0 thu\u1eadn ti\u1ec7n h\u01a1n nhi\u1ec1u so v\u1edbi b\u1ea5t k\u1ef3 m\u00e1y ph\u00e1t hydro n\u00e0o kh\u00e1c.<\/p>\n<p><b>5 n\u1eafp \u0111\u00e1y:<\/b><\/p>\n<p>N\u1eafp \u0111\u00e1y c\u0169ng \u0111\u01b0\u1ee3c l\u00e0m b\u1eb1ng ch\u1ea5t \u0111\u00e0n h\u1ed3i KH\u00d4NG \u0111\u1ed9c h\u1ea1i.<\/p>\n<p>V\u1edbi c\u1ea5u t\u1ea1o v\u00e0 v\u1eadt li\u1ec7u tuy\u1ec7t v\u1eddi c\u1ee7a M\u00e1y \u0111i\u1ec7n gi\u1ea3i n\u01b0\u1edbc ion ki\u1ec1m Vuoxa H2Cap plus mang \u0111\u1ebfn s\u1ef1 an to\u00e0n tuy\u1ec7t \u0111\u1ed1i khi s\u1eed d\u1ee5ng. Kh\u00f4ng \u0111\u1ed9c h\u1ea1i, kh\u00f4ng r\u1eeda tr\u00f4i c\u1ea3 trong v\u00e0 ngo\u00e0i s\u1ea3n ph\u1ea9m \u0111\u1ed3ng th\u1eddi gi\u00fap cho qu\u00e1 tr\u00ecnh \u0111i\u1ec7n ph\u00e2n di\u1ec5n ra nhanh ch\u00f3ng v\u00e0 t\u00ednh ch\u1ea5t pH c\u0169ng nh\u01b0 ch\u1ec9 s\u1ed1 ch\u1ed1ng Oxy h\u00f3a ORP\u00a0 v\u00e0 m\u1eadt \u0111\u1ed9 ph\u00e2n t\u1eed Hydro trong n\u01b0\u1edbc s\u1ebd gi\u1eef \u1edf m\u1ee9c t\u1ed1t nh\u1ea5t.<\/p>\n<p>&nbsp;<\/p>\n<figure id=\"attachment_65992\" aria-describedby=\"caption-attachment-65992\" style=\"width: 800px\" class=\"wp-caption alignnone\"><img loading=\"lazy\" decoding=\"async\" class=\"size-large wp-image-65992\" src=\"https:\/\/livinghome.vn\/thiet-bi\/wp-content\/uploads\/loc-nuoc\/geyser\/may-loc-nuoc-ion-kiem-geyser\/may-loc-nuoc-ion-kiem-geyser-vuoxa-h2cap-plus\/may-loc-nuoc-ion-kiem-geyser-vuoxa-h2cap-plus-8-800x800.jpg\" alt=\"M\u00e1y \u0111i\u1ec7n gi\u1ea3i n\u01b0\u1edbc ion ki\u1ec1m Vuoxa H2Cap plus\" width=\"800\" height=\"800\" title=\"\"><figcaption id=\"caption-attachment-65992\" class=\"wp-caption-text\">M\u00e1y \u0111i\u1ec7n gi\u1ea3i n\u01b0\u1edbc ion ki\u1ec1m Vuoxa H2Cap plus s\u1eed d\u1ee5ng v\u1eadt li\u1ec7u an to\u00e0n<\/figcaption><\/figure>\n<p><b>T\u1ea5m \u0111i\u1ec7n c\u1ef1c<\/b><\/p>\n<p>T\u1ea5m \u0111i\u1ec7n c\u1ef1c \u0111\u01b0\u1ee3c CROSS MESH \u0111\u01b0\u1ee3c c\u1ea5p b\u1eb1ng s\u00e1ng ch\u1ebf \u00e1p d\u1ee5ng thi\u1ebft k\u1ebf c\u1ee7a c\u00e1c t\u1ea5m \u0111i\u1ec7n c\u1ef1c Titan b\u1ea1ch kim \u0111an ch\u00e9o d\u1ea1ng l\u01b0\u1edbi hi\u1ec7u qu\u1ea3.<\/p>\n<h3><b>L\u1ee3i \u00edch c\u1ee7a n\u01b0\u1edbc \u0111i\u1ec7n gi\u1ea3i si\u00eau gi\u00e0u hydro\u00a0<\/b><b>Vuoxa H2Cap plus<\/b><\/h3>\n<h4><b>Ng\u0103n ng\u1eeba v\u00e0 h\u1ed7 tr\u1ee3 \u0111i\u1ec1u tr\u1ecb nhi\u1ec1u b\u1ec7nh m\u00e3n t\u00ednh\u00a0<\/b><\/h4>\n<p>N\u01b0\u1edbc \u0111i\u1ec7n gi\u1ea3i si\u00eau gi\u00e0u hydro Vuoxa H2Cap plus c\u00f3 \u0111\u1eb7c t\u00ednh ch\u1ed1ng Oxy h\u00f3a c\u1ef1c m\u1ea1nh,\u00a0 l\u00e0m ch\u1eadm qu\u00e1 tr\u00ecnh l\u00e3o h\u00f3a c\u1ee7a c\u01a1 th\u1ec3, gi\u00fap b\u1ea1n kh\u1ecfe m\u1ea1nh, tr\u1ebb trung , t\u0103ng c\u01b0\u1eddng h\u1ec7 mi\u1ec5n d\u1ecbch, ng\u0103n ng\u1eeba v\u00e0 h\u1ed7 tr\u1ee3 \u0111i\u1ec1u tr\u1ecb c\u00e1c b\u1ec7nh m\u00e3n t\u00ednh nh\u01b0: ti\u1ec3u \u0111\u01b0\u1eddng, m\u1ee1 m\u00e1u, tim m\u1ea1ch, cao huy\u1ebft \u00e1p, ung th\u01b0\u2026<\/p>\n<figure id=\"attachment_65993\" aria-describedby=\"caption-attachment-65993\" style=\"width: 800px\" class=\"wp-caption alignnone\"><img loading=\"lazy\" decoding=\"async\" class=\"size-large wp-image-65993\" src=\"https:\/\/livinghome.vn\/thiet-bi\/wp-content\/uploads\/loc-nuoc\/geyser\/may-loc-nuoc-ion-kiem-geyser\/may-loc-nuoc-ion-kiem-geyser-vuoxa-h2cap-plus\/may-loc-nuoc-ion-kiem-geyser-vuoxa-h2cap-plus-4-800x800.jpg\" alt=\"M\u00e1y \u0111i\u1ec7n gi\u1ea3i n\u01b0\u1edbc ion ki\u1ec1m Vuoxa H2Cap plus\" width=\"800\" height=\"800\" title=\"\"><figcaption id=\"caption-attachment-65993\" class=\"wp-caption-text\">M\u00e1y \u0111i\u1ec7n gi\u1ea3i n\u01b0\u1edbc ion ki\u1ec1m Vuoxa H2Cap plus gi\u00fap c\u1ea3i thi\u1ec7n hi\u1ec7u su\u1ea5t th\u1ec3 thao<\/figcaption><\/figure>\n<h4><b>Ch\u1ed1ng g\u1ed1c t\u1ef1 do g\u00e2y b\u1ec7nh t\u1eadt\u00a0<\/b><\/h4>\n<p>C\u00e1c ph\u00e2n t\u1eed Hydro trong n\u01b0\u1edbc ion ki\u1ec1m l\u00e0 ch\u1ea5t ch\u1ed1ng oxy h\u00f3a c\u1ef1c m\u1ea1nh. Khi v\u00e0o c\u01a1 th\u1ec3, c\u00e1c hydro ph\u00e2n t\u1eed s\u1ebd \u0111i t\u00ecm v\u00e0 lo\u1ea1i b\u1ecf c\u00e1c g\u1ed1c t\u1ef1 do g\u00e2y h\u1ea1i, ph\u00f2ng ng\u1eeba v\u00e0 h\u1ed7 tr\u1ee3 \u0111i\u1ec1u tr\u1ecb nhi\u1ec1u lo\u1ea1i b\u1ec7nh nguy hi\u1ec3m do g\u1ed1c t\u1ef1 do g\u00e2y ra.<\/p>\n<h4><b>Ng\u0103n ng\u1eeba v\u00e0 h\u1ed7 tr\u1ee3 \u0111i\u1ec1u tr\u1ecb b\u1ec7nh Gout hi\u1ec7u qu\u1ea3\u00a0<\/b><\/h4>\n<p>N\u01b0\u1edbc t\u1eeb M\u00e1y \u0111i\u1ec7n gi\u1ea3i n\u01b0\u1edbc ion ki\u1ec1m Vuoxa H2Cap plus c\u00f3 t\u00ednh ki\u1ec1m m\u1ea1nh gi\u00fap \u0111\u00e0o th\u1ea3i axit uric b\u1eb1ng c\u00e1ch trung h\u00f2a c\u00e1c axit v\u00e0 c\u00e1c g\u1ed1c t\u1ef1 do ng\u0103n\u00a0 ng\u0103n ch\u1eb7n b\u1ec7nh Gout.<\/p>\n<figure id=\"attachment_65989\" aria-describedby=\"caption-attachment-65989\" style=\"width: 800px\" class=\"wp-caption alignnone\"><img loading=\"lazy\" decoding=\"async\" class=\"size-large wp-image-65989\" src=\"https:\/\/livinghome.vn\/thiet-bi\/wp-content\/uploads\/loc-nuoc\/geyser\/may-loc-nuoc-ion-kiem-geyser\/may-loc-nuoc-ion-kiem-geyser-vuoxa-h2cap-plus\/may-loc-nuoc-ion-kiem-geyser-vuoxa-h2cap-plus-6-800x800.jpg\" alt=\"M\u00e1y \u0111i\u1ec7n gi\u1ea3i n\u01b0\u1edbc ion ki\u1ec1m Vuoxa H2Cap plus\" width=\"800\" height=\"800\" title=\"\"><figcaption id=\"caption-attachment-65989\" class=\"wp-caption-text\">M\u00e1y \u0111i\u1ec7n gi\u1ea3i n\u01b0\u1edbc ion ki\u1ec1m Vuoxa H2Cap plus t\u1ed1t cho ng\u01b0\u1eddi b\u1ecb Gout<\/figcaption><\/figure>\n<h4><b>Gi\u00fap x\u01b0\u01a1ng kh\u1ecfe, tim tr\u1ebb<\/b><\/h4>\n<p>N\u01b0\u1edbc t\u1eeb M\u00e1y \u0111i\u1ec7n gi\u1ea3i n\u01b0\u1edbc ion ki\u1ec1m Vuoxa H2Cap plus c\u00f3 \u0111\u1eb7c t\u00ednh gi\u00e0u vi kho\u00e1ng thi\u1ebft y\u1ebfu nh\u01b0 Ca, Mg, K, Na,\u2026 gi\u00fap cung c\u1ea5p c\u00e1c kho\u00e1ng ch\u1ea5t c\u00f3 l\u1ee3i m\u00e0 b\u1ea1n c\u1ea7n m\u1ed7i ng\u00e0y gi\u00fap x\u01b0\u01a1ng ch\u1eafc kh\u1ecfe h\u01a1n.<\/p>\n<p>B\u00ean c\u1ea1nh \u0111\u00f3 n\u01b0\u1edbc t\u1eeb M\u00e1y \u0111i\u1ec7n gi\u1ea3i n\u01b0\u1edbc ion ki\u1ec1m Vuoxa H2Cap plus ch\u1ee9a h\u00e0m l\u01b0\u1ee3ng l\u1edbn ch\u1ea5t ch\u1ed1ng oxy h\u00f3a m\u1ea1nh gi\u00fap ti\u00eau di\u1ec7t c\u00e1c g\u1ed1c t\u1ef1 do v\u00e0 c\u00e1c kho\u00e1ng ch\u1ea5t thi\u1ebft y\u1ebfu t\u1ed1t cho s\u1ee9c kh\u1ecfe tim m\u1ea1ch, ng\u0103n ch\u1eb7n \u0111\u1ed9t qu\u1ef5 \u1edf ng\u01b0\u1eddi m\u1eafc b\u1ec7nh tim m\u1ea1ch.<\/p>\n<h4><b>Gi\u00fap t\u0103ng c\u01b0\u1eddng s\u1ee9c \u0111\u1ec1 kh\u00e1ng<\/b><\/h4>\n<p>N\u01b0\u1edbc t\u1eeb M\u00e1y \u0111i\u1ec7n gi\u1ea3i n\u01b0\u1edbc ion ki\u1ec1m Vuoxa H2Cap plus c\u00f3 \u0111\u1eb7c t\u00ednh gi\u00e0u vi kho\u00e1ng thi\u1ebft y\u1ebfu nh\u01b0 Ca, Mg, K, Na,\u2026 gi\u00fap cung c\u1ea5p c\u00e1c kho\u00e1ng ch\u1ea5t gi\u00fap n\u00e2ng cao h\u1ec7 mi\u1ec5n d\u1ecbch gi\u00fap c\u01a1 th\u1ec3 kh\u1ecfe m\u1ea1nh h\u01a1n.<\/p>\n<h4><b>Gi\u00fap m\u1eb9 kh\u1ecfe, b\u00e9 tinh anh\u00a0<\/b><\/h4>\n<p>M\u00e1y \u0111i\u1ec7n gi\u1ea3i n\u01b0\u1edbc ion ki\u1ec1m Vuoxa H2Cap plus cung c\u1ea5p kho\u00e1ng ch\u1ea5t, b\u1ed5 sung ch\u1ea5t oxy h\u00f3a gi\u00fap m\u1eb9 b\u1ea7u ng\u1ee7 ngon h\u01a1n, c\u01a1 th\u1ec3\u00a0 tr\u00e0n \u0111\u1ea7y n\u0103ng l\u01b0\u1ee3ng.<\/p>\n<p>B\u00ean c\u1ea1nh \u0111\u00f3, n\u01b0\u1edbc c\u0169ng gi\u00fap t\u0103ng c\u01b0\u1eddng c\u00e1c ho\u1ea1t \u0111\u1ed9ng c\u1ee7a tr\u00ed n\u00e3o, b\u1ea3o v\u1ec7 c\u00e1c t\u1ebf b\u00e0o th\u1ea7n kinh, c\u00e2n b\u1eb1ng \u0111\u1ed9 pH l\u00e0nh m\u1ea1nh nh\u1edd c\u00e1c kho\u00e1ng ch\u1ea5t c\u00f3 l\u1ee3i nh\u01b0 canxi v\u00e0 magie. \u0110\u1ed3ng th\u1eddi b\u1ea3o v\u1ec7 h\u1ec7 ti\u00eau h\u00f3a c\u1ee7a tr\u1ebb trong l\u00fac ho\u1ea1t \u0111\u1ed9ng nhi\u1ec1u v\u00e0 gi\u1ea3m nhanh c\u00e1c tri\u1ec7u ch\u1ee9ng t\u00e1o b\u00f3n.<\/p>\n<figure id=\"attachment_65994\" aria-describedby=\"caption-attachment-65994\" style=\"width: 800px\" class=\"wp-caption alignnone\"><img loading=\"lazy\" decoding=\"async\" class=\"size-large wp-image-65994\" src=\"https:\/\/livinghome.vn\/thiet-bi\/wp-content\/uploads\/loc-nuoc\/geyser\/may-loc-nuoc-ion-kiem-geyser\/may-loc-nuoc-ion-kiem-geyser-vuoxa-h2cap-plus\/may-loc-nuoc-ion-kiem-geyser-vuoxa-h2cap-plus-5-800x800.jpg\" alt=\"M\u00e1y \u0111i\u1ec7n gi\u1ea3i n\u01b0\u1edbc ion ki\u1ec1m Vuoxa H2Cap plus\" width=\"800\" height=\"800\" title=\"\"><figcaption id=\"caption-attachment-65994\" class=\"wp-caption-text\">M\u00e1y \u0111i\u1ec7n gi\u1ea3i n\u01b0\u1edbc ion ki\u1ec1m Vuoxa H2Cap plus thi\u1ebft y\u1ebfu cho b\u00e0 b\u1ea7u<\/figcaption><\/figure>\n<h4><b>Gi\u00fap th\u1ea9m th\u1ea5u nhanh ch\u00f3ng<\/b><\/h4>\n<p>N\u01b0\u1edbc \u0111i\u1ec7n gi\u1ea3i gi\u00e0u hydro Vuoxa H2Cap Plus c\u00f3\u00a0c\u1ea5u tr\u00fac ph\u00e2n t\u1eed si\u00eau nh\u1ecf, nh\u1ecf h\u01a1n r\u1ea5t nhi\u1ec1u so v\u1edbi ph\u00e2n t\u1eed n\u01b0\u1edbc th\u00f4ng th\u01b0\u1eddng gi\u00fap\u00a0 thanh l\u1ecdc nhanh ch\u00f3ng, gi\u1ea3i \u0111\u1ed9c c\u01a1 th\u1ec3 t\u1ed1t h\u01a1n.<\/p>\n<figure id=\"attachment_65997\" aria-describedby=\"caption-attachment-65997\" style=\"width: 800px\" class=\"wp-caption alignnone\"><img loading=\"lazy\" decoding=\"async\" class=\"size-large wp-image-65997\" src=\"https:\/\/livinghome.vn\/thiet-bi\/wp-content\/uploads\/loc-nuoc\/geyser\/may-loc-nuoc-ion-kiem-geyser\/may-loc-nuoc-ion-kiem-geyser-vuoxa-h2cap-plus\/may-loc-nuoc-ion-kiem-geyser-vuoxa-h2cap-plus-10-800x800.jpg\" alt=\"M\u00e1y \u0111i\u1ec7n gi\u1ea3i n\u01b0\u1edbc ion ki\u1ec1m Vuoxa H2Cap plus\" width=\"800\" height=\"800\" title=\"\"><figcaption id=\"caption-attachment-65997\" class=\"wp-caption-text\">N\u01b0\u1edbc t\u1eeb M\u00e1y \u0111i\u1ec7n gi\u1ea3i n\u01b0\u1edbc ion ki\u1ec1m Vuoxa H2Cap plus th\u1ea9m th\u1ea5u nhanh<\/figcaption><\/figure>\n<h3><strong>\u01afu \u0111i\u1ec3m v\u01b0\u1ee3t tr\u1ed9i<\/strong><\/h3>\n<h4><b>Thi\u1ebft k\u1ebf si\u00eau nh\u1ecf g\u1ecdn d\u1ec5 d\u00e0ng mang theo m\u1ecdi l\u00fac m\u1ecdi n\u01a1i\u00a0\u00a0<\/b><\/h4>\n<p>M\u00e1y \u0111i\u1ec7n gi\u1ea3i n\u01b0\u1edbc ion ki\u1ec1m Vuoxa H2Cap plus thi\u1ebft k\u1ebf nh\u1ecf g\u1ecdn, b\u1ea1n c\u00f3 th\u1ec3 b\u1ecf t\u00fai mang \u0111i c\u00f9ng b\u1ea5t k\u1ef3 th\u1eddi \u0111i\u1ec3m v\u00e0 n\u01a1i n\u00e0o b\u1ea1n mu\u1ed1n, t\u1eeb \u0111i c\u00f4ng t\u00e1c, d\u00e3 ngo\u1ea1i cho \u0111\u1ebfn s\u1eed d\u1ee5ng trong gia \u0111\u00ecnh v\u00f4 c\u00f9ng ti\u1ec7n l\u1ee3i.<\/p>\n<figure id=\"attachment_65996\" aria-describedby=\"caption-attachment-65996\" style=\"width: 800px\" class=\"wp-caption alignnone\"><img loading=\"lazy\" decoding=\"async\" class=\"size-large wp-image-65996\" src=\"https:\/\/livinghome.vn\/thiet-bi\/wp-content\/uploads\/loc-nuoc\/geyser\/may-loc-nuoc-ion-kiem-geyser\/may-loc-nuoc-ion-kiem-geyser-vuoxa-h2cap-plus\/may-loc-nuoc-ion-kiem-geyser-vuoxa-h2cap-plus-3-800x800.jpg\" alt=\"M\u00e1y \u0111i\u1ec7n gi\u1ea3i n\u01b0\u1edbc ion ki\u1ec1m Vuoxa H2Cap plus\" width=\"800\" height=\"800\" title=\"\"><figcaption id=\"caption-attachment-65996\" class=\"wp-caption-text\">M\u00e1y \u0111i\u1ec7n gi\u1ea3i n\u01b0\u1edbc ion ki\u1ec1m Vuoxa H2Cap plus thi\u1ebft y\u1ebfu m\u1ecdi l\u00fac m\u1ecdi n\u01a1i<\/figcaption><\/figure>\n<h4><b>\u0110\u01a1n gi\u1ea3n, d\u1ec5 s\u1eed d\u1ee5ng\u00a0<\/b><\/h4>\n<p>M\u00e1y \u0111i\u1ec7n gi\u1ea3i\u00a0n\u01b0\u1edbc Vuoxa H2Cap plus r\u1ea5t d\u1ec5 s\u1eed d\u1ee5ng, ch\u1ec9 c\u1ea7n k\u1ebft n\u1ed1i v\u1edbi b\u1ea5t k\u1ef3 thi\u1ebft b\u1ecb \u0111i\u1ec7n t\u1eed n\u00e0o th\u00f4ng qua c\u1ed5ng USB.\u00a0V\u00ec v\u1eady, b\u1ea1n c\u00f3 th\u1ec3 t\u1eadn h\u01b0\u1edfng nh\u1eefng l\u1ee3i \u00edch thay \u0111\u1ed5i s\u1ee9c kh\u1ecfe c\u1ee7a N\u01b0\u1edbc gi\u00e0u Hydrogen ho\u1ea1t \u0111\u1ed9ng m\u1ecdi l\u00fac m\u1ecdi n\u01a1i v\u1edbi ngu\u1ed3n c\u1ea5p \u0111i\u1ec7n: \u0111i\u1ec7n tho\u1ea1i di \u0111\u1ed9ng, laptop, ng\u00e2n h\u00e0ng \u0111i\u1ec7n t\u1eed.<\/p>\n<figure id=\"attachment_65995\" aria-describedby=\"caption-attachment-65995\" style=\"width: 800px\" class=\"wp-caption alignnone\"><img loading=\"lazy\" decoding=\"async\" class=\"size-large wp-image-65995\" src=\"https:\/\/livinghome.vn\/thiet-bi\/wp-content\/uploads\/loc-nuoc\/geyser\/may-loc-nuoc-ion-kiem-geyser\/may-loc-nuoc-ion-kiem-geyser-vuoxa-h2cap-plus\/may-loc-nuoc-ion-kiem-geyser-vuoxa-h2cap-plus-2-800x800.jpg\" alt=\"M\u00e1y \u0111i\u1ec7n gi\u1ea3i n\u01b0\u1edbc ion ki\u1ec1m Vuoxa H2Cap plus\" width=\"800\" height=\"800\" title=\"\"><figcaption id=\"caption-attachment-65995\" class=\"wp-caption-text\">H\u01b0\u1edbng d\u1eabn s\u1eed d\u1ee5ng M\u00e1y \u0111i\u1ec7n gi\u1ea3i n\u01b0\u1edbc ion ki\u1ec1m Vuoxa H2Cap plus<\/figcaption><\/figure>\n<h4><strong>M\u00e1y \u0111i\u1ec7n gi\u1ea3i n\u01b0\u1edbc ion ki\u1ec1m Vuoxa H2Cap plus c\u00f3 \u0111\u1ed9 tin c\u1eady cao<\/strong><\/h4>\n<p>V\u1edbi hi\u1ec7u su\u1ea5t v\u01b0\u1ee3t tr\u1ed9i c\u1ee7a H2CAP Plus \u0111\u01b0\u1ee3c ch\u1ee9ng nh\u1eadn\u00a0<b>ch\u1ee9ng ch\u1ec9: RoHs, KC, KE, JHPA\u00a0<\/b>\u00a0theo ti\u00eau chu\u1ea9n cao nh\u1ea5t.<\/p>\n<figure id=\"attachment_65999\" aria-describedby=\"caption-attachment-65999\" style=\"width: 800px\" class=\"wp-caption alignnone\"><img loading=\"lazy\" decoding=\"async\" class=\"size-large wp-image-65999\" src=\"https:\/\/livinghome.vn\/thiet-bi\/wp-content\/uploads\/loc-nuoc\/geyser\/may-loc-nuoc-ion-kiem-geyser\/may-loc-nuoc-ion-kiem-geyser-vuoxa-h2cap-plus\/may-loc-nuoc-ion-kiem-geyser-vuoxa-h2cap-plus-9-800x800.jpg\" alt=\"M\u00e1y \u0111i\u1ec7n gi\u1ea3i n\u01b0\u1edbc ion ki\u1ec1m Vuoxa H2Cap plus\" width=\"800\" height=\"800\" title=\"\"><figcaption id=\"caption-attachment-65999\" class=\"wp-caption-text\">M\u00e1y \u0111i\u1ec7n gi\u1ea3i n\u01b0\u1edbc ion ki\u1ec1m Vuoxa H2Cap plus \u0111\u1ea1t ch\u1ee9ng nh\u1eadn qu\u1ed1c t\u1ebf<\/figcaption><\/figure>\n<h4><b>C\u00e1c t\u00ednh n\u0103ng th\u00e2n thi\u1ec7n v\u1edbi ng\u01b0\u1eddi d\u00f9ng<\/b><\/h4>\n<p><b><i>Bong b\u00f3ng hydrogen tr\u1ef1c quan<\/i><\/b><\/p>\n<p>B\u1ecdt kh\u00ed hydro \u0111\u01b0\u1ee3c t\u1ea1o ra t\u1eeb H2CAP Plus quan s\u00e1t r\u00f5 gi\u00fap b\u1ea1n c\u00f3 th\u1ec3 th\u1ea5y hydro \u0111\u01b0\u1ee3c t\u1ea1o ra t\u1eeb H2CAP Plus.<\/p>\n<p><b><i>T\u1ef1 \u0111\u1ed9ng b\u00e1o \u0111\u1ed9ng l\u00e0m s\u1ea1ch\u00a0<\/i><\/b><\/p>\n<p>Khi \u0111\u00e8n LED m\u00e0u cam nh\u1ea5p nh\u00e1y l\u00e0 t\u1ef1 \u0111\u1ed9ng b\u00e1o t\u1ea5m v\u00e0 m\u00e0ng c\u1ea7n \u0111\u01b0\u1ee3c l\u00e0m s\u1ea1ch.<\/p>\n<p><b><i>Kh\u00f4i ph\u1ee5c ho\u1ea1t \u0111\u1ed9ng nhanh\u00a0<\/i><\/b><\/p>\n<p>Khi s\u1ea3n ph\u1ea9m kh\u00f4ng \u0111\u01b0\u1ee3c s\u1eed d\u1ee5ng trong th\u1eddi gian d\u00e0i s\u1ebd nhanh ch\u00f3ng ph\u1ee5c h\u1ed3i t\u00ecnh tr\u1ea1ng c\u1ee7a c\u00e1c t\u1ea5m v\u00e0 m\u00e0ng l\u1ecdc t\u1ea1o ra n\u01b0\u1edbc hydro nhanh nh\u1ea5t.<\/p>\n<p><b><i>Cung c\u1ea5p \u0111i\u1ec7n USB<\/i><\/b><\/p>\n<p>Ngu\u1ed3n \u0111i\u1ec7n c\u00f3 s\u1eb5n qua \u0111i\u1ec7n tho\u1ea1i th\u00f4ng minh, pin d\u1ef1 ph\u00f2ng, m\u00e1y t\u00ednh x\u00e1ch tay, PC, v.v.<\/p>\n<p><b><i>Tu\u1ed5i th\u1ecd v\u0129nh vi\u1ec5n<\/i><\/b><\/p>\n<p>V\u00ec H2CAP kh\u00f4ng ch\u1ea1y b\u1eb1ng pin n\u00ean n\u00f3 cho ph\u00e9p tu\u1ed5i th\u1ecd v\u0129nh vi\u1ec5n.<\/p>\n<figure id=\"attachment_65991\" aria-describedby=\"caption-attachment-65991\" style=\"width: 800px\" class=\"wp-caption alignnone\"><img loading=\"lazy\" decoding=\"async\" class=\"size-large wp-image-65991\" src=\"https:\/\/livinghome.vn\/thiet-bi\/wp-content\/uploads\/loc-nuoc\/geyser\/may-loc-nuoc-ion-kiem-geyser\/may-loc-nuoc-ion-kiem-geyser-vuoxa-h2cap-plus\/may-loc-nuoc-ion-kiem-geyser-vuoxa-h2cap-plus-1-800x800.jpg\" alt=\"M\u00e1y \u0111i\u1ec7n gi\u1ea3i n\u01b0\u1edbc ion ki\u1ec1m Vuoxa H2Cap plus\" width=\"800\" height=\"800\" title=\"\"><figcaption id=\"caption-attachment-65991\" class=\"wp-caption-text\">Ch\u1ee9c n\u0103ng th\u00e2n thi\u1ec7n v\u1edbi ng\u01b0\u1eddi d\u00f9ng<\/figcaption><\/figure>\n<blockquote><p>V\u1edbi thi\u1ebft k\u1ebf nh\u1ecf g\u1ecdn, d\u1ec5 d\u00e0ng mang theo b\u00ean ng\u01b0\u1eddi m\u1ecdi l\u00fac m\u1ecdi n\u01a1i. M\u00e1y \u0111i\u1ec7n gi\u1ea3i n\u01b0\u1edbc Vuoxa H2CAP l\u00e0 s\u1ea3n ph\u1ea9m \u0111\u01b0\u1ee3c \u01b0a chu\u1ed9ng v\u00e0 tr\u1edf th\u00e0nh v\u1eadt b\u1ea5t ly th\u00e2n c\u1ee7a m\u1ed7i ng\u01b0\u1eddi gi\u00fap ch\u0103m s\u00f3c s\u1ee9c kh\u1ecfe to\u00e0n di\u1ec7n.<\/p><\/blockquote>\n","protected":false},"excerpt":{"rendered":"<p style=\"text-align: left;\"><strong>M\u00e1y \u0111i\u1ec7n gi\u1ea3i n\u01b0\u1edbc ion ki\u1ec1m Vuoxa H2Cap plus c\u1ea7m tay<\/strong> l\u00e0 m\u1ed9t s\u1ea3n ph\u1ea9m cao c\u1ea5p \u0111\u00e3 nh\u1eadn \u0111\u01b0\u1ee3c h\u00e0ng lo\u1ea1t gi\u1ea3i th\u01b0\u1edfng thi\u1ebft k\u1ebf t\u1ea1i H\u00e0n Qu\u1ed1c, gi\u00fap b\u1ea1n d\u1ec5 d\u00e0ng b\u1ed5 sung n\u01b0\u1edbc u\u1ed1ng gi\u00e0u hydrogen m\u1ecdi l\u00fac m\u1ecdi n\u01a1i<\/p>\n","protected":false},"featured_media":3667,"comment_status":"open","ping_status":"closed","template":"","meta":[],"product_brand":[],"product_cat":[399,412,413],"product_tag":[417,404,431,423,430],"class_list":{"0":"post-3578","1":"product","2":"type-product","3":"status-publish","4":"has-post-thumbnail","6":"product_cat-may-loc-nuoc","7":"product_cat-may-loc-nuoc-geyser","8":"product_cat-thuong-hieu-geyser","9":"product_tag-geyser","10":"product_tag-may-loc-nuoc","11":"product_tag-may-loc-nuoc-cam-tay","12":"product_tag-may-loc-nuoc-geyser","13":"product_tag-may-loc-nuoc-ion-kiem","15":"first","16":"instock","17":"shipping-taxable","18":"product-type-simple"},"_links":{"self":[{"href":"https:\/\/livinghome.vn\/thiet-bi\/wp-json\/wp\/v2\/product\/3578","targetHints":{"allow":["GET"]}}],"collection":[{"href":"https:\/\/livinghome.vn\/thiet-bi\/wp-json\/wp\/v2\/product"}],"about":[{"href":"https:\/\/livinghome.vn\/thiet-bi\/wp-json\/wp\/v2\/types\/product"}],"replies":[{"embeddable":true,"href":"https:\/\/livinghome.vn\/thiet-bi\/wp-json\/wp\/v2\/comments?post=3578"}],"wp:featuredmedia":[{"embeddable":true,"href":"https:\/\/livinghome.vn\/thiet-bi\/wp-json\/wp\/v2\/media\/3667"}],"wp:attachment":[{"href":"https:\/\/livinghome.vn\/thiet-bi\/wp-json\/wp\/v2\/media?parent=3578"}],"wp:term":[{"taxonomy":"product_brand","embeddable":true,"href":"https:\/\/livinghome.vn\/thiet-bi\/wp-json\/wp\/v2\/product_brand?post=3578"},{"taxonomy":"product_cat","embeddable":true,"href":"https:\/\/livinghome.vn\/thiet-bi\/wp-json\/wp\/v2\/product_cat?post=3578"},{"taxonomy":"product_tag","embeddable":true,"href":"https:\/\/livinghome.vn\/thiet-bi\/wp-json\/wp\/v2\/product_tag?post=3578"}],"curies":[{"name":"wp","href":"https:\/\/api.w.org\/{rel}","templated":true}]}}