{"id":3576,"date":"2023-01-12T18:16:06","date_gmt":"2023-01-12T18:16:06","guid":{"rendered":"https:\/\/livinghome.vn\/thiet-bi\/?post_type=product&#038;p=3576"},"modified":"2024-11-29T14:20:18","modified_gmt":"2024-11-29T07:20:18","slug":"may-loc-nuoc-ion-canxi-geyser-ecotar-8-nhap-khau-chau-au","status":"publish","type":"product","link":"https:\/\/livinghome.vn\/thiet-bi\/may-loc-nuoc-ion-canxi-geyser-ecotar-8-nhap-khau-chau-au\/","title":{"rendered":"M\u00e1y l\u1ecdc n\u01b0\u1edbc Ion Canxi Geyser Ecotar 8 nh\u1eadp kh\u1ea9u ch\u00e2u \u00c2u"},"content":{"rendered":"<h2><strong>S\u1ea3n ph\u1ea9m M\u00e1y l\u1ecdc n\u01b0\u1edbc Ion Canxi Geyser Ecotar 8 nh\u1eadp kh\u1ea9u ch\u00e2u \u00c2u<\/strong><\/h2>\n<p><strong>M\u00e1y l\u1ecdc n\u01b0\u1edbc Ion Canxi Geyser Ecotar 8<\/strong> \u0111\u01b0\u1ee3c thi\u1ebft k\u1ebf hi\u1ec7n \u0111\u1ea1i, d\u1ef1a tr\u00ean c\u00f4ng ngh\u1ec7 ti\u00ean ti\u1ebfn, gi\u00fap ngu\u1ed3n n\u01b0\u1edbc c\u1ee7a b\u1ea1n c\u00f3 \u0111\u01b0\u1ee3c d\u00f2ng n\u01b0\u1edbc s\u1ea1ch s\u1ebd, tinh khi\u1ebft nh\u1ea5t m\u00e0 kh\u00f4ng c\u1ea7n \u0111un s\u00f4i, l\u00e0 s\u1ef1 l\u1ef1a ch\u1ecdn kh\u00f4ng th\u1ec3 b\u1ecf qua n\u1ebfu b\u1ea1n mu\u1ed1n d\u00e0nh cho cu\u1ed9c s\u1ed1ng hi\u1ec7n \u0111\u1ea1i, ti\u1ec7n nghi.<\/p>\n<blockquote><p>M\u00e1y l\u1ecdc n\u01b0\u1edbc Ion Canxi Geyser Ecotar 8 l\u00e0 d\u00f2ng s\u1ea3n ph\u1ea9m \u0111\u01b0\u1ee3c thi\u1ebft k\u1ebf d\u1ef1a tr\u00ean c\u00f4ng ngh\u1ec7 UniTech hi\u1ec7n \u0111\u1ea1i nh\u1ea5t, \u0111em t\u1edbi s\u1ef1 ti\u1ec7n l\u1ee3i t\u1ed1i \u0111a cho ng\u01b0\u1eddi d\u00f9ng.<\/p><\/blockquote>\n<p>\u0110\u00e2y l\u00e0 s\u1ea3n ph\u1ea9m \u0111\u01b0\u1ee3c r\u1ea5t nhi\u1ec1u ng\u01b0\u1eddi ti\u00eau d\u00f9ng l\u1ef1a ch\u1ecdn \u0111\u1ec3 c\u00f3 \u0111\u01b0\u1ee3c ngu\u1ed3n n\u01b0\u1edbc s\u1ea1ch.<\/p>\n<figure id=\"attachment_65973\" aria-describedby=\"caption-attachment-65973\" style=\"width: 800px\" class=\"wp-caption alignnone\"><img loading=\"lazy\" decoding=\"async\" class=\"size-large wp-image-65973\" src=\"https:\/\/livinghome.vn\/thiet-bi\/wp-content\/uploads\/loc-nuoc\/geyser\/may-loc-nuoc-ion-canxi-geyser\/may-loc-nuoc-ion-canxi-geyser-ecotar-8\/may-loc-nuoc-ion-canxi-geyser-ecotar-8-2-1-800x800.jpg\" alt=\"M\u00e1y l\u1ecdc n\u01b0\u1edbc Ion Canxi Geyser Ecotar 8 nh\u1eadp kh\u1ea9u ch\u00e2u \u00c2u \" width=\"800\" height=\"800\" title=\"\"><figcaption id=\"caption-attachment-65973\" class=\"wp-caption-text\">M\u00e1y l\u1ecdc n\u01b0\u1edbc Ion Canxi Geyser Ecotar 8 l\u00e0 l\u1ef1a ch\u1ecdn th\u00f4ng minh cho gia \u0111\u00ecnh hi\u1ec7n \u0111\u1ea1i<\/figcaption><\/figure>\n<h3><strong>Th\u00f4ng s\u1ed1 k\u1ef9 thu\u1eadt<\/strong><\/h3>\n<table>\n<tbody>\n<tr>\n<td>M\u00e3 s\u1ea3n ph\u1ea9m<\/td>\n<td>Ecotar 8<\/td>\n<\/tr>\n<tr>\n<td>Th\u01b0\u01a1ng hi\u1ec7u<\/td>\n<td>Geyser<\/td>\n<\/tr>\n<tr>\n<td>K\u00edch th\u01b0\u1edbc<\/td>\n<td>380mm x 310mm x 140mm<\/td>\n<\/tr>\n<tr>\n<td>Tr\u1ecdng l\u01b0\u1ee3ng<\/td>\n<td>4.8 kg<\/td>\n<\/tr>\n<tr>\n<td>V\u1ecb tr\u00ed l\u1eafp \u0111\u1eb7t<\/td>\n<td>Treo t\u01b0\u1eddng ho\u1eb7c \u0111\u1ec3 d\u01b0\u1edbi ch\u1eadu r\u1eeda<\/td>\n<\/tr>\n<tr>\n<td>S\u1ed1 l\u00f5i l\u1ecdc<\/td>\n<td>3 l\u00f5i ch\u00ednh<\/td>\n<\/tr>\n<tr>\n<td>C\u00f4ng ngh\u1ec7<\/td>\n<td>UniTECH v\u00e0 NANO k\u00e9p<\/td>\n<\/tr>\n<tr>\n<td>C\u00f4ng su\u1ea5t<\/td>\n<td>(T\u1ed1i \u0111a) 180l\/ gi\u1edd<\/td>\n<\/tr>\n<tr>\n<td>T\u00ednh n\u0103ng \u0111\u1eb7c bi\u1ec7t<\/td>\n<td>T\u1ea1o ra ngu\u1ed3n n\u01b0\u1edbc u\u1ed1ng s\u1ea1ch \u0111\u1ea1t ti\u00eau chu\u1ea9n, ch\u1ee9a ion Canxi, Magie d\u1ec5 h\u1ea5p th\u1ee5<\/td>\n<\/tr>\n<tr>\n<td>Xu\u1ea5t x\u1ee9<\/td>\n<td>Li\u00ean Bang Nga<\/td>\n<\/tr>\n<tr>\n<td>Model<\/td>\n<td>New Model 2019<\/td>\n<\/tr>\n<tr>\n<td>Th\u1eddi gian b\u1ea3o h\u00e0nh<\/td>\n<td>36 th\u00e1ng<\/td>\n<\/tr>\n<tr>\n<td>T\u00ednh n\u0103ng<\/td>\n<td>M\u00e1y l\u1ecdc n\u01b0\u1edbc \u0103n u\u1ed1ng<\/td>\n<\/tr>\n<\/tbody>\n<\/table>\n<h3><strong>C\u00f4ng ngh\u1ec7 m\u1edbi nh\u1ea5t<\/strong><\/h3>\n<h4><strong>C\u00f4ng ngh\u1ec7 UniTech l\u00e0 g\u00ec?<\/strong><\/h4>\n<p><strong>C\u00f4ng ngh\u1ec7 Unitech<\/strong>\u00a0l\u00e0 s\u1ef1 k\u1ebft h\u1ee3p c\u1ee7a 3 l\u00f5i l\u1ecdc li\u1ec1n k\u1ec1 nhau, kh\u00f4ng th\u1ec3 t\u00e1ch r\u1eddi. C\u00f4ng ngh\u1ec7 Unitech \u0111\u01b0\u1ee3c Geyser nghi\u00ean c\u1ee9u v\u00e0 ph\u00e1t tri\u1ec3n d\u1ef1a tr\u00ean \u0111\u1eb7c t\u00ednh c\u1ee7a ngu\u1ed3n n\u01b0\u1edbc Vi\u1ec7t Nam. Tuy nhi\u00ean, khi c\u1ea7n ph\u1ea3i thay l\u00f5i l\u1ecdc, th\u00ec ph\u1ea3i thay tr\u1ecdn b\u1ed9 3 l\u00f5i.<\/p>\n<h4><strong>C\u00f4ng ngh\u1ec7 l\u1ecdc MAET<\/strong><\/h4>\n<p>C\u00f4ng\u00a0 ngh\u1ec7 l\u1ecdc MAET (The most Advance Ecotar Technology) c\u1ee7a M\u00e1y l\u1ecdc n\u01b0\u1edbc Ion Canxi Geyser Ecotar 8\u00a0l\u00e0 d\u00f2ng c\u00f4ng ngh\u1ec7 t\u1ed5ng h\u1ee3p 6 in 1 c\u00f3 kh\u1ea3 n\u0103ng lo\u1ea1i b\u1ecf t\u1ed1i \u01b0u nh\u1ea5t c\u00e1c c\u1eb7n b\u1ea9n, kim lo\u1ea1i n\u1eb7ng, vi khu\u1ea9n, ch\u1ea5t h\u1eefu c\u01a1,\u2026 c\u00f3 trong n\u01b0\u1edbc.<\/p>\n<h4><strong>C\u00f4ng ngh\u1ec7 l\u1ecdc nano MAAT\u00a0<\/strong><\/h4>\n<p>C\u00f4ng ngh\u1ec7 l\u1ecdc nano MAAT (The most Advance Aragon Technology) s\u1eed d\u1ee5ng v\u1eadt li\u1ec7u polymer c\u00f3 t\u00e1c d\u1ee5ng lo\u1ea1i b\u1ecf c\u1eb7n, thu\u1ed1c tr\u1eeb s\u00e2u, ch\u1ea5t h\u1eefu c\u01a1, clo, t\u00e1c nh\u00e2n g\u00e2y ung th\u01b0,\u2026 b\u1eb1ng c\u01a1 ch\u1ebf h\u1ea5p ph\u1ee5. Lo\u1ea1i b\u1ecf ion \u00e2m, kim lo\u1ea1i n\u1eb7ng theo c\u01a1 ch\u1ebf trao \u0111\u1ed5i ion. \u0110\u1ed3ng th\u1eddi, lo\u1ea1i b\u1ecf vi khu\u1ea9n, virus, l\u00e0m n\u01b0\u1edbc c\u00f3 v\u1ecb ngon h\u01a1n b\u1eb1ng nano b\u1ea1c v\u00e0 tr\u01b0\u1eddng t\u0129nh \u0111i\u1ec7n.<\/p>\n<p>\u0110\u1eb7c bi\u1ec7t, c\u00f4ng ngh\u1ec7 MAAT gi\u00fap gi\u1eef l\u1ea1i nh\u1eefng tinh th\u1ec3 Canxi \u1edf d\u1ea1ng ION CANXI ARAGONITE m\u00e0 c\u01a1 th\u1ec3 con ng\u01b0\u1eddi d\u1ec5 h\u1ea5p th\u1ee5 nh\u1ea5t.<\/p>\n<h4><strong>C\u00f4ng ngh\u1ec7 l\u1ecdc MANAT\u00a0<\/strong><\/h4>\n<p>C\u00f4ng ngh\u1ec7 l\u1ecdc MANAT (The most Advance Nano Aluminium Technology) hay c\u00f2n g\u1ecdi l\u00e0 C\u00f4ng ngh\u1ec7 Nano Aluminium kh\u00f4ng ch\u1ec9 \u1ee9ng d\u1ee5ng hi\u1ec7u qu\u1ea3 trong vi\u1ec7c x\u1eed l\u00fd n\u01b0\u1edbc m\u00e0 c\u00f2n trong x\u1eed l\u00fd \u00f4 nhi\u1ec5m kh\u00f4ng kh\u00ed.<\/p>\n<p>C\u00f4ng ngh\u1ec7 n\u00e0y s\u1eed d\u1ee5ng tr\u01b0\u1eddng t\u0129nh \u0111i\u1ec7n nh\u1eb1m lo\u1ea1i b\u1ecf t\u1ed1i \u0111a nguy c\u01a1 t\u00e1i nhi\u1ec5m khu\u1ea9n, lo\u1ea1i b\u1ecf t\u00e1c nh\u00e2n g\u00e2y ung th\u01b0, ch\u1ea5t \u0111\u1ed9c t\u1ed3n d\u01b0, thu\u1ed1c tr\u1eeb s\u00e2u,\u2026 Kh\u00f4ng ch\u1ec9 \u0111\u1ea3m b\u1ea3o \u0111\u1ed9 s\u1ea1ch cho n\u01b0\u1edbc m\u00e0 c\u00f2n t\u0103ng th\u00eam v\u1ecb ngon, ng\u1ecdt h\u01a1n khi u\u1ed1ng.<\/p>\n<figure id=\"attachment_65969\" aria-describedby=\"caption-attachment-65969\" style=\"width: 1020px\" class=\"wp-caption alignnone\"><img loading=\"lazy\" decoding=\"async\" class=\"size-large wp-image-65969\" src=\"https:\/\/livinghome.vn\/thiet-bi\/wp-content\/uploads\/loc-nuoc\/geyser\/may-loc-nuoc-ion-canxi-geyser\/may-loc-nuoc-ion-canxi-geyser-ecotar-8\/may-loc-nuoc-ion-canxi-geyser-ecotar-8-7-1-1068x800.jpg\" alt=\"M\u00e1y l\u1ecdc n\u01b0\u1edbc Ion Canxi Geyser Ecotar 8 nh\u1eadp kh\u1ea9u ch\u00e2u \u00c2u \" width=\"1020\" height=\"764\" title=\"\"><figcaption id=\"caption-attachment-65969\" class=\"wp-caption-text\">M\u00e1y l\u1ecdc n\u01b0\u1edbc Ion Canxi Geyser Ecotar 8 th\u00f4ng minh gi\u00fap ti\u1ebft ki\u1ec7m h\u01a1n v\u1edbi l\u00f5i l\u1ecdc li\u00ean ho\u00e0n<\/figcaption><\/figure>\n<h3><strong>\u01afu \u0111i\u1ec3m v\u01b0\u1ee3t tr\u1ed9i<\/strong><\/h3>\n<ul>\n<li>Trang b\u1ecb b\u00e1t l\u1ecdc nguy\u00ean kh\u1ed1i: v\u1edbi m\u1ee5c \u0111\u00edch nh\u1eadn bi\u1ebft h\u00e0ng gi\u1ea3, h\u00e0ng nh\u00e1i; tr\u00e1nh vi khu\u1ea9n x\u00e2m nh\u1eadp; tr\u00e1nh r\u00f2 r\u1ec9.<\/li>\n<li>L\u1ecdc n\u01b0\u1edbc s\u1ea1ch tr\u1ef1c ti\u1ebfp, nhanh ch\u00f3ng, kh\u00f4ng c\u1ea7n \u0111un s\u00f4i.<\/li>\n<li>Gi\u1eef l\u1ea1i kho\u00e1ng ch\u1ea5t c\u1ea7n thi\u1ebft, t\u1ed1t cho s\u1ee9c kh\u1ecfe.<\/li>\n<li>Ti\u1ebft ki\u1ec7m chi ph\u00ed, th\u00e2n thi\u1ec7n v\u1edbi m\u00f4i tr\u01b0\u1eddng.<\/li>\n<li>\u0110a d\u1ea1ng v\u1ecb tr\u00ed l\u1eafp \u0111\u1eb7t.<\/li>\n<li>C\u00e1c t\u1ea1p ch\u1ea5t m\u00e1y c\u00f3 th\u1ec3 lo\u1ea1i b\u1ecf: C\u00e1c t\u1ea1p ch\u1ea5t, c\u1eb7n b\u1ea9n, clo v\u00e0 c\u00e1c kim lo\u1ea1i n\u1eb7ng trong n\u01b0\u1edbc nh\u01b0: Asen, ch\u00ec, s\u1eaft, th\u1ee7y ng\u00e2n, \u0111\u1eb7c bi\u1ec7t l\u00e0 vi khu\u1ea9n, vi-r\u00fat nh\u01b0 vi khu\u1ea9n \u0111\u01b0\u1eddng ru\u1ed9t E.Coli, Coliform, Rota Virus, Virus tu\u00fdp A,\u2026<\/li>\n<\/ul>\n<h3><strong>L\u1ee3i \u00edch s\u1ea3n ph\u1ea9m<\/strong><\/h3>\n<p>N\u01b0\u1edbc ion canxi l\u00e0 lo\u1ea1i n\u01b0\u1edbc c\u00f3 canxi n\u1eb1m \u1edf th\u1ec3 Aragonite. D\u1ea1ng tinh th\u1ec3 canxi Aragonite gi\u00fap c\u01a1 th\u1ec3 d\u1ec5 d\u00e0ng h\u1ea5p th\u1ee5 canxi so v\u1edbi canxi th\u00f4ng th\u01b0\u1eddng.<\/p>\n<p>ION CANXI Aragonite \u2013 M\u1ed9t d\u1ea1ng c\u1ea5u tr\u00fac canxi thanh m\u1ea3nh \u0111\u01b0\u1ee3c t\u1ea1o ra b\u1edfi c\u00f4ng ngh\u1ec7 \u0111\u1eb7c bi\u1ec7t c\u1ee7a M\u00e1y l\u1ecdc n\u01b0\u1edbc Ion Canxi Geyser Ecotar 8 (Patent s\u1ed1 2286953) \u2013 Mang l\u1ea1i nh\u1eefng l\u1ee3i \u00edch v\u01b0\u1ee3t tr\u1ed9i cho c\u01a1 th\u1ec3 so v\u1edbi canxi th\u00f4ng th\u01b0\u1eddng. T\u00e1c d\u1ee5ng c\u1ee7a n\u01b0\u1edbc ION CANXI aragonite \u0111\u1ed1i v\u1edbi c\u01a1 th\u1ec3 s\u1ed1ng bao g\u1ed3m gi\u00fap t\u0103ng c\u01b0\u1eddng h\u1ea5p thu canxi, c\u1ea3i thi\u1ec7n c\u00e1c ch\u1ee9c n\u0103ng c\u1ee7a \u0111\u01b0\u1eddng ti\u00eau h\u00f3a v\u00e0 gan, gi\u1ea3m t\u1ea3i cho th\u1eadn v\u00e0 gi\u1ea3m nguy c\u01a1 s\u1ecfi th\u1eadn,\u2026 \u0111\u00e3 \u0111\u01b0\u1ee3c nghi\u00ean c\u1ee9u t\u1ea1i Vi\u1ec7n Y t\u1ebf Qu\u00e2n \u0110\u1ed9i (St. Petersburg).<\/p>\n<h4><strong>Gi\u00fap tr\u1ebb ph\u00e1t tri\u1ec3n nhanh, th\u00f4ng minh h\u01a1n\u00a0<\/strong><\/h4>\n<p><a href=\"https:\/\/vi.wikipedia.org\/wiki\/Calci\" target=\"_blank\" rel=\"noopener nofollow\">Canxi<\/a> l\u00e0 th\u00e0nh ph\u1ea7n kh\u00f4ng th\u1ec3 thi\u1ebfu trong vi\u1ec7c h\u00ecnh th\u00e0nh v\u00e0 ph\u00e1t tri\u1ec3n x\u01b0\u01a1ng, r\u0103ng c\u1ee7a tr\u1ebb nh\u1ecf. B\u00ean c\u1ea1nh \u0111\u00f3, canxi c\u00f2n gi\u00fap t\u0103ng c\u01b0\u1eddng s\u1ee9c kh\u1ecfe c\u1ee7a h\u1ec7 th\u1ea7n kinh, h\u1ec7 mi\u1ec5n d\u1ecbch v\u00e0 c\u01a1 b\u1eafp. Vi\u1ec7c b\u1ed5 sung canxi d\u1ea1ng th\u1ec3 Aragonite s\u1ebd gi\u00fap tr\u1ebb kh\u1ecfe m\u1ea1nh v\u00e0 ph\u00e1t tri\u1ec3n m\u1ed9t c\u00e1ch to\u00e0n di\u1ec7n nh\u1ea5t.<\/p>\n<h4><strong>N\u00e2ng cao s\u1ee9c kho\u1ebb cho ng\u01b0\u1eddi l\u1edbn tu\u1ed5i\u00a0<\/strong><\/h4>\n<p>Ng\u01b0\u1eddi cao tu\u1ed5i l\u00e0 \u0111\u1ed1i t\u01b0\u1ee3ng d\u1ec5 m\u1eafc b\u1ec7nh lo\u00e3ng x\u01b0\u01a1ng v\u00e0 c\u00e1c b\u1ec7nh v\u1ec1 x\u01b0\u01a1ng kh\u1edbp. Do \u0111\u00f3, \u1edf tu\u1ed5i n\u00e0y l\u01b0\u1ee3ng canxi c\u1ea7n \u0111\u01b0\u1ee3c b\u1ed5 sung th\u01b0\u1eddng xuy\u00ean v\u1edbi h\u00e0m l\u01b0\u1ee3ng cao. Vi\u1ec7c b\u1ed5 sung canxi d\u1ea1ng Aragonite s\u1ebd gi\u00fap c\u01a1 th\u1ec3 h\u1ea5p th\u1ee5 canxi nhanh h\u01a1n, ng\u0103n ch\u1eb7n qu\u00e1 tr\u00ecnh l\u00e3o h\u00f3a, lo\u00e3ng x\u01b0\u01a1ng \u1edf ng\u01b0\u1eddi gi\u00e0.<\/p>\n<figure id=\"attachment_65966\" aria-describedby=\"caption-attachment-65966\" style=\"width: 1020px\" class=\"wp-caption alignnone\"><img loading=\"lazy\" decoding=\"async\" class=\"size-large wp-image-65966\" src=\"https:\/\/livinghome.vn\/thiet-bi\/wp-content\/uploads\/loc-nuoc\/geyser\/may-loc-nuoc-ion-canxi-geyser\/may-loc-nuoc-ion-canxi-geyser-ecotar-8\/may-loc-nuoc-ion-canxi-geyser-ecotar-8-4-1-1067x800.jpg\" alt=\"M\u00e1y l\u1ecdc n\u01b0\u1edbc Ion Canxi Geyser Ecotar 8 nh\u1eadp kh\u1ea9u ch\u00e2u \u00c2u \" width=\"1020\" height=\"765\" title=\"\"><figcaption id=\"caption-attachment-65966\" class=\"wp-caption-text\">M\u00e1y l\u1ecdc n\u01b0\u1edbc Ion Canxi Geyser Ecotar 8 g\u00f3p ph\u1ea7n b\u1ea3o v\u1ec7 s\u1ee9c kh\u1ecfe to\u00e0n di\u1ec7n c\u1ee7a ng\u01b0\u1eddi l\u1edbn tu\u1ed5i<\/figcaption><\/figure>\n<h4><strong>B\u1ed5 sung d\u01b0\u1ee1ng ch\u1ea5t cho m\u1eb9 b\u1ea7u\u00a0<\/strong><\/h4>\n<p>\u1ede ph\u1ee5 n\u1eef c\u00f3 thai, nhu c\u1ea7u v\u1ec1 canxi g\u1ea5p \u0111\u00f4i ng\u01b0\u1eddi b\u00ecnh th\u01b0\u1eddng. Canxi kh\u00f4ng ch\u1ec9 gi\u00fap c\u1ee7ng c\u1ed1 h\u1ec7 th\u1ed1ng x\u01b0\u01a1ng kh\u1edbp c\u1ee7a m\u1eb9 b\u1ea7u m\u00e0 c\u00f2n \u0111\u00f3ng vai tr\u00f2 quan tr\u1ecdng trong vi\u1ec7c h\u00ecnh th\u00e0nh x\u01b0\u01a1ng c\u1ee7a thai nhi. B\u1ed5 sung canxi trong n\u01b0\u1edbc u\u1ed1ng t\u1eeb M\u00e1y l\u1ecdc n\u01b0\u1edbc Ion Canxi Geyser Ecotar 8\u00a0h\u00e0ng ng\u00e0y s\u1ebd g\u00f3p ph\u1ea7n t\u0103ng c\u01b0\u1eddng s\u1ee9c kh\u1ecfe c\u1ee7a m\u1eb9 v\u00e0 b\u00e9.<\/p>\n<h3><strong>S\u01a1 \u0111\u1ed3 l\u1eafp \u0111\u1eb7t<\/strong><\/h3>\n<figure id=\"attachment_65970\" aria-describedby=\"caption-attachment-65970\" style=\"width: 1020px\" class=\"wp-caption alignnone\"><img loading=\"lazy\" decoding=\"async\" class=\"size-large wp-image-65970\" src=\"https:\/\/livinghome.vn\/thiet-bi\/wp-content\/uploads\/loc-nuoc\/geyser\/may-loc-nuoc-ion-canxi-geyser\/may-loc-nuoc-ion-canxi-geyser-ecotar-8\/may-loc-nuoc-ion-canxi-geyser-ecotar-8-8-1-1067x800.jpg\" alt=\"M\u00e1y l\u1ecdc n\u01b0\u1edbc Ion Canxi Geyser Ecotar 8 nh\u1eadp kh\u1ea9u ch\u00e2u \u00c2u \" width=\"1020\" height=\"765\" title=\"\"><figcaption id=\"caption-attachment-65970\" class=\"wp-caption-text\">Ph\u1ee5 ki\u1ec7n \u0111i k\u00e8m M\u00e1y l\u1ecdc n\u01b0\u1edbc Ion Canxi Geyser Ecotar 8<\/figcaption><\/figure>\n<p>&nbsp;<\/p>\n<figure id=\"attachment_65971\" aria-describedby=\"caption-attachment-65971\" style=\"width: 1020px\" class=\"wp-caption alignnone\"><img loading=\"lazy\" decoding=\"async\" class=\"size-large wp-image-65971\" src=\"https:\/\/livinghome.vn\/thiet-bi\/wp-content\/uploads\/loc-nuoc\/geyser\/may-loc-nuoc-ion-canxi-geyser\/may-loc-nuoc-ion-canxi-geyser-ecotar-8\/may-loc-nuoc-ion-canxi-geyser-ecotar-8-9-1-1068x800.jpg\" alt=\"M\u00e1y l\u1ecdc n\u01b0\u1edbc Ion Canxi Geyser Ecotar 8 nh\u1eadp kh\u1ea9u ch\u00e2u \u00c2u \" width=\"1020\" height=\"764\" title=\"\"><figcaption id=\"caption-attachment-65971\" class=\"wp-caption-text\">S\u01a1 \u0111\u1ed3 l\u1eafp \u0111\u1eb7t M\u00e1y l\u1ecdc n\u01b0\u1edbc Ion Canxi Geyser Ecotar 8<\/figcaption><\/figure>\n<p>&nbsp;<\/p>\n<figure id=\"attachment_65968\" aria-describedby=\"caption-attachment-65968\" style=\"width: 1020px\" class=\"wp-caption alignnone\"><img loading=\"lazy\" decoding=\"async\" class=\"size-large wp-image-65968\" src=\"https:\/\/livinghome.vn\/thiet-bi\/wp-content\/uploads\/loc-nuoc\/geyser\/may-loc-nuoc-ion-canxi-geyser\/may-loc-nuoc-ion-canxi-geyser-ecotar-8\/may-loc-nuoc-ion-canxi-geyser-ecotar-8-5-1-1067x800.jpg\" alt=\"M\u00e1y l\u1ecdc n\u01b0\u1edbc Ion Canxi Geyser Ecotar 8 nh\u1eadp kh\u1ea9u ch\u00e2u \u00c2u \" width=\"1020\" height=\"765\" title=\"\"><figcaption id=\"caption-attachment-65968\" class=\"wp-caption-text\">H\u00ecnh \u1ea3nh l\u1eafp \u0111\u1eb7t th\u1ef1c t\u1ebf M\u00e1y l\u1ecdc n\u01b0\u1edbc Ion Canxi Geyser Ecotar 8<\/figcaption><\/figure>\n<h3><strong>Ki\u1ec3m tra ch\u00ednh h\u00e3ng<\/strong><\/h3>\n<ul>\n<li><strong>S\u1ed1 serial tr\u00ean gi\u1ea5y CO, CQ c\u1ee7a s\u1ea3n ph\u1ea9m\u00a0<\/strong><\/li>\n<\/ul>\n<p>M\u1ed7i s\u1ea3n ph\u1ea9m M\u00e1y l\u1ecdc n\u01b0\u1edbc Ion Canxi Geyser Ecotar 8\u00a0\u0111\u1ec1u c\u00f3 ch\u1ee9ng nh\u1eadn gi\u1ea5y CO, CQ. Kh\u00e1ch h\u00e0ng c\u00f3 th\u1ec3 ki\u1ec3m tra h\u00e0ng ch\u00ednh h\u00e3ng b\u1eb1ng c\u00e1ch \u0111\u1ed1i chi\u1ebfu s\u1ed1 series tr\u00ean m\u00e1y v\u00e0 s\u1ed1 series tr\u00ean gi\u1ea5y CO, CQ.<\/p>\n<figure id=\"attachment_65967\" aria-describedby=\"caption-attachment-65967\" style=\"width: 1020px\" class=\"wp-caption alignnone\"><img loading=\"lazy\" decoding=\"async\" class=\"size-large wp-image-65967\" src=\"https:\/\/livinghome.vn\/thiet-bi\/wp-content\/uploads\/loc-nuoc\/geyser\/may-loc-nuoc-ion-canxi-geyser\/may-loc-nuoc-ion-canxi-geyser-ecotar-8\/may-loc-nuoc-ion-canxi-geyser-ecotar-8-6-1-1067x800.jpg\" alt=\"M\u00e1y l\u1ecdc n\u01b0\u1edbc Ion Canxi Geyser Ecotar 8 nh\u1eadp kh\u1ea9u ch\u00e2u \u00c2u \" width=\"1020\" height=\"765\" title=\"\"><figcaption id=\"caption-attachment-65967\" class=\"wp-caption-text\">M\u00e1y l\u1ecdc n\u01b0\u1edbc Ion Canxi Geyser Ecotar 8 c\u00f3 gi\u1ea5y ch\u1ee9ng nh\u1eadn CO, CQ<\/figcaption><\/figure>\n<ul>\n<li><strong>X\u00e1c minh ch\u00ednh h\u00e3ng tr\u00ean v\u1ecf h\u1ed9p th\u00f4ng qua QR code<\/strong><\/li>\n<\/ul>\n<p>Kh\u00e1ch h\u00e0ng c\u00f3 th\u1ec3 t\u1ea3i c\u00e1c app check m\u00e3 QR tr\u00ean \u0111i\u1ec7n tho\u1ea1i v\u00e0 qu\u00e9t m\u00e3 QR c\u1ee7a s\u1ea3n ph\u1ea9m \u0111\u01b0\u1ee3c \u0111\u00ednh k\u00e8m tr\u00ean m\u00e1y.<\/p>\n<figure id=\"attachment_65974\" aria-describedby=\"caption-attachment-65974\" style=\"width: 1020px\" class=\"wp-caption alignnone\"><img loading=\"lazy\" decoding=\"async\" class=\"size-large wp-image-65974\" src=\"https:\/\/livinghome.vn\/thiet-bi\/wp-content\/uploads\/loc-nuoc\/geyser\/may-loc-nuoc-ion-canxi-geyser\/may-loc-nuoc-ion-canxi-geyser-ecotar-8\/may-loc-nuoc-ion-canxi-geyser-ecotar-8-3-1-1067x800.jpg\" alt=\"M\u00e1y l\u1ecdc n\u01b0\u1edbc Ion Canxi Geyser Ecotar 8 nh\u1eadp kh\u1ea9u ch\u00e2u \u00c2u \" width=\"1020\" height=\"765\" title=\"\"><figcaption id=\"caption-attachment-65974\" class=\"wp-caption-text\">Ki\u1ec3m tra ch\u00ednh h\u00e3ng b\u1eb1ng m\u00e3 QR tr\u00ean v\u1ecf h\u1ed9p<\/figcaption><\/figure>\n<ul>\n<li><strong>B\u1ea3o h\u00e0nh \u0111i\u1ec7n t\u1eed<\/strong><\/li>\n<\/ul>\n<p>Kh\u00e1ch h\u00e0ng c\u00f3 th\u1ec3 x\u00e1c th\u1ef1c s\u1ea3n ph\u1ea9m ch\u00ednh h\u00e3ng b\u1eb1ng c\u00e1ch c\u00e0o nh\u1eb9 l\u1edbp b\u1ea1c tr\u00ean tem \u0111\u1ec3 th\u1ea5y s\u1ed1 series. G\u1eedi s\u1ed1 series theo c\u00fa ph\u00e1p TM\u00e3 s\u1ed1 x\u00e1c th\u1ef1c tr\u00ean tem \u0111\u1ebfn 8137. T\u1ed5ng \u0111\u00e0i s\u1ebd g\u1eedi l\u1ea1i c\u00e1c th\u00f4ng tin v\u1ec1 s\u1ea3n ph\u1ea9m.<\/p>\n<figure id=\"attachment_65972\" aria-describedby=\"caption-attachment-65972\" style=\"width: 800px\" class=\"wp-caption alignnone\"><img loading=\"lazy\" decoding=\"async\" class=\"size-large wp-image-65972\" src=\"https:\/\/livinghome.vn\/thiet-bi\/wp-content\/uploads\/loc-nuoc\/geyser\/may-loc-nuoc-ion-canxi-geyser\/may-loc-nuoc-ion-canxi-geyser-ecotar-8\/may-loc-nuoc-ion-canxi-geyser-ecotar-8-1-1-800x800.jpg\" alt=\"M\u00e1y l\u1ecdc n\u01b0\u1edbc Ion Canxi Geyser Ecotar 8 nh\u1eadp kh\u1ea9u ch\u00e2u \u00c2u \" width=\"800\" height=\"800\" title=\"\"><figcaption id=\"caption-attachment-65972\" class=\"wp-caption-text\">Ki\u1ec3m tra ch\u00ednh h\u00e3ng b\u1eb1ng s\u1ed1 Series \u0111i\u1ec7n t\u1eed<\/figcaption><\/figure>\n<h3><\/h3>\n","protected":false},"excerpt":{"rendered":"<p style=\"text-align: left;\"><strong>M\u00e1y l\u1ecdc n\u01b0\u1edbc Ion Canxi Geyser Ecotar 8 <\/strong>l\u00e0 d\u00f2ng m\u00e1y l\u1ecdc n\u01b0\u1edbc ion canxi m\u1edbi nh\u1ea5t \u0111\u1ebfn t\u1eeb th\u01b0\u01a1ng hi\u1ec7u Geyser LB Nga. S\u1ea3n ph\u1ea9m n\u1ed5i b\u1eadt v\u1edbi c\u00f4ng ngh\u1ec7 UniTech c\u00f3 kh\u1ea3 n\u0103ng l\u1ecdc s\u1ea1ch c\u00e1c b\u1ee5i b\u1ea9n, vi khu\u1ea9n, vi r\u00fat,\u2026 g\u00e2y h\u1ea1i v\u01b0\u1ee3t tr\u1ed9i m\u00e0 c\u00f2n gi\u1eef l\u1ea1i kho\u00e1ng ch\u1ea5t. Ngu\u1ed3n n\u01b0\u1edbc sau l\u1ecdc \u0111\u1ea1t chu\u1ea9n \u0111\u1ea3m b\u1ea3o an to\u00e0n v\u00e0 gi\u00e0u ion kho\u00e1ng t\u1ed1t cho s\u1ee9c kh\u1ecfe.<\/p>\n","protected":false},"featured_media":3647,"comment_status":"open","ping_status":"closed","template":"","meta":[],"product_brand":[],"product_cat":[399,412,413],"product_tag":[417,404,423,428,429],"class_list":{"0":"post-3576","1":"product","2":"type-product","3":"status-publish","4":"has-post-thumbnail","6":"product_cat-may-loc-nuoc","7":"product_cat-may-loc-nuoc-geyser","8":"product_cat-thuong-hieu-geyser","9":"product_tag-geyser","10":"product_tag-may-loc-nuoc","11":"product_tag-may-loc-nuoc-geyser","12":"product_tag-may-loc-nuoc-ion-canxi","13":"product_tag-may-loc-nuoc-nano","15":"first","16":"instock","17":"shipping-taxable","18":"purchasable","19":"product-type-simple"},"_links":{"self":[{"href":"https:\/\/livinghome.vn\/thiet-bi\/wp-json\/wp\/v2\/product\/3576","targetHints":{"allow":["GET"]}}],"collection":[{"href":"https:\/\/livinghome.vn\/thiet-bi\/wp-json\/wp\/v2\/product"}],"about":[{"href":"https:\/\/livinghome.vn\/thiet-bi\/wp-json\/wp\/v2\/types\/product"}],"replies":[{"embeddable":true,"href":"https:\/\/livinghome.vn\/thiet-bi\/wp-json\/wp\/v2\/comments?post=3576"}],"wp:featuredmedia":[{"embeddable":true,"href":"https:\/\/livinghome.vn\/thiet-bi\/wp-json\/wp\/v2\/media\/3647"}],"wp:attachment":[{"href":"https:\/\/livinghome.vn\/thiet-bi\/wp-json\/wp\/v2\/media?parent=3576"}],"wp:term":[{"taxonomy":"product_brand","embeddable":true,"href":"https:\/\/livinghome.vn\/thiet-bi\/wp-json\/wp\/v2\/product_brand?post=3576"},{"taxonomy":"product_cat","embeddable":true,"href":"https:\/\/livinghome.vn\/thiet-bi\/wp-json\/wp\/v2\/product_cat?post=3576"},{"taxonomy":"product_tag","embeddable":true,"href":"https:\/\/livinghome.vn\/thiet-bi\/wp-json\/wp\/v2\/product_tag?post=3576"}],"curies":[{"name":"wp","href":"https:\/\/api.w.org\/{rel}","templated":true}]}}