{"id":3575,"date":"2023-01-12T18:16:06","date_gmt":"2023-01-12T18:16:06","guid":{"rendered":"https:\/\/livinghome.vn\/thiet-bi\/?post_type=product&#038;p=3575"},"modified":"2024-11-29T14:20:18","modified_gmt":"2024-11-29T07:20:18","slug":"may-loc-nuoc-ion-canxi-geyser-ecotar-6-nhap-khau-chau-au","status":"publish","type":"product","link":"https:\/\/livinghome.vn\/thiet-bi\/may-loc-nuoc-ion-canxi-geyser-ecotar-6-nhap-khau-chau-au\/","title":{"rendered":"M\u00e1y l\u1ecdc n\u01b0\u1edbc Ion Canxi Geyser Ecotar 6 nh\u1eadp kh\u1ea9u ch\u00e2u \u00c2u"},"content":{"rendered":"<h2><strong>S\u1ea3n ph\u1ea9m M\u00e1y l\u1ecdc n\u01b0\u1edbc Ion Canxi Geyser Ecotar 6 nh\u1eadp kh\u1ea9u ch\u00e2u \u00c2u<\/strong><\/h2>\n<p><strong>M\u00e1y l\u1ecdc n\u01b0\u1edbc Ion canxi Geyser Ecotar 6<\/strong>\u00a0l\u00e0 th\u1ebf h\u1ec7 m\u00e1y l\u1ecdc n\u01b0\u1edbc nano m\u1edbi nh\u1ea5t c\u1ee7a Geyser LB Nga l\u1ea7n \u0111\u1ea7u ti\u00ean \u0111\u01b0\u1ee3c t\u00edch h\u1ee3p c\u00f4ng ngh\u1ec7 l\u1ecdc li\u00ean ho\u00e0n\u00a0<strong>Uni TECH.<\/strong><\/p>\n<p>M\u00e1y l\u1ecdc n\u01b0\u1edbc ION CANXI Geyser ECOTAR 6 (UniTech): H\u1ec7 th\u1ed1ng l\u1ecdc li\u00ean ho\u00e0n. C\u00f4ng ngh\u1ec7 cho ph\u00e9p h\u1ec7 th\u1ed1ng l\u00f5i l\u1ecdc EAB ph\u00e1t huy t\u1ed1i \u0111a n\u0103ng l\u1ef1c v\u00e0 hi\u1ec7u qu\u1ea3 x\u1eed l\u00fd d\u1ef1a tr\u00ean n\u1ec1n t\u1ea3ng c\u1eadp nh\u1eadt m\u1edbi nh\u1ea5t c\u1ee7a Geyser.<\/p>\n<figure id=\"attachment_65946\" aria-describedby=\"caption-attachment-65946\" style=\"width: 1020px\" class=\"wp-caption alignnone\"><img loading=\"lazy\" decoding=\"async\" class=\"size-large wp-image-65946\" src=\"https:\/\/livinghome.vn\/thiet-bi\/wp-content\/uploads\/loc-nuoc\/geyser\/may-loc-nuoc-ion-canxi-geyser\/may-loc-nuoc-ion-canxi-geyser-ecotar-6\/may-loc-nuoc-ion-canxi-geyser-ecotar-6-11-1067x800.jpg\" alt=\"M\u00e1y l\u1ecdc n\u01b0\u1edbc Ion Canxi Geyser Ecotar 6 nh\u1eadp kh\u1ea9u ch\u00e2u \u00c2u\" width=\"1020\" height=\"765\" title=\"\"><figcaption id=\"caption-attachment-65946\" class=\"wp-caption-text\">M\u00e1y l\u1ecdc n\u01b0\u1edbc Ion Canxi Geyser Ecotar 6\u00a0ch\u1ec9 b\u1eb1ng 1\/3 m\u00e1y m\u1edbi<\/figcaption><\/figure>\n<p>C\u00e1c chuy\u00ean gia v\u00e0 c\u00e1c nh\u00e0 nghi\u00ean c\u1ee9u \u0111\u1ec1u ch\u1ec9 ra r\u1eb1ng, thi\u1ebft k\u1ebf h\u1ec7 th\u1ed1ng l\u00f5i l\u1ecdc li\u00ean ho\u00e0n gi\u00fap b\u1ed5 tr\u1ee3 v\u00e0 t\u0103ng c\u01b0\u1eddng s\u1ee9c m\u1ea1nh g\u1ea5p nhi\u1ec1u l\u1ea7n so v\u1edbi c\u00e1c c\u00f4ng ngh\u1ec7 \u0111\u01a1n l\u1ebb, \u0111\u00e2y l\u00e0 m\u1ed9t b\u01b0\u1edbc ti\u1ebfn r\u1ea5t quan tr\u1ecdng c\u1ee7a Ecotar trong vi\u1ec7c c\u1ea3i ti\u1ebfn v\u00e0 t\u1ed1i \u01b0u h\u00f3a h\u1ec7 th\u1ed1ng l\u1ecdc.<\/p>\n<figure id=\"attachment_65950\" aria-describedby=\"caption-attachment-65950\" style=\"width: 798px\" class=\"wp-caption alignnone\"><img loading=\"lazy\" decoding=\"async\" class=\"size-large wp-image-65950\" src=\"https:\/\/livinghome.vn\/thiet-bi\/wp-content\/uploads\/loc-nuoc\/geyser\/may-loc-nuoc-ion-canxi-geyser\/may-loc-nuoc-ion-canxi-geyser-ecotar-6\/may-loc-nuoc-ion-canxi-geyser-ecotar-6-3-798x800.jpg\" alt=\"M\u00e1y l\u1ecdc n\u01b0\u1edbc Ion Canxi Geyser Ecotar 6 nh\u1eadp kh\u1ea9u ch\u00e2u \u00c2u\" width=\"798\" height=\"800\" title=\"\"><figcaption id=\"caption-attachment-65950\" class=\"wp-caption-text\">H\u1ec7 th\u1ed1ng l\u1ecdc li\u00ean ho\u00e0n m\u00e1y l\u1ecdc n\u01b0\u1edbc Ion canxi Geyser Ecotar 6 LB Nga<\/figcaption><\/figure>\n<p>&nbsp;<\/p>\n<p><strong>N\u1ec1n t\u1ea3ng c\u00f4ng ngh\u1ec7 MAET\u00a0<\/strong>(The most Advance Ecotar Technology): C\u00f4ng ngh\u1ec7 l\u1ecdc t\u1ed5ng h\u1ee3p 5 in 1 cho ph\u00e9p lo\u1ea1i b\u1ecf t\u1ed1i \u0111a c\u00e1c t\u1ea1p ch\u1ea5t kim lo\u1ea1i n\u1eb7ng, t\u1ea1p ch\u1ea5t h\u1eefu c\u01a1,\u2026 trong n\u01b0\u1edbc.<\/p>\n<p><strong>N\u1ec1n t\u1ea3ng c\u00f4ng ngh\u1ec7 nano MAAT\u00a0<\/strong>(The most Advance Aragon Technology) : C\u00f4ng ngh\u1ec7 Polymer t\u1ed5ng h\u1ee3p t\u1eeb h\u1ee3p ch\u1ea5t cao ph\u00e2n t\u1eed m\u1edbi nh\u1ea5t c\u1ee7a Geyser LB Nga, bao g\u1ed3m c\u01a1 ch\u1ebf l\u1ecdc c\u1eb7n, x\u1eed l\u00fd d\u01b0 l\u01b0\u1ee3ng thu\u1ed1c BVTV, x\u1eed l\u00fd clo d\u01b0, h\u1eefu c\u01a1, t\u00e1c nh\u00e2n g\u00e2y ung th\u01b0 THM \u2018s,\u2026 hi\u1ec7u qu\u1ea3 b\u1eb1ng c\u01a1 ch\u1ebf h\u1ea5p ph\u1ee5, lo\u1ea1i b\u1ecf ch\u1ea5t ph\u00f3ng x\u1ea1, c\u00e1c ion kim lo\u1ea1i n\u1eb7ng, c\u00e1c g\u1ed1c ion \u00e2m b\u1eb1ng c\u01a1 ch\u1ebf trao \u0111\u1ed5i t\u1ed5ng h\u1ee3p \u0111\u1ed3ng th\u1eddi Cation v\u00e0 Anion \u2013 2 in 1, c\u00f4ng ngh\u1ec7 x\u1eed l\u00fd vi khu\u1ea9n b\u1eb1ng nano b\u1ea1c t\u00edch h\u1ee3p ngay trong v\u1eadt li\u1ec7u l\u1ecdc.<\/p>\n<p><strong>N\u1ec1n t\u1ea3ng c\u00f4ng ngh\u1ec7 MACT<\/strong>(The most Advance Catalon Technology): C\u00f4ng ngh\u1ec7 Catalon \u0111\u01b0\u1ee3c nghi\u00ean c\u1ee9u t\u1eeb th\u1eddi LB X\u00f4 Vi\u1ebft, tr\u1ea3i qua h\u01a1n 30 n\u0103m, c\u00f4ng ngh\u1ec7 Catalone \u0111\u00e3 \u0111\u01b0\u1ee3c c\u1ea3i ti\u1ebfn v\u01b0\u1ee3t b\u1eadc, kh\u00f4ng ch\u1ec9 \u1ee9ng d\u1ee5ng trong x\u1eed l\u00fd n\u01b0\u1edbc m\u00e0 c\u00f2n r\u1ea5t h\u1eefu hi\u1ec7u trong x\u1eed l\u00fd \u00f4 nhi\u1ec5m kh\u00f4ng kh\u00ed. C\u00f4ng ngh\u1ec7 Catalon cho ph\u00e9p lo\u1ea1i b\u1ecf t\u1ed1i \u0111a nguy c\u01a1 t\u00e1i nhi\u1ec5m khu\u1ea9n, t\u0103ng c\u01b0\u1eddng x\u1eed l\u00fd \u0111\u1ea7u cu\u1ed1i v\u00e0 l\u00e0 ch\u1ed1t ch\u1eb7n cu\u1ed1i c\u00f9ng cho ngu\u1ed3n n\u01b0\u1edbc kh\u00f4ng ch\u1ec9 s\u1ea1ch m\u00e0 c\u00f2n c\u1ea3i thi\u1ec7n \u0111\u00e1ng k\u1ec3 h\u01b0\u01a1ng v\u1ecb n\u01b0\u1edbc.<\/p>\n<p>&nbsp;<\/p>\n<p>&nbsp;<\/p>\n<figure id=\"attachment_65954\" aria-describedby=\"caption-attachment-65954\" style=\"width: 1020px\" class=\"wp-caption alignnone\"><img loading=\"lazy\" decoding=\"async\" class=\"size-large wp-image-65954\" src=\"https:\/\/livinghome.vn\/thiet-bi\/wp-content\/uploads\/loc-nuoc\/geyser\/may-loc-nuoc-ion-canxi-geyser\/may-loc-nuoc-ion-canxi-geyser-ecotar-6\/may-loc-nuoc-ion-canxi-geyser-ecotar-6-6-1067x800.jpg\" alt=\"M\u00e1y l\u1ecdc n\u01b0\u1edbc Ion Canxi Geyser Ecotar 6 nh\u1eadp kh\u1ea9u ch\u00e2u \u00c2u\" width=\"1020\" height=\"765\" title=\"\"><figcaption id=\"caption-attachment-65954\" class=\"wp-caption-text\">Thay b\u1ed9 3 h\u1ec7 th\u1ed1ng l\u00f5i l\u1ecdc m\u00e1y l\u1ecdc n\u01b0\u1edbc Ion canxi Geyser Ecotar 6 LB Nga<\/figcaption><\/figure>\n<p><strong>C\u00f4ng ngh\u1ec7 Unitech<\/strong> l\u00e0 c\u00f4ng ngh\u1ec7 v\u1edbi c\u00e1c l\u00f5i l\u1ecdc \u0111\u01b0\u1ee3c thi\u1ebft k\u1ebf li\u00ean ho\u00e0n kh\u00f4ng th\u1ec3 t\u00e1ch r\u1eddi. Theo \u0111\u00f3, khi s\u1eed d\u1ee5ng c\u1ea7n thay th\u1ebf tr\u1ecdn b\u1ed9 c\u1ea3 3 l\u00f5i l\u1ecdc 1-2-3, kh\u00f4ng \u0111\u01b0\u1ee3c ph\u00e9p thay r\u1eddi. C\u00f4ng ngh\u1ec7 l\u1ecdc li\u00ean ho\u00e0n th\u1ebf h\u1ec7 m\u1edbi nh\u1ea5t \u0111\u01b0\u1ee3c ph\u00e1t tri\u1ec3n d\u1ef1a tr\u00ean n\u1ec1n t\u1ea3ng c\u00f4ng ngh\u1ec7 m\u1edbi nh\u1ea5t c\u1ee7a\u00a0m\u00e1y l\u1ecdc n\u01b0\u1edbc Geyser c\u1ee7a Nga\u00a0\u0111\u1ec3 ph\u00f9 h\u1ee3p v\u1edbi t\u00ednh ch\u1ea5t ngu\u1ed3n n\u01b0\u1edbc Vi\u1ec7t c\u0169ng nh\u01b0 mang l\u1ea1i l\u1ee3i \u00edch t\u1ed1i \u0111a cho ng\u01b0\u1eddi ti\u00eau d\u00f9ng Vi\u1ec7t.<\/p>\n<h3><strong>Th\u00f4ng s\u1ed1 k\u1ef9 thu\u1eadt<\/strong><\/h3>\n<table>\n<tbody>\n<tr>\n<td>M\u00e3 s\u1ea3n ph\u1ea9m<\/td>\n<td>Ecotar 6<\/td>\n<\/tr>\n<tr>\n<td>Th\u01b0\u01a1ng hi\u1ec7u<\/td>\n<td>Geyser<\/td>\n<\/tr>\n<tr>\n<td>C\u00f4ng ngh\u1ec7<\/td>\n<td>C\u00f4ng ngh\u1ec7 Uni TECH<\/td>\n<\/tr>\n<tr>\n<td>\u1ee8ng d\u1ee5ng<\/td>\n<td>L\u1ecdc n\u01b0\u1edbc \u0103n u\u1ed1ng tr\u1ef1c ti\u1ebfp kh\u00f4ng c\u1ea7n \u0111un s\u00f4i<\/td>\n<\/tr>\n<tr>\n<td>T\u00ednh n\u0103ng \u0111\u1eb7c bi\u1ec7t<\/td>\n<td>Lo\u0323c sa\u0323ch \u0111a\u0323t TC n\u01b0\u01a1\u0301c u\u00f4\u0301ng nh\u01b0ng t\u0103ng c\u01b0\u01a1\u0300ng h\u00e2\u0301p thu\u0323 canxi<\/td>\n<\/tr>\n<tr>\n<td>Ngu\u1ed3n n\u01b0\u1edbc \u0111\u1ea7u v\u00e0o<\/td>\n<td>N\u01b0\u1edbc m\u00e1y<\/td>\n<\/tr>\n<tr>\n<td>Model<\/td>\n<td>New Model 2019<\/td>\n<\/tr>\n<tr>\n<td>S\u1ed1 l\u00f5i l\u1ecdc<\/td>\n<td>C\u1ed1c l\u1ecdc nh\u1eadp kh\u1ea9u ch\u1ea5t l\u01b0\u1ee3ng cao<\/td>\n<\/tr>\n<tr>\n<td>Tu\u1ed5i th\u1ecd l\u00f5i l\u1ecdc<\/td>\n<td>12 th\u00e1ng ho\u1eb7c 7000 l\u00edt n\u01b0\u1edbc theo \u0111i\u1ec1u ki\u1ec7n \u0111\u1ebfn tr\u01b0\u1edbc<\/td>\n<\/tr>\n<tr>\n<td>C\u00f4ng su\u1ea5t<\/td>\n<td>(T\u1ed1i \u0111a) 180l\/ gi\u1edd<\/td>\n<\/tr>\n<tr>\n<td>Tr\u1ecdng l\u01b0\u1ee3ng<\/td>\n<td>~5kg(kh\u00f4ng vo\u0309)<\/td>\n<\/tr>\n<tr>\n<td>K\u00edch th\u01b0\u1edbc<\/td>\n<td>(RxCxS) 380mm \u0445 310mm \u0445 140mm<\/td>\n<\/tr>\n<tr>\n<td>V\u1ecb tr\u00ed l\u1eafp \u0111\u1eb7t<\/td>\n<td>Under sink ho\u0103\u0323c Desktop(tr\u00ean ba\u0300n ho\u0103\u0323c d\u01b0\u01a1\u0301i ch\u00e2\u0323u r\u01b0\u0309a)<\/td>\n<\/tr>\n<tr>\n<td>Xu\u1ea5t x\u1ee9<\/td>\n<td>Nh\u1eadp kh\u1ea9u nguy\u00ean chi\u1ebfc Lb Nga<\/td>\n<\/tr>\n<tr>\n<td>T\u00ednh n\u0103ng<\/td>\n<td>M\u00e1y l\u1ecdc n\u01b0\u1edbc \u0103n u\u1ed1ng<\/td>\n<\/tr>\n<tr>\n<td>Lo\u1ea1i<\/td>\n<td>Nh\u1eadp kh\u1ea9u tr\u1ef1c ti\u1ebfp Li\u00ean Bang Nga<\/td>\n<\/tr>\n<\/tbody>\n<\/table>\n<h3><strong>L\u1ee3i \u00edch s\u1ea3n ph\u1ea9m<\/strong><\/h3>\n<h4><strong>N\u01b0\u1edbc Ion canxi d\u1ea1ng Aragonite gi\u00fap c\u01a1 th\u1ec3 d\u1ec5 d\u00e0ng h\u1ea5p th\u1ee5 <\/strong><\/h4>\n<h4>N\u01b0\u1edbc c\u1ee7a M\u00e1y l\u1ecdc n\u01b0\u1edbc Ion Canxi Geyser Ecotar 6 kh\u00f4ng ch\u1ec9 gi\u1eef l\u1ea1i c\u00e1c kho\u00e1ng ch\u1ea5t thi\u1ebft y\u1ebfu m\u00e0 c\u00f2n t\u0103ng c\u01b0\u1eddng l\u1ee3i \u00edch v\u01b0\u1ee3t tr\u1ed9i cho c\u01a1 th\u1ec3 nh\u1edd c\u00f4ng ngh\u1ec7 t\u1ea1o ra ION CANXI trong n\u01b0\u1edbc.<\/h4>\n<p>ION CANXI Aragonite \u2013 M\u1ed9t d\u1ea1ng c\u1ea5u tr\u00fac canxi thanh m\u1ea3nh \u0111\u01b0\u1ee3c t\u1ea1o ra b\u1edfi c\u00f4ng ngh\u1ec7 \u0111\u1eb7c bi\u1ec7t c\u1ee7a M\u00e1y l\u1ecdc n\u01b0\u1edbc Ion canxi Geyser Ecotar 6\u00a0<strong><em>(Patent s\u1ed1 2286953)<\/em><\/strong>\u00a0\u2013 Mang l\u1ea1i nh\u1eefng l\u1ee3i \u00edch v\u01b0\u1ee3t tr\u1ed9i cho c\u01a1 th\u1ec3 so v\u1edbi canxi th\u00f4ng th\u01b0\u1eddng.<\/p>\n<p>S\u1ef1 t\u1ea1o th\u00e0nh c\u1ea5u tr\u00fac ION CANXI Aragonite khi n\u01b0\u1edbc qua l\u00f5i l\u1ecdc Ecotar 6 \u0111\u00e3 \u0111\u01b0\u1ee3c ch\u1ee9ng minh b\u1eb1ng th\u1ef1c nghi\u1ec7m. S\u1ef1 thay \u0111\u1ed5i c\u1ea5u tr\u00fac tinh th\u1ec3 c\u1ee7a k\u1ebft t\u1ee7a c\u00f3 th\u1ec3 quan s\u00e1t r\u00f5 tr\u00ean k\u00ednh hi\u1ec3n vi.<\/p>\n<figure id=\"attachment_65944\" aria-describedby=\"caption-attachment-65944\" style=\"width: 1020px\" class=\"wp-caption alignnone\"><img loading=\"lazy\" decoding=\"async\" class=\"size-large wp-image-65944\" src=\"https:\/\/livinghome.vn\/thiet-bi\/wp-content\/uploads\/loc-nuoc\/geyser\/may-loc-nuoc-ion-canxi-geyser\/may-loc-nuoc-ion-canxi-geyser-ecotar-6\/may-loc-nuoc-ion-canxi-geyser-ecotar-6-10-1068x800.jpg\" alt=\"M\u00e1y l\u1ecdc n\u01b0\u1edbc Ion Canxi Geyser Ecotar 6 nh\u1eadp kh\u1ea9u ch\u00e2u \u00c2u\" width=\"1020\" height=\"764\" title=\"\"><figcaption id=\"caption-attachment-65944\" class=\"wp-caption-text\">So s\u00e1nh Canxi d\u1ea1ng th\u00f4ng th\u01b0\u1eddng v\u00e0 Ioncanxi d\u1ea1ng Aragonite<\/figcaption><\/figure>\n<p>C\u00e1c k\u1ebft qu\u1ea3n ph\u00e2n t\u00edch nhi\u1ec5u x\u1ea1 tia X \u0111\u01b0\u1ee3c ti\u1ebfn h\u00e0nh t\u1ea1i vi\u1ec7n khoa h\u1ecdc v\u1eadt li\u1ec7u qu\u1ed1c gia Nga, c\u0169ng ch\u1ec9 r\u00f5 h\u00e0m l\u01b0\u1ee3ng ION CANXI Aragonite trong n\u01b0\u1edbc t\u0103ng l\u00ean khi n\u01b0\u1edbc l\u1ecdc b\u1ed9 l\u1ecdc Geyser Ecotar.<\/p>\n<p>T\u00e1c d\u1ee5ng c\u1ee7a n\u01b0\u1edbc ION CANXI aragonite \u0111\u1ed1i v\u1edbi c\u01a1 th\u1ec3 s\u1ed1ng bao g\u1ed3m gi\u00fap t\u0103ng c\u01b0\u1eddng h\u1ea5p thu canxi, c\u1ea3i thi\u1ec7n c\u00e1c ch\u1ee9c n\u0103ng c\u1ee7a \u0111\u01b0\u1eddng ti\u00eau h\u00f3a v\u00e0 gan, gi\u1ea3m t\u1ea3i cho th\u1eadn v\u00e0 gi\u1ea3m nguy c\u01a1 s\u1ecfi th\u1eadn,\u2026 \u0111\u00e3 \u0111\u01b0\u1ee3c nghi\u00ean c\u1ee9u t\u1ea1i Vi\u1ec7n Y t\u1ebf Qu\u00e2n \u0110\u1ed9i (St. Petersburg).<\/p>\n<h4><strong>N\u01b0\u1edbc ion canxi \u2013 B\u00e9 cao m\u1eb9 h\u00e0i l\u00f2ng<\/strong><\/h4>\n<p>\u0110\u01b0\u1ee3c c\u1ea5u t\u1ea1o b\u1edfi tinh th\u1ec3 Aragonite gi\u00fap c\u01a1 th\u1ec3 tr\u1ebb d\u1ec5 h\u1ea5p th\u1ee5 c\u00e1c kho\u00e1ng ch\u1ea5t t\u0103ng c\u01b0\u1eddng s\u1ee9c \u0111\u1ec1 kh\u00e1ng, gi\u00fap b\u00e9 cao kh\u1ecfe m\u1ed7i ng\u00e0y.\u00a0<strong><i>\u201cN\u01b0\u1edbc Ion canxi Geyser Ecotar 6 \u2013 ch\u00fang t\u00f4i nh\u00ecn cu\u1ed9c s\u1ed1ng con b\u1ea1n v\u1edbi \u0111\u00f4i m\u1eaft ng\u01b0\u1eddi M\u1eb9\u201d.<\/i><\/strong><\/p>\n<h4><strong>N\u01b0\u1edbc ion canxi \u2013\u00a0 chi\u1ebfc g\u1eady c\u1ee7a ng\u01b0\u1eddi cao tu\u1ed5i<\/strong><\/h4>\n<p>Ng\u01b0\u1eddi cao tu\u1ed5i do m\u1ea1ch m\u00e1u d\u1ea7n d\u1ea7n b\u1ecb x\u01a1 ho\u00e1 l\u00e0m cho ni\u00eam m\u1ea1c d\u1ea1 d\u00e0y kh\u00f4ng \u0111\u01b0\u1ee3c cung c\u1ea5p \u0111\u1ee7 m\u00e1u s\u1ebd teo l\u1ea1i. T\u1ebf b\u00e0o tuy\u1ebfn trong ni\u00eam m\u1ea1c d\u1ea1 d\u00e0y gi\u1ea3m ho\u1eb7c tho\u00e1i ho\u00e1, d\u1eabn t\u1edbi gi\u1ea3m ti\u1ebft d\u1ecbch v\u1ecb v\u00e0 acid d\u1ea1 d\u00e0y.<\/p>\n<p>L\u00fac n\u00e0y d\u1ea1 d\u00e0y ti\u1ebft men pepsin c\u0169ng gi\u1ea3m d\u1ea7n l\u00e0m cho acid d\u1ea1 d\u00e0y s\u1ebd th\u1ea5p ho\u1eb7c b\u1ecb thi\u1ebfu. Khi thi\u1ebfu acid th\u00ec mu\u1ed1i canxi (trong th\u1ee9c \u0103n) kh\u00f3 ph\u00e2n gi\u1ea3i th\u00e0nh ion canxi \u0111\u1ec3 h\u1ea5p thu.<\/p>\n<p>Do \u0111\u00f3, t\u00ecnh tr\u1ea1ng thi\u1ebfu canxi c\u1ee7a ng\u01b0\u1eddi gi\u00e0 t\u0103ng cao. \u00a0B\u1ed5 sung Ion canxi d\u01b0\u1edbi d\u1ea1ng Aragonite gi\u00fap c\u01a1 th\u1ec3 d\u1ec5 d\u00e0ng h\u1ea5p thu ch\u1ea5t dinh d\u01b0\u1ee1ng nhanh ch\u00f3ng, ng\u0103n ch\u1eb7n lo\u00e3ng x\u01b0\u01a1ng, nguy c\u01a1 b\u1ec7nh tim m\u1ea1ch\u2026<\/p>\n<h4><strong>N\u01b0\u1edbc ion canxi \u2013 m\u1eb9 kh\u1ecfe b\u00e9 \u0111\u00f3n y\u00eau th\u01b0\u01a1ng<\/strong><\/h4>\n<p><strong>I<\/strong>ON CANXI Aragonite \u2013 M\u1ed9t d\u1ea1ng c\u1ea5u tr\u00fac canxi thanh m\u1ea3nh \u0111\u01b0\u1ee3c t\u1ea1o ra b\u1edfi c\u00f4ng ngh\u1ec7 \u0111\u1eb7c bi\u1ec7t c\u1ee7a m\u00e1y l\u1ecdc n\u01b0\u1edbc Ion canxi Geyser Ecotar 6 (Patent s\u1ed1 2286953) \u2013 Mang l\u1ea1i nh\u1eefng l\u1ee3i \u00edch v\u01b0\u1ee3t tr\u1ed9i cho c\u01a1 th\u1ec3 so v\u1edbi canxi th\u00f4ng th\u01b0\u1eddng.<\/p>\n<h3><strong>Ki\u1ec3m tra ch\u00ednh h\u00e3ng<\/strong><\/h3>\n<figure id=\"attachment_65948\" aria-describedby=\"caption-attachment-65948\" style=\"width: 1020px\" class=\"wp-caption alignnone\"><img loading=\"lazy\" decoding=\"async\" class=\"size-large wp-image-65948\" src=\"https:\/\/livinghome.vn\/thiet-bi\/wp-content\/uploads\/loc-nuoc\/geyser\/may-loc-nuoc-ion-canxi-geyser\/may-loc-nuoc-ion-canxi-geyser-ecotar-6\/may-loc-nuoc-ion-canxi-geyser-ecotar-6-12-1068x800.jpg\" alt=\"M\u00e1y l\u1ecdc n\u01b0\u1edbc Ion Canxi Geyser Ecotar 6 nh\u1eadp kh\u1ea9u ch\u00e2u \u00c2u\" width=\"1020\" height=\"764\" title=\"\"><figcaption id=\"caption-attachment-65948\" class=\"wp-caption-text\">T\u00ednh n\u0103ng n\u1ed5i tr\u1ed9i m\u00e1y l\u1ecdc n\u01b0\u1edbc Ion canxi Geyser Ecotar 6 LB Nga<\/figcaption><\/figure>\n<h4><strong>X\u00e1c minh m\u00e1p l\u1ecdc n\u01b0\u1edbc ch\u00ednh h\u00e3ng t\u1eeb check m\u00e3 qr v\u1ecf h\u1ed9p<\/strong><\/h4>\n<p>&nbsp;<\/p>\n<figure id=\"attachment_65955\" aria-describedby=\"caption-attachment-65955\" style=\"width: 1020px\" class=\"wp-caption alignnone\"><img loading=\"lazy\" decoding=\"async\" class=\"size-large wp-image-65955\" src=\"https:\/\/livinghome.vn\/thiet-bi\/wp-content\/uploads\/loc-nuoc\/geyser\/may-loc-nuoc-ion-canxi-geyser\/may-loc-nuoc-ion-canxi-geyser-ecotar-6\/may-loc-nuoc-ion-canxi-geyser-ecotar-6-7-1067x800.jpg\" alt=\"M\u00e1y l\u1ecdc n\u01b0\u1edbc Ion Canxi Geyser Ecotar 6 nh\u1eadp kh\u1ea9u ch\u00e2u \u00c2u\" width=\"1020\" height=\"765\" title=\"\"><figcaption id=\"caption-attachment-65955\" class=\"wp-caption-text\">Nh\u1eadn di\u1ec7n m\u00e1y l\u1ecdc n\u01b0\u1edbc Ion canxi Geyser Ecotar 6 t\u1eeb v\u00f2 th\u00f9ng<\/figcaption><\/figure>\n<h4><strong>K\u00edch ho\u1ea1t b\u1ea3o h\u00e0nh \u0111i\u1ec7n t\u1eed<\/strong><\/h4>\n<p>M\u00e1y l\u1ecdc n\u01b0\u1edbc Ion Canxi Geyser Ecotar 6 \u00e1p d\u1ee5ng c\u00f4ng ngh\u1ec7 \u201cB\u1ea2O H\u00c0NH \u0110I\u1ec6N T\u1eec\u2019\u2019 theo t\u1eebng series s\u1ea3n ph\u1ea9m, \u0111\u1ec3 k\u00edch ho\u1ea1t B\u1ea2O H\u00c0NH v\u00e0 x\u00e1c th\u1ef1c H\u00c0NG CH\u00cdNH H\u00c3NG, qu\u00fd kh\u00e1ch h\u00e0ng ch\u1ec9 c\u1ea7n so\u1ea1n 1 tin nh\u1eafn duy nh\u1ea5t theo m\u1eabu nh\u1eafn tin t\u1edbi t\u1ed5ng \u0111\u00e0i <strong>8137<\/strong>\u00a0theo h\u01b0\u1edbng d\u1eabn ngay tr\u00ean tem.<\/p>\n<ul>\n<li><em>Kh\u00f4ng c\u1ea7n b\u1ea3o h\u00e0nh gi\u1ea5y truy\u1ec1n th\u1ed1ng<\/em><\/li>\n<li><em>X\u00e1c th\u1ef1c b\u1ea3o h\u00e0nh ch\u00ednh h\u00e3ng qua SMS theo t\u1eebng series s\u1ea3n ph\u1ea9m<\/em><\/li>\n<li><em>Nh\u1eafc l\u1ecbch thay l\u00f5i \u0111\u1ecbnh k\u1ef3 t\u1ef1 \u0111\u1ed9ng t\u1eeb h\u1ec7 th\u1ed1ng ch\u00ednh h\u00e3ng tr\u1ecdn \u0111\u1eddi<\/em><\/li>\n<li><em>C\u00e1c l\u1ee3i \u00edch kh\u00e1c tr\u1ecdn \u0111\u1eddi<\/em><\/li>\n<\/ul>\n<p>&nbsp;<\/p>\n<figure id=\"attachment_65953\" aria-describedby=\"caption-attachment-65953\" style=\"width: 1020px\" class=\"wp-caption alignnone\"><img loading=\"lazy\" decoding=\"async\" class=\"size-large wp-image-65953\" src=\"https:\/\/livinghome.vn\/thiet-bi\/wp-content\/uploads\/loc-nuoc\/geyser\/may-loc-nuoc-ion-canxi-geyser\/may-loc-nuoc-ion-canxi-geyser-ecotar-6\/may-loc-nuoc-ion-canxi-geyser-ecotar-6-4-1067x800.jpg\" alt=\"M\u00e1y l\u1ecdc n\u01b0\u1edbc Ion Canxi Geyser Ecotar 6 nh\u1eadp kh\u1ea9u ch\u00e2u \u00c2u\" width=\"1020\" height=\"765\" title=\"\"><figcaption id=\"caption-attachment-65953\" class=\"wp-caption-text\">M\u00e1y l\u1ecdc n\u01b0\u1edbc ion canxi Geyser Ecotar 6 \u0111i k\u00e8m b\u1ea3o h\u00e0nh \u0111i\u1ec7n t\u1eed<\/figcaption><\/figure>\n<h4><strong>X\u00e1c minh ch\u00ednh h\u00e3ng t\u1eeb gi\u1ea5y CO, CQ\/ s\u1ea3n ph\u1ea9m<\/strong><\/h4>\n<p>M\u00e1y l\u1ecdc n\u01b0\u1edbc Ion Canxi Geyser Ecotar 6 tr\u00ean m\u1ed7i s\u1ea3n ph\u1ea9m \u0111\u1ec1u c\u00f3 gi\u1ea5y ch\u1ee9ng nh\u1eadn CO, CQ \u0111\u1ec3 x\u00e1c minh h\u00e0ng ch\u00ednh h\u00e3ng t\u1eeb Geyser LB Nga. Theo \u0111\u00f3, M\u00e1y l\u1ecdc n\u01b0\u1edbc Geyser Ecotar 6 a\u0301p du\u0323ng cho ma\u0301y lo\u0323c n\u01b0\u01a1\u0301c ta\u0323i Vi\u00ea\u0323t Nam gi\u1ea5y ch\u01b0\u0301ng nh\u00e2\u0323n ch\u00e2\u0301t l\u01b0\u01a1\u0323ng cu\u0309a nha\u0300 sa\u0309n xu\u00e2\u0301t(C\/Q) tr\u00ean t\u01b0\u0300ng sa\u0309n ph\u00e2\u0309m \u2013 s\u1ed1 Series tr\u00ean m\u00e1y s\u1ebd tru\u0300ng series tr\u00ean CO, CQ xa\u0301c th\u01b0\u0323c ha\u0300ng chi\u0301nh ha\u0303ng. ( Theo \u0111\u00f3 s\u1ed1 serial tr\u00ean th\u00e2n m\u00e1y c\u1ee7a kh\u00e1ch h\u00e0ng s\u1ebd n\u1eb1m trong kho\u1ea3ng { Form\u2026.to\u2026.} tr\u00f9ng v\u1edbi CO, CQ \u0111i theo m\u00e1y).<\/p>\n<p>&nbsp;<\/p>\n<figure id=\"attachment_65951\" aria-describedby=\"caption-attachment-65951\" style=\"width: 800px\" class=\"wp-caption alignnone\"><img loading=\"lazy\" decoding=\"async\" class=\"size-large wp-image-65951\" src=\"https:\/\/livinghome.vn\/thiet-bi\/wp-content\/uploads\/loc-nuoc\/geyser\/may-loc-nuoc-ion-canxi-geyser\/may-loc-nuoc-ion-canxi-geyser-ecotar-6\/may-loc-nuoc-ion-canxi-geyser-ecotar-6-2-800x800.jpg\" alt=\"M\u00e1y l\u1ecdc n\u01b0\u1edbc Ion Canxi Geyser Ecotar 6 nh\u1eadp kh\u1ea9u ch\u00e2u \u00c2u\" width=\"800\" height=\"800\" title=\"\"><figcaption id=\"caption-attachment-65951\" class=\"wp-caption-text\">M\u00e1y l\u1ecdc n\u01b0\u1edbc Ion canxi Geyser Ecotar 6 k\u00edch ho\u1ea1t b\u1ea3o h\u00e0nh \u0111i\u00ean t\u1eed t\u1eeb Living Home Vi\u1ec7t Nam<\/figcaption><\/figure>\n<p>&nbsp;<\/p>\n","protected":false},"excerpt":{"rendered":"<p style=\"text-align: left;\">M\u00e1y l\u1ecdc n\u01b0\u1edbc Ion Canxi Geyser Ecotar 6<\/p>\n<p style=\"text-align: left;\">Xu\u1ea5t x\u1ee9: LB Nga<\/p>\n<p style=\"text-align: left;\">B\u1ea3o h\u00e0nh: 36 th\u00e1ng<\/p>\n<p style=\"text-align: left;\">C\u00f4ng ngh\u1ec7 m\u1edbi: UniTECH\u00a0 \u00a0 \u00a0 \u00a0B\u1ea3o h\u00e0nh \u0111i\u1ec7n t\u1eed<\/p>\n<p style=\"text-align: left;\">C\u00f4ng ngh\u1ec7: Nano\u00a0 \u00a0 \u00a0 \u00a0 \u00a0 \u00a0 \u00a0 \u00a0 \u00a0 \u00a0 \u00a0CO, CQ theo t\u1eebng m\u00e1y<\/p>\n<p style=\"text-align: left;\">Nh\u1eafc l\u1ecbch thay l\u00f5i\u00a0 CRM\u00a0 \u00a0 \u00a0 \u00a0 \u00a0 \u00a0KH thay th\u1ebf l\u00f5i l\u1ecdc tr\u1ecdn b\u1ed9 1 l\u1ea7n<\/p>\n","protected":false},"featured_media":3635,"comment_status":"open","ping_status":"closed","template":"","meta":[],"product_brand":[],"product_cat":[399,412,413],"product_tag":[417,404,423,428,429],"class_list":{"0":"post-3575","1":"product","2":"type-product","3":"status-publish","4":"has-post-thumbnail","6":"product_cat-may-loc-nuoc","7":"product_cat-may-loc-nuoc-geyser","8":"product_cat-thuong-hieu-geyser","9":"product_tag-geyser","10":"product_tag-may-loc-nuoc","11":"product_tag-may-loc-nuoc-geyser","12":"product_tag-may-loc-nuoc-ion-canxi","13":"product_tag-may-loc-nuoc-nano","15":"first","16":"instock","17":"shipping-taxable","18":"purchasable","19":"product-type-simple"},"_links":{"self":[{"href":"https:\/\/livinghome.vn\/thiet-bi\/wp-json\/wp\/v2\/product\/3575","targetHints":{"allow":["GET"]}}],"collection":[{"href":"https:\/\/livinghome.vn\/thiet-bi\/wp-json\/wp\/v2\/product"}],"about":[{"href":"https:\/\/livinghome.vn\/thiet-bi\/wp-json\/wp\/v2\/types\/product"}],"replies":[{"embeddable":true,"href":"https:\/\/livinghome.vn\/thiet-bi\/wp-json\/wp\/v2\/comments?post=3575"}],"wp:featuredmedia":[{"embeddable":true,"href":"https:\/\/livinghome.vn\/thiet-bi\/wp-json\/wp\/v2\/media\/3635"}],"wp:attachment":[{"href":"https:\/\/livinghome.vn\/thiet-bi\/wp-json\/wp\/v2\/media?parent=3575"}],"wp:term":[{"taxonomy":"product_brand","embeddable":true,"href":"https:\/\/livinghome.vn\/thiet-bi\/wp-json\/wp\/v2\/product_brand?post=3575"},{"taxonomy":"product_cat","embeddable":true,"href":"https:\/\/livinghome.vn\/thiet-bi\/wp-json\/wp\/v2\/product_cat?post=3575"},{"taxonomy":"product_tag","embeddable":true,"href":"https:\/\/livinghome.vn\/thiet-bi\/wp-json\/wp\/v2\/product_tag?post=3575"}],"curies":[{"name":"wp","href":"https:\/\/api.w.org\/{rel}","templated":true}]}}