{"id":3574,"date":"2023-01-12T18:16:05","date_gmt":"2023-01-12T18:16:05","guid":{"rendered":"https:\/\/livinghome.vn\/thiet-bi\/?post_type=product&#038;p=3574"},"modified":"2024-11-29T14:20:18","modified_gmt":"2024-11-29T07:20:18","slug":"may-loc-nuoc-dau-nguon-geyser-typhoon-20bb","status":"publish","type":"product","link":"https:\/\/livinghome.vn\/thiet-bi\/may-loc-nuoc-dau-nguon-geyser-typhoon-20bb\/","title":{"rendered":"M\u00e1y l\u1ecdc n\u01b0\u1edbc \u0111\u1ea7u ngu\u1ed3n Geyser Typhoon 20BB"},"content":{"rendered":"<h2><strong>S\u1ea3n ph\u1ea9m M\u00e1y l\u1ecdc n\u01b0\u1edbc \u0111\u1ea7u ngu\u1ed3n Geyser Typhoon 20BB<\/strong><\/h2>\n<h3><strong>C\u00f4ng d\u1ee5ng<\/strong><\/h3>\n<h4><strong>Gi\u1ea3i ph\u00e1p n\u01b0\u1edbc t\u1eafm an to\u00e0n, \u0111\u1ea3m b\u1ea3o cho tr\u1ebb nh\u1ecf!<\/strong><\/h4>\n<p><strong>M\u00e1y l\u1ecdc n\u01b0\u1edbc \u0111\u1ea7u ngu\u1ed3n Geyser Typhoon 20BB<\/strong> l\u00e0 s\u1ea3n ph\u1ea9m thu\u1ed9c t\u1eadp \u0111o\u00e0n Geyser Li\u00ean Bang Nga v\u00e0 \u0111\u01b0\u1ee3c nh\u1eadp kh\u1ea9u nguy\u00ean chi\u1ebfc v\u00e0o th\u1ecb tr\u01b0\u1eddng Vi\u1ec7t Nam. Hi\u1ec7n nay, Geyser Typhoon l\u00e0 d\u00f2ng s\u1ea3n ph\u1ea9m duy nh\u1ea5t tr\u00ean th\u1ecb tr\u01b0\u1eddng c\u00f3 kh\u1ea3 n\u0103ng l\u1ecdc tr\u1ef1c ti\u1ebfp n\u01b0\u1edbc l\u1ea1nh, n\u01b0\u1edbc n\u00f3ng t\u1edbi 95\u2103 v\u00e0 c\u00f3 th\u1ec3 t\u1ef1 \u0111i\u1ec1u ch\u1ec9nh \u0111\u1ed9 \u1ea5m theo th\u1eddi ti\u1ebft.<\/p>\n<figure id=\"attachment_65940\" aria-describedby=\"caption-attachment-65940\" style=\"width: 800px\" class=\"wp-caption alignnone\"><img loading=\"lazy\" decoding=\"async\" class=\"size-large wp-image-65940\" src=\"https:\/\/livinghome.vn\/thiet-bi\/wp-content\/uploads\/loc-nuoc\/geyser\/may-loc-nuoc-dau-nguon-geyser\/may-loc-nuoc-dau-nguon-geyser-typhoon-20bb\/may-loc-nuoc-dau-nguon-geyser-typhoon-20bb-2-800x800.jpg\" alt=\"M\u00e1y l\u1ecdc n\u01b0\u1edbc \u0111\u1ea7u ngu\u1ed3n Geyser Typhoon 20BB\" width=\"800\" height=\"800\" title=\"\"><figcaption id=\"caption-attachment-65940\" class=\"wp-caption-text\">M\u00e1y l\u1ecdc n\u01b0\u1edbc \u0111\u1ea7u ngu\u1ed3n Geyser Typhoon 20BB<\/figcaption><\/figure>\n<p>S\u1eed d\u1ee5ng M\u00e1y l\u1ecdc n\u01b0\u1edbc \u0111\u1ea7u ngu\u1ed3n Geyser Typhoon 20BB, b\u1ed1 m\u1eb9 an t\u00e2m n\u01b0\u1edbc sinh ho\u1ea1t gia \u0111\u00ecnh, n\u01b0\u1edbc t\u1eafm cho con lu\u00f4n \u0111\u1ea3m b\u1ea3o: s\u1ea1ch khu\u1ea9n, h\u1ebft c\u00e1c ch\u1ea5t \u0111\u1ed9c h\u1ea1i, lo\u1ea1i b\u1ecf ho\u00e0n to\u00e0n t\u00e1c nh\u00e2n g\u00e2y ung th\u01b0, h\u1ee3p ch\u1ea5t h\u1eefu c\u01a1, \u2026<\/p>\n<h4><strong>Lo\u1ea1i b\u1ecf h\u1ebft c\u00e1c ch\u1ea5t \u0111\u1ed9c h\u1ea1i, t\u00e1c nh\u00e2n g\u00e2y ung th\u01b0\u00a0<\/strong><\/h4>\n<p>V\u1edbi c\u01a1 ch\u1ebf DI\u1ec6T KHU\u1ea8N ch\u1ee9 kh\u00f4ng ch\u1eb7n khu\u1ea9n, M\u00e1y l\u1ecdc n\u01b0\u1edbc \u0111\u1ea7u ngu\u1ed3n Geyser Typhoon 20BB s\u1ebd ti\u00eau di\u1ec7t h\u1ebft t\u1ea5t c\u1ea3 c\u00e1c lo\u1ea1i virus, vi khu\u1ea9n c\u00f3 h\u1ea1i, g\u00e2y m\u1eabn c\u1ea3m cho da tr\u1ebb nh\u1ecf.<\/p>\n<p>\u0110\u00e2y l\u00e0 \u0111\u1eb7c \u0111i\u1ec3m v\u01b0\u1ee3t tr\u1ed9i h\u01a1n h\u1eb3n c\u1ee7a t\u1ea5t c\u1ea3 c\u00e1c d\u00f2ng s\u1ea3n ph\u1ea9m m\u00e1y l\u1ecdc n\u01b0\u1edbc Geyser. B\u1edfi n\u00f3 s\u1eed d\u1ee5ng c\u01a1 ch\u1ebf di\u1ec7t khu\u1ea9n b\u1eb1ng tr\u01b0\u1eddng t\u0129nh \u0111i\u1ec7n \u2013 gi\u00fap ph\u00e1 h\u1ee7y l\u1edbp m\u00e0ng c\u1ee9ng v\u00e0 ti\u00eau di\u1ec7t h\u1ebft c\u00e1c vi khu\u1ea9n ngay c\u1ea3 khi ch\u01b0a ti\u1ebfp x\u00fac v\u1edbi b\u1ec1 m\u1eb7t l\u00f5i l\u1ecdc.<\/p>\n<p>M\u00e1y l\u1ecdc n\u01b0\u1edbc \u0111\u1ea7u ngu\u1ed3n Geyser Typhoon 20BB gi\u00fap lo\u1ea1i b\u1ecf clo d\u01b0, m\u00e0u m\u00f9i, kim lo\u1ea1i n\u1eb7ng, ch\u1ea5t ph\u00f3ng x\u1ea1, thu\u1ed1c b\u1ea3o v\u1ec7 th\u1ef1c v\u1eadt v\u00e0 ch\u1ea5t h\u1eefu c\u01a1 c\u00f3 h\u1ea1i trong n\u01b0\u1edbc gi\u00fap ngu\u1ed3n n\u01b0\u1edbc t\u1eafm, n\u01b0\u1edbc sinh ho\u1ea1t lu\u00f4n an to\u00e0n cho s\u1ee9c kh\u1ecfe.<\/p>\n<p>L\u1ecdc di\u1ec7t khu\u1ea9n, vi sinh do t\u00edch h\u1ee3p v\u1eadt li\u1ec7u b\u1ea1c, lo\u1ea1i b\u1ecf c\u00e1c ch\u1ea5t kim lo\u1ea1i n\u1eb7ng, \u0111\u1ed9 c\u1ee9ng, ch\u1ea5t \u0111\u1ed9c h\u1ea1i, tr\u1eeb s\u00e2u\u2026 trong n\u01b0\u1edbc gi\u00fap b\u1ea3o v\u1ec7 da, t\u00f3c, m\u1eaft\u2026 tr\u00e1nh c\u00e1c b\u1ec7nh v\u1ec1 da nh\u01b0 r\u00f4m s\u1ea3y, ng\u1ee9a, m\u1ee5n nh\u1ecdt, l\u1edf lo\u00e9t, d\u1ecb \u1ee9ng, m\u1eaft \u0111\u1ecf\u2026 do n\u01b0\u1edbc nhi\u1ec5m b\u1ea9n.<\/p>\n<p>&nbsp;<\/p>\n<figure id=\"attachment_65939\" aria-describedby=\"caption-attachment-65939\" style=\"width: 800px\" class=\"wp-caption alignnone\"><img loading=\"lazy\" decoding=\"async\" class=\"size-large wp-image-65939\" src=\"https:\/\/livinghome.vn\/thiet-bi\/wp-content\/uploads\/loc-nuoc\/geyser\/may-loc-nuoc-dau-nguon-geyser\/may-loc-nuoc-dau-nguon-geyser-typhoon-20bb\/may-loc-nuoc-dau-nguon-geyser-typhoon-20bb-1-800x800.jpg\" alt=\"M\u00e1y l\u1ecdc n\u01b0\u1edbc \u0111\u1ea7u ngu\u1ed3n Geyser Typhoon 20BB\" width=\"800\" height=\"800\" title=\"\"><figcaption id=\"caption-attachment-65939\" class=\"wp-caption-text\">Thi\u1ebft k\u1ebf M\u00e1y l\u1ecdc n\u01b0\u1edbc \u0111\u1ea7u ngu\u1ed3n Geyser Typhoon 20BB<\/figcaption><\/figure>\n<h4><strong>L\u1ecdc tr\u1ef1c ti\u1ebfp n\u01b0\u1edbc n\u00f3ng l\u1ea1nh v\u00e0 t\u1ef1 \u0111i\u1ec1u ch\u1ec9nh \u0111\u1ed9 \u1ea5m theo th\u1eddi ti\u1ebft<\/strong><\/h4>\n<p>Hi\u1ec7n nay, m\u00e1y l\u1ecdc n\u01b0\u1edbc \u0111\u1ea7u ngu\u1ed3n Geyser Typhoon 20BB l\u00e0 d\u00f2ng s\u1ea3n ph\u1ea9m duy nh\u1ea5t tr\u00ean th\u1ecb tr\u01b0\u1eddng c\u00f3 th\u1ec3 l\u1ecdc tr\u1ef1c ti\u1ebfp n\u01b0\u1edbc n\u00f3ng t\u1edbi 95\u2103. \u0110\u1eb7c bi\u1ec7t l\u00e0 M\u00e1y l\u1ecdc n\u01b0\u1edbc \u0111\u1ea7u ngu\u1ed3n Geyser Typhoon 20BB c\u00f3 kh\u1ea3 n\u0103ng c\u00f3 th\u1ec3 l\u1eafp \u0111\u1eb7t tr\u1ef1c ti\u1ebfp v\u1edbi b\u00ecnh n\u00f3ng l\u1ea1nh s\u1eed d\u1ee5ng ngay kh\u00f4ng c\u1ea7n ch\u1edd \u0111\u1ee3i. V\u00ec v\u1eady, gi\u00fap ti\u1ebft ki\u1ec7m th\u1eddi gian \u0111un n\u1ea5u, \u0111\u1eb7c bi\u1ec7t l\u00e0 v\u1edbi nh\u1eefng gia \u0111\u00ecnh c\u00f3 tr\u1ebb nh\u1ecf.<\/p>\n<h4><strong>Gi\u1ea3i ph\u00e1p ch\u0103m s\u00f3c da t\u1ef1 nhi\u00ean t\u1eeb Vi\u1ec7n Th\u1ea9m m\u1ef9 Y khoa Qu\u1ed1c t\u1ebf!<\/strong><\/h4>\n<p>N\u01b0\u1edbc sau l\u1ecdc c\u1ee7a M\u00e1y l\u1ecdc n\u01b0\u1edbc \u0111\u1ea7u ngu\u1ed3n Geyser Typhoon 20BB \u0111\u01b0\u1ee3c Vi\u1ec7n Th\u1ea9m m\u1ef9 Y khoa Qu\u1ed1c t\u1ebf ch\u1ee9ng nh\u1eadn kh\u1ea3 n\u0103ng ch\u0103m s\u00f3c da v\u01b0\u1ee3t tr\u1ed9i.<\/p>\n<ul>\n<li>Gi\u1eef l\u1ea1i d\u1ea7u, protein c\u1ea7n thi\u1ebft cho da<\/li>\n<li>Duy tr\u00ec \u0111\u1ed9 \u1ea9m, t\u1ea1o \u0111\u1ed9 \u0111\u00e0n h\u1ed3i, c\u00e2n b\u1eb1ng t\u00ednh ki\u1ec1m<\/li>\n<li>Gi\u00fap da c\u0103ng m\u1ecbn, m\u1ec1m m\u1ea1i, s\u00e1ng kh\u1ecfe<\/li>\n<li>Ch\u1ed1ng oxy h\u00f3a, l\u00e0m tr\u1ebb h\u00f3a l\u00e0n da<\/li>\n<li>Lo\u1ea1i b\u1ecf t\u00ecnh tr\u1ea1ng kh\u00f4 da, bong da, suy gi\u1ea3m ch\u1ee9c n\u0103ng da<\/li>\n<\/ul>\n<p>L\u1ecdc \u0111\u1ea7u ngu\u1ed3n gi\u00fap m\u1ecbn da<\/p>\n<p>C\u00f3 th\u1ec3 \u0111\u01b0\u1ee3c s\u1eed d\u1ee5ng cho c\u00e1c spa, th\u1ea9m m\u1ef9 vi\u1ec7n \u0111\u1ec3 l\u00e0m t\u0103ng hi\u1ec7u qu\u1ea3 ch\u0103m s\u00f3c da. C\u00e1c chuy\u00ean gia khuy\u00ean d\u00f9ng n\u01b0\u1edbc sau l\u1ecdc c\u1ee7a M\u00e1y l\u1ecdc n\u01b0\u1edbc \u0111\u1ea7u ngu\u1ed3n Geyser Typhoon 20BB \u00edt nh\u1ea5t 2 l\u1ea7n m\u1ed7i ng\u00e0y \u0111\u1ec3 \u0111\u1ea1t \u0111\u01b0\u1ee3c hi\u1ec7u qu\u1ea3 ch\u0103m s\u00f3c da t\u1ed1t nh\u1ea5t. Ngo\u00e0i ra, c\u00f2n c\u00f3 th\u1ec3 s\u1eed d\u1ee5ng \u0111\u1ec3 h\u1ed7 tr\u1ee3 ph\u1ee5c h\u1ed3i sau th\u1ea9m m\u1ef9.<\/p>\n<h3><strong>\u01afu \u0111i\u1ec3m n\u1ed5i b\u1eadt<\/strong><\/h3>\n<ul>\n<li>M\u00e1y c\u00f3 thi\u1ebft k\u1ebf x\u1ea3 b\u1ea9n \u1edf \u0111\u00e1y gi\u00fap d\u1ec5 d\u00e0ng v\u1ec7 sinh, n\u00e2ng cao tu\u1ed5i th\u1ecd l\u00f5i l\u1ecdc v\u00e0 t\u00e1i s\u1eed d\u1ee5ng nhi\u1ec1u l\u1ea7n.<\/li>\n<li>Kh\u00f4ng d\u00f9ng \u0111i\u1ec7n, kh\u00f4ng n\u01b0\u1edbc th\u1ea3i, an to\u00e0n v\u00e0 ti\u1ebft ki\u1ec7m<\/li>\n<li>Thi\u1ebft k\u1ebf nh\u1ecf g\u1ecdn, l\u1eafp \u0111\u1eb7t \u0111\u01a1n gi\u1ea3n m\u00e0 kh\u00f4ng l\u00e0m \u1ea3nh h\u01b0\u1edfng \u0111\u1ebfn \u0111\u01b0\u1eddng n\u01b0\u1edbc, t\u00ednh th\u1ea9m m\u1ef9 c\u1ee7a ph\u00f2ng t\u1eafm<\/li>\n<li>L\u1eafp \u0111\u1eb7t linh \u0111\u1ed9ng t\u00f9y theo y\u00eau c\u1ea7u c\u1ee7a ng\u01b0\u1eddi s\u1eed d\u1ee5ng. B\u1ea1n c\u00f3 th\u1ec3 \u0111\u1ea5u tr\u01b0\u1edbc khi qua v\u00f2i t\u1eafm hoa sen \u0111\u1ec3 d\u00f9ng cho c\u1ea3 gia \u0111\u00ecnh ho\u1eb7c \u0111\u1ea5u ri\u00eang v\u00f2i ch\u1ec9 \u0111\u1ec3 t\u1eafm cho tr\u1ebb con\u2026.<\/li>\n<\/ul>\n<figure id=\"attachment_65938\" aria-describedby=\"caption-attachment-65938\" style=\"width: 800px\" class=\"wp-caption alignnone\"><img loading=\"lazy\" decoding=\"async\" class=\"size-large wp-image-65938\" src=\"https:\/\/livinghome.vn\/thiet-bi\/wp-content\/uploads\/loc-nuoc\/geyser\/may-loc-nuoc-dau-nguon-geyser\/may-loc-nuoc-dau-nguon-geyser-typhoon-20bb\/may-loc-nuoc-dau-nguon-geyser-typhoon-20bb-3-800x800.jpg\" alt=\"M\u00e1y l\u1ecdc n\u01b0\u1edbc \u0111\u1ea7u ngu\u1ed3n Geyser Typhoon 20BB\" width=\"800\" height=\"800\" title=\"\"><figcaption id=\"caption-attachment-65938\" class=\"wp-caption-text\">M\u00e1y l\u1ecdc n\u01b0\u1edbc \u0111\u1ea7u ngu\u1ed3n Geyser Typhoon 20BB d\u1ec5 d\u00e0ng s\u1ee5c r\u1eeda<\/figcaption><\/figure>\n<ul>\n<li>V\u1ecf m\u00e1y b\u1eb1ng th\u00e9p kh\u00f4ng g\u1ec9 304L cao c\u1ea5p \u0111\u1ea1t ti\u00eau chu\u1ea9n nghi\u00eam ng\u1eb7t GOST c\u1ee7a Nga 03Kh18N11 v\u00e0 \u0111\u01b0\u1ee3c c\u00f4ng nh\u1eadn l\u00e0 v\u1eadt li\u1ec7u th\u00e9p kh\u00f4ng g\u1ec9 s\u1eed d\u1ee5ng r\u1ed9ng r\u00e3i nh\u1ea5t tr\u00ean th\u1ebf gi\u1edbi nh\u1edd kh\u1ea3 n\u0103ng ch\u1ed1ng \u0103n m\u00f2n cao v\u00e0 \u1ed5n \u0111\u1ecbnh nhi\u1ec7t \u0111\u1ed9<\/li>\n<li>C\u00f4ng su\u1ea5t l\u1ecdc cao \u0111\u1ea3m b\u1ea3o l\u01b0u l\u01b0\u1ee3ng n\u01b0\u1edbc \u1ed5n \u0111\u1ecbnh khi t\u1eafm, c\u00f3 th\u1ec3 s\u1eed d\u1ee5ng t\u1eafm cho tr\u1ebb, c\u1ea3 gia \u0111\u00ecnh m\u00e0 kh\u00f4ng c\u1ea7n ch\u1edd \u0111\u1ee3i.<\/li>\n<li>\u0110\u1ed9 b\u1ec1n cao, \u00edt ph\u00e1t sinh b\u1ea3o h\u00e0nh, b\u1ea3o tr\u00ec.<\/li>\n<li>\u0110\u1ea1t c\u00e1c ti\u00eau chu\u1ea9n nghi\u00eam ng\u1eb7t c\u1ee7a Ch\u00e2u \u00c2u, v\u1edbi c\u1ea5u tr\u00fac linh ki\u1ec7n cao c\u1ea5p, an to\u00e0n, th\u00e2n thi\u1ec7n v\u1edbi m\u00f4i tr\u01b0\u1eddng do kh\u00f4ng s\u1eed d\u1ee5ng h\u00f3a ch\u1ea5t \u0111\u1ed9c h\u1ea1i.<\/li>\n<\/ul>\n<h3><strong>Th\u00f4ng s\u1ed1 k\u1ef9 thu\u1eadt<\/strong><\/h3>\n<table>\n<tbody>\n<tr>\n<td>Th\u01b0\u01a1ng hi\u1ec7u<\/td>\n<td>Geyser<\/td>\n<\/tr>\n<tr>\n<td>Model<\/td>\n<td>Geyser Typhoon 20BB<\/td>\n<\/tr>\n<tr>\n<td>C\u00f4ng d\u1ee5ng<\/td>\n<td>L\u1ecdc n\u01b0\u1edbc sinh ho\u1ea1t \u0111\u1ea7u ngu\u1ed3n, l\u1ecdc n\u01b0\u1edbc t\u1eafm, l\u1ecdc n\u01b0\u1edbc \u0103n u\u1ed1ng th\u01b0\u01a1ng m\u1ea1i cho nh\u00e0 h\u00e0ng, kh\u00e1ch s\u1ea1n<\/td>\n<\/tr>\n<tr>\n<td>T\u00ednh n\u0103ng \u0111\u1eb7c bi\u1ec7t<\/td>\n<td>L\u1ecdc tr\u1ef1c ti\u1ebfp n\u01b0\u1edbc n\u00f3ng l\u1ea1nh t\u1edbi 95\u2103, \u0111i\u1ec1u ch\u1ec9nh \u0111\u1ed9 \u1ea5m theo th\u1eddi ti\u1ebft<\/td>\n<\/tr>\n<tr>\n<td>V\u1ecb tr\u00ed l\u1eafp \u0111\u1eb7t<\/td>\n<td>\u0110\u1ea5u tr\u1ef1c ti\u1ebfp ngu\u1ed3n n\u01b0\u1edbc n\u00f3ng l\u1ea1nh\/ ngu\u1ed3n n\u01b0\u1edbc \u0111i ra v\u00f2i ri\u00eang\/ ri\u00eang v\u00f2i t\u1eafm b\u00e9 (t\u00f9y m\u1ee5c \u0111\u00edch)<\/td>\n<\/tr>\n<tr>\n<td>Ngu\u1ed3n n\u01b0\u1edbc \u0111\u1ea7u v\u00e0o<\/td>\n<td>N\u01b0\u1edbc m\u00e1y<\/td>\n<\/tr>\n<tr>\n<td>C\u00f4ng su\u1ea5t<\/td>\n<td>50,000 l\u00edt<\/td>\n<\/tr>\n<tr>\n<td>Tu\u1ed5i th\u1ecd l\u00f5i l\u1ecdc<\/td>\n<td>12 th\u00e1ng (v\u1edbi \u0111i\u1ec1u ki\u1ec7n s\u1eed d\u1ee5ng gia \u0111\u00ecnh &lt;10 ng\u01b0\u1eddi)<\/td>\n<\/tr>\n<tr>\n<td>K\u00edch th\u01b0\u1edbc<\/td>\n<td>(RxCxS) \u0110ang c\u1eadp nh\u1eadt<\/td>\n<\/tr>\n<tr>\n<td>Tr\u1ecdng l\u01b0\u1ee3ng<\/td>\n<td>10 kg<\/td>\n<\/tr>\n<tr>\n<td>S\u1ed1 l\u00f5i l\u1ecdc<\/td>\n<td>1 l\u00f5i<\/td>\n<\/tr>\n<tr>\n<td>C\u00f4ng ngh\u1ec7<\/td>\n<td>Nano t\u1ed5ng h\u1ee3p, Aragon 3in1<\/td>\n<\/tr>\n<tr>\n<td>Ngu\u1ed3n \u0111i\u1ec7n<\/td>\n<td>Kh\u00f4ng<\/td>\n<\/tr>\n<tr>\n<td>N\u01b0\u1edbc th\u1ea3i<\/td>\n<td>Kh\u00f4ng<\/td>\n<\/tr>\n<tr>\n<td>Th\u1eddi gian b\u1ea3o h\u00e0nh<\/td>\n<td>3 n\u0103m<\/td>\n<\/tr>\n<tr>\n<td>Xu\u1ea5t x\u1ee9<\/td>\n<td>Li\u00ean Bang Nga<\/td>\n<\/tr>\n<tr>\n<td>T\u00ednh n\u0103ng<\/td>\n<td>M\u00e1y l\u1ecdc n\u01b0\u1edbc Horeca<\/td>\n<\/tr>\n<\/tbody>\n<\/table>\n<h3><strong>C\u00f4ng ngh\u1ec7<\/strong><\/h3>\n<h4><strong>T\u00edch h\u1ee3p c\u00f4ng ngh\u1ec7 l\u1ecdc 4 in 1 v\u1edbi l\u00f5i l\u1ecdc Aragon 3<\/strong><\/h4>\n<p><strong>M\u00e1y l\u1ecdc n\u01b0\u1edbc \u0111\u1ea7u ngu\u1ed3n Geyser Typhoon 20BB<\/strong> v\u1edbi thi\u1ebft k\u1ebf 1 l\u00f5i l\u1ecdc A ragon 3 k\u00edch c\u1ee1 10inch, t\u00edch h\u1ee3p c\u01a1 ch\u1ebf l\u1ecdc 4 trong 1 cho kh\u1ea3 n\u0103ng l\u1ecdc n\u01b0\u1edbc, c\u00e1c ch\u1ea5t \u00f4 nhi\u1ec5m \u01b0u vi\u1ec7t nh\u1ea5t hi\u1ec7n nay:<\/p>\n<ul>\n<li>L\u1ecdc b\u1eb1ng k\u00edch th\u01b0\u1edbc khe h\u1edf: V\u1edbi c\u1ea5u t\u1ea1o t\u1eeb Polymer c\u00f3 c\u1ea5u tr\u00fac h\u00ecnh c\u1ea7u 3 chi\u1ec1u v\u1edbi k\u00edch th\u01b0\u1edbc khe h\u1edf l\u00e0 1-2 micron c\u00f3 t\u00e1c d\u1ee5ng l\u1ecdc c\u01a1 h\u1ecdc, lo\u1ea1i b\u1ecf c\u00e1c t\u1ea1p ch\u1ea5t l\u01a1 l\u1eedng, r\u1ec9 s\u00e9t, b\u00f9n b\u1ea9n, rong r\u00eau\u2026 c\u00e1c ch\u1ea5t \u00f4 nhi\u1ec5m c\u00f3 k\u00edch th\u01b0\u1edbc l\u1edbn h\u01a1n 1-2 micron<\/li>\n<li>L\u1ecdc h\u1ea5p th\u1ee5: L\u00f5i Aragon 3 t\u00edch h\u1ee3p v\u1eadt li\u1ec7u than c\u1ee7i \u0111\u01b0\u1ee3c \u00e9p \u1edf nhi\u1ec7t \u0111\u1ed9 cao, c\u00f3 t\u00ednh ho\u1ea1t h\u00f3a, h\u1ea5p th\u1ee5 t\u1ed1t h\u01a1n c\u00e1c lo\u1ea1i than th\u00f4ng th\u01b0\u1eddng. V\u1eadt li\u1ec7u than ho\u1ea1t t\u00ednh trong l\u00f5i A ragon 3 c\u00f3 t\u00e1c d\u1ee5ng h\u1ea5p th\u1ee5 m\u00e0u m\u00f9i, c\u00e1c ch\u1ea5t h\u1eefu c\u01a1, kim lo\u1ea1i n\u1eb7ng, kh\u00ed h\u00f3a l\u1ecfng, clo, c\u00e1c ch\u1ea5t \u0111\u1ed9c h\u1ea1i, tr\u1eeb s\u00e2u\u2026.<\/li>\n<li>L\u1ecdc trao \u0111\u1ed5i ion: V\u1edbi c\u01a1 ch\u1ebf l\u1ecdc trao \u0111\u1ed5i ion trong l\u00f5i Aragon 3 c\u00f3 t\u00e1c d\u1ee5ng h\u1ea5p ph\u1ee5 nh\u1eefng ion Ca 2+, Mg2+\u2026. trao \u0111\u1ed5i v\u00e0 l\u00e0m m\u1ec1m n\u01b0\u1edbc, gi\u1ea3m hi\u1ec7n t\u01b0\u1ee3ng \u0111\u00f3ng c\u1eb7n.<\/li>\n<\/ul>\n<figure id=\"attachment_65937\" aria-describedby=\"caption-attachment-65937\" style=\"width: 800px\" class=\"wp-caption alignnone\"><img loading=\"lazy\" decoding=\"async\" class=\"size-large wp-image-65937\" src=\"https:\/\/livinghome.vn\/thiet-bi\/wp-content\/uploads\/loc-nuoc\/geyser\/may-loc-nuoc-dau-nguon-geyser\/may-loc-nuoc-dau-nguon-geyser-typhoon-20bb\/may-loc-nuoc-dau-nguon-geyser-typhoon-20bb-4-800x800.jpg\" alt=\"M\u00e1y l\u1ecdc n\u01b0\u1edbc \u0111\u1ea7u ngu\u1ed3n Geyser Typhoon 20BB\" width=\"800\" height=\"800\" title=\"\"><figcaption id=\"caption-attachment-65937\" class=\"wp-caption-text\">V\u1eadt li\u1ec7u \u0111\u1ed9c quy\u1ec1n aragon<\/figcaption><\/figure>\n<ul>\n<li>L\u1ecdc di\u1ec7t khu\u1ea9n: L\u00f5i Aragon 3 t\u00edch h\u1ee3p v\u1eadt li\u1ec7u B\u1ea1c c\u00f3 t\u00e1c d\u1ee5ng di\u1ec7t khu\u1ea9n \u01b0u vi\u1ec7t. Theo nghi\u00ean c\u1ee9u v\u00e0 c\u00f4ng b\u1ed1 c\u1ee7a h\u00e3ng Geyser Nga th\u00ec v\u1eadt li\u1ec7u B\u1ea1c trong l\u00f5i A ragon 3 kh\u00f4ng h\u1ec1 b\u1ecb h\u00f2a tan, r\u1eeda tr\u00f4i trong su\u1ed1t qu\u00e1 tr\u00ecnh l\u1ecdc, v\u00ec v\u1eady l\u00f5i A ragon 3 c\u00f3 kh\u1ea3 n\u0103ng di\u1ec7t khu\u1ea9n t\u1ed1t trong su\u1ed1t tu\u1ed5i \u0111\u1eddi l\u00f5i l\u1ecdc, k\u1ec3 c\u1ea3 khi l\u00f5i h\u1ebft kh\u1ea3 n\u0103ng h\u1ea5p th\u1ee5, trao \u0111\u1ed5i ion,.. h\u1ebft tu\u1ed5i th\u1ecd th\u00ec kh\u1ea3 n\u0103ng l\u1ecdc di\u1ec7t khu\u1ea9n c\u1ee7a n\u00f3 v\u1eabn kh\u00f4ng thay \u0111\u1ed5i. \u0110\u00e2y l\u00e0 \u0111i\u1ec3m \u0111\u1eb7c bi\u1ec7t n\u1ed5i tr\u1ed9i nh\u1ea5t c\u1ee7a l\u00f5i Aragon so v\u1edbi c\u00e1c l\u00f5i l\u00f5i Silver th\u00f4ng th\u01b0\u1eddng.<\/li>\n<\/ul>\n<h4><strong>Kh\u1ea3 n\u0103ng x\u1eed l\u00fd n\u01b0\u1edbc c\u1ee7a M\u00e1y l\u1ecdc n\u01b0\u1edbc \u0111\u1ea7u ngu\u1ed3n Geyser Typhoon 20BB<\/strong><\/h4>\n<table>\n<tbody>\n<tr>\n<td>C\u00e1c ch\u1ea5t \u00f4 nhi\u1ec5m<\/td>\n<td>T\u1ef7 l\u1ec7 lo\u1ea1i b\u1ecf<\/td>\n<\/tr>\n<tr>\n<td>T\u1ea1p ch\u1ea5t k\u00edch th\u01b0\u1edbc &gt; 2micromet<\/td>\n<td>95%<\/td>\n<\/tr>\n<tr>\n<td>Thu\u1ed1c tr\u1eeb s\u00e2u<\/td>\n<td>95%<\/td>\n<\/tr>\n<tr>\n<td>Clo<\/td>\n<td>100%<\/td>\n<\/tr>\n<tr>\n<td>S\u1eaft<\/td>\n<td>95%<\/td>\n<\/tr>\n<tr>\n<td>Nh\u00f4m<\/td>\n<td>97%<\/td>\n<\/tr>\n<tr>\n<td>M\u00e0u<\/td>\n<td>95%<\/td>\n<\/tr>\n<tr>\n<td>Ch\u00ec, k\u1ebdm, cadimi, cesium, kim lo\u1ea1i n\u1eb7ng kh\u00e1c<\/td>\n<td>95%<\/td>\n<\/tr>\n<tr>\n<td>Kh\u00ed, d\u1ea7u m\u1ecf<\/td>\n<td>90%<\/td>\n<\/tr>\n<tr>\n<td>\u0110\u1ed9 \u0111\u1ee5c<\/td>\n<td>95%<\/td>\n<\/tr>\n<\/tbody>\n<\/table>\n<h4><strong>T\u00edch h\u1ee3p c\u00f4ng ngh\u1ec7 Quasi-softening<\/strong><\/h4>\n<p>Gi\u00fap thay \u0111\u1ed5i c\u1ea5u tr\u00fac canxi th\u00f4ng th\u01b0\u1eddng sang d\u1ea1ng Aragonite thanh m\u1ea3nh h\u01a1n d\u1ec5 d\u00e0ng h\u1ea5p th\u1ee5 v\u00e0o c\u01a1 th\u1ec3. \u0110\u00e2y l\u00e0 c\u1ea5u tr\u00fac c\u1ee7a tinh th\u1ec3 ng\u1ecdc trai r\u1ea5t t\u1ed1t trong qu\u00e1 tr\u00ecnh l\u00e0m \u0111\u1eb9p da. \u0110\u1ed3ng th\u1eddi lo\u1ea1i b\u1ecf t\u00ecnh tr\u1ea1ng b\u00e1m c\u1eb7n cho c\u00e1c thi\u1ebft b\u1ecb nh\u00e0 t\u1eafm.<\/p>\n<h3><strong>L\u1eafp \u0111\u1eb7t<\/strong><\/h3>\n<figure id=\"attachment_65936\" aria-describedby=\"caption-attachment-65936\" style=\"width: 1020px\" class=\"wp-caption alignnone\"><img loading=\"lazy\" decoding=\"async\" class=\"size-large wp-image-65936\" src=\"https:\/\/livinghome.vn\/thiet-bi\/wp-content\/uploads\/loc-nuoc\/geyser\/may-loc-nuoc-dau-nguon-geyser\/may-loc-nuoc-dau-nguon-geyser-typhoon-20bb\/may-loc-nuoc-dau-nguon-geyser-typhoon-20bb-5-1067x800.jpg\" alt=\"M\u00e1y l\u1ecdc n\u01b0\u1edbc \u0111\u1ea7u ngu\u1ed3n Geyser Typhoon 20BB\" width=\"1020\" height=\"765\" title=\"\"><figcaption id=\"caption-attachment-65936\" class=\"wp-caption-text\">H\u01b0\u1edbng d\u1eabn l\u1eafp \u0111\u1eb7t M\u00e1y l\u1ecdc n\u01b0\u1edbc \u0111\u1ea7u ngu\u1ed3n Geyser Typhoon 20BB<\/figcaption><\/figure>\n<ul>\n<li>\u0110\u1ea5u tr\u1ef1c ti\u1ebfp ngu\u1ed3n n\u01b0\u1edbc n\u00f3ng l\u1ea1nh<\/li>\n<\/ul>\n<ul>\n<li>\u0110\u1ea5u v\u00e0o ngu\u1ed3n n\u01b0\u1edbc \u0111i ra v\u00f2i ri\u00eang<\/li>\n<li>\u0110\u1ea5u ri\u00eang v\u00f2i t\u1eafm b\u00e9 (t\u00f9y m\u1ee5c \u0111\u00edch)<\/li>\n<\/ul>\n<p>L\u1eafp \u0111\u1eb7t trong nh\u00e0 t\u1eafm, treo t\u01b0\u1eddng, \u0111\u1ec3 s\u00e0n. Thi\u1ebft k\u1ebf nh\u1ecf g\u1ecdn, ph\u00f9 h\u1ee3p th\u1ea9m m\u1ef9 kh\u00f4ng gian nh\u00e0 t\u1eafm.<\/p>\n<figure id=\"attachment_65941\" aria-describedby=\"caption-attachment-65941\" style=\"width: 1020px\" class=\"wp-caption alignnone\"><img loading=\"lazy\" decoding=\"async\" class=\"size-large wp-image-65941\" src=\"https:\/\/livinghome.vn\/thiet-bi\/wp-content\/uploads\/loc-nuoc\/geyser\/may-loc-nuoc-dau-nguon-geyser\/may-loc-nuoc-dau-nguon-geyser-typhoon-20bb\/may-loc-nuoc-dau-nguon-geyser-typhoon-20bb-6-1067x800.jpg\" alt=\"M\u00e1y l\u1ecdc n\u01b0\u1edbc \u0111\u1ea7u ngu\u1ed3n Geyser Typhoon 20BB\" width=\"1020\" height=\"765\" title=\"\"><figcaption id=\"caption-attachment-65941\" class=\"wp-caption-text\">M\u00e1y l\u1ecdc n\u01b0\u1edbc \u0111\u1ea7u ngu\u1ed3n Geyser Typhoon 20BB v\u1edbi thi\u1ebft k\u1ebf nh\u1ecf g\u1ecdn d\u1ec5 d\u00e0ng l\u1eafp \u0111\u1eb7t<\/figcaption><\/figure>\n","protected":false},"excerpt":{"rendered":"<p style=\"text-align: left;\"><strong>M\u00e1y l\u1ecdc n\u01b0\u1edbc \u0111\u1ea7u ngu\u1ed3n Geyser Typhoon 20BB<\/strong> l\u00e0 s\u1ea3n ph\u1ea9m thu\u1ed9c t\u1eadp \u0111o\u00e0n Geyser Li\u00ean Bang Nga. S\u1ea3n ph\u1ea9m \u0111\u01b0\u1ee3c s\u1eed d\u1ee5ng l\u1ecdc n\u01b0\u1edbc n\u00f3ng l\u1ea1nh \u0111\u1ec3 t\u1eafm, n\u01b0\u1edbc sinh ho\u1ea1t \u0111\u1ea7u ngu\u1ed3n, n\u01b0\u1edbc pha ch\u1ebf \u0111\u1ed3 u\u1ed1ng kh\u00e1ch s\u1ea1n,\u2026<\/p>\n<ul>\n<li style=\"text-align: left;\">Lo\u1ea1i b\u1ecf m\u00e0u m\u00f9i, clo, ch\u1ea5t \u0111\u1ed9c h\u1ea1i v\u00e0 c\u00e1c t\u00e1c nh\u00e2n g\u00e2y ung th\u01b0<\/li>\n<li style=\"text-align: left;\">N\u01b0\u1edbc sau l\u1ecdc \u0111\u01b0\u1ee3c ch\u1ee9ng nh\u1eadn kh\u1ea3 n\u0103ng ch\u0103m s\u00f3c da<\/li>\n<li style=\"text-align: left;\">L\u1ecdc n\u01b0\u1edbc n\u00f3ng t\u1edbi 95\u2103<\/li>\n<li style=\"text-align: left;\">T\u1ef1 \u0111i\u1ec1u ch\u1ec9nh \u0111\u1ed9 \u1ea5m theo th\u1eddi ti\u1ebft<\/li>\n<\/ul>\n","protected":false},"featured_media":3630,"comment_status":"open","ping_status":"closed","template":"","meta":[],"product_brand":[],"product_cat":[399,412,413],"product_tag":[417,427,423],"class_list":{"0":"post-3574","1":"product","2":"type-product","3":"status-publish","4":"has-post-thumbnail","6":"product_cat-may-loc-nuoc","7":"product_cat-may-loc-nuoc-geyser","8":"product_cat-thuong-hieu-geyser","9":"product_tag-geyser","10":"product_tag-may-loc-nuoc-dau-nguon","11":"product_tag-may-loc-nuoc-geyser","13":"first","14":"instock","15":"shipping-taxable","16":"purchasable","17":"product-type-simple"},"_links":{"self":[{"href":"https:\/\/livinghome.vn\/thiet-bi\/wp-json\/wp\/v2\/product\/3574","targetHints":{"allow":["GET"]}}],"collection":[{"href":"https:\/\/livinghome.vn\/thiet-bi\/wp-json\/wp\/v2\/product"}],"about":[{"href":"https:\/\/livinghome.vn\/thiet-bi\/wp-json\/wp\/v2\/types\/product"}],"replies":[{"embeddable":true,"href":"https:\/\/livinghome.vn\/thiet-bi\/wp-json\/wp\/v2\/comments?post=3574"}],"wp:featuredmedia":[{"embeddable":true,"href":"https:\/\/livinghome.vn\/thiet-bi\/wp-json\/wp\/v2\/media\/3630"}],"wp:attachment":[{"href":"https:\/\/livinghome.vn\/thiet-bi\/wp-json\/wp\/v2\/media?parent=3574"}],"wp:term":[{"taxonomy":"product_brand","embeddable":true,"href":"https:\/\/livinghome.vn\/thiet-bi\/wp-json\/wp\/v2\/product_brand?post=3574"},{"taxonomy":"product_cat","embeddable":true,"href":"https:\/\/livinghome.vn\/thiet-bi\/wp-json\/wp\/v2\/product_cat?post=3574"},{"taxonomy":"product_tag","embeddable":true,"href":"https:\/\/livinghome.vn\/thiet-bi\/wp-json\/wp\/v2\/product_tag?post=3574"}],"curies":[{"name":"wp","href":"https:\/\/api.w.org\/{rel}","templated":true}]}}