{"id":3570,"date":"2023-01-12T18:16:05","date_gmt":"2023-01-12T18:16:05","guid":{"rendered":"https:\/\/livinghome.vn\/thiet-bi\/?post_type=product&#038;p=3570"},"modified":"2024-11-29T14:20:18","modified_gmt":"2024-11-29T07:20:18","slug":"bo-3-loi-loc-nuoc-geyser-vuoxa-a-nhap-khau-tu-chau-au","status":"publish","type":"product","link":"https:\/\/livinghome.vn\/thiet-bi\/bo-3-loi-loc-nuoc-geyser-vuoxa-a-nhap-khau-tu-chau-au\/","title":{"rendered":"B\u1ed9 3 l\u00f5i l\u1ecdc n\u01b0\u1edbc Geyser Vuoxa A nh\u1eadp kh\u1ea9u t\u1eeb ch\u00e2u \u00c2u"},"content":{"rendered":"<h2><strong>S\u1ea3n ph\u1ea9m B\u1ed9 3 l\u00f5i l\u1ecdc n\u01b0\u1edbc Geyser Vuoxa A nh\u1eadp kh\u1ea9u ch\u00e2u \u00c2u d\u00e0nh cho b\u1ed9 ti\u1ec1n x\u1eed l\u00fd m\u00e1y ion ki\u1ec1m \u0111i\u1ec7n gi\u1ea3i<\/strong><\/h2>\n<p>B\u1ed9 3 l\u00f5i l\u1ecdc n\u01b0\u1edbc Geyser Vuoxa A nh\u1eadp kh\u1ea9u nguy\u00ean chi\u1ebfc Geyser LB Nga v\u1edbi nh\u1eefng t\u00ednh n\u0103ng v\u00f4 c\u00f9ng \u0111\u1eb7c bi\u1ec7t:<\/p>\n<h3><strong>C\u00f4ng ngh\u1ec7 ch\u1ed1ng b\u00e1m c\u1eb7n \u0111i\u1ec7n c\u1ef1c<\/strong><\/h3>\n<p><strong>B\u1ed9 3 l\u00f5i l\u1ecdc n\u01b0\u1edbc Geyser Vuoxa A <\/strong>cho m\u00e1y l\u1ecdc n\u01b0\u1edbc ion ki\u1ec1m \u0111i\u1ec7n gi\u1ea3i \u0111\u01b0\u1ee3c t\u1eadp \u0111o\u00e0n Geyser h\u00e0ng \u0111\u1ea7u c\u1ee7a Nga nghi\u00ean c\u1ee9u v\u00e0 s\u1ea3n xu\u1ea5t. S\u1ea3n ph\u1ea9m s\u1eed d\u1ee5ng cho m\u00e1y l\u1ecdc n\u01b0\u1edbc ion ki\u1ec1m \u0111i\u1ec7n gi\u1ea3i n\u00e0y \u0111\u01b0\u1ee3c t\u00edch h\u1ee3p c\u00f4ng ngh\u1ec7 Quasi-Softening. \u0110\u00e2y l\u00e0 c\u00f4ng ngh\u1ec7 \u0111\u1ec9nh cao \u0111\u01b0\u1ee3c c\u1ea5p b\u1eb1ng Patent s\u1ed1: 2286953.<\/p>\n<figure id=\"attachment_65890\" aria-describedby=\"caption-attachment-65890\" style=\"width: 1020px\" class=\"wp-caption alignnone\"><img loading=\"lazy\" decoding=\"async\" class=\"wp-image-65890 size-large\" src=\"https:\/\/livinghome.vn\/thiet-bi\/wp-content\/uploads\/loc-nuoc\/geyser\/bo-3-loi-loc-nuoc-geyser\/bo-3-loi-loc-nuoc-geyser-vuoxa-a\/bo-3-loi-loc-nuoc-geyser-vuoxa-a-2-1068x800.jpg\" alt=\"B\u1ed9 3 l\u00f5i l\u1ecdc n\u01b0\u1edbc Geyser Vuoxa A nh\u1eadp kh\u1ea9u t\u1eeb ch\u00e2u \u00c2u\" width=\"1020\" height=\"764\" title=\"\"><figcaption id=\"caption-attachment-65890\" class=\"wp-caption-text\">C\u00f4ng ngh\u1ec7 Quasi-Softening chuy\u1ec3n \u0111\u1ed5i c\u1ea5u tr\u00fac canxi trong n\u01b0\u1edbc t\u1eeb d\u1ea1ng Calcit sang d\u1ea1ng Aragonite<\/figcaption><\/figure>\n<p>\u0110\u1ed1i t\u00e1c c\u1ee7a Geyser t\u1ea1i Nh\u1eadt B\u1ea3n \u0111\u00e3 ki\u1ec3m ch\u1ee9ng kh\u1ea3 n\u0103ng ch\u1ed1ng b\u00e1m c\u1eb7n c\u1ee7a s\u1ea3n ph\u1ea9m n\u00e0y qua m\u1ed9t ki\u1ec3m tra \u0111\u1ed9c l\u1eadp.\u00a0 K\u1ebft qu\u1ea3 cu\u1ed9c ki\u1ec3m tra cho th\u1ea5y n\u01b0\u1edbc sau khi s\u1eed d\u1ee5ng B\u1ed9 3 l\u00f5i l\u1ecdc n\u01b0\u1edbc Geyser Vuoxa A\u00a0 c\u00f3 <a href=\"https:\/\/vi.wikipedia.org\/wiki\/N%C6%B0%E1%BB%9Bc_c%E1%BB%A9ng#Ch%E1%BB%89_s%E1%BB%91_b%C3%A3o_h%C3%B2a_Langelier\" rel=\"nofollow noopener\" target=\"_blank\">ch\u1ec9 s\u1ed1 LI<\/a>\u00a0th\u1ea5p. Ch\u1ec9 s\u1ed1 n\u00e0y ch\u1ee9ng minh s\u1ea3n ph\u1ea9m gi\u00fap ch\u1ed1ng b\u00e1m c\u1eb7n v\u01b0\u1ee3t tr\u1ed9i h\u01a1n h\u1eb3n so v\u1edbi c\u00e1c c\u00f4ng ngh\u1ec7 l\u1ecdc kh\u00e1c nh\u01b0 m\u00e0ng s\u1ee3i r\u1ed7ng hay c\u00f4ng ngh\u1ec7 UF.<\/p>\n<figure id=\"attachment_65895\" aria-describedby=\"caption-attachment-65895\" style=\"width: 1020px\" class=\"wp-caption alignnone\"><img loading=\"lazy\" decoding=\"async\" class=\"wp-image-65895 size-large\" src=\"https:\/\/livinghome.vn\/thiet-bi\/wp-content\/uploads\/loc-nuoc\/geyser\/bo-3-loi-loc-nuoc-geyser\/bo-3-loi-loc-nuoc-geyser-vuoxa-a\/bo-3-loi-loc-nuoc-geyser-vuoxa-a-1-1096x800.jpg\" alt=\"B\u1ed9 3 l\u00f5i l\u1ecdc n\u01b0\u1edbc Geyser Vuoxa A nh\u1eadp kh\u1ea9u t\u1eeb ch\u00e2u \u00c2u\" width=\"1020\" height=\"745\" title=\"\"><figcaption id=\"caption-attachment-65895\" class=\"wp-caption-text\">Ch\u1ec9 s\u1ed1 LI sau B\u1ed9 3 l\u00f5i l\u1ecdc n\u01b0\u1edbc Geyser Vuoxa A th\u1ea5p v\u01b0\u1ee3t tr\u1ed9i so v\u1edbi n\u01b0\u1edbc kh\u00f4ng l\u1ecdc (Blank) v\u00e0 n\u01b0\u1edbc l\u1ecdc b\u1eb1ng ph\u01b0\u01a1ng ph\u00e1p kh\u00e1c (UF)<\/figcaption><\/figure>\n<p>R\u1ea5t nhi\u1ec1u m\u00e1y l\u1ecdc n\u01b0\u1edbc ion ki\u1ec1m hi\u1ec7n nay ch\u01b0a l\u1ef1a ch\u1ecdn \u0111\u01b0\u1ee3c b\u1ed9 ti\u1ec1n l\u1ecdc l\u00fd t\u01b0\u1edfng n\u00ean xu\u1ea5t hi\u1ec7n hi\u1ec7n t\u01b0\u1ee3ng b\u00e1m c\u1eb7n \u0111i\u1ec7n c\u1ef1c m\u00e1y ion ki\u1ec1m trong qu\u00e1 tr\u00ecnh s\u1eed d\u1ee5ng g\u00e2y \u1ea3nh h\u01b0\u1edfng t\u1edbi tu\u1ed5i th\u1ecd m\u00e1y l\u1ecdc n\u01b0\u1edbc c\u0169ng nh\u01b0 ch\u1ea5t l\u01b0\u1ee3ng ngu\u1ed3n n\u01b0\u1edbc.<\/p>\n<p>K\u1ebft qu\u1ea3 nghi\u00ean c\u1ee9u cho th\u1ea5y ch\u1ec9 s\u1ed1 LI trong n\u01b0\u1edbc sau b\u1ed9 l\u1ecdc Geyser th\u1ea5p v\u01b0\u1ee3t tr\u1ed9i so v\u1edbi c\u00e1c ph\u01b0\u01a1ng ph\u00e1p l\u1ecdc kh\u00e1c trong khi kho\u00e1ng ch\u1ea5t (Canxi, Magie, \u0111\u1ed9 c\u1ee9ng) trong n\u01b0\u1edbc g\u1ea7n nh\u01b0 kh\u00f4ng thay \u0111\u1ed5i, \u0111\u00e2y ch\u00ednh l\u00e0 \u0111\u1eb7c \u0111i\u1ec3m m\u00e0 kh\u00f4ng c\u00f3 c\u00f4ng ngh\u1ec7 n\u00e0o kh\u00e1c ngo\u00e0i Geyser c\u00f3 th\u1ec3 l\u00e0m \u0111\u01b0\u1ee3c.<\/p>\n<figure id=\"attachment_65891\" aria-describedby=\"caption-attachment-65891\" style=\"width: 1020px\" class=\"wp-caption alignnone\"><img loading=\"lazy\" decoding=\"async\" class=\"size-large wp-image-65891\" src=\"https:\/\/livinghome.vn\/thiet-bi\/wp-content\/uploads\/loc-nuoc\/geyser\/bo-3-loi-loc-nuoc-geyser\/bo-3-loi-loc-nuoc-geyser-vuoxa-a\/bo-3-loi-loc-nuoc-geyser-vuoxa-a-5-1069x800.jpg\" alt=\"B\u1ed9 3 l\u00f5i l\u1ecdc n\u01b0\u1edbc Geyser Vuoxa A nh\u1eadp kh\u1ea9u t\u1eeb ch\u00e2u \u00c2u\" width=\"1020\" height=\"763\" title=\"\"><figcaption id=\"caption-attachment-65891\" class=\"wp-caption-text\">B\u1ed9 3 l\u00f5i l\u1ecdc n\u01b0\u1edbc Geyser Vuoxa A c\u00f3 ch\u1ec9 s\u1ed1 LI th\u1ea5p nh\u01b0ng v\u1eabn gi\u1eef nguy\u00ean kho\u00e1ng ch\u1ea5t<\/figcaption><\/figure>\n<h3><strong>C\u00f4ng ngh\u1ec7 nano t\u1ed5ng h\u1ee3p 4 in 1<\/strong><\/h3>\n<p>S\u1ea3n ph\u1ea9m <strong>B\u1ed9 3 l\u00f5i l\u1ecdc n\u01b0\u1edbc Geyser Vuoxa A\u00a0<\/strong>cho m\u00e1y l\u1ecdc n\u01b0\u1edbc ion ki\u1ec1m \u0111i\u1ec7n gi\u1ea3i \u0111\u01b0\u1ee3c t\u00edch h\u1ee3p c\u00f4ng ngh\u1ec7 t\u1ed5ng h\u1ee3p nano 4 in 1. \u0110\u00e2y l\u00e0 c\u00f4ng ngh\u1ec7 l\u1ecdc t\u1ed5ng h\u1ee3p \u0111\u1ed9c quy\u1ec1n c\u1ee7a t\u1eadp \u0111o\u00e0n Geyser, mang l\u1ea1i kh\u1ea3 n\u0103ng x\u1eed l\u00fd v\u01b0\u1ee3t tr\u1ed9i c\u1ee7a cho ngu\u1ed3n n\u01b0\u1edbc \u0111\u1ea1t chu\u1ea9n t\u1ea1i t\u1ed1c \u0111\u1ed9 t\u1eeb 2-5 l\u00edt\/ ph\u00fat nh\u01b0ng v\u1eabn gi\u1eef l\u1ea1i kho\u00e1ng ch\u1ea5t t\u1ef1 nhi\u00ean \u2013 Ph\u00f9 h\u1ee3p t\u1ed1i \u0111a v\u1edbi ngu\u1ed3n n\u01b0\u1edbc \u0111\u1ea7u v\u00e0o c\u1ee7a m\u00e1y l\u1ecdc n\u01b0\u1edbc ion ki\u1ec1m<\/p>\n<p>B\u00ean c\u1ea1nh \u0111\u00f3 gi\u00fap mang l\u1ea1i ngu\u1ed3n n\u01b0\u1edbc s\u1ea1ch \u0111\u1ea1t chu\u1ea9n, ch\u1ed1ng b\u00e1m c\u1eb7n \u0111i\u1ec7n c\u1ef1c, k\u00e9o d\u00e0i v\u00e0 \u1ed5n \u0111\u1ecbnh ch\u1ea5t l\u01b0\u1ee3ng c\u1ee7a m\u00e1y l\u1ecdc n\u01b0\u1edbc ion ki\u1ec1m \u0111i\u1ec7n gi\u1ea3i.<\/p>\n<p>C\u00f4ng ngh\u1ec7 l\u1ecdc nano t\u1ed5ng h\u1ee3p 4 in 1 c\u1ee7a b\u1ed9 ti\u1ec1n x\u1eed l\u00fd cho m\u00e1y l\u1ecdc n\u01b0\u1edbc ho\u1ea1t \u0111\u1ed9ng theo 4 c\u01a1 ch\u1ebf:<\/p>\n<ul>\n<li>C\u01a1 ch\u1ebf l\u1ecdc khe h\u1edf: Cho ph\u00e9p l\u1ecdc s\u1ea1ch v\u00e0 lo\u1ea1i b\u1ecf ho\u00e0n to\u00e0n c\u00e1c t\u1ea1p ch\u1ea5t c\u00f3 k\u00edch th\u01b0\u1edbc t\u1eeb 0,4 micro met<\/li>\n<li>C\u01a1 ch\u1ebf l\u1ecdc h\u1ea5p ph\u1ee5: Gi\u00fap l\u00e0m s\u1ea1ch v\u00e0 lo\u1ea1i th\u1ea3i m\u00f9i h\u00f4i, m\u00e0u, clo, h\u1eefu c\u01a1, THMs,\u2026. \u0110\u1ed3ng th\u1eddi lo\u1ea1i b\u1ecf hi\u1ec7u qu\u1ea3 h\u01a1n 99% d\u01b0 l\u01b0\u1ee3ng thu\u1ed1c b\u1ea3o v\u1ec7 th\u1ef1c v\u1eadt<\/li>\n<\/ul>\n<figure id=\"attachment_65893\" aria-describedby=\"caption-attachment-65893\" style=\"width: 1020px\" class=\"wp-caption alignnone\"><img loading=\"lazy\" decoding=\"async\" class=\"size-large wp-image-65893\" src=\"https:\/\/livinghome.vn\/thiet-bi\/wp-content\/uploads\/loc-nuoc\/geyser\/bo-3-loi-loc-nuoc-geyser\/bo-3-loi-loc-nuoc-geyser-vuoxa-a\/bo-3-loi-loc-nuoc-geyser-vuoxa-a-4-1069x800.jpg\" alt=\"B\u1ed9 3 l\u00f5i l\u1ecdc n\u01b0\u1edbc Geyser Vuoxa A nh\u1eadp kh\u1ea9u t\u1eeb ch\u00e2u \u00c2u\" width=\"1020\" height=\"763\" title=\"\"><figcaption id=\"caption-attachment-65893\" class=\"wp-caption-text\">Kh\u1ea3 n\u0103ng lo\u1ea1i b\u1ecf thu\u1ed1c tr\u1eeb s\u00e2u c\u1ee7a B\u1ed9 3 l\u00f5i l\u1ecdc n\u01b0\u1edbc Geyser Vuoxa A \u0111\u1ea1t hi\u1ec7u qu\u1ea3 cao<\/figcaption><\/figure>\n<p>&nbsp;<\/p>\n<ul>\n<li>C\u01a1 ch\u1ebf trao \u0111\u1ed5i ion: C\u00f3 vai tr\u00f2 quan tr\u1ecdng trong vi\u1ec7c lo\u1ea1i b\u1ecf ch\u1ea5t ph\u00f3ng x\u1ea1 v\u00e0 c\u00e1c kim lo\u1ea1i n\u1eb7ng c\u00f3 trong n\u01b0\u1edbc<\/li>\n<li>C\u01a1 ch\u1ebf di\u1ec7t khu\u1ea9n b\u1eb1ng tr\u01b0\u1eddng t\u0129nh \u0111i\u1ec7n: Ti\u00eau di\u1ec7t 100% c\u00e1c lo\u1ea1i virus, vi khu\u1ea9n ngay c\u1ea3 khi ch\u00fang ho\u00e0n to\u00e0n ch\u01b0a ti\u1ebfp x\u00fac v\u1edbi b\u1ec1 m\u1eb7t v\u1eadt li\u1ec7u l\u1ecdc<\/li>\n<\/ul>\n<figure id=\"attachment_65892\" aria-describedby=\"caption-attachment-65892\" style=\"width: 1020px\" class=\"wp-caption alignnone\"><img loading=\"lazy\" decoding=\"async\" class=\"size-large wp-image-65892\" src=\"https:\/\/livinghome.vn\/thiet-bi\/wp-content\/uploads\/loc-nuoc\/geyser\/bo-3-loi-loc-nuoc-geyser\/bo-3-loi-loc-nuoc-geyser-vuoxa-a\/bo-3-loi-loc-nuoc-geyser-vuoxa-a-3-1068x800.jpg\" alt=\"B\u1ed9 3 l\u00f5i l\u1ecdc n\u01b0\u1edbc Geyser Vuoxa A nh\u1eadp kh\u1ea9u t\u1eeb ch\u00e2u \u00c2u\" width=\"1020\" height=\"764\" title=\"\"><figcaption id=\"caption-attachment-65892\" class=\"wp-caption-text\">Kh\u1ea3 n\u0103ng ti\u00eau di\u1ec7t c\u00e1c lo\u1ea1i Virus \u0111\u00e3 \u0111\u01b0\u1ee3c ki\u1ec3m ch\u1ee9ng t\u1ea1i Ph\u00e1p, Nga, Italia<\/figcaption><\/figure>\n<h3><strong>C\u00f4ng ngh\u1ec7 trao \u0111\u1ed5i ion<\/strong><\/h3>\n<p>N\u01b0\u1edbc l\u00e0 ch\u1ea5t \u0111i\u1ec7n li y\u1ebfu. Mu\u1ed1n qu\u00e1 tr\u00ecnh \u0111i\u1ec7n ph\u00e2n \u0111\u01b0\u1ee3c di\u1ec5n ra d\u1ec5 d\u00e0ng th\u00ec vi\u1ec7c t\u0103ng c\u01b0\u1eddng \u0111i\u1ec7n li n\u01b0\u1edbc v\u00f4 c\u00f9ng quan tr\u1ecdng v\u00e0 quy\u1ebft \u0111\u1ecbnh t\u1edbi qu\u00e1 tr\u00ecnh \u0111i\u1ec7n ph\u00e2n n\u01b0\u1edbc.<\/p>\n<p><strong>B\u1ed9 3 l\u00f5i l\u1ecdc n\u01b0\u1edbc Geyser Vuoxa A <\/strong>s\u1eed d\u1ee5ng c\u00f4ng ngh\u1ec7 trao \u0111\u1ed5i ion c\u00f3 kh\u1ea3 n\u0103ng t\u0103ng c\u01b0\u1eddng kh\u1ea3 n\u0103ng \u0111\u1ed9 d\u1eabn \u0111i\u1ec7n \u0111i\u1ec7n c\u1ee7a n\u01b0\u1edbc t\u1eeb 10% \u2013 30% so v\u1edbi nh\u1eefng b\u1ed9 ti\u1ec1n x\u1eed l\u00fd th\u00f4ng th\u01b0\u1eddng. \u0110i\u1ec1u n\u00e0y gi\u00fap qu\u00e1 tr\u00ecnh \u0111i\u1ec7n ph\u00e2n \u0111\u01b0\u1ee3c di\u1ec5n ra d\u1ec5 d\u00e0ng h\u01a1n, \u0111i\u1ec1u n\u00e0y \u0111\u1eb7c bi\u1ec7t quan tr\u1ecdng v\u1edbi c\u00e1c ngu\u1ed3n n\u01b0\u1edbc m\u1eb7t, n\u01b0\u1edbc c\u00f3 ch\u1ec9 s\u1ed1 TDS th\u1ea5p nh\u01b0 n\u01b0\u1edbc s\u00f4ng, h\u1ed3,\u2026 \u0111\u00e3 qua x\u1eed l\u00fd.<\/p>\n<p>Nh\u1edd nh\u1eefng c\u00f4ng ngh\u1ec7 \u0111\u1eb7c bi\u1ec7t n\u00e0y, Geyser Vuoxa hi\u1ec7n nay \u0111\u01b0\u1ee3c coi l\u00e0 b\u1ed9 ti\u1ec1n x\u1eed l\u00fd chuy\u00ean d\u1ee5ng t\u1ed1t nh\u1ea5t d\u00e0nh cho m\u00e1y l\u1ecdc n\u01b0\u1edbc ion ki\u1ec1m \u0111i\u1ec7n gi\u1ea3i, v\u01b0\u1ee3t tr\u1ed9i so v\u1edbi c\u00e1c c\u00f4ng ngh\u1ec7 th\u00f4ng th\u01b0\u1eddng:<\/p>\n<ul>\n<li>Cho ngu\u1ed3n n\u01b0\u1edbc \u0103n u\u1ed1ng \u0111\u1ea1t chu\u1ea9n<\/li>\n<li><strong>Ch\u1ed1ng b\u00e1m c\u1eb7n b\u1ea3o v\u1ec7 \u0111i\u1ec7n c\u1ef1c \u2013 Ch\u1ec9 c\u00f3 t\u1ea1i Geyser Vuoxa A<\/strong><\/li>\n<li>T\u0103ng c\u01b0\u1eddng \u0111i\u1ec7n li<\/li>\n<\/ul>\n<p>H\u00e3y thay l\u00f5i l\u1ecdc n\u01b0\u1edbc Geyser Vuoxa A \u0111\u1ecbnh k\u1ef3 \u0111\u1ec3 \u0111\u1ea3m b\u1ea3o ch\u1ea5t l\u01b0\u1ee3ng m\u00e1y ion ki\u1ec1m \u0111i\u1ec7n gi\u1ea3i!<\/p>\n<figure id=\"attachment_65894\" aria-describedby=\"caption-attachment-65894\" style=\"width: 800px\" class=\"wp-caption alignnone\"><img loading=\"lazy\" decoding=\"async\" class=\"size-large wp-image-65894\" src=\"https:\/\/livinghome.vn\/thiet-bi\/wp-content\/uploads\/loc-nuoc\/geyser\/bo-3-loi-loc-nuoc-geyser\/bo-3-loi-loc-nuoc-geyser-vuoxa-a\/bo-3-loi-loc-nuoc-geyser-vuoxa-a-6-800x800.jpg\" alt=\"B\u1ed9 3 l\u00f5i l\u1ecdc n\u01b0\u1edbc Geyser Vuoxa A nh\u1eadp kh\u1ea9u t\u1eeb ch\u00e2u \u00c2u\" width=\"800\" height=\"800\" title=\"\"><figcaption id=\"caption-attachment-65894\" class=\"wp-caption-text\">Thay l\u00f5i B\u1ed9 3 l\u00f5i l\u1ecdc n\u01b0\u1edbc Geyser Vuoxa A<\/figcaption><\/figure>\n<h3><strong>Th\u00f4ng s\u1ed1 k\u1ef9 thu\u1eadt<\/strong><\/h3>\n<table>\n<tbody>\n<tr>\n<td>Th\u1eddi gian b\u1ea3o h\u00e0nh<\/td>\n<td>36 th\u00e1ng<\/td>\n<\/tr>\n<tr>\n<td>Th\u01b0\u01a1ng hi\u1ec7u<\/td>\n<td>Geyser<\/td>\n<\/tr>\n<tr>\n<td>S\u1ed1 l\u00f5i l\u1ecdc<\/td>\n<td>3 l\u00f5i<\/td>\n<\/tr>\n<tr>\n<td>T\u00ednh n\u0103ng \u0111\u1eb7c bi\u1ec7t<\/td>\n<td>C\u00f4ng ngh\u1ec7 l\u00f5i l\u1ecdc li\u00ean ho\u00e0n, thay th\u1ebf cho Vuoxa A<\/td>\n<\/tr>\n<tr>\n<td>Xu\u1ea5t x\u1ee9<\/td>\n<td>Li\u00ean Bang Nga<\/td>\n<\/tr>\n<tr>\n<td>Ch\u1ee9c n\u0103ng<\/td>\n<td>L\u00f5i l\u1ecdc n\u01b0\u1edbc<\/td>\n<\/tr>\n<\/tbody>\n<\/table>\n","protected":false},"excerpt":{"rendered":"<p style=\"text-align: left;\">B\u1ed9 3 l\u00f5i l\u1ecdc n\u01b0\u1edbc Geyser Vuoxa A t\u00edch h\u1ee3p c\u00f4ng ngh\u1ec7 nano\u00a0 t\u1ed5ng h\u1ee3p, c\u00f4ng ngh\u1ec7 ch\u1ed1ng b\u00e1m c\u1eb7n \u0111i\u1ec7n c\u1ef1c mang l\u1ea1i l\u1ee3i \u00edch v\u01b0\u1ee3t tr\u1ed9i cho m\u00e1y l\u1ecdc n\u01b0\u1edbc ion ki\u1ec1m.<\/p>\n<p style=\"text-align: left;\">Geyser Vuoxa A \u2013 B\u1ed9 ti\u1ec1n l\u1ecdc n\u01b0\u1edbc cho m\u00e1y ion ki\u1ec1m \u0111i\u1ec7n gi\u1ea3i s\u1ed1 1 th\u1ebf gi\u1edbi<\/p>\n","protected":false},"featured_media":3610,"comment_status":"open","ping_status":"closed","template":"","meta":[],"product_brand":[],"product_cat":[399,412,413],"product_tag":[418,417,419,420,404],"class_list":{"0":"post-3570","1":"product","2":"type-product","3":"status-publish","4":"has-post-thumbnail","6":"product_cat-may-loc-nuoc","7":"product_cat-may-loc-nuoc-geyser","8":"product_cat-thuong-hieu-geyser","9":"product_tag-bo-3-loi-loc-nuoc","10":"product_tag-geyser","11":"product_tag-loi-loc-nuoc","12":"product_tag-loi-loc-nuoc-geyser","13":"product_tag-may-loc-nuoc","15":"first","16":"instock","17":"shipping-taxable","18":"purchasable","19":"product-type-simple"},"_links":{"self":[{"href":"https:\/\/livinghome.vn\/thiet-bi\/wp-json\/wp\/v2\/product\/3570","targetHints":{"allow":["GET"]}}],"collection":[{"href":"https:\/\/livinghome.vn\/thiet-bi\/wp-json\/wp\/v2\/product"}],"about":[{"href":"https:\/\/livinghome.vn\/thiet-bi\/wp-json\/wp\/v2\/types\/product"}],"replies":[{"embeddable":true,"href":"https:\/\/livinghome.vn\/thiet-bi\/wp-json\/wp\/v2\/comments?post=3570"}],"wp:featuredmedia":[{"embeddable":true,"href":"https:\/\/livinghome.vn\/thiet-bi\/wp-json\/wp\/v2\/media\/3610"}],"wp:attachment":[{"href":"https:\/\/livinghome.vn\/thiet-bi\/wp-json\/wp\/v2\/media?parent=3570"}],"wp:term":[{"taxonomy":"product_brand","embeddable":true,"href":"https:\/\/livinghome.vn\/thiet-bi\/wp-json\/wp\/v2\/product_brand?post=3570"},{"taxonomy":"product_cat","embeddable":true,"href":"https:\/\/livinghome.vn\/thiet-bi\/wp-json\/wp\/v2\/product_cat?post=3570"},{"taxonomy":"product_tag","embeddable":true,"href":"https:\/\/livinghome.vn\/thiet-bi\/wp-json\/wp\/v2\/product_tag?post=3570"}],"curies":[{"name":"wp","href":"https:\/\/api.w.org\/{rel}","templated":true}]}}