{"id":357,"date":"2023-01-12T10:07:06","date_gmt":"2023-01-12T10:07:06","guid":{"rendered":"https:\/\/livinghome.vn\/thiet-bi\/?post_type=product&#038;p=357"},"modified":"2024-11-29T14:21:05","modified_gmt":"2024-11-29T07:21:05","slug":"lo-nuong-dmestik-es-615dmk-60-lit-6-che-do-nuong","status":"publish","type":"product","link":"https:\/\/livinghome.vn\/thiet-bi\/lo-nuong-dmestik-es-615dmk-60-lit-6-che-do-nuong\/","title":{"rendered":"L\u00f2 n\u01b0\u1edbng Dmestik ES-615DMK 60 l\u00edt 6 ch\u1ebf \u0111\u1ed9 n\u01b0\u1edbng"},"content":{"rendered":"<h2>M\u1eabu L\u00f2 n\u01b0\u1edbng Dmestik ES-615DMK ch\u00ednh h\u00e3ng mang \u0111\u1ebfn cho b\u1ea1n \u0111i\u1ec1u g\u00ec?<strong><br \/>\n<\/strong><\/h2>\n<p>V\u1edbi dung t\u00edch 60 l\u00edt, 6 ch\u1ebf \u0111\u1ed9 n\u01b0\u1edbng \u0111\u01b0\u1ee3c thi\u1ebft k\u1ebf sang tr\u1ecdng, ki\u1ec3u d\u00e1ng hi\u1ec7n \u0111\u1ea1i v\u1edbi ch\u1ea5t li\u1ec7u th\u00e9p kh\u00f4ng g\u1ec9 v\u00e0 k\u00ednh \u0111en, khoang l\u00f2 r\u1ed9ng r\u00e3i c\u00f3 dung t\u00edch 60L cho ph\u00e9p b\u1ea1n n\u1ea5u n\u01b0\u1edbng tho\u1ea3i m\u00e1i nh\u1ea5t gi\u00fap ng\u01b0\u1eddi d\u00f9ng theo d\u00f5i qu\u00e1 tr\u00ecnh n\u1ea5u n\u01b0\u1edbng tr\u1ef1c quan, \u0111i\u1ec1u ch\u1ec9nh nhanh ch\u00f3ng khi c\u1ea7n thi\u1ebft<\/p>\n<h2>\u0110\u1eb7c t\u00ednh c\u1ee7a s\u1ea3n ph\u1ea9m n\u00e0y<\/h2>\n<ul>\n<li>Ph\u00e2n lo\u1ea1i :<a href=\"https:\/\/livinghome.vn\/thiet-bi\/lo-nuong-am\/\"> L\u00f2 n\u01b0\u1edbng<\/a> Dmestik ES-615DMK<\/li>\n<li>Ch\u1ea5t li\u1ec7u: Th\u00e9p kh\u00f4ng r\u1ec9 v\u00e0 k\u00ednh \u0111en<\/li>\n<li>6 ch\u1ebf \u0111\u1ed9 n\u01b0\u1edbng<\/li>\n<li>H\u1ec7 th\u1ed1ng \u0111i\u1ec1u khi\u1ec3n b\u1eb1ng tay<\/li>\n<li>M\u00e0n h\u00ecnh hi\u1ec3n th\u1ecb: LCD<\/li>\n<li>H\u1ec7 th\u1ed1ng l\u00e0m m\u00e1t m\u00e1y khi \u0111\u00e3 n\u01b0\u1edbng xong<\/li>\n<li>Trong v\u00e0 ngo\u00e0i c\u00f3 \u0111\u00e8n hi\u1ec3n th\u1ecb b\u00e1o ch\u00edn<\/li>\n<li>\u0110\u00e8n chi\u1ebfu s\u00e1ng, \u0110\u1ed1i l\u01b0u<\/li>\n<li>Ch\u1ee9c n\u0103ng Aqua Smart<\/li>\n<li>Ch\u1ee9c n\u0103ng r\u00e3 \u0111\u00f4ng<\/li>\n<li>Ch\u1ee9c n\u0103ng h\u1eb9n gi\u1edd n\u01b0\u1edbng<\/li>\n<li>Xu\u1ea5t x\u1ee9: T\u00e2y Ban Nha<\/li>\n<\/ul>\n<h2>C\u00e1c ch\u1ebf \u0111\u1ed9 n\u01b0\u1edbng nh\u01b0 sau<\/h2>\n<ul>\n<li>Ch\u1ebf \u0111\u1ed9 \u0111\u1ed1i l\u01b0u (n\u1ea5u truy\u1ec1n th\u1ed1ng nhi\u1ec7t t\u1eeb tr\u00ean v\u00e0 d\u01b0\u1edbi)<\/li>\n<li>Ch\u1ebf \u0111\u1ed9 b\u00e1n \u0111\u1ed1i l\u01b0u c\u00f3 qu\u1ea1t gi\u00f3 h\u1ed7 tr\u1ee3<\/li>\n<li>\u1edbng kh\u00f4 th\u1ef1c ph\u1ea9m<\/li>\n<li>N\u01b0\u1edbng t\u1ed1i \u0111a (n\u01b0\u1edbng kh\u00f4 v\u00e0 quay)<\/li>\n<li>N\u01b0\u1edbng nhanh \u0111\u1ec3 th\u1ef1c ph\u1ea9m c\u00f2n n\u01b0\u1edbc<\/li>\n<li>N\u01b0\u1edbng \u0111\u1ed1i l\u01b0u c\u00f3 qu\u1ea1t h\u1ed7 tr\u1ee3 (l\u00e0m n\u00f3ng \u0111\u1ed1i l\u01b0u tr\u00ean v\u00e0 d\u01b0\u1edbi)<\/li>\n<\/ul>\n<h2>Th\u00f4ng s\u1ed1 k\u1ef9 thu\u1eadt<\/h2>\n<ul>\n<li>K\u00edch th\u01b0\u1edbc l\u00f2: S 580 * R 600 * C 600<\/li>\n<li>Dung t\u00edch: 60L<\/li>\n<li>T\u1ed5ng c\u00f4ng su\u1ea5t t\u1ed1i \u0111a 2.67kW<\/li>\n<li>Big n\u01b0\u1edbng \u0111i\u1ec7n: 2600W<\/li>\n<li>\u0110i\u1ec7n n\u01b0\u1edbng nh\u1ecf: 1400W<\/li>\n<li>\u0110i\u1ec7n kh\u00e1ng Hearth: 1000W<\/li>\n<li>Nhi\u1ec7t \u0111\u1ed9 th\u1ea5p: 50\u00b0C<\/li>\n<li>Nhi\u1ec7t \u0111\u1ed9 t\u1ed1i \u0111a Turbo-hornear: 250\u00b0C<\/li>\n<li>Xu\u1ea5t x\u1ee9: CNA Group T\u00e2y Ban Nha<\/li>\n<li>B\u1ea3o h\u00e0nh ch\u00ednh h\u00e3ng: 3 n\u0103m<\/li>\n<\/ul>\n<figure id=\"attachment_60553\" aria-describedby=\"caption-attachment-60553\" style=\"width: 800px\" class=\"wp-caption aligncenter\"><img loading=\"lazy\" decoding=\"async\" class=\"size-large wp-image-60553\" src=\"https:\/\/livinghome.vn\/thiet-bi\/wp-content\/uploads\/nha-bep\/dmestik\/lo-nuong\/lo-nuong-dmestik-es-615-dmk\/lo-nuong-dmestik-es-615-dmk-2-800x800.jpg\" alt=\"L\u00f2 n\u01b0\u1edbng Dmestik ES-615DMK 60 l\u00edt 6 ch\u1ebf \u0111\u1ed9 n\u01b0\u1edbng\" width=\"800\" height=\"800\" title=\"\"><figcaption id=\"caption-attachment-60553\" class=\"wp-caption-text\">L\u00f2 n\u01b0\u1edbng Dmestik ES-615DMK 60 l\u00edt 6 ch\u1ebf \u0111\u1ed9 n\u01b0\u1edbng<\/figcaption><\/figure>\n","protected":false},"excerpt":{"rendered":"<p style=\"text-align: center;\">K\u00edch th\u01b0\u1edbc l\u00f2: S 580 * R 600 * C 600<\/p>\n<p style=\"text-align: center;\">Dung t\u00edch: 60L<\/p>\n<p style=\"text-align: center;\">T\u1ed5ng c\u00f4ng su\u1ea5t t\u1ed1i \u0111a 2.67kW<\/p>\n<p style=\"text-align: center;\">Ch\u1ea5t li\u1ec7u: Th\u00e9p kh\u00f4ng r\u1ec9 v\u00e0 k\u00ednh \u0111en<\/p>\n<p style=\"text-align: center;\">6 ch\u1ebf \u0111\u1ed9 n\u01b0\u1edbng<\/p>\n<p style=\"text-align: center;\">Xu\u1ea5t x\u1ee9: T\u00e2y Ban Nha<\/p>\n<p style=\"text-align: center;\">\n","protected":false},"featured_media":409,"comment_status":"open","ping_status":"closed","template":"","meta":[],"product_brand":[],"product_cat":[95,72],"product_tag":[74,96,97],"class_list":{"0":"post-357","1":"product","2":"type-product","3":"status-publish","4":"has-post-thumbnail","6":"product_cat-lo-nuong","7":"product_cat-thuong-hieu-dmestik","8":"product_tag-dmestik","9":"product_tag-lo-nuong","10":"product_tag-lo-nuong-dmestik","12":"first","13":"instock","14":"sale","15":"shipping-taxable","16":"purchasable","17":"product-type-simple"},"_links":{"self":[{"href":"https:\/\/livinghome.vn\/thiet-bi\/wp-json\/wp\/v2\/product\/357","targetHints":{"allow":["GET"]}}],"collection":[{"href":"https:\/\/livinghome.vn\/thiet-bi\/wp-json\/wp\/v2\/product"}],"about":[{"href":"https:\/\/livinghome.vn\/thiet-bi\/wp-json\/wp\/v2\/types\/product"}],"replies":[{"embeddable":true,"href":"https:\/\/livinghome.vn\/thiet-bi\/wp-json\/wp\/v2\/comments?post=357"}],"wp:featuredmedia":[{"embeddable":true,"href":"https:\/\/livinghome.vn\/thiet-bi\/wp-json\/wp\/v2\/media\/409"}],"wp:attachment":[{"href":"https:\/\/livinghome.vn\/thiet-bi\/wp-json\/wp\/v2\/media?parent=357"}],"wp:term":[{"taxonomy":"product_brand","embeddable":true,"href":"https:\/\/livinghome.vn\/thiet-bi\/wp-json\/wp\/v2\/product_brand?post=357"},{"taxonomy":"product_cat","embeddable":true,"href":"https:\/\/livinghome.vn\/thiet-bi\/wp-json\/wp\/v2\/product_cat?post=357"},{"taxonomy":"product_tag","embeddable":true,"href":"https:\/\/livinghome.vn\/thiet-bi\/wp-json\/wp\/v2\/product_tag?post=357"}],"curies":[{"name":"wp","href":"https:\/\/api.w.org\/{rel}","templated":true}]}}